{"id":5399,"date":"2024-07-25T15:20:02","date_gmt":"2024-07-25T18:20:02","guid":{"rendered":"https:\/\/www.ufsm.br\/cursos\/pos-graduacao\/santa-maria\/ppgd\/?page_id=5399"},"modified":"2024-07-25T15:20:03","modified_gmt":"2024-07-25T18:20:03","slug":"litigancia-estrategica-em-direito-migratorio-a-experiencia-de-atuacao-do-migraidh-ufsm","status":"publish","type":"page","link":"https:\/\/www.ufsm.br\/cursos\/pos-graduacao\/santa-maria\/ppgd\/litigancia-estrategica-em-direito-migratorio-a-experiencia-de-atuacao-do-migraidh-ufsm","title":{"rendered":"LITIG\u00c2NCIA ESTRAT\u00c9GICA EM DIREITO MIGRAT\u00d3RIO: A EXPERI\u00caNCIA DE ATUA\u00c7\u00c3O DO MIGRAIDH\/UFSM"},"content":{"rendered":"\n<p style=\"text-align: center\">Caroline Loureiro da Silva &#8211; <a href=\"mailto:dracarolineloureiro.adv@gmail.com\">dracarolineloureiro.adv@gmail.com<\/a><\/p>\n<p style=\"text-align: center\">ORIENTADORA: Giuliana Redin<\/p>\n<p>\u00a0<\/p>\n<p>A presente pesquisa objetivou elaborar sobre as potencialidades da litig\u00e2ncia estrat\u00e9gica como instrumento de promo\u00e7\u00e3o de uma pol\u00edtica de Estado em Direitos Humanos na governan\u00e7a migrat\u00f3ria no Brasil tendo por base a atua\u00e7\u00e3o do MIGRAIDH &#8211; C\u00e1tedra S\u00e9rgio Vieira de Melo &#8211; da UFSM. Por meio da pesquisa que, metodologicamente, adotou a teoria de base p\u00f3s-estruturalista e a abordagem Anal\u00e9tica de Enrique Dussel, foi poss\u00edvel intuir que, embora haja um discurso dominante de progressividade no avan\u00e7o do reconhecimento e normatiza\u00e7\u00e3o de direitos em virtude do reconhecimento legislativo, as viola\u00e7\u00f5es sistem\u00e1ticas verificadas na atualidade colocam em evid\u00eancia as limita\u00e7\u00f5es do modelo de pensamento adotado pelos Estados-Na\u00e7\u00f5es.<\/p>\n<p>\u00a0Nesse sentido, a viv\u00eancia migrat\u00f3ria despontou como um exemplo da incapacidade dos Direitos Humanos em proteger Humanos, pois, ao evidenciar uma ordem que condiciona a prote\u00e7\u00e3o ao enquadramento do sujeito como cidad\u00e3o e os vincula a nacionalidade, demonstra que n\u00e3o existe Humano sem o Estado-Na\u00e7\u00e3o e nem vida fora do Direito. Vivencia-se, deste modo, o estabelecimento de uma racionalidade que imp\u00f5e o conhecimento do Outro por meio do Eu e condiciona a exist\u00eancia desse Outro \u00e0s compreens\u00f5es e regras tra\u00e7adas a partir de um horizonte de sujei\u00e7\u00e3o e totaliza\u00e7\u00e3o.<\/p>\n<p>A litig\u00e2ncia estrat\u00e9gica, nesse contexto, tem seu papel enquanto ferramenta que busca implementar mudan\u00e7as estruturais e coloca-nos nesse espa\u00e7o de possibilidade de reflex\u00e3o e liberta\u00e7\u00e3o das amarras dessa racionalidade dominante. Por sua vez, a atua\u00e7\u00e3o do MIGRAIDH enquanto espa\u00e7o de reconhecimento e autonomia do OUTRO no contexto da migra\u00e7\u00e3o, trouxe amostras de aplicabilidade pr\u00e1tica da ferramenta nesse contexto emancipador. Como resultado obteve-se que a litig\u00e2ncia estrat\u00e9gica apresenta t\u00e3o mais potencial de verdadeira transforma\u00e7\u00e3o social quanto se aproxima de uma postura cr\u00edtica e dial\u00f3gica que busca a autonomia do Outro.<\/p>\n","protected":false},"excerpt":{"rendered":"<p>Caroline Loureiro da Silva &#8211; dracarolineloureiro.adv@gmail.com ORIENTADORA: Giuliana Redin \u00a0 A presente pesquisa objetivou elaborar sobre as potencialidades da litig\u00e2ncia estrat\u00e9gica como instrumento de promo\u00e7\u00e3o de uma pol\u00edtica de Estado em Direitos Humanos na governan\u00e7a migrat\u00f3ria no Brasil tendo por base a atua\u00e7\u00e3o do MIGRAIDH &#8211; C\u00e1tedra S\u00e9rgio Vieira de Melo &#8211; da UFSM. Por [&hellip;]<\/p>\n","protected":false},"author":536,"featured_media":0,"parent":0,"menu_order":0,"comment_status":"closed","ping_status":"closed","template":"","meta":{"footnotes":""},"categories":[],"tags":[],"class_list":["post-5399","page","type-page","status-publish","hentry"],"acf":[],"_links":{"self":[{"href":"https:\/\/www.ufsm.br\/cursos\/pos-graduacao\/santa-maria\/ppgd\/wp-json\/wp\/v2\/pages\/5399","targetHints":{"allow":["GET"]}}],"collection":[{"href":"https:\/\/www.ufsm.br\/cursos\/pos-graduacao\/santa-maria\/ppgd\/wp-json\/wp\/v2\/pages"}],"about":[{"href":"https:\/\/www.ufsm.br\/cursos\/pos-graduacao\/santa-maria\/ppgd\/wp-json\/wp\/v2\/types\/page"}],"author":[{"embeddable":true,"href":"https:\/\/www.ufsm.br\/cursos\/pos-graduacao\/santa-maria\/ppgd\/wp-json\/wp\/v2\/users\/536"}],"replies":[{"embeddable":true,"href":"https:\/\/www.ufsm.br\/cursos\/pos-graduacao\/santa-maria\/ppgd\/wp-json\/wp\/v2\/comments?post=5399"}],"version-history":[{"count":0,"href":"https:\/\/www.ufsm.br\/cursos\/pos-graduacao\/santa-maria\/ppgd\/wp-json\/wp\/v2\/pages\/5399\/revisions"}],"wp:attachment":[{"href":"https:\/\/www.ufsm.br\/cursos\/pos-graduacao\/santa-maria\/ppgd\/wp-json\/wp\/v2\/media?parent=5399"}],"wp:term":[{"taxonomy":"category","embeddable":true,"href":"https:\/\/www.ufsm.br\/cursos\/pos-graduacao\/santa-maria\/ppgd\/wp-json\/wp\/v2\/categories?post=5399"},{"taxonomy":"post_tag","embeddable":true,"href":"https:\/\/www.ufsm.br\/cursos\/pos-graduacao\/santa-maria\/ppgd\/wp-json\/wp\/v2\/tags?post=5399"}],"curies":[{"name":"wp","href":"https:\/\/api.w.org\/{rel}","templated":true}]}}