{"id":5409,"date":"2024-07-26T15:41:02","date_gmt":"2024-07-26T18:41:02","guid":{"rendered":"https:\/\/www.ufsm.br\/cursos\/pos-graduacao\/santa-maria\/ppgd\/?page_id=5409"},"modified":"2024-10-31T08:02:12","modified_gmt":"2024-10-31T11:02:12","slug":"visibilidade-do-programa","status":"publish","type":"page","link":"https:\/\/www.ufsm.br\/cursos\/pos-graduacao\/santa-maria\/ppgd\/visibilidade-do-programa","title":{"rendered":"Visibilidade do Programa"},"content":{"rendered":"\n<table style=\"border-collapse: collapse;border-style: solid;border-color: #0d0101\">\n<tbody>\n<tr>\n<td style=\"border-style: solid;border-color: #1f0202;background-color: #9cb8f0\" colspan=\"2\">\n<h1 style=\"text-align: justify\">\u00a0 \u00a0 \u00a0 \u00a0<img decoding=\"async\" class=\"wp-image-5436 size-thumbnail alignleft\" src=\"https:\/\/www.ufsm.br\/app\/uploads\/sites\/563\/2024\/08\/PPGD-Fundo-Transparente-150x150.png\" alt=\"\" width=\"150\" height=\"150\" srcset=\"https:\/\/www.ufsm.br\/app\/uploads\/sites\/563\/2024\/08\/PPGD-Fundo-Transparente-150x150.png 150w, https:\/\/www.ufsm.br\/app\/uploads\/sites\/563\/2024\/08\/PPGD-Fundo-Transparente-300x300.png 300w, https:\/\/www.ufsm.br\/app\/uploads\/sites\/563\/2024\/08\/PPGD-Fundo-Transparente.png 500w\" sizes=\"(max-width: 150px) 100vw, 150px\" \/>\u00a0 \u00a0 \u00a0 \u00a0 \u00a0 \u00a0 \u00a0 \u00a0 \u00a0 \u00a0 \u00a0 \u00a0 \u00a0 \u00a0 \u00a0 \u00a0 \u00a0<\/h1>\n<h1 style=\"text-align: justify\">Visibilidade do PPG em Direito<\/h1>\n<p style=\"text-align: justify\">\u00a0<\/p>\n<\/td>\n<\/tr>\n<tr>\n<td style=\"border-style: solid;border-color: #1f0202\" colspan=\"2\">\n<p style=\"text-align: justify\">\u00a0 \u00a0Desde a sua cria\u00e7\u00e3o o Programa tem trabalhado na amplia\u00e7\u00e3o de sua visibilidade. Pode-se destacar a crescente demanda pelo programa evidenciada na expressiva rela\u00e7\u00e3o candidato-vaga em todos os processos de sele\u00e7\u00e3o. Outro exemplo que demonstra a ades\u00e3o da comunidade ao trabalho desenvolvido no PPGD\/UFSM \u00e9 a participa\u00e7\u00e3o significativa de p\u00fablico externo aos eventos realizados pelo programa.<\/p>\n<h4 style=\"text-align: justify\">\u00a0 \u00a0 \u00a0 Fazem parte desse conjunto de estrat\u00e9gias de promo\u00e7\u00e3o da visibilidade do PPGD:<\/h4>\n<ul>\n<li style=\"text-align: justify\">1) atualiza\u00e7\u00e3o constante do website do Programa na internet com todas as informa\u00e7\u00f5es do curso;<\/li>\n<li style=\"text-align: justify\">2) r\u00e1dio e TV da UFSM;<\/li>\n<li style=\"text-align: justify\">3) presen\u00e7a constante nas principais redes sociais;<\/li>\n<li style=\"text-align: justify\">4) blogs e sites dos grupos de pesquisa com atua\u00e7\u00e3o no PPGD<\/li>\n<li style=\"text-align: justify\">5) grupo de whatsapp para divulgar oportunidades acad\u00eamicas e cient\u00edficas aos docentes, discentes e egressos do programa;<\/li>\n<li style=\"text-align: justify\">6) duas revistas cient\u00edficas, uma delas avaliada no estrato Qualis A1 da Capes;<\/li>\n<li style=\"text-align: justify\">7) Conectando saberes: se\u00e7\u00e3o de divulga\u00e7\u00e3o em linguagem acess\u00edvel ao p\u00fablico externo do resultado das disserta\u00e7\u00f5es.\u00a0\u00a0<\/li>\n<\/ul>\n<\/td>\n<\/tr>\n<tr>\n<td style=\"border-style: solid;border-color: #120202;background-color: #faf7f7\">\n<p>\u00a0 \u00a0<\/p>\n<p style=\"text-align: center\"><strong>SITE DO PROGRAMA<\/strong><\/p>\n<\/td>\n<td style=\"border-style: solid;border-color: #120202;background-color: #faf7f7\">\n<p style=\"text-align: justify\">Desde a cria\u00e7\u00e3o do Programa\u00a0 em 2013 o site foi o principal instrumento de divulga\u00e7\u00e3o de todas as atividades desenvolvidas no curso. Constantemente o site foi recebendo melhorias, mas nos \u00faltimos dois anos ocorreram ajustes mais profundos. Em 2018 foi remodelada toda a identidade visual do programa visando padronizar as estrat\u00e9gias de comunica\u00e7\u00e3o dentro e fora da UFSM, o que impactou na forma de disposi\u00e7\u00e3o das informa\u00e7\u00f5es no site. No ano de 2019 foram realizados novos ajustes no site para garantir a sua plena acessibilidade e a tradu\u00e7\u00e3o autom\u00e1tica de todo o conte\u00fado para outros idiomas.<\/p>\n<p style=\"text-align: justify\">O site do Programa tamb\u00e9m se encontra em constante atualiza\u00e7\u00e3o e est\u00e1 dispon\u00edvel em ingl\u00eas e espanhol, franc\u00eas e italiano, fornecendo informa\u00e7\u00f5es detalhadas sobre a proposta do curso, objetivos, sele\u00e7\u00e3o, eventos, docentes, dentre outras informa\u00e7\u00f5es (site: <a href=\"http:\/\/ppgd.ufsm.br\">http:\/\/ppgd.ufsm.br<\/a>). O site tamb\u00e9m conta com a ferramenta VLIBRAS, que possibilita a tradu\u00e7\u00e3o dos conte\u00fados digitais (textos, \u00e1udios e v\u00eddeos) para a Linguagem Brasileira de Sinais (LIBRAS) e o torna acess\u00edvel para pessoas surdas.<\/p>\n<p style=\"text-align: justify\">Destaca-se tamb\u00e9m que o site do Programa possui um espa\u00e7o para publica\u00e7\u00f5es de not\u00edcias relativas a abertura de editais, eventos gerais, eventos espec\u00edficos organizados pelos grupos de pesquisa e diversas outras informa\u00e7\u00f5es que s\u00e3o constantemente atualizadas conforme as demandas.<\/p>\n<p style=\"text-align: justify\">Outro fator que merece destaque, \u00e9 \u00e1rea destinada a sanar as d\u00favidas frequentes, sendo este local extremamente completo, constando informa\u00e7\u00f5es gerais do PPGD, esclarecimentos de quest\u00f5es sobre o ingresso no Programa, sobre o in\u00edcio das atividades, sobre a perman\u00eancia no Programa e sobre as solicita\u00e7\u00f5es impostas pelo Programa. Ressalta-se que as d\u00favidas s\u00e3o esclarecidas de forma t\u00e9cnica e sens\u00edvel, atentando-se em orientar o aluno de forma informativa, mas tamb\u00e9m estrat\u00e9gica, como por exemplo, aconselhando-o no sentido de evitar que este venha a ficar sobrecarregado de conte\u00fado por ter se matriculado em muitas cadeiras, ver:<\/p>\n<p style=\"text-align: justify\">Com rela\u00e7\u00e3o ao conte\u00fado do site, cumpre destacar que todas as informa\u00e7\u00f5es \u00fateis e necess\u00e1rias ao p\u00fablico interno e externo est\u00e3o presentes, tudo organizado a partir de um menu na parte superior e outros recursos na p\u00e1gina principal.<\/p>\n<p style=\"text-align: justify\">\u00a0No Menu superior podemos encontrar as seguintes informa\u00e7\u00f5es que foram organizadas por submenus tem\u00e1ticos:<\/p>\n<p style=\"text-align: justify\">Estrutura do PPGD: curr\u00edculo, discentes, docentes, hor\u00e1rios, calend\u00e1rio de defesas e grupos de pesquisa<\/p>\n<p style=\"text-align: justify\">Ensino, pesquisa e extens\u00e3o: apresenta\u00e7\u00e3o e objetivos do Programa, docentes por linhas de pesquisa, \u00e1rea de concentra\u00e7\u00e3o e linhas de pesquisa, grupos de pesquisa (link para site de cada grupo e descri\u00e7\u00e3o), ementas das disciplinas, Projetos de pesquisa \/ extens\u00e3o, disserta\u00e7\u00f5es, C\u00e1tedra S\u00e9rgio Vieira de Mello<\/p>\n<p>Inser\u00e7\u00e3o social: Conectando saberes, acompanhamento de egressos, conv\u00eanios, PPGD na m\u00eddia.<\/p>\n<p style=\"text-align: justify\">Documentos: d\u00favidas frequentes, Regulamento do PPGD, formul\u00e1rios \/ solicita\u00e7\u00f5es \/ documentos, ficha catalogr\u00e1fica para disserta\u00e7\u00e3o, Guia acad\u00eamico da UFSM, Guia do calouro<\/p>\n<p style=\"text-align: justify\">Publica\u00e7\u00f5es docentes e discentes: artigos publicados em peri\u00f3dicos, livros de docentes, livros de egressos<\/p>\n<p style=\"text-align: justify\">Revistas e publica\u00e7\u00f5es do PPGD: Revista Eletr\u00f4nica do Curso de Direito da UFSM (Qualis A1), Revista Direitos Emergentes na Sociedade Global, Anais do Congresso Internacional de Direito e Contemporaneidade<\/p>\n<p style=\"text-align: justify\">Informa\u00e7\u00f5es adicionais: cr\u00e9ditos, doc\u00eancia orientada, membros do colegiado, membros da comiss\u00e3o de bolsas, crit\u00e9rios de sele\u00e7\u00e3o e manuten\u00e7\u00e3o das bolsas<\/p>\n<p>Processo seletivo: informa\u00e7\u00f5es e editais, membros da comiss\u00e3o de sele\u00e7\u00e3o<\/p>\n<\/td>\n<\/tr>\n<tr>\n<td style=\"border-style: solid;border-color: #120202;background-color: #f0f4f7\">\n<p style=\"text-align: center\">\u00a0<strong>R\u00c1DIO E TV DA UFSM<\/strong><\/p>\n<\/td>\n<td style=\"border-style: solid;border-color: #120202;background-color: #f0f4f7\">\n<p style=\"text-align: justify\">Quanto aos ve\u00edculos de comunica\u00e7\u00e3o (m\u00eddia), a UFSM possui TV Universidade e R\u00e1dio Universidade, ambos com penetra\u00e7\u00e3o densa junto \u00e0 comunidade regional. Nos seus mais variados programas, s\u00e3o divulgadas as atividades do Mestrado, sendo que em alguns momentos h\u00e1 a participa\u00e7\u00e3o dos professores emitindo opini\u00f5es sobre a atualidade.<\/p>\n<p style=\"text-align: justify\">Temos tamb\u00e9m a cobertura de m\u00eddia atrav\u00e9s da Assessoria de Comunica\u00e7\u00e3o do Centro de Ci\u00eancias Sociais e Humanas\u00a0 CCSH, e pela Assessoria de Comunica\u00e7\u00e3o Social da Universidade, vinculado \u00e0 Reitoria. Ambos os \u00f3rg\u00e3os divulgam as realiza\u00e7\u00f5es e not\u00edcias referentes ao Programa em n\u00edvel estadual e regional, bem como tem a participa\u00e7\u00e3o diversas dos docentes em programas dos dois ve\u00edculos citados.<\/p>\n<p style=\"text-align: justify\">Um exemplo dessa parceria institucional com o PPGD, pode ser visualizada na forma como a TV Campus d\u00e1 destaque a eventos e projetos realizados pelo Programa desde a sua cria\u00e7\u00e3o, conforme rela\u00e7\u00e3o de v\u00eddeos disponibilizados no seguinte link: <a href=\"https:\/\/www.ufsm.br\/cursos\/pos-graduacao\/santa-maria\/ppgd\/ppgd-na-midia\/\">https:\/\/www.ufsm.br\/cursos\/pos-graduacao\/santa-maria\/ppgd\/ppgd-na-midia\/<\/a><\/p>\n<\/td>\n<\/tr>\n<tr>\n<td style=\"border-style: solid;border-color: #0d0101;background-color: #f7f5f5\">\n<p style=\"text-align: center\">\u00a0<strong>REDES SOCIAIS: Facebook, Instagram, Twitter\u00a0 e Youtube<\/strong><\/p>\n<\/td>\n<td style=\"border-style: solid;border-color: #0d0101;background-color: #f7f5f5\">\n<p style=\"text-align: justify\">O curso possui uma p\u00e1gina no Facebook a qual garante um espa\u00e7o de comunica\u00e7\u00e3o \u00e1gil e que potencializa a divulga\u00e7\u00e3o e a visibilidade do que \u00e9 produzido no PPGD. (<a href=\"https:\/\/www.facebook.com\/ppgd.ufsm\">https:\/\/www.facebook.com\/ppgd.ufsm<\/a>)<\/p>\n<p style=\"text-align: justify\">Tanto o site quanto a p\u00e1gina no Facebook disponibilizam \u00e0 comunidade acad\u00eamica e as interessados uma s\u00e9rie de informa\u00e7\u00f5es, como Estrutura do Curso (\u00c1rea de concentra\u00e7\u00e3o, Linhas de Pesquisa, docentes, discentes, grupos de pesquisa), Estrutura Curricular, Processo Seletivo, Conv\u00eanio, Publica\u00e7\u00f5es e not\u00edcias sobre os eventos realizados pelo Programa, eventos nacionais e internacionais, editais dos \u00f3rg\u00e3os de fomento e informa\u00e7\u00f5es em geral de interesse dos discentes, acesso eletr\u00f4nico \u00e0 CAPES, CNPq, a Revista Direitos Emergentes na Sociedade Global (REDESG) e a Revista Eletr\u00f4nica do Curso de Direito (Qualis A1). Registra-se ainda que o PPGD utiliza ainda o site do Curso de Direito (cuja repercuss\u00e3o se d\u00e1 n\u00e3o s\u00f3 aos 600 alunos do Direito\/UFSM, mas atinge tamb\u00e9m os diversos cursos jur\u00eddicos dessa regi\u00e3o do Estado) e o site da Universidade\/UFSM (repercute em toda a comunidade acad\u00eamica, 5 campi tendo em torno de 30.000 alunos) para informar \u00e0 comunidade acad\u00eamica suas atividades.<\/p>\n<p style=\"text-align: justify\">Ainda no que se refere \u00e0 divulga\u00e7\u00e3o em \u00e2mbito virtual, o PPGD\/UFSM exp\u00f5e em suas redes sociais no Facebook (<a href=\"https:\/\/www.facebook.com\/ppgd.ufsm\/\">https:\/\/www.facebook.com\/ppgd.ufsm\/<\/a>) e Instagram (<a href=\"https:\/\/www.instagram.com\/ppgd.ufsm\/\">https:\/\/www.instagram.com\/ppgd.ufsm\/<\/a>) e Twitter (<a href=\"https:\/\/twitter.com\/ppgdufsm\">https:\/\/twitter.com\/ppgdufsm<\/a>)\u00a0 informa\u00e7\u00f5es como promo\u00e7\u00e3o de eventos, not\u00edcias institucionais, divulga\u00e7\u00e3o de editais, publica\u00e7\u00f5es cient\u00edficas de docentes e discentes, entre outras, democratizando o acesso ao Programa atrav\u00e9s de um contato direto com a comunidade virtual de seguidores das p\u00e1ginas.<\/p>\n<p style=\"text-align: justify\">Al\u00e9m da m\u00eddia televisiva, h\u00e1 tamb\u00e9m significativa divulga\u00e7\u00e3o em canais do site Youtube, dentre eles: Curso de Direito da UFSM (<a href=\"https:\/\/www.youtube.com\/user\/direitoufsm\">https:\/\/www.youtube.com\/user\/direitoufsm<\/a>), TVCampus (<a href=\"https:\/\/www.youtube.com\/channel\/UC0U4Kuznv0YtRzULknjaZ2w\">https:\/\/www.youtube.com\/channel\/UC0U4Kuznv0YtRzULknjaZ2w<\/a>) e SEDUFSM ANDES\u00a0 SN (<a href=\"https:\/\/www.youtube.com\/channel\/UCF9kYS--nM6xhkn_voxxu3Q\">https:\/\/www.youtube.com\/channel\/UCF9kYS&#8211;nM6xhkn_voxxu3Q<\/a>),\u00a0 nos quais o PPGD\/UFSM \u00e9 divulgado atrav\u00e9s de entrevistas dos professores nos referidos canais, abordando tanto as tem\u00e1ticas, quanto a din\u00e2mica e estrutura do Mestrado em Direito.<\/p>\n<p style=\"text-align: justify\">Em 2020 foi criado o Canal do PPGD \/ UFSM no Youtube no seguinte endere\u00e7o: <a href=\"https:\/\/www.youtube.com\/c\/ProgramadeP%C3%B3sGradua%C3%A7%C3%A3oemDireitodaUFSM\">https:\/\/www.youtube.com\/c\/ProgramadeP%C3%B3sGradua%C3%A7%C3%A3oemDireitodaUFSM<\/a> . O canal teve um papel essencial diante do quadro de pandemia, j\u00e1 que diversos eventos foram transmitidos por interm\u00e9dio do Youtube.<\/p>\n<\/td>\n<\/tr>\n<tr>\n<td style=\"border-style: solid;border-color: #02121a;background-color: #f2f4f5\">\n<p style=\"text-align: center\"><strong>BLOGS, SITES E REDES SOCIAIS DOS GRUPOS DE PESQUISA DO PROGRAMA<\/strong><\/p>\n<\/td>\n<td style=\"border-style: solid;border-color: #02121a;background-color: #f2f4f5\">\n<p>Al\u00e9m disso, ocorre divulga\u00e7\u00e3o cient\u00edfica individualizada no \u00e2mbito de cada grupo\/n\u00facleo de pesquisa vinculado ao PPGD\/UFSM, publicizando as pesquisas e demais atividades desempenhadas por cada um, seja atrav\u00e9s dos Blogs elaborados pelos docentes do programa, com publica\u00e7\u00f5es realizadas em conjunto com os discentes e demais membros (graduandos e externos), seja atrav\u00e9s das redes sociais de cada grupo\/n\u00facleo.<\/p>\n<p><strong>Dentre eles, destacam-se:<\/strong><\/p>\n<p><strong>* NUDI<\/strong> &#8211;<strong> N\u00facleo de Direito Informacional da Universidade Federal de Santa Maria<\/strong>.<\/p>\n<p>Blog: <a href=\"http:\/\/nudiufsm.wordpress.com\">http:\/\/nudiufsm.wordpress.com<\/a><\/p>\n<p>Facebook: <a href=\"https:\/\/www.facebook.com\/NUDI-N%C3%BAcleo-de-Direito-Informacional-UFSM-183570451780089\/\">https:\/\/www.facebook.com\/NUDI-N%C3%BAcleo-de-Direito-Informacional-UFSM-183570451780089\/<\/a><\/p>\n<p><strong>* CEPEDI<\/strong> &#8211;<strong> Centro de Estudos e Pesquisas em Direito e Internet<\/strong><\/p>\n<p>Site: <a href=\"http:\/\/www.cepedi.org\">www.cepedi.org<\/a><\/p>\n<p>Facebook: <a href=\"https:\/\/www.facebook.com\/CepediUFSM\/\">https:\/\/www.facebook.com\/CepediUFSM\/<\/a><\/p>\n<p>Instagram: <a href=\"https:\/\/www.instagram.com\/cepediufsm\/\">https:\/\/www.instagram.com\/cepediufsm\/<\/a><\/p>\n<p><strong>* NEAPRO &#8211; N\u00facleo de Estudos Avan\u00e7ados em Processo Civil da Universidade Federal de Santa Maria\u00a0<\/strong><\/p>\n<p>Blog: <a href=\"http:\/\/neapro.wordpress.com\">http:\/\/neapro.wordpress.com<\/a><\/p>\n<p><strong>* NDC &#8211; N\u00facleo de Direito Constitucional\u00a0<\/strong><\/p>\n<p>Blog: <a href=\"http:\/\/coral.ufsm.br\/ndc\">http:\/\/coral.ufsm.br\/ndc\u00a0<\/a><\/p>\n<p>Facebook: <a href=\"https:\/\/www.facebook.com\/nucleodireitoconstitucional\/\">https:\/\/www.facebook.com\/nucleodireitoconstitucional\/<\/a><\/p>\n<p><strong>* GPDA \u2013 Grupo de Pesquisa em Direitos Animais<\/strong><\/p>\n<p>Blog: <a href=\"https:\/\/www.direitoanimal.info\/\">https:\/\/www.direitoanimal.info\/<\/a><\/p>\n<p>Facebook: <a href=\"https:\/\/www.facebook.com\/gpdaufsm\/\">https:\/\/www.facebook.com\/gpdaufsm\/<\/a><\/p>\n<p>Instagram: <a href=\"https:\/\/www.instagram.com\/gpdaufsm\/\">https:\/\/www.instagram.com\/gpdaufsm\/<\/a><\/p>\n<p><strong>* GPPIC \u2013 Grupo de Pesquisa em Propriedade Intelectual na Contemporaneidade<\/strong><\/p>\n<p>Facebook: <a href=\"https:\/\/www.facebook.com\/Grupo-de-Pesquisa-em-Propriedade-Intelectual-UFSM-481822318856630\/\">https:\/\/www.facebook.com\/Grupo-de-Pesquisa-em-Propriedade-Intelectual-UFSM-481822318856630\/<\/a><\/p>\n<p>*<strong> GPDS \u2013 Grupo de Pesquisa em Direito da Sociobiodiversidade<\/strong><\/p>\n<p>Facebook: <a href=\"https:\/\/www.facebook.com\/Grupo-de-Pesquisa-em-Direito-da-Sociobiodiversidade-GPDS-2875810802459816\/\">https:\/\/www.facebook.com\/Grupo-de-Pesquisa-em-Direito-da-Sociobiodiversidade-GPDS-2875810802459816\/<\/a><\/p>\n<p>Instagram: <a href=\"https:\/\/www.instagram.com\/gpdsufsm\/\">https:\/\/www.instagram.com\/gpdsufsm\/<\/a><\/p>\n<p><strong>* MIGRAIDH \u2013 Grupo de Pesquisa Direitos Humanos e Mobilidade Humana Internacional<\/strong><\/p>\n<p>Blog: <a href=\"http:\/\/www.migraidh.ufsm.br\">http:\/\/www.migraidh.ufsm.br<\/a><\/p>\n<p>Facebook: <a href=\"https:\/\/www.facebook.com\/MIGRAIDHCSVMUFSM\/\">https:\/\/www.facebook.com\/MIGRAIDHCSVMUFSM\/<\/a><\/p>\n<p><strong>* NUDMARX \u2013 N\u00facleo de Pesquisa em Direito, Marxismo e Meio Ambiente<\/strong><\/p>\n<p>Blog: <a href=\"http:\/\/nudmarx.ufsm.br\/\">http:\/\/nudmarx.ufsm.br\/<\/a><\/p>\n<p>Facebook: <a href=\"https:\/\/www.facebook.com\/nudmarx\/\">https:\/\/www.facebook.com\/nudmarx\/<\/a><\/p>\n<p><strong>* PHRONESIS: N\u00facleo de Estudos em Jurisdi\u00e7\u00e3o, Hermen\u00eautica e Humanidades<\/strong><\/p>\n<p>Blog: <a href=\"https:\/\/phronesisufsm.wordpress.com\/\">https:\/\/phronesisufsm.wordpress.com\/<\/a><\/p>\n<p>Facebook: <a href=\"https:\/\/www.facebook.com\/PhronesisUFSM\/\">https:\/\/www.facebook.com\/PhronesisUFSM\/<\/a><\/p>\n<p>Instagram: <a href=\"https:\/\/www.instagram.com\/gpphronesis\/\">https:\/\/www.instagram.com\/gpphronesis\/<\/a><\/p>\n<p><strong>* NPPDI &#8211; N\u00facleo de Pesquisa e Pr\u00e1ticas em Direito Internacional (CNPq\/UFSM)<\/strong><\/p>\n<p>Blog: <a href=\"http:\/\/coral.ufsm.br\/nppdi\/\">http:\/\/coral.ufsm.br\/nppdi\/<\/a><\/p>\n<p>Instagram: https:\/\/www.instagram.com\/nppdiufsm\/<\/p>\n<p><strong>* GPDECON &#8211; Grupo de Estudos e Pesquisas em Democracia e Constitui\u00e7\u00e3o<\/strong><\/p>\n<p>Blog: <a href=\"https:\/\/gpdecon.wordpress.com\/\">https:\/\/gpdecon.wordpress.com\/<\/a><\/p>\n<p>Facebook: <a href=\"https:\/\/www.facebook.com\/Gpdecon-113905010260745\/\">https:\/\/www.facebook.com\/Gpdecon-113905010260745\/<\/a><\/p>\n<p>Instagram: <a href=\"https:\/\/www.instagram.com\/gpdecon\/\">https:\/\/www.instagram.com\/gpdecon\/<\/a><\/p>\n<\/td>\n<\/tr>\n<tr>\n<td style=\"border-style: solid;border-color: #0a0101;background-color: #f7f2f2\">\n<p style=\"text-align: center\"><strong>GRUPO WHATSAPP -DIVULGA\u00c7\u00c3O DE OPORTUNIDADES CIENT\u00cdFICAS PARA OS DOCENTES, DISCENTES E EGRESSOS\u00a0<\/strong><\/p>\n<\/td>\n<td style=\"border-style: solid;border-color: #0a0101;background-color: #f7f2f2\">\n<p style=\"text-align: justify\">Visando agilizar a comunica\u00e7\u00e3o dos docentes, discente e egressos do PPGD, foi criado no ano de 2019 um grupo no aplicativo Whatsapp para divulgar oportunidades cient\u00edficas e enviar recados a toda a comunidade do Programa. Com essa ferramenta todos os avisos institucionais e divulga\u00e7\u00f5es de pertin\u00eancia para o aprimoramento cient\u00edfico dos docentes e discentes foi potencializado por uma comunica\u00e7\u00e3o mais \u00e1gil e moderna.<\/p>\n<\/td>\n<\/tr>\n<tr>\n<td style=\"border-style: solid;border-color: #080101;background-color: #f2f5f7\">\n<p style=\"text-align: center\"><strong>REVISTAS CIENT\u00cdFICAS<\/strong><\/p>\n<\/td>\n<td style=\"border-style: solid;border-color: #080101;background-color: #f2f5f7\">\n<p style=\"text-align: justify\">O Programa ainda possui duas revistas cient\u00edficas que servem como importantes ferramentas de socializa\u00e7\u00e3o dos resultados de pesquisas realizadas na \u00e1rea do Direito. O Programa possui uma revista que reflete a sua \u00e1rea de concentra\u00e7\u00e3o e linhas de pesquisa intitulada de Revista Direitos Emergentes na Sociedade Global (em fase de realiza\u00e7\u00e3o junto ao Qualis\/CAPES) e a Revista Eletr\u00f4nica do Curso de Direito da UFSM (Qualis A1), cujo Editor \u00e9 o atual Coordenador do Programa, prof. Dr. Rafael Santos de Oliveira.<\/p>\n<\/td>\n<\/tr>\n<tr>\n<td style=\"border-style: solid;border-color: #1a0202;background-color: #f7f2f2\">\n<p style=\"text-align: center\"><strong>CONECTANDO SABERES<\/strong><\/p>\n<\/td>\n<td style=\"border-style: solid;border-color: #1a0202;background-color: #f7f2f2\">\n<p style=\"text-align: justify\">O \u201cConectando saberes\u201d \u00e9 uma se\u00e7\u00e3o voltada \u00e0 democratiza\u00e7\u00e3o do acesso ao conhecimento cient\u00edfico produzido pelo Programa de P\u00f3s-Gradua\u00e7\u00e3o em Direito. Esse fator \u00e9 permitido na medida em que os conte\u00fados constantes na presente se\u00e7\u00e3o n\u00e3o carregam os tra\u00e7os tradicionais das produ\u00e7\u00f5es cient\u00edficas, como livros e revistas especializadas.<\/p>\n<p style=\"text-align: justify\">O \u201cConectando Saberes\u201d proporciona uma linguagem acess\u00edvel ao p\u00fablico geral, isto \u00e9, conecta os conhecimentos da academia ao p\u00fablico em geral, democratizando as informa\u00e7\u00f5es e demonstrando a preocupa\u00e7\u00e3o do PPGD no que tange a acessibilidade (site: https:\/\/www.ufsm.br\/cursos\/pos-graduacao\/santa-maria\/ppgd\/conectando-saberes\/).<\/p>\n<p style=\"text-align: justify\">Diante dos textos expostos, todos oriundos de disserta\u00e7\u00f5es, verificou-se o empenho dos professores e alunos do PPGD UFSM em traz\u00ea-los com uma linguagem acess\u00edvel. Al\u00e9m disso, \u00e9 percept\u00edvel que os temas s\u00e3o bem variados, mas todos em concord\u00e2ncia com as linhas propostas pelo programa, relativas aos Direitos Emergentes na Sociedade Global, acentuando a preocupa\u00e7\u00e3o do curso em trazer a democratiza\u00e7\u00e3o do conhecimento sem fugir da proposta institucional de pesquisa.\u00a0<\/p>\n<\/td>\n<\/tr>\n<\/tbody>\n<\/table>\n","protected":false},"excerpt":{"rendered":"<p>\u00a0 \u00a0 \u00a0 \u00a0\u00a0 \u00a0 \u00a0 \u00a0 \u00a0 \u00a0 \u00a0 \u00a0 \u00a0 \u00a0 \u00a0 \u00a0 \u00a0 \u00a0 \u00a0 \u00a0 \u00a0 Visibilidade do PPG em Direito \u00a0 \u00a0 \u00a0Desde a sua cria\u00e7\u00e3o o Programa tem trabalhado na amplia\u00e7\u00e3o de sua visibilidade. Pode-se destacar a crescente demanda pelo programa evidenciada na expressiva rela\u00e7\u00e3o candidato-vaga em todos os [&hellip;]<\/p>\n","protected":false},"author":905,"featured_media":0,"parent":0,"menu_order":0,"comment_status":"closed","ping_status":"closed","template":"","meta":{"footnotes":""},"categories":[],"tags":[],"class_list":["post-5409","page","type-page","status-publish","hentry"],"acf":[],"_links":{"self":[{"href":"https:\/\/www.ufsm.br\/cursos\/pos-graduacao\/santa-maria\/ppgd\/wp-json\/wp\/v2\/pages\/5409","targetHints":{"allow":["GET"]}}],"collection":[{"href":"https:\/\/www.ufsm.br\/cursos\/pos-graduacao\/santa-maria\/ppgd\/wp-json\/wp\/v2\/pages"}],"about":[{"href":"https:\/\/www.ufsm.br\/cursos\/pos-graduacao\/santa-maria\/ppgd\/wp-json\/wp\/v2\/types\/page"}],"author":[{"embeddable":true,"href":"https:\/\/www.ufsm.br\/cursos\/pos-graduacao\/santa-maria\/ppgd\/wp-json\/wp\/v2\/users\/905"}],"replies":[{"embeddable":true,"href":"https:\/\/www.ufsm.br\/cursos\/pos-graduacao\/santa-maria\/ppgd\/wp-json\/wp\/v2\/comments?post=5409"}],"version-history":[{"count":0,"href":"https:\/\/www.ufsm.br\/cursos\/pos-graduacao\/santa-maria\/ppgd\/wp-json\/wp\/v2\/pages\/5409\/revisions"}],"wp:attachment":[{"href":"https:\/\/www.ufsm.br\/cursos\/pos-graduacao\/santa-maria\/ppgd\/wp-json\/wp\/v2\/media?parent=5409"}],"wp:term":[{"taxonomy":"category","embeddable":true,"href":"https:\/\/www.ufsm.br\/cursos\/pos-graduacao\/santa-maria\/ppgd\/wp-json\/wp\/v2\/categories?post=5409"},{"taxonomy":"post_tag","embeddable":true,"href":"https:\/\/www.ufsm.br\/cursos\/pos-graduacao\/santa-maria\/ppgd\/wp-json\/wp\/v2\/tags?post=5409"}],"curies":[{"name":"wp","href":"https:\/\/api.w.org\/{rel}","templated":true}]}}