{"id":5420,"date":"2024-07-26T15:46:09","date_gmt":"2024-07-26T18:46:09","guid":{"rendered":"https:\/\/www.ufsm.br\/cursos\/pos-graduacao\/santa-maria\/ppgd\/?page_id=5420"},"modified":"2024-08-06T13:45:18","modified_gmt":"2024-08-06T16:45:18","slug":"missao-e-os-valores-do-ppgd","status":"publish","type":"page","link":"https:\/\/www.ufsm.br\/cursos\/pos-graduacao\/santa-maria\/ppgd\/missao-e-os-valores-do-ppgd","title":{"rendered":"Miss\u00e3o, Vis\u00e3o, Valores e Objetivos do PPGD"},"content":{"rendered":"\n<table style=\"height: 466px;width: 100%;border-collapse: collapse;border-style: solid;border-color: #0f0202\">\n<tbody>\n<tr style=\"height: 158px\">\n<td style=\"width: 100%;border-style: solid;border-color: #120303;background-color: #c9ced6;height: 158px\" colspan=\"2\"><img decoding=\"async\" class=\"wp-image-5436  alignleft\" src=\"https:\/\/www.ufsm.br\/app\/uploads\/sites\/563\/2024\/08\/PPGD-Fundo-Transparente-150x150.png\" alt=\"\" width=\"140\" height=\"140\" srcset=\"https:\/\/www.ufsm.br\/app\/uploads\/sites\/563\/2024\/08\/PPGD-Fundo-Transparente-150x150.png 150w, https:\/\/www.ufsm.br\/app\/uploads\/sites\/563\/2024\/08\/PPGD-Fundo-Transparente-300x300.png 300w, https:\/\/www.ufsm.br\/app\/uploads\/sites\/563\/2024\/08\/PPGD-Fundo-Transparente.png 500w\" sizes=\"(max-width: 140px) 100vw, 140px\" \/><br \/>\n<h1 style=\"text-align: center\">PROGRAMA DE P\u00d3S-GRADUA\u00c7\u00c3O EM DIREITO\u00a0<\/h1>\n<\/td>\n<\/tr>\n<tr style=\"height: 79px\">\n<td style=\"width: 14.4867%;border-style: solid;border-color: #170303;background-color: #6ea2f0;text-align: center;height: 79px\">\n<h1>Miss\u00e3o<\/h1>\n<\/td>\n<td style=\"width: 85.5133%;border-style: solid;border-color: #170303;height: 79px;text-align: justify;background-color: #f0f6f7\">Promover a democratiza\u00e7\u00e3o do conhecimento na \u00e1rea do Direito, qualificando profissionais comprometidos que atuem de forma cr\u00edtica, colaborando para a busca de solu\u00e7\u00f5es para problemas e desafios dos diferentes contextos sociais, al\u00e9m de desenvolver estudos e pesquisas que contribuam com o desenvolvimento da sociedade, de modo sustent\u00e1vel.<\/td>\n<\/tr>\n<tr style=\"height: 79px\">\n<td style=\"width: 14.4867%;border-style: solid;border-color: #170303;background-color: #9fd4f5;text-align: center;height: 79px\">\n<h1>Vis\u00e3o<\/h1>\n<\/td>\n<td style=\"width: 85.5133%;border-style: solid;border-color: #170303;height: 79px;background-color: #ebf7f7\">Ser reconhecido como um programa de p\u00f3s-gradua\u00e7\u00e3o em Direito de refer\u00eancia no \u00e2mbito das institui\u00e7\u00f5es federais, promovendo excel\u00eancia em sua atua\u00e7\u00e3o em favor de toda comunidade acad\u00eamica e da sociedade em geral.<\/td>\n<\/tr>\n<tr style=\"height: 81px\">\n<td style=\"width: 14.4867%;border-style: solid;border-color: #170303;background-color: #59a0c9;height: 81px;text-align: center\">\n<h1>Valores<\/h1>\n<\/td>\n<td style=\"width: 85.5133%;border-style: solid;border-color: #170303;height: 81px;background-color: #e3f2fc\">\n<p style=\"text-align: justify\">\u00a0 \u00a0O PPG em\u00a0 Direito norteia-se por valores democr\u00e1ticos alicer\u00e7ados no respeito aos direitos fundamentais e reconhece o papel social que deve ser desempenhado pela academia, sobretudo pela universidade p\u00fablica, gratuita e de qualidade, comprometida com o respeito \u00e0 identidade e diversidade e com forte compromisso social, como \u00e9 o caso da Universidade Federal de Santa Maria.<\/p>\n<ul>\n<li>\u00c9tica<\/li>\n<li>Transpar\u00eancia;<\/li>\n<li>Legalidade;<\/li>\n<li>Impessoalidade;<\/li>\n<li>Comprometimento;<\/li>\n<li>Justi\u00e7a;<\/li>\n<li>Seguran\u00e7a;<\/li>\n<li>Respeito;<\/li>\n<li>Colabora\u00e7\u00e3o.<\/li>\n<\/ul>\n<\/td>\n<\/tr>\n<tr>\n<td style=\"width: 14.4867%;border-style: solid;border-color: #170303;background-color: #51c2e8;text-align: center\" rowspan=\"2\">\n<h1>\u00a0<\/h1>\n<h1>Objetivos<\/h1>\n<\/td>\n<td style=\"width: 85.5133%;border-style: solid;border-color: #170303;background-color: #ebf8fa\">\n<p style=\"text-align: justify\"><strong>\u00a0 Objetivo Geral: <\/strong>formar pesquisadores e incentivar pesquisas que enfatizem a reflex\u00e3o sobre as transforma\u00e7\u00f5es jur\u00eddicas decorrentes principalmente do avan\u00e7o t\u00e9cnico-cient\u00edfico e das quest\u00f5es ambientais, verificando quais as suas consequ\u00eancias no mundo jur\u00eddico.<\/p>\n<\/td>\n<\/tr>\n<tr style=\"height: 69px\">\n<td style=\"width: 85.5133%;border-style: solid;border-color: #170303;height: 69px;background-color: #ebf8fa\">\n<p><strong>\u00a0 \u00a0Objetivos espec\u00edficos:<\/strong><\/p>\n<ul>\n<li style=\"text-align: justify\"><strong>a)<\/strong> formar, em n\u00edvel de p\u00f3s-gradua\u00e7\u00e3o, profissionais com capacidade de elabora\u00e7\u00e3o de an\u00e1lises jur\u00eddico-sociais, de modo multidisciplinar ou interdisciplinar, sobre a realidade local e nacional relacionando-a com as transforma\u00e7\u00f5es globais;<\/li>\n<li style=\"text-align: justify\"><strong>b)<\/strong> despertar no (a) egresso (a), \u00e0 luz de uma forma\u00e7\u00e3o cient\u00edfica, o interesse pela pesquisa nas diversas \u00e1reas do conhecimento jur\u00eddico, em espec\u00edfico naquelas tem\u00e1ticas propostas pelo Curso, de formas a desenvolver al\u00e9m do senso cr\u00edtico, capacidade t\u00e9cnica-jur\u00eddica e responsabilidade social para o enfrentamento das quest\u00f5es de direito que envolvem o cidad\u00e3o e a sociedade;<\/li>\n<li style=\"text-align: justify\"><strong>c)<\/strong> desenvolver a pesquisa, a doc\u00eancia e a orienta\u00e7\u00e3o, em n\u00edvel de p\u00f3s-gradua\u00e7\u00e3o stricto sensu, na \u00e1rea de concentra\u00e7\u00e3o e linhas de pesquisa do programa;<\/li>\n<li style=\"text-align: justify\"><strong>d)<\/strong> capacitar docentes a realizar atividades de ensino e pesquisa em n\u00edvel superior.<\/li>\n<\/ul>\n<\/td>\n<\/tr>\n<\/tbody>\n<\/table>\n","protected":false},"excerpt":{"rendered":"<p>PROGRAMA DE P\u00d3S-GRADUA\u00c7\u00c3O EM DIREITO\u00a0 Miss\u00e3o Promover a democratiza\u00e7\u00e3o do conhecimento na \u00e1rea do Direito, qualificando profissionais comprometidos que atuem de forma cr\u00edtica, colaborando para a busca de solu\u00e7\u00f5es para problemas e desafios dos diferentes contextos sociais, al\u00e9m de desenvolver estudos e pesquisas que contribuam com o desenvolvimento da sociedade, de modo sustent\u00e1vel. Vis\u00e3o Ser [&hellip;]<\/p>\n","protected":false},"author":905,"featured_media":0,"parent":0,"menu_order":0,"comment_status":"closed","ping_status":"closed","template":"","meta":{"footnotes":""},"categories":[],"tags":[],"class_list":["post-5420","page","type-page","status-publish","hentry"],"acf":[],"_links":{"self":[{"href":"https:\/\/www.ufsm.br\/cursos\/pos-graduacao\/santa-maria\/ppgd\/wp-json\/wp\/v2\/pages\/5420","targetHints":{"allow":["GET"]}}],"collection":[{"href":"https:\/\/www.ufsm.br\/cursos\/pos-graduacao\/santa-maria\/ppgd\/wp-json\/wp\/v2\/pages"}],"about":[{"href":"https:\/\/www.ufsm.br\/cursos\/pos-graduacao\/santa-maria\/ppgd\/wp-json\/wp\/v2\/types\/page"}],"author":[{"embeddable":true,"href":"https:\/\/www.ufsm.br\/cursos\/pos-graduacao\/santa-maria\/ppgd\/wp-json\/wp\/v2\/users\/905"}],"replies":[{"embeddable":true,"href":"https:\/\/www.ufsm.br\/cursos\/pos-graduacao\/santa-maria\/ppgd\/wp-json\/wp\/v2\/comments?post=5420"}],"version-history":[{"count":0,"href":"https:\/\/www.ufsm.br\/cursos\/pos-graduacao\/santa-maria\/ppgd\/wp-json\/wp\/v2\/pages\/5420\/revisions"}],"wp:attachment":[{"href":"https:\/\/www.ufsm.br\/cursos\/pos-graduacao\/santa-maria\/ppgd\/wp-json\/wp\/v2\/media?parent=5420"}],"wp:term":[{"taxonomy":"category","embeddable":true,"href":"https:\/\/www.ufsm.br\/cursos\/pos-graduacao\/santa-maria\/ppgd\/wp-json\/wp\/v2\/categories?post=5420"},{"taxonomy":"post_tag","embeddable":true,"href":"https:\/\/www.ufsm.br\/cursos\/pos-graduacao\/santa-maria\/ppgd\/wp-json\/wp\/v2\/tags?post=5420"}],"curies":[{"name":"wp","href":"https:\/\/api.w.org\/{rel}","templated":true}]}}