{"id":6080,"date":"2025-05-19T10:21:06","date_gmt":"2025-05-19T13:21:06","guid":{"rendered":"https:\/\/www.ufsm.br\/cursos\/pos-graduacao\/santa-maria\/ppgd\/?page_id=6080"},"modified":"2025-05-19T10:21:06","modified_gmt":"2025-05-19T13:21:06","slug":"coordenacao-e-secretaria","status":"publish","type":"page","link":"https:\/\/www.ufsm.br\/cursos\/pos-graduacao\/santa-maria\/ppgd\/coordenacao-e-secretaria","title":{"rendered":"Coordena\u00e7\u00e3o e Secretaria"},"content":{"rendered":"\n<p>\u00a0<\/p>\n<table>\n<tbody>\n<tr>\n<td style=\"background-color: #c7c5c5\">\n<h3><strong>\u00a0Coordena\u00e7\u00e3o 2025\/Atual<\/strong><\/h3>\n<\/td>\n<\/tr>\n<\/tbody>\n<\/table>\n<p>A Coordena\u00e7\u00e3o do Programa de P\u00f3s-gradua\u00e7\u00e3o em Direito da Universidade Federal de Santa Maria \u00e9 composta pelos seguintes membros:<\/p>\n<p>Prof. Dr. Rafael Santos de Oliveira \u2013 Coordenador do Programa<\/p>\n<p>Base legal: Portaria CCSH n\u00ba <a href=\"https:\/\/www.ufsm.br\/app\/uploads\/sites\/563\/2025\/05\/PORT_CCSH_2025_163.pdf\">PORT_CCSH_2025_163<\/a><\/p>\n<p>Profa. Dra. Angela Araujo da Silveira Espindola \u2013 Coordenadora Substituta<\/p>\n<p>Base legal: Portaria CCSH n\u00ba <a href=\"https:\/\/www.ufsm.br\/app\/uploads\/sites\/563\/2025\/05\/PORT_CCSH_2025_166.pdf\">PORT_CCSH_2025_166<\/a><\/p>\n<p><strong>Coordena\u00e7\u00e3o:<\/strong> \u200b<a href=\"mailto:coordenacao.ppgd@ufsm.br\">coordenacao.ppgd@ufsm.br<\/a><\/p>\n<table>\n<tbody>\n<tr>\n<td style=\"background-color: #d1cfcf\">\n<h3><strong>SIPOS \u2013 Secretaria Integrada das P\u00f3s-gradua\u00e7\u00f5es do CCSH<\/strong><\/h3>\n<\/td>\n<\/tr>\n<\/tbody>\n<\/table>\n<p><strong>e-mail:<\/strong>\u00a0<strong><a class=\"notranslate\" href=\"mailto:sipos.ccsh@ufsm.br\">sipos.ccsh@ufsm.br<\/a><\/strong><\/p>\n","protected":false},"excerpt":{"rendered":"<p>\u00a0 \u00a0Coordena\u00e7\u00e3o 2025\/Atual A Coordena\u00e7\u00e3o do Programa de P\u00f3s-gradua\u00e7\u00e3o em Direito da Universidade Federal de Santa Maria \u00e9 composta pelos seguintes membros: Prof. Dr. Rafael Santos de Oliveira \u2013 Coordenador do Programa Base legal: Portaria CCSH n\u00ba PORT_CCSH_2025_163 Profa. Dra. Angela Araujo da Silveira Espindola \u2013 Coordenadora Substituta Base legal: Portaria CCSH n\u00ba PORT_CCSH_2025_166 Coordena\u00e7\u00e3o: [&hellip;]<\/p>\n","protected":false},"author":905,"featured_media":0,"parent":0,"menu_order":0,"comment_status":"closed","ping_status":"closed","template":"","meta":{"footnotes":""},"categories":[],"tags":[],"class_list":["post-6080","page","type-page","status-publish","hentry"],"acf":[],"_links":{"self":[{"href":"https:\/\/www.ufsm.br\/cursos\/pos-graduacao\/santa-maria\/ppgd\/wp-json\/wp\/v2\/pages\/6080","targetHints":{"allow":["GET"]}}],"collection":[{"href":"https:\/\/www.ufsm.br\/cursos\/pos-graduacao\/santa-maria\/ppgd\/wp-json\/wp\/v2\/pages"}],"about":[{"href":"https:\/\/www.ufsm.br\/cursos\/pos-graduacao\/santa-maria\/ppgd\/wp-json\/wp\/v2\/types\/page"}],"author":[{"embeddable":true,"href":"https:\/\/www.ufsm.br\/cursos\/pos-graduacao\/santa-maria\/ppgd\/wp-json\/wp\/v2\/users\/905"}],"replies":[{"embeddable":true,"href":"https:\/\/www.ufsm.br\/cursos\/pos-graduacao\/santa-maria\/ppgd\/wp-json\/wp\/v2\/comments?post=6080"}],"version-history":[{"count":0,"href":"https:\/\/www.ufsm.br\/cursos\/pos-graduacao\/santa-maria\/ppgd\/wp-json\/wp\/v2\/pages\/6080\/revisions"}],"wp:attachment":[{"href":"https:\/\/www.ufsm.br\/cursos\/pos-graduacao\/santa-maria\/ppgd\/wp-json\/wp\/v2\/media?parent=6080"}],"wp:term":[{"taxonomy":"category","embeddable":true,"href":"https:\/\/www.ufsm.br\/cursos\/pos-graduacao\/santa-maria\/ppgd\/wp-json\/wp\/v2\/categories?post=6080"},{"taxonomy":"post_tag","embeddable":true,"href":"https:\/\/www.ufsm.br\/cursos\/pos-graduacao\/santa-maria\/ppgd\/wp-json\/wp\/v2\/tags?post=6080"}],"curies":[{"name":"wp","href":"https:\/\/api.w.org\/{rel}","templated":true}]}}