{"id":169,"date":"2019-01-23T08:13:28","date_gmt":"2019-01-23T10:13:28","guid":{"rendered":"https:\/\/www.ufsm.br\/cursos\/pos-graduacao\/santa-maria\/ppgdch\/?page_id=169"},"modified":"2022-02-16T15:41:46","modified_gmt":"2022-02-16T18:41:46","slug":"cooperacao-academica","status":"publish","type":"page","link":"https:\/\/www.ufsm.br\/cursos\/pos-graduacao\/santa-maria\/ppgdch\/cooperacao-academica","title":{"rendered":"Coopera\u00e7\u00e3o Acad\u00eamica"},"content":{"rendered":"\n<p>DINTER Internacional \u2013 UTALCA\/Chile<\/p>\n<p>PAEC\/OEA\/GCUB &#8211; Programa de Alianzas para la Educaci\u00f3n y la Capacitaci\u00f3n\/Organiza\u00e7\u00e3o dos Estados Americanos\/Grupo Coimbra de Universidades Brasileiras .<\/p>\n","protected":false},"excerpt":{"rendered":"<p>DINTER Internacional \u2013 UTALCA\/Chile PAEC\/OEA\/GCUB &#8211; Programa de Alianzas para la Educaci\u00f3n y la Capacitaci\u00f3n\/Organiza\u00e7\u00e3o dos Estados Americanos\/Grupo Coimbra de Universidades Brasileiras .<\/p>\n","protected":false},"author":194,"featured_media":0,"parent":0,"menu_order":0,"comment_status":"closed","ping_status":"closed","template":"","meta":{"footnotes":""},"categories":[],"tags":[],"class_list":["post-169","page","type-page","status-publish","hentry"],"acf":[],"_links":{"self":[{"href":"https:\/\/www.ufsm.br\/cursos\/pos-graduacao\/santa-maria\/ppgdch\/wp-json\/wp\/v2\/pages\/169","targetHints":{"allow":["GET"]}}],"collection":[{"href":"https:\/\/www.ufsm.br\/cursos\/pos-graduacao\/santa-maria\/ppgdch\/wp-json\/wp\/v2\/pages"}],"about":[{"href":"https:\/\/www.ufsm.br\/cursos\/pos-graduacao\/santa-maria\/ppgdch\/wp-json\/wp\/v2\/types\/page"}],"author":[{"embeddable":true,"href":"https:\/\/www.ufsm.br\/cursos\/pos-graduacao\/santa-maria\/ppgdch\/wp-json\/wp\/v2\/users\/194"}],"replies":[{"embeddable":true,"href":"https:\/\/www.ufsm.br\/cursos\/pos-graduacao\/santa-maria\/ppgdch\/wp-json\/wp\/v2\/comments?post=169"}],"version-history":[{"count":0,"href":"https:\/\/www.ufsm.br\/cursos\/pos-graduacao\/santa-maria\/ppgdch\/wp-json\/wp\/v2\/pages\/169\/revisions"}],"wp:attachment":[{"href":"https:\/\/www.ufsm.br\/cursos\/pos-graduacao\/santa-maria\/ppgdch\/wp-json\/wp\/v2\/media?parent=169"}],"wp:term":[{"taxonomy":"category","embeddable":true,"href":"https:\/\/www.ufsm.br\/cursos\/pos-graduacao\/santa-maria\/ppgdch\/wp-json\/wp\/v2\/categories?post=169"},{"taxonomy":"post_tag","embeddable":true,"href":"https:\/\/www.ufsm.br\/cursos\/pos-graduacao\/santa-maria\/ppgdch\/wp-json\/wp\/v2\/tags?post=169"}],"curies":[{"name":"wp","href":"https:\/\/api.w.org\/{rel}","templated":true}]}}