{"id":222,"date":"2019-02-21T08:22:48","date_gmt":"2019-02-21T11:22:48","guid":{"rendered":"https:\/\/www.ufsm.br\/cursos\/pos-graduacao\/santa-maria\/ppge\/?page_id=222"},"modified":"2023-06-01T13:25:53","modified_gmt":"2023-06-01T16:25:53","slug":"contato-2","status":"publish","type":"page","link":"https:\/\/www.ufsm.br\/cursos\/pos-graduacao\/santa-maria\/ppge\/contato-2","title":{"rendered":"Contato"},"content":{"rendered":"\t\t<div data-elementor-type=\"wp-page\" data-elementor-id=\"222\" class=\"elementor elementor-222\">\n\t\t\t\t\t\t<section class=\"elementor-section elementor-top-section elementor-element elementor-element-1deb7731 elementor-section-boxed elementor-section-height-default elementor-section-height-default\" data-id=\"1deb7731\" data-element_type=\"section\">\n\t\t\t\t\t\t<div class=\"elementor-container elementor-column-gap-default\">\n\t\t\t\t\t<div class=\"elementor-column elementor-col-100 elementor-top-column elementor-element elementor-element-33c47ec3\" data-id=\"33c47ec3\" data-element_type=\"column\">\n\t\t\t<div class=\"elementor-widget-wrap elementor-element-populated\">\n\t\t\t\t\t\t<div class=\"elementor-element elementor-element-3aef4231 elementor-widget elementor-widget-text-editor\" data-id=\"3aef4231\" data-element_type=\"widget\" data-widget_type=\"text-editor.default\">\n\t\t\t\t<div class=\"elementor-widget-container\">\n\t\t\t\t\t\t\t<p><!-- wp:tadv\/classic-paragraph --><\/p>\n<p><strong>Endere\u00e7o:&nbsp;<\/strong><\/p>\n<p>Centro de Educa\u00e7\u00e3o, pr\u00e9dio 16, sala 3170<br>Av. Roraima n\u00ba 1000<br>Bairro Camobi<br>Santa Maria &#8211; RS<br>CEP: 97105-900<\/p>\n<p><strong>Telefone:<\/strong> (55) 3220-8023<\/p>\n<p><strong>E-mail geral:<\/strong> <a href=\"mailto:ppgeducacao@ufsm.br\">ppgeducacao@ufsm.br<\/a><\/p>\n<p><strong>E-mail sele\u00e7\u00e3o:<\/strong> <a href=\"mailto:selecaoppgeducacao@ufsm.br\">selecaoppgeducacao@ufsm.br<\/a><\/p>\n<p><strong>E-mail da Comiss\u00e3o de Bolsas:<\/strong> <a href=\"mailto:comissaodebolsasppge@ufsm.br\">comissaodebolsasppge@ufsm.br<\/a>&nbsp;<\/p>\n<p><strong>E-mail do <span class=\"il\">Comit\u00ea<\/span>&nbsp;de&nbsp;<span class=\"il\">Internacionaliza\u00e7\u00e3o<\/span>, Integra\u00e7\u00e3o e Inova\u00e7\u00e3o:&nbsp;<\/strong> <a href=\"mailto:ciii.ppge@ufsm.br\">ciii.ppge@ufsm.br<\/a><\/p>\n<p><\/p>\n<p><strong>Hor\u00e1rio de atendimento<\/strong><\/p>\n<p>De segunda a sexta-feira, das 08:00h \u00e0s 11:30h e das 13:30h \u00e0s 16:00h<\/p>\n<p><!-- \/wp:tadv\/classic-paragraph --><\/p>\t\t\t\t\t\t<\/div>\n\t\t\t\t<\/div>\n\t\t\t\t\t<\/div>\n\t\t<\/div>\n\t\t\t\t\t<\/div>\n\t\t<\/section>\n\t\t\t\t<\/div>\n\t\t","protected":false},"excerpt":{"rendered":"<p>Endere\u00e7o:&nbsp; Centro de Educa\u00e7\u00e3o, pr\u00e9dio 16, sala 3170Av. Roraima n\u00ba 1000Bairro CamobiSanta Maria &#8211; RSCEP: 97105-900 Telefone: (55) 3220-8023 E-mail geral: ppgeducacao@ufsm.br E-mail sele\u00e7\u00e3o: selecaoppgeducacao@ufsm.br E-mail da Comiss\u00e3o de Bolsas: comissaodebolsasppge@ufsm.br&nbsp; E-mail do Comit\u00ea&nbsp;de&nbsp;Internacionaliza\u00e7\u00e3o, Integra\u00e7\u00e3o e Inova\u00e7\u00e3o:&nbsp; ciii.ppge@ufsm.br Hor\u00e1rio de atendimento De segunda a sexta-feira, das 08:00h \u00e0s 11:30h e das 13:30h \u00e0s 16:00h<\/p>\n","protected":false},"author":115,"featured_media":0,"parent":0,"menu_order":0,"comment_status":"closed","ping_status":"closed","template":"","meta":{"footnotes":""},"categories":[],"tags":[],"class_list":["post-222","page","type-page","status-publish","hentry"],"acf":[],"_links":{"self":[{"href":"https:\/\/www.ufsm.br\/cursos\/pos-graduacao\/santa-maria\/ppge\/wp-json\/wp\/v2\/pages\/222","targetHints":{"allow":["GET"]}}],"collection":[{"href":"https:\/\/www.ufsm.br\/cursos\/pos-graduacao\/santa-maria\/ppge\/wp-json\/wp\/v2\/pages"}],"about":[{"href":"https:\/\/www.ufsm.br\/cursos\/pos-graduacao\/santa-maria\/ppge\/wp-json\/wp\/v2\/types\/page"}],"author":[{"embeddable":true,"href":"https:\/\/www.ufsm.br\/cursos\/pos-graduacao\/santa-maria\/ppge\/wp-json\/wp\/v2\/users\/115"}],"replies":[{"embeddable":true,"href":"https:\/\/www.ufsm.br\/cursos\/pos-graduacao\/santa-maria\/ppge\/wp-json\/wp\/v2\/comments?post=222"}],"version-history":[{"count":0,"href":"https:\/\/www.ufsm.br\/cursos\/pos-graduacao\/santa-maria\/ppge\/wp-json\/wp\/v2\/pages\/222\/revisions"}],"wp:attachment":[{"href":"https:\/\/www.ufsm.br\/cursos\/pos-graduacao\/santa-maria\/ppge\/wp-json\/wp\/v2\/media?parent=222"}],"wp:term":[{"taxonomy":"category","embeddable":true,"href":"https:\/\/www.ufsm.br\/cursos\/pos-graduacao\/santa-maria\/ppge\/wp-json\/wp\/v2\/categories?post=222"},{"taxonomy":"post_tag","embeddable":true,"href":"https:\/\/www.ufsm.br\/cursos\/pos-graduacao\/santa-maria\/ppge\/wp-json\/wp\/v2\/tags?post=222"}],"curies":[{"name":"wp","href":"https:\/\/api.w.org\/{rel}","templated":true}]}}