{"id":3468,"date":"2021-05-28T14:49:00","date_gmt":"2021-05-28T17:49:00","guid":{"rendered":"https:\/\/www.ufsm.br\/cursos\/pos-graduacao\/santa-maria\/ppge\/?page_id=3468"},"modified":"2021-05-28T14:50:05","modified_gmt":"2021-05-28T17:50:05","slug":"informacoes-gerais","status":"publish","type":"page","link":"https:\/\/www.ufsm.br\/cursos\/pos-graduacao\/santa-maria\/ppge\/informacoes-gerais","title":{"rendered":"Sobre"},"content":{"rendered":"\t\t<div data-elementor-type=\"wp-page\" data-elementor-id=\"3468\" class=\"elementor elementor-3468\">\n\t\t\t\t\t\t<section class=\"elementor-section elementor-top-section elementor-element elementor-element-9bb1650 elementor-section-boxed elementor-section-height-default elementor-section-height-default\" data-id=\"9bb1650\" data-element_type=\"section\">\n\t\t\t\t\t\t<div class=\"elementor-container elementor-column-gap-default\">\n\t\t\t\t\t<div class=\"elementor-column elementor-col-100 elementor-top-column elementor-element elementor-element-d160b48\" data-id=\"d160b48\" data-element_type=\"column\">\n\t\t\t<div class=\"elementor-widget-wrap elementor-element-populated\">\n\t\t\t\t\t\t<div class=\"elementor-element elementor-element-4701e21 elementor-widget elementor-widget-text-editor\" data-id=\"4701e21\" data-element_type=\"widget\" data-widget_type=\"text-editor.default\">\n\t\t\t\t<div class=\"elementor-widget-container\">\n\t\t\t\t\t\t\t<p>O Programa de P\u00f3s-gradua\u00e7\u00e3o em Educa\u00e7\u00e3o (PPGE) da Universidade Federal de Santa Maria (UFSM) teve in\u00edcio em 1970, como consequ\u00eancia de Conv\u00eanio firmado entre o Minist\u00e9rio da Educa\u00e7\u00e3o e Cultura do Brasil (MEC) e a Organiza\u00e7\u00e3o dos Estados Americanos (OEA). Inicia, portanto, no contexto da \u201cpol\u00edtica de integra\u00e7\u00e3o dos pa\u00edses do continente americano\u201d tal como proclamada na \u201cDeclara\u00e7\u00e3o dos Presidentes da Am\u00e9rica\u201d de Punta Del Este, Uruguai, em 1967. Importante frisar que a UFSM nasce internacionalizada e profundamente integrada \u00e0s quest\u00f5es da forma\u00e7\u00e3o e pesquisa na Am\u00e9rica Latina.<\/p><p>Ao longo dos seus cinquenta anos de atua\u00e7\u00e3o o PPGE j\u00e1 realizou in\u00fameros reestrutura\u00e7\u00f5es, a partir de 2008 passou a formar, al\u00e9m de Mestres em Educa\u00e7\u00e3o, tamb\u00e9m Doutores.<\/p><p>Em 2018, realizou sua \u00faltima reestrutura\u00e7\u00e3o ap\u00f3s o processo de autoavalia\u00e7\u00e3o desencadeado a partir de 2014, com a ampla participa\u00e7\u00e3o da comunidade do PPGE, enfatizando a sua \u00e1rea de concentra\u00e7\u00e3o na Educa\u00e7\u00e3o e a sua Miss\u00e3o: \u201cFormar pesquisadores em Educa\u00e7\u00e3o\u201d.<\/p><p>No desenho atual, o Curso de Mestrado \u00e9 integralizado com 24 cr\u00e9ditos e o Curso de Doutorado com 36 cr\u00e9ditos, os quais devem ser cumpridos de acordo com planos de estudos submetidos e aprovados pela Comiss\u00e3o Colegiada do Programa. Incluem-se nessa modalidade cr\u00e9ditos realizados em outros programas de p\u00f3s-gradua\u00e7\u00e3o da UFSM, de outras Institui\u00e7\u00f5es nacionais ou estrangeiras reconhecidas, e tamb\u00e9m cr\u00e9ditos obtidos em Semin\u00e1rios Especiais com professores visitantes e convidados oferecidos pelo Programa.\u00a0 A comunidade acad\u00eamica do PPGE desenhou e implementou a atualiza\u00e7\u00e3o curricular, a partir do segundo semestre de 2019, articulando a oferta mestrado\/doutorado em um s\u00f3 curr\u00edculo m\u00ednimo, variando o n\u00famero de cr\u00e9ditos a serem cursados em cada um dos cursos, a exig\u00eancia de uma l\u00edngua estrangeira para o Curso de Mestrado e de duas para o Doutorado, que dever\u00e3o ser cursadas at\u00e9 a qualifica\u00e7\u00e3o dos projetos de ambos os cursos. Como obrigatoriedade, apresenta, ainda, para o Curso de Doutorado, a publica\u00e7\u00e3o cient\u00edfica.<\/p><p>O PPGE est\u00e1 constitu\u00eddo por quatro linhas de pesquisa: <strong>Linha de Pesquisa 1 (LP1) &#8211;<\/strong> <strong>Doc\u00eancia, saberes e desenvolvimento profissional; Linha de Pesquisa 2 (LP2) &#8211; Pol\u00edticas p\u00fablicas educacionais, pr\u00e1ticas educativas e suas interfaces; Linha de Pesquisa 3 (LP3) &#8211; Educa\u00e7\u00e3o especial, inclus\u00e3o e diferen\u00e7a e; Linha de Pesquisa 4 (LP4) &#8211; Educa\u00e7\u00e3o e Artes.<\/strong><\/p><p>Destaca-se que as quatro Linhas de Pesquisa, indicam a centralidade da produ\u00e7\u00e3o cient\u00edfica docente e discente do PPGE. Estas s\u00e3o alimentadas pelos interesses de pesquisa dos professores em seus grupos de pesquisa, mediante as pr\u00f3prias pesquisas e nas pesquisas orientadas, de alunos do PPGE e dos cursos de gradua\u00e7\u00e3o, assim como das aulas ministradas, tanto na gradua\u00e7\u00e3o, quanto na P\u00f3s-Gradua\u00e7\u00e3o. De modo particular, cada Linha de Pesquisa, configura-se por princ\u00edpios gerais que fundamentam suas tem\u00e1ticas espec\u00edficas. S\u00e3o as Linhas de Pesquisa que estruturam e sinalizam os focos tem\u00e1ticos das pesquisas realizadas no PPGE, inserindo professores e alunos na pesquisa em educa\u00e7\u00e3o.<\/p><p>A proposta curricular integrada confere um car\u00e1ter org\u00e2nico ao PPGE &#8211; mestrado e doutorado, uma vez que professores e alunos inserem-se em Linhas de Pesquisa definidas, a partir de \u00e1reas tem\u00e1ticas que possuem uma identidade vis\u00edvel. No entanto, preservando a totalidade do Curso, as disciplinas B\u00e1sicas Gerais conferem um car\u00e1ter abrangente no campo educacional. O fortalecimento das Linhas de Pesquisa ocorre pela organicidade da produ\u00e7\u00e3o de professores e alunos, com contribui\u00e7\u00e3o significativa \u00e0s tem\u00e1ticas propostas para investiga\u00e7\u00e3o na linha. Considerando a produ\u00e7\u00e3o dos professores orientadores. Caber\u00e1 ao coordenador de cada Linha de Pesquisa, juntamente com os colegas e os alunos, propor atividades acad\u00eamicas, eventos e grupos de discuss\u00e3o que potencializem as reflex\u00f5es sobre os temas cl\u00e1ssicos e os emergentes na educa\u00e7\u00e3o, bem como socializar a produ\u00e7\u00e3o te\u00f3rica de circula\u00e7\u00e3o nacional e internacional para manter um n\u00edvel de exig\u00eancia e de cr\u00edtica permanente em rela\u00e7\u00e3o ao trabalho realizado na institui\u00e7\u00e3o.<\/p><p>Com a Miss\u00e3o de: \u201cFormar Pesquisadores na \u00e1rea de Educa\u00e7\u00e3o\u201d o PPGE conta com um grupo de professores com produ\u00e7\u00e3o cient\u00edfica relevante e reconhecida na \u00e1rea da Educa\u00e7\u00e3o, constitu\u00eddo a partir de 2021 por 39 Docentes Permanentes e dois professores visitantes estrangeiros, distribu\u00eddos nas quatro linhas de pesquisa.<\/p>\t\t\t\t\t\t<\/div>\n\t\t\t\t<\/div>\n\t\t\t\t\t<\/div>\n\t\t<\/div>\n\t\t\t\t\t<\/div>\n\t\t<\/section>\n\t\t\t\t<\/div>\n\t\t","protected":false},"excerpt":{"rendered":"<p>O Programa de P\u00f3s-gradua\u00e7\u00e3o em Educa\u00e7\u00e3o (PPGE) da Universidade Federal de Santa Maria (UFSM) teve in\u00edcio em 1970, como consequ\u00eancia de Conv\u00eanio firmado entre o Minist\u00e9rio da Educa\u00e7\u00e3o e Cultura do Brasil (MEC) e a Organiza\u00e7\u00e3o dos Estados Americanos (OEA). Inicia, portanto, no contexto da \u201cpol\u00edtica de integra\u00e7\u00e3o dos pa\u00edses do continente americano\u201d tal como [&hellip;]<\/p>\n","protected":false},"author":867,"featured_media":0,"parent":0,"menu_order":0,"comment_status":"closed","ping_status":"closed","template":"","meta":{"footnotes":""},"categories":[],"tags":[],"class_list":["post-3468","page","type-page","status-publish","hentry"],"acf":[],"_links":{"self":[{"href":"https:\/\/www.ufsm.br\/cursos\/pos-graduacao\/santa-maria\/ppge\/wp-json\/wp\/v2\/pages\/3468","targetHints":{"allow":["GET"]}}],"collection":[{"href":"https:\/\/www.ufsm.br\/cursos\/pos-graduacao\/santa-maria\/ppge\/wp-json\/wp\/v2\/pages"}],"about":[{"href":"https:\/\/www.ufsm.br\/cursos\/pos-graduacao\/santa-maria\/ppge\/wp-json\/wp\/v2\/types\/page"}],"author":[{"embeddable":true,"href":"https:\/\/www.ufsm.br\/cursos\/pos-graduacao\/santa-maria\/ppge\/wp-json\/wp\/v2\/users\/867"}],"replies":[{"embeddable":true,"href":"https:\/\/www.ufsm.br\/cursos\/pos-graduacao\/santa-maria\/ppge\/wp-json\/wp\/v2\/comments?post=3468"}],"version-history":[{"count":0,"href":"https:\/\/www.ufsm.br\/cursos\/pos-graduacao\/santa-maria\/ppge\/wp-json\/wp\/v2\/pages\/3468\/revisions"}],"wp:attachment":[{"href":"https:\/\/www.ufsm.br\/cursos\/pos-graduacao\/santa-maria\/ppge\/wp-json\/wp\/v2\/media?parent=3468"}],"wp:term":[{"taxonomy":"category","embeddable":true,"href":"https:\/\/www.ufsm.br\/cursos\/pos-graduacao\/santa-maria\/ppge\/wp-json\/wp\/v2\/categories?post=3468"},{"taxonomy":"post_tag","embeddable":true,"href":"https:\/\/www.ufsm.br\/cursos\/pos-graduacao\/santa-maria\/ppge\/wp-json\/wp\/v2\/tags?post=3468"}],"curies":[{"name":"wp","href":"https:\/\/api.w.org\/{rel}","templated":true}]}}