{"id":3501,"date":"2021-06-15T08:43:40","date_gmt":"2021-06-15T11:43:40","guid":{"rendered":"https:\/\/www.ufsm.br\/cursos\/pos-graduacao\/santa-maria\/ppge\/?page_id=3501"},"modified":"2025-08-06T15:23:45","modified_gmt":"2025-08-06T18:23:45","slug":"politica-de-acompanhamento-de-egressos","status":"publish","type":"page","link":"https:\/\/www.ufsm.br\/cursos\/pos-graduacao\/santa-maria\/ppge\/politica-de-acompanhamento-de-egressos","title":{"rendered":"Pol\u00edtica de Acompanhamento de Egressos"},"content":{"rendered":"\t\t<div data-elementor-type=\"wp-page\" data-elementor-id=\"3501\" class=\"elementor elementor-3501\">\n\t\t\t\t\t\t<section class=\"elementor-section elementor-top-section elementor-element elementor-element-bd97ed3 elementor-section-boxed elementor-section-height-default elementor-section-height-default\" data-id=\"bd97ed3\" data-element_type=\"section\">\n\t\t\t\t\t\t<div class=\"elementor-container elementor-column-gap-default\">\n\t\t\t\t\t<div class=\"elementor-column elementor-col-100 elementor-top-column elementor-element elementor-element-0e16bd3\" data-id=\"0e16bd3\" data-element_type=\"column\">\n\t\t\t<div class=\"elementor-widget-wrap elementor-element-populated\">\n\t\t\t\t\t\t<div class=\"elementor-element elementor-element-f72d3c8 elementor-widget elementor-widget-text-editor\" data-id=\"f72d3c8\" data-element_type=\"widget\" data-widget_type=\"text-editor.default\">\n\t\t\t\t<div class=\"elementor-widget-container\">\n\t\t\t\t\t\t\t<p>O Programa de P\u00f3s-Gradua\u00e7\u00e3o em Educa\u00e7\u00e3o da UFSM, ao longo de seus cinquenta e cinco anos, reafirma o compromisso de \u2018Formar professores pesquisadores na \u00e1rea da Educa\u00e7\u00e3o\u2019. Para isso, mant\u00e9m di\u00e1logo constante com seus egressos por meio de pesquisas peri\u00f3dicas, question\u00e1rios e espa\u00e7os de escuta. Estes instrumentos t\u00eam como objetivo acompanhar trajet\u00f3rias profissionais, impactos acad\u00eamicos e sociais da forma\u00e7\u00e3o recebida, al\u00e9m de aperfei\u00e7oar continuamente o Programa.<\/p>\t\t\t\t\t\t<\/div>\n\t\t\t\t<\/div>\n\t\t\t\t\t<\/div>\n\t\t<\/div>\n\t\t\t\t\t<\/div>\n\t\t<\/section>\n\t\t\t\t<\/div>\n\t\t","protected":false},"excerpt":{"rendered":"<p>O Programa de P\u00f3s-Gradua\u00e7\u00e3o em Educa\u00e7\u00e3o da UFSM, ao longo de seus cinquenta e cinco anos, reafirma o compromisso de \u2018Formar professores pesquisadores na \u00e1rea da Educa\u00e7\u00e3o\u2019. Para isso, mant\u00e9m di\u00e1logo constante com seus egressos por meio de pesquisas peri\u00f3dicas, question\u00e1rios e espa\u00e7os de escuta. Estes instrumentos t\u00eam como objetivo acompanhar trajet\u00f3rias profissionais, impactos acad\u00eamicos [&hellip;]<\/p>\n","protected":false},"author":3869,"featured_media":0,"parent":0,"menu_order":0,"comment_status":"closed","ping_status":"closed","template":"","meta":{"footnotes":""},"categories":[],"tags":[],"class_list":["post-3501","page","type-page","status-publish","hentry"],"acf":[],"_links":{"self":[{"href":"https:\/\/www.ufsm.br\/cursos\/pos-graduacao\/santa-maria\/ppge\/wp-json\/wp\/v2\/pages\/3501","targetHints":{"allow":["GET"]}}],"collection":[{"href":"https:\/\/www.ufsm.br\/cursos\/pos-graduacao\/santa-maria\/ppge\/wp-json\/wp\/v2\/pages"}],"about":[{"href":"https:\/\/www.ufsm.br\/cursos\/pos-graduacao\/santa-maria\/ppge\/wp-json\/wp\/v2\/types\/page"}],"author":[{"embeddable":true,"href":"https:\/\/www.ufsm.br\/cursos\/pos-graduacao\/santa-maria\/ppge\/wp-json\/wp\/v2\/users\/3869"}],"replies":[{"embeddable":true,"href":"https:\/\/www.ufsm.br\/cursos\/pos-graduacao\/santa-maria\/ppge\/wp-json\/wp\/v2\/comments?post=3501"}],"version-history":[{"count":0,"href":"https:\/\/www.ufsm.br\/cursos\/pos-graduacao\/santa-maria\/ppge\/wp-json\/wp\/v2\/pages\/3501\/revisions"}],"wp:attachment":[{"href":"https:\/\/www.ufsm.br\/cursos\/pos-graduacao\/santa-maria\/ppge\/wp-json\/wp\/v2\/media?parent=3501"}],"wp:term":[{"taxonomy":"category","embeddable":true,"href":"https:\/\/www.ufsm.br\/cursos\/pos-graduacao\/santa-maria\/ppge\/wp-json\/wp\/v2\/categories?post=3501"},{"taxonomy":"post_tag","embeddable":true,"href":"https:\/\/www.ufsm.br\/cursos\/pos-graduacao\/santa-maria\/ppge\/wp-json\/wp\/v2\/tags?post=3501"}],"curies":[{"name":"wp","href":"https:\/\/api.w.org\/{rel}","templated":true}]}}