{"id":4223,"date":"2022-09-09T18:27:04","date_gmt":"2022-09-09T21:27:04","guid":{"rendered":"https:\/\/www.ufsm.br\/cursos\/pos-graduacao\/santa-maria\/ppge\/?page_id=4223"},"modified":"2022-09-14T13:39:14","modified_gmt":"2022-09-14T16:39:14","slug":"historico-do-grupo-de-pesquisa","status":"publish","type":"page","link":"https:\/\/www.ufsm.br\/cursos\/pos-graduacao\/santa-maria\/ppge\/xxx-seminario-internacional\/historico-do-grupo-de-pesquisa","title":{"rendered":"Hist\u00f3rico do Grupo de Pesquisa"},"content":{"rendered":"\t\t<div data-elementor-type=\"wp-page\" data-elementor-id=\"4223\" class=\"elementor elementor-4223\">\n\t\t\t\t\t\t<section class=\"elementor-section elementor-top-section elementor-element elementor-element-07acd94 elementor-section-boxed elementor-section-height-default elementor-section-height-default\" data-id=\"07acd94\" data-element_type=\"section\">\n\t\t\t\t\t\t<div class=\"elementor-container elementor-column-gap-default\">\n\t\t\t\t\t<div class=\"elementor-column elementor-col-100 elementor-top-column elementor-element elementor-element-ad299f3\" data-id=\"ad299f3\" data-element_type=\"column\">\n\t\t\t<div class=\"elementor-widget-wrap elementor-element-populated\">\n\t\t\t\t\t\t<div class=\"elementor-element elementor-element-17236d2 elementor-widget elementor-widget-image\" data-id=\"17236d2\" data-element_type=\"widget\" data-widget_type=\"image.default\">\n\t\t\t\t<div class=\"elementor-widget-container\">\n\t\t\t\t\t\t\t\t\t\t\t\t\t<img fetchpriority=\"high\" decoding=\"async\" width=\"1920\" height=\"480\" src=\"https:\/\/www.ufsm.br\/app\/uploads\/sites\/547\/2022\/09\/XXX-Seminario-Internacional-Site.jpg\" class=\"attachment-2048x2048 size-2048x2048 wp-image-4230\" alt=\"\" srcset=\"https:\/\/www.ufsm.br\/app\/uploads\/sites\/547\/2022\/09\/XXX-Seminario-Internacional-Site.jpg 1920w, https:\/\/www.ufsm.br\/app\/uploads\/sites\/547\/2022\/09\/XXX-Seminario-Internacional-Site-300x75.jpg 300w, https:\/\/www.ufsm.br\/app\/uploads\/sites\/547\/2022\/09\/XXX-Seminario-Internacional-Site-1024x256.jpg 1024w, https:\/\/www.ufsm.br\/app\/uploads\/sites\/547\/2022\/09\/XXX-Seminario-Internacional-Site-768x192.jpg 768w, https:\/\/www.ufsm.br\/app\/uploads\/sites\/547\/2022\/09\/XXX-Seminario-Internacional-Site-1536x384.jpg 1536w\" sizes=\"(max-width: 1920px) 100vw, 1920px\" \/>\t\t\t\t\t\t\t\t\t\t\t\t\t<\/div>\n\t\t\t\t<\/div>\n\t\t\t\t\t<\/div>\n\t\t<\/div>\n\t\t\t\t\t<\/div>\n\t\t<\/section>\n\t\t\t\t<section class=\"elementor-section elementor-top-section elementor-element elementor-element-3208109 elementor-section-boxed elementor-section-height-default elementor-section-height-default\" data-id=\"3208109\" data-element_type=\"section\">\n\t\t\t\t\t\t<div class=\"elementor-container elementor-column-gap-default\">\n\t\t\t\t\t<div class=\"elementor-column elementor-col-100 elementor-top-column elementor-element elementor-element-641c6b2\" data-id=\"641c6b2\" data-element_type=\"column\">\n\t\t\t<div class=\"elementor-widget-wrap elementor-element-populated\">\n\t\t\t\t\t\t<div class=\"elementor-element elementor-element-eb26324 elementor-widget elementor-widget-heading\" data-id=\"eb26324\" data-element_type=\"widget\" data-widget_type=\"heading.default\">\n\t\t\t\t<div class=\"elementor-widget-container\">\n\t\t\t<h2 class=\"elementor-heading-title elementor-size-default\">Hist\u00f3rico do Grupo de Pesquisa<\/h2>\t\t<\/div>\n\t\t\t\t<\/div>\n\t\t\t\t\t<\/div>\n\t\t<\/div>\n\t\t\t\t\t<\/div>\n\t\t<\/section>\n\t\t\t\t<section class=\"elementor-section elementor-top-section elementor-element elementor-element-395b7e9 elementor-section-boxed elementor-section-height-default elementor-section-height-default\" data-id=\"395b7e9\" data-element_type=\"section\">\n\t\t\t\t\t\t<div class=\"elementor-container elementor-column-gap-default\">\n\t\t\t\t\t<div class=\"elementor-column elementor-col-100 elementor-top-column elementor-element elementor-element-4428493\" data-id=\"4428493\" data-element_type=\"column\">\n\t\t\t<div class=\"elementor-widget-wrap elementor-element-populated\">\n\t\t\t\t\t\t<div class=\"elementor-element elementor-element-cb08575 elementor-widget elementor-widget-text-editor\" data-id=\"cb08575\" data-element_type=\"widget\" data-widget_type=\"text-editor.default\">\n\t\t\t\t<div class=\"elementor-widget-container\">\n\t\t\t\t\t\t\t<p style=\"text-align: left\">O Grupo de Pesquisa versa sobre: <b>\u201cA forma\u00e7\u00e3o de professores para o Mercosul\/Cone Sul (Argentina, Brasil, Chile, Uruguai e Venezuela): princ\u00edpios, objetivos, modalidades. Perspectivas de uma forma\u00e7\u00e3o b\u00e1sica, geral, comum\u201d<\/b>, teve o seu nascedouro no Primeiro Encontro Internacional de Educa\u00e7\u00e3o do Mercosul, realizado em 1992 pela Associa\u00e7\u00e3o de Supervisores Educacionais do Rio Grande do Sul (ASSERS) em Bag\u00e9. Aquele encontro manifestou o n\u00e3o conformismo dos educadores com o Tratado de Assun\u00e7\u00e3o, assinado em mar\u00e7o de 1991, no Paraguai, entre a Argentina, Brasil, Paraguai e Uruguai, e o Grupo se comprometeu a trabalhar pela unidade desses povos, j\u00e1 desejada por Sim\u00f3n Bol\u00edvar, de uma Am\u00e9rica Latina integrada e unida.<\/p><p style=\"text-align: left\">Formou-se ent\u00e3o, em agosto de 1993, o Grupo de Pesquisa \u2013 GP &#8211; que passou a se preocupar com a forma\u00e7\u00e3o de professores no Mercosul\/Cone Sul. Este Grupo fixou sua sede na Universidade Federal do Rio Grande do Sul, mais especificamente na Faculdade de Educa\u00e7\u00e3o e no Programa de P\u00f3s-Gradua\u00e7\u00e3o em Educa\u00e7\u00e3o, coordenado inicialmente pelo professor Dr. Augusto Nibaldo Silva\u00a0Trivi\u00f1os. O Semin\u00e1rio coordenado por ele e integrado por cerca de quarenta pesquisadores da Argentina, da Bol\u00edvia, do Brasil, do Chile, do Paraguai e do Uruguai, agora \u00e9 coordenado pela Professora Susana Elba Vior da Universidade Nacional de Luj\u00e1n (Argentina). A exist\u00eancia do Grupo teve singular apoio dos organismos encarregados de desenvolver a pesquisa nas Universidades Federais e Estaduais brasileiras e em outros pa\u00edses.<\/p><p style=\"text-align: left\">Entre os objetivos do GP destacamos a busca incessante de estudar e pesquisar a forma\u00e7\u00e3o de professores para o Mercosul\/Cone Sul, tanto em sua evolu\u00e7\u00e3o hist\u00f3rica quanto em seu momento atual, ampliando para o contexto da Am\u00e9rica Latina, bem como a ideia de que \u00e9 na escola que ocorrem e\/ou se estimulam, na atualidade, os elementos b\u00e1sicos dos processos educativos que se\u00a0manifestam em qualquer tipo de comunidade civilizada e\/ou para o viver nas sociedades do s\u00e9culo XXI. E nela, sem d\u00favida alguma, o professor exerce uma lideran\u00e7a e uma influ\u00eancia indiscut\u00edvel.<\/p><p style=\"text-align: left\">Este Grupo entende que, da mesma forma como o mundo est\u00e1 se organizando em blocos econ\u00f4micos para sobreviver, n\u00f3s educadores e educadoras, precisamos postular para que esta integra\u00e7\u00e3o se fa\u00e7a presente em todos os campos das rela\u00e7\u00f5es humanas, em especial no campo educacional e cultural, para que nos integremos material e espiritualmente a partir dos valores e dos princ\u00edpios pr\u00f3prios dos povos que vivem na Am\u00e9rica Latina. N\u00f3s, professores, estamos conscientes desta necessidade na forma\u00e7\u00e3o das gera\u00e7\u00f5es jovens, na perspectiva de um mundo justo e eticamente comprometido.<\/p><p style=\"text-align: left\">As pesquisas que os membros do Grupo brasileiro levaram adiante, e levaram\u00a0a bom termo, desde o seu in\u00edcio estiveram e ainda est\u00e3o relacionadas direta ou indiretamente com a forma\u00e7\u00e3o de professores nos pa\u00edses do Mercosul\/Cone Sul. Os interc\u00e2mbios anuais com os colegas pesquisadores dos pa\u00edses integrantes\u00a0do Grupo, por meio da realiza\u00e7\u00e3o de Semin\u00e1rios Internacionais, tornam-se vitais para a manuten\u00e7\u00e3o e sustenta\u00e7\u00e3o de nossas pr\u00e1ticas educativas e de pesquisa.<span style=\"background-color: var(--bs-body-bg)\">\u00a0<\/span><\/p><p style=\"text-align: left\">Desta maneira, vamos a cada semin\u00e1rio anual, realizado nos diferentes pa\u00edses, no\u00a0sistema de rod\u00edzios, com um desejo grande de encontrar e ouvir a todos, de discutir a caminhada de pesquisas de cada Grupo e das condi\u00e7\u00f5es de cada pa\u00eds, mesmo que para isso, \u00e0s vezes, sejam necess\u00e1rios esfor\u00e7os f\u00edsicos, financeiros, materiais, sem d\u00favida alguma cansativos, mas a mente continua assim mesmo, aberta ao di\u00e1logo, \u00e0 partilha, \u00e0 descoberta e ao diferente.<\/p><p style=\"text-align: left\">As mem\u00f3rias do Grupo, e as viv\u00eancias dos pesquisadores, destacando-se no\u00a0cen\u00e1rio do Mercosul\/Cone Sul, na articula\u00e7\u00e3o dos semin\u00e1rios e das pesquisas na\u00a0forma\u00e7\u00e3o de professores, na publica\u00e7\u00e3o de artigos nas mais diferentes revistas\u00a0educacionais do Brasil, permite-nos propor e operacionalizar mais esta atividade de pesquisa. O Grupo se prop\u00f5e a caracterizar, na teoria e na pr\u00e1tica, o processo\u00a0hist\u00f3rico, socioecon\u00f4mico e educacional que singularizam, em suas semelhan\u00e7as e diferen\u00e7as, os pa\u00edses da Am\u00e9rica Latina.<\/p>\t\t\t\t\t\t<\/div>\n\t\t\t\t<\/div>\n\t\t\t\t\t<\/div>\n\t\t<\/div>\n\t\t\t\t\t<\/div>\n\t\t<\/section>\n\t\t\t\t<section class=\"elementor-section elementor-top-section elementor-element elementor-element-ba5f570 elementor-section-boxed elementor-section-height-default elementor-section-height-default\" data-id=\"ba5f570\" data-element_type=\"section\">\n\t\t\t\t\t\t<div class=\"elementor-container elementor-column-gap-default\">\n\t\t\t\t\t<div class=\"elementor-column elementor-col-100 elementor-top-column elementor-element elementor-element-16c7fe5\" data-id=\"16c7fe5\" data-element_type=\"column\">\n\t\t\t<div class=\"elementor-widget-wrap elementor-element-populated\">\n\t\t\t\t\t\t<div class=\"elementor-element elementor-element-8d4ee2d elementor-align-center elementor-widget elementor-widget-button\" data-id=\"8d4ee2d\" data-element_type=\"widget\" data-widget_type=\"button.default\">\n\t\t\t\t<div class=\"elementor-widget-container\">\n\t\t\t\t\t\t\t<div class=\"elementor-button-wrapper\">\n\t\t\t\t\t<a class=\"elementor-button elementor-button-link elementor-size-md\" href=\"https:\/\/www.ufsm.br\/cursos\/pos-graduacao\/santa-maria\/ppge\/xxx-seminario-internacional\/\">\n\t\t\t\t\t\t<span class=\"elementor-button-content-wrapper\">\n\t\t\t\t\t\t\t\t\t<span class=\"elementor-button-text\">Voltar<\/span>\n\t\t\t\t\t<\/span>\n\t\t\t\t\t<\/a>\n\t\t\t\t<\/div>\n\t\t\t\t\t\t<\/div>\n\t\t\t\t<\/div>\n\t\t\t\t\t<\/div>\n\t\t<\/div>\n\t\t\t\t\t<\/div>\n\t\t<\/section>\n\t\t\t\t<section class=\"elementor-section elementor-top-section elementor-element elementor-element-c4a8a71 elementor-section-boxed elementor-section-height-default elementor-section-height-default\" data-id=\"c4a8a71\" data-element_type=\"section\">\n\t\t\t\t\t\t<div class=\"elementor-container elementor-column-gap-default\">\n\t\t\t\t\t<div class=\"elementor-column elementor-col-100 elementor-top-column elementor-element elementor-element-00f20c1\" data-id=\"00f20c1\" data-element_type=\"column\">\n\t\t\t<div class=\"elementor-widget-wrap elementor-element-populated\">\n\t\t\t\t\t\t<div class=\"elementor-element elementor-element-7f6996c elementor-widget elementor-widget-image\" data-id=\"7f6996c\" data-element_type=\"widget\" data-widget_type=\"image.default\">\n\t\t\t\t<div class=\"elementor-widget-container\">\n\t\t\t\t\t\t\t\t\t\t\t\t\t<img decoding=\"async\" width=\"1536\" height=\"383\" src=\"https:\/\/www.ufsm.br\/app\/uploads\/sites\/547\/2022\/09\/XXX-Seminario-Internacional-Site-2-7-1536x383.jpg\" class=\"attachment-1536x1536 size-1536x1536 wp-image-4273\" alt=\"\" srcset=\"https:\/\/www.ufsm.br\/app\/uploads\/sites\/547\/2022\/09\/XXX-Seminario-Internacional-Site-2-7-1536x383.jpg 1536w, https:\/\/www.ufsm.br\/app\/uploads\/sites\/547\/2022\/09\/XXX-Seminario-Internacional-Site-2-7-300x75.jpg 300w, https:\/\/www.ufsm.br\/app\/uploads\/sites\/547\/2022\/09\/XXX-Seminario-Internacional-Site-2-7-1024x255.jpg 1024w, https:\/\/www.ufsm.br\/app\/uploads\/sites\/547\/2022\/09\/XXX-Seminario-Internacional-Site-2-7-768x192.jpg 768w, https:\/\/www.ufsm.br\/app\/uploads\/sites\/547\/2022\/09\/XXX-Seminario-Internacional-Site-2-7.jpg 1920w\" sizes=\"(max-width: 1536px) 100vw, 1536px\" \/>\t\t\t\t\t\t\t\t\t\t\t\t\t<\/div>\n\t\t\t\t<\/div>\n\t\t\t\t\t<\/div>\n\t\t<\/div>\n\t\t\t\t\t<\/div>\n\t\t<\/section>\n\t\t\t\t<\/div>\n\t\t","protected":false},"excerpt":{"rendered":"<p>Hist\u00f3rico do Grupo de Pesquisa O Grupo de Pesquisa versa sobre: \u201cA forma\u00e7\u00e3o de professores para o Mercosul\/Cone Sul (Argentina, Brasil, Chile, Uruguai e Venezuela): princ\u00edpios, objetivos, modalidades. Perspectivas de uma forma\u00e7\u00e3o b\u00e1sica, geral, comum\u201d, teve o seu nascedouro no Primeiro Encontro Internacional de Educa\u00e7\u00e3o do Mercosul, realizado em 1992 pela Associa\u00e7\u00e3o de Supervisores Educacionais [&hellip;]<\/p>\n","protected":false},"author":4568,"featured_media":0,"parent":4216,"menu_order":0,"comment_status":"closed","ping_status":"closed","template":"","meta":{"footnotes":""},"categories":[],"tags":[],"class_list":["post-4223","page","type-page","status-publish","hentry"],"acf":[],"_links":{"self":[{"href":"https:\/\/www.ufsm.br\/cursos\/pos-graduacao\/santa-maria\/ppge\/wp-json\/wp\/v2\/pages\/4223","targetHints":{"allow":["GET"]}}],"collection":[{"href":"https:\/\/www.ufsm.br\/cursos\/pos-graduacao\/santa-maria\/ppge\/wp-json\/wp\/v2\/pages"}],"about":[{"href":"https:\/\/www.ufsm.br\/cursos\/pos-graduacao\/santa-maria\/ppge\/wp-json\/wp\/v2\/types\/page"}],"author":[{"embeddable":true,"href":"https:\/\/www.ufsm.br\/cursos\/pos-graduacao\/santa-maria\/ppge\/wp-json\/wp\/v2\/users\/4568"}],"replies":[{"embeddable":true,"href":"https:\/\/www.ufsm.br\/cursos\/pos-graduacao\/santa-maria\/ppge\/wp-json\/wp\/v2\/comments?post=4223"}],"version-history":[{"count":0,"href":"https:\/\/www.ufsm.br\/cursos\/pos-graduacao\/santa-maria\/ppge\/wp-json\/wp\/v2\/pages\/4223\/revisions"}],"up":[{"embeddable":true,"href":"https:\/\/www.ufsm.br\/cursos\/pos-graduacao\/santa-maria\/ppge\/wp-json\/wp\/v2\/pages\/4216"}],"wp:attachment":[{"href":"https:\/\/www.ufsm.br\/cursos\/pos-graduacao\/santa-maria\/ppge\/wp-json\/wp\/v2\/media?parent=4223"}],"wp:term":[{"taxonomy":"category","embeddable":true,"href":"https:\/\/www.ufsm.br\/cursos\/pos-graduacao\/santa-maria\/ppge\/wp-json\/wp\/v2\/categories?post=4223"},{"taxonomy":"post_tag","embeddable":true,"href":"https:\/\/www.ufsm.br\/cursos\/pos-graduacao\/santa-maria\/ppge\/wp-json\/wp\/v2\/tags?post=4223"}],"curies":[{"name":"wp","href":"https:\/\/api.w.org\/{rel}","templated":true}]}}