{"id":4247,"date":"2022-09-13T15:13:39","date_gmt":"2022-09-13T18:13:39","guid":{"rendered":"https:\/\/www.ufsm.br\/cursos\/pos-graduacao\/santa-maria\/ppge\/?page_id=4247"},"modified":"2022-09-21T18:36:31","modified_gmt":"2022-09-21T21:36:31","slug":"comite-cientifico","status":"publish","type":"page","link":"https:\/\/www.ufsm.br\/cursos\/pos-graduacao\/santa-maria\/ppge\/xxx-seminario-internacional\/comite-cientifico","title":{"rendered":"Comit\u00ea Cient\u00edfico"},"content":{"rendered":"\t\t<div data-elementor-type=\"wp-page\" data-elementor-id=\"4247\" class=\"elementor elementor-4247\">\n\t\t\t\t\t\t<section class=\"elementor-section elementor-top-section elementor-element elementor-element-b67dcd0 elementor-section-boxed elementor-section-height-default elementor-section-height-default\" data-id=\"b67dcd0\" data-element_type=\"section\">\n\t\t\t\t\t\t<div class=\"elementor-container elementor-column-gap-default\">\n\t\t\t\t\t<div class=\"elementor-column elementor-col-100 elementor-top-column elementor-element elementor-element-5bbd940\" data-id=\"5bbd940\" data-element_type=\"column\">\n\t\t\t<div class=\"elementor-widget-wrap elementor-element-populated\">\n\t\t\t\t\t\t<div class=\"elementor-element elementor-element-b6a7155 elementor-widget elementor-widget-image\" data-id=\"b6a7155\" data-element_type=\"widget\" data-widget_type=\"image.default\">\n\t\t\t\t<div class=\"elementor-widget-container\">\n\t\t\t\t\t\t\t\t\t\t\t\t\t<img fetchpriority=\"high\" decoding=\"async\" width=\"1920\" height=\"480\" src=\"https:\/\/www.ufsm.br\/app\/uploads\/sites\/547\/2022\/09\/XXX-Seminario-Internacional-Site.jpg\" class=\"attachment-2048x2048 size-2048x2048 wp-image-4230\" alt=\"\" srcset=\"https:\/\/www.ufsm.br\/app\/uploads\/sites\/547\/2022\/09\/XXX-Seminario-Internacional-Site.jpg 1920w, https:\/\/www.ufsm.br\/app\/uploads\/sites\/547\/2022\/09\/XXX-Seminario-Internacional-Site-300x75.jpg 300w, https:\/\/www.ufsm.br\/app\/uploads\/sites\/547\/2022\/09\/XXX-Seminario-Internacional-Site-1024x256.jpg 1024w, https:\/\/www.ufsm.br\/app\/uploads\/sites\/547\/2022\/09\/XXX-Seminario-Internacional-Site-768x192.jpg 768w, https:\/\/www.ufsm.br\/app\/uploads\/sites\/547\/2022\/09\/XXX-Seminario-Internacional-Site-1536x384.jpg 1536w\" sizes=\"(max-width: 1920px) 100vw, 1920px\" \/>\t\t\t\t\t\t\t\t\t\t\t\t\t<\/div>\n\t\t\t\t<\/div>\n\t\t\t\t\t<\/div>\n\t\t<\/div>\n\t\t\t\t\t<\/div>\n\t\t<\/section>\n\t\t\t\t<section class=\"elementor-section elementor-top-section elementor-element elementor-element-14778c2 elementor-section-boxed elementor-section-height-default elementor-section-height-default\" data-id=\"14778c2\" data-element_type=\"section\">\n\t\t\t\t\t\t<div class=\"elementor-container elementor-column-gap-default\">\n\t\t\t\t\t<div class=\"elementor-column elementor-col-100 elementor-top-column elementor-element elementor-element-654ffba\" data-id=\"654ffba\" data-element_type=\"column\">\n\t\t\t<div class=\"elementor-widget-wrap elementor-element-populated\">\n\t\t\t\t\t\t<div class=\"elementor-element elementor-element-ef2600e elementor-widget elementor-widget-heading\" data-id=\"ef2600e\" data-element_type=\"widget\" data-widget_type=\"heading.default\">\n\t\t\t\t<div class=\"elementor-widget-container\">\n\t\t\t<h2 class=\"elementor-heading-title elementor-size-default\">Comit\u00ea Cient\u00edfico<\/h2>\t\t<\/div>\n\t\t\t\t<\/div>\n\t\t\t\t\t<\/div>\n\t\t<\/div>\n\t\t\t\t\t<\/div>\n\t\t<\/section>\n\t\t\t\t<section class=\"elementor-section elementor-top-section elementor-element elementor-element-c36011e elementor-section-boxed elementor-section-height-default elementor-section-height-default\" data-id=\"c36011e\" data-element_type=\"section\">\n\t\t\t\t\t\t<div class=\"elementor-container elementor-column-gap-default\">\n\t\t\t\t\t<div class=\"elementor-column elementor-col-100 elementor-top-column elementor-element elementor-element-423e3ff\" data-id=\"423e3ff\" data-element_type=\"column\">\n\t\t\t<div class=\"elementor-widget-wrap elementor-element-populated\">\n\t\t\t\t\t\t<div class=\"elementor-element elementor-element-02251be elementor-widget elementor-widget-text-editor\" data-id=\"02251be\" data-element_type=\"widget\" data-widget_type=\"text-editor.default\">\n\t\t\t\t<div class=\"elementor-widget-container\">\n\t\t\t\t\t\t\t<p><img decoding=\"async\" class=\"emoji\" role=\"img\" src=\"https:\/\/s.w.org\/images\/core\/emoji\/14.0.0\/svg\/25aa.svg\" alt=\"\u25aa\"> <b>Eixo 1. Forma\u00e7\u00e3o de Professores para a Educa\u00e7\u00e3o B\u00e1sica (Educa\u00e7\u00e3o Infantil, Ensino Fundamental e Ensino M\u00e9dio)<\/b><br>Graziela Macuglia Oyarzabal &#8211; Universidade Luterana do Brasil<br>Jaira dos Santos Coelho &#8211; Associa\u00e7\u00e3o dos Supervisores de Educa\u00e7\u00e3o do Estado do Rio Grande do Sul<\/p>\n<p><img decoding=\"async\" class=\"emoji\" role=\"img\" src=\"https:\/\/s.w.org\/images\/core\/emoji\/14.0.0\/svg\/25aa.svg\" alt=\"\u25aa\"> <b>Eixo 2. Forma\u00e7\u00e3o de Professores e Fundamentos da Educa\u00e7\u00e3o<\/b><br>Janete Otte &#8211; Instituto Federal de Educa\u00e7\u00e3o, Ci\u00eancia e Tecnologia Sul-rio-grandense (IFSul) &#8211; Campus Pelotas<br>Leni Hack &#8211; Universidade do Estado de Mato Grosso<\/p>\n<p><img decoding=\"async\" class=\"emoji\" role=\"img\" src=\"https:\/\/s.w.org\/images\/core\/emoji\/14.0.0\/svg\/25aa.svg\" alt=\"\u25aa\"> <b>Eixo 3. Forma\u00e7\u00e3o de Professores e Tecnologia da Informa\u00e7\u00e3o e da Comunica\u00e7\u00e3o<\/b><br>Claudia Escalante Medeiros &#8211; Col\u00e9gio Estadual General Hip\u00f3lito Ribeiro<br>Carla Decoud &#8211; Universidad Nacional de Asunci\u00f3n<br>Miguel Alfredo Orth &#8211; Universidade Federal de Pelotas<br>Rosangela Martins Carrara &#8211; Centro Universit\u00e1rio FACVEST (UNIFACVEST)<\/p>\n<p><img decoding=\"async\" class=\"emoji\" role=\"img\" src=\"https:\/\/s.w.org\/images\/core\/emoji\/14.0.0\/svg\/25aa.svg\" alt=\"\u25aa\"> <b>Eixo 4. Forma\u00e7\u00e3o de Professores e Diversidade Cultural (Educa\u00e7\u00e3o de Jovens e Adultos, Educa\u00e7\u00e3o Profissional e tecnol\u00f3gica, Educa\u00e7\u00e3o do Campo, Educa\u00e7\u00e3o Especial, Educa\u00e7\u00e3o Ind\u00edgena, Educa\u00e7\u00e3o para Rela\u00e7\u00f5es \u00c9tnico-Raciais, Educa\u00e7\u00e3o Quilombola, Educa\u00e7\u00e3o Social)<\/b><br>Carmen Lucia Bezerra Machado &#8211; Universidade Federal do Rio Grande do Sul<br>Simone Silva Alves &#8211; Universidade Federal do Pampa<\/p>\n<p><img decoding=\"async\" class=\"emoji\" role=\"img\" src=\"https:\/\/s.w.org\/images\/core\/emoji\/14.0.0\/svg\/25aa.svg\" alt=\"\u25aa\"> <b>Eixo 5. Educa\u00e7\u00e3o e Trabalho<\/b><br>Carla Cristina Dutra Burigo &#8211; Universidade Federal de Santa Catarina<br>Concei\u00e7\u00e3o Paludo &#8211; Universidade Federal do Rio Grande do Sul<br>Monica Feitosa de Carvalho Pedrozo Gon\u00e7alves &#8211; Universidade Federal de Santa Catarina<\/p>\n<p><img decoding=\"async\" class=\"emoji\" role=\"img\" src=\"https:\/\/s.w.org\/images\/core\/emoji\/14.0.0\/svg\/25aa.svg\" alt=\"\u25aa\"> <b>Eixo 6. Forma\u00e7\u00e3o de Professores e Psican\u00e1lise <\/b><br>Janes Teresinha Fraga Siqueira &#8211; Instituto de Estudos de Psican\u00e1lise do CPRS<br>Magda Maria Colao &#8211; Universidade de Caxias do Sul<\/p>\n<p><img decoding=\"async\" class=\"emoji\" role=\"img\" src=\"https:\/\/s.w.org\/images\/core\/emoji\/14.0.0\/svg\/25aa.svg\" alt=\"\u25aa\"> <b>Eixo 7. Pol\u00edticas Educacionais e Forma\u00e7\u00e3o de Professores no Ensino Superior<\/b><br>C\u00e1ssia Hack &#8211; Universidade Federal do Amap\u00e1<br>Ver\u00f4nica Muller &#8211; Universidade de Maring\u00e1<\/p>\n<p><img decoding=\"async\" class=\"emoji\" role=\"img\" src=\"https:\/\/s.w.org\/images\/core\/emoji\/14.0.0\/svg\/25aa.svg\" alt=\"\u25aa\"> <b>Eixo 8. Forma\u00e7\u00e3o de Professores e Meio Ambiente; Democracia e Participa\u00e7\u00e3o Social<\/b><br>Luis Fernando Minasi &#8211; Funda\u00e7\u00e3o Universidade de Rio Grande<\/p>\t\t\t\t\t\t<\/div>\n\t\t\t\t<\/div>\n\t\t\t\t\t<\/div>\n\t\t<\/div>\n\t\t\t\t\t<\/div>\n\t\t<\/section>\n\t\t\t\t<section class=\"elementor-section elementor-top-section elementor-element elementor-element-f03e898 elementor-section-boxed elementor-section-height-default elementor-section-height-default\" data-id=\"f03e898\" data-element_type=\"section\">\n\t\t\t\t\t\t<div class=\"elementor-container elementor-column-gap-default\">\n\t\t\t\t\t<div class=\"elementor-column elementor-col-100 elementor-top-column elementor-element elementor-element-3244d19\" data-id=\"3244d19\" data-element_type=\"column\">\n\t\t\t<div class=\"elementor-widget-wrap elementor-element-populated\">\n\t\t\t\t\t\t<div class=\"elementor-element elementor-element-2b68489 elementor-align-center elementor-widget elementor-widget-button\" data-id=\"2b68489\" data-element_type=\"widget\" data-widget_type=\"button.default\">\n\t\t\t\t<div class=\"elementor-widget-container\">\n\t\t\t\t\t\t\t<div class=\"elementor-button-wrapper\">\n\t\t\t\t\t<a class=\"elementor-button elementor-button-link elementor-size-md\" href=\"https:\/\/www.ufsm.br\/cursos\/pos-graduacao\/santa-maria\/ppge\/xxx-seminario-internacional\/\">\n\t\t\t\t\t\t<span class=\"elementor-button-content-wrapper\">\n\t\t\t\t\t\t\t\t\t<span class=\"elementor-button-text\">Voltar<\/span>\n\t\t\t\t\t<\/span>\n\t\t\t\t\t<\/a>\n\t\t\t\t<\/div>\n\t\t\t\t\t\t<\/div>\n\t\t\t\t<\/div>\n\t\t\t\t\t<\/div>\n\t\t<\/div>\n\t\t\t\t\t<\/div>\n\t\t<\/section>\n\t\t\t\t<section class=\"elementor-section elementor-top-section elementor-element elementor-element-f575147 elementor-section-boxed elementor-section-height-default elementor-section-height-default\" data-id=\"f575147\" data-element_type=\"section\">\n\t\t\t\t\t\t<div class=\"elementor-container elementor-column-gap-default\">\n\t\t\t\t\t<div class=\"elementor-column elementor-col-100 elementor-top-column elementor-element elementor-element-fb25123\" data-id=\"fb25123\" data-element_type=\"column\">\n\t\t\t<div class=\"elementor-widget-wrap elementor-element-populated\">\n\t\t\t\t\t\t<div class=\"elementor-element elementor-element-3c2807f elementor-widget elementor-widget-image\" data-id=\"3c2807f\" data-element_type=\"widget\" data-widget_type=\"image.default\">\n\t\t\t\t<div class=\"elementor-widget-container\">\n\t\t\t\t\t\t\t\t\t\t\t\t\t<img decoding=\"async\" width=\"1536\" height=\"383\" src=\"https:\/\/www.ufsm.br\/app\/uploads\/sites\/547\/2022\/09\/XXX-Seminario-Internacional-Site-2-5-1536x383.jpg\" class=\"attachment-1536x1536 size-1536x1536 wp-image-4268\" alt=\"\" srcset=\"https:\/\/www.ufsm.br\/app\/uploads\/sites\/547\/2022\/09\/XXX-Seminario-Internacional-Site-2-5-1536x383.jpg 1536w, https:\/\/www.ufsm.br\/app\/uploads\/sites\/547\/2022\/09\/XXX-Seminario-Internacional-Site-2-5-300x75.jpg 300w, https:\/\/www.ufsm.br\/app\/uploads\/sites\/547\/2022\/09\/XXX-Seminario-Internacional-Site-2-5-1024x255.jpg 1024w, https:\/\/www.ufsm.br\/app\/uploads\/sites\/547\/2022\/09\/XXX-Seminario-Internacional-Site-2-5-768x192.jpg 768w, https:\/\/www.ufsm.br\/app\/uploads\/sites\/547\/2022\/09\/XXX-Seminario-Internacional-Site-2-5.jpg 1920w\" sizes=\"(max-width: 1536px) 100vw, 1536px\" \/>\t\t\t\t\t\t\t\t\t\t\t\t\t<\/div>\n\t\t\t\t<\/div>\n\t\t\t\t\t<\/div>\n\t\t<\/div>\n\t\t\t\t\t<\/div>\n\t\t<\/section>\n\t\t\t\t<\/div>\n\t\t","protected":false},"excerpt":{"rendered":"<p>Comit\u00ea Cient\u00edfico Eixo 1. Forma\u00e7\u00e3o de Professores para a Educa\u00e7\u00e3o B\u00e1sica (Educa\u00e7\u00e3o Infantil, Ensino Fundamental e Ensino M\u00e9dio)Graziela Macuglia Oyarzabal &#8211; Universidade Luterana do BrasilJaira dos Santos Coelho &#8211; Associa\u00e7\u00e3o dos Supervisores de Educa\u00e7\u00e3o do Estado do Rio Grande do Sul Eixo 2. Forma\u00e7\u00e3o de Professores e Fundamentos da Educa\u00e7\u00e3oJanete Otte &#8211; Instituto Federal de [&hellip;]<\/p>\n","protected":false},"author":4568,"featured_media":0,"parent":4216,"menu_order":0,"comment_status":"closed","ping_status":"closed","template":"","meta":{"footnotes":""},"categories":[],"tags":[],"class_list":["post-4247","page","type-page","status-publish","hentry"],"acf":[],"_links":{"self":[{"href":"https:\/\/www.ufsm.br\/cursos\/pos-graduacao\/santa-maria\/ppge\/wp-json\/wp\/v2\/pages\/4247","targetHints":{"allow":["GET"]}}],"collection":[{"href":"https:\/\/www.ufsm.br\/cursos\/pos-graduacao\/santa-maria\/ppge\/wp-json\/wp\/v2\/pages"}],"about":[{"href":"https:\/\/www.ufsm.br\/cursos\/pos-graduacao\/santa-maria\/ppge\/wp-json\/wp\/v2\/types\/page"}],"author":[{"embeddable":true,"href":"https:\/\/www.ufsm.br\/cursos\/pos-graduacao\/santa-maria\/ppge\/wp-json\/wp\/v2\/users\/4568"}],"replies":[{"embeddable":true,"href":"https:\/\/www.ufsm.br\/cursos\/pos-graduacao\/santa-maria\/ppge\/wp-json\/wp\/v2\/comments?post=4247"}],"version-history":[{"count":0,"href":"https:\/\/www.ufsm.br\/cursos\/pos-graduacao\/santa-maria\/ppge\/wp-json\/wp\/v2\/pages\/4247\/revisions"}],"up":[{"embeddable":true,"href":"https:\/\/www.ufsm.br\/cursos\/pos-graduacao\/santa-maria\/ppge\/wp-json\/wp\/v2\/pages\/4216"}],"wp:attachment":[{"href":"https:\/\/www.ufsm.br\/cursos\/pos-graduacao\/santa-maria\/ppge\/wp-json\/wp\/v2\/media?parent=4247"}],"wp:term":[{"taxonomy":"category","embeddable":true,"href":"https:\/\/www.ufsm.br\/cursos\/pos-graduacao\/santa-maria\/ppge\/wp-json\/wp\/v2\/categories?post=4247"},{"taxonomy":"post_tag","embeddable":true,"href":"https:\/\/www.ufsm.br\/cursos\/pos-graduacao\/santa-maria\/ppge\/wp-json\/wp\/v2\/tags?post=4247"}],"curies":[{"name":"wp","href":"https:\/\/api.w.org\/{rel}","templated":true}]}}