{"id":4253,"date":"2022-09-13T15:22:25","date_gmt":"2022-09-13T18:22:25","guid":{"rendered":"https:\/\/www.ufsm.br\/cursos\/pos-graduacao\/santa-maria\/ppge\/?page_id=4253"},"modified":"2022-11-15T14:57:35","modified_gmt":"2022-11-15T17:57:35","slug":"programacao-geral","status":"publish","type":"page","link":"https:\/\/www.ufsm.br\/cursos\/pos-graduacao\/santa-maria\/ppge\/xxx-seminario-internacional\/programacao-geral","title":{"rendered":"Programa\u00e7\u00e3o Geral"},"content":{"rendered":"\t\t<div data-elementor-type=\"wp-page\" data-elementor-id=\"4253\" class=\"elementor elementor-4253\">\n\t\t\t\t\t\t<section class=\"elementor-section elementor-top-section elementor-element elementor-element-32fd705 elementor-section-boxed elementor-section-height-default elementor-section-height-default\" data-id=\"32fd705\" data-element_type=\"section\">\n\t\t\t\t\t\t<div class=\"elementor-container elementor-column-gap-default\">\n\t\t\t\t\t<div class=\"elementor-column elementor-col-100 elementor-top-column elementor-element elementor-element-2ed1fb9\" data-id=\"2ed1fb9\" data-element_type=\"column\">\n\t\t\t<div class=\"elementor-widget-wrap elementor-element-populated\">\n\t\t\t\t\t\t<div class=\"elementor-element elementor-element-626b675 elementor-widget elementor-widget-image\" data-id=\"626b675\" data-element_type=\"widget\" data-widget_type=\"image.default\">\n\t\t\t\t<div class=\"elementor-widget-container\">\n\t\t\t\t\t\t\t\t\t\t\t\t\t<img fetchpriority=\"high\" decoding=\"async\" width=\"1920\" height=\"480\" src=\"https:\/\/www.ufsm.br\/app\/uploads\/sites\/547\/2022\/09\/XXX-Seminario-Internacional-Site.jpg\" class=\"attachment-2048x2048 size-2048x2048 wp-image-4230\" alt=\"\" srcset=\"https:\/\/www.ufsm.br\/app\/uploads\/sites\/547\/2022\/09\/XXX-Seminario-Internacional-Site.jpg 1920w, https:\/\/www.ufsm.br\/app\/uploads\/sites\/547\/2022\/09\/XXX-Seminario-Internacional-Site-300x75.jpg 300w, https:\/\/www.ufsm.br\/app\/uploads\/sites\/547\/2022\/09\/XXX-Seminario-Internacional-Site-1024x256.jpg 1024w, https:\/\/www.ufsm.br\/app\/uploads\/sites\/547\/2022\/09\/XXX-Seminario-Internacional-Site-768x192.jpg 768w, https:\/\/www.ufsm.br\/app\/uploads\/sites\/547\/2022\/09\/XXX-Seminario-Internacional-Site-1536x384.jpg 1536w\" sizes=\"(max-width: 1920px) 100vw, 1920px\" \/>\t\t\t\t\t\t\t\t\t\t\t\t\t<\/div>\n\t\t\t\t<\/div>\n\t\t\t\t\t<\/div>\n\t\t<\/div>\n\t\t\t\t\t<\/div>\n\t\t<\/section>\n\t\t\t\t<section class=\"elementor-section elementor-top-section elementor-element elementor-element-a269e42 elementor-section-boxed elementor-section-height-default elementor-section-height-default\" data-id=\"a269e42\" data-element_type=\"section\">\n\t\t\t\t\t\t<div class=\"elementor-container elementor-column-gap-default\">\n\t\t\t\t\t<div class=\"elementor-column elementor-col-100 elementor-top-column elementor-element elementor-element-5f5bc94\" data-id=\"5f5bc94\" data-element_type=\"column\">\n\t\t\t<div class=\"elementor-widget-wrap elementor-element-populated\">\n\t\t\t\t\t\t<div class=\"elementor-element elementor-element-eacc1b5 elementor-widget elementor-widget-heading\" data-id=\"eacc1b5\" data-element_type=\"widget\" data-widget_type=\"heading.default\">\n\t\t\t\t<div class=\"elementor-widget-container\">\n\t\t\t<h2 class=\"elementor-heading-title elementor-size-default\">Programa\u00e7\u00e3o Geral<\/h2>\t\t<\/div>\n\t\t\t\t<\/div>\n\t\t\t\t\t<\/div>\n\t\t<\/div>\n\t\t\t\t\t<\/div>\n\t\t<\/section>\n\t\t\t\t<section class=\"elementor-section elementor-top-section elementor-element elementor-element-5dd7d38 elementor-section-boxed elementor-section-height-default elementor-section-height-default\" data-id=\"5dd7d38\" data-element_type=\"section\">\n\t\t\t\t\t\t<div class=\"elementor-container elementor-column-gap-default\">\n\t\t\t\t\t<div class=\"elementor-column elementor-col-100 elementor-top-column elementor-element elementor-element-45100ac\" data-id=\"45100ac\" data-element_type=\"column\">\n\t\t\t<div class=\"elementor-widget-wrap elementor-element-populated\">\n\t\t\t\t\t\t<div class=\"elementor-element elementor-element-c00ef92 elementor-widget elementor-widget-text-editor\" data-id=\"c00ef92\" data-element_type=\"widget\" data-widget_type=\"text-editor.default\">\n\t\t\t\t<div class=\"elementor-widget-container\">\n\t\t\t\t\t\t\t<p>\u00a0<\/p><table style=\"border-collapse: collapse;width: 100%\"><tbody><tr><td style=\"width: 100%\" colspan=\"2\"><p style=\"text-align: center\"><span style=\"font-family: georgia, palatino, serif;color: #1bd1a4\"><b><span style=\"font-size: 14pt\">16\/11 &#8211; Quarta-feira<\/span><br \/><\/b><b style=\"font-size: inherit\">Local: Audit\u00f3rio do Centro de Educa\u00e7\u00e3o &#8211; AUDIMAX |\u00a0<\/b><\/span><span style=\"color: #1bd1a4\"><b><span style=\"font-size: 16px;text-align: var(--bs-body-text-align);background-color: var(--bs-body-bg)\">Salas do Centro de Educa\u00e7\u00e3o<\/span><span style=\"font-size: 16px;text-align: var(--bs-body-text-align);background-color: var(--bs-body-bg)\">\u00a0UFSM<\/span><\/b><\/span><\/p><\/td><\/tr><tr><td style=\"width: 50%\"><p style=\"text-align: center\"><span style=\"font-family: georgia, palatino, serif\"><b>9h &#8211; 9h30min<\/b><\/span><\/p><\/td><td style=\"width: 50%\"><p><span style=\"font-family: georgia, palatino, serif\"><b>Ato Inaugural<\/b><\/span><\/p><p><em style=\"color: #000000;font-size: 16px\">Local: Audit\u00f3rio do Centro de Educa\u00e7\u00e3o &#8211; AUDIMAX.<\/em><b><\/b><\/p><p><span style=\"font-size: 12pt\"><img decoding=\"async\" class=\"emoji\" role=\"img\" src=\"https:\/\/s.w.org\/images\/core\/emoji\/14.0.0\/svg\/1f4e1.svg\" alt=\"\ud83d\udce1\" \/><\/span>\u00a0<a href=\"https:\/\/www.youtube.com\/watch?v=4lP6x9Ey8ng\" target=\"_blank\" rel=\"noopener\"><b>Clique aqui para assistir a Transmiss\u00e3o ao vivo.<\/b><\/a><\/p><p>\u00a0<\/p><p><em style=\"color: #000000;font-size: 16px\">\u00a0<\/em><\/p><p><span style=\"font-family: georgia, palatino, serif\">Mesa de abertura:<\/span><\/p><ul style=\"list-style-type: square\"><li><span style=\"background-color: var(--bs-body-bg);text-align: var(--bs-body-text-align);font-family: georgia, palatino, serif\">Representante da Reitoria da UFSM<\/span><\/li><li><span style=\"font-family: georgia, palatino, serif\"><span style=\"background-color: var(--bs-body-bg);text-align: var(--bs-body-text-align)\">Representante da Pr\u00f3-Reitoria de P\u00f3s-Gradua\u00e7\u00e3o e<br \/><\/span><span style=\"background-color: var(--bs-body-bg);text-align: var(--bs-body-text-align)\">Pesquisa\/UFSM<\/span><\/span><\/li><li><span style=\"background-color: var(--bs-body-bg);text-align: var(--bs-body-text-align);font-family: georgia, palatino, serif\">Diretora da Faculdade de Educa\u00e7\u00e3o\/UFSM<\/span><\/li><li><span style=\"background-color: var(--bs-body-bg);text-align: var(--bs-body-text-align);font-family: georgia, palatino, serif\">Coordenador do PPGE\/UFSM<\/span><\/li><li><span style=\"background-color: var(--bs-body-bg);text-align: var(--bs-body-text-align);font-family: georgia, palatino, serif\">Representante dos pa\u00edses participantes do Mercosul\/Cone Sul<br \/>Carmen Lucia Bezerra Machado &#8211; Brasil<br style=\"color: #000000;font-size: 16px\" \/><span style=\"color: #000000;font-size: 16px;text-align: var(--bs-body-text-align);background-color: var(--bs-body-bg)\">Maria Ines Copello &#8211; Uruguai<br \/><\/span><span style=\"color: #000000;font-size: 16px;text-align: var(--bs-body-text-align);background-color: var(--bs-body-bg)\">Rolando Pinto Contreras &#8211; Chile<br \/><\/span><span style=\"color: #000000;font-size: 16px;text-align: var(--bs-body-text-align);background-color: var(--bs-body-bg)\">Samuel Carvajal Ruiz &#8211; Venezuela<br \/><\/span><span style=\"color: #000000;font-size: 16px;text-align: var(--bs-body-text-align);background-color: var(--bs-body-bg)\">Susana Vior &#8211; Argentina<\/span><\/span><\/li><\/ul><\/td><\/tr><tr><td style=\"width: 50%\"><p style=\"text-align: center\"><span style=\"font-family: georgia, palatino, serif\"><b>9h30min &#8211; 9h45min<\/b><\/span><\/p><\/td><td style=\"width: 50%\"><p><span style=\"font-family: georgia, palatino, serif\">Apresenta\u00e7\u00e3o Art\u00edstica<\/span><\/p><\/td><\/tr><tr><td style=\"width: 50%\"><p style=\"text-align: center\"><span style=\"font-family: georgia, palatino, serif\"><b>9h45min &#8211; 11h15min <\/b><\/span><\/p><\/td><td style=\"width: 50%\"><p><span style=\"font-family: georgia, palatino, serif\"><b>Confer\u00eancia de Abertura<br \/><\/b><span style=\"background-color: var(--bs-body-bg);text-align: var(--bs-body-text-align)\">Conferencista: Professor Ant\u00f4nio\u00a0N\u00f3voa<\/span><\/span><\/p><p><span style=\"font-family: georgia, palatino, serif\"><span style=\"background-color: var(--bs-body-bg);text-align: var(--bs-body-text-align)\">Mediadora: Prof.\u00aa Dr.\u00aa\u00a0<\/span><\/span><span style=\"font-family: arial, sans-serif;font-size: 20px;background-color: var(--bs-body-bg);text-align: var(--bs-body-text-align)\">Valeska Maria Fortes de Oliveira<\/span><span style=\"background-color: var(--bs-body-bg);text-align: var(--bs-body-text-align)\">\u00a0<\/span><\/p><p><em style=\"color: #000000;font-size: 16px\">Local: Audit\u00f3rio do Centro de Educa\u00e7\u00e3o &#8211; AUDIMAX.<\/em><span style=\"background-color: var(--bs-body-bg);text-align: var(--bs-body-text-align)\"><br \/><\/span><\/p><\/td><\/tr><tr><td style=\"width: 50%\"><p style=\"text-align: center\"><span style=\"font-family: georgia, palatino, serif\"><b>11h15min &#8211; 12h<\/b><\/span><\/p><\/td><td style=\"width: 50%\"><p><span style=\"font-family: georgia, palatino, serif\">Lan\u00e7amento de livros<\/span><\/p><p><em style=\"color: #000000;font-size: 16px\">Local: Audit\u00f3rio do Centro de Educa\u00e7\u00e3o &#8211; AUDIMAX.<\/em><span style=\"font-family: georgia, palatino, serif\"><br \/><\/span><\/p><\/td><\/tr><tr><td style=\"width: 100%\" colspan=\"2\"><p style=\"text-align: center\"><span style=\"font-family: georgia, palatino, serif\"><b>Almo\u00e7o<\/b><\/span><\/p><\/td><\/tr><tr><td style=\"width: 50%\"><p style=\"text-align: center\"><span style=\"font-family: georgia, palatino, serif\"><b>14h &#8211; 18h <\/b><\/span><\/p><\/td><td style=\"width: 50%\"><p><span style=\"font-family: georgia, palatino, serif\">Apresenta\u00e7\u00e3o de trabalhos inscritos e selecionados nos\u00a0Eixos<\/span><br \/><span style=\"font-family: georgia, palatino, serif\"><i style=\"background-color: var(--bs-body-bg);text-align: var(--bs-body-text-align)\">Local: Salas do Centro de Educa\u00e7\u00e3o<\/i><i style=\"color: #000000;font-size: 16px;text-align: var(--bs-body-text-align);background-color: var(--bs-body-bg)\">\u00a0UFSM<\/i><\/span><\/p><\/td><\/tr><\/tbody><\/table><table style=\"border-collapse: collapse;width: 100%\"><tbody><tr><td style=\"width: 50%\" colspan=\"2\"><p style=\"text-align: center\"><span style=\"font-family: georgia, palatino, serif;color: #1bd1a4\"><b><span style=\"font-size: 14pt\">17\/11 &#8211; Quinta-feira<\/span><br \/><\/b><strong>Local: Salas do Centro de Educa\u00e7\u00e3o<\/strong><\/span><\/p><\/td><\/tr><tr><td style=\"width: 50%\"><p style=\"text-align: center\"><span style=\"font-family: georgia, palatino, serif\"><b>09h &#8211; 12h<\/b><\/span><\/p><\/td><td style=\"width: 50%\"><p><span style=\"font-family: georgia, palatino, serif\">Apresenta\u00e7\u00e3o de trabalhos inscritos e selecionados nos\u00a0Eixos<\/span><br \/><span style=\"font-family: georgia, palatino, serif\"><i style=\"color: #000000;font-size: 16px;text-align: var(--bs-body-text-align);background-color: var(--bs-body-bg)\">Local: Salas do Centro de Educa\u00e7\u00e3o<\/i><i style=\"color: #000000;font-size: 16px;text-align: var(--bs-body-text-align);background-color: var(--bs-body-bg)\">\u00a0UFSM<\/i><\/span><\/p><\/td><\/tr><tr><td style=\"width: 50%\" colspan=\"2\"><p style=\"text-align: center\"><span style=\"font-family: georgia, palatino, serif\"><b>Almo\u00e7o<\/b><\/span><\/p><\/td><\/tr><tr><td style=\"width: 50%\"><p style=\"text-align: center\"><span style=\"font-family: georgia, palatino, serif\"><b>14h &#8211; 18h <\/b><\/span><\/p><\/td><td style=\"width: 50%\"><p><span style=\"font-family: georgia, palatino, serif\">Apresenta\u00e7\u00e3o de trabalhos inscritos e selecionados nos\u00a0Eixos<\/span><br \/><span style=\"font-family: georgia, palatino, serif\"><i style=\"color: #000000;font-size: 16px;text-align: var(--bs-body-text-align);background-color: var(--bs-body-bg)\">Local: Salas do Centro de Educa\u00e7\u00e3o<\/i><i style=\"color: #000000;font-size: 16px;text-align: var(--bs-body-text-align);background-color: var(--bs-body-bg)\">\u00a0UFSM<\/i><\/span><\/p><\/td><\/tr><\/tbody><\/table><table style=\"border-collapse: collapse;width: 100%\"><tbody><tr><td style=\"width: 50%\" colspan=\"2\"><p style=\"text-align: center\"><span style=\"font-family: georgia, palatino, serif;color: #1bd1a4\"><b><span style=\"font-size: 14pt\">18\/11 &#8211; Sexta-feira<\/span>\u00a0<br \/><\/b><strong>Local: Salas do Centro de Educa\u00e7\u00e3o | AUDIMAX<\/strong><\/span><\/p><\/td><\/tr><tr><td style=\"width: 50%\"><p style=\"text-align: center\"><span style=\"font-family: georgia, palatino, serif\"><b>09h &#8211; 12h<\/b><\/span><\/p><\/td><td style=\"width: 50%\"><p><span style=\"font-family: georgia, palatino, serif;font-size: 16px;background-color: var(--bs-body-bg);text-align: var(--bs-body-text-align)\">Apresenta\u00e7\u00e3o de trabalhos inscritos e selecionados nos\u00a0Eixos<\/span><\/p><p><span style=\"font-family: georgia, palatino, serif;font-size: 16px\"><i style=\"font-size: 16px;text-align: var(--bs-body-text-align);background-color: var(--bs-body-bg)\">Local: Salas do Centro de Educa\u00e7\u00e3o UFSM<\/i><\/span><span style=\"font-family: georgia, palatino, serif\"><em><br \/><\/em><\/span><\/p><\/td><\/tr><tr><td style=\"width: 50%\" colspan=\"2\"><p style=\"text-align: center\"><span style=\"font-family: georgia, palatino, serif\"><b>Almo\u00e7o<\/b><\/span><\/p><\/td><\/tr><tr><td style=\"width: 50%\"><p style=\"text-align: center\"><span style=\"font-family: georgia, palatino, serif\"><b>14h &#8211; 17h<\/b><\/span><\/p><\/td><td style=\"width: 50%\"><p style=\"font-size: 16px\"><span style=\"font-family: georgia, palatino, serif\"><span style=\"font-weight: bolder\">Painel:<\/span>\u00a0Forma\u00e7\u00e3o de Professores em tempos de p\u00f3s-pandemia na Am\u00e9rica Latina no s\u00e9culo XXI: Pol\u00edticas\u00a0p\u00fablicas, desigualdades s\u00f3cio\u00a0 educacionais e trabalho\u00a0docente.<\/span><\/p><p><em>Local: Audit\u00f3rio do Centro de Educa\u00e7\u00e3o &#8211; AUDIMAX.<\/em><\/p><p><span style=\"font-size: 12pt\"><img decoding=\"async\" class=\"emoji\" role=\"img\" src=\"https:\/\/s.w.org\/images\/core\/emoji\/14.0.0\/svg\/1f4e1.svg\" alt=\"\ud83d\udce1\" \/><\/span><span style=\"font-size: 12pt\">\u00a0<span style=\"color: #1bd1a4\"><strong><a style=\"color: #1bd1a4\" href=\"https:\/\/www.youtube.com\/watch?v=lH1DN011da0\">Clique aqui para assistir a Transmiss\u00e3o ao vivo.<\/a><\/strong><\/span><\/span><\/p><p>\u00a0<\/p><p style=\"font-size: 16px\"><span style=\"font-family: georgia, palatino, serif\"><span style=\"font-weight: bolder\">Participantes:<\/span>\u00a0Representantes\u00a0dos pa\u00edses participantes do Mercosul\/Cone Sul<\/span><br \/><span style=\"font-family: georgia, palatino, serif\">Carmen Lucia Bezerra Machado &#8211; Brasil<\/span><br \/><span style=\"font-family: georgia, palatino, serif\">Maria Ines Copello &#8211; Uruguai<\/span><br \/><span style=\"font-family: georgia, palatino, serif\">Rolando Pinto Contreras &#8211; Chile<\/span><br \/><span style=\"font-family: georgia, palatino, serif\">Samuel Carvajal Ruiz &#8211; Venezuela<\/span><br \/><span style=\"font-family: georgia, palatino, serif\">Susana Vior &#8211; Argentina<\/span><\/p><\/td><\/tr><tr><td style=\"width: 50%\"><p style=\"text-align: center\"><span style=\"font-family: georgia, palatino, serif\"><b>20h<\/b><\/span><\/p><\/td><td style=\"width: 50%\"><p><span style=\"font-family: georgia, palatino, serif\">Jantar de Confraterniza\u00e7\u00e3o por ades\u00e3o<\/span><\/p><p><span style=\"font-size: 12pt\"><img decoding=\"async\" class=\"emoji\" role=\"img\" src=\"https:\/\/s.w.org\/images\/core\/emoji\/14.0.0\/svg\/1f37d.svg\" alt=\"\ud83c\udf7d\ufe0f\" \/><\/span><a href=\"https:\/\/forms.gle\/Bbq9gcpGWk6wWsQy9\" target=\"_blank\" rel=\"noopener\"><b>Clique aqui para realizar a confirma\u00e7\u00e3o de sua presen\u00e7a.<\/b><\/a><\/p><p><span style=\"font-family: georgia, palatino, serif\"><em>Local: Cantina Pozzobon<\/em><\/span><br \/><span style=\"font-family: georgia, palatino, serif\"><em><span style=\"font-size: 10pt\">Endere\u00e7o: Arroio Grande 4\u00ba Distrito, Santa Maria &#8211; RS<\/span><\/em><\/span><\/p><p><span style=\"color: #202124;font-family: docs-Roboto;font-size: 14.6667px\">Valor: R$78,00 por pessoa, bebidas \u00e0 parte.<\/span><span style=\"font-family: georgia, palatino, serif\"><em><span style=\"font-size: 10pt\"><br \/><\/span><\/em><\/span><\/p><p><span style=\"font-size: 12pt\"><img decoding=\"async\" class=\"emoji\" role=\"img\" src=\"https:\/\/s.w.org\/images\/core\/emoji\/14.0.0\/svg\/1f4cd.svg\" alt=\"\ud83d\udccd\" \/><\/span><span style=\"color: #202124;font-family: docs-Roboto;font-size: 14.6667px\"><b><i>\u00a0<\/i><\/b><\/span><i><a style=\"background-color: var(--bs-body-bg);text-align: var(--bs-body-text-align)\" href=\"https:\/\/www.google.com.br\/maps\/place\/Cantina+Pozzobon\/@-29.6700681,-53.6691415,17z\/data=!3m1!4b1!4m5!3m4!1s0x9503b4667d848d9f:0x90d3ef3addf9253b!8m2!3d-29.6700728!4d-53.6669528?shorturl=1\" target=\"_blank\" rel=\"noopener\"><b>Localiza\u00e7\u00e3o da Cantina Pozzobon &#8211; Google Maps.<\/b><\/a><span style=\"font-family: georgia, palatino, serif;background-color: var(--bs-body-bg);text-align: var(--bs-body-text-align)\"><span style=\"font-size: 10pt\">\u00a0<\/span><\/span><\/i><\/p><\/td><\/tr><\/tbody><\/table><table style=\"border-collapse: collapse;width: 100%\"><tbody><tr><td style=\"width: 100%\" colspan=\"2\"><p style=\"text-align: center\"><span style=\"font-family: georgia, palatino, serif;color: #1bd1a4;font-size: 14pt\"><b>19\/11 &#8211; S\u00e1bado<\/b><\/span><\/p><\/td><\/tr><tr><td style=\"width: 50%\"><p style=\"text-align: center\"><b>09h &#8211; 12h<\/b><\/p><\/td><td style=\"width: 50%\"><p><strong>Programa\u00e7\u00e3o apenas para Comit\u00ea Cient\u00edfico e Comiss\u00e3o Organizadora, professores(as) participantes do grupo de pesquisa<\/strong> <b>A forma\u00e7\u00e3o de professores para o Mercosul\/Cone Sul (Argentina, Brasil, Chile, Uruguai e Venezuela): princ\u00edpios, objetivos, modalidades. Perspectivas de uma forma\u00e7\u00e3o b\u00e1sica, geral, comum.<\/b><\/p><p>Avalia\u00e7\u00e3o do XXX Semin\u00e1rio<\/p><p>Indica\u00e7\u00e3o da Sede do XXXI Semin\u00e1rio e planejamento da\u00a0tem\u00e1tica<\/p><\/td><\/tr><\/tbody><\/table>\t\t\t\t\t\t<\/div>\n\t\t\t\t<\/div>\n\t\t\t\t\t<\/div>\n\t\t<\/div>\n\t\t\t\t\t<\/div>\n\t\t<\/section>\n\t\t\t\t<section class=\"elementor-section elementor-top-section elementor-element elementor-element-7044707 elementor-section-boxed elementor-section-height-default elementor-section-height-default\" data-id=\"7044707\" data-element_type=\"section\">\n\t\t\t\t\t\t<div class=\"elementor-container elementor-column-gap-default\">\n\t\t\t\t\t<div class=\"elementor-column elementor-col-100 elementor-top-column elementor-element elementor-element-12b3ffb\" data-id=\"12b3ffb\" data-element_type=\"column\">\n\t\t\t<div class=\"elementor-widget-wrap elementor-element-populated\">\n\t\t\t\t\t\t<div class=\"elementor-element elementor-element-a3d72bc elementor-align-center elementor-widget elementor-widget-button\" data-id=\"a3d72bc\" data-element_type=\"widget\" data-widget_type=\"button.default\">\n\t\t\t\t<div class=\"elementor-widget-container\">\n\t\t\t\t\t\t\t<div class=\"elementor-button-wrapper\">\n\t\t\t\t\t<a class=\"elementor-button elementor-button-link elementor-size-md\" href=\"https:\/\/www.ufsm.br\/cursos\/pos-graduacao\/santa-maria\/ppge\/xxx-seminario-internacional\/\">\n\t\t\t\t\t\t<span class=\"elementor-button-content-wrapper\">\n\t\t\t\t\t\t\t\t\t<span class=\"elementor-button-text\">Voltar<\/span>\n\t\t\t\t\t<\/span>\n\t\t\t\t\t<\/a>\n\t\t\t\t<\/div>\n\t\t\t\t\t\t<\/div>\n\t\t\t\t<\/div>\n\t\t\t\t\t<\/div>\n\t\t<\/div>\n\t\t\t\t\t<\/div>\n\t\t<\/section>\n\t\t\t\t<section class=\"elementor-section elementor-top-section elementor-element elementor-element-111afee elementor-section-boxed elementor-section-height-default elementor-section-height-default\" data-id=\"111afee\" data-element_type=\"section\">\n\t\t\t\t\t\t<div class=\"elementor-container elementor-column-gap-default\">\n\t\t\t\t\t<div class=\"elementor-column elementor-col-100 elementor-top-column elementor-element elementor-element-3eff584\" data-id=\"3eff584\" data-element_type=\"column\">\n\t\t\t<div class=\"elementor-widget-wrap elementor-element-populated\">\n\t\t\t\t\t\t<div class=\"elementor-element elementor-element-d0938f7 elementor-widget elementor-widget-image\" data-id=\"d0938f7\" data-element_type=\"widget\" data-widget_type=\"image.default\">\n\t\t\t\t<div class=\"elementor-widget-container\">\n\t\t\t\t\t\t\t\t\t\t\t\t\t<img decoding=\"async\" width=\"1536\" height=\"383\" src=\"https:\/\/www.ufsm.br\/app\/uploads\/sites\/547\/2022\/09\/XXX-Seminario-Internacional-Site-2-12-1536x383.jpg\" class=\"attachment-1536x1536 size-1536x1536 wp-image-4278\" alt=\"\" srcset=\"https:\/\/www.ufsm.br\/app\/uploads\/sites\/547\/2022\/09\/XXX-Seminario-Internacional-Site-2-12-1536x383.jpg 1536w, https:\/\/www.ufsm.br\/app\/uploads\/sites\/547\/2022\/09\/XXX-Seminario-Internacional-Site-2-12-300x75.jpg 300w, https:\/\/www.ufsm.br\/app\/uploads\/sites\/547\/2022\/09\/XXX-Seminario-Internacional-Site-2-12-1024x255.jpg 1024w, https:\/\/www.ufsm.br\/app\/uploads\/sites\/547\/2022\/09\/XXX-Seminario-Internacional-Site-2-12-768x192.jpg 768w, https:\/\/www.ufsm.br\/app\/uploads\/sites\/547\/2022\/09\/XXX-Seminario-Internacional-Site-2-12.jpg 1920w\" sizes=\"(max-width: 1536px) 100vw, 1536px\" \/>\t\t\t\t\t\t\t\t\t\t\t\t\t<\/div>\n\t\t\t\t<\/div>\n\t\t\t\t\t<\/div>\n\t\t<\/div>\n\t\t\t\t\t<\/div>\n\t\t<\/section>\n\t\t\t\t<\/div>\n\t\t","protected":false},"excerpt":{"rendered":"<p>Programa\u00e7\u00e3o Geral \u00a0 16\/11 &#8211; Quarta-feiraLocal: Audit\u00f3rio do Centro de Educa\u00e7\u00e3o &#8211; AUDIMAX |\u00a0Salas do Centro de Educa\u00e7\u00e3o\u00a0UFSM 9h &#8211; 9h30min Ato Inaugural Local: Audit\u00f3rio do Centro de Educa\u00e7\u00e3o &#8211; AUDIMAX. \u00a0Clique aqui para assistir a Transmiss\u00e3o ao vivo. \u00a0 \u00a0 Mesa de abertura: Representante da Reitoria da UFSM Representante da Pr\u00f3-Reitoria de P\u00f3s-Gradua\u00e7\u00e3o ePesquisa\/UFSM [&hellip;]<\/p>\n","protected":false},"author":4568,"featured_media":0,"parent":4216,"menu_order":0,"comment_status":"closed","ping_status":"closed","template":"","meta":{"footnotes":""},"categories":[],"tags":[],"class_list":["post-4253","page","type-page","status-publish","hentry"],"acf":[],"_links":{"self":[{"href":"https:\/\/www.ufsm.br\/cursos\/pos-graduacao\/santa-maria\/ppge\/wp-json\/wp\/v2\/pages\/4253","targetHints":{"allow":["GET"]}}],"collection":[{"href":"https:\/\/www.ufsm.br\/cursos\/pos-graduacao\/santa-maria\/ppge\/wp-json\/wp\/v2\/pages"}],"about":[{"href":"https:\/\/www.ufsm.br\/cursos\/pos-graduacao\/santa-maria\/ppge\/wp-json\/wp\/v2\/types\/page"}],"author":[{"embeddable":true,"href":"https:\/\/www.ufsm.br\/cursos\/pos-graduacao\/santa-maria\/ppge\/wp-json\/wp\/v2\/users\/4568"}],"replies":[{"embeddable":true,"href":"https:\/\/www.ufsm.br\/cursos\/pos-graduacao\/santa-maria\/ppge\/wp-json\/wp\/v2\/comments?post=4253"}],"version-history":[{"count":0,"href":"https:\/\/www.ufsm.br\/cursos\/pos-graduacao\/santa-maria\/ppge\/wp-json\/wp\/v2\/pages\/4253\/revisions"}],"up":[{"embeddable":true,"href":"https:\/\/www.ufsm.br\/cursos\/pos-graduacao\/santa-maria\/ppge\/wp-json\/wp\/v2\/pages\/4216"}],"wp:attachment":[{"href":"https:\/\/www.ufsm.br\/cursos\/pos-graduacao\/santa-maria\/ppge\/wp-json\/wp\/v2\/media?parent=4253"}],"wp:term":[{"taxonomy":"category","embeddable":true,"href":"https:\/\/www.ufsm.br\/cursos\/pos-graduacao\/santa-maria\/ppge\/wp-json\/wp\/v2\/categories?post=4253"},{"taxonomy":"post_tag","embeddable":true,"href":"https:\/\/www.ufsm.br\/cursos\/pos-graduacao\/santa-maria\/ppge\/wp-json\/wp\/v2\/tags?post=4253"}],"curies":[{"name":"wp","href":"https:\/\/api.w.org\/{rel}","templated":true}]}}