{"id":4256,"date":"2022-09-13T15:49:22","date_gmt":"2022-09-13T18:49:22","guid":{"rendered":"https:\/\/www.ufsm.br\/cursos\/pos-graduacao\/santa-maria\/ppge\/?page_id=4256"},"modified":"2022-11-16T23:40:06","modified_gmt":"2022-11-17T02:40:06","slug":"salas-para-as-apresentacoes","status":"publish","type":"page","link":"https:\/\/www.ufsm.br\/cursos\/pos-graduacao\/santa-maria\/ppge\/xxx-seminario-internacional\/salas-para-as-apresentacoes","title":{"rendered":"Salas para as apresenta\u00e7\u00f5es"},"content":{"rendered":"\t\t<div data-elementor-type=\"wp-page\" data-elementor-id=\"4256\" class=\"elementor elementor-4256\">\n\t\t\t\t\t\t<section class=\"elementor-section elementor-top-section elementor-element elementor-element-524466a elementor-section-boxed elementor-section-height-default elementor-section-height-default\" data-id=\"524466a\" data-element_type=\"section\">\n\t\t\t\t\t\t<div class=\"elementor-container elementor-column-gap-default\">\n\t\t\t\t\t<div class=\"elementor-column elementor-col-100 elementor-top-column elementor-element elementor-element-0bf6d86\" data-id=\"0bf6d86\" data-element_type=\"column\">\n\t\t\t<div class=\"elementor-widget-wrap elementor-element-populated\">\n\t\t\t\t\t\t<div class=\"elementor-element elementor-element-8aa4af5 elementor-widget elementor-widget-image\" data-id=\"8aa4af5\" data-element_type=\"widget\" data-widget_type=\"image.default\">\n\t\t\t\t<div class=\"elementor-widget-container\">\n\t\t\t\t\t\t\t\t\t\t\t\t\t<img fetchpriority=\"high\" decoding=\"async\" width=\"1920\" height=\"480\" src=\"https:\/\/www.ufsm.br\/app\/uploads\/sites\/547\/2022\/09\/XXX-Seminario-Internacional-Site.jpg\" class=\"attachment-2048x2048 size-2048x2048 wp-image-4230\" alt=\"\" srcset=\"https:\/\/www.ufsm.br\/app\/uploads\/sites\/547\/2022\/09\/XXX-Seminario-Internacional-Site.jpg 1920w, https:\/\/www.ufsm.br\/app\/uploads\/sites\/547\/2022\/09\/XXX-Seminario-Internacional-Site-300x75.jpg 300w, https:\/\/www.ufsm.br\/app\/uploads\/sites\/547\/2022\/09\/XXX-Seminario-Internacional-Site-1024x256.jpg 1024w, https:\/\/www.ufsm.br\/app\/uploads\/sites\/547\/2022\/09\/XXX-Seminario-Internacional-Site-768x192.jpg 768w, https:\/\/www.ufsm.br\/app\/uploads\/sites\/547\/2022\/09\/XXX-Seminario-Internacional-Site-1536x384.jpg 1536w\" sizes=\"(max-width: 1920px) 100vw, 1920px\" \/>\t\t\t\t\t\t\t\t\t\t\t\t\t<\/div>\n\t\t\t\t<\/div>\n\t\t\t\t\t<\/div>\n\t\t<\/div>\n\t\t\t\t\t<\/div>\n\t\t<\/section>\n\t\t\t\t<section class=\"elementor-section elementor-top-section elementor-element elementor-element-8c2d2bc elementor-section-boxed elementor-section-height-default elementor-section-height-default\" data-id=\"8c2d2bc\" data-element_type=\"section\">\n\t\t\t\t\t\t<div class=\"elementor-container elementor-column-gap-default\">\n\t\t\t\t\t<div class=\"elementor-column elementor-col-50 elementor-top-column elementor-element elementor-element-cbfdf30\" data-id=\"cbfdf30\" data-element_type=\"column\">\n\t\t\t<div class=\"elementor-widget-wrap elementor-element-populated\">\n\t\t\t\t\t\t<div class=\"elementor-element elementor-element-dd78ac6 elementor-widget elementor-widget-heading\" data-id=\"dd78ac6\" data-element_type=\"widget\" data-widget_type=\"heading.default\">\n\t\t\t\t<div class=\"elementor-widget-container\">\n\t\t\t<h2 class=\"elementor-heading-title elementor-size-default\">08\/11 | Lista preliminar de resumos expandidos aceitos para comunica\u00e7\u00e3o oral<\/h2>\t\t<\/div>\n\t\t\t\t<\/div>\n\t\t\t\t\t<\/div>\n\t\t<\/div>\n\t\t\t\t<div class=\"elementor-column elementor-col-50 elementor-top-column elementor-element elementor-element-a286db1\" data-id=\"a286db1\" data-element_type=\"column\">\n\t\t\t<div class=\"elementor-widget-wrap elementor-element-populated\">\n\t\t\t\t\t\t<div class=\"elementor-element elementor-element-aec3a94 elementor-widget elementor-widget-heading\" data-id=\"aec3a94\" data-element_type=\"widget\" data-widget_type=\"heading.default\">\n\t\t\t\t<div class=\"elementor-widget-container\">\n\t\t\t<h2 class=\"elementor-heading-title elementor-size-default\">13\/11 | Lista definitiva de resumos expandidos aceitos para comunica\u00e7\u00e3o oral<\/h2>\t\t<\/div>\n\t\t\t\t<\/div>\n\t\t\t\t\t<\/div>\n\t\t<\/div>\n\t\t\t\t\t<\/div>\n\t\t<\/section>\n\t\t\t\t<section class=\"elementor-section elementor-top-section elementor-element elementor-element-4ff31a9 elementor-section-boxed elementor-section-height-default elementor-section-height-default\" data-id=\"4ff31a9\" data-element_type=\"section\">\n\t\t\t\t\t\t<div class=\"elementor-container elementor-column-gap-default\">\n\t\t\t\t\t<div class=\"elementor-column elementor-col-50 elementor-top-column elementor-element elementor-element-b6b6449\" data-id=\"b6b6449\" data-element_type=\"column\">\n\t\t\t<div class=\"elementor-widget-wrap elementor-element-populated\">\n\t\t\t\t\t\t<div class=\"elementor-element elementor-element-16a077e elementor-widget elementor-widget-text-editor\" data-id=\"16a077e\" data-element_type=\"widget\" data-widget_type=\"text-editor.default\">\n\t\t\t\t<div class=\"elementor-widget-container\">\n\t\t\t\t\t\t\t<p style=\"font-size: 16px\"><span style=\"font-size: 16px\">Confira aqui a&nbsp;<\/span><span style=\"font-size: 16px;text-align: var(--bs-body-text-align);background-color: var(--bs-body-bg)\">Lista preliminar de resumos expandidos aceitos para comunica\u00e7\u00e3o oral:<\/span><\/p><p style=\"font-size: 16px\"><a href=\"https:\/\/www.ufsm.br\/app\/uploads\/sites\/547\/2022\/11\/XXX-Seminario-Lista-preliminar-de-resumos-expandidos-aceitos-para-comunicacao-oral-08_11_2022.pdf\"><span style=\"font-weight: 700\">[XXX Semin\u00e1rio] Lista preliminar de resumos expandidos aceitos para comunica\u00e7\u00e3o oral 08_11_2022<\/span><\/a><\/p><p style=\"font-size: 16px\">Lembrando que os resumos expandidos avaliados, com indica\u00e7\u00e3o de necessidade de ajustes, poder\u00e3o ser ressubmetidos at\u00e9 11\/11\/2022 (sexta-feira) pelo&nbsp;<a href=\"https:\/\/docs.google.com\/forms\/d\/e\/1FAIpQLScyu9mq8uHuAEhT_FgNIMlwdX4U2wfJJWmgoS57FmW9VLQ6KQ\/closedform\" target=\"_blank\" rel=\"noopener\"><span style=\"font-weight: 700\">Formul\u00e1rio On-line de Ressubmiss\u00e3o de Resumos Expandidos<\/span><\/a>. Assim que forem reavaliados, publicaremos a Lista definitiva de resumos expandidos aceitos.<\/p>\t\t\t\t\t\t<\/div>\n\t\t\t\t<\/div>\n\t\t\t\t\t<\/div>\n\t\t<\/div>\n\t\t\t\t<div class=\"elementor-column elementor-col-50 elementor-top-column elementor-element elementor-element-62093ae\" data-id=\"62093ae\" data-element_type=\"column\">\n\t\t\t<div class=\"elementor-widget-wrap elementor-element-populated\">\n\t\t\t\t\t\t<div class=\"elementor-element elementor-element-a8cd54f elementor-widget elementor-widget-text-editor\" data-id=\"a8cd54f\" data-element_type=\"widget\" data-widget_type=\"text-editor.default\">\n\t\t\t\t<div class=\"elementor-widget-container\">\n\t\t\t\t\t\t\t<p style=\"color: #000000;font-size: 16px\"><span style=\"color: #000000;font-size: 16px\">Confira aqui a\u00a0Lista definitiva de resumos expandidos aceitos para comunica\u00e7\u00e3o oral:<\/span><\/p><p style=\"color: #000000;font-size: 16px\"><strong><span style=\"color: #000000;font-size: 16px\"><a href=\"https:\/\/www.ufsm.br\/app\/uploads\/sites\/547\/2022\/11\/XXX-Seminario-Lista-definitiva-de-resumos-expandidos-aceitos-para-comunicacao-oral-12_11_2022.docx.pdf\">[XXX Semin\u00e1rio] Lista definitiva de resumos expandidos aceitos para comunica\u00e7\u00e3o oral 12_11_2022.docx<\/a><\/span><\/strong><\/p><p>Divulga\u00e7\u00e3o dos hor\u00e1rios das sess\u00f5es (Comunica\u00e7\u00e3o oral virtual ou presencial) a ser feita nesta p\u00e1gina em 14\/11 (Segunda-feira).<\/p>\t\t\t\t\t\t<\/div>\n\t\t\t\t<\/div>\n\t\t\t\t\t<\/div>\n\t\t<\/div>\n\t\t\t\t\t<\/div>\n\t\t<\/section>\n\t\t\t\t<section class=\"elementor-section elementor-top-section elementor-element elementor-element-ecd14e6 elementor-section-boxed elementor-section-height-default elementor-section-height-default\" data-id=\"ecd14e6\" data-element_type=\"section\">\n\t\t\t\t\t\t<div class=\"elementor-container elementor-column-gap-default\">\n\t\t\t\t\t<div class=\"elementor-column elementor-col-100 elementor-top-column elementor-element elementor-element-bedc54c\" data-id=\"bedc54c\" data-element_type=\"column\">\n\t\t\t<div class=\"elementor-widget-wrap elementor-element-populated\">\n\t\t\t\t\t\t<div class=\"elementor-element elementor-element-b26aab9 elementor-widget-divider--view-line elementor-widget elementor-widget-divider\" data-id=\"b26aab9\" data-element_type=\"widget\" data-widget_type=\"divider.default\">\n\t\t\t\t<div class=\"elementor-widget-container\">\n\t\t\t\t\t<div class=\"elementor-divider\">\n\t\t\t<span class=\"elementor-divider-separator\">\n\t\t\t\t\t\t<\/span>\n\t\t<\/div>\n\t\t\t\t<\/div>\n\t\t\t\t<\/div>\n\t\t\t\t\t<\/div>\n\t\t<\/div>\n\t\t\t\t\t<\/div>\n\t\t<\/section>\n\t\t\t\t<section class=\"elementor-section elementor-top-section elementor-element elementor-element-fd554ee elementor-section-boxed elementor-section-height-default elementor-section-height-default\" data-id=\"fd554ee\" data-element_type=\"section\">\n\t\t\t\t\t\t<div class=\"elementor-container elementor-column-gap-default\">\n\t\t\t\t\t<div class=\"elementor-column elementor-col-100 elementor-top-column elementor-element elementor-element-873dc1f\" data-id=\"873dc1f\" data-element_type=\"column\">\n\t\t\t<div class=\"elementor-widget-wrap elementor-element-populated\">\n\t\t\t\t\t\t<div class=\"elementor-element elementor-element-e343425 elementor-widget elementor-widget-heading\" data-id=\"e343425\" data-element_type=\"widget\" data-widget_type=\"heading.default\">\n\t\t\t\t<div class=\"elementor-widget-container\">\n\t\t\t<h2 class=\"elementor-heading-title elementor-size-default\">Template para apresenta\u00e7\u00e3o dos trabalhos<\/h2>\t\t<\/div>\n\t\t\t\t<\/div>\n\t\t\t\t\t<\/div>\n\t\t<\/div>\n\t\t\t\t\t<\/div>\n\t\t<\/section>\n\t\t\t\t<section class=\"elementor-section elementor-top-section elementor-element elementor-element-ae84f5c elementor-section-boxed elementor-section-height-default elementor-section-height-default\" data-id=\"ae84f5c\" data-element_type=\"section\">\n\t\t\t\t\t\t<div class=\"elementor-container elementor-column-gap-default\">\n\t\t\t\t\t<div class=\"elementor-column elementor-col-100 elementor-top-column elementor-element elementor-element-133e1a2\" data-id=\"133e1a2\" data-element_type=\"column\">\n\t\t\t<div class=\"elementor-widget-wrap elementor-element-populated\">\n\t\t\t\t\t\t<div class=\"elementor-element elementor-element-96d2c3d elementor-widget elementor-widget-text-editor\" data-id=\"96d2c3d\" data-element_type=\"widget\" data-widget_type=\"text-editor.default\">\n\t\t\t\t<div class=\"elementor-widget-container\">\n\t\t\t\t\t\t\t<p><span style=\"font-size: 16px\">Os trabalhos aprovados para Comunica\u00e7\u00e3o Oral dever\u00e3o ser apresentados por um dos autores, em dia e hora a serem divulgados pela Comiss\u00e3o Organizadora. Cada participante ter\u00e1 um espa\u00e7o de 10 (dez) minutos para apresenta\u00e7\u00e3o. O debate dos trabalhos apresentados ser\u00e1 no final da sess\u00e3o.<\/span><\/p><p><span style=\"font-size: 16px\">Abaixo, arquivo template a ser utilizado na organiza\u00e7\u00e3o de apresenta\u00e7\u00e3o:<\/span><\/p><p><a href=\"https:\/\/www.ufsm.br\/app\/uploads\/sites\/547\/2022\/10\/XXX-Seminario-Template-Apresentacao.ppt\"><b>[XXX Semin\u00e1rio] Template Apresenta\u00e7\u00e3o<\/b><\/a><\/p><p>\u00a0<\/p>\t\t\t\t\t\t<\/div>\n\t\t\t\t<\/div>\n\t\t\t\t\t<\/div>\n\t\t<\/div>\n\t\t\t\t\t<\/div>\n\t\t<\/section>\n\t\t\t\t<section class=\"elementor-section elementor-top-section elementor-element elementor-element-7ba8020 elementor-section-boxed elementor-section-height-default elementor-section-height-default\" data-id=\"7ba8020\" data-element_type=\"section\">\n\t\t\t\t\t\t<div class=\"elementor-container elementor-column-gap-default\">\n\t\t\t\t\t<div class=\"elementor-column elementor-col-100 elementor-top-column elementor-element elementor-element-8e28dc8\" data-id=\"8e28dc8\" data-element_type=\"column\">\n\t\t\t<div class=\"elementor-widget-wrap elementor-element-populated\">\n\t\t\t\t\t\t<div class=\"elementor-element elementor-element-8be2de7 elementor-widget-divider--view-line elementor-widget elementor-widget-divider\" data-id=\"8be2de7\" data-element_type=\"widget\" data-widget_type=\"divider.default\">\n\t\t\t\t<div class=\"elementor-widget-container\">\n\t\t\t\t\t<div class=\"elementor-divider\">\n\t\t\t<span class=\"elementor-divider-separator\">\n\t\t\t\t\t\t<\/span>\n\t\t<\/div>\n\t\t\t\t<\/div>\n\t\t\t\t<\/div>\n\t\t\t\t\t<\/div>\n\t\t<\/div>\n\t\t\t\t\t<\/div>\n\t\t<\/section>\n\t\t\t\t<section class=\"elementor-section elementor-top-section elementor-element elementor-element-6835c43 elementor-section-boxed elementor-section-height-default elementor-section-height-default\" data-id=\"6835c43\" data-element_type=\"section\">\n\t\t\t\t\t\t<div class=\"elementor-container elementor-column-gap-default\">\n\t\t\t\t\t<div class=\"elementor-column elementor-col-100 elementor-top-column elementor-element elementor-element-7241883\" data-id=\"7241883\" data-element_type=\"column\">\n\t\t\t<div class=\"elementor-widget-wrap elementor-element-populated\">\n\t\t\t\t\t\t<div class=\"elementor-element elementor-element-028e120 elementor-widget elementor-widget-heading\" data-id=\"028e120\" data-element_type=\"widget\" data-widget_type=\"heading.default\">\n\t\t\t\t<div class=\"elementor-widget-container\">\n\t\t\t<h2 class=\"elementor-heading-title elementor-size-default\">Salas para apresenta\u00e7\u00e3o dos trabalhos<\/h2>\t\t<\/div>\n\t\t\t\t<\/div>\n\t\t\t\t\t<\/div>\n\t\t<\/div>\n\t\t\t\t\t<\/div>\n\t\t<\/section>\n\t\t\t\t<section class=\"elementor-section elementor-top-section elementor-element elementor-element-cbf3f0a elementor-section-boxed elementor-section-height-default elementor-section-height-default\" data-id=\"cbf3f0a\" data-element_type=\"section\">\n\t\t\t\t\t\t<div class=\"elementor-container elementor-column-gap-default\">\n\t\t\t\t\t<div class=\"elementor-column elementor-col-100 elementor-top-column elementor-element elementor-element-f2faf87\" data-id=\"f2faf87\" data-element_type=\"column\">\n\t\t\t<div class=\"elementor-widget-wrap elementor-element-populated\">\n\t\t\t\t\t\t<div class=\"elementor-element elementor-element-091e00c elementor-widget elementor-widget-text-editor\" data-id=\"091e00c\" data-element_type=\"widget\" data-widget_type=\"text-editor.default\">\n\t\t\t\t<div class=\"elementor-widget-container\">\n\t\t\t\t\t\t\t<p style=\"color: #000000;font-size: 16px\"><span style=\"color: #1c1c1c;font-size: 16px;text-align: center\">Abaixo, acesse arquivo do Cronograma de Sess\u00f5es das comunica\u00e7\u00f5es orais:<\/span><\/p><p><span style=\"color: #1c1c1c;font-size: 16px;text-align: center\"><a href=\"https:\/\/www.ufsm.br\/app\/uploads\/sites\/547\/2022\/11\/XXX-Seminario-Lista-das-sessoes-de-comunicacoes-orais-1.pdf\"><b>[XXX Semin\u00e1rio] Lista das sess\u00f5es de comunica\u00e7\u00f5es orais<\/b><\/a><\/span><\/p><p>\u00a0<\/p>\t\t\t\t\t\t<\/div>\n\t\t\t\t<\/div>\n\t\t\t\t\t<\/div>\n\t\t<\/div>\n\t\t\t\t\t<\/div>\n\t\t<\/section>\n\t\t\t\t<section class=\"elementor-section elementor-top-section elementor-element elementor-element-a1e9764 elementor-section-boxed elementor-section-height-default elementor-section-height-default\" data-id=\"a1e9764\" data-element_type=\"section\">\n\t\t\t\t\t\t<div class=\"elementor-container elementor-column-gap-default\">\n\t\t\t\t\t<div class=\"elementor-column elementor-col-100 elementor-top-column elementor-element elementor-element-9c0f4e9\" data-id=\"9c0f4e9\" data-element_type=\"column\">\n\t\t\t<div class=\"elementor-widget-wrap elementor-element-populated\">\n\t\t\t\t\t\t<div class=\"elementor-element elementor-element-0d8796c elementor-align-center elementor-widget elementor-widget-button\" data-id=\"0d8796c\" data-element_type=\"widget\" data-widget_type=\"button.default\">\n\t\t\t\t<div class=\"elementor-widget-container\">\n\t\t\t\t\t\t\t<div class=\"elementor-button-wrapper\">\n\t\t\t\t\t<a class=\"elementor-button elementor-button-link elementor-size-md\" href=\"https:\/\/www.ufsm.br\/cursos\/pos-graduacao\/santa-maria\/ppge\/xxx-seminario-internacional\/\">\n\t\t\t\t\t\t<span class=\"elementor-button-content-wrapper\">\n\t\t\t\t\t\t\t\t\t<span class=\"elementor-button-text\">Voltar<\/span>\n\t\t\t\t\t<\/span>\n\t\t\t\t\t<\/a>\n\t\t\t\t<\/div>\n\t\t\t\t\t\t<\/div>\n\t\t\t\t<\/div>\n\t\t\t\t\t<\/div>\n\t\t<\/div>\n\t\t\t\t\t<\/div>\n\t\t<\/section>\n\t\t\t\t<section class=\"elementor-section elementor-top-section elementor-element elementor-element-90318ec elementor-section-boxed elementor-section-height-default elementor-section-height-default\" data-id=\"90318ec\" data-element_type=\"section\">\n\t\t\t\t\t\t<div class=\"elementor-container elementor-column-gap-default\">\n\t\t\t\t\t<div class=\"elementor-column elementor-col-100 elementor-top-column elementor-element elementor-element-2da7260\" data-id=\"2da7260\" data-element_type=\"column\">\n\t\t\t<div class=\"elementor-widget-wrap elementor-element-populated\">\n\t\t\t\t\t\t<div class=\"elementor-element elementor-element-00227ba elementor-widget elementor-widget-image\" data-id=\"00227ba\" data-element_type=\"widget\" data-widget_type=\"image.default\">\n\t\t\t\t<div class=\"elementor-widget-container\">\n\t\t\t\t\t\t\t\t\t\t\t\t\t<img decoding=\"async\" width=\"1536\" height=\"383\" src=\"https:\/\/www.ufsm.br\/app\/uploads\/sites\/547\/2022\/09\/XXX-Seminario-Internacional-Site-2-9-1536x383.jpg\" class=\"attachment-1536x1536 size-1536x1536 wp-image-4275\" alt=\"\" srcset=\"https:\/\/www.ufsm.br\/app\/uploads\/sites\/547\/2022\/09\/XXX-Seminario-Internacional-Site-2-9-1536x383.jpg 1536w, https:\/\/www.ufsm.br\/app\/uploads\/sites\/547\/2022\/09\/XXX-Seminario-Internacional-Site-2-9-300x75.jpg 300w, https:\/\/www.ufsm.br\/app\/uploads\/sites\/547\/2022\/09\/XXX-Seminario-Internacional-Site-2-9-1024x255.jpg 1024w, https:\/\/www.ufsm.br\/app\/uploads\/sites\/547\/2022\/09\/XXX-Seminario-Internacional-Site-2-9-768x192.jpg 768w, https:\/\/www.ufsm.br\/app\/uploads\/sites\/547\/2022\/09\/XXX-Seminario-Internacional-Site-2-9.jpg 1920w\" sizes=\"(max-width: 1536px) 100vw, 1536px\" \/>\t\t\t\t\t\t\t\t\t\t\t\t\t<\/div>\n\t\t\t\t<\/div>\n\t\t\t\t\t<\/div>\n\t\t<\/div>\n\t\t\t\t\t<\/div>\n\t\t<\/section>\n\t\t\t\t<\/div>\n\t\t","protected":false},"excerpt":{"rendered":"<p>08\/11 | Lista preliminar de resumos expandidos aceitos para comunica\u00e7\u00e3o oral 13\/11 | Lista definitiva de resumos expandidos aceitos para comunica\u00e7\u00e3o oral Confira aqui a&nbsp;Lista preliminar de resumos expandidos aceitos para comunica\u00e7\u00e3o oral: [XXX Semin\u00e1rio] Lista preliminar de resumos expandidos aceitos para comunica\u00e7\u00e3o oral 08_11_2022 Lembrando que os resumos expandidos avaliados, com indica\u00e7\u00e3o de necessidade [&hellip;]<\/p>\n","protected":false},"author":4568,"featured_media":0,"parent":4216,"menu_order":0,"comment_status":"closed","ping_status":"closed","template":"","meta":{"footnotes":""},"categories":[],"tags":[],"class_list":["post-4256","page","type-page","status-publish","hentry"],"acf":[],"_links":{"self":[{"href":"https:\/\/www.ufsm.br\/cursos\/pos-graduacao\/santa-maria\/ppge\/wp-json\/wp\/v2\/pages\/4256","targetHints":{"allow":["GET"]}}],"collection":[{"href":"https:\/\/www.ufsm.br\/cursos\/pos-graduacao\/santa-maria\/ppge\/wp-json\/wp\/v2\/pages"}],"about":[{"href":"https:\/\/www.ufsm.br\/cursos\/pos-graduacao\/santa-maria\/ppge\/wp-json\/wp\/v2\/types\/page"}],"author":[{"embeddable":true,"href":"https:\/\/www.ufsm.br\/cursos\/pos-graduacao\/santa-maria\/ppge\/wp-json\/wp\/v2\/users\/4568"}],"replies":[{"embeddable":true,"href":"https:\/\/www.ufsm.br\/cursos\/pos-graduacao\/santa-maria\/ppge\/wp-json\/wp\/v2\/comments?post=4256"}],"version-history":[{"count":0,"href":"https:\/\/www.ufsm.br\/cursos\/pos-graduacao\/santa-maria\/ppge\/wp-json\/wp\/v2\/pages\/4256\/revisions"}],"up":[{"embeddable":true,"href":"https:\/\/www.ufsm.br\/cursos\/pos-graduacao\/santa-maria\/ppge\/wp-json\/wp\/v2\/pages\/4216"}],"wp:attachment":[{"href":"https:\/\/www.ufsm.br\/cursos\/pos-graduacao\/santa-maria\/ppge\/wp-json\/wp\/v2\/media?parent=4256"}],"wp:term":[{"taxonomy":"category","embeddable":true,"href":"https:\/\/www.ufsm.br\/cursos\/pos-graduacao\/santa-maria\/ppge\/wp-json\/wp\/v2\/categories?post=4256"},{"taxonomy":"post_tag","embeddable":true,"href":"https:\/\/www.ufsm.br\/cursos\/pos-graduacao\/santa-maria\/ppge\/wp-json\/wp\/v2\/tags?post=4256"}],"curies":[{"name":"wp","href":"https:\/\/api.w.org\/{rel}","templated":true}]}}