{"id":4942,"date":"2023-10-19T09:08:03","date_gmt":"2023-10-19T12:08:03","guid":{"rendered":"https:\/\/www.ufsm.br\/cursos\/pos-graduacao\/santa-maria\/ppge\/?page_id=4942"},"modified":"2023-10-19T09:21:24","modified_gmt":"2023-10-19T12:21:24","slug":"processo-de-homologacao-de-atas-de-defesa","status":"publish","type":"page","link":"https:\/\/www.ufsm.br\/cursos\/pos-graduacao\/santa-maria\/ppge\/processo-de-homologacao-de-atas-de-defesa","title":{"rendered":"Processo de homologa\u00e7\u00e3o de atas de defesa"},"content":{"rendered":"\t\t<div data-elementor-type=\"wp-page\" data-elementor-id=\"4942\" class=\"elementor elementor-4942\">\n\t\t\t\t\t\t<section class=\"elementor-section elementor-top-section elementor-element elementor-element-d86b7c4 elementor-section-boxed elementor-section-height-default elementor-section-height-default\" data-id=\"d86b7c4\" data-element_type=\"section\">\n\t\t\t\t\t\t<div class=\"elementor-container elementor-column-gap-default\">\n\t\t\t\t\t<div class=\"elementor-column elementor-col-100 elementor-top-column elementor-element elementor-element-f84cd11\" data-id=\"f84cd11\" data-element_type=\"column\">\n\t\t\t<div class=\"elementor-widget-wrap elementor-element-populated\">\n\t\t\t\t\t\t<div class=\"elementor-element elementor-element-61612b3 elementor-widget elementor-widget-text-editor\" data-id=\"61612b3\" data-element_type=\"widget\" data-widget_type=\"text-editor.default\">\n\t\t\t\t<div class=\"elementor-widget-container\">\n\t\t\t\t\t\t\t<p>Buscando atender as determina\u00e7\u00f5es legais de todos os processos serem nato-digitais e n\u00e3o serem mais emitidos e impressos documentos f\u00edsicos, a partir de agora todo o processo de entrega da ata de defesa de qualifica\u00e7\u00e3o ou defesa final de disserta\u00e7\u00e3o ou tese ser\u00e1 atrav\u00e9s do PEN-SIE.<\/p><p>O processo de homologa\u00e7\u00e3o da ata de defesa \u00e9 realizado pelo PEN-SIE, conforme o ilustrado no fluxo do processo indicado abaixo. O ideal \u00e9 que no momento da solicita\u00e7\u00e3o da defesa, os discentes verifiquem com o membro externo, se este possui o cadastro da assinatura eletr\u00f4nica no PEN-SIE, pois este cadastro ser\u00e1 necess\u00e1rio para assinatura da ata.<\/p><p>As orienta\u00e7\u00f5es para gerar a assinatura eletr\u00f4nica est\u00e3o dispon\u00edveis no&nbsp;<a href=\"https:\/\/www.ufsm.br\/app\/uploads\/sites\/416\/2022\/09\/Manual-Usuario-Externo-2022.pdf\"><b>Tutorial \u2013 Assinatura do Termo de Concord\u00e2ncia Assinatura Eletr\u00f4nica Cadastrada no SIE<\/b><\/a><\/p><p>D\u00favidas sobre abertura de processos no sistema PEN-SIE, assinatura em documentos e tramita\u00e7\u00e3o de processos podem ser sanadas no <a href=\"https:\/\/www.ufsm.br\/orgaos-suplementares\/dag\/pen\/apoio-ao-usuario\/passo-a-passo-para-abertura-assinatura-e-tramite\"><b>Passo a passo para: Abertura, Assinatura e Tr\u00e2mite<\/b><\/a><\/p><p>Abaixo est\u00e3o dispon\u00edveis os arquivos do fluxo do processo detalhado e resumido:<\/p><p><a href=\"https:\/\/www.ufsm.br\/app\/uploads\/sites\/547\/2023\/10\/Fluxo-de-Processo_-Homologacao-de-Ata-de-Banca-de-Defesa-de-Pos-Graduacao.pdf\"><b>Fluxo do Processo de Homologa\u00e7\u00e3o de ata de defesa de disserta\u00e7\u00e3o\/tese<\/b><\/a><\/p><p>\n\n\n\n\n\n<\/p><p><a href=\"https:\/\/www.ufsm.br\/app\/uploads\/sites\/547\/2023\/10\/Fluxo-Resumido-de-Processo_-Homologacao-de-Ata-de-Banca-de-Defesa-de-Pos-Graduacao.pdf\"><b>Fluxo Resumido do Processo de Homologa\u00e7\u00e3o de ata de defesa de disserta\u00e7\u00e3o\/tese<\/b><\/a><\/p>\t\t\t\t\t\t<\/div>\n\t\t\t\t<\/div>\n\t\t\t\t\t<\/div>\n\t\t<\/div>\n\t\t\t\t\t<\/div>\n\t\t<\/section>\n\t\t\t\t<\/div>\n\t\t","protected":false},"excerpt":{"rendered":"<p>Buscando atender as determina\u00e7\u00f5es legais de todos os processos serem nato-digitais e n\u00e3o serem mais emitidos e impressos documentos f\u00edsicos, a partir de agora todo o processo de entrega da ata de defesa de qualifica\u00e7\u00e3o ou defesa final de disserta\u00e7\u00e3o ou tese ser\u00e1 atrav\u00e9s do PEN-SIE. O processo de homologa\u00e7\u00e3o da ata de defesa \u00e9 [&hellip;]<\/p>\n","protected":false},"author":2369,"featured_media":0,"parent":0,"menu_order":0,"comment_status":"closed","ping_status":"closed","template":"","meta":{"footnotes":""},"categories":[36],"tags":[],"class_list":["post-4942","page","type-page","status-publish","hentry","category-destaque"],"acf":[],"_links":{"self":[{"href":"https:\/\/www.ufsm.br\/cursos\/pos-graduacao\/santa-maria\/ppge\/wp-json\/wp\/v2\/pages\/4942","targetHints":{"allow":["GET"]}}],"collection":[{"href":"https:\/\/www.ufsm.br\/cursos\/pos-graduacao\/santa-maria\/ppge\/wp-json\/wp\/v2\/pages"}],"about":[{"href":"https:\/\/www.ufsm.br\/cursos\/pos-graduacao\/santa-maria\/ppge\/wp-json\/wp\/v2\/types\/page"}],"author":[{"embeddable":true,"href":"https:\/\/www.ufsm.br\/cursos\/pos-graduacao\/santa-maria\/ppge\/wp-json\/wp\/v2\/users\/2369"}],"replies":[{"embeddable":true,"href":"https:\/\/www.ufsm.br\/cursos\/pos-graduacao\/santa-maria\/ppge\/wp-json\/wp\/v2\/comments?post=4942"}],"version-history":[{"count":0,"href":"https:\/\/www.ufsm.br\/cursos\/pos-graduacao\/santa-maria\/ppge\/wp-json\/wp\/v2\/pages\/4942\/revisions"}],"wp:attachment":[{"href":"https:\/\/www.ufsm.br\/cursos\/pos-graduacao\/santa-maria\/ppge\/wp-json\/wp\/v2\/media?parent=4942"}],"wp:term":[{"taxonomy":"category","embeddable":true,"href":"https:\/\/www.ufsm.br\/cursos\/pos-graduacao\/santa-maria\/ppge\/wp-json\/wp\/v2\/categories?post=4942"},{"taxonomy":"post_tag","embeddable":true,"href":"https:\/\/www.ufsm.br\/cursos\/pos-graduacao\/santa-maria\/ppge\/wp-json\/wp\/v2\/tags?post=4942"}],"curies":[{"name":"wp","href":"https:\/\/api.w.org\/{rel}","templated":true}]}}