{"id":1044,"date":"2022-02-11T07:50:48","date_gmt":"2022-02-11T10:50:48","guid":{"rendered":"https:\/\/www.ufsm.br\/cursos\/pos-graduacao\/santa-maria\/ppgea\/?page_id=1044"},"modified":"2022-10-24T15:28:28","modified_gmt":"2022-10-24T18:28:28","slug":"teses-2022","status":"publish","type":"page","link":"https:\/\/www.ufsm.br\/cursos\/pos-graduacao\/santa-maria\/ppgea\/teses-2022","title":{"rendered":"Teses 2022"},"content":{"rendered":"\t\t<div data-elementor-type=\"wp-page\" data-elementor-id=\"1044\" class=\"elementor elementor-1044\">\n\t\t\t\t\t\t<section class=\"elementor-section elementor-top-section elementor-element elementor-element-a50705d elementor-section-boxed elementor-section-height-default elementor-section-height-default\" data-id=\"a50705d\" data-element_type=\"section\">\n\t\t\t\t\t\t<div class=\"elementor-container elementor-column-gap-default\">\n\t\t\t\t\t<div class=\"elementor-column elementor-col-100 elementor-top-column elementor-element elementor-element-358c4a4\" data-id=\"358c4a4\" data-element_type=\"column\">\n\t\t\t<div class=\"elementor-widget-wrap elementor-element-populated\">\n\t\t\t\t\t\t<div class=\"elementor-element elementor-element-5723fd8 elementor-widget elementor-widget-text-editor\" data-id=\"5723fd8\" data-element_type=\"widget\" data-widget_type=\"text-editor.default\">\n\t\t\t\t<div class=\"elementor-widget-container\">\n\t\t\t\t\t\t\t<p><strong>T\u00edtulo<\/strong>: <a href=\"https:\/\/repositorio.ufsm.br\/handle\/1\/25858\" target=\"_blank\" rel=\"noopener\">Pagamento por servi\u00e7os\u00a0 ambientais como instrumento viabilizador de a\u00e7\u00f5es de plano de bacia hidrogr\u00e1fica<\/a><\/p><p><strong>Aluno<\/strong>: Andr\u00e9 Gon\u00e7alves Panziera<\/p><p><strong>Professor Orientador<\/strong>: Dr. Alexandre Swarowsky<\/p>\t\t\t\t\t\t<\/div>\n\t\t\t\t<\/div>\n\t\t\t\t\t<\/div>\n\t\t<\/div>\n\t\t\t\t\t<\/div>\n\t\t<\/section>\n\t\t\t\t<section class=\"elementor-section elementor-top-section elementor-element elementor-element-db19abe elementor-section-boxed elementor-section-height-default elementor-section-height-default\" data-id=\"db19abe\" data-element_type=\"section\">\n\t\t\t\t\t\t<div class=\"elementor-container elementor-column-gap-default\">\n\t\t\t\t\t<div class=\"elementor-column elementor-col-100 elementor-top-column elementor-element elementor-element-2bdd5d5\" data-id=\"2bdd5d5\" data-element_type=\"column\">\n\t\t\t<div class=\"elementor-widget-wrap elementor-element-populated\">\n\t\t\t\t\t\t<div class=\"elementor-element elementor-element-691b39e elementor-widget elementor-widget-text-editor\" data-id=\"691b39e\" data-element_type=\"widget\" data-widget_type=\"text-editor.default\">\n\t\t\t\t<div class=\"elementor-widget-container\">\n\t\t\t\t\t\t\t<p><strong>T\u00edtulo<\/strong>: Sensores de vegeta\u00e7\u00e3o na predi\u00e7\u00e3o da necessidade na fertiliza\u00e7\u00e3o nitrogenada em cobertura complementar no arroz irrigado<\/p><p><strong>Aluno<\/strong>: Cleiton Jos\u00e9 Ram\u00e3o<\/p><p><strong>Professor Orientador<\/strong>: Dr. Telmo Jorge Carneiro Amado<\/p>\t\t\t\t\t\t<\/div>\n\t\t\t\t<\/div>\n\t\t\t\t\t<\/div>\n\t\t<\/div>\n\t\t\t\t\t<\/div>\n\t\t<\/section>\n\t\t\t\t<section class=\"elementor-section elementor-top-section elementor-element elementor-element-dc53941 elementor-section-boxed elementor-section-height-default elementor-section-height-default\" data-id=\"dc53941\" data-element_type=\"section\">\n\t\t\t\t\t\t<div class=\"elementor-container elementor-column-gap-default\">\n\t\t\t\t\t<div class=\"elementor-column elementor-col-100 elementor-top-column elementor-element elementor-element-626cd7a\" data-id=\"626cd7a\" data-element_type=\"column\">\n\t\t\t<div class=\"elementor-widget-wrap elementor-element-populated\">\n\t\t\t\t\t\t<div class=\"elementor-element elementor-element-0674df7 elementor-widget elementor-widget-text-editor\" data-id=\"0674df7\" data-element_type=\"widget\" data-widget_type=\"text-editor.default\">\n\t\t\t\t<div class=\"elementor-widget-container\">\n\t\t\t\t\t\t\t<p><strong>T\u00edtulo<\/strong>: Monitoramento e predi\u00e7\u00e3o da qualidade de gr\u00e3os de milho armazenados em silo bolsa e r\u00e1fia por meio de rede de sensores sem fio e redes neurais artificiais (foi requerida patente, n\u00e3o pode ser divulgado)<\/p><p><strong>Aluno<\/strong>: Everton Lutz<\/p><p><strong>Professor Orientador<\/strong>: Dr. Paulo Carteri Coradi<\/p>\t\t\t\t\t\t<\/div>\n\t\t\t\t<\/div>\n\t\t\t\t\t<\/div>\n\t\t<\/div>\n\t\t\t\t\t<\/div>\n\t\t<\/section>\n\t\t\t\t<section class=\"elementor-section elementor-top-section elementor-element elementor-element-9c90ea6 elementor-section-boxed elementor-section-height-default elementor-section-height-default\" data-id=\"9c90ea6\" data-element_type=\"section\">\n\t\t\t\t\t\t<div class=\"elementor-container elementor-column-gap-default\">\n\t\t\t\t\t<div class=\"elementor-column elementor-col-100 elementor-top-column elementor-element elementor-element-e9671a9\" data-id=\"e9671a9\" data-element_type=\"column\">\n\t\t\t<div class=\"elementor-widget-wrap elementor-element-populated\">\n\t\t\t\t\t\t<div class=\"elementor-element elementor-element-bba87d9 elementor-widget elementor-widget-text-editor\" data-id=\"bba87d9\" data-element_type=\"widget\" data-widget_type=\"text-editor.default\">\n\t\t\t\t<div class=\"elementor-widget-container\">\n\t\t\t\t\t\t\t<p><strong>T\u00edtulo<\/strong>: <a href=\"https:\/\/repositorio.ufsm.br\/handle\/1\/24660\" target=\"_blank\" rel=\"noopener\">Potencial de regenera\u00e7\u00e3o natural em matriz produtiva de eucalipto no Bioma Pampa<\/a><\/p><p><strong>Aluna<\/strong>: Fabiane Granzotto\u00a0<\/p><p><strong>Professora Orientadora<\/strong>: Dr. Ana Paula Moreira Rovedder<\/p>\t\t\t\t\t\t<\/div>\n\t\t\t\t<\/div>\n\t\t\t\t\t<\/div>\n\t\t<\/div>\n\t\t\t\t\t<\/div>\n\t\t<\/section>\n\t\t\t\t<section class=\"elementor-section elementor-top-section elementor-element elementor-element-d4ce674 elementor-section-boxed elementor-section-height-default elementor-section-height-default\" data-id=\"d4ce674\" data-element_type=\"section\">\n\t\t\t\t\t\t<div class=\"elementor-container elementor-column-gap-default\">\n\t\t\t\t\t<div class=\"elementor-column elementor-col-100 elementor-top-column elementor-element elementor-element-b036056\" data-id=\"b036056\" data-element_type=\"column\">\n\t\t\t<div class=\"elementor-widget-wrap elementor-element-populated\">\n\t\t\t\t\t\t<div class=\"elementor-element elementor-element-c02ff54 elementor-widget elementor-widget-text-editor\" data-id=\"c02ff54\" data-element_type=\"widget\" data-widget_type=\"text-editor.default\">\n\t\t\t\t<div class=\"elementor-widget-container\">\n\t\t\t\t\t\t\t<p><strong>T\u00edtulo<\/strong>: Concep\u00e7\u00e3o de mecanismo dosador para semeadura florestal mecanizada<\/p><p><strong>Aluna<\/strong>: Gessieli Possebom<\/p><p><strong>Professor Orientador<\/strong>: Dr. Airton dos Santos Alon\u00e7o<\/p>\t\t\t\t\t\t<\/div>\n\t\t\t\t<\/div>\n\t\t\t\t\t<\/div>\n\t\t<\/div>\n\t\t\t\t\t<\/div>\n\t\t<\/section>\n\t\t\t\t<section class=\"elementor-section elementor-top-section elementor-element elementor-element-8bc65fa elementor-section-boxed elementor-section-height-default elementor-section-height-default\" data-id=\"8bc65fa\" data-element_type=\"section\">\n\t\t\t\t\t\t<div class=\"elementor-container elementor-column-gap-default\">\n\t\t\t\t\t<div class=\"elementor-column elementor-col-100 elementor-top-column elementor-element elementor-element-fdd96b0\" data-id=\"fdd96b0\" data-element_type=\"column\">\n\t\t\t<div class=\"elementor-widget-wrap elementor-element-populated\">\n\t\t\t\t\t\t<div class=\"elementor-element elementor-element-300ac28 elementor-widget elementor-widget-text-editor\" data-id=\"300ac28\" data-element_type=\"widget\" data-widget_type=\"text-editor.default\">\n\t\t\t\t<div class=\"elementor-widget-container\">\n\t\t\t\t\t\t\t<p><strong>T\u00edtulo<\/strong>: <a href=\"https:\/\/repositorio.ufsm.br\/handle\/1\/24662\" target=\"_blank\" rel=\"noopener\">Resposta de Lisianthus (Eustoma grandiflorum (RAF.) SHINN.) ao manejo de irriga\u00e7\u00e3o, uso de pol\u00edmero hidroretentor e \u00e9poca de cultivo em ambiente climatizado<\/a><\/p><p><strong>Aluna<\/strong>: Jessica Dariane Piroli<\/p><p><strong>Professora Orientadora<\/strong>: Dr. Marcia Xavier Peiter<\/p>\t\t\t\t\t\t<\/div>\n\t\t\t\t<\/div>\n\t\t\t\t\t<\/div>\n\t\t<\/div>\n\t\t\t\t\t<\/div>\n\t\t<\/section>\n\t\t\t\t<section class=\"elementor-section elementor-top-section elementor-element elementor-element-91c2997 elementor-section-boxed elementor-section-height-default elementor-section-height-default\" data-id=\"91c2997\" data-element_type=\"section\">\n\t\t\t\t\t\t<div class=\"elementor-container elementor-column-gap-default\">\n\t\t\t\t\t<div class=\"elementor-column elementor-col-100 elementor-top-column elementor-element elementor-element-dd28baa\" data-id=\"dd28baa\" data-element_type=\"column\">\n\t\t\t<div class=\"elementor-widget-wrap elementor-element-populated\">\n\t\t\t\t\t\t<div class=\"elementor-element elementor-element-4895160 elementor-widget elementor-widget-text-editor\" data-id=\"4895160\" data-element_type=\"widget\" data-widget_type=\"text-editor.default\">\n\t\t\t\t<div class=\"elementor-widget-container\">\n\t\t\t\t\t\t\t<p><strong>T\u00edtulo<\/strong>: <a href=\"https:\/\/repositorio.ufsm.br\/handle\/1\/24637\" target=\"_blank\" rel=\"noopener\">Energia fotovoltaica: an\u00e1lise t\u00e9cnica e econ\u00f4mica de sistema aut\u00f4nomo para irriga\u00e7\u00e3o<\/a><\/p><p><strong>Aluno<\/strong>: Jhosefe Bruning<\/p><p><strong>Professor Orientador<\/strong>: Dr. Adroaldo Dias Robaina<\/p>\t\t\t\t\t\t<\/div>\n\t\t\t\t<\/div>\n\t\t\t\t\t<\/div>\n\t\t<\/div>\n\t\t\t\t\t<\/div>\n\t\t<\/section>\n\t\t\t\t<section class=\"elementor-section elementor-top-section elementor-element elementor-element-7733fbb elementor-section-boxed elementor-section-height-default elementor-section-height-default\" data-id=\"7733fbb\" data-element_type=\"section\">\n\t\t\t\t\t\t<div class=\"elementor-container elementor-column-gap-default\">\n\t\t\t\t\t<div class=\"elementor-column elementor-col-100 elementor-top-column elementor-element elementor-element-dbfffb6\" data-id=\"dbfffb6\" data-element_type=\"column\">\n\t\t\t<div class=\"elementor-widget-wrap elementor-element-populated\">\n\t\t\t\t\t\t<div class=\"elementor-element elementor-element-4306cfd elementor-widget elementor-widget-text-editor\" data-id=\"4306cfd\" data-element_type=\"widget\" data-widget_type=\"text-editor.default\">\n\t\t\t\t<div class=\"elementor-widget-container\">\n\t\t\t\t\t\t\t<p><strong>T\u00edtulo<\/strong>: Obten\u00e7\u00e3o e caracteriza\u00e7\u00e3o de \u00f3leo, prote\u00edna e etanol 2G de h\u00edbridos de canola semeados em diferentes \u00e9pocas<\/p><p><strong>Aluna<\/strong>: Mar\u00edlia Boff de Oliveira<\/p><p><strong>Professor Orientador<\/strong>: Dr. Marcus Vinicius Tres<\/p>\t\t\t\t\t\t<\/div>\n\t\t\t\t<\/div>\n\t\t\t\t\t<\/div>\n\t\t<\/div>\n\t\t\t\t\t<\/div>\n\t\t<\/section>\n\t\t\t\t<section class=\"elementor-section elementor-top-section elementor-element elementor-element-f8d7c68 elementor-section-boxed elementor-section-height-default elementor-section-height-default\" data-id=\"f8d7c68\" data-element_type=\"section\">\n\t\t\t\t\t\t<div class=\"elementor-container elementor-column-gap-default\">\n\t\t\t\t\t<div class=\"elementor-column elementor-col-100 elementor-top-column elementor-element elementor-element-90d611a\" data-id=\"90d611a\" data-element_type=\"column\">\n\t\t\t<div class=\"elementor-widget-wrap elementor-element-populated\">\n\t\t\t\t\t\t<div class=\"elementor-element elementor-element-1391f5a elementor-widget elementor-widget-text-editor\" data-id=\"1391f5a\" data-element_type=\"widget\" data-widget_type=\"text-editor.default\">\n\t\t\t\t<div class=\"elementor-widget-container\">\n\t\t\t\t\t\t\t<p><strong>T\u00edtulo<\/strong>: <a href=\"https:\/\/repositorio.ufsm.br\/handle\/1\/25872\" target=\"_blank\" rel=\"noopener\">Viabilidade econ\u00f4mica do uso de cereais irrigados na produ\u00e7\u00e3o de etanol<\/a><\/p><p><strong>Aluno<\/strong>: Miguel Chaiben Neto<\/p><p><strong>Professor Orientador<\/strong>: Dr. Adroaldo Dias Robaina<\/p>\t\t\t\t\t\t<\/div>\n\t\t\t\t<\/div>\n\t\t\t\t\t<\/div>\n\t\t<\/div>\n\t\t\t\t\t<\/div>\n\t\t<\/section>\n\t\t\t\t<section class=\"elementor-section elementor-top-section elementor-element elementor-element-74f7bf9 elementor-section-boxed elementor-section-height-default elementor-section-height-default\" data-id=\"74f7bf9\" data-element_type=\"section\">\n\t\t\t\t\t\t<div class=\"elementor-container elementor-column-gap-default\">\n\t\t\t\t\t<div class=\"elementor-column elementor-col-100 elementor-top-column elementor-element elementor-element-619127b\" data-id=\"619127b\" data-element_type=\"column\">\n\t\t\t<div class=\"elementor-widget-wrap elementor-element-populated\">\n\t\t\t\t\t\t<div class=\"elementor-element elementor-element-4310b2a elementor-widget elementor-widget-text-editor\" data-id=\"4310b2a\" data-element_type=\"widget\" data-widget_type=\"text-editor.default\">\n\t\t\t\t<div class=\"elementor-widget-container\">\n\t\t\t\t\t\t\t<p><strong>T\u00edtulo<\/strong>: <a href=\"https:\/\/repositorio.ufsm.br\/handle\/1\/25859\" target=\"_blank\" rel=\"noopener\">Secagem e armazenamento de gr\u00e3os de milho do centro e das extremidades da espiga: efeitos sobre as propriedades f\u00edsico-qu\u00edmicas dos gr\u00e3os e do amido isolado<\/a><\/p><p><strong>Aluno<\/strong>: Newiton da Silva Timm<\/p><p><strong>Professor Orientador<\/strong>:\u00a0 Dr. Paulo Carteri Coradi<\/p>\t\t\t\t\t\t<\/div>\n\t\t\t\t<\/div>\n\t\t\t\t\t<\/div>\n\t\t<\/div>\n\t\t\t\t\t<\/div>\n\t\t<\/section>\n\t\t\t\t<section class=\"elementor-section elementor-top-section elementor-element elementor-element-5b7b4de elementor-section-boxed elementor-section-height-default elementor-section-height-default\" data-id=\"5b7b4de\" data-element_type=\"section\">\n\t\t\t\t\t\t<div class=\"elementor-container elementor-column-gap-default\">\n\t\t\t\t\t<div class=\"elementor-column elementor-col-100 elementor-top-column elementor-element elementor-element-da982a1\" data-id=\"da982a1\" data-element_type=\"column\">\n\t\t\t<div class=\"elementor-widget-wrap elementor-element-populated\">\n\t\t\t\t\t\t<div class=\"elementor-element elementor-element-bffd347 elementor-widget elementor-widget-text-editor\" data-id=\"bffd347\" data-element_type=\"widget\" data-widget_type=\"text-editor.default\">\n\t\t\t\t<div class=\"elementor-widget-container\">\n\t\t\t\t\t\t\t<p><strong>T\u00edtulo<\/strong>: <a href=\"https:\/\/repositorio.ufsm.br\/handle\/1\/24925\" target=\"_blank\" rel=\"noopener\">Produtividade, conte\u00fado de \u00f3leo e retorno econ\u00f4mico-financeiro de cultivares de soja irrigada<\/a><\/p><p><strong>Aluna<\/strong>: Silvana Antunes Rodrigues<\/p><p><strong>Professora Orientadora<\/strong>: Dr.\u00aa Marcia Xavier Peiter<\/p>\t\t\t\t\t\t<\/div>\n\t\t\t\t<\/div>\n\t\t\t\t\t<\/div>\n\t\t<\/div>\n\t\t\t\t\t<\/div>\n\t\t<\/section>\n\t\t\t\t<section class=\"elementor-section elementor-top-section elementor-element elementor-element-e3c3346 elementor-section-boxed elementor-section-height-default elementor-section-height-default\" data-id=\"e3c3346\" data-element_type=\"section\">\n\t\t\t\t\t\t<div class=\"elementor-container elementor-column-gap-default\">\n\t\t\t\t\t<div class=\"elementor-column elementor-col-100 elementor-top-column elementor-element elementor-element-e75471c\" data-id=\"e75471c\" data-element_type=\"column\">\n\t\t\t<div class=\"elementor-widget-wrap elementor-element-populated\">\n\t\t\t\t\t\t<div class=\"elementor-element elementor-element-1dc2b98 elementor-widget elementor-widget-text-editor\" data-id=\"1dc2b98\" data-element_type=\"widget\" data-widget_type=\"text-editor.default\">\n\t\t\t\t<div class=\"elementor-widget-container\">\n\t\t\t\t\t\t\t<p><strong>T\u00edtulo<\/strong>: Modelagem da evapotranspira\u00e7\u00e3o e predi\u00e7\u00f5es do rendimento de soja sob condi\u00e7\u00e3o irrigada e de sequeiro\u00a0<\/p><p><strong>Aluna<\/strong>: Ticiana Fran\u00e7ois Magalh\u00e3es<\/p><p><strong>Professora Orientadora<\/strong>: Dr.\u00aa Mirta Teresinha Petry<\/p>\t\t\t\t\t\t<\/div>\n\t\t\t\t<\/div>\n\t\t\t\t\t<\/div>\n\t\t<\/div>\n\t\t\t\t\t<\/div>\n\t\t<\/section>\n\t\t\t\t<\/div>\n\t\t","protected":false},"excerpt":{"rendered":"<p>T\u00edtulo: Pagamento por servi\u00e7os\u00a0 ambientais como instrumento viabilizador de a\u00e7\u00f5es de plano de bacia hidrogr\u00e1fica Aluno: Andr\u00e9 Gon\u00e7alves Panziera Professor Orientador: Dr. Alexandre Swarowsky T\u00edtulo: Sensores de vegeta\u00e7\u00e3o na predi\u00e7\u00e3o da necessidade na fertiliza\u00e7\u00e3o nitrogenada em cobertura complementar no arroz irrigado Aluno: Cleiton Jos\u00e9 Ram\u00e3o Professor Orientador: Dr. Telmo Jorge Carneiro Amado T\u00edtulo: Monitoramento e [&hellip;]<\/p>\n","protected":false},"author":871,"featured_media":0,"parent":0,"menu_order":0,"comment_status":"closed","ping_status":"closed","template":"","meta":{"footnotes":""},"categories":[],"tags":[],"class_list":["post-1044","page","type-page","status-publish","hentry"],"acf":[],"_links":{"self":[{"href":"https:\/\/www.ufsm.br\/cursos\/pos-graduacao\/santa-maria\/ppgea\/wp-json\/wp\/v2\/pages\/1044","targetHints":{"allow":["GET"]}}],"collection":[{"href":"https:\/\/www.ufsm.br\/cursos\/pos-graduacao\/santa-maria\/ppgea\/wp-json\/wp\/v2\/pages"}],"about":[{"href":"https:\/\/www.ufsm.br\/cursos\/pos-graduacao\/santa-maria\/ppgea\/wp-json\/wp\/v2\/types\/page"}],"author":[{"embeddable":true,"href":"https:\/\/www.ufsm.br\/cursos\/pos-graduacao\/santa-maria\/ppgea\/wp-json\/wp\/v2\/users\/871"}],"replies":[{"embeddable":true,"href":"https:\/\/www.ufsm.br\/cursos\/pos-graduacao\/santa-maria\/ppgea\/wp-json\/wp\/v2\/comments?post=1044"}],"version-history":[{"count":0,"href":"https:\/\/www.ufsm.br\/cursos\/pos-graduacao\/santa-maria\/ppgea\/wp-json\/wp\/v2\/pages\/1044\/revisions"}],"wp:attachment":[{"href":"https:\/\/www.ufsm.br\/cursos\/pos-graduacao\/santa-maria\/ppgea\/wp-json\/wp\/v2\/media?parent=1044"}],"wp:term":[{"taxonomy":"category","embeddable":true,"href":"https:\/\/www.ufsm.br\/cursos\/pos-graduacao\/santa-maria\/ppgea\/wp-json\/wp\/v2\/categories?post=1044"},{"taxonomy":"post_tag","embeddable":true,"href":"https:\/\/www.ufsm.br\/cursos\/pos-graduacao\/santa-maria\/ppgea\/wp-json\/wp\/v2\/tags?post=1044"}],"curies":[{"name":"wp","href":"https:\/\/api.w.org\/{rel}","templated":true}]}}