{"id":1057,"date":"2022-03-03T14:10:25","date_gmt":"2022-03-03T17:10:25","guid":{"rendered":"https:\/\/www.ufsm.br\/cursos\/pos-graduacao\/santa-maria\/ppgea\/?page_id=1057"},"modified":"2022-11-01T07:25:04","modified_gmt":"2022-11-01T10:25:04","slug":"dissertacoes-2022","status":"publish","type":"page","link":"https:\/\/www.ufsm.br\/cursos\/pos-graduacao\/santa-maria\/ppgea\/dissertacoes-2022","title":{"rendered":"Disserta\u00e7\u00f5es 2022"},"content":{"rendered":"\t\t<div data-elementor-type=\"wp-page\" data-elementor-id=\"1057\" class=\"elementor elementor-1057\">\n\t\t\t\t\t\t<section class=\"elementor-section elementor-top-section elementor-element elementor-element-562451d elementor-section-boxed elementor-section-height-default elementor-section-height-default\" data-id=\"562451d\" data-element_type=\"section\">\n\t\t\t\t\t\t<div class=\"elementor-container elementor-column-gap-default\">\n\t\t\t\t\t<div class=\"elementor-column elementor-col-100 elementor-top-column elementor-element elementor-element-1a7eba5\" data-id=\"1a7eba5\" data-element_type=\"column\">\n\t\t\t<div class=\"elementor-widget-wrap elementor-element-populated\">\n\t\t\t\t\t\t<div class=\"elementor-element elementor-element-8ead178 elementor-widget elementor-widget-text-editor\" data-id=\"8ead178\" data-element_type=\"widget\" data-widget_type=\"text-editor.default\">\n\t\t\t\t<div class=\"elementor-widget-container\">\n\t\t\t\t\t\t\t<p><strong>T\u00edtulo<\/strong>: Efeitos da secagem intermitente e do beneficiamento na qualidade f\u00edsica, f\u00edsico-qu\u00edmica e morfol\u00f3gica do arroz polido<\/p><p><strong>Aluna<\/strong>: Andressa Fernandes Leal<\/p><p><strong>Professor Orientador<\/strong>: Dr. Paulo Carteri Coradi<\/p>\t\t\t\t\t\t<\/div>\n\t\t\t\t<\/div>\n\t\t\t\t\t<\/div>\n\t\t<\/div>\n\t\t\t\t\t<\/div>\n\t\t<\/section>\n\t\t\t\t<section class=\"elementor-section elementor-top-section elementor-element elementor-element-68aa3cd elementor-section-boxed elementor-section-height-default elementor-section-height-default\" data-id=\"68aa3cd\" data-element_type=\"section\">\n\t\t\t\t\t\t<div class=\"elementor-container elementor-column-gap-default\">\n\t\t\t\t\t<div class=\"elementor-column elementor-col-100 elementor-top-column elementor-element elementor-element-772b026\" data-id=\"772b026\" data-element_type=\"column\">\n\t\t\t<div class=\"elementor-widget-wrap elementor-element-populated\">\n\t\t\t\t\t\t<div class=\"elementor-element elementor-element-fc3841c elementor-widget elementor-widget-text-editor\" data-id=\"fc3841c\" data-element_type=\"widget\" data-widget_type=\"text-editor.default\">\n\t\t\t\t<div class=\"elementor-widget-container\">\n\t\t\t\t\t\t\t<p><strong>T\u00edtulo<\/strong>: Alelopatia de extratos vegetais sobre Eragrostis plana Ness e hidr\u00f3lise da sua biomassa para prospec\u00e7\u00e3o de compostos qu\u00edmicos<\/p><p><strong>Aluna<\/strong>: Bianca Motta Dolianitis<\/p><p><strong>Professor Orientador<\/strong>: Dr. Giovani Leone Zabot<\/p>\t\t\t\t\t\t<\/div>\n\t\t\t\t<\/div>\n\t\t\t\t\t<\/div>\n\t\t<\/div>\n\t\t\t\t\t<\/div>\n\t\t<\/section>\n\t\t\t\t<section class=\"elementor-section elementor-top-section elementor-element elementor-element-010fe99 elementor-section-boxed elementor-section-height-default elementor-section-height-default\" data-id=\"010fe99\" data-element_type=\"section\">\n\t\t\t\t\t\t<div class=\"elementor-container elementor-column-gap-default\">\n\t\t\t\t\t<div class=\"elementor-column elementor-col-100 elementor-top-column elementor-element elementor-element-c0fb955\" data-id=\"c0fb955\" data-element_type=\"column\">\n\t\t\t<div class=\"elementor-widget-wrap elementor-element-populated\">\n\t\t\t\t\t\t<div class=\"elementor-element elementor-element-0bc50d9 elementor-widget elementor-widget-text-editor\" data-id=\"0bc50d9\" data-element_type=\"widget\" data-widget_type=\"text-editor.default\">\n\t\t\t\t<div class=\"elementor-widget-container\">\n\t\t\t\t\t\t\t<p><strong>T\u00edtulo<\/strong>: <a href=\"https:\/\/repositorio.ufsm.br\/handle\/1\/24646\" target=\"_blank\" rel=\"noopener\">Detec\u00e7\u00e3o precoce e predi\u00e7\u00e3o da perda de mat\u00e9ria seca e qualidade de gr\u00e3os de milho em tempo real durante o transporte<\/a><\/p><p><strong>Aluna<\/strong>: Camila Fontoura Nunes<\/p><p><strong>Professor Orientador<\/strong>: Dr. Paulo Carteri Coradi<\/p>\t\t\t\t\t\t<\/div>\n\t\t\t\t<\/div>\n\t\t\t\t\t<\/div>\n\t\t<\/div>\n\t\t\t\t\t<\/div>\n\t\t<\/section>\n\t\t\t\t<section class=\"elementor-section elementor-top-section elementor-element elementor-element-d1676e2 elementor-section-boxed elementor-section-height-default elementor-section-height-default\" data-id=\"d1676e2\" data-element_type=\"section\">\n\t\t\t\t\t\t<div class=\"elementor-container elementor-column-gap-default\">\n\t\t\t\t\t<div class=\"elementor-column elementor-col-100 elementor-top-column elementor-element elementor-element-d57340e\" data-id=\"d57340e\" data-element_type=\"column\">\n\t\t\t<div class=\"elementor-widget-wrap elementor-element-populated\">\n\t\t\t\t\t\t<div class=\"elementor-element elementor-element-c74b8d8 elementor-widget elementor-widget-text-editor\" data-id=\"c74b8d8\" data-element_type=\"widget\" data-widget_type=\"text-editor.default\">\n\t\t\t\t<div class=\"elementor-widget-container\">\n\t\t\t\t\t\t\t<p><strong>T\u00edtulo<\/strong>: <a href=\"https:\/\/repositorio.ufsm.br\/handle\/1\/26542\" target=\"_blank\" rel=\"noopener\">Desempenho produtivo e deriva\u00e7\u00e3o dos coeficientes de cultura da canola usando par\u00e2metros biof\u00edsicos das plantas<\/a><\/p><p><strong>Aluna<\/strong>: Clarissa Moraes da Silva<\/p><p><strong>Professora Orientadora<\/strong>: Dr.\u00aa Mirta Teresinha Petry<\/p>\t\t\t\t\t\t<\/div>\n\t\t\t\t<\/div>\n\t\t\t\t\t<\/div>\n\t\t<\/div>\n\t\t\t\t\t<\/div>\n\t\t<\/section>\n\t\t\t\t<section class=\"elementor-section elementor-top-section elementor-element elementor-element-a3f6cc8 elementor-section-boxed elementor-section-height-default elementor-section-height-default\" data-id=\"a3f6cc8\" data-element_type=\"section\">\n\t\t\t\t\t\t<div class=\"elementor-container elementor-column-gap-default\">\n\t\t\t\t\t<div class=\"elementor-column elementor-col-100 elementor-top-column elementor-element elementor-element-70ff547\" data-id=\"70ff547\" data-element_type=\"column\">\n\t\t\t<div class=\"elementor-widget-wrap elementor-element-populated\">\n\t\t\t\t\t\t<div class=\"elementor-element elementor-element-7914ad5 elementor-widget elementor-widget-text-editor\" data-id=\"7914ad5\" data-element_type=\"widget\" data-widget_type=\"text-editor.default\">\n\t\t\t\t<div class=\"elementor-widget-container\">\n\t\t\t\t\t\t\t<p><strong>T\u00edtulo<\/strong>: <a href=\"https:\/\/repositorio.ufsm.br\/handle\/1\/24531\" target=\"_blank\" rel=\"noopener\">Inseticida de extrato de sementes de <em>Annona squamosa<\/em> sobre <em>Chrysodeixis includens<\/em><\/a><\/p><p><strong>Aluna<\/strong>: Fabiele Schaefer Rodrigues<\/p><p><strong>Professor Orientador<\/strong>: Dr. Giovani Leone Zabot<\/p>\t\t\t\t\t\t<\/div>\n\t\t\t\t<\/div>\n\t\t\t\t\t<\/div>\n\t\t<\/div>\n\t\t\t\t\t<\/div>\n\t\t<\/section>\n\t\t\t\t<section class=\"elementor-section elementor-top-section elementor-element elementor-element-6176503 elementor-section-boxed elementor-section-height-default elementor-section-height-default\" data-id=\"6176503\" data-element_type=\"section\">\n\t\t\t\t\t\t<div class=\"elementor-container elementor-column-gap-default\">\n\t\t\t\t\t<div class=\"elementor-column elementor-col-100 elementor-top-column elementor-element elementor-element-9b829f3\" data-id=\"9b829f3\" data-element_type=\"column\">\n\t\t\t<div class=\"elementor-widget-wrap elementor-element-populated\">\n\t\t\t\t\t\t<div class=\"elementor-element elementor-element-2aca4da elementor-widget elementor-widget-text-editor\" data-id=\"2aca4da\" data-element_type=\"widget\" data-widget_type=\"text-editor.default\">\n\t\t\t\t<div class=\"elementor-widget-container\">\n\t\t\t\t\t\t\t<p><strong>T\u00edtulo<\/strong>: <a href=\"https:\/\/repositorio.ufsm.br\/handle\/1\/24649\" target=\"_blank\" rel=\"noopener\">Associa\u00e7\u00e3o da aplica\u00e7\u00e3o de produtos biol\u00f3gicos e qu\u00edmicos no controle de doen\u00e7as foliares do trigo e mofo branco na soja<\/a><\/p><p><strong>Aluno<\/strong>: Lucas Drebes<\/p><p><strong>Professor Orientador<\/strong>: Dr. Jerson Vanderlei Car\u00fas Guedes<\/p>\t\t\t\t\t\t<\/div>\n\t\t\t\t<\/div>\n\t\t\t\t\t<\/div>\n\t\t<\/div>\n\t\t\t\t\t<\/div>\n\t\t<\/section>\n\t\t\t\t<section class=\"elementor-section elementor-top-section elementor-element elementor-element-b028555 elementor-section-boxed elementor-section-height-default elementor-section-height-default\" data-id=\"b028555\" data-element_type=\"section\">\n\t\t\t\t\t\t<div class=\"elementor-container elementor-column-gap-default\">\n\t\t\t\t\t<div class=\"elementor-column elementor-col-100 elementor-top-column elementor-element elementor-element-df5757c\" data-id=\"df5757c\" data-element_type=\"column\">\n\t\t\t<div class=\"elementor-widget-wrap elementor-element-populated\">\n\t\t\t\t\t\t<div class=\"elementor-element elementor-element-0679e2d elementor-widget elementor-widget-text-editor\" data-id=\"0679e2d\" data-element_type=\"widget\" data-widget_type=\"text-editor.default\">\n\t\t\t\t<div class=\"elementor-widget-container\">\n\t\t\t\t\t\t\t<p><strong>T\u00edtulo<\/strong>: Influ\u00eancia do pH da \u00e1gua e do tempo entre preparo da calda e pulveriza\u00e7\u00e3o de Thuricide WP no controle de Chrysodeixis includens em soja<\/p><p><strong>Aluno<\/strong>: Lucas Eduardo Hahn<\/p><p><strong>Professor Orientador<\/strong>: Dr. Adriano Arru\u00e9 Melo<\/p>\t\t\t\t\t\t<\/div>\n\t\t\t\t<\/div>\n\t\t\t\t\t<\/div>\n\t\t<\/div>\n\t\t\t\t\t<\/div>\n\t\t<\/section>\n\t\t\t\t<section class=\"elementor-section elementor-top-section elementor-element elementor-element-dc6f53a elementor-section-boxed elementor-section-height-default elementor-section-height-default\" data-id=\"dc6f53a\" data-element_type=\"section\">\n\t\t\t\t\t\t<div class=\"elementor-container elementor-column-gap-default\">\n\t\t\t\t\t<div class=\"elementor-column elementor-col-100 elementor-top-column elementor-element elementor-element-b79db72\" data-id=\"b79db72\" data-element_type=\"column\">\n\t\t\t<div class=\"elementor-widget-wrap elementor-element-populated\">\n\t\t\t\t\t\t<div class=\"elementor-element elementor-element-9a4e0fe elementor-widget elementor-widget-text-editor\" data-id=\"9a4e0fe\" data-element_type=\"widget\" data-widget_type=\"text-editor.default\">\n\t\t\t\t<div class=\"elementor-widget-container\">\n\t\t\t\t\t\t\t<p><strong>T\u00edtulo<\/strong>: <a href=\"https:\/\/repositorio.ufsm.br\/handle\/1\/24449\" target=\"_blank\" rel=\"noopener\">Calibra\u00e7\u00e3o de sensores capacitivos de baixo custo utilizando a Plataforma Ardu\u00edno<\/a><\/p><p><strong>Aluno<\/strong>: Marcelo Lovato Brum<\/p><p><strong>Professor Orientador<\/strong>: Dr. Alexandre Swarowsky<\/p>\t\t\t\t\t\t<\/div>\n\t\t\t\t<\/div>\n\t\t\t\t\t<\/div>\n\t\t<\/div>\n\t\t\t\t\t<\/div>\n\t\t<\/section>\n\t\t\t\t<section class=\"elementor-section elementor-top-section elementor-element elementor-element-609cbbe elementor-section-boxed elementor-section-height-default elementor-section-height-default\" data-id=\"609cbbe\" data-element_type=\"section\">\n\t\t\t\t\t\t<div class=\"elementor-container elementor-column-gap-default\">\n\t\t\t\t\t<div class=\"elementor-column elementor-col-100 elementor-top-column elementor-element elementor-element-85cf3e8\" data-id=\"85cf3e8\" data-element_type=\"column\">\n\t\t\t<div class=\"elementor-widget-wrap elementor-element-populated\">\n\t\t\t\t\t\t<div class=\"elementor-element elementor-element-89cbd8d elementor-widget elementor-widget-text-editor\" data-id=\"89cbd8d\" data-element_type=\"widget\" data-widget_type=\"text-editor.default\">\n\t\t\t\t<div class=\"elementor-widget-container\">\n\t\t\t\t\t\t\t<p><strong>T\u00edtulo<\/strong>: Qualidade das fontes de \u00e1gua utilizadas nas caldas de pulveriza\u00e7\u00f5es agr\u00edcolas do Rio Grande do Sul<\/p><p><strong>Aluno<\/strong>: Matheus Cola\u00e7o Machado<\/p><p><strong>Professor<\/strong>: Dr. Adriano Arru\u00e9 Melo<\/p>\t\t\t\t\t\t<\/div>\n\t\t\t\t<\/div>\n\t\t\t\t\t<\/div>\n\t\t<\/div>\n\t\t\t\t\t<\/div>\n\t\t<\/section>\n\t\t\t\t<section class=\"elementor-section elementor-top-section elementor-element elementor-element-78bc25b elementor-section-boxed elementor-section-height-default elementor-section-height-default\" data-id=\"78bc25b\" data-element_type=\"section\">\n\t\t\t\t\t\t<div class=\"elementor-container elementor-column-gap-default\">\n\t\t\t\t\t<div class=\"elementor-column elementor-col-100 elementor-top-column elementor-element elementor-element-92f79f4\" data-id=\"92f79f4\" data-element_type=\"column\">\n\t\t\t<div class=\"elementor-widget-wrap elementor-element-populated\">\n\t\t\t\t\t\t<div class=\"elementor-element elementor-element-4b32774 elementor-widget elementor-widget-text-editor\" data-id=\"4b32774\" data-element_type=\"widget\" data-widget_type=\"text-editor.default\">\n\t\t\t\t<div class=\"elementor-widget-container\">\n\t\t\t\t\t\t\t<p><strong>T\u00edtulo<\/strong>: <a href=\"https:\/\/repositorio.ufsm.br\/handle\/1\/24596\" target=\"_blank\" rel=\"noopener\">Controle de <em>Hovenia dulcis<\/em> utilizando extratos vegetais<\/a><\/p><p><strong>Aluna<\/strong>: Mylena Gon\u00e7alves Anchieta<\/p><p><strong>Professor Orientador<\/strong>: Dr. Giovani Leone Zabot<\/p>\t\t\t\t\t\t<\/div>\n\t\t\t\t<\/div>\n\t\t\t\t\t<\/div>\n\t\t<\/div>\n\t\t\t\t\t<\/div>\n\t\t<\/section>\n\t\t\t\t<section class=\"elementor-section elementor-top-section elementor-element elementor-element-b94885e elementor-section-boxed elementor-section-height-default elementor-section-height-default\" data-id=\"b94885e\" data-element_type=\"section\">\n\t\t\t\t\t\t<div class=\"elementor-container elementor-column-gap-default\">\n\t\t\t\t\t<div class=\"elementor-column elementor-col-100 elementor-top-column elementor-element elementor-element-594d7a9\" data-id=\"594d7a9\" data-element_type=\"column\">\n\t\t\t<div class=\"elementor-widget-wrap elementor-element-populated\">\n\t\t\t\t\t\t<div class=\"elementor-element elementor-element-994adcf elementor-widget elementor-widget-text-editor\" data-id=\"994adcf\" data-element_type=\"widget\" data-widget_type=\"text-editor.default\">\n\t\t\t\t<div class=\"elementor-widget-container\">\n\t\t\t\t\t\t\t<p><strong>T\u00edtulo<\/strong>: <a href=\"https:\/\/repositorio.ufsm.br\/handle\/1\/24363\" target=\"_blank\" rel=\"noopener\">Monitoramento de fatores bi\u00f3ticos e abi\u00f3ticos para controle da qualidade de gr\u00e3os de milho armazenados em silos verticais<\/a><\/p><p><strong>Aluna<\/strong>: Nairiane dos Santos Bilhalva<\/p><p><strong>Professor Orientador<\/strong>: Dr. Paulo Carteri Coradi<\/p>\t\t\t\t\t\t<\/div>\n\t\t\t\t<\/div>\n\t\t\t\t\t<\/div>\n\t\t<\/div>\n\t\t\t\t\t<\/div>\n\t\t<\/section>\n\t\t\t\t<section class=\"elementor-section elementor-top-section elementor-element elementor-element-744d9f2 elementor-section-boxed elementor-section-height-default elementor-section-height-default\" data-id=\"744d9f2\" data-element_type=\"section\">\n\t\t\t\t\t\t<div class=\"elementor-container elementor-column-gap-default\">\n\t\t\t\t\t<div class=\"elementor-column elementor-col-100 elementor-top-column elementor-element elementor-element-b4c3473\" data-id=\"b4c3473\" data-element_type=\"column\">\n\t\t\t<div class=\"elementor-widget-wrap elementor-element-populated\">\n\t\t\t\t\t\t<div class=\"elementor-element elementor-element-a83ecdb elementor-widget elementor-widget-text-editor\" data-id=\"a83ecdb\" data-element_type=\"widget\" data-widget_type=\"text-editor.default\">\n\t\t\t\t<div class=\"elementor-widget-container\">\n\t\t\t\t\t\t\t<p><strong>T\u00edtulo<\/strong>: Estrat\u00e9gias para redu\u00e7\u00e3o do consumo de combust\u00edvel em tratores agr\u00edcolas com a otimiza\u00e7\u00e3o do desempenho em tra\u00e7\u00e3o<\/p><p><strong>Aluno<\/strong>: Nat\u00e3 Balssan Moura<\/p><p><strong>Professor Orientador<\/strong>: Dr. Jos\u00e9 Fernando Schlosser<\/p>\t\t\t\t\t\t<\/div>\n\t\t\t\t<\/div>\n\t\t\t\t\t<\/div>\n\t\t<\/div>\n\t\t\t\t\t<\/div>\n\t\t<\/section>\n\t\t\t\t<section class=\"elementor-section elementor-top-section elementor-element elementor-element-e0e8391 elementor-section-boxed elementor-section-height-default elementor-section-height-default\" data-id=\"e0e8391\" data-element_type=\"section\">\n\t\t\t\t\t\t<div class=\"elementor-container elementor-column-gap-default\">\n\t\t\t\t\t<div class=\"elementor-column elementor-col-100 elementor-top-column elementor-element elementor-element-ec73934\" data-id=\"ec73934\" data-element_type=\"column\">\n\t\t\t<div class=\"elementor-widget-wrap elementor-element-populated\">\n\t\t\t\t\t\t<div class=\"elementor-element elementor-element-0b7ad60 elementor-widget elementor-widget-text-editor\" data-id=\"0b7ad60\" data-element_type=\"widget\" data-widget_type=\"text-editor.default\">\n\t\t\t\t<div class=\"elementor-widget-container\">\n\t\t\t\t\t\t\t<p><strong>T\u00edtulo<\/strong>: <a href=\"https:\/\/repositorio.ufsm.br\/handle\/1\/24663\" target=\"_blank\" rel=\"noopener\">Manejo de <em>Spodoptera frugiperda<\/em> (LEPIDOPTERA:NOCTUIDAE) em milho pipoca, com inseticidas, volumes de calda e pontas de pulveriza\u00e7\u00e3o<\/a><\/p><p><strong>Aluna<\/strong>: Natalie Moraes Feltrin<\/p><p><strong>Professor Orientador<\/strong>: Dr. Walter Boller<\/p>\t\t\t\t\t\t<\/div>\n\t\t\t\t<\/div>\n\t\t\t\t\t<\/div>\n\t\t<\/div>\n\t\t\t\t\t<\/div>\n\t\t<\/section>\n\t\t\t\t<section class=\"elementor-section elementor-top-section elementor-element elementor-element-79f65db elementor-section-boxed elementor-section-height-default elementor-section-height-default\" data-id=\"79f65db\" data-element_type=\"section\">\n\t\t\t\t\t\t<div class=\"elementor-container elementor-column-gap-default\">\n\t\t\t\t\t<div class=\"elementor-column elementor-col-100 elementor-top-column elementor-element elementor-element-7b9e9c8\" data-id=\"7b9e9c8\" data-element_type=\"column\">\n\t\t\t<div class=\"elementor-widget-wrap elementor-element-populated\">\n\t\t\t\t\t\t<div class=\"elementor-element elementor-element-a5e1114 elementor-widget elementor-widget-text-editor\" data-id=\"a5e1114\" data-element_type=\"widget\" data-widget_type=\"text-editor.default\">\n\t\t\t\t<div class=\"elementor-widget-container\">\n\t\t\t\t\t\t\t<p><strong>T\u00edtulo<\/strong>: <a href=\"https:\/\/repositorio.ufsm.br\/handle\/1\/25857\" target=\"_blank\" rel=\"noopener\">Diagn\u00f3stico socioambiental da bacia hidrogr\u00e1fica do Lajedo dos Pires em Itaara\/RS<\/a><\/p><p><strong>Aluna<\/strong>: Rafaela Pohlmann Velasquez<\/p><p><strong>Professor Orientador<\/strong>: Dr. Alexandre Swarowsky<\/p>\t\t\t\t\t\t<\/div>\n\t\t\t\t<\/div>\n\t\t\t\t\t<\/div>\n\t\t<\/div>\n\t\t\t\t\t<\/div>\n\t\t<\/section>\n\t\t\t\t<section class=\"elementor-section elementor-top-section elementor-element elementor-element-5c4a6cc elementor-section-boxed elementor-section-height-default elementor-section-height-default\" data-id=\"5c4a6cc\" data-element_type=\"section\">\n\t\t\t\t\t\t<div class=\"elementor-container elementor-column-gap-default\">\n\t\t\t\t\t<div class=\"elementor-column elementor-col-100 elementor-top-column elementor-element elementor-element-e0c4da9\" data-id=\"e0c4da9\" data-element_type=\"column\">\n\t\t\t<div class=\"elementor-widget-wrap elementor-element-populated\">\n\t\t\t\t\t\t<div class=\"elementor-element elementor-element-696183a elementor-widget elementor-widget-text-editor\" data-id=\"696183a\" data-element_type=\"widget\" data-widget_type=\"text-editor.default\">\n\t\t\t\t<div class=\"elementor-widget-container\">\n\t\t\t\t\t\t\t<p><strong>T\u00edtulo<\/strong>: Qualidade de cultivares de gr\u00e3os de arroz submetidos \u00e0 secagem e armazenagem em silo-secador-aerador<\/p><p><strong>Aluna<\/strong>: Rosana Santos de Moraes<\/p><p><strong>Professor Orientador<\/strong>: Dr. Paulo Carteri Coradi<\/p>\t\t\t\t\t\t<\/div>\n\t\t\t\t<\/div>\n\t\t\t\t\t<\/div>\n\t\t<\/div>\n\t\t\t\t\t<\/div>\n\t\t<\/section>\n\t\t\t\t<section class=\"elementor-section elementor-top-section elementor-element elementor-element-e0f7291 elementor-section-boxed elementor-section-height-default elementor-section-height-default\" data-id=\"e0f7291\" data-element_type=\"section\">\n\t\t\t\t\t\t<div class=\"elementor-container elementor-column-gap-default\">\n\t\t\t\t\t<div class=\"elementor-column elementor-col-100 elementor-top-column elementor-element elementor-element-270319d\" data-id=\"270319d\" data-element_type=\"column\">\n\t\t\t<div class=\"elementor-widget-wrap elementor-element-populated\">\n\t\t\t\t\t\t<div class=\"elementor-element elementor-element-76aa9d6 elementor-widget elementor-widget-text-editor\" data-id=\"76aa9d6\" data-element_type=\"widget\" data-widget_type=\"text-editor.default\">\n\t\t\t\t<div class=\"elementor-widget-container\">\n\t\t\t\t\t\t\t<p><strong>T\u00edtulo<\/strong>: Correla\u00e7\u00f5es dos processos de secagem e intermit\u00eancia sobre a qualidade do arroz polido e integral<\/p><p><strong>Aluno<\/strong>: Samuel Martens<\/p><p><strong>Professor Orientador<\/strong>: Dr. Paulo Carteri Coradi<\/p>\t\t\t\t\t\t<\/div>\n\t\t\t\t<\/div>\n\t\t\t\t\t<\/div>\n\t\t<\/div>\n\t\t\t\t\t<\/div>\n\t\t<\/section>\n\t\t\t\t<section class=\"elementor-section elementor-top-section elementor-element elementor-element-0c4a628 elementor-section-boxed elementor-section-height-default elementor-section-height-default\" data-id=\"0c4a628\" data-element_type=\"section\">\n\t\t\t\t\t\t<div class=\"elementor-container elementor-column-gap-default\">\n\t\t\t\t\t<div class=\"elementor-column elementor-col-100 elementor-top-column elementor-element elementor-element-5470601\" data-id=\"5470601\" data-element_type=\"column\">\n\t\t\t<div class=\"elementor-widget-wrap elementor-element-populated\">\n\t\t\t\t\t\t<div class=\"elementor-element elementor-element-0367beb elementor-widget elementor-widget-text-editor\" data-id=\"0367beb\" data-element_type=\"widget\" data-widget_type=\"text-editor.default\">\n\t\t\t\t<div class=\"elementor-widget-container\">\n\t\t\t\t\t\t\t<p><strong>T\u00edtulo<\/strong>: <a href=\"https:\/\/repositorio.ufsm.br\/handle\/1\/24881\" target=\"_blank\" rel=\"noopener\">Bioinsumos e componentes agron\u00f4micos \u00f3timos visando altas produtividades em milho\u00a0<\/a><\/p><p><strong>Aluna<\/strong>: Ta\u00eds Slim<\/p><p><strong>Professor Orientador<\/strong>: Dr. Alencar Junior Zanon<\/p>\t\t\t\t\t\t<\/div>\n\t\t\t\t<\/div>\n\t\t\t\t\t<\/div>\n\t\t<\/div>\n\t\t\t\t\t<\/div>\n\t\t<\/section>\n\t\t\t\t<section class=\"elementor-section elementor-top-section elementor-element elementor-element-1fd5378 elementor-section-boxed elementor-section-height-default elementor-section-height-default\" data-id=\"1fd5378\" data-element_type=\"section\">\n\t\t\t\t\t\t<div class=\"elementor-container elementor-column-gap-default\">\n\t\t\t\t\t<div class=\"elementor-column elementor-col-100 elementor-top-column elementor-element elementor-element-4984c35\" data-id=\"4984c35\" data-element_type=\"column\">\n\t\t\t<div class=\"elementor-widget-wrap elementor-element-populated\">\n\t\t\t\t\t\t<div class=\"elementor-element elementor-element-bbf713d elementor-widget elementor-widget-text-editor\" data-id=\"bbf713d\" data-element_type=\"widget\" data-widget_type=\"text-editor.default\">\n\t\t\t\t<div class=\"elementor-widget-container\">\n\t\t\t\t\t\t\t<p><strong>T\u00edtulo<\/strong>: Interfer\u00eancia de adjuvantes e hor\u00e1rios de aplica\u00e7\u00e3o no espectro de gotas e no desempenho de fungicidas em soja<\/p><p><strong>Aluno<\/strong>: Tiago Colpo Lovato<\/p><p><strong>Professor Orientador<\/strong>: Dr. Walter Boller<\/p>\t\t\t\t\t\t<\/div>\n\t\t\t\t<\/div>\n\t\t\t\t\t<\/div>\n\t\t<\/div>\n\t\t\t\t\t<\/div>\n\t\t<\/section>\n\t\t\t\t<section class=\"elementor-section elementor-top-section elementor-element elementor-element-3926208 elementor-section-boxed elementor-section-height-default elementor-section-height-default\" data-id=\"3926208\" data-element_type=\"section\">\n\t\t\t\t\t\t<div class=\"elementor-container elementor-column-gap-default\">\n\t\t\t\t\t<div class=\"elementor-column elementor-col-100 elementor-top-column elementor-element elementor-element-f4d7351\" data-id=\"f4d7351\" data-element_type=\"column\">\n\t\t\t<div class=\"elementor-widget-wrap elementor-element-populated\">\n\t\t\t\t\t\t<div class=\"elementor-element elementor-element-32de2df elementor-widget elementor-widget-text-editor\" data-id=\"32de2df\" data-element_type=\"widget\" data-widget_type=\"text-editor.default\">\n\t\t\t\t<div class=\"elementor-widget-container\">\n\t\t\t\t\t\t\t<p><strong>T\u00edtulo<\/strong>: <a href=\"https:\/\/repositorio.ufsm.br\/handle\/1\/24638\" target=\"_blank\" rel=\"noopener\">Balan\u00e7o nutricional de plantas de arroz irrigado pelo m\u00e9todo CND<\/a><\/p><p><strong>Aluno<\/strong>: Vladison Fogliato Pereira<\/p><p><strong>Professor Orientador<\/strong>: Dr. Alencar Junior Zanon<\/p>\t\t\t\t\t\t<\/div>\n\t\t\t\t<\/div>\n\t\t\t\t\t<\/div>\n\t\t<\/div>\n\t\t\t\t\t<\/div>\n\t\t<\/section>\n\t\t\t\t<\/div>\n\t\t","protected":false},"excerpt":{"rendered":"<p>T\u00edtulo: Efeitos da secagem intermitente e do beneficiamento na qualidade f\u00edsica, f\u00edsico-qu\u00edmica e morfol\u00f3gica do arroz polido Aluna: Andressa Fernandes Leal Professor Orientador: Dr. Paulo Carteri Coradi T\u00edtulo: Alelopatia de extratos vegetais sobre Eragrostis plana Ness e hidr\u00f3lise da sua biomassa para prospec\u00e7\u00e3o de compostos qu\u00edmicos Aluna: Bianca Motta Dolianitis Professor Orientador: Dr. Giovani Leone [&hellip;]<\/p>\n","protected":false},"author":871,"featured_media":0,"parent":0,"menu_order":0,"comment_status":"closed","ping_status":"closed","template":"","meta":{"footnotes":""},"categories":[],"tags":[],"class_list":["post-1057","page","type-page","status-publish","hentry"],"acf":[],"_links":{"self":[{"href":"https:\/\/www.ufsm.br\/cursos\/pos-graduacao\/santa-maria\/ppgea\/wp-json\/wp\/v2\/pages\/1057","targetHints":{"allow":["GET"]}}],"collection":[{"href":"https:\/\/www.ufsm.br\/cursos\/pos-graduacao\/santa-maria\/ppgea\/wp-json\/wp\/v2\/pages"}],"about":[{"href":"https:\/\/www.ufsm.br\/cursos\/pos-graduacao\/santa-maria\/ppgea\/wp-json\/wp\/v2\/types\/page"}],"author":[{"embeddable":true,"href":"https:\/\/www.ufsm.br\/cursos\/pos-graduacao\/santa-maria\/ppgea\/wp-json\/wp\/v2\/users\/871"}],"replies":[{"embeddable":true,"href":"https:\/\/www.ufsm.br\/cursos\/pos-graduacao\/santa-maria\/ppgea\/wp-json\/wp\/v2\/comments?post=1057"}],"version-history":[{"count":0,"href":"https:\/\/www.ufsm.br\/cursos\/pos-graduacao\/santa-maria\/ppgea\/wp-json\/wp\/v2\/pages\/1057\/revisions"}],"wp:attachment":[{"href":"https:\/\/www.ufsm.br\/cursos\/pos-graduacao\/santa-maria\/ppgea\/wp-json\/wp\/v2\/media?parent=1057"}],"wp:term":[{"taxonomy":"category","embeddable":true,"href":"https:\/\/www.ufsm.br\/cursos\/pos-graduacao\/santa-maria\/ppgea\/wp-json\/wp\/v2\/categories?post=1057"},{"taxonomy":"post_tag","embeddable":true,"href":"https:\/\/www.ufsm.br\/cursos\/pos-graduacao\/santa-maria\/ppgea\/wp-json\/wp\/v2\/tags?post=1057"}],"curies":[{"name":"wp","href":"https:\/\/api.w.org\/{rel}","templated":true}]}}