{"id":1104,"date":"2022-05-19T08:03:01","date_gmt":"2022-05-19T11:03:01","guid":{"rendered":"https:\/\/www.ufsm.br\/cursos\/pos-graduacao\/santa-maria\/ppgea\/?page_id=1104"},"modified":"2022-05-19T08:39:56","modified_gmt":"2022-05-19T11:39:56","slug":"prestacao-de-contas-de-pagamento-de-taxa-de-publicacao-de-aertigo-cientifico-em-moeda-estrangeira-ou-reais","status":"publish","type":"page","link":"https:\/\/www.ufsm.br\/cursos\/pos-graduacao\/santa-maria\/ppgea\/prestacao-de-contas-de-pagamento-de-taxa-de-publicacao-de-aertigo-cientifico-em-moeda-estrangeira-ou-reais","title":{"rendered":"Presta\u00e7\u00e3o de contas de pagamento de taxa de publica\u00e7\u00e3o de artigo cient\u00edfico (em moeda estrangeira ou reais)"},"content":{"rendered":"\t\t<div data-elementor-type=\"wp-page\" data-elementor-id=\"1104\" class=\"elementor elementor-1104\">\n\t\t\t\t\t\t<section class=\"elementor-section elementor-top-section elementor-element elementor-element-8441e75 elementor-section-boxed elementor-section-height-default elementor-section-height-default\" data-id=\"8441e75\" data-element_type=\"section\">\n\t\t\t\t\t\t<div class=\"elementor-container elementor-column-gap-default\">\n\t\t\t\t\t<div class=\"elementor-column elementor-col-100 elementor-top-column elementor-element elementor-element-0034e27\" data-id=\"0034e27\" data-element_type=\"column\">\n\t\t\t<div class=\"elementor-widget-wrap elementor-element-populated\">\n\t\t\t\t\t\t<div class=\"elementor-element elementor-element-cf41bc9 elementor-widget elementor-widget-text-editor\" data-id=\"cf41bc9\" data-element_type=\"widget\" data-widget_type=\"text-editor.default\">\n\t\t\t\t<div class=\"elementor-widget-container\">\n\t\t\t\t\t\t\t<p>A presta\u00e7\u00e3o de contas de pagamento de taxa de publica\u00e7\u00e3o de artigo cient\u00edfico acontecer\u00e1 via Processo Eletr\u00f4nico Nacional (PEN).<\/p><p>Ap\u00f3s o pagamento da taxa de publica\u00e7\u00e3o, a Coordena\u00e7\u00e3o de An\u00e1lise Cont\u00e1bil tramitar\u00e1 o processo para a <a href=\"https:\/\/portal.ufsm.br\/caixapostal\/index.html\" target=\"_blank\" rel=\"noopener\">Caixa Postal<\/a>\u00a0do (a) docente\/discente.<\/p><p>Ao acessar a\u00a0<a href=\"https:\/\/portal.ufsm.br\/caixapostal\/index.html\" target=\"_blank\" rel=\"noopener\">Caixa Postal<\/a>, o (a) docente\/discente dever\u00e1 clicar no n\u00famero do processo correspondente a solicita\u00e7\u00e3o de pagamento da taxa de inscri\u00e7\u00e3o e abrir.<\/p>\t\t\t\t\t\t<\/div>\n\t\t\t\t<\/div>\n\t\t\t\t\t<\/div>\n\t\t<\/div>\n\t\t\t\t\t<\/div>\n\t\t<\/section>\n\t\t\t\t<section class=\"elementor-section elementor-top-section elementor-element elementor-element-1167bfd elementor-section-boxed elementor-section-height-default elementor-section-height-default\" data-id=\"1167bfd\" data-element_type=\"section\">\n\t\t\t\t\t\t<div class=\"elementor-container elementor-column-gap-default\">\n\t\t\t\t\t<div class=\"elementor-column elementor-col-100 elementor-top-column elementor-element elementor-element-24976fb\" data-id=\"24976fb\" data-element_type=\"column\">\n\t\t\t<div class=\"elementor-widget-wrap elementor-element-populated\">\n\t\t\t\t\t\t<div class=\"elementor-element elementor-element-1119024 elementor-widget elementor-widget-image\" data-id=\"1119024\" data-element_type=\"widget\" data-widget_type=\"image.default\">\n\t\t\t\t<div class=\"elementor-widget-container\">\n\t\t\t\t\t\t\t\t\t\t\t\t\t<img fetchpriority=\"high\" decoding=\"async\" width=\"1024\" height=\"496\" src=\"https:\/\/www.ufsm.br\/app\/uploads\/sites\/548\/2021\/10\/TaxaInscricao-1024x496.jpg\" class=\"attachment-large size-large wp-image-936\" alt=\"\" srcset=\"https:\/\/www.ufsm.br\/app\/uploads\/sites\/548\/2021\/10\/TaxaInscricao-1024x496.jpg 1024w, https:\/\/www.ufsm.br\/app\/uploads\/sites\/548\/2021\/10\/TaxaInscricao-300x145.jpg 300w, https:\/\/www.ufsm.br\/app\/uploads\/sites\/548\/2021\/10\/TaxaInscricao-768x372.jpg 768w, https:\/\/www.ufsm.br\/app\/uploads\/sites\/548\/2021\/10\/TaxaInscricao.jpg 1236w\" sizes=\"(max-width: 1024px) 100vw, 1024px\" \/>\t\t\t\t\t\t\t\t\t\t\t\t\t<\/div>\n\t\t\t\t<\/div>\n\t\t\t\t\t<\/div>\n\t\t<\/div>\n\t\t\t\t\t<\/div>\n\t\t<\/section>\n\t\t\t\t<section class=\"elementor-section elementor-top-section elementor-element elementor-element-47072f8 elementor-section-boxed elementor-section-height-default elementor-section-height-default\" data-id=\"47072f8\" data-element_type=\"section\">\n\t\t\t\t\t\t<div class=\"elementor-container elementor-column-gap-default\">\n\t\t\t\t\t<div class=\"elementor-column elementor-col-100 elementor-top-column elementor-element elementor-element-5f094de\" data-id=\"5f094de\" data-element_type=\"column\">\n\t\t\t<div class=\"elementor-widget-wrap elementor-element-populated\">\n\t\t\t\t\t\t<div class=\"elementor-element elementor-element-fc2c65c elementor-widget elementor-widget-text-editor\" data-id=\"fc2c65c\" data-element_type=\"widget\" data-widget_type=\"text-editor.default\">\n\t\t\t\t<div class=\"elementor-widget-container\">\n\t\t\t\t\t\t\t<p>Com o processo aberto, o (a) docente\/discente dever\u00e1 anexar os documentos necess\u00e1rios para a presta\u00e7\u00e3o de contas, clicando em \u201ca\u00e7\u00f5es\u201d e \u201cinserir documentos\u201d.<\/p>\t\t\t\t\t\t<\/div>\n\t\t\t\t<\/div>\n\t\t\t\t\t<\/div>\n\t\t<\/div>\n\t\t\t\t\t<\/div>\n\t\t<\/section>\n\t\t\t\t<section class=\"elementor-section elementor-top-section elementor-element elementor-element-477f6e3 elementor-section-boxed elementor-section-height-default elementor-section-height-default\" data-id=\"477f6e3\" data-element_type=\"section\">\n\t\t\t\t\t\t<div class=\"elementor-container elementor-column-gap-default\">\n\t\t\t\t\t<div class=\"elementor-column elementor-col-100 elementor-top-column elementor-element elementor-element-0d09e52\" data-id=\"0d09e52\" data-element_type=\"column\">\n\t\t\t<div class=\"elementor-widget-wrap elementor-element-populated\">\n\t\t\t\t\t\t<div class=\"elementor-element elementor-element-a6dd6dd elementor-widget elementor-widget-image\" data-id=\"a6dd6dd\" data-element_type=\"widget\" data-widget_type=\"image.default\">\n\t\t\t\t<div class=\"elementor-widget-container\">\n\t\t\t\t\t\t\t\t\t\t\t\t\t<img decoding=\"async\" width=\"1024\" height=\"457\" src=\"https:\/\/www.ufsm.br\/app\/uploads\/sites\/548\/2022\/05\/TaxaPublicacao01-1024x457.jpg\" class=\"attachment-large size-large wp-image-1105\" alt=\"\" srcset=\"https:\/\/www.ufsm.br\/app\/uploads\/sites\/548\/2022\/05\/TaxaPublicacao01-1024x457.jpg 1024w, https:\/\/www.ufsm.br\/app\/uploads\/sites\/548\/2022\/05\/TaxaPublicacao01-300x134.jpg 300w, https:\/\/www.ufsm.br\/app\/uploads\/sites\/548\/2022\/05\/TaxaPublicacao01-768x342.jpg 768w, https:\/\/www.ufsm.br\/app\/uploads\/sites\/548\/2022\/05\/TaxaPublicacao01.jpg 1267w\" sizes=\"(max-width: 1024px) 100vw, 1024px\" \/>\t\t\t\t\t\t\t\t\t\t\t\t\t<\/div>\n\t\t\t\t<\/div>\n\t\t\t\t\t<\/div>\n\t\t<\/div>\n\t\t\t\t\t<\/div>\n\t\t<\/section>\n\t\t\t\t<section class=\"elementor-section elementor-top-section elementor-element elementor-element-0519507 elementor-section-boxed elementor-section-height-default elementor-section-height-default\" data-id=\"0519507\" data-element_type=\"section\">\n\t\t\t\t\t\t<div class=\"elementor-container elementor-column-gap-default\">\n\t\t\t\t\t<div class=\"elementor-column elementor-col-100 elementor-top-column elementor-element elementor-element-c3d0b91\" data-id=\"c3d0b91\" data-element_type=\"column\">\n\t\t\t<div class=\"elementor-widget-wrap elementor-element-populated\">\n\t\t\t\t\t\t<div class=\"elementor-element elementor-element-ae1bf0d elementor-widget elementor-widget-text-editor\" data-id=\"ae1bf0d\" data-element_type=\"widget\" data-widget_type=\"text-editor.default\">\n\t\t\t\t<div class=\"elementor-widget-container\">\n\t\t\t\t\t\t\t<p>Abrir\u00e1 a p\u00e1gina na qual o documento para presta\u00e7\u00e3o de contas dever\u00e1 ser anexado. O (a) docente\/discente dever\u00e1 clicar em \u201cadicionar\u201d e \u201cenviar\u201d.<\/p>\t\t\t\t\t\t<\/div>\n\t\t\t\t<\/div>\n\t\t\t\t\t<\/div>\n\t\t<\/div>\n\t\t\t\t\t<\/div>\n\t\t<\/section>\n\t\t\t\t<section class=\"elementor-section elementor-top-section elementor-element elementor-element-0fb9cbf elementor-section-boxed elementor-section-height-default elementor-section-height-default\" data-id=\"0fb9cbf\" data-element_type=\"section\">\n\t\t\t\t\t\t<div class=\"elementor-container elementor-column-gap-default\">\n\t\t\t\t\t<div class=\"elementor-column elementor-col-100 elementor-top-column elementor-element elementor-element-8688278\" data-id=\"8688278\" data-element_type=\"column\">\n\t\t\t<div class=\"elementor-widget-wrap elementor-element-populated\">\n\t\t\t\t\t\t<div class=\"elementor-element elementor-element-13744d3 elementor-widget elementor-widget-image\" data-id=\"13744d3\" data-element_type=\"widget\" data-widget_type=\"image.default\">\n\t\t\t\t<div class=\"elementor-widget-container\">\n\t\t\t\t\t\t\t\t\t\t\t\t\t<img decoding=\"async\" width=\"1024\" height=\"339\" src=\"https:\/\/www.ufsm.br\/app\/uploads\/sites\/548\/2021\/10\/TaxaInscricao2-1024x339.jpg\" class=\"attachment-large size-large wp-image-938\" alt=\"\" srcset=\"https:\/\/www.ufsm.br\/app\/uploads\/sites\/548\/2021\/10\/TaxaInscricao2-1024x339.jpg 1024w, https:\/\/www.ufsm.br\/app\/uploads\/sites\/548\/2021\/10\/TaxaInscricao2-300x99.jpg 300w, https:\/\/www.ufsm.br\/app\/uploads\/sites\/548\/2021\/10\/TaxaInscricao2-768x254.jpg 768w, https:\/\/www.ufsm.br\/app\/uploads\/sites\/548\/2021\/10\/TaxaInscricao2.jpg 1276w\" sizes=\"(max-width: 1024px) 100vw, 1024px\" \/>\t\t\t\t\t\t\t\t\t\t\t\t\t<\/div>\n\t\t\t\t<\/div>\n\t\t\t\t\t<\/div>\n\t\t<\/div>\n\t\t\t\t\t<\/div>\n\t\t<\/section>\n\t\t\t\t<section class=\"elementor-section elementor-top-section elementor-element elementor-element-1b4571d elementor-section-boxed elementor-section-height-default elementor-section-height-default\" data-id=\"1b4571d\" data-element_type=\"section\">\n\t\t\t\t\t\t<div class=\"elementor-container elementor-column-gap-default\">\n\t\t\t\t\t<div class=\"elementor-column elementor-col-100 elementor-top-column elementor-element elementor-element-0286108\" data-id=\"0286108\" data-element_type=\"column\">\n\t\t\t<div class=\"elementor-widget-wrap elementor-element-populated\">\n\t\t\t\t\t\t<div class=\"elementor-element elementor-element-88412d2 elementor-widget elementor-widget-text-editor\" data-id=\"88412d2\" data-element_type=\"widget\" data-widget_type=\"text-editor.default\">\n\t\t\t\t<div class=\"elementor-widget-container\">\n\t\t\t\t\t\t\t<p>Abrir\u00e1 a janela para inclus\u00e3o do documento:\u00a0<\/p><p>1) No caso de taxa de publica\u00e7\u00e3o em moeda nacional, dever\u00e1 ser anexada a nota fiscal ou recibo (contendo o CNPJ) em nome do (a) docente\/discente.<\/p><p>2) No caso de taxa de publica\u00e7\u00e3o em moeda estrangeira, dever\u00e1 ser anexado o comprovante de transfer\u00eancia internacional para o exterior (emitido pelo banco) ou comprovante de pagamento de fatura de cart\u00e3o de cr\u00e9dito (anexar tamb\u00e9m c\u00f3pia da fatura na qual conste a despesa).<\/p><p>Em \u201ctipo documental\u201d, o (a) docente\/discente dever\u00e1 digitar \u201ccertificado de participa\u00e7\u00e3o\u201d at\u00e9 encontrar a op\u00e7\u00e3o correspondente:<\/p><p>1) Para pagamento em moeda nacional: Nota fiscal (052.22) &#8211; mesmo que o documento seja recibo, selecionar este tipo documental.<\/p><p>2) Para pagamento em moeda estrangeira: digitar &#8220;Comprovante de pagamento de taxa de publica\u00e7\u00e3o internacional&#8221;.<\/p><p>Em seguida, o (a) docente\/discente dever\u00e1 clicar em \u201cescolher arquivo\u201d e anexar o comprovante de pagamento em formato pdf.<\/p><p>Ap\u00f3s o arquivo ser anexado, no campo \u201co documento inserido foi\u201d clicar em \u201cgerado eletronicamente\u201d, caso o documento tenha sido gerado desta forma. Em \u201ctipo de confer\u00eancia\u201d clicar em \u201csem autentica\u00e7\u00e3o\u201d e em \u201cassinar documento?\u201d clicar em \u201cn\u00e3o\u201d. Em seguida clicar em \u201cadicionar\u201d.<\/p><p>Caso o comprovante de pagamento tenha sido digitalizado (ou foi tirada uma foto), no campo \u201co documento inserido foi\u201d dever\u00e1 ser assinalado \u201cdigitalizado\u201d. No campo \u201ctipo de confer\u00eancia\u201d dever\u00e1 ser assinalado \u201cc\u00f3pia simples\u201d. No campo \u201cassinar documento\u201d dever\u00e1 ser assinalado \u201cn\u00e3o\u201d e no campo \u201crespons\u00e1vel pela guarda\u201d dever\u00e1 ser assinalado \u201cinteressado\u201d.\u00a0 No campo \u201cpessoa respons\u00e1vel pela guarda\u201d, caso o (a) docente\/discente possua apenas um n\u00famero de SIAPE\/matr\u00edcula ativa na UFSM, aparecer\u00e1 o nome. Caso o (a) docente\/discente possua mais de um n\u00famero de SIAPE\/matr\u00edcula na UFSM, dever\u00e1 assinalar o SIAPE\/matr\u00edcula correspondente ao PPGEA. Em seguida clicar em \u201cadicionar\u201d.<\/p>\t\t\t\t\t\t<\/div>\n\t\t\t\t<\/div>\n\t\t\t\t\t<\/div>\n\t\t<\/div>\n\t\t\t\t\t<\/div>\n\t\t<\/section>\n\t\t\t\t<section class=\"elementor-section elementor-top-section elementor-element elementor-element-87e0784 elementor-section-boxed elementor-section-height-default elementor-section-height-default\" data-id=\"87e0784\" data-element_type=\"section\">\n\t\t\t\t\t\t<div class=\"elementor-container elementor-column-gap-default\">\n\t\t\t\t\t<div class=\"elementor-column elementor-col-100 elementor-top-column elementor-element elementor-element-19e79e7\" data-id=\"19e79e7\" data-element_type=\"column\">\n\t\t\t<div class=\"elementor-widget-wrap elementor-element-populated\">\n\t\t\t\t\t\t<div class=\"elementor-element elementor-element-b89c184 elementor-widget elementor-widget-image\" data-id=\"b89c184\" data-element_type=\"widget\" data-widget_type=\"image.default\">\n\t\t\t\t<div class=\"elementor-widget-container\">\n\t\t\t\t\t\t\t\t\t\t\t\t\t<img loading=\"lazy\" decoding=\"async\" width=\"1024\" height=\"415\" src=\"https:\/\/www.ufsm.br\/app\/uploads\/sites\/548\/2021\/10\/TaxaInscricao3-1-1024x415.jpg\" class=\"attachment-large size-large wp-image-940\" alt=\"\" srcset=\"https:\/\/www.ufsm.br\/app\/uploads\/sites\/548\/2021\/10\/TaxaInscricao3-1-1024x415.jpg 1024w, https:\/\/www.ufsm.br\/app\/uploads\/sites\/548\/2021\/10\/TaxaInscricao3-1-300x121.jpg 300w, https:\/\/www.ufsm.br\/app\/uploads\/sites\/548\/2021\/10\/TaxaInscricao3-1-768x311.jpg 768w, https:\/\/www.ufsm.br\/app\/uploads\/sites\/548\/2021\/10\/TaxaInscricao3-1.jpg 1262w\" sizes=\"(max-width: 1024px) 100vw, 1024px\" \/>\t\t\t\t\t\t\t\t\t\t\t\t\t<\/div>\n\t\t\t\t<\/div>\n\t\t\t\t\t<\/div>\n\t\t<\/div>\n\t\t\t\t\t<\/div>\n\t\t<\/section>\n\t\t\t\t<section class=\"elementor-section elementor-top-section elementor-element elementor-element-ba229f7 elementor-section-boxed elementor-section-height-default elementor-section-height-default\" data-id=\"ba229f7\" data-element_type=\"section\">\n\t\t\t\t\t\t<div class=\"elementor-container elementor-column-gap-default\">\n\t\t\t\t\t<div class=\"elementor-column elementor-col-100 elementor-top-column elementor-element elementor-element-0697715\" data-id=\"0697715\" data-element_type=\"column\">\n\t\t\t<div class=\"elementor-widget-wrap elementor-element-populated\">\n\t\t\t\t\t\t<div class=\"elementor-element elementor-element-97c2445 elementor-widget elementor-widget-text-editor\" data-id=\"97c2445\" data-element_type=\"widget\" data-widget_type=\"text-editor.default\">\n\t\t\t\t<div class=\"elementor-widget-container\">\n\t\t\t\t\t\t\t<p>Depois de anexado o documento necess\u00e1rio para a presta\u00e7\u00e3o de contas, o (a) docente\/discente dever\u00e1 clicar em \u201ctramitar\u201d.<\/p>\t\t\t\t\t\t<\/div>\n\t\t\t\t<\/div>\n\t\t\t\t\t<\/div>\n\t\t<\/div>\n\t\t\t\t\t<\/div>\n\t\t<\/section>\n\t\t\t\t<section class=\"elementor-section elementor-top-section elementor-element elementor-element-3f1cd43 elementor-section-boxed elementor-section-height-default elementor-section-height-default\" data-id=\"3f1cd43\" data-element_type=\"section\">\n\t\t\t\t\t\t<div class=\"elementor-container elementor-column-gap-default\">\n\t\t\t\t\t<div class=\"elementor-column elementor-col-100 elementor-top-column elementor-element elementor-element-76bd2f2\" data-id=\"76bd2f2\" data-element_type=\"column\">\n\t\t\t<div class=\"elementor-widget-wrap elementor-element-populated\">\n\t\t\t\t\t\t<div class=\"elementor-element elementor-element-18a1f4a elementor-widget elementor-widget-image\" data-id=\"18a1f4a\" data-element_type=\"widget\" data-widget_type=\"image.default\">\n\t\t\t\t<div class=\"elementor-widget-container\">\n\t\t\t\t\t\t\t\t\t\t\t\t\t<img loading=\"lazy\" decoding=\"async\" width=\"1024\" height=\"470\" src=\"https:\/\/www.ufsm.br\/app\/uploads\/sites\/548\/2021\/10\/TaxaInscricao4-1024x470.jpg\" class=\"attachment-large size-large wp-image-941\" alt=\"\" srcset=\"https:\/\/www.ufsm.br\/app\/uploads\/sites\/548\/2021\/10\/TaxaInscricao4-1024x470.jpg 1024w, https:\/\/www.ufsm.br\/app\/uploads\/sites\/548\/2021\/10\/TaxaInscricao4-300x138.jpg 300w, https:\/\/www.ufsm.br\/app\/uploads\/sites\/548\/2021\/10\/TaxaInscricao4-768x352.jpg 768w, https:\/\/www.ufsm.br\/app\/uploads\/sites\/548\/2021\/10\/TaxaInscricao4.jpg 1255w\" sizes=\"(max-width: 1024px) 100vw, 1024px\" \/>\t\t\t\t\t\t\t\t\t\t\t\t\t<\/div>\n\t\t\t\t<\/div>\n\t\t\t\t\t<\/div>\n\t\t<\/div>\n\t\t\t\t\t<\/div>\n\t\t<\/section>\n\t\t\t\t<section class=\"elementor-section elementor-top-section elementor-element elementor-element-1523fdc elementor-section-boxed elementor-section-height-default elementor-section-height-default\" data-id=\"1523fdc\" data-element_type=\"section\">\n\t\t\t\t\t\t<div class=\"elementor-container elementor-column-gap-default\">\n\t\t\t\t\t<div class=\"elementor-column elementor-col-100 elementor-top-column elementor-element elementor-element-69ac77a\" data-id=\"69ac77a\" data-element_type=\"column\">\n\t\t\t<div class=\"elementor-widget-wrap elementor-element-populated\">\n\t\t\t\t\t\t<div class=\"elementor-element elementor-element-7e06f00 elementor-widget elementor-widget-text-editor\" data-id=\"7e06f00\" data-element_type=\"widget\" data-widget_type=\"text-editor.default\">\n\t\t\t\t<div class=\"elementor-widget-container\">\n\t\t\t\t\t\t\t<p>Ao clicar em tramitar, o (a) docente\/discente dever\u00e1 no campo \u201cpr\u00f3ximo passo\u201d selecionar \u201ctramita\u00e7\u00e3o para unidade\u201d.<\/p><p>No campo \u201cdestino\u201d digitar \u201cSCONT\u201d e clicar na op\u00e7\u00e3o \u201c01.12.01.02.2.0 (SCONT) Se\u00e7\u00e3o de contabilidade\u201d.<\/p><p>No campo \u201cdespacho\u201d digitar \u201cPara an\u00e1lise da presta\u00e7\u00e3o de contas e finaliza\u00e7\u00e3o do processo\u201d.<\/p><p>Clicar em \u201ctramitar\u201d.<\/p><p>Pronto, a presta\u00e7\u00e3o de contas foi realizada e ser\u00e1 analisada. Caso haja alguma inconsist\u00eancia, o processo ser\u00e1 retornado para corre\u00e7\u00f5es. \u00c9 de responsabilidade do (a) docente\/discente verificar se o processo foi finalizado.<\/p>\t\t\t\t\t\t<\/div>\n\t\t\t\t<\/div>\n\t\t\t\t\t<\/div>\n\t\t<\/div>\n\t\t\t\t\t<\/div>\n\t\t<\/section>\n\t\t\t\t<section class=\"elementor-section elementor-top-section elementor-element elementor-element-74a7b6b elementor-section-boxed elementor-section-height-default elementor-section-height-default\" data-id=\"74a7b6b\" data-element_type=\"section\">\n\t\t\t\t\t\t<div class=\"elementor-container elementor-column-gap-default\">\n\t\t\t\t\t<div class=\"elementor-column elementor-col-100 elementor-top-column elementor-element elementor-element-c14e308\" data-id=\"c14e308\" data-element_type=\"column\">\n\t\t\t<div class=\"elementor-widget-wrap elementor-element-populated\">\n\t\t\t\t\t\t<div class=\"elementor-element elementor-element-775d498 elementor-widget elementor-widget-image\" data-id=\"775d498\" data-element_type=\"widget\" data-widget_type=\"image.default\">\n\t\t\t\t<div class=\"elementor-widget-container\">\n\t\t\t\t\t\t\t\t\t\t\t\t\t<img loading=\"lazy\" decoding=\"async\" width=\"1024\" height=\"423\" src=\"https:\/\/www.ufsm.br\/app\/uploads\/sites\/548\/2021\/10\/TaxaInscricao5-1024x423.jpg\" class=\"attachment-large size-large wp-image-942\" alt=\"\" srcset=\"https:\/\/www.ufsm.br\/app\/uploads\/sites\/548\/2021\/10\/TaxaInscricao5-1024x423.jpg 1024w, https:\/\/www.ufsm.br\/app\/uploads\/sites\/548\/2021\/10\/TaxaInscricao5-300x124.jpg 300w, https:\/\/www.ufsm.br\/app\/uploads\/sites\/548\/2021\/10\/TaxaInscricao5-768x317.jpg 768w, https:\/\/www.ufsm.br\/app\/uploads\/sites\/548\/2021\/10\/TaxaInscricao5.jpg 1255w\" sizes=\"(max-width: 1024px) 100vw, 1024px\" \/>\t\t\t\t\t\t\t\t\t\t\t\t\t<\/div>\n\t\t\t\t<\/div>\n\t\t\t\t\t<\/div>\n\t\t<\/div>\n\t\t\t\t\t<\/div>\n\t\t<\/section>\n\t\t\t\t<\/div>\n\t\t","protected":false},"excerpt":{"rendered":"<p>A presta\u00e7\u00e3o de contas de pagamento de taxa de publica\u00e7\u00e3o de artigo cient\u00edfico acontecer\u00e1 via Processo Eletr\u00f4nico Nacional (PEN). Ap\u00f3s o pagamento da taxa de publica\u00e7\u00e3o, a Coordena\u00e7\u00e3o de An\u00e1lise Cont\u00e1bil tramitar\u00e1 o processo para a Caixa Postal\u00a0do (a) docente\/discente. Ao acessar a\u00a0Caixa Postal, o (a) docente\/discente dever\u00e1 clicar no n\u00famero do processo correspondente a [&hellip;]<\/p>\n","protected":false},"author":871,"featured_media":0,"parent":0,"menu_order":0,"comment_status":"closed","ping_status":"closed","template":"","meta":{"footnotes":""},"categories":[],"tags":[],"class_list":["post-1104","page","type-page","status-publish","hentry"],"acf":[],"_links":{"self":[{"href":"https:\/\/www.ufsm.br\/cursos\/pos-graduacao\/santa-maria\/ppgea\/wp-json\/wp\/v2\/pages\/1104","targetHints":{"allow":["GET"]}}],"collection":[{"href":"https:\/\/www.ufsm.br\/cursos\/pos-graduacao\/santa-maria\/ppgea\/wp-json\/wp\/v2\/pages"}],"about":[{"href":"https:\/\/www.ufsm.br\/cursos\/pos-graduacao\/santa-maria\/ppgea\/wp-json\/wp\/v2\/types\/page"}],"author":[{"embeddable":true,"href":"https:\/\/www.ufsm.br\/cursos\/pos-graduacao\/santa-maria\/ppgea\/wp-json\/wp\/v2\/users\/871"}],"replies":[{"embeddable":true,"href":"https:\/\/www.ufsm.br\/cursos\/pos-graduacao\/santa-maria\/ppgea\/wp-json\/wp\/v2\/comments?post=1104"}],"version-history":[{"count":0,"href":"https:\/\/www.ufsm.br\/cursos\/pos-graduacao\/santa-maria\/ppgea\/wp-json\/wp\/v2\/pages\/1104\/revisions"}],"wp:attachment":[{"href":"https:\/\/www.ufsm.br\/cursos\/pos-graduacao\/santa-maria\/ppgea\/wp-json\/wp\/v2\/media?parent=1104"}],"wp:term":[{"taxonomy":"category","embeddable":true,"href":"https:\/\/www.ufsm.br\/cursos\/pos-graduacao\/santa-maria\/ppgea\/wp-json\/wp\/v2\/categories?post=1104"},{"taxonomy":"post_tag","embeddable":true,"href":"https:\/\/www.ufsm.br\/cursos\/pos-graduacao\/santa-maria\/ppgea\/wp-json\/wp\/v2\/tags?post=1104"}],"curies":[{"name":"wp","href":"https:\/\/api.w.org\/{rel}","templated":true}]}}