{"id":1232,"date":"2023-04-13T10:08:25","date_gmt":"2023-04-13T13:08:25","guid":{"rendered":"https:\/\/www.ufsm.br\/cursos\/pos-graduacao\/santa-maria\/ppgea\/?page_id=1232"},"modified":"2024-11-05T16:03:53","modified_gmt":"2024-11-05T19:03:53","slug":"portarias-colegiado-e-comissoes","status":"publish","type":"page","link":"https:\/\/www.ufsm.br\/cursos\/pos-graduacao\/santa-maria\/ppgea\/portarias-colegiado-e-comissoes","title":{"rendered":"Portarias: Coordena\u00e7\u00e3o, Colegiado e Comiss\u00f5es"},"content":{"rendered":"<h4>Coordena\u00e7\u00e3o<\/h4>\n<p><a href=\"https:\/\/www.ufsm.br\/app\/uploads\/sites\/548\/2024\/11\/PORT_PES_UFSM_CCR_2024_146-Coordenador.pdf\" target=\"_blank\" rel=\"noopener\">COORDENADOR &#8211; PORTARIA DE PESSOAL -CCR\/UFSM No 146\/2024<\/a><\/p>\n<p><a href=\"https:\/\/www.ufsm.br\/app\/uploads\/sites\/548\/2024\/11\/PORT_PES_UFSM_CCR_2024_149-Coord.-Subst.pdf\" target=\"_blank\" rel=\"noopener\">COORDENADORA SUBSTITUTA &#8211; PORTARIA DE PESSOAL -CCR\/UFSM No 149\/2024<\/a><\/p>\n<h4>Colegiado<\/h4>\n<p><a href=\"https:\/\/www.ufsm.br\/app\/uploads\/sites\/548\/2024\/11\/PORT_PES_UFSM_CCR_2024_156-Colegiado.pdf\" target=\"_blank\" rel=\"noopener\">PORTARIA DE PESSOAL-CCR\/UFSM No 156\/2024<\/a><\/p>\n<h4>Comiss\u00e3o de Bolsas<\/h4>\n<p><a role=\"button\" href=\"https:\/\/www.ufsm.br\/app\/uploads\/sites\/548\/2024\/11\/PORT_PES_UFSM_CCR_2024_157-Comissao-de-Bolsas.pdf\" target=\"_blank\" rel=\"noopener\">PORTARIA DE PESSOAL -CCR\/UFSM No 157\/2024<\/a><\/p>\n<h4>Comiss\u00e3o de Sele\u00e7\u00e3o<\/h4>\n<p><a role=\"button\" href=\"https:\/\/www.ufsm.br\/app\/uploads\/sites\/548\/2023\/09\/PORT_PES_UFSM_CCR_2023_151.pdf\" target=\"_blank\" rel=\"noopener\">PORTARIA DE PESSOAL -CCR\/UFSM No 151\/2023<br \/><\/a><\/p>\n<h4>Comiss\u00e3o de Autoavalia\u00e7\u00e3o<\/h4>\n<p><a href=\"https:\/\/www.ufsm.br\/app\/uploads\/sites\/548\/2024\/11\/PORT_PES_UFSM_CCR_2024_158-Autoavaliacao.pdf\" target=\"_blank\" rel=\"noopener\">PORTARIA DE PESSOAL -CCR\/UFSM No 158\/2024<\/a><\/p>\n\n","protected":false},"excerpt":{"rendered":"<p>Coordena\u00e7\u00e3o COORDENADOR &#8211; PORTARIA DE PESSOAL -CCR\/UFSM No 146\/2024 COORDENADORA SUBSTITUTA &#8211; PORTARIA DE PESSOAL -CCR\/UFSM No 149\/2024 Colegiado PORTARIA DE PESSOAL-CCR\/UFSM No 156\/2024 Comiss\u00e3o de Bolsas PORTARIA DE PESSOAL -CCR\/UFSM No 157\/2024 Comiss\u00e3o de Sele\u00e7\u00e3o PORTARIA DE PESSOAL -CCR\/UFSM No 151\/2023 Comiss\u00e3o de Autoavalia\u00e7\u00e3o PORTARIA DE PESSOAL -CCR\/UFSM No 158\/2024<\/p>\n","protected":false},"author":1537,"featured_media":0,"parent":0,"menu_order":0,"comment_status":"closed","ping_status":"closed","template":"","meta":{"footnotes":""},"categories":[],"tags":[],"class_list":["post-1232","page","type-page","status-publish","hentry"],"acf":[],"_links":{"self":[{"href":"https:\/\/www.ufsm.br\/cursos\/pos-graduacao\/santa-maria\/ppgea\/wp-json\/wp\/v2\/pages\/1232","targetHints":{"allow":["GET"]}}],"collection":[{"href":"https:\/\/www.ufsm.br\/cursos\/pos-graduacao\/santa-maria\/ppgea\/wp-json\/wp\/v2\/pages"}],"about":[{"href":"https:\/\/www.ufsm.br\/cursos\/pos-graduacao\/santa-maria\/ppgea\/wp-json\/wp\/v2\/types\/page"}],"author":[{"embeddable":true,"href":"https:\/\/www.ufsm.br\/cursos\/pos-graduacao\/santa-maria\/ppgea\/wp-json\/wp\/v2\/users\/1537"}],"replies":[{"embeddable":true,"href":"https:\/\/www.ufsm.br\/cursos\/pos-graduacao\/santa-maria\/ppgea\/wp-json\/wp\/v2\/comments?post=1232"}],"version-history":[{"count":0,"href":"https:\/\/www.ufsm.br\/cursos\/pos-graduacao\/santa-maria\/ppgea\/wp-json\/wp\/v2\/pages\/1232\/revisions"}],"wp:attachment":[{"href":"https:\/\/www.ufsm.br\/cursos\/pos-graduacao\/santa-maria\/ppgea\/wp-json\/wp\/v2\/media?parent=1232"}],"wp:term":[{"taxonomy":"category","embeddable":true,"href":"https:\/\/www.ufsm.br\/cursos\/pos-graduacao\/santa-maria\/ppgea\/wp-json\/wp\/v2\/categories?post=1232"},{"taxonomy":"post_tag","embeddable":true,"href":"https:\/\/www.ufsm.br\/cursos\/pos-graduacao\/santa-maria\/ppgea\/wp-json\/wp\/v2\/tags?post=1232"}],"curies":[{"name":"wp","href":"https:\/\/api.w.org\/{rel}","templated":true}]}}