{"id":1352,"date":"2024-05-21T11:32:15","date_gmt":"2024-05-21T14:32:15","guid":{"rendered":"https:\/\/www.ufsm.br\/cursos\/pos-graduacao\/santa-maria\/ppgea\/?page_id=1352"},"modified":"2024-12-20T16:54:40","modified_gmt":"2024-12-20T19:54:40","slug":"atas-2024","status":"publish","type":"page","link":"https:\/\/www.ufsm.br\/cursos\/pos-graduacao\/santa-maria\/ppgea\/atas-2024","title":{"rendered":"Atas 2024"},"content":{"rendered":"\t\t<div data-elementor-type=\"wp-page\" data-elementor-id=\"1352\" class=\"elementor elementor-1352\">\n\t\t\t\t\t\t<section class=\"elementor-section elementor-top-section elementor-element elementor-element-a53ef34 elementor-section-boxed elementor-section-height-default elementor-section-height-default\" data-id=\"a53ef34\" data-element_type=\"section\">\n\t\t\t\t\t\t<div class=\"elementor-container elementor-column-gap-default\">\n\t\t\t\t\t<div class=\"elementor-column elementor-col-100 elementor-top-column elementor-element elementor-element-54d0b25a\" data-id=\"54d0b25a\" data-element_type=\"column\">\n\t\t\t<div class=\"elementor-widget-wrap elementor-element-populated\">\n\t\t\t\t\t\t<div class=\"elementor-element elementor-element-290cf1ba elementor-widget elementor-widget-text-editor\" data-id=\"290cf1ba\" data-element_type=\"widget\" data-widget_type=\"text-editor.default\">\n\t\t\t\t<div class=\"elementor-widget-container\">\n\t\t\t\t\t\t\t<h2>Atas do Colegiado<\/h2>\n<p><a href=\"https:\/\/www.ufsm.br\/app\/uploads\/sites\/548\/2024\/07\/Ata-01_2024-Colegiado-PPGEA.pdf\" target=\"_blank\" rel=\"noopener\">Ata n. 01\/2024<\/a><\/p>\n<p><a href=\"https:\/\/www.ufsm.br\/app\/uploads\/sites\/548\/2024\/07\/Ata-02_2024-Colegiado-PPGEA.pdf\" target=\"_blank\" rel=\"noopener\">Ata n. 02\/2024<\/a><\/p>\n<p>Ata n. 03\/2024<\/p>\n<p><a href=\"https:\/\/www.ufsm.br\/app\/uploads\/sites\/548\/2024\/07\/Ata-04_2024-Colegiado-PPGEA.pdf\" target=\"_blank\" rel=\"noopener\">Ata n. 04\/2024<\/a><\/p>\n<p><a href=\"https:\/\/www.ufsm.br\/app\/uploads\/sites\/548\/2024\/07\/Ata-05_2024-Colegiado-PPGEA.pdf\" target=\"_blank\" rel=\"noopener\">Ata n. 05\/2024<\/a><\/p>\n<p><a href=\"https:\/\/www.ufsm.br\/app\/uploads\/sites\/548\/2024\/07\/Ata-06_2024-Colegiado-PPGEA.pdf\" target=\"_blank\" rel=\"noopener\">Ata n. 06\/2024<\/a><\/p>\n<p><a href=\"https:\/\/www.ufsm.br\/app\/uploads\/sites\/548\/2024\/07\/Ata-07_2024-Colegiado-PPGEA.pdf\" target=\"_blank\" rel=\"noopener\">Ata n. 07\/2024<\/a><\/p>\n<p><a href=\"https:\/\/www.ufsm.br\/app\/uploads\/sites\/548\/2024\/07\/Ata-n-08-do-Colegiado-PPGEA.pdf\" target=\"_blank\" rel=\"noopener\">Ata n. 08\/2024<\/a><\/p>\n<p><a href=\"https:\/\/www.ufsm.br\/app\/uploads\/sites\/548\/2024\/07\/Ata-n\u00b0-09-do-Colegiado-PPGEA.pdf\" target=\"_blank\" rel=\"noopener\">Ata n. 09\/2024<\/a><\/p>\n<p><a href=\"https:\/\/www.ufsm.br\/app\/uploads\/sites\/548\/2024\/07\/Ata-n\u00b0-10-do-Colegiado-PPGEA.pdf\" target=\"_blank\" rel=\"noopener\">Ata n. 10\/2024<\/a><\/p>\n<p><a href=\"https:\/\/www.ufsm.br\/app\/uploads\/sites\/548\/2024\/09\/Ata-n\u00b0-11-Colegiado.pdf\" target=\"_blank\" rel=\"noopener\">Ata n. 11\/2024<\/a><\/p>\n<p><a href=\"https:\/\/www.ufsm.br\/app\/uploads\/sites\/548\/2024\/09\/Ata-12-Colegiado.pdf\" target=\"_blank\" rel=\"noopener\">Ata n. 12\/2024<\/a><\/p>\n<p><a href=\"https:\/\/www.ufsm.br\/app\/uploads\/sites\/548\/2024\/11\/Ata-Colegiado-n\u00b0-13.pdf\" target=\"_blank\" rel=\"noopener\">Ata n. 13\/2024<\/a><\/p>\n<p><a href=\"https:\/\/portal.ufsm.br\/documentos\/publico\/documento.html?id=15273240\" target=\"_blank\" rel=\"noopener\">Ata n. 14\/2024<\/a><\/p>\n<p style=\"color: #000000;font-size: 16px\"><a href=\"https:\/\/portal.ufsm.br\/documentos\/publico\/documento.html?id=15290484\">A<span style=\"color: #204c90\">ta n. 15\/2024<\/span><\/a><\/p>\n<p><a href=\"https:\/\/www.ufsm.br\/app\/uploads\/sites\/548\/2024\/12\/Ata-n\u00b0-16.pdf\">Ata n. 16\/2024<\/a><\/p>\n<h2>Atas de Comiss\u00e3o de Bolsas<\/h2>\n<p><a href=\"https:\/\/www.ufsm.br\/app\/uploads\/sites\/548\/2024\/07\/Ata-01_2024-Comissao-de-Bolsas_PPGEA.pdf\" target=\"_blank\" rel=\"noopener\">Ata n. 01\/2024<\/a><\/p>\n<p><a href=\"https:\/\/www.ufsm.br\/app\/uploads\/sites\/548\/2024\/07\/Ata-02_2024-Comissao-de-Bolsas_PPGEA.pdf\" target=\"_blank\" rel=\"noopener\">Ata n. 02\/2024<\/a><\/p>\n<p><a href=\"https:\/\/www.ufsm.br\/app\/uploads\/sites\/548\/2024\/09\/Ata-03-Comissao-de-Bolsas.pdf\" target=\"_blank\" rel=\"noopener\">Ata n. 03\/2024<\/a><\/p>\n<p><a href=\"https:\/\/www.ufsm.br\/app\/uploads\/sites\/548\/2024\/09\/Ata-04-Comisso-de-Bolsas.pdf\" target=\"_blank\" rel=\"noopener\">Ata n. 04\/2024<\/a><\/p>\n<p><a href=\"https:\/\/www.ufsm.br\/app\/uploads\/sites\/548\/2024\/12\/Ata-n\u00b0-5-1.pdf\">Ata n. 05\/2024<\/a><\/p>\n<h2>Atas de Comiss\u00e3o de Autoavalia\u00e7\u00e3o<\/h2>\n<p><a href=\"https:\/\/www.ufsm.br\/app\/uploads\/sites\/548\/2024\/09\/Ata-n\u00b0-01-Comissao-de-Autoavaliacao.pdf\" target=\"_blank\" rel=\"noopener\">Ata n. 01\/2024<\/a><\/p>\n<p><a href=\"https:\/\/www.ufsm.br\/app\/uploads\/sites\/548\/2024\/11\/Ata-n\u00b0-02-Comissao-de-Autoavaliacao-mecanizacao.pdf\" target=\"_blank\" rel=\"noopener\">Ata n. 02\/2024<\/a><\/p>\n<p><a href=\"https:\/\/www.ufsm.br\/app\/uploads\/sites\/548\/2024\/11\/Ata-n\u00b0-03-Comissao-deAutoavaliacao-Engenharia-de-Agua-e-Solo.pdf\" target=\"_blank\" rel=\"noopener\">Ata n. 03\/2024<\/a><\/p>\n<p><a href=\"https:\/\/www.ufsm.br\/app\/uploads\/sites\/548\/2024\/11\/Ata-n\u00b0-04-Comissao-de-Autoavaliacao-agroambiental.pdf\" target=\"_blank\" rel=\"noopener\">Ata n. 04\/2024<\/a><\/p>\n<h2>Atas de Comiss\u00e3o de Sele\u00e7\u00e3o<\/h2>\n<p><a href=\"https:\/\/www.ufsm.br\/app\/uploads\/sites\/548\/2024\/07\/Ata-01_2024-Comissao-de-Selecao_PPGEA.pdf\" target=\"_blank\" rel=\"noopener\">Ata n. 01\/2024<\/a><\/p>\n<p><a href=\"https:\/\/www.ufsm.br\/app\/uploads\/sites\/548\/2024\/09\/Ata-02-Comissao-de-Selecao.pdf\" target=\"_blank\" rel=\"noopener\">Ata n. 02\/2024<\/a><\/p>\n<p><a href=\"https:\/\/www.ufsm.br\/app\/uploads\/sites\/548\/2024\/11\/Ata-n.-03-2024.pdf\" target=\"_blank\" rel=\"noopener\">Ata n. 03\/2024<\/a><\/p>\n<h2>Atas Assembleia Geral PPGEA<\/h2>\n<p><a href=\"https:\/\/www.ufsm.br\/app\/uploads\/sites\/548\/2024\/12\/Ata-Assembleia-Geral-Docente-PPGEA-2024.pdf\">Ata n. 01\/2024<\/a><\/p>\n<p>\u00a0<\/p>\n<p><!-- \/wp:tadv\/classic-paragraph --><!-- wp:tadv\/classic-paragraph \/--><\/p>\t\t\t\t\t\t<\/div>\n\t\t\t\t<\/div>\n\t\t\t\t\t<\/div>\n\t\t<\/div>\n\t\t\t\t\t<\/div>\n\t\t<\/section>\n\t\t\t\t<\/div>\n\t\t","protected":false},"excerpt":{"rendered":"<p>Atas do Colegiado Ata n. 01\/2024 Ata n. 02\/2024 Ata n. 03\/2024 Ata n. 04\/2024 Ata n. 05\/2024 Ata n. 06\/2024 Ata n. 07\/2024 Ata n. 08\/2024 Ata n. 09\/2024 Ata n. 10\/2024 Ata n. 11\/2024 Ata n. 12\/2024 Ata n. 13\/2024 Ata n. 14\/2024 Ata n. 15\/2024 Ata n. 16\/2024 Atas de Comiss\u00e3o de [&hellip;]<\/p>\n","protected":false},"author":260,"featured_media":0,"parent":0,"menu_order":0,"comment_status":"closed","ping_status":"closed","template":"","meta":{"footnotes":""},"categories":[],"tags":[],"class_list":["post-1352","page","type-page","status-publish","hentry"],"acf":[],"_links":{"self":[{"href":"https:\/\/www.ufsm.br\/cursos\/pos-graduacao\/santa-maria\/ppgea\/wp-json\/wp\/v2\/pages\/1352","targetHints":{"allow":["GET"]}}],"collection":[{"href":"https:\/\/www.ufsm.br\/cursos\/pos-graduacao\/santa-maria\/ppgea\/wp-json\/wp\/v2\/pages"}],"about":[{"href":"https:\/\/www.ufsm.br\/cursos\/pos-graduacao\/santa-maria\/ppgea\/wp-json\/wp\/v2\/types\/page"}],"author":[{"embeddable":true,"href":"https:\/\/www.ufsm.br\/cursos\/pos-graduacao\/santa-maria\/ppgea\/wp-json\/wp\/v2\/users\/260"}],"replies":[{"embeddable":true,"href":"https:\/\/www.ufsm.br\/cursos\/pos-graduacao\/santa-maria\/ppgea\/wp-json\/wp\/v2\/comments?post=1352"}],"version-history":[{"count":0,"href":"https:\/\/www.ufsm.br\/cursos\/pos-graduacao\/santa-maria\/ppgea\/wp-json\/wp\/v2\/pages\/1352\/revisions"}],"wp:attachment":[{"href":"https:\/\/www.ufsm.br\/cursos\/pos-graduacao\/santa-maria\/ppgea\/wp-json\/wp\/v2\/media?parent=1352"}],"wp:term":[{"taxonomy":"category","embeddable":true,"href":"https:\/\/www.ufsm.br\/cursos\/pos-graduacao\/santa-maria\/ppgea\/wp-json\/wp\/v2\/categories?post=1352"},{"taxonomy":"post_tag","embeddable":true,"href":"https:\/\/www.ufsm.br\/cursos\/pos-graduacao\/santa-maria\/ppgea\/wp-json\/wp\/v2\/tags?post=1352"}],"curies":[{"name":"wp","href":"https:\/\/api.w.org\/{rel}","templated":true}]}}