{"id":1353,"date":"2024-05-21T11:34:04","date_gmt":"2024-05-21T14:34:04","guid":{"rendered":"https:\/\/www.ufsm.br\/cursos\/pos-graduacao\/santa-maria\/ppgea\/?page_id=1353"},"modified":"2024-07-05T11:29:36","modified_gmt":"2024-07-05T14:29:36","slug":"atas-2023","status":"publish","type":"page","link":"https:\/\/www.ufsm.br\/cursos\/pos-graduacao\/santa-maria\/ppgea\/atas-2023","title":{"rendered":"Atas 2023"},"content":{"rendered":"\n<h2>Atas de Colegiado<\/h2>\n<p><a href=\"https:\/\/www.ufsm.br\/app\/uploads\/sites\/548\/2024\/07\/Ata-01_2023-Colegiado-PPGEA.pdf\" target=\"_blank\" rel=\"noopener\">Ata n. 01\/2023<\/a><\/p>\n<p><a href=\"https:\/\/www.ufsm.br\/app\/uploads\/sites\/548\/2024\/07\/Ata-02_2023-Colegiado-PPGEA.pdf\" target=\"_blank\" rel=\"noopener\">Ata n. 02\/2023<\/a><\/p>\n<p><a href=\"https:\/\/www.ufsm.br\/app\/uploads\/sites\/548\/2024\/07\/Ata-03_2023-Colegiado-PPGEA.pdf\" target=\"_blank\" rel=\"noopener\">Ata n. 03\/2023<\/a><\/p>\n<p><a href=\"https:\/\/www.ufsm.br\/app\/uploads\/sites\/548\/2024\/07\/Ata-04_2023-Colegiado-PPGEA.pdf\" target=\"_blank\" rel=\"noopener\">Ata n. 04\/2023<\/a><\/p>\n<p><a href=\"https:\/\/www.ufsm.br\/app\/uploads\/sites\/548\/2024\/07\/Ata-05_2023-Colegiado-PPGEA.pdf\" target=\"_blank\" rel=\"noopener\">Ata n. 05\/2023<\/a><\/p>\n<p><a href=\"https:\/\/www.ufsm.br\/app\/uploads\/sites\/548\/2024\/07\/Ata-06_2023-Colegiado-PPGEA.pdf\" target=\"_blank\" rel=\"noopener\">Ata n. 06\/2023<\/a><\/p>\n<h2>Atas de Comiss\u00e3o de Bolsas<\/h2>\n<p><a href=\"https:\/\/www.ufsm.br\/app\/uploads\/sites\/548\/2024\/07\/Ata-01_2023-Comissao-de-Bolsas_PPGEA.pdf\" target=\"_blank\" rel=\"noopener\">Ata n. 01\/2023<\/a><\/p>\n<p><a href=\"https:\/\/www.ufsm.br\/app\/uploads\/sites\/548\/2024\/07\/Ata-02_2023-Comissao-de-Bolsas_PPGEA.pdf\" target=\"_blank\" rel=\"noopener\">Ata n. 02\/2023<\/a><\/p>\n<h2>Atas de Comiss\u00e3o de Autoavalia\u00e7\u00e3o<\/h2>\n<p><a href=\"https:\/\/www.ufsm.br\/app\/uploads\/sites\/548\/2024\/07\/Ata-01_2023-Comissao-de-Autoavaliacao_PPGEA.pdf\" target=\"_blank\" rel=\"noopener\">Ata n. 01\/2023<\/a><\/p>\n<p><a href=\"https:\/\/www.ufsm.br\/app\/uploads\/sites\/548\/2024\/07\/Ata-02_2023-Comissao-de-Autoavaliacao_PPGEA.pdf\" target=\"_blank\" rel=\"noopener\">Ata n. 02\/2023<\/a><\/p>\n<p><a href=\"https:\/\/www.ufsm.br\/app\/uploads\/sites\/548\/2024\/07\/Ata-03_2023-Comissao-de-Autoavaliacao_PPGEA.pdf\" target=\"_blank\" rel=\"noopener\">Ata n. 03\/2023<\/a><\/p>\n<h2>Atas de Comiss\u00e3o de Sele\u00e7\u00e3o<\/h2>\n<p><a href=\"https:\/\/www.ufsm.br\/app\/uploads\/sites\/548\/2024\/07\/Ata-01_2023-Comissao-de-Selecao_PPGEA.pdf\" target=\"_blank\" rel=\"noopener\">Ata n. 01\/2023<\/a><\/p>\n\n\n","protected":false},"excerpt":{"rendered":"<p>Atas de Colegiado Ata n. 01\/2023 Ata n. 02\/2023 Ata n. 03\/2023 Ata n. 04\/2023 Ata n. 05\/2023 Ata n. 06\/2023 Atas de Comiss\u00e3o de Bolsas Ata n. 01\/2023 Ata n. 02\/2023 Atas de Comiss\u00e3o de Autoavalia\u00e7\u00e3o Ata n. 01\/2023 Ata n. 02\/2023 Ata n. 03\/2023 Atas de Comiss\u00e3o de Sele\u00e7\u00e3o Ata n. 01\/2023<\/p>\n","protected":false},"author":260,"featured_media":0,"parent":0,"menu_order":0,"comment_status":"closed","ping_status":"closed","template":"","meta":{"footnotes":""},"categories":[],"tags":[],"class_list":["post-1353","page","type-page","status-publish","hentry"],"acf":[],"_links":{"self":[{"href":"https:\/\/www.ufsm.br\/cursos\/pos-graduacao\/santa-maria\/ppgea\/wp-json\/wp\/v2\/pages\/1353","targetHints":{"allow":["GET"]}}],"collection":[{"href":"https:\/\/www.ufsm.br\/cursos\/pos-graduacao\/santa-maria\/ppgea\/wp-json\/wp\/v2\/pages"}],"about":[{"href":"https:\/\/www.ufsm.br\/cursos\/pos-graduacao\/santa-maria\/ppgea\/wp-json\/wp\/v2\/types\/page"}],"author":[{"embeddable":true,"href":"https:\/\/www.ufsm.br\/cursos\/pos-graduacao\/santa-maria\/ppgea\/wp-json\/wp\/v2\/users\/260"}],"replies":[{"embeddable":true,"href":"https:\/\/www.ufsm.br\/cursos\/pos-graduacao\/santa-maria\/ppgea\/wp-json\/wp\/v2\/comments?post=1353"}],"version-history":[{"count":0,"href":"https:\/\/www.ufsm.br\/cursos\/pos-graduacao\/santa-maria\/ppgea\/wp-json\/wp\/v2\/pages\/1353\/revisions"}],"wp:attachment":[{"href":"https:\/\/www.ufsm.br\/cursos\/pos-graduacao\/santa-maria\/ppgea\/wp-json\/wp\/v2\/media?parent=1353"}],"wp:term":[{"taxonomy":"category","embeddable":true,"href":"https:\/\/www.ufsm.br\/cursos\/pos-graduacao\/santa-maria\/ppgea\/wp-json\/wp\/v2\/categories?post=1353"},{"taxonomy":"post_tag","embeddable":true,"href":"https:\/\/www.ufsm.br\/cursos\/pos-graduacao\/santa-maria\/ppgea\/wp-json\/wp\/v2\/tags?post=1353"}],"curies":[{"name":"wp","href":"https:\/\/api.w.org\/{rel}","templated":true}]}}