{"id":1369,"date":"2024-05-24T10:48:20","date_gmt":"2024-05-24T13:48:20","guid":{"rendered":"https:\/\/www.ufsm.br\/cursos\/pos-graduacao\/santa-maria\/ppgea\/?page_id=1369"},"modified":"2025-07-09T17:09:37","modified_gmt":"2025-07-09T20:09:37","slug":"linhas-de-pesquisa-2","status":"publish","type":"page","link":"https:\/\/www.ufsm.br\/cursos\/pos-graduacao\/santa-maria\/ppgea\/linhas-de-pesquisa-2","title":{"rendered":"Linhas de pesquisa"},"content":{"rendered":"\t\t<div data-elementor-type=\"wp-page\" data-elementor-id=\"1369\" class=\"elementor elementor-1369\">\n\t\t\t\t\t\t<section class=\"elementor-section elementor-top-section elementor-element elementor-element-069f738 elementor-section-boxed elementor-section-height-default elementor-section-height-default\" data-id=\"069f738\" data-element_type=\"section\">\n\t\t\t\t\t\t<div class=\"elementor-container elementor-column-gap-default\">\n\t\t\t\t\t<div class=\"elementor-column elementor-col-100 elementor-top-column elementor-element elementor-element-3b10343\" data-id=\"3b10343\" data-element_type=\"column\">\n\t\t\t<div class=\"elementor-widget-wrap elementor-element-populated\">\n\t\t\t\t\t\t<div class=\"elementor-element elementor-element-7726f6f elementor-widget__width-initial elementor-widget elementor-widget-text-editor\" data-id=\"7726f6f\" data-element_type=\"widget\" data-widget_type=\"text-editor.default\">\n\t\t\t\t<div class=\"elementor-widget-container\">\n\t\t\t\t\t\t\t<h1 style=\"text-align: center\"><strong>\u00c1reas de Concentra\u00e7\u00e3o:<\/strong><\/h1>\t\t\t\t\t\t<\/div>\n\t\t\t\t<\/div>\n\t\t\t\t\t<\/div>\n\t\t<\/div>\n\t\t\t\t\t<\/div>\n\t\t<\/section>\n\t\t\t\t<section class=\"elementor-section elementor-top-section elementor-element elementor-element-8e740cf elementor-section-boxed elementor-section-height-default elementor-section-height-default\" data-id=\"8e740cf\" data-element_type=\"section\">\n\t\t\t\t\t\t<div class=\"elementor-container elementor-column-gap-default\">\n\t\t\t\t\t<div class=\"elementor-column elementor-col-33 elementor-top-column elementor-element elementor-element-9d0f663\" data-id=\"9d0f663\" data-element_type=\"column\">\n\t\t\t<div class=\"elementor-widget-wrap elementor-element-populated\">\n\t\t\t\t\t\t<div class=\"elementor-element elementor-element-fbfad60 elementor-widget elementor-widget-text-editor\" data-id=\"fbfad60\" data-element_type=\"widget\" data-widget_type=\"text-editor.default\">\n\t\t\t\t<div class=\"elementor-widget-container\">\n\t\t\t\t\t\t\t<p style=\"text-align: center\"><strong>Engenharia de \u00c1gua e Solo:<\/strong><\/p><p style=\"text-align: left\"><strong>Linhas de Pesquisa:<\/strong><\/p><ul><li>Tecnologia e manejo de sistemas de irriga\u00e7\u00e3o e drenagem<\/li><li>\u00c1gua no sistema solo-planta-atmosfera<\/li><li>Manejo e conserva\u00e7\u00e3o da \u00e1gua e do solo em sistemas agr\u00edcolas<\/li><\/ul>\t\t\t\t\t\t<\/div>\n\t\t\t\t<\/div>\n\t\t\t\t\t<\/div>\n\t\t<\/div>\n\t\t\t\t<div class=\"elementor-column elementor-col-33 elementor-top-column elementor-element elementor-element-56546e4\" data-id=\"56546e4\" data-element_type=\"column\">\n\t\t\t<div class=\"elementor-widget-wrap elementor-element-populated\">\n\t\t\t\t\t\t<div class=\"elementor-element elementor-element-08be540 elementor-widget elementor-widget-text-editor\" data-id=\"08be540\" data-element_type=\"widget\" data-widget_type=\"text-editor.default\">\n\t\t\t\t<div class=\"elementor-widget-container\">\n\t\t\t\t\t\t\t<p style=\"text-align: center\"><strong>Engenharia de Processamento de Produtos Agr\u00edcolas:<\/strong><\/p><p style=\"text-align: left\"><strong>Linhas de Pesquisa:<br \/><\/strong><\/p><ul><li>Bioprocessos e bioprodutos aplicados \u00e0 agricultura<\/li><li>P\u00f3s-colheita, secagem, beneficiamento e armazenamento de produtos<br \/>agr\u00edcolas<\/li><\/ul>\t\t\t\t\t\t<\/div>\n\t\t\t\t<\/div>\n\t\t\t\t\t<\/div>\n\t\t<\/div>\n\t\t\t\t<div class=\"elementor-column elementor-col-33 elementor-top-column elementor-element elementor-element-d076d65\" data-id=\"d076d65\" data-element_type=\"column\">\n\t\t\t<div class=\"elementor-widget-wrap elementor-element-populated\">\n\t\t\t\t\t\t<div class=\"elementor-element elementor-element-175fcc6 elementor-widget elementor-widget-text-editor\" data-id=\"175fcc6\" data-element_type=\"widget\" data-widget_type=\"text-editor.default\">\n\t\t\t\t<div class=\"elementor-widget-container\">\n\t\t\t\t\t\t\t<p style=\"text-align: center\"><strong>Mecaniza\u00e7\u00e3o Agr\u00edcola:<\/strong><\/p><p><strong>Linhas de Pesquisa:<br \/><\/strong><\/p><ul><li>Fatores humanos em sistemas agr\u00edcolas<\/li><li>Projeto e utiliza\u00e7\u00e3o de m\u00e1quinas agr\u00edcolas<\/li><li>Rela\u00e7\u00e3o Solo-M\u00e1quina-Planta<\/li><li>Tecnologia e gest\u00e3o da aplica\u00e7\u00e3o de insumos na agricultura<\/li><\/ul>\t\t\t\t\t\t<\/div>\n\t\t\t\t<\/div>\n\t\t\t\t\t<\/div>\n\t\t<\/div>\n\t\t\t\t\t<\/div>\n\t\t<\/section>\n\t\t\t\t<\/div>\n\t\t","protected":false},"excerpt":{"rendered":"<p>\u00c1reas de Concentra\u00e7\u00e3o: Engenharia de \u00c1gua e Solo: Linhas de Pesquisa: Tecnologia e manejo de sistemas de irriga\u00e7\u00e3o e drenagem \u00c1gua no sistema solo-planta-atmosfera Manejo e conserva\u00e7\u00e3o da \u00e1gua e do solo em sistemas agr\u00edcolas Engenharia de Processamento de Produtos Agr\u00edcolas: Linhas de Pesquisa: Bioprocessos e bioprodutos aplicados \u00e0 agricultura P\u00f3s-colheita, secagem, beneficiamento e armazenamento [&hellip;]<\/p>\n","protected":false},"author":260,"featured_media":0,"parent":0,"menu_order":0,"comment_status":"closed","ping_status":"closed","template":"","meta":{"footnotes":""},"categories":[],"tags":[],"class_list":["post-1369","page","type-page","status-publish","hentry"],"acf":[],"_links":{"self":[{"href":"https:\/\/www.ufsm.br\/cursos\/pos-graduacao\/santa-maria\/ppgea\/wp-json\/wp\/v2\/pages\/1369","targetHints":{"allow":["GET"]}}],"collection":[{"href":"https:\/\/www.ufsm.br\/cursos\/pos-graduacao\/santa-maria\/ppgea\/wp-json\/wp\/v2\/pages"}],"about":[{"href":"https:\/\/www.ufsm.br\/cursos\/pos-graduacao\/santa-maria\/ppgea\/wp-json\/wp\/v2\/types\/page"}],"author":[{"embeddable":true,"href":"https:\/\/www.ufsm.br\/cursos\/pos-graduacao\/santa-maria\/ppgea\/wp-json\/wp\/v2\/users\/260"}],"replies":[{"embeddable":true,"href":"https:\/\/www.ufsm.br\/cursos\/pos-graduacao\/santa-maria\/ppgea\/wp-json\/wp\/v2\/comments?post=1369"}],"version-history":[{"count":0,"href":"https:\/\/www.ufsm.br\/cursos\/pos-graduacao\/santa-maria\/ppgea\/wp-json\/wp\/v2\/pages\/1369\/revisions"}],"wp:attachment":[{"href":"https:\/\/www.ufsm.br\/cursos\/pos-graduacao\/santa-maria\/ppgea\/wp-json\/wp\/v2\/media?parent=1369"}],"wp:term":[{"taxonomy":"category","embeddable":true,"href":"https:\/\/www.ufsm.br\/cursos\/pos-graduacao\/santa-maria\/ppgea\/wp-json\/wp\/v2\/categories?post=1369"},{"taxonomy":"post_tag","embeddable":true,"href":"https:\/\/www.ufsm.br\/cursos\/pos-graduacao\/santa-maria\/ppgea\/wp-json\/wp\/v2\/tags?post=1369"}],"curies":[{"name":"wp","href":"https:\/\/api.w.org\/{rel}","templated":true}]}}