{"id":1377,"date":"2024-05-24T11:20:18","date_gmt":"2024-05-24T14:20:18","guid":{"rendered":"https:\/\/www.ufsm.br\/cursos\/pos-graduacao\/santa-maria\/ppgea\/?page_id=1377"},"modified":"2025-07-09T16:01:14","modified_gmt":"2025-07-09T19:01:14","slug":"laboratorios","status":"publish","type":"page","link":"https:\/\/www.ufsm.br\/cursos\/pos-graduacao\/santa-maria\/ppgea\/laboratorios","title":{"rendered":"Laborat\u00f3rios"},"content":{"rendered":"\t\t<div data-elementor-type=\"wp-page\" data-elementor-id=\"1377\" class=\"elementor elementor-1377\">\n\t\t\t\t\t\t<section class=\"elementor-section elementor-top-section elementor-element elementor-element-1c895c25 elementor-section-boxed elementor-section-height-default elementor-section-height-default\" data-id=\"1c895c25\" data-element_type=\"section\">\n\t\t\t\t\t\t<div class=\"elementor-container elementor-column-gap-default\">\n\t\t\t\t\t<div class=\"elementor-column elementor-col-100 elementor-top-column elementor-element elementor-element-3271973d\" data-id=\"3271973d\" data-element_type=\"column\">\n\t\t\t<div class=\"elementor-widget-wrap elementor-element-populated\">\n\t\t\t\t\t\t<div class=\"elementor-element elementor-element-3d3fd76c elementor-widget elementor-widget-text-editor\" data-id=\"3d3fd76c\" data-element_type=\"widget\" data-widget_type=\"text-editor.default\">\n\t\t\t\t<div class=\"elementor-widget-container\">\n\t\t\t\t\t\t\t<h4><em><strong>Engenharia de \u00c1gua e Solo:<\/strong><\/em><\/h4>\n<div><strong>\u00a0<\/strong><\/div>\n<h4><strong>Laborat\u00f3rio de Engenharia de Irriga\u00e7\u00e3o \u2013 LEI<\/strong><\/h4>\n<p>Coordenadores:\u00a0<\/p>\n<p>\u00a0 \u00a0 \u00a0Prof. Dr. <strong>Adroaldo Dias Robaina<\/strong><\/p>\n<p><em>\u00a0\u00a0\u00a0\u00a0 <\/em>Profa. Dra. <strong>M\u00e1rcia Xavier Peiter <\/strong><\/p>\n<h4><strong>\u00a0<\/strong><\/h4>\n<h4><strong>Laborat\u00f3rio de Engenharia de Meio Ambiente \u2013 LEMA<\/strong><\/h4>\n<p>Coordenador:<\/p>\n<p>\u00a0 \u00a0 \u00a0Prof. Dr.<strong> Alexandre Swarowsky<\/strong><\/p>\n<h4>\u00a0<\/h4>\n<h4><strong>Laborat\u00f3rio de F\u00edsica do Solo \u2013 Sistema IRRIGA<\/strong><\/h4>\n<p>Coordenadora:<\/p>\n<p>\u00a0 \u00a0 \u00a0Profa. Dra. <strong>Mirta Teresinha Petry<\/strong><\/p>\n<h4>\u00a0<\/h4>\n<h4><strong>Laborat\u00f3rio de Hidr\u00e1ulica Agr\u00edcola <\/strong><\/h4>\n<p>Coordenadores:<\/p>\n<p>\u00a0 \u00a0 \u00a0Prof. Dr. <strong>Adroaldo Dias Robaina<\/strong><\/p>\n<p>\u00a0\u00a0\u00a0\u00a0 Profa. Dra. <strong>M\u00e1rcia Xavier Peiter <\/strong><\/p>\n<h4>\u00a0<\/h4>\n<h4><strong>Laborat\u00f3rio de Recupera\u00e7\u00e3o de \u00c1reas Degradadas\u00a0<\/strong><\/h4>\n<p>Coordenadora:<\/p>\n<p>\u00a0 \u00a0 \u00a0 Profa. Dra. <strong>Ana Paula Moreira Rovedder<\/strong><\/p>\n<h4>\u00a0<\/h4>\n<h4><strong>Laborat\u00f3rio de Tecnologia e Manejo da Irriga\u00e7\u00e3o \u2013 Sistema IRRIGA<\/strong><\/h4>\n<p>Coordenadora:<\/p>\n<p>\u00a0 \u00a0 \u00a0 Profa. Dra. <strong>Mirta Teresinha Petry<\/strong><\/p>\n<h4><strong>\u00a0<\/strong><\/h4>\n<h4><em><strong>Engenharia de Processamento de Produtos Agr\u00edcolas:<\/strong><\/em><\/h4>\n<p>\u00a0<\/p>\n<h4><strong>Laborat\u00f3rio de Engenharia de Processos Agroindustriais \u2013 LAPE<\/strong><\/h4>\n<p>Coordenadores:<\/p>\n<p>\u00a0 \u00a0 \u00a0 Prof. Dr. <strong>Giovani Leone Zabot<\/strong><\/p>\n<p>\u00a0 \u00a0 \u00a0 Prof. Dr. <strong>Marcus Vin\u00edcius Tres<\/strong><\/p>\n<h4><strong>\u00a0<\/strong><\/h4>\n<h4><strong>Laborat\u00f3rio de Manejo Integrado de Pragas \u2013 LabMIP<\/strong><\/h4>\n<p>Coordenador:<\/p>\n<p>\u00a0 \u00a0 \u00a0 Prof. Dr. <strong>Jerson Vanderlei Car\u00fas Guedes <\/strong><\/p>\n<p><strong>\u00a0<\/strong><\/p>\n<h4><strong>Laborat\u00f3rio de P\u00f3s-Colheita \u2013 LAPOS<\/strong><\/h4>\n<p>Coordenador:<\/p>\n<p>\u00a0 \u00a0 \u00a0 Prof. Dr. <strong>Paulo Carteri Coradi<\/strong><\/p>\n<h4>\u00a0<\/h4>\n<h4><strong>Laborat\u00f3rio de Processos e Aplica\u00e7\u00f5es de Bioinsumos \u2013 LabProBIO<\/strong><\/h4>\n<p>Coordenador:<\/p>\n<p>\u00a0 \u00a0 \u00a0 Prof. Dr. <strong>Jerson Vanderlei Car\u00fas Guedes <\/strong><\/p>\n<p>\u00a0<\/p>\n<h4><em><strong>Mecaniza\u00e7\u00e3o Agr\u00edcola:<\/strong><\/em><\/h4>\n<p>\u00a0<\/p>\n<h4><strong>Laborat\u00f3rio de Agrotecnologia \u2013 AGROTEC<\/strong><\/h4>\n<p>Coordenador:<\/p>\n<p>\u00a0 \u00a0 \u00a0 Prof. Dr.<strong> Jos\u00e9 Fernando Schlosser<\/strong><\/p>\n<h4>\u00a0<\/h4>\n<h4><strong>Laborat\u00f3rio de Colheita Florestal e Silvicultura de Precis\u00e3o \u2013 MECANIZA<\/strong><\/h4>\n<p>Coordenadora:<\/p>\n<p>\u00a0 \u00a0 \u00a0 Profa. Dra.<strong> Catize Brandelero<\/strong><\/p>\n<h4><strong>\u00a0<\/strong><\/h4>\n<h4><strong>Laborat\u00f3rio de Manejo Inteligente em Tecnologia de Aplica\u00e7\u00e3o \u2013 MITA<\/strong><\/h4>\n<p>Coordenador:<\/p>\n<p>\u00a0 \u00a0 \u00a0 Prof. Dr.<strong> Adriano Arru\u00e9 Melo<\/strong><\/p>\n<h4><strong>\u00a0<\/strong><\/h4>\n<h4><strong>N\u00facleo de Ensaios de M\u00e1quinas Agr\u00edcolas \u2013 NEMA<\/strong><\/h4>\n<p>Coordenador: Prof. Dr. <strong>Jos\u00e9 Fernando Schlosser<\/strong><\/p>\n<p><!-- \/wp:tadv\/classic-paragraph --><!-- wp:tadv\/classic-paragraph \/--><\/p>\t\t\t\t\t\t<\/div>\n\t\t\t\t<\/div>\n\t\t\t\t\t<\/div>\n\t\t<\/div>\n\t\t\t\t\t<\/div>\n\t\t<\/section>\n\t\t\t\t<\/div>\n\t\t","protected":false},"excerpt":{"rendered":"<p>Engenharia de \u00c1gua e Solo: \u00a0 Laborat\u00f3rio de Engenharia de Irriga\u00e7\u00e3o \u2013 LEI Coordenadores:\u00a0 \u00a0 \u00a0 \u00a0Prof. Dr. Adroaldo Dias Robaina \u00a0\u00a0\u00a0\u00a0 Profa. Dra. M\u00e1rcia Xavier Peiter \u00a0 Laborat\u00f3rio de Engenharia de Meio Ambiente \u2013 LEMA Coordenador: \u00a0 \u00a0 \u00a0Prof. Dr. Alexandre Swarowsky \u00a0 Laborat\u00f3rio de F\u00edsica do Solo \u2013 Sistema IRRIGA Coordenadora: \u00a0 \u00a0 [&hellip;]<\/p>\n","protected":false},"author":260,"featured_media":0,"parent":0,"menu_order":0,"comment_status":"closed","ping_status":"closed","template":"","meta":{"footnotes":""},"categories":[],"tags":[],"class_list":["post-1377","page","type-page","status-publish","hentry"],"acf":[],"_links":{"self":[{"href":"https:\/\/www.ufsm.br\/cursos\/pos-graduacao\/santa-maria\/ppgea\/wp-json\/wp\/v2\/pages\/1377","targetHints":{"allow":["GET"]}}],"collection":[{"href":"https:\/\/www.ufsm.br\/cursos\/pos-graduacao\/santa-maria\/ppgea\/wp-json\/wp\/v2\/pages"}],"about":[{"href":"https:\/\/www.ufsm.br\/cursos\/pos-graduacao\/santa-maria\/ppgea\/wp-json\/wp\/v2\/types\/page"}],"author":[{"embeddable":true,"href":"https:\/\/www.ufsm.br\/cursos\/pos-graduacao\/santa-maria\/ppgea\/wp-json\/wp\/v2\/users\/260"}],"replies":[{"embeddable":true,"href":"https:\/\/www.ufsm.br\/cursos\/pos-graduacao\/santa-maria\/ppgea\/wp-json\/wp\/v2\/comments?post=1377"}],"version-history":[{"count":0,"href":"https:\/\/www.ufsm.br\/cursos\/pos-graduacao\/santa-maria\/ppgea\/wp-json\/wp\/v2\/pages\/1377\/revisions"}],"wp:attachment":[{"href":"https:\/\/www.ufsm.br\/cursos\/pos-graduacao\/santa-maria\/ppgea\/wp-json\/wp\/v2\/media?parent=1377"}],"wp:term":[{"taxonomy":"category","embeddable":true,"href":"https:\/\/www.ufsm.br\/cursos\/pos-graduacao\/santa-maria\/ppgea\/wp-json\/wp\/v2\/categories?post=1377"},{"taxonomy":"post_tag","embeddable":true,"href":"https:\/\/www.ufsm.br\/cursos\/pos-graduacao\/santa-maria\/ppgea\/wp-json\/wp\/v2\/tags?post=1377"}],"curies":[{"name":"wp","href":"https:\/\/api.w.org\/{rel}","templated":true}]}}