{"id":1523,"date":"2025-02-04T12:21:20","date_gmt":"2025-02-04T15:21:20","guid":{"rendered":"https:\/\/www.ufsm.br\/cursos\/pos-graduacao\/santa-maria\/ppgea\/?page_id=1523"},"modified":"2025-12-18T13:24:44","modified_gmt":"2025-12-18T16:24:44","slug":"atas-2025","status":"publish","type":"page","link":"https:\/\/www.ufsm.br\/cursos\/pos-graduacao\/santa-maria\/ppgea\/atas-2025","title":{"rendered":"Atas 2025"},"content":{"rendered":"\t\t<div data-elementor-type=\"wp-page\" data-elementor-id=\"1523\" class=\"elementor elementor-1523\">\n\t\t\t\t\t\t<section class=\"elementor-section elementor-top-section elementor-element elementor-element-2ca85b92 elementor-section-boxed elementor-section-height-default elementor-section-height-default\" data-id=\"2ca85b92\" data-element_type=\"section\">\n\t\t\t\t\t\t<div class=\"elementor-container elementor-column-gap-default\">\n\t\t\t\t\t<div class=\"elementor-column elementor-col-100 elementor-top-column elementor-element elementor-element-15c70250\" data-id=\"15c70250\" data-element_type=\"column\">\n\t\t\t<div class=\"elementor-widget-wrap elementor-element-populated\">\n\t\t\t\t\t\t<div class=\"elementor-element elementor-element-724485ec elementor-widget elementor-widget-text-editor\" data-id=\"724485ec\" data-element_type=\"widget\" data-widget_type=\"text-editor.default\">\n\t\t\t\t<div class=\"elementor-widget-container\">\n\t\t\t\t\t\t\t<h2><span style=\"font-size: 14pt\">Atas do Colegiado<\/span><\/h2>\n<p><a href=\"https:\/\/www.ufsm.br\/app\/uploads\/sites\/548\/2025\/02\/Ata-n\u00b0-01-2025.pdf\" target=\"_blank\" rel=\"noopener\">Ata n. 01\/2025<\/a><\/p>\n<p><a href=\"https:\/\/portal.ufsm.br\/documentos\/publico\/documento.html?id=15386227\">Ata n. 02\/2025<\/a><\/p>\n<p><a href=\"https:\/\/portal.ufsm.br\/documentos\/publico\/documento.html?id=15423630\" target=\"_blank\" rel=\"noopener\">Ata n. 03\/2025<\/a><\/p>\n<p><a href=\"https:\/\/www.ufsm.br\/app\/uploads\/sites\/548\/2025\/05\/Ata-n.-04-Colegiado.pdf\">Ata n. 04\/2025<\/a><\/p>\n<p><a href=\"https:\/\/portal.ufsm.br\/documentos\/publico\/documento.html?id=15442508\">Ata n. 05\/2025<\/a><\/p>\n<p><a href=\"https:\/\/portal.ufsm.br\/documentos\/publico\/documento.html?id=15457304\">Ata n. 06\/2025<\/a><\/p>\n<p><a href=\"https:\/\/www.ufsm.br\/app\/uploads\/sites\/548\/2025\/07\/Ata-n-07-2025_assinada.pdf\">Ata n. 07\/<\/a><a href=\"https:\/\/www.ufsm.br\/app\/uploads\/sites\/548\/2025\/07\/Ata-n-07-2025_assinada.pdf\">2025<\/a><\/p>\n<p><a href=\"https:\/\/portal.ufsm.br\/documentos\/publico\/documento.html?id=15560318\">Ata n. 08\/2025<\/a><\/p>\n<p><a href=\"https:\/\/portal.ufsm.br\/documentos\/publico\/documento.html?id=15577047\">Ata n. 09\/2025<\/a><\/p>\n<p><a href=\"https:\/\/portal.ufsm.br\/documentos\/publico\/documento.html?id=15602241\">Ata n. 10\/2025<\/a><\/p>\n<p><a href=\"https:\/\/www.ufsm.br\/app\/uploads\/sites\/548\/2025\/12\/Ata-n-11-2025Nov2025MP-1.pdf\">Ata n 11\/2025<\/a><\/p>\n<p><a href=\"https:\/\/www.ufsm.br\/app\/uploads\/sites\/548\/2025\/12\/Ata-n-12.pdf\">Ata n 12\/2025<\/a><\/p>\n<h2>Atas de Com<span style=\"font-size: 16px\">iss\u00e3o de Bolsas<\/span><\/h2>\n<p><a href=\"https:\/\/www.ufsm.br\/app\/uploads\/sites\/548\/2025\/02\/Ata-01-Comisso-de-Bolsas.pdf\" target=\"_blank\" rel=\"noopener\">Ata n. 01\/2025<\/a><\/p>\n<p><a href=\"https:\/\/www.ufsm.br\/app\/uploads\/sites\/548\/2025\/05\/Ata-n.-02-Comissao-de-Bolsas.pdf\">Ata n. 02\/2025<\/a><\/p>\n<p><a href=\"https:\/\/www.ufsm.br\/app\/uploads\/sites\/548\/2025\/07\/Ata-03-Comisso-de-Bolsas.pdf\">Ata n. 03\/2025<\/a><\/p>\n<p><a href=\"https:\/\/portal.ufsm.br\/documentos\/publico\/documento.html?id=15578232\">Ata n. 04\/2025<\/a><\/p>\n<h2>Atas de Comiss\u00e3o de Sele\u00e7\u00e3o<\/h2>\n<p><a style=\"font-size: 16px\" href=\"https:\/\/www.ufsm.br\/app\/uploads\/sites\/548\/2025\/07\/Ata-n\u00b0-01-2025.pdf\">Ata n.\u00a0<span style=\"font-size: 10pt\">01-2025<\/span><\/a><\/p>\n<p><a href=\"https:\/\/www.ufsm.br\/app\/uploads\/sites\/548\/2025\/09\/Ata-02_2025-Comissao-de-Selecao_PPGEA.pdf\">Ata n. 02-2025 <\/a><\/p>\n<p><!-- \/wp:tadv\/classic-paragraph --><!-- wp:tadv\/classic-paragraph \/--><!-- wp:tadv\/classic-paragraph \/--><!-- wp:tadv\/classic-paragraph \/--><\/p>\t\t\t\t\t\t<\/div>\n\t\t\t\t<\/div>\n\t\t\t\t\t<\/div>\n\t\t<\/div>\n\t\t\t\t\t<\/div>\n\t\t<\/section>\n\t\t\t\t<\/div>\n\t\t","protected":false},"excerpt":{"rendered":"<p>Atas do Colegiado Ata n. 01\/2025 Ata n. 02\/2025 Ata n. 03\/2025 Ata n. 04\/2025 Ata n. 05\/2025 Ata n. 06\/2025 Ata n. 07\/2025 Ata n. 08\/2025 Ata n. 09\/2025 Ata n. 10\/2025 Ata n 11\/2025 Ata n 12\/2025 Atas de Comiss\u00e3o de Bolsas Ata n. 01\/2025 Ata n. 02\/2025 Ata n. 03\/2025 Ata n. [&hellip;]<\/p>\n","protected":false},"author":604,"featured_media":0,"parent":0,"menu_order":0,"comment_status":"closed","ping_status":"closed","template":"","meta":{"footnotes":""},"categories":[],"tags":[],"class_list":["post-1523","page","type-page","status-publish","hentry"],"acf":[],"_links":{"self":[{"href":"https:\/\/www.ufsm.br\/cursos\/pos-graduacao\/santa-maria\/ppgea\/wp-json\/wp\/v2\/pages\/1523","targetHints":{"allow":["GET"]}}],"collection":[{"href":"https:\/\/www.ufsm.br\/cursos\/pos-graduacao\/santa-maria\/ppgea\/wp-json\/wp\/v2\/pages"}],"about":[{"href":"https:\/\/www.ufsm.br\/cursos\/pos-graduacao\/santa-maria\/ppgea\/wp-json\/wp\/v2\/types\/page"}],"author":[{"embeddable":true,"href":"https:\/\/www.ufsm.br\/cursos\/pos-graduacao\/santa-maria\/ppgea\/wp-json\/wp\/v2\/users\/604"}],"replies":[{"embeddable":true,"href":"https:\/\/www.ufsm.br\/cursos\/pos-graduacao\/santa-maria\/ppgea\/wp-json\/wp\/v2\/comments?post=1523"}],"version-history":[{"count":0,"href":"https:\/\/www.ufsm.br\/cursos\/pos-graduacao\/santa-maria\/ppgea\/wp-json\/wp\/v2\/pages\/1523\/revisions"}],"wp:attachment":[{"href":"https:\/\/www.ufsm.br\/cursos\/pos-graduacao\/santa-maria\/ppgea\/wp-json\/wp\/v2\/media?parent=1523"}],"wp:term":[{"taxonomy":"category","embeddable":true,"href":"https:\/\/www.ufsm.br\/cursos\/pos-graduacao\/santa-maria\/ppgea\/wp-json\/wp\/v2\/categories?post=1523"},{"taxonomy":"post_tag","embeddable":true,"href":"https:\/\/www.ufsm.br\/cursos\/pos-graduacao\/santa-maria\/ppgea\/wp-json\/wp\/v2\/tags?post=1523"}],"curies":[{"name":"wp","href":"https:\/\/api.w.org\/{rel}","templated":true}]}}