{"id":167,"date":"2019-01-31T09:35:23","date_gmt":"2019-01-31T11:35:23","guid":{"rendered":"https:\/\/www.ufsm.br\/cursos\/pos-graduacao\/santa-maria\/ppgea\/?page_id=167"},"modified":"2024-05-14T10:42:15","modified_gmt":"2024-05-14T13:42:15","slug":"secretaria-de-apoio-administrativo","status":"publish","type":"page","link":"https:\/\/www.ufsm.br\/cursos\/pos-graduacao\/santa-maria\/ppgea\/secretaria-de-apoio-administrativo","title":{"rendered":"Secretaria Integrada"},"content":{"rendered":"\n<p>Secret\u00e1ria: Ja\u00edne Soares de Paula Vasconcellos<\/p>\n<p>O atendimento administrativo do\u00a0PPGEA\u00a0ocorre na Secretaria Integrada de P\u00f3s-Gradua\u00e7\u00e3o\u00a0do Centro de Ci\u00eancias Rurais (SIPG\/CCR), na sala 3135 do Pr\u00e9dio 42.<\/p>\n<p>Telefone: (055) 3220-8336<\/p>\n<p>As demandas acad\u00eamicas-administrativas dever\u00e3o ser enviadas para o e-mail\u00a0<strong><a href=\"mailto:sipg.ccr@ufsm.br\">sipg.ccr@ufsm.br<\/a><\/strong><\/p>\n<p>As demandas referentes a assuntos financeiros dever\u00e3o ser enviadas para\u00a0<strong><a href=\"mailto:financeiro.sipg.ccr@ufsm.br\">financeiro.sipg.ccr@ufsm.br<\/a><\/strong><\/p>\n<p>As demandas referentes a qualifica\u00e7\u00e3o, defesa e diploma\u00e7\u00e3o dever\u00e3o ser enviadas para o e-mail\u00a0<strong><a href=\"mailto:defesas.sipg.ccr@ufsm.br\">defesas.sipg.ccr@ufsm.br<\/a><\/strong><\/p>\n","protected":false},"excerpt":{"rendered":"<p>Secret\u00e1ria: Ja\u00edne Soares de Paula Vasconcellos O atendimento administrativo do\u00a0PPGEA\u00a0ocorre na Secretaria Integrada de P\u00f3s-Gradua\u00e7\u00e3o\u00a0do Centro de Ci\u00eancias Rurais (SIPG\/CCR), na sala 3135 do Pr\u00e9dio 42. Telefone: (055) 3220-8336 As demandas acad\u00eamicas-administrativas dever\u00e3o ser enviadas para o e-mail\u00a0sipg.ccr@ufsm.br As demandas referentes a assuntos financeiros dever\u00e3o ser enviadas para\u00a0financeiro.sipg.ccr@ufsm.br As demandas referentes a qualifica\u00e7\u00e3o, defesa e [&hellip;]<\/p>\n","protected":false},"author":194,"featured_media":0,"parent":0,"menu_order":0,"comment_status":"closed","ping_status":"closed","template":"","meta":{"footnotes":""},"categories":[],"tags":[],"class_list":["post-167","page","type-page","status-publish","hentry"],"acf":[],"_links":{"self":[{"href":"https:\/\/www.ufsm.br\/cursos\/pos-graduacao\/santa-maria\/ppgea\/wp-json\/wp\/v2\/pages\/167","targetHints":{"allow":["GET"]}}],"collection":[{"href":"https:\/\/www.ufsm.br\/cursos\/pos-graduacao\/santa-maria\/ppgea\/wp-json\/wp\/v2\/pages"}],"about":[{"href":"https:\/\/www.ufsm.br\/cursos\/pos-graduacao\/santa-maria\/ppgea\/wp-json\/wp\/v2\/types\/page"}],"author":[{"embeddable":true,"href":"https:\/\/www.ufsm.br\/cursos\/pos-graduacao\/santa-maria\/ppgea\/wp-json\/wp\/v2\/users\/194"}],"replies":[{"embeddable":true,"href":"https:\/\/www.ufsm.br\/cursos\/pos-graduacao\/santa-maria\/ppgea\/wp-json\/wp\/v2\/comments?post=167"}],"version-history":[{"count":0,"href":"https:\/\/www.ufsm.br\/cursos\/pos-graduacao\/santa-maria\/ppgea\/wp-json\/wp\/v2\/pages\/167\/revisions"}],"wp:attachment":[{"href":"https:\/\/www.ufsm.br\/cursos\/pos-graduacao\/santa-maria\/ppgea\/wp-json\/wp\/v2\/media?parent=167"}],"wp:term":[{"taxonomy":"category","embeddable":true,"href":"https:\/\/www.ufsm.br\/cursos\/pos-graduacao\/santa-maria\/ppgea\/wp-json\/wp\/v2\/categories?post=167"},{"taxonomy":"post_tag","embeddable":true,"href":"https:\/\/www.ufsm.br\/cursos\/pos-graduacao\/santa-maria\/ppgea\/wp-json\/wp\/v2\/tags?post=167"}],"curies":[{"name":"wp","href":"https:\/\/api.w.org\/{rel}","templated":true}]}}