{"id":169,"date":"2019-01-31T09:37:17","date_gmt":"2019-01-31T11:37:17","guid":{"rendered":"https:\/\/www.ufsm.br\/cursos\/pos-graduacao\/santa-maria\/ppgea\/?page_id=169"},"modified":"2025-12-02T14:33:58","modified_gmt":"2025-12-02T17:33:58","slug":"comissao-de-autoavaliacao","status":"publish","type":"page","link":"https:\/\/www.ufsm.br\/cursos\/pos-graduacao\/santa-maria\/ppgea\/comissao-de-autoavaliacao","title":{"rendered":"GRUPOS DE TRABALHO"},"content":{"rendered":"\t\t<div data-elementor-type=\"wp-page\" data-elementor-id=\"169\" class=\"elementor elementor-169\">\n\t\t\t\t\t\t<section class=\"elementor-section elementor-top-section elementor-element elementor-element-77ccc3d elementor-section-boxed elementor-section-height-default elementor-section-height-default\" data-id=\"77ccc3d\" data-element_type=\"section\">\n\t\t\t\t\t\t<div class=\"elementor-container elementor-column-gap-default\">\n\t\t\t\t\t<div class=\"elementor-column elementor-col-100 elementor-top-column elementor-element elementor-element-8ac5494\" data-id=\"8ac5494\" data-element_type=\"column\">\n\t\t\t<div class=\"elementor-widget-wrap elementor-element-populated\">\n\t\t\t\t\t\t<div class=\"elementor-element elementor-element-4ef7aa4 elementor-widget__width-initial elementor-widget elementor-widget-text-editor\" data-id=\"4ef7aa4\" data-element_type=\"widget\" data-widget_type=\"text-editor.default\">\n\t\t\t\t<div class=\"elementor-widget-container\">\n\t\t\t\t\t\t\t<h1><b>GT Atualiza\u00e7\u00e3o do PPC<\/b><strong>\u00a0<\/strong><\/h1>\n<p>\u00a0<\/p>\n<ul>\n<li>Atualizar o Projeto Pedag\u00f3gico do Curso: estrutura curricular, infraestrutura, corpo docente, etc.<\/li>\n<\/ul>\n<p><u>Respons\u00e1veis<\/u>: Prof. Paulo Carteri Coradi, Profa. Mirta Teresinha Petry, Prof. Marcus Vin\u00edcius Tres<\/p>\n<p>\u00a0<\/p>\n<h1><b>GT Planejamento Estrat\u00e9gico e Autoavalia\u00e7\u00e3o do Programa<\/b><\/h1>\n<p><strong>\u00a0<\/strong><\/p>\n<ul>\n<li>Elaborar o Planejamento Estrat\u00e9gico do Programa<\/li>\n<li>Fazer a autoavalia\u00e7\u00e3o do Programa<\/li>\n<\/ul>\n<p><u>Respons\u00e1veis<\/u>: Prof. Paulo Carteri Coradi, Profa. Catize Brandelero, Profa. M\u00e1rcia Xavier Peiter<\/p>\n<p>\u00a0<\/p>\n<h1><b>GT Acompanhamento Discente: Forma\u00e7\u00e3o (Teses e Disserta\u00e7\u00f5es) e Produ\u00e7\u00e3o Intelectual<\/b><\/h1>\n<div><b>\u00a0<\/b><\/div>\n<ul>\n<li>Acompanhar e cobrar o tempo de curso de Mestrado e Doutorado dos discentes<\/li>\n<li>Acompanhar e cobrar os prazos para exame de qualifica\u00e7\u00e3o e defesa de disserta\u00e7\u00e3o e tese<\/li>\n<li>Acompanhar e cobrar a entrega das disserta\u00e7\u00f5es e teses para emiss\u00e3o dos diplomas<\/li>\n<\/ul>\n<ul>\n<li>Quantificar as teses e disserta\u00e7\u00f5es do Programa, por \u00e1rea de concentra\u00e7\u00e3o, por docente<\/li>\n<li>Acompanhar, quantificar e qualificar a produ\u00e7\u00e3o intelectual do Programa, por \u00e1rea de concentra\u00e7\u00e3o e por docente<\/li>\n<\/ul>\n<ul>\n<li>Acompanhar a atua\u00e7\u00e3o dos egressos do Programa<\/li>\n<\/ul>\n<p><u>Respons\u00e1veis<\/u>: Prof. Paulo Carteri Coradi, Prof. Giovani Leone Zabot e Prof. Nereu Augusto Streck<\/p>\n<p>\u00a0<\/p>\n<h1><b>GT Avalia\u00e7\u00e3o de Impacto local, Regional e Internacional<\/b><\/h1>\n<p><strong>\u00a0<\/strong><\/p>\n<ul>\n<li>Avaliar a inser\u00e7\u00e3o do Programa a n\u00edvel local, regional e internacional<\/li>\n<li>Avaliar a inova\u00e7\u00e3o, transfer\u00eancia e compartimento do conhecimento<\/li>\n<li>Avaliar o impacto do Programa na sociedade<\/li>\n<\/ul>\n<p><u>Respons\u00e1veis<\/u>: Prof. Paulo Carteri Coradi e Prof. Alencar J\u00fanio Zanon<\/p>\n<p>\u00a0<\/p>\n<h1><b>GT Sucupira<\/b><\/h1>\n<div><b>\u00a0<\/b><\/div>\n<ul>\n<li>Organizar o relat\u00f3rio de coleta de dados<\/li>\n<li>Receber o relat\u00f3rio anual dos docentes<\/li>\n<li>Revisar os relat\u00f3rios preenchidos pelos docentes<\/li>\n<li>Solicitar e conferir a planilha de pontua\u00e7\u00e3o IPD docente\u00a0<\/li>\n<\/ul>\n<p><u>Respons\u00e1veis<\/u>: Prof. Paulo Carteri Coradi e Prof. Juliano Dalcin Martins<\/p>\n<p>\u00a0<\/p>\n<h1><b>GT Editais de Sele\u00e7\u00e3o<\/b><\/h1>\n<p><strong>\u00a0<\/strong><\/p>\n<ul>\n<li>Aplicar os editais de sele\u00e7\u00e3o de ingressos de mestrandos e doutorandos (Edital tradicional, PDSE, Edital Internacional, etc.).<\/li>\n<li>Aplicar os editais de credenciamento de docentes, de sele\u00e7\u00e3o de professor visitante, etc.<\/li>\n<\/ul>\n<p><u>Respons\u00e1veis<\/u>: Prof. Paulo Carteri Coradi, Prof. Adriano Arru\u00e9 Melo e Prof. Alexandre Swarowsky<\/p>\n<p>\u00a0<\/p>\n<h1><b>GT Espa\u00e7o f\u00edsico<\/b><\/h1>\n<p><strong>\u00a0<\/strong><\/p>\n<ul>\n<li>Organizar e manter em adequado funcionamento as salas de aulas, multim\u00eddias, etc.<\/li>\n<\/ul>\n<p><u>Respons\u00e1veis<\/u>: Prof. Paulo Carteri Coradi, Prof. Adroaldo Robaina e Profa. M\u00e1rcia Xavier Peiter<\/p>\n<p>\u00a0<\/p>\n<h1><b>GT de M\u00eddias<\/b><\/h1>\n<p><strong>\u00a0<\/strong><\/p>\n<ul>\n<li>Organizar e divulgar as a\u00e7\u00f5es do PPGEA nas m\u00eddias da UFSM, Instagram e Facebook: divulga\u00e7\u00e3o das datas de defesas, divulga\u00e7\u00e3o das defesas realizadas, divulga\u00e7\u00e3o dos projetos e experimentos em andamento, divulgar as participa\u00e7\u00f5es dos docentes e discentes em eventos t\u00e9cnicos-cient\u00edficos, palestras, etc.<\/li>\n<\/ul>\n<p><u>Respons\u00e1veis<\/u>: Prof. Paulo Carteri Coradi e Prof. Alexandre Russini<\/p>\t\t\t\t\t\t<\/div>\n\t\t\t\t<\/div>\n\t\t\t\t\t<\/div>\n\t\t<\/div>\n\t\t\t\t\t<\/div>\n\t\t<\/section>\n\t\t\t\t<\/div>\n\t\t","protected":false},"excerpt":{"rendered":"<p>GT Atualiza\u00e7\u00e3o do PPC\u00a0 \u00a0 Atualizar o Projeto Pedag\u00f3gico do Curso: estrutura curricular, infraestrutura, corpo docente, etc. Respons\u00e1veis: Prof. Paulo Carteri Coradi, Profa. Mirta Teresinha Petry, Prof. Marcus Vin\u00edcius Tres \u00a0 GT Planejamento Estrat\u00e9gico e Autoavalia\u00e7\u00e3o do Programa \u00a0 Elaborar o Planejamento Estrat\u00e9gico do Programa Fazer a autoavalia\u00e7\u00e3o do Programa Respons\u00e1veis: Prof. Paulo Carteri Coradi, [&hellip;]<\/p>\n","protected":false},"author":194,"featured_media":0,"parent":0,"menu_order":0,"comment_status":"closed","ping_status":"closed","template":"","meta":{"footnotes":""},"categories":[],"tags":[],"class_list":["post-169","page","type-page","status-publish","hentry"],"acf":[],"_links":{"self":[{"href":"https:\/\/www.ufsm.br\/cursos\/pos-graduacao\/santa-maria\/ppgea\/wp-json\/wp\/v2\/pages\/169","targetHints":{"allow":["GET"]}}],"collection":[{"href":"https:\/\/www.ufsm.br\/cursos\/pos-graduacao\/santa-maria\/ppgea\/wp-json\/wp\/v2\/pages"}],"about":[{"href":"https:\/\/www.ufsm.br\/cursos\/pos-graduacao\/santa-maria\/ppgea\/wp-json\/wp\/v2\/types\/page"}],"author":[{"embeddable":true,"href":"https:\/\/www.ufsm.br\/cursos\/pos-graduacao\/santa-maria\/ppgea\/wp-json\/wp\/v2\/users\/194"}],"replies":[{"embeddable":true,"href":"https:\/\/www.ufsm.br\/cursos\/pos-graduacao\/santa-maria\/ppgea\/wp-json\/wp\/v2\/comments?post=169"}],"version-history":[{"count":0,"href":"https:\/\/www.ufsm.br\/cursos\/pos-graduacao\/santa-maria\/ppgea\/wp-json\/wp\/v2\/pages\/169\/revisions"}],"wp:attachment":[{"href":"https:\/\/www.ufsm.br\/cursos\/pos-graduacao\/santa-maria\/ppgea\/wp-json\/wp\/v2\/media?parent=169"}],"wp:term":[{"taxonomy":"category","embeddable":true,"href":"https:\/\/www.ufsm.br\/cursos\/pos-graduacao\/santa-maria\/ppgea\/wp-json\/wp\/v2\/categories?post=169"},{"taxonomy":"post_tag","embeddable":true,"href":"https:\/\/www.ufsm.br\/cursos\/pos-graduacao\/santa-maria\/ppgea\/wp-json\/wp\/v2\/tags?post=169"}],"curies":[{"name":"wp","href":"https:\/\/api.w.org\/{rel}","templated":true}]}}