{"id":29,"date":"2018-01-18T09:10:07","date_gmt":"2018-01-18T11:10:07","guid":{"rendered":"https:\/\/www.ufsm.br\/cursos\/graduacao\/nutricao\/12352\/?page_id=29"},"modified":"2024-05-23T10:55:44","modified_gmt":"2024-05-23T13:55:44","slug":"contato","status":"publish","type":"page","link":"https:\/\/www.ufsm.br\/cursos\/pos-graduacao\/santa-maria\/ppgea\/contato","title":{"rendered":"Contato"},"content":{"rendered":"<p>Programa de P\u00f3s-Gradua\u00e7\u00e3o em Engenharia Agr\u00edcola<\/p>\n<p>Universidade Federal de Santa Maria &#8211; UFSM<\/p>\n<p>Centro de Ci\u00eancias Rurais, 3\u00b0 andar, sala 3325<\/p>\n<p>Cep 97105-900<\/p>\n<p>Santa Maria (RS) &#8211; Brasil<\/p>\n<p>Fone: (55) 3220-8158<\/p>\n<p><a href=\"mailto:ppgea@ufsm.br\">ppgea@ufsm.br<\/a><\/p>\n<p><b>ATEN\u00c7\u00c3O!<\/b><b><br \/>\n<\/b>O atendimento administrativo do\u00a0<b>PPGEA<\/b> agora \u00e9 feito pela Secretaria Integrada de P\u00f3s-Gradua\u00e7\u00e3o do Centro de Ci\u00eancias Rurais (SIPG\/CCR), na Sala 3135 do Pr\u00e9dio 42.<\/p>\n<p>Telefone: (055) 3220-8336<\/p>\n<p>As demandas acad\u00eamicas-administrativas dever\u00e3o ser enviadas para o e-mail\u00a0<strong><a class=\"notranslate\" href=\"mailto:sipg.ccr@ufsm.br\">sipg.ccr@ufsm.br<\/a><\/strong><br \/>\nAs demandas referentes a assuntos financeiros dever\u00e3o ser enviadas para\u00a0<strong><a class=\"notranslate\" href=\"mailto:financeiro.sipg.ccr@ufsm.br\">financeiro.sipg.ccr@ufsm.br<\/a><\/strong><\/p>\n<p>As demandas referentes a qualifica\u00e7\u00e3o, defesa e diploma\u00e7\u00e3o dever\u00e3o ser enviadas para o e-mail\u00a0<strong><a class=\"notranslate\" href=\"mailto:defesas.sipg.ccr@ufsm.br\">defesas.sipg.ccr@ufsm.br<\/a><\/strong><\/p>\n","protected":false},"excerpt":{"rendered":"<p>Programa de P\u00f3s-Gradua\u00e7\u00e3o em Engenharia Agr\u00edcola Universidade Federal de Santa Maria &#8211; UFSM Centro de Ci\u00eancias Rurais, 3\u00b0 andar, sala 3325 Cep 97105-900 Santa Maria (RS) &#8211; Brasil Fone: (55) 3220-8158 ppgea@ufsm.br ATEN\u00c7\u00c3O! O atendimento administrativo do\u00a0PPGEA agora \u00e9 feito pela Secretaria Integrada de P\u00f3s-Gradua\u00e7\u00e3o do Centro de Ci\u00eancias Rurais (SIPG\/CCR), na Sala 3135 do [&hellip;]<\/p>\n","protected":false},"author":8,"featured_media":0,"parent":0,"menu_order":0,"comment_status":"closed","ping_status":"closed","template":"","meta":{"footnotes":""},"categories":[],"tags":[],"class_list":["post-29","page","type-page","status-publish","hentry"],"acf":[],"_links":{"self":[{"href":"https:\/\/www.ufsm.br\/cursos\/pos-graduacao\/santa-maria\/ppgea\/wp-json\/wp\/v2\/pages\/29","targetHints":{"allow":["GET"]}}],"collection":[{"href":"https:\/\/www.ufsm.br\/cursos\/pos-graduacao\/santa-maria\/ppgea\/wp-json\/wp\/v2\/pages"}],"about":[{"href":"https:\/\/www.ufsm.br\/cursos\/pos-graduacao\/santa-maria\/ppgea\/wp-json\/wp\/v2\/types\/page"}],"author":[{"embeddable":true,"href":"https:\/\/www.ufsm.br\/cursos\/pos-graduacao\/santa-maria\/ppgea\/wp-json\/wp\/v2\/users\/8"}],"replies":[{"embeddable":true,"href":"https:\/\/www.ufsm.br\/cursos\/pos-graduacao\/santa-maria\/ppgea\/wp-json\/wp\/v2\/comments?post=29"}],"version-history":[{"count":0,"href":"https:\/\/www.ufsm.br\/cursos\/pos-graduacao\/santa-maria\/ppgea\/wp-json\/wp\/v2\/pages\/29\/revisions"}],"wp:attachment":[{"href":"https:\/\/www.ufsm.br\/cursos\/pos-graduacao\/santa-maria\/ppgea\/wp-json\/wp\/v2\/media?parent=29"}],"wp:term":[{"taxonomy":"category","embeddable":true,"href":"https:\/\/www.ufsm.br\/cursos\/pos-graduacao\/santa-maria\/ppgea\/wp-json\/wp\/v2\/categories?post=29"},{"taxonomy":"post_tag","embeddable":true,"href":"https:\/\/www.ufsm.br\/cursos\/pos-graduacao\/santa-maria\/ppgea\/wp-json\/wp\/v2\/tags?post=29"}],"curies":[{"name":"wp","href":"https:\/\/api.w.org\/{rel}","templated":true}]}}