{"id":538,"date":"2019-09-10T09:27:09","date_gmt":"2019-09-10T12:27:09","guid":{"rendered":"https:\/\/www.ufsm.br\/cursos\/pos-graduacao\/santa-maria\/ppgea\/?page_id=538"},"modified":"2019-11-14T15:19:54","modified_gmt":"2019-11-14T18:19:54","slug":"teses-2018","status":"publish","type":"page","link":"https:\/\/www.ufsm.br\/cursos\/pos-graduacao\/santa-maria\/ppgea\/teses-2018","title":{"rendered":"Teses 2018"},"content":{"rendered":"\t\t<div data-elementor-type=\"wp-page\" data-elementor-id=\"538\" class=\"elementor elementor-538\">\n\t\t\t\t\t\t<section class=\"elementor-section elementor-top-section elementor-element elementor-element-a7386fc elementor-section-boxed elementor-section-height-default elementor-section-height-default\" data-id=\"a7386fc\" data-element_type=\"section\">\n\t\t\t\t\t\t<div class=\"elementor-container elementor-column-gap-default\">\n\t\t\t\t\t<div class=\"elementor-column elementor-col-100 elementor-top-column elementor-element elementor-element-c08bed2\" data-id=\"c08bed2\" data-element_type=\"column\">\n\t\t\t<div class=\"elementor-widget-wrap elementor-element-populated\">\n\t\t\t\t\t\t<div class=\"elementor-element elementor-element-3398837 elementor-widget elementor-widget-text-editor\" data-id=\"3398837\" data-element_type=\"widget\" data-widget_type=\"text-editor.default\">\n\t\t\t\t<div class=\"elementor-widget-container\">\n\t\t\t\t\t\t\t<p><strong>T\u00edtulo<\/strong>: <a href=\"https:\/\/repositorio.ufsm.br\/bitstream\/handle\/1\/15289\/TES_PPGEA_2018_WERLANG_CANROBERT.pdf?sequence=1&amp;isAllowed=y\" target=\"_blank\" rel=\"noopener\">Agricultura de precis\u00e3o no Brasil: fatores condicionantes, perfil s\u00f3cioecon\u00f4mico e perspectivas<\/a><\/p><p><strong>Aluno<\/strong>: Canrobert Kumpfer Werlang<\/p><p><strong>Professor Orientador<\/strong>: Dr. Telmo Jorge Carneiro Amado<\/p>\t\t\t\t\t\t<\/div>\n\t\t\t\t<\/div>\n\t\t\t\t\t<\/div>\n\t\t<\/div>\n\t\t\t\t\t<\/div>\n\t\t<\/section>\n\t\t\t\t<section class=\"elementor-section elementor-top-section elementor-element elementor-element-85d523a elementor-section-boxed elementor-section-height-default elementor-section-height-default\" data-id=\"85d523a\" data-element_type=\"section\">\n\t\t\t\t\t\t<div class=\"elementor-container elementor-column-gap-default\">\n\t\t\t\t\t<div class=\"elementor-column elementor-col-100 elementor-top-column elementor-element elementor-element-e52e45b\" data-id=\"e52e45b\" data-element_type=\"column\">\n\t\t\t<div class=\"elementor-widget-wrap elementor-element-populated\">\n\t\t\t\t\t\t<div class=\"elementor-element elementor-element-522a657 elementor-widget elementor-widget-text-editor\" data-id=\"522a657\" data-element_type=\"widget\" data-widget_type=\"text-editor.default\">\n\t\t\t\t<div class=\"elementor-widget-container\">\n\t\t\t\t\t\t\t<p><strong>T\u00edtulo<\/strong>:\u00a0<a href=\"https:\/\/repositorio.ufsm.br\/bitstream\/handle\/1\/15740\/TES_PPGEA_2018_MAGANO_DEIVID.pdf?sequence=1&amp;isAllowed=y\" target=\"_blank\" rel=\"noopener\">Penetra\u00e7\u00e3o cuticular\/estomatal e sua influ\u00eancia na efic\u00e1cia de fertilizantes foliares e agrot\u00f3xicos<\/a><\/p><p><strong>Aluno<\/strong>: Deivid Araujo Magano<\/p><p><strong>Professor Orientador<\/strong>: Dr. Jerson V. Car\u00fas Guedes<\/p>\t\t\t\t\t\t<\/div>\n\t\t\t\t<\/div>\n\t\t\t\t\t<\/div>\n\t\t<\/div>\n\t\t\t\t\t<\/div>\n\t\t<\/section>\n\t\t\t\t<section class=\"elementor-section elementor-top-section elementor-element elementor-element-18fec38 elementor-section-boxed elementor-section-height-default elementor-section-height-default\" data-id=\"18fec38\" data-element_type=\"section\">\n\t\t\t\t\t\t<div class=\"elementor-container elementor-column-gap-default\">\n\t\t\t\t\t<div class=\"elementor-column elementor-col-100 elementor-top-column elementor-element elementor-element-f86fb92\" data-id=\"f86fb92\" data-element_type=\"column\">\n\t\t\t<div class=\"elementor-widget-wrap elementor-element-populated\">\n\t\t\t\t\t\t<div class=\"elementor-element elementor-element-0920fc5 elementor-widget elementor-widget-text-editor\" data-id=\"0920fc5\" data-element_type=\"widget\" data-widget_type=\"text-editor.default\">\n\t\t\t\t<div class=\"elementor-widget-container\">\n\t\t\t\t\t\t\t<p><strong>T\u00edtulo<\/strong>: <a href=\"https:\/\/repositorio.ufsm.br\/bitstream\/handle\/1\/15317\/TES_PPGEA_2018_MARTINS_FABIO.pdf?sequence=1&amp;isAllowed=y\" target=\"_blank\" rel=\"noopener\">Reformula\u00e7\u00e3o do c\u00e1lculo do n\u00edvel de dano econ\u00f4mico de insetos-praga da cultura da soja<\/a><\/p><p><strong>Aluno<\/strong>: Fabio Lucas Izaguirre Martins<\/p><p><strong>Professor Orientador<\/strong>: Dr. Jerson V. Car\u00fas Guedes<\/p>\t\t\t\t\t\t<\/div>\n\t\t\t\t<\/div>\n\t\t\t\t\t<\/div>\n\t\t<\/div>\n\t\t\t\t\t<\/div>\n\t\t<\/section>\n\t\t\t\t<section class=\"elementor-section elementor-top-section elementor-element elementor-element-970dbe3 elementor-section-boxed elementor-section-height-default elementor-section-height-default\" data-id=\"970dbe3\" data-element_type=\"section\">\n\t\t\t\t\t\t<div class=\"elementor-container elementor-column-gap-default\">\n\t\t\t\t\t<div class=\"elementor-column elementor-col-100 elementor-top-column elementor-element elementor-element-18b3c88\" data-id=\"18b3c88\" data-element_type=\"column\">\n\t\t\t<div class=\"elementor-widget-wrap elementor-element-populated\">\n\t\t\t\t\t\t<div class=\"elementor-element elementor-element-af5f240 elementor-widget elementor-widget-text-editor\" data-id=\"af5f240\" data-element_type=\"widget\" data-widget_type=\"text-editor.default\">\n\t\t\t\t<div class=\"elementor-widget-container\">\n\t\t\t\t\t\t\t<p><strong>T\u00edtulo<\/strong>: <a href=\"https:\/\/repositorio.ufsm.br\/bitstream\/handle\/1\/15635\/TES_PPGEA_2018_MACHADO_FILIPE.pdf?sequence=1&amp;isAllowed=y\" target=\"_blank\" rel=\"noopener\">Modelo de refer\u00eancia do processo de monetiza\u00e7\u00e3o de valor aplicado ao setor de m\u00e1quinas agr\u00edcolas<\/a><\/p><p><strong>Aluno<\/strong>: Filipe Molinar Machado<\/p><p><strong>Professor Orientador<\/strong>: Dr. Leonardo Nabaes Romano<\/p>\t\t\t\t\t\t<\/div>\n\t\t\t\t<\/div>\n\t\t\t\t\t<\/div>\n\t\t<\/div>\n\t\t\t\t\t<\/div>\n\t\t<\/section>\n\t\t\t\t<section class=\"elementor-section elementor-top-section elementor-element elementor-element-b48ce92 elementor-section-boxed elementor-section-height-default elementor-section-height-default\" data-id=\"b48ce92\" data-element_type=\"section\">\n\t\t\t\t\t\t<div class=\"elementor-container elementor-column-gap-default\">\n\t\t\t\t\t<div class=\"elementor-column elementor-col-100 elementor-top-column elementor-element elementor-element-66c277e\" data-id=\"66c277e\" data-element_type=\"column\">\n\t\t\t<div class=\"elementor-widget-wrap elementor-element-populated\">\n\t\t\t\t\t\t<div class=\"elementor-element elementor-element-4bf747f elementor-widget elementor-widget-text-editor\" data-id=\"4bf747f\" data-element_type=\"widget\" data-widget_type=\"text-editor.default\">\n\t\t\t\t<div class=\"elementor-widget-container\">\n\t\t\t\t\t\t\t<p><strong>T\u00edtulo<\/strong>:\u00a0<a href=\"https:\/\/repositorio.ufsm.br\/bitstream\/handle\/1\/15162\/TES_PPGEA_2018_CORASSA_GEOMAR.pdf?sequence=1&amp;isAllowed=y\" target=\"_blank\" rel=\"noopener\">Desligamento autom\u00e1tico de se\u00e7\u00e3o em semeadoras e taxa variada de sementes: novas abordagens para a semeadura precisa<\/a><\/p><p><strong>Aluno<\/strong>: Geomar Mateus Corassa<\/p><p><strong>Professor Orientador<\/strong>: Telmo Jorne Carneiro Amado<\/p>\t\t\t\t\t\t<\/div>\n\t\t\t\t<\/div>\n\t\t\t\t\t<\/div>\n\t\t<\/div>\n\t\t\t\t\t<\/div>\n\t\t<\/section>\n\t\t\t\t<section class=\"elementor-section elementor-top-section elementor-element elementor-element-ceb5e4f elementor-section-boxed elementor-section-height-default elementor-section-height-default\" data-id=\"ceb5e4f\" data-element_type=\"section\">\n\t\t\t\t\t\t<div class=\"elementor-container elementor-column-gap-default\">\n\t\t\t\t\t<div class=\"elementor-column elementor-col-100 elementor-top-column elementor-element elementor-element-96a2c1a\" data-id=\"96a2c1a\" data-element_type=\"column\">\n\t\t\t<div class=\"elementor-widget-wrap elementor-element-populated\">\n\t\t\t\t\t\t<div class=\"elementor-element elementor-element-3c211d4 elementor-widget elementor-widget-text-editor\" data-id=\"3c211d4\" data-element_type=\"widget\" data-widget_type=\"text-editor.default\">\n\t\t\t\t<div class=\"elementor-widget-container\">\n\t\t\t\t\t\t\t<p><strong>T\u00edtulo<\/strong>: <a href=\"https:\/\/repositorio.ufsm.br\/bitstream\/handle\/1\/14206\/TES_PPGEA_2018_BERTOLLO_GILVAN.pdf?sequence=1&amp;isAllowed=y\" target=\"_blank\" rel=\"noopener\">Desempenho e emiss\u00f5es de trator em semeadura com diferentes configura\u00e7\u00f5es de sulcadores em \u00e1rea com tr\u00e1fego controlado de m\u00e1quinas<\/a><\/p><p><strong>Aluno<\/strong>: Gilvan Moises Bertollo<\/p><p><strong>Professor Orientador<\/strong>: Dr. Jos\u00e9 Fernando Schlosser<\/p>\t\t\t\t\t\t<\/div>\n\t\t\t\t<\/div>\n\t\t\t\t\t<\/div>\n\t\t<\/div>\n\t\t\t\t\t<\/div>\n\t\t<\/section>\n\t\t\t\t<section class=\"elementor-section elementor-top-section elementor-element elementor-element-5cc3ae9 elementor-section-boxed elementor-section-height-default elementor-section-height-default\" data-id=\"5cc3ae9\" data-element_type=\"section\">\n\t\t\t\t\t\t<div class=\"elementor-container elementor-column-gap-default\">\n\t\t\t\t\t<div class=\"elementor-column elementor-col-100 elementor-top-column elementor-element elementor-element-b088622\" data-id=\"b088622\" data-element_type=\"column\">\n\t\t\t<div class=\"elementor-widget-wrap elementor-element-populated\">\n\t\t\t\t\t\t<div class=\"elementor-element elementor-element-0068734 elementor-widget elementor-widget-text-editor\" data-id=\"0068734\" data-element_type=\"widget\" data-widget_type=\"text-editor.default\">\n\t\t\t\t<div class=\"elementor-widget-container\">\n\t\t\t\t\t\t\t<p><strong>T\u00edtulo<\/strong>:\u00a0<a href=\"https:\/\/repositorio.ufsm.br\/bitstream\/handle\/1\/15254\/TES_PPGEA_2018_LANGNER_JOSANA.pdf?sequence=1&amp;isAllowed=y\" target=\"_blank\" rel=\"noopener\">Milho crioulo e melhorado: toler\u00e2ncia a defici\u00eancia h\u00eddrica na perspectiva da seguran\u00e7a e soberania alimentar<\/a><\/p><p><strong>Aluna<\/strong>: Josana Andreia Langner<\/p><p><strong>Professor Orientador<\/strong>: Dr. Nereu Augusto Streck<\/p>\t\t\t\t\t\t<\/div>\n\t\t\t\t<\/div>\n\t\t\t\t\t<\/div>\n\t\t<\/div>\n\t\t\t\t\t<\/div>\n\t\t<\/section>\n\t\t\t\t<section class=\"elementor-section elementor-top-section elementor-element elementor-element-e1b7508 elementor-section-boxed elementor-section-height-default elementor-section-height-default\" data-id=\"e1b7508\" data-element_type=\"section\">\n\t\t\t\t\t\t<div class=\"elementor-container elementor-column-gap-default\">\n\t\t\t\t\t<div class=\"elementor-column elementor-col-100 elementor-top-column elementor-element elementor-element-faa4158\" data-id=\"faa4158\" data-element_type=\"column\">\n\t\t\t<div class=\"elementor-widget-wrap elementor-element-populated\">\n\t\t\t\t\t\t<div class=\"elementor-element elementor-element-dc6e72a elementor-widget elementor-widget-text-editor\" data-id=\"dc6e72a\" data-element_type=\"widget\" data-widget_type=\"text-editor.default\">\n\t\t\t\t<div class=\"elementor-widget-container\">\n\t\t\t\t\t\t\t<p><strong>T\u00edtulo<\/strong>: Desenvolvimento de equipamento de medi\u00e7\u00e3o de press\u00e3o, radia\u00e7\u00e3o ultravioleta, temperatura e umidade relativa em cabines de m\u00e1quinas agr\u00edcolas<\/p><p><strong>Aluno<\/strong>: Jose Carlos Lorentz Aita<\/p><p><strong>Professor Orientador<\/strong>: Dr. Leonardo Nabaes Romano<\/p>\t\t\t\t\t\t<\/div>\n\t\t\t\t<\/div>\n\t\t\t\t\t<\/div>\n\t\t<\/div>\n\t\t\t\t\t<\/div>\n\t\t<\/section>\n\t\t\t\t<section class=\"elementor-section elementor-top-section elementor-element elementor-element-cd0f330 elementor-section-boxed elementor-section-height-default elementor-section-height-default\" data-id=\"cd0f330\" data-element_type=\"section\">\n\t\t\t\t\t\t<div class=\"elementor-container elementor-column-gap-default\">\n\t\t\t\t\t<div class=\"elementor-column elementor-col-100 elementor-top-column elementor-element elementor-element-9f55eb3\" data-id=\"9f55eb3\" data-element_type=\"column\">\n\t\t\t<div class=\"elementor-widget-wrap elementor-element-populated\">\n\t\t\t\t\t\t<div class=\"elementor-element elementor-element-4f552cb elementor-widget elementor-widget-text-editor\" data-id=\"4f552cb\" data-element_type=\"widget\" data-widget_type=\"text-editor.default\">\n\t\t\t\t<div class=\"elementor-widget-container\">\n\t\t\t\t\t\t\t<p><strong>T\u00edtulo<\/strong>: <a href=\"https:\/\/repositorio.ufsm.br\/bitstream\/handle\/1\/15166\/TES_PPGEA_2018_BEN_LUIS.pdf?sequence=1&amp;isAllowed=y\" target=\"_blank\" rel=\"noopener\">An\u00e1lise da viabilidade t\u00e9cnica e econ\u00f4mica da irriga\u00e7\u00e3o em h\u00edbridos de milho<\/a><\/p><p><strong>Aluno<\/strong>: Luis Humberto Bahu Bem<\/p><p><strong>Professora Orientadora<\/strong>: Dr.\u00aa Marcia Xavier Peiter<\/p>\t\t\t\t\t\t<\/div>\n\t\t\t\t<\/div>\n\t\t\t\t\t<\/div>\n\t\t<\/div>\n\t\t\t\t\t<\/div>\n\t\t<\/section>\n\t\t\t\t<section class=\"elementor-section elementor-top-section elementor-element elementor-element-4f0583a elementor-section-boxed elementor-section-height-default elementor-section-height-default\" data-id=\"4f0583a\" data-element_type=\"section\">\n\t\t\t\t\t\t<div class=\"elementor-container elementor-column-gap-default\">\n\t\t\t\t\t<div class=\"elementor-column elementor-col-100 elementor-top-column elementor-element elementor-element-2825029\" data-id=\"2825029\" data-element_type=\"column\">\n\t\t\t<div class=\"elementor-widget-wrap elementor-element-populated\">\n\t\t\t\t\t\t<div class=\"elementor-element elementor-element-ea89796 elementor-widget elementor-widget-text-editor\" data-id=\"ea89796\" data-element_type=\"widget\" data-widget_type=\"text-editor.default\">\n\t\t\t\t<div class=\"elementor-widget-container\">\n\t\t\t\t\t\t\t<p><strong>T\u00edtulo<\/strong>: <a href=\"https:\/\/repositorio.ufsm.br\/bitstream\/handle\/1\/14203\/TES_PPGEA_2018_TORRES_ROGERIO.pdf?sequence=1&amp;isAllowed=y\" target=\"_blank\" rel=\"noopener\">Resposta da irriga\u00e7\u00e3o na produ\u00e7\u00e3o de forragem de milheto<\/a><\/p><p><strong>Aluno<\/strong>: Rogerio Ricalde Torres<\/p><p><strong>Professor Orientador<\/strong>: Dr. Adroaldo Dias Robaina<\/p>\t\t\t\t\t\t<\/div>\n\t\t\t\t<\/div>\n\t\t\t\t\t<\/div>\n\t\t<\/div>\n\t\t\t\t\t<\/div>\n\t\t<\/section>\n\t\t\t\t<section class=\"elementor-section elementor-top-section elementor-element elementor-element-981e275 elementor-section-boxed elementor-section-height-default elementor-section-height-default\" data-id=\"981e275\" data-element_type=\"section\">\n\t\t\t\t\t\t<div class=\"elementor-container elementor-column-gap-default\">\n\t\t\t\t\t<div class=\"elementor-column elementor-col-100 elementor-top-column elementor-element elementor-element-8e6e457\" data-id=\"8e6e457\" data-element_type=\"column\">\n\t\t\t<div class=\"elementor-widget-wrap elementor-element-populated\">\n\t\t\t\t\t\t<div class=\"elementor-element elementor-element-3199134 elementor-widget elementor-widget-text-editor\" data-id=\"3199134\" data-element_type=\"widget\" data-widget_type=\"text-editor.default\">\n\t\t\t\t<div class=\"elementor-widget-container\">\n\t\t\t\t\t\t\t<p><strong>T\u00edtulo<\/strong>: <a href=\"https:\/\/repositorio.ufsm.br\/bitstream\/handle\/1\/15640\/TES_PPGEA_2018_SILVA_STEFANIA.pdf?sequence=1&amp;isAllowed=y\" target=\"_blank\" rel=\"noopener\">Simula\u00e7\u00e3o do crescimento, desenvolvimento e produtividade de milho em clima presente e futuro<\/a><\/p><p><strong>Aluna<\/strong>: Stefania Dalmolin da Silva<\/p><p><strong>Professor Orientador<\/strong>: Dr. Nereu Augusto Streck<\/p>\t\t\t\t\t\t<\/div>\n\t\t\t\t<\/div>\n\t\t\t\t\t<\/div>\n\t\t<\/div>\n\t\t\t\t\t<\/div>\n\t\t<\/section>\n\t\t\t\t<\/div>\n\t\t","protected":false},"excerpt":{"rendered":"<p>T\u00edtulo: Agricultura de precis\u00e3o no Brasil: fatores condicionantes, perfil s\u00f3cioecon\u00f4mico e perspectivas Aluno: Canrobert Kumpfer Werlang Professor Orientador: Dr. Telmo Jorge Carneiro Amado T\u00edtulo:\u00a0Penetra\u00e7\u00e3o cuticular\/estomatal e sua influ\u00eancia na efic\u00e1cia de fertilizantes foliares e agrot\u00f3xicos Aluno: Deivid Araujo Magano Professor Orientador: Dr. Jerson V. Car\u00fas Guedes T\u00edtulo: Reformula\u00e7\u00e3o do c\u00e1lculo do n\u00edvel de dano econ\u00f4mico [&hellip;]<\/p>\n","protected":false},"author":871,"featured_media":0,"parent":0,"menu_order":0,"comment_status":"closed","ping_status":"closed","template":"","meta":{"footnotes":""},"categories":[],"tags":[],"class_list":["post-538","page","type-page","status-publish","hentry"],"acf":[],"_links":{"self":[{"href":"https:\/\/www.ufsm.br\/cursos\/pos-graduacao\/santa-maria\/ppgea\/wp-json\/wp\/v2\/pages\/538","targetHints":{"allow":["GET"]}}],"collection":[{"href":"https:\/\/www.ufsm.br\/cursos\/pos-graduacao\/santa-maria\/ppgea\/wp-json\/wp\/v2\/pages"}],"about":[{"href":"https:\/\/www.ufsm.br\/cursos\/pos-graduacao\/santa-maria\/ppgea\/wp-json\/wp\/v2\/types\/page"}],"author":[{"embeddable":true,"href":"https:\/\/www.ufsm.br\/cursos\/pos-graduacao\/santa-maria\/ppgea\/wp-json\/wp\/v2\/users\/871"}],"replies":[{"embeddable":true,"href":"https:\/\/www.ufsm.br\/cursos\/pos-graduacao\/santa-maria\/ppgea\/wp-json\/wp\/v2\/comments?post=538"}],"version-history":[{"count":0,"href":"https:\/\/www.ufsm.br\/cursos\/pos-graduacao\/santa-maria\/ppgea\/wp-json\/wp\/v2\/pages\/538\/revisions"}],"wp:attachment":[{"href":"https:\/\/www.ufsm.br\/cursos\/pos-graduacao\/santa-maria\/ppgea\/wp-json\/wp\/v2\/media?parent=538"}],"wp:term":[{"taxonomy":"category","embeddable":true,"href":"https:\/\/www.ufsm.br\/cursos\/pos-graduacao\/santa-maria\/ppgea\/wp-json\/wp\/v2\/categories?post=538"},{"taxonomy":"post_tag","embeddable":true,"href":"https:\/\/www.ufsm.br\/cursos\/pos-graduacao\/santa-maria\/ppgea\/wp-json\/wp\/v2\/tags?post=538"}],"curies":[{"name":"wp","href":"https:\/\/api.w.org\/{rel}","templated":true}]}}