{"id":540,"date":"2019-09-10T09:37:42","date_gmt":"2019-09-10T12:37:42","guid":{"rendered":"https:\/\/www.ufsm.br\/cursos\/pos-graduacao\/santa-maria\/ppgea\/?page_id=540"},"modified":"2021-09-28T11:26:30","modified_gmt":"2021-09-28T14:26:30","slug":"teses-2019","status":"publish","type":"page","link":"https:\/\/www.ufsm.br\/cursos\/pos-graduacao\/santa-maria\/ppgea\/teses-2019","title":{"rendered":"Teses 2019"},"content":{"rendered":"\t\t<div data-elementor-type=\"wp-post\" data-elementor-id=\"540\" class=\"elementor elementor-540\">\n\t\t\t\t\t\t<section class=\"elementor-section elementor-top-section elementor-element elementor-element-34f72415 elementor-section-boxed elementor-section-height-default elementor-section-height-default\" data-id=\"34f72415\" data-element_type=\"section\">\n\t\t\t\t\t\t<div class=\"elementor-container elementor-column-gap-default\">\n\t\t\t\t\t<div class=\"elementor-column elementor-col-100 elementor-top-column elementor-element elementor-element-18c3e1c7\" data-id=\"18c3e1c7\" data-element_type=\"column\">\n\t\t\t<div class=\"elementor-widget-wrap elementor-element-populated\">\n\t\t\t\t\t\t<div class=\"elementor-element elementor-element-4cbf17e1 elementor-widget elementor-widget-text-editor\" data-id=\"4cbf17e1\" data-element_type=\"widget\" data-widget_type=\"text-editor.default\">\n\t\t\t\t<div class=\"elementor-widget-container\">\n\t\t\t\t\t\t\t<!-- wp:tadv\/classic-paragraph \/-->\t\t\t\t\t\t<\/div>\n\t\t\t\t<\/div>\n\t\t\t\t\t<\/div>\n\t\t<\/div>\n\t\t\t\t\t<\/div>\n\t\t<\/section>\n\t\t\t\t<section class=\"elementor-section elementor-top-section elementor-element elementor-element-bf06741 elementor-section-boxed elementor-section-height-default elementor-section-height-default\" data-id=\"bf06741\" data-element_type=\"section\">\n\t\t\t\t\t\t<div class=\"elementor-container elementor-column-gap-default\">\n\t\t\t\t\t<div class=\"elementor-column elementor-col-100 elementor-top-column elementor-element elementor-element-f6f84ef\" data-id=\"f6f84ef\" data-element_type=\"column\">\n\t\t\t<div class=\"elementor-widget-wrap elementor-element-populated\">\n\t\t\t\t\t\t<div class=\"elementor-element elementor-element-7f27446 elementor-widget elementor-widget-text-editor\" data-id=\"7f27446\" data-element_type=\"widget\" data-widget_type=\"text-editor.default\">\n\t\t\t\t<div class=\"elementor-widget-container\">\n\t\t\t\t\t\t\t<p><strong>T\u00edtulo<\/strong>: Aplica\u00e7\u00f5es pr\u00e1ticas do modelo Phenoglad e o efeito da defici\u00eancia h\u00eddrica na cultura do glad\u00edolo<\/p>\n<p><strong>Aluna<\/strong>: Camila Coelho Becker<\/p>\n<p><strong>Professor Orientador<\/strong>: Nereu Augusto Streck<\/p>\t\t\t\t\t\t<\/div>\n\t\t\t\t<\/div>\n\t\t\t\t\t<\/div>\n\t\t<\/div>\n\t\t\t\t\t<\/div>\n\t\t<\/section>\n\t\t\t\t<section class=\"elementor-section elementor-top-section elementor-element elementor-element-7b61ffd elementor-section-boxed elementor-section-height-default elementor-section-height-default\" data-id=\"7b61ffd\" data-element_type=\"section\">\n\t\t\t\t\t\t<div class=\"elementor-container elementor-column-gap-default\">\n\t\t\t\t\t<div class=\"elementor-column elementor-col-100 elementor-top-column elementor-element elementor-element-df93a98\" data-id=\"df93a98\" data-element_type=\"column\">\n\t\t\t<div class=\"elementor-widget-wrap elementor-element-populated\">\n\t\t\t\t\t\t<div class=\"elementor-element elementor-element-6deb349 elementor-widget elementor-widget-text-editor\" data-id=\"6deb349\" data-element_type=\"widget\" data-widget_type=\"text-editor.default\">\n\t\t\t\t<div class=\"elementor-widget-container\">\n\t\t\t\t\t\t\t<p><strong>T\u00edtulo<\/strong>: <a href=\"https:\/\/repositorio.ufsm.br\/bitstream\/handle\/1\/17912\/TES_PPGEA_2019_CARPES_DAUTO.pdf?sequence=1&amp;isAllowed=y\" target=\"_blank\" rel=\"noopener\">Desenvolvimento e avalia\u00e7\u00e3o de um mecanismo adapt\u00e1vel em dosador pneum\u00e1tico para individualiza\u00e7\u00e3o de sementes de arroz<\/a><\/p>\n<p><strong>Aluno<\/strong>: Dauto Pivetta Carpes<\/p>\n<p><strong>Professor Orientador<\/strong>: Dr. Airton dos Santos Alon\u00e7o<\/p>\t\t\t\t\t\t<\/div>\n\t\t\t\t<\/div>\n\t\t\t\t\t<\/div>\n\t\t<\/div>\n\t\t\t\t\t<\/div>\n\t\t<\/section>\n\t\t\t\t<section class=\"elementor-section elementor-top-section elementor-element elementor-element-cf88ac0 elementor-section-boxed elementor-section-height-default elementor-section-height-default\" data-id=\"cf88ac0\" data-element_type=\"section\">\n\t\t\t\t\t\t<div class=\"elementor-container elementor-column-gap-default\">\n\t\t\t\t\t<div class=\"elementor-column elementor-col-100 elementor-top-column elementor-element elementor-element-7227489\" data-id=\"7227489\" data-element_type=\"column\">\n\t\t\t<div class=\"elementor-widget-wrap elementor-element-populated\">\n\t\t\t\t\t\t<div class=\"elementor-element elementor-element-a5ad886 elementor-widget elementor-widget-text-editor\" data-id=\"a5ad886\" data-element_type=\"widget\" data-widget_type=\"text-editor.default\">\n\t\t\t\t<div class=\"elementor-widget-container\">\n\t\t\t\t\t\t\t<p><strong>T\u00edtulo:<\/strong> <a href=\"https:\/\/repositorio.ufsm.br\/bitstream\/handle\/1\/19157\/TES_PPGEA_2019_HAUSCHILD_FABIO.pdf?sequence=1&amp;isAllowed=y\" target=\"_blank\" rel=\"noopener\">Sistemas de manejo de solo em \u00e1reas irrigadas por piv\u00f4 central<\/a><\/p>\n<p><strong>Aluno:<\/strong> F\u00e1bio Evandro Grub Hauschild<\/p>\n<p><strong>Professor Orientador:<\/strong> Dr. Telmo Jorge Carneiro Amado<\/p>\t\t\t\t\t\t<\/div>\n\t\t\t\t<\/div>\n\t\t\t\t\t<\/div>\n\t\t<\/div>\n\t\t\t\t\t<\/div>\n\t\t<\/section>\n\t\t\t\t<section class=\"elementor-section elementor-top-section elementor-element elementor-element-b50fef2 elementor-section-boxed elementor-section-height-default elementor-section-height-default\" data-id=\"b50fef2\" data-element_type=\"section\">\n\t\t\t\t\t\t<div class=\"elementor-container elementor-column-gap-default\">\n\t\t\t\t\t<div class=\"elementor-column elementor-col-100 elementor-top-column elementor-element elementor-element-9020fde\" data-id=\"9020fde\" data-element_type=\"column\">\n\t\t\t<div class=\"elementor-widget-wrap elementor-element-populated\">\n\t\t\t\t\t\t<div class=\"elementor-element elementor-element-26b4aa0 elementor-widget elementor-widget-text-editor\" data-id=\"26b4aa0\" data-element_type=\"widget\" data-widget_type=\"text-editor.default\">\n\t\t\t\t<div class=\"elementor-widget-container\">\n\t\t\t\t\t\t\t<p><strong>T\u00edtulo<\/strong>: Desenvolvimento de um sistema t\u00e9cnico para aplica\u00e7\u00e3o automatizada de produtos l\u00edquidos em cultivos agr\u00edcolas<\/p>\n<p><strong>Aluno<\/strong>: Fernando Mariano Bayer<\/p>\n<p><strong>Professor Orientador<\/strong>: Dr. Ricardo Silveiro Balardin<\/p>\t\t\t\t\t\t<\/div>\n\t\t\t\t<\/div>\n\t\t\t\t\t<\/div>\n\t\t<\/div>\n\t\t\t\t\t<\/div>\n\t\t<\/section>\n\t\t\t\t<section class=\"elementor-section elementor-top-section elementor-element elementor-element-5825692 elementor-section-boxed elementor-section-height-default elementor-section-height-default\" data-id=\"5825692\" data-element_type=\"section\">\n\t\t\t\t\t\t<div class=\"elementor-container elementor-column-gap-default\">\n\t\t\t\t\t<div class=\"elementor-column elementor-col-100 elementor-top-column elementor-element elementor-element-caa78c4\" data-id=\"caa78c4\" data-element_type=\"column\">\n\t\t\t<div class=\"elementor-widget-wrap elementor-element-populated\">\n\t\t\t\t\t\t<div class=\"elementor-element elementor-element-ad60227 elementor-widget elementor-widget-text-editor\" data-id=\"ad60227\" data-element_type=\"widget\" data-widget_type=\"text-editor.default\">\n\t\t\t\t<div class=\"elementor-widget-container\">\n\t\t\t\t\t\t\t<p><strong>T\u00edtulo<\/strong>: Potencial e lacunas de produtividade em arroz irrigado no Rio Grande do Sul<\/p>\n<p><strong>Aluna<\/strong>: Giovana Ghisleni Ribas<\/p>\n<p><strong>Professor Orientador<\/strong>: Dr. Nereu Augusto Streck<\/p>\t\t\t\t\t\t<\/div>\n\t\t\t\t<\/div>\n\t\t\t\t\t<\/div>\n\t\t<\/div>\n\t\t\t\t\t<\/div>\n\t\t<\/section>\n\t\t\t\t<section class=\"elementor-section elementor-top-section elementor-element elementor-element-73f4ae8 elementor-section-boxed elementor-section-height-default elementor-section-height-default\" data-id=\"73f4ae8\" data-element_type=\"section\">\n\t\t\t\t\t\t<div class=\"elementor-container elementor-column-gap-default\">\n\t\t\t\t\t<div class=\"elementor-column elementor-col-100 elementor-top-column elementor-element elementor-element-bea7cf3\" data-id=\"bea7cf3\" data-element_type=\"column\">\n\t\t\t<div class=\"elementor-widget-wrap elementor-element-populated\">\n\t\t\t\t\t\t<div class=\"elementor-element elementor-element-0396be4 elementor-widget elementor-widget-text-editor\" data-id=\"0396be4\" data-element_type=\"widget\" data-widget_type=\"text-editor.default\">\n\t\t\t\t<div class=\"elementor-widget-container\">\n\t\t\t\t\t\t\t<p><strong>T\u00edtulo<\/strong>: <a href=\"https:\/\/repositorio.ufsm.br\/bitstream\/handle\/1\/16397\/TES_PPGEA_2019_KIRCHNER_JARDEL.pdf?sequence=1&amp;isAllowed=y\" target=\"_blank\" rel=\"noopener\">Aspectos produtivos e viabilidade econ\u00f4mico-financeira da irriga\u00e7\u00e3o em sorgo forrageiro<\/a><\/p>\n<p><strong>Aluno<\/strong>:\u00a0Jardel Henrique Kirchner<\/p>\n<p><strong>Professor Orientador<\/strong>: Dr. Adroaldo Dias Robaina<\/p>\t\t\t\t\t\t<\/div>\n\t\t\t\t<\/div>\n\t\t\t\t\t<\/div>\n\t\t<\/div>\n\t\t\t\t\t<\/div>\n\t\t<\/section>\n\t\t\t\t<section class=\"elementor-section elementor-top-section elementor-element elementor-element-058821f elementor-section-boxed elementor-section-height-default elementor-section-height-default\" data-id=\"058821f\" data-element_type=\"section\">\n\t\t\t\t\t\t<div class=\"elementor-container elementor-column-gap-default\">\n\t\t\t\t\t<div class=\"elementor-column elementor-col-100 elementor-top-column elementor-element elementor-element-6bbc91f\" data-id=\"6bbc91f\" data-element_type=\"column\">\n\t\t\t<div class=\"elementor-widget-wrap elementor-element-populated\">\n\t\t\t\t\t\t<div class=\"elementor-element elementor-element-b6cf89b elementor-widget elementor-widget-text-editor\" data-id=\"b6cf89b\" data-element_type=\"widget\" data-widget_type=\"text-editor.default\">\n\t\t\t\t<div class=\"elementor-widget-container\">\n\t\t\t\t\t\t\t<p><strong>T\u00edtulo<\/strong>: Desenvolvimento de formula\u00e7\u00f5es para potencializar a a\u00e7\u00e3o de metab\u00f3litos de Phoma dimorpha no controle biol\u00f3gico de plantas daninhas<\/p>\n<p><strong>Aluno<\/strong>: Jos\u00e9 Roberto Chaves Neto<\/p>\n<p><strong>Professor Orientador<\/strong>: Dr. Marcus Vinicius Tres<\/p>\t\t\t\t\t\t<\/div>\n\t\t\t\t<\/div>\n\t\t\t\t\t<\/div>\n\t\t<\/div>\n\t\t\t\t\t<\/div>\n\t\t<\/section>\n\t\t\t\t<section class=\"elementor-section elementor-top-section elementor-element elementor-element-a95ce0b elementor-section-boxed elementor-section-height-default elementor-section-height-default\" data-id=\"a95ce0b\" data-element_type=\"section\">\n\t\t\t\t\t\t<div class=\"elementor-container elementor-column-gap-default\">\n\t\t\t\t\t<div class=\"elementor-column elementor-col-100 elementor-top-column elementor-element elementor-element-366246d\" data-id=\"366246d\" data-element_type=\"column\">\n\t\t\t<div class=\"elementor-widget-wrap elementor-element-populated\">\n\t\t\t\t\t\t<div class=\"elementor-element elementor-element-2a93de6 elementor-widget elementor-widget-text-editor\" data-id=\"2a93de6\" data-element_type=\"widget\" data-widget_type=\"text-editor.default\">\n\t\t\t\t<div class=\"elementor-widget-container\">\n\t\t\t\t\t\t\t<p><strong>T\u00edtulo<\/strong>: <a href=\"https:\/\/repositorio.ufsm.br\/bitstream\/handle\/1\/16492\/TES_PPGEA_2019_SOARES_JULIANA.pdf?sequence=1&amp;isAllowed=y\" target=\"_blank\" rel=\"noopener\">Produ\u00e7\u00e3o de hidrog\u00eanio a partir da fermenta\u00e7\u00e3o anaer\u00f3bia de hidrolisados de res\u00edduos agroindustriais<\/a><\/p>\n<p><strong>Aluna<\/strong>: Juliana Ferreira Soares<\/p>\n<p><strong>Professor Orientador<\/strong>: Dr. M\u00e1rcio Ant\u00f4nio Mazutti<\/p>\t\t\t\t\t\t<\/div>\n\t\t\t\t<\/div>\n\t\t\t\t\t<\/div>\n\t\t<\/div>\n\t\t\t\t\t<\/div>\n\t\t<\/section>\n\t\t\t\t<section class=\"elementor-section elementor-top-section elementor-element elementor-element-4f00dc6 elementor-section-boxed elementor-section-height-default elementor-section-height-default\" data-id=\"4f00dc6\" data-element_type=\"section\">\n\t\t\t\t\t\t<div class=\"elementor-container elementor-column-gap-default\">\n\t\t\t\t\t<div class=\"elementor-column elementor-col-100 elementor-top-column elementor-element elementor-element-ebb45da\" data-id=\"ebb45da\" data-element_type=\"column\">\n\t\t\t<div class=\"elementor-widget-wrap elementor-element-populated\">\n\t\t\t\t\t\t<div class=\"elementor-element elementor-element-509f4ff elementor-widget elementor-widget-text-editor\" data-id=\"509f4ff\" data-element_type=\"widget\" data-widget_type=\"text-editor.default\">\n\t\t\t\t<div class=\"elementor-widget-container\">\n\t\t\t\t\t\t\t<p><strong>T\u00edtulo:<\/strong> <a href=\"https:\/\/repositorio.ufsm.br\/bitstream\/handle\/1\/19604\/TES_PPGEA_2019_GUINOT_KAREN.pdf?sequence=1&amp;isAllowed=y\" target=\"_blank\" rel=\"noopener\">Acidentes agr\u00edcolas e a interrup\u00e7\u00e3o de um projeto de vida: a constru\u00e7\u00e3o da cultura da preven\u00e7\u00e3o<\/a><\/p>\n<p><strong>Aluna:<\/strong> Karen de Oliveira Guinot<\/p>\n<p><strong>Professor Orientador:<\/strong> Dr. Jos\u00e9 Fernando Schlosser<\/p>\t\t\t\t\t\t<\/div>\n\t\t\t\t<\/div>\n\t\t\t\t\t<\/div>\n\t\t<\/div>\n\t\t\t\t\t<\/div>\n\t\t<\/section>\n\t\t\t\t<section class=\"elementor-section elementor-top-section elementor-element elementor-element-5ddcdac elementor-section-boxed elementor-section-height-default elementor-section-height-default\" data-id=\"5ddcdac\" data-element_type=\"section\">\n\t\t\t\t\t\t<div class=\"elementor-container elementor-column-gap-default\">\n\t\t\t\t\t<div class=\"elementor-column elementor-col-100 elementor-top-column elementor-element elementor-element-cb47ec1\" data-id=\"cb47ec1\" data-element_type=\"column\">\n\t\t\t<div class=\"elementor-widget-wrap elementor-element-populated\">\n\t\t\t\t\t\t<div class=\"elementor-element elementor-element-8fc00bf elementor-widget elementor-widget-text-editor\" data-id=\"8fc00bf\" data-element_type=\"widget\" data-widget_type=\"text-editor.default\">\n\t\t\t\t<div class=\"elementor-widget-container\">\n\t\t\t\t\t\t\t<p><strong>T\u00edtulo<\/strong>:\u00a0<a href=\"https:\/\/repositorio.ufsm.br\/bitstream\/handle\/1\/17297\/TES_PPGEA_2019_KAYSER_LUIZ.pdf?sequence=1&amp;isAllowed=y\" target=\"_blank\" rel=\"noopener\">Estimativa dos par\u00e2metros de fun\u00e7\u00f5es de pedotransfer\u00eancia para os solos<\/a> do Rio Grande do Sul<\/p>\n<p><strong>Alun<\/strong>o: Luiz Patric Kayser<\/p>\n<p><strong>Professora Orientadora<\/strong>: Marcia Xavier Peiter<\/p>\t\t\t\t\t\t<\/div>\n\t\t\t\t<\/div>\n\t\t\t\t\t<\/div>\n\t\t<\/div>\n\t\t\t\t\t<\/div>\n\t\t<\/section>\n\t\t\t\t<section class=\"elementor-section elementor-top-section elementor-element elementor-element-cddc9ae elementor-section-boxed elementor-section-height-default elementor-section-height-default\" data-id=\"cddc9ae\" data-element_type=\"section\">\n\t\t\t\t\t\t<div class=\"elementor-container elementor-column-gap-default\">\n\t\t\t\t\t<div class=\"elementor-column elementor-col-100 elementor-top-column elementor-element elementor-element-c5810fc\" data-id=\"c5810fc\" data-element_type=\"column\">\n\t\t\t<div class=\"elementor-widget-wrap elementor-element-populated\">\n\t\t\t\t\t\t<div class=\"elementor-element elementor-element-6804088 elementor-widget elementor-widget-text-editor\" data-id=\"6804088\" data-element_type=\"widget\" data-widget_type=\"text-editor.default\">\n\t\t\t\t<div class=\"elementor-widget-container\">\n\t\t\t\t\t\t\t<p><strong>T\u00edtulo<\/strong>: Transloca\u00e7\u00e3o de diamidas em soja e milho e efeito sobre Helicoverpa armigera (H\u00dcBNER, 1808) e Spodoptera frugiperda (J. E. SMITH, 1797)<\/p>\n<p><strong>Aluno<\/strong>:\u00a0Maiquel Pizzuti Pes<\/p>\n<p><strong>Professor Orientador<\/strong>: Dr. Jerson V. Car\u00fas Guedes<\/p>\t\t\t\t\t\t<\/div>\n\t\t\t\t<\/div>\n\t\t\t\t\t<\/div>\n\t\t<\/div>\n\t\t\t\t\t<\/div>\n\t\t<\/section>\n\t\t\t\t<section class=\"elementor-section elementor-top-section elementor-element elementor-element-db9a11b elementor-section-boxed elementor-section-height-default elementor-section-height-default\" data-id=\"db9a11b\" data-element_type=\"section\">\n\t\t\t\t\t\t<div class=\"elementor-container elementor-column-gap-default\">\n\t\t\t\t\t<div class=\"elementor-column elementor-col-100 elementor-top-column elementor-element elementor-element-bec933e\" data-id=\"bec933e\" data-element_type=\"column\">\n\t\t\t<div class=\"elementor-widget-wrap elementor-element-populated\">\n\t\t\t\t\t\t<div class=\"elementor-element elementor-element-097dda4 elementor-widget elementor-widget-text-editor\" data-id=\"097dda4\" data-element_type=\"widget\" data-widget_type=\"text-editor.default\">\n\t\t\t\t<div class=\"elementor-widget-container\">\n\t\t\t\t\t\t\t<p><strong>T\u00edtulo<\/strong>:\u00a0<a href=\"https:\/\/repositorio.ufsm.br\/bitstream\/handle\/1\/19215\/TES_PPGEA_2019_MELLO_MARIO.pdf?sequence=1&amp;isAllowed=y\" target=\"_blank\" rel=\"noopener\">Atributos influenciadores na tomada de decis\u00e3o para a compra de m\u00e1quinas agr\u00edcolas<\/a><\/p>\n<p><strong>Aluno<\/strong>: Mario Fernando de Mello<\/p>\n<p><strong>Professor Orientador<\/strong>: Dr. Jos\u00e9 Fernando Schlosser<\/p>\t\t\t\t\t\t<\/div>\n\t\t\t\t<\/div>\n\t\t\t\t\t<\/div>\n\t\t<\/div>\n\t\t\t\t\t<\/div>\n\t\t<\/section>\n\t\t\t\t<section class=\"elementor-section elementor-top-section elementor-element elementor-element-9c51e93 elementor-section-boxed elementor-section-height-default elementor-section-height-default\" data-id=\"9c51e93\" data-element_type=\"section\">\n\t\t\t\t\t\t<div class=\"elementor-container elementor-column-gap-default\">\n\t\t\t\t\t<div class=\"elementor-column elementor-col-100 elementor-top-column elementor-element elementor-element-1d2e7ef\" data-id=\"1d2e7ef\" data-element_type=\"column\">\n\t\t\t<div class=\"elementor-widget-wrap elementor-element-populated\">\n\t\t\t\t\t\t<div class=\"elementor-element elementor-element-1b8ab20 elementor-widget elementor-widget-text-editor\" data-id=\"1b8ab20\" data-element_type=\"widget\" data-widget_type=\"text-editor.default\">\n\t\t\t\t<div class=\"elementor-widget-container\">\n\t\t\t\t\t\t\t<p><strong>T\u00edtulo:<\/strong> <a href=\"https:\/\/repositorio.ufsm.br\/bitstream\/handle\/1\/19388\/TES_PPGEA_2019_HUMMEL_RAFAELA.pdf?sequence=1&amp;isAllowed=y\" target=\"_blank\" rel=\"noopener\">Para al\u00e9m do dossel: restaura\u00e7\u00e3o florestal baseada em processos ecol\u00f3gicos<\/a><\/p>\n<p><strong>Aluna:<\/strong> Rafaela Badinelli Hummel<\/p>\n<p><strong>Professora Orientadora:<\/strong> Dr.\u00aa Ana Paula Moreira Rovedder<\/p>\t\t\t\t\t\t<\/div>\n\t\t\t\t<\/div>\n\t\t\t\t\t<\/div>\n\t\t<\/div>\n\t\t\t\t\t<\/div>\n\t\t<\/section>\n\t\t\t\t<section class=\"elementor-section elementor-top-section elementor-element elementor-element-0c74d5e elementor-section-boxed elementor-section-height-default elementor-section-height-default\" data-id=\"0c74d5e\" data-element_type=\"section\">\n\t\t\t\t\t\t<div class=\"elementor-container elementor-column-gap-default\">\n\t\t\t\t\t<div class=\"elementor-column elementor-col-100 elementor-top-column elementor-element elementor-element-56fbdb6\" data-id=\"56fbdb6\" data-element_type=\"column\">\n\t\t\t<div class=\"elementor-widget-wrap elementor-element-populated\">\n\t\t\t\t\t\t<div class=\"elementor-element elementor-element-425cbc0 elementor-widget elementor-widget-text-editor\" data-id=\"425cbc0\" data-element_type=\"widget\" data-widget_type=\"text-editor.default\">\n\t\t\t\t<div class=\"elementor-widget-container\">\n\t\t\t\t\t\t\t<p><strong>T\u00edtulo<\/strong>:<a href=\"https:\/\/repositorio.ufsm.br\/bitstream\/handle\/1\/19493\/TES_PPGEA_2019_SCHWALBERT_RAI.pdf?sequence=1&amp;isAllowed=y\" target=\"_blank\" rel=\"noopener\"> Imagens de sat\u00e9lite para predi\u00e7\u00e3o espa\u00e7otemporal da produtividade de milho e soja em diferentes escalas geogr\u00e1ficas<\/a><\/p>\n<p><strong>Aluno<\/strong>: Rai Augusto Schwalbert<\/p>\n<p><strong>Professor Orientador<\/strong>: Dr. Telmo Jorge Carneiro Amado<\/p>\t\t\t\t\t\t<\/div>\n\t\t\t\t<\/div>\n\t\t\t\t\t<\/div>\n\t\t<\/div>\n\t\t\t\t\t<\/div>\n\t\t<\/section>\n\t\t\t\t<section class=\"elementor-section elementor-top-section elementor-element elementor-element-0372ec2 elementor-section-boxed elementor-section-height-default elementor-section-height-default\" data-id=\"0372ec2\" data-element_type=\"section\">\n\t\t\t\t\t\t<div class=\"elementor-container elementor-column-gap-default\">\n\t\t\t\t\t<div class=\"elementor-column elementor-col-100 elementor-top-column elementor-element elementor-element-d675d5c\" data-id=\"d675d5c\" data-element_type=\"column\">\n\t\t\t<div class=\"elementor-widget-wrap elementor-element-populated\">\n\t\t\t\t\t\t<div class=\"elementor-element elementor-element-ead36ce elementor-widget elementor-widget-text-editor\" data-id=\"ead36ce\" data-element_type=\"widget\" data-widget_type=\"text-editor.default\">\n\t\t\t\t<div class=\"elementor-widget-container\">\n\t\t\t\t\t\t\t<p><strong>T\u00edtulo<\/strong>: <a href=\"https:\/\/repositorio.ufsm.br\/bitstream\/handle\/1\/18619\/TES_PPGEA_2019_GIACOMELI_ROBSON.pdf?sequence=1&amp;isAllowed=y\" target=\"_blank\" rel=\"noopener\">Manejo de solo e \u00e1gua em soja e arroz em terras baixas<\/a><\/p>\n<p><strong>Aluno<\/strong>: Robson Giacomeli<\/p>\n<p><strong>Professor Orientador<\/strong>: Dr. Reimar Carlesso<\/p>\t\t\t\t\t\t<\/div>\n\t\t\t\t<\/div>\n\t\t\t\t\t<\/div>\n\t\t<\/div>\n\t\t\t\t\t<\/div>\n\t\t<\/section>\n\t\t\t\t<section class=\"elementor-section elementor-top-section elementor-element elementor-element-084b19c elementor-section-boxed elementor-section-height-default elementor-section-height-default\" data-id=\"084b19c\" data-element_type=\"section\">\n\t\t\t\t\t\t<div class=\"elementor-container elementor-column-gap-default\">\n\t\t\t\t\t<div class=\"elementor-column elementor-col-100 elementor-top-column elementor-element elementor-element-208fdf2\" data-id=\"208fdf2\" data-element_type=\"column\">\n\t\t\t<div class=\"elementor-widget-wrap elementor-element-populated\">\n\t\t\t\t\t\t<div class=\"elementor-element elementor-element-f6e22b0 elementor-widget elementor-widget-text-editor\" data-id=\"f6e22b0\" data-element_type=\"widget\" data-widget_type=\"text-editor.default\">\n\t\t\t\t<div class=\"elementor-widget-container\">\n\t\t\t\t\t\t\t<p><strong>T\u00edtulo<\/strong>:\u00a0<a href=\"https:\/\/repositorio.ufsm.br\/bitstream\/handle\/1\/21630\/TES_PPGEA_2019_ALMEIDA_THIAGO.pdf?sequence=1&amp;isAllowed=y\" target=\"_blank\" rel=\"noopener\">Formula\u00e7\u00e3o e avalia\u00e7\u00e3o de um bioherbicida a partir de fermenta\u00e7\u00e3o submersa do fungo Diaporthe sp.<\/a><\/p>\n<p><a href=\"_wp_link_placeholder\"><strong>Aluno<\/strong>: Thiago Cas<\/a>tro de Almeida<\/p>\n<p><strong>Professor Orientador<\/strong>: Dr. M\u00e1rcio Ant\u00f4nio Mazutti<\/p>\t\t\t\t\t\t<\/div>\n\t\t\t\t<\/div>\n\t\t\t\t\t<\/div>\n\t\t<\/div>\n\t\t\t\t\t<\/div>\n\t\t<\/section>\n\t\t\t\t<\/div>\n\t\t","protected":false},"excerpt":{"rendered":"<p>T\u00edtulo: Aplica\u00e7\u00f5es pr\u00e1ticas do modelo Phenoglad e o efeito da defici\u00eancia h\u00eddrica na cultura do glad\u00edolo Aluna: Camila Coelho Becker Professor Orientador: Nereu Augusto Streck T\u00edtulo: Desenvolvimento e avalia\u00e7\u00e3o de um mecanismo adapt\u00e1vel em dosador pneum\u00e1tico para individualiza\u00e7\u00e3o de sementes de arroz Aluno: Dauto Pivetta Carpes Professor Orientador: Dr. Airton dos Santos Alon\u00e7o T\u00edtulo: Sistemas [&hellip;]<\/p>\n","protected":false},"author":871,"featured_media":0,"parent":0,"menu_order":0,"comment_status":"closed","ping_status":"closed","template":"","meta":{"footnotes":""},"categories":[],"tags":[],"class_list":["post-540","page","type-page","status-publish","hentry"],"acf":[],"_links":{"self":[{"href":"https:\/\/www.ufsm.br\/cursos\/pos-graduacao\/santa-maria\/ppgea\/wp-json\/wp\/v2\/pages\/540","targetHints":{"allow":["GET"]}}],"collection":[{"href":"https:\/\/www.ufsm.br\/cursos\/pos-graduacao\/santa-maria\/ppgea\/wp-json\/wp\/v2\/pages"}],"about":[{"href":"https:\/\/www.ufsm.br\/cursos\/pos-graduacao\/santa-maria\/ppgea\/wp-json\/wp\/v2\/types\/page"}],"author":[{"embeddable":true,"href":"https:\/\/www.ufsm.br\/cursos\/pos-graduacao\/santa-maria\/ppgea\/wp-json\/wp\/v2\/users\/871"}],"replies":[{"embeddable":true,"href":"https:\/\/www.ufsm.br\/cursos\/pos-graduacao\/santa-maria\/ppgea\/wp-json\/wp\/v2\/comments?post=540"}],"version-history":[{"count":0,"href":"https:\/\/www.ufsm.br\/cursos\/pos-graduacao\/santa-maria\/ppgea\/wp-json\/wp\/v2\/pages\/540\/revisions"}],"wp:attachment":[{"href":"https:\/\/www.ufsm.br\/cursos\/pos-graduacao\/santa-maria\/ppgea\/wp-json\/wp\/v2\/media?parent=540"}],"wp:term":[{"taxonomy":"category","embeddable":true,"href":"https:\/\/www.ufsm.br\/cursos\/pos-graduacao\/santa-maria\/ppgea\/wp-json\/wp\/v2\/categories?post=540"},{"taxonomy":"post_tag","embeddable":true,"href":"https:\/\/www.ufsm.br\/cursos\/pos-graduacao\/santa-maria\/ppgea\/wp-json\/wp\/v2\/tags?post=540"}],"curies":[{"name":"wp","href":"https:\/\/api.w.org\/{rel}","templated":true}]}}