{"id":542,"date":"2019-09-10T10:33:47","date_gmt":"2019-09-10T13:33:47","guid":{"rendered":"https:\/\/www.ufsm.br\/cursos\/pos-graduacao\/santa-maria\/ppgea\/?page_id=542"},"modified":"2019-11-12T12:59:08","modified_gmt":"2019-11-12T15:59:08","slug":"dissertacoes-2018","status":"publish","type":"page","link":"https:\/\/www.ufsm.br\/cursos\/pos-graduacao\/santa-maria\/ppgea\/dissertacoes-2018","title":{"rendered":"Disserta\u00e7\u00f5es 2018"},"content":{"rendered":"\t\t<div data-elementor-type=\"wp-page\" data-elementor-id=\"542\" class=\"elementor elementor-542\">\n\t\t\t\t\t\t<section class=\"elementor-section elementor-top-section elementor-element elementor-element-ab44128 elementor-section-boxed elementor-section-height-default elementor-section-height-default\" data-id=\"ab44128\" data-element_type=\"section\">\n\t\t\t\t\t\t<div class=\"elementor-container elementor-column-gap-default\">\n\t\t\t\t\t<div class=\"elementor-column elementor-col-100 elementor-top-column elementor-element elementor-element-a0a53a1\" data-id=\"a0a53a1\" data-element_type=\"column\">\n\t\t\t<div class=\"elementor-widget-wrap elementor-element-populated\">\n\t\t\t\t\t\t<div class=\"elementor-element elementor-element-ebaee12 elementor-widget elementor-widget-text-editor\" data-id=\"ebaee12\" data-element_type=\"widget\" data-widget_type=\"text-editor.default\">\n\t\t\t\t<div class=\"elementor-widget-container\">\n\t\t\t\t\t\t\t<p><strong>T\u00edtulo<\/strong>:\u00a0<a href=\"https:\/\/repositorio.ufsm.br\/bitstream\/handle\/1\/14209\/DIS_PPGEA_2018_MOREIRA_ANTONIO.pdf?sequence=1&amp;isAllowed=y\" target=\"_blank\" rel=\"noopener\">Avalia\u00e7\u00e3o de mecanismos dosadores na distribui\u00e7\u00e3o longitudinal de sementes de feij\u00e3o-caupi (Vigna unguiculata (L.) Walp)<\/a><\/p><p><strong>Aluno<\/strong>:\u00a0Antonio Robson Moreira<\/p><p><strong>Professor Orientador<\/strong>: Dr. Airton dos Santos Alon\u00e7o<\/p>\t\t\t\t\t\t<\/div>\n\t\t\t\t<\/div>\n\t\t\t\t\t<\/div>\n\t\t<\/div>\n\t\t\t\t\t<\/div>\n\t\t<\/section>\n\t\t\t\t<section class=\"elementor-section elementor-top-section elementor-element elementor-element-d4b755b elementor-section-boxed elementor-section-height-default elementor-section-height-default\" data-id=\"d4b755b\" data-element_type=\"section\">\n\t\t\t\t\t\t<div class=\"elementor-container elementor-column-gap-default\">\n\t\t\t\t\t<div class=\"elementor-column elementor-col-100 elementor-top-column elementor-element elementor-element-d31a6df\" data-id=\"d31a6df\" data-element_type=\"column\">\n\t\t\t<div class=\"elementor-widget-wrap elementor-element-populated\">\n\t\t\t\t\t\t<div class=\"elementor-element elementor-element-eaf3a01 elementor-widget elementor-widget-text-editor\" data-id=\"eaf3a01\" data-element_type=\"widget\" data-widget_type=\"text-editor.default\">\n\t\t\t\t<div class=\"elementor-widget-container\">\n\t\t\t\t\t\t\t<p><strong>T\u00edtulo<\/strong>: <a href=\"https:\/\/repositorio.ufsm.br\/bitstream\/handle\/1\/15947\/DIS_PPGEA_2018_HEINZ_BRENO.pdf?sequence=1&amp;isAllowed=y\" target=\"_blank\" rel=\"noopener\">Manejo biol\u00f3gico de Meloidogyne javanica em hortali\u00e7as: aplica\u00e7\u00e3o de caldos fermentados enzim\u00e1ticos oriundos de matrizes f\u00fangicas<\/a><\/p><p><strong>Aluno<\/strong>: Breno Bevilaqua Heinz<\/p><p><strong>Professor Orientador<\/strong>: Dr. M\u00e1rcio Antonio Mazutti<\/p>\t\t\t\t\t\t<\/div>\n\t\t\t\t<\/div>\n\t\t\t\t\t<\/div>\n\t\t<\/div>\n\t\t\t\t\t<\/div>\n\t\t<\/section>\n\t\t\t\t<section class=\"elementor-section elementor-top-section elementor-element elementor-element-dda2a33 elementor-section-boxed elementor-section-height-default elementor-section-height-default\" data-id=\"dda2a33\" data-element_type=\"section\">\n\t\t\t\t\t\t<div class=\"elementor-container elementor-column-gap-default\">\n\t\t\t\t\t<div class=\"elementor-column elementor-col-100 elementor-top-column elementor-element elementor-element-80b621a\" data-id=\"80b621a\" data-element_type=\"column\">\n\t\t\t<div class=\"elementor-widget-wrap elementor-element-populated\">\n\t\t\t\t\t\t<div class=\"elementor-element elementor-element-ff30e62 elementor-widget elementor-widget-text-editor\" data-id=\"ff30e62\" data-element_type=\"widget\" data-widget_type=\"text-editor.default\">\n\t\t\t\t<div class=\"elementor-widget-container\">\n\t\t\t\t\t\t\t<p><strong>T\u00edtulo<\/strong>: <a href=\"https:\/\/repositorio.ufsm.br\/bitstream\/handle\/1\/15981\/DIS_PPGEA_2018_DRUZIAN_EDUARDO.pdf?sequence=1&amp;isAllowed=y\" target=\"_blank\" rel=\"noopener\">Demanda de torque e pot\u00eancia de implementos agr\u00edcolas acionados pela tomada de pot\u00eancia<\/a><\/p><p><strong>Aluno<\/strong>:\u00a0Eduardo Londero Druzian<\/p><p><strong>Professor Orientador<\/strong>: Dr. Jos\u00e9 Fernando Schlosser<\/p>\t\t\t\t\t\t<\/div>\n\t\t\t\t<\/div>\n\t\t\t\t\t<\/div>\n\t\t<\/div>\n\t\t\t\t\t<\/div>\n\t\t<\/section>\n\t\t\t\t<section class=\"elementor-section elementor-top-section elementor-element elementor-element-68ae367 elementor-section-boxed elementor-section-height-default elementor-section-height-default\" data-id=\"68ae367\" data-element_type=\"section\">\n\t\t\t\t\t\t<div class=\"elementor-container elementor-column-gap-default\">\n\t\t\t\t\t<div class=\"elementor-column elementor-col-100 elementor-top-column elementor-element elementor-element-a2ffb85\" data-id=\"a2ffb85\" data-element_type=\"column\">\n\t\t\t<div class=\"elementor-widget-wrap elementor-element-populated\">\n\t\t\t\t\t\t<div class=\"elementor-element elementor-element-7ff774e elementor-widget elementor-widget-text-editor\" data-id=\"7ff774e\" data-element_type=\"widget\" data-widget_type=\"text-editor.default\">\n\t\t\t\t<div class=\"elementor-widget-container\">\n\t\t\t\t\t\t\t<p><strong>T\u00edtulo<\/strong>: <a href=\"https:\/\/repositorio.ufsm.br\/bitstream\/handle\/1\/13821\/DIS_PPGEA_2018_POSSEBOM_GESSIELI.pdf?sequence=1&amp;isAllowed=y\" target=\"_blank\" rel=\"noopener\">Compara\u00e7\u00e3o de m\u00e9todos para avalia\u00e7\u00e3o postural em opera\u00e7\u00e3o de m\u00e1quinas agr\u00edcolas<\/a><\/p><p><strong>Aluna<\/strong>: Gessieli Possebom<\/p><p><strong>Professor Orientador<\/strong>: Dr. Airton dos Santos Alon\u00e7o<\/p>\t\t\t\t\t\t<\/div>\n\t\t\t\t<\/div>\n\t\t\t\t\t<\/div>\n\t\t<\/div>\n\t\t\t\t\t<\/div>\n\t\t<\/section>\n\t\t\t\t<section class=\"elementor-section elementor-top-section elementor-element elementor-element-e003d11 elementor-section-boxed elementor-section-height-default elementor-section-height-default\" data-id=\"e003d11\" data-element_type=\"section\">\n\t\t\t\t\t\t<div class=\"elementor-container elementor-column-gap-default\">\n\t\t\t\t\t<div class=\"elementor-column elementor-col-100 elementor-top-column elementor-element elementor-element-1478e9d\" data-id=\"1478e9d\" data-element_type=\"column\">\n\t\t\t<div class=\"elementor-widget-wrap elementor-element-populated\">\n\t\t\t\t\t\t<div class=\"elementor-element elementor-element-7bb39aa elementor-widget elementor-widget-text-editor\" data-id=\"7bb39aa\" data-element_type=\"widget\" data-widget_type=\"text-editor.default\">\n\t\t\t\t<div class=\"elementor-widget-container\">\n\t\t\t\t\t\t\t<p><strong>T\u00edtulo<\/strong>: <a href=\"https:\/\/repositorio.ufsm.br\/bitstream\/handle\/1\/13822\/DIS_PPGEA_2018_PIROLI_JESSICA.pdf?sequence=1&amp;isAllowed=y\" target=\"_blank\" rel=\"noopener\">Produ\u00e7\u00e3o de g\u00e9rbera de corte (<em>Gerbera jamesonii<\/em>) em fun\u00e7\u00e3o de diferentes n\u00edveis de irriga\u00e7\u00e3o<\/a><\/p><p><strong>Aluna<\/strong>: Jessica Dariane Piroli\u00a0<\/p><p><strong>Professora Orientadora<\/strong>: Dr.\u00aa Marcia Xavier Peiter<\/p>\t\t\t\t\t\t<\/div>\n\t\t\t\t<\/div>\n\t\t\t\t\t<\/div>\n\t\t<\/div>\n\t\t\t\t\t<\/div>\n\t\t<\/section>\n\t\t\t\t<section class=\"elementor-section elementor-top-section elementor-element elementor-element-277d97e elementor-section-boxed elementor-section-height-default elementor-section-height-default\" data-id=\"277d97e\" data-element_type=\"section\">\n\t\t\t\t\t\t<div class=\"elementor-container elementor-column-gap-default\">\n\t\t\t\t\t<div class=\"elementor-column elementor-col-100 elementor-top-column elementor-element elementor-element-bdeef8e\" data-id=\"bdeef8e\" data-element_type=\"column\">\n\t\t\t<div class=\"elementor-widget-wrap elementor-element-populated\">\n\t\t\t\t\t\t<div class=\"elementor-element elementor-element-271e692 elementor-widget elementor-widget-text-editor\" data-id=\"271e692\" data-element_type=\"widget\" data-widget_type=\"text-editor.default\">\n\t\t\t\t<div class=\"elementor-widget-container\">\n\t\t\t\t\t\t\t<p><strong>T\u00edtulo<\/strong>: <a href=\"https:\/\/repositorio.ufsm.br\/bitstream\/handle\/1\/13708\/DIS_PPGEA_2018_BRUNING_JHOSEPE.pdf?sequence=1&amp;isAllowed=y\" target=\"_blank\" rel=\"noopener\">Avalia\u00e7\u00e3o energ\u00e9tica de m\u00e9todos de controle de taxa de aplica\u00e7\u00e3o em sistemas de irriga\u00e7\u00e3o por aspers\u00e3o convencional<\/a><\/p><p><strong>Aluno<\/strong>:\u00a0Jhosefe Bruning<\/p><p><strong>Professor Orientador<\/strong>: Dr. Adroaldo Dias Robaina<\/p>\t\t\t\t\t\t<\/div>\n\t\t\t\t<\/div>\n\t\t\t\t\t<\/div>\n\t\t<\/div>\n\t\t\t\t\t<\/div>\n\t\t<\/section>\n\t\t\t\t<section class=\"elementor-section elementor-top-section elementor-element elementor-element-05c5ee1 elementor-section-boxed elementor-section-height-default elementor-section-height-default\" data-id=\"05c5ee1\" data-element_type=\"section\">\n\t\t\t\t\t\t<div class=\"elementor-container elementor-column-gap-default\">\n\t\t\t\t\t<div class=\"elementor-column elementor-col-100 elementor-top-column elementor-element elementor-element-6670972\" data-id=\"6670972\" data-element_type=\"column\">\n\t\t\t<div class=\"elementor-widget-wrap elementor-element-populated\">\n\t\t\t\t\t\t<div class=\"elementor-element elementor-element-8e58116 elementor-widget elementor-widget-text-editor\" data-id=\"8e58116\" data-element_type=\"widget\" data-widget_type=\"text-editor.default\">\n\t\t\t\t<div class=\"elementor-widget-container\">\n\t\t\t\t\t\t\t<p><strong>T\u00edtulo<\/strong>:\u00a0<a href=\"https:\/\/repositorio.ufsm.br\/bitstream\/handle\/1\/15951\/DIS_PPGEA_2018_CASTRO_ISAC.pdf?sequence=1&amp;isAllowed=y\" target=\"_blank\" rel=\"noopener\">Formula\u00e7\u00f5es de <em>Aspergillus nomius<\/em> para controle de <em>Chrysodeixis includens<\/em> e <em>Spodoptera frugiperda<\/em><\/a><\/p><p><strong>Aluno<\/strong>:\u00a0Isac Aires de Castro<\/p><p><strong>Professor Orientador<\/strong>: Dr. Jerson V. Car\u00fas Guedes<\/p>\t\t\t\t\t\t<\/div>\n\t\t\t\t<\/div>\n\t\t\t\t\t<\/div>\n\t\t<\/div>\n\t\t\t\t\t<\/div>\n\t\t<\/section>\n\t\t\t\t<section class=\"elementor-section elementor-top-section elementor-element elementor-element-324f69b elementor-section-boxed elementor-section-height-default elementor-section-height-default\" data-id=\"324f69b\" data-element_type=\"section\">\n\t\t\t\t\t\t<div class=\"elementor-container elementor-column-gap-default\">\n\t\t\t\t\t<div class=\"elementor-column elementor-col-100 elementor-top-column elementor-element elementor-element-0d76e85\" data-id=\"0d76e85\" data-element_type=\"column\">\n\t\t\t<div class=\"elementor-widget-wrap elementor-element-populated\">\n\t\t\t\t\t\t<div class=\"elementor-element elementor-element-faa60e2 elementor-widget elementor-widget-text-editor\" data-id=\"faa60e2\" data-element_type=\"widget\" data-widget_type=\"text-editor.default\">\n\t\t\t\t<div class=\"elementor-widget-container\">\n\t\t\t\t\t\t\t<p><strong>T\u00edtulo<\/strong>: <a href=\"https:\/\/repositorio.ufsm.br\/bitstream\/handle\/1\/13817\/DIS_PPGEA_2018_TOSO_LUCAS.pdf?sequence=1&amp;isAllowed=y\" target=\"_blank\" rel=\"noopener\">Nuclea\u00e7\u00e3o como gatilho ecol\u00f3gico na restaura\u00e7\u00e3o de \u00e1reas mineradas no Rio Grande do Sul<\/a><\/p><p><strong>Aluno<\/strong>: Lucas Donato Toso<\/p><p><strong>Professora Orientadora<\/strong>: Dr. Ana Paula Moreira Rovedder<\/p>\t\t\t\t\t\t<\/div>\n\t\t\t\t<\/div>\n\t\t\t\t\t<\/div>\n\t\t<\/div>\n\t\t\t\t\t<\/div>\n\t\t<\/section>\n\t\t\t\t<section class=\"elementor-section elementor-top-section elementor-element elementor-element-9b92e6b elementor-section-boxed elementor-section-height-default elementor-section-height-default\" data-id=\"9b92e6b\" data-element_type=\"section\">\n\t\t\t\t\t\t<div class=\"elementor-container elementor-column-gap-default\">\n\t\t\t\t\t<div class=\"elementor-column elementor-col-100 elementor-top-column elementor-element elementor-element-3321ef6\" data-id=\"3321ef6\" data-element_type=\"column\">\n\t\t\t<div class=\"elementor-widget-wrap elementor-element-populated\">\n\t\t\t\t\t\t<div class=\"elementor-element elementor-element-b7ee3e3 elementor-widget elementor-widget-text-editor\" data-id=\"b7ee3e3\" data-element_type=\"widget\" data-widget_type=\"text-editor.default\">\n\t\t\t\t<div class=\"elementor-widget-container\">\n\t\t\t\t\t\t\t<p><strong>T\u00edtulo<\/strong>: <a href=\"https:\/\/repositorio.ufsm.br\/bitstream\/handle\/1\/15766\/DIS_PPGEA_2018_OLIVEIRA_MARILIA.pdf?sequence=1&amp;isAllowed=y\" target=\"_blank\" rel=\"noopener\">Efeito de diferentes opera\u00e7\u00f5es de secagem e armazenagem na qualidade de duas cultivares de soja (<em>Glycine Max<\/em> (L.) <em>Merrill<\/em>)<\/a><\/p><p><strong>Aluna<\/strong>: Marilia Boff de Oliveira<\/p><p><strong>Professor Orientador<\/strong>: Dr. Paulo Carteri Coradi<\/p>\t\t\t\t\t\t<\/div>\n\t\t\t\t<\/div>\n\t\t\t\t\t<\/div>\n\t\t<\/div>\n\t\t\t\t\t<\/div>\n\t\t<\/section>\n\t\t\t\t<section class=\"elementor-section elementor-top-section elementor-element elementor-element-4141ca0 elementor-section-boxed elementor-section-height-default elementor-section-height-default\" data-id=\"4141ca0\" data-element_type=\"section\">\n\t\t\t\t\t\t<div class=\"elementor-container elementor-column-gap-default\">\n\t\t\t\t\t<div class=\"elementor-column elementor-col-100 elementor-top-column elementor-element elementor-element-6a0d756\" data-id=\"6a0d756\" data-element_type=\"column\">\n\t\t\t<div class=\"elementor-widget-wrap elementor-element-populated\">\n\t\t\t\t\t\t<div class=\"elementor-element elementor-element-2a0028c elementor-widget elementor-widget-text-editor\" data-id=\"2a0028c\" data-element_type=\"widget\" data-widget_type=\"text-editor.default\">\n\t\t\t\t<div class=\"elementor-widget-container\">\n\t\t\t\t\t\t\t<p><strong>T\u00edtulo<\/strong>: <a href=\"https:\/\/repositorio.ufsm.br\/bitstream\/handle\/1\/15945\/DIS_PPGEA_2018_RODRIGUES_PABLO.pdf?sequence=1&amp;isAllowed=y\" target=\"_blank\" rel=\"noopener\">Produ\u00e7\u00e3o da r\u00facula (<em>Eruca sativa<\/em>) submetida a diferentes n\u00edveis de deple\u00e7\u00e3o e coberturas de solo<\/a><\/p><p><strong>Aluno<\/strong>: Pablo Eanes Cocco Rodrigues<\/p><p><strong>Professora Orientadora<\/strong>: Dr. M\u00e1rcia Xavier Peiter<\/p>\t\t\t\t\t\t<\/div>\n\t\t\t\t<\/div>\n\t\t\t\t\t<\/div>\n\t\t<\/div>\n\t\t\t\t\t<\/div>\n\t\t<\/section>\n\t\t\t\t<section class=\"elementor-section elementor-top-section elementor-element elementor-element-785ce43 elementor-section-boxed elementor-section-height-default elementor-section-height-default\" data-id=\"785ce43\" data-element_type=\"section\">\n\t\t\t\t\t\t<div class=\"elementor-container elementor-column-gap-default\">\n\t\t\t\t\t<div class=\"elementor-column elementor-col-100 elementor-top-column elementor-element elementor-element-a02fa4d\" data-id=\"a02fa4d\" data-element_type=\"column\">\n\t\t\t<div class=\"elementor-widget-wrap elementor-element-populated\">\n\t\t\t\t\t\t<div class=\"elementor-element elementor-element-47ac310 elementor-widget elementor-widget-text-editor\" data-id=\"47ac310\" data-element_type=\"widget\" data-widget_type=\"text-editor.default\">\n\t\t\t\t<div class=\"elementor-widget-container\">\n\t\t\t\t\t\t\t<p><strong>T\u00edtulo<\/strong>: <a href=\"https:\/\/repositorio.ufsm.br\/bitstream\/handle\/1\/15099\/DIS_PPGEA_2018_BOSCAINI_RICARDO.pdf?sequence=1&amp;isAllowed=y\" target=\"_blank\" rel=\"noopener\">Desempenho de modelos de estimativa da radia\u00e7\u00e3o solar e avapotranspira\u00e7\u00e3o de refer\u00eancia<\/a><\/p><p><strong>Aluno<\/strong>: Ricardo Boscaini<\/p><p><strong>Professor Orientador<\/strong>: Dr. Adroaldo Dias Robaina<\/p>\t\t\t\t\t\t<\/div>\n\t\t\t\t<\/div>\n\t\t\t\t\t<\/div>\n\t\t<\/div>\n\t\t\t\t\t<\/div>\n\t\t<\/section>\n\t\t\t\t<section class=\"elementor-section elementor-top-section elementor-element elementor-element-be93644 elementor-section-boxed elementor-section-height-default elementor-section-height-default\" data-id=\"be93644\" data-element_type=\"section\">\n\t\t\t\t\t\t<div class=\"elementor-container elementor-column-gap-default\">\n\t\t\t\t\t<div class=\"elementor-column elementor-col-100 elementor-top-column elementor-element elementor-element-3ed943d\" data-id=\"3ed943d\" data-element_type=\"column\">\n\t\t\t<div class=\"elementor-widget-wrap elementor-element-populated\">\n\t\t\t\t\t\t<div class=\"elementor-element elementor-element-de228ef elementor-widget elementor-widget-text-editor\" data-id=\"de228ef\" data-element_type=\"widget\" data-widget_type=\"text-editor.default\">\n\t\t\t\t<div class=\"elementor-widget-container\">\n\t\t\t\t\t\t\t<p><strong>T\u00edtulo<\/strong>: <a href=\"https:\/\/repositorio.ufsm.br\/bitstream\/handle\/1\/15450\/DIS_PPGEA_2018_BELLOCHIO_SABRINA.pdf?sequence=1&amp;isAllowed=y\" target=\"_blank\" rel=\"noopener\">Identifica\u00e7\u00e3o e levantamento da presen\u00e7a dos dispositivos de ilumina\u00e7\u00e3o e sinaliza\u00e7\u00e3o para tr\u00e1fego, em tratores agr\u00edcolas<\/a><\/p><p><strong>Aluna<\/strong>: Sabrina Dalla Corte Bellochio<\/p><p><strong>Professor Orientador<\/strong>: Dr. Airton dos Santos Alon\u00e7o<\/p>\t\t\t\t\t\t<\/div>\n\t\t\t\t<\/div>\n\t\t\t\t\t<\/div>\n\t\t<\/div>\n\t\t\t\t\t<\/div>\n\t\t<\/section>\n\t\t\t\t<section class=\"elementor-section elementor-top-section elementor-element elementor-element-843d203 elementor-section-boxed elementor-section-height-default elementor-section-height-default\" data-id=\"843d203\" data-element_type=\"section\">\n\t\t\t\t\t\t<div class=\"elementor-container elementor-column-gap-default\">\n\t\t\t\t\t<div class=\"elementor-column elementor-col-100 elementor-top-column elementor-element elementor-element-1106337\" data-id=\"1106337\" data-element_type=\"column\">\n\t\t\t<div class=\"elementor-widget-wrap elementor-element-populated\">\n\t\t\t\t\t\t<div class=\"elementor-element elementor-element-56d576c elementor-widget elementor-widget-text-editor\" data-id=\"56d576c\" data-element_type=\"widget\" data-widget_type=\"text-editor.default\">\n\t\t\t\t<div class=\"elementor-widget-container\">\n\t\t\t\t\t\t\t<p><strong>T\u00edtulo<\/strong>: <a href=\"https:\/\/repositorio.ufsm.br\/bitstream\/handle\/1\/14090\/DIS_PPGEA_2018_FRUET_SAULO.pdf?sequence=1&amp;isAllowed=y\" target=\"_blank\" rel=\"noopener\">Comportamento de duas esp\u00e9cies florestais arb\u00f3reas cultivadas <em>in vitro<\/em> e <em>in vivo<\/em> em fun\u00e7\u00e3o do cobre<\/a><\/p><p><strong>Aluno<\/strong>: Saulo Francisco Telles Fruet<\/p><p><strong>Professor Orientador<\/strong>: Dr. Alexandre Swarowsky<\/p>\t\t\t\t\t\t<\/div>\n\t\t\t\t<\/div>\n\t\t\t\t\t<\/div>\n\t\t<\/div>\n\t\t\t\t\t<\/div>\n\t\t<\/section>\n\t\t\t\t<section class=\"elementor-section elementor-top-section elementor-element elementor-element-24a03f8 elementor-section-boxed elementor-section-height-default elementor-section-height-default\" data-id=\"24a03f8\" data-element_type=\"section\">\n\t\t\t\t\t\t<div class=\"elementor-container elementor-column-gap-default\">\n\t\t\t\t\t<div class=\"elementor-column elementor-col-100 elementor-top-column elementor-element elementor-element-cd34987\" data-id=\"cd34987\" data-element_type=\"column\">\n\t\t\t<div class=\"elementor-widget-wrap elementor-element-populated\">\n\t\t\t\t\t\t<div class=\"elementor-element elementor-element-4f5d5e1 elementor-widget elementor-widget-text-editor\" data-id=\"4f5d5e1\" data-element_type=\"widget\" data-widget_type=\"text-editor.default\">\n\t\t\t\t<div class=\"elementor-widget-container\">\n\t\t\t\t\t\t\t<p><strong>T\u00edtulo<\/strong>: <a href=\"https:\/\/repositorio.ufsm.br\/bitstream\/handle\/1\/15953\/DIS_PPGEA_2018_BELINAZZO_WILLIAM.pdf?sequence=1&amp;isAllowed=y\" target=\"_blank\" rel=\"noopener\">Aperfei\u00e7oamento de uma bancada para teste de vida acelerada em sistemas eletr\u00f4nicos embarcados em m\u00e1quinas agr\u00edcolas<\/a><\/p><p><strong>Aluno<\/strong>: William Vaz Belinazzo<\/p><p><strong>Professor Orientador<\/strong>: Dr. Leonardo Nabaes Romano\u00a0<\/p>\t\t\t\t\t\t<\/div>\n\t\t\t\t<\/div>\n\t\t\t\t\t<\/div>\n\t\t<\/div>\n\t\t\t\t\t<\/div>\n\t\t<\/section>\n\t\t\t\t<\/div>\n\t\t","protected":false},"excerpt":{"rendered":"<p>T\u00edtulo:\u00a0Avalia\u00e7\u00e3o de mecanismos dosadores na distribui\u00e7\u00e3o longitudinal de sementes de feij\u00e3o-caupi (Vigna unguiculata (L.) Walp) Aluno:\u00a0Antonio Robson Moreira Professor Orientador: Dr. Airton dos Santos Alon\u00e7o T\u00edtulo: Manejo biol\u00f3gico de Meloidogyne javanica em hortali\u00e7as: aplica\u00e7\u00e3o de caldos fermentados enzim\u00e1ticos oriundos de matrizes f\u00fangicas Aluno: Breno Bevilaqua Heinz Professor Orientador: Dr. M\u00e1rcio Antonio Mazutti T\u00edtulo: Demanda de [&hellip;]<\/p>\n","protected":false},"author":871,"featured_media":0,"parent":0,"menu_order":0,"comment_status":"closed","ping_status":"closed","template":"","meta":{"footnotes":""},"categories":[],"tags":[],"class_list":["post-542","page","type-page","status-publish","hentry"],"acf":[],"_links":{"self":[{"href":"https:\/\/www.ufsm.br\/cursos\/pos-graduacao\/santa-maria\/ppgea\/wp-json\/wp\/v2\/pages\/542","targetHints":{"allow":["GET"]}}],"collection":[{"href":"https:\/\/www.ufsm.br\/cursos\/pos-graduacao\/santa-maria\/ppgea\/wp-json\/wp\/v2\/pages"}],"about":[{"href":"https:\/\/www.ufsm.br\/cursos\/pos-graduacao\/santa-maria\/ppgea\/wp-json\/wp\/v2\/types\/page"}],"author":[{"embeddable":true,"href":"https:\/\/www.ufsm.br\/cursos\/pos-graduacao\/santa-maria\/ppgea\/wp-json\/wp\/v2\/users\/871"}],"replies":[{"embeddable":true,"href":"https:\/\/www.ufsm.br\/cursos\/pos-graduacao\/santa-maria\/ppgea\/wp-json\/wp\/v2\/comments?post=542"}],"version-history":[{"count":0,"href":"https:\/\/www.ufsm.br\/cursos\/pos-graduacao\/santa-maria\/ppgea\/wp-json\/wp\/v2\/pages\/542\/revisions"}],"wp:attachment":[{"href":"https:\/\/www.ufsm.br\/cursos\/pos-graduacao\/santa-maria\/ppgea\/wp-json\/wp\/v2\/media?parent=542"}],"wp:term":[{"taxonomy":"category","embeddable":true,"href":"https:\/\/www.ufsm.br\/cursos\/pos-graduacao\/santa-maria\/ppgea\/wp-json\/wp\/v2\/categories?post=542"},{"taxonomy":"post_tag","embeddable":true,"href":"https:\/\/www.ufsm.br\/cursos\/pos-graduacao\/santa-maria\/ppgea\/wp-json\/wp\/v2\/tags?post=542"}],"curies":[{"name":"wp","href":"https:\/\/api.w.org\/{rel}","templated":true}]}}