{"id":543,"date":"2019-09-10T10:36:14","date_gmt":"2019-09-10T13:36:14","guid":{"rendered":"https:\/\/www.ufsm.br\/cursos\/pos-graduacao\/santa-maria\/ppgea\/?page_id=543"},"modified":"2019-11-19T14:18:16","modified_gmt":"2019-11-19T17:18:16","slug":"dissertacoes-2017","status":"publish","type":"page","link":"https:\/\/www.ufsm.br\/cursos\/pos-graduacao\/santa-maria\/ppgea\/dissertacoes-2017","title":{"rendered":"Disserta\u00e7\u00f5es 2017"},"content":{"rendered":"\t\t<div data-elementor-type=\"wp-page\" data-elementor-id=\"543\" class=\"elementor elementor-543\">\n\t\t\t\t\t\t<section class=\"elementor-section elementor-top-section elementor-element elementor-element-4683792 elementor-section-boxed elementor-section-height-default elementor-section-height-default\" data-id=\"4683792\" data-element_type=\"section\">\n\t\t\t\t\t\t<div class=\"elementor-container elementor-column-gap-default\">\n\t\t\t\t\t<div class=\"elementor-column elementor-col-100 elementor-top-column elementor-element elementor-element-ea843f8\" data-id=\"ea843f8\" data-element_type=\"column\">\n\t\t\t<div class=\"elementor-widget-wrap elementor-element-populated\">\n\t\t\t\t\t\t<div class=\"elementor-element elementor-element-f911496 elementor-widget elementor-widget-text-editor\" data-id=\"f911496\" data-element_type=\"widget\" data-widget_type=\"text-editor.default\">\n\t\t\t\t<div class=\"elementor-widget-container\">\n\t\t\t\t\t\t\t<p><strong>T\u00edtulo<\/strong>: <a href=\"https:\/\/repositorio.ufsm.br\/bitstream\/handle\/1\/11663\/Peccatti%2c%20Aline.pdf?sequence=1&amp;isAllowed=y\" target=\"_blank\" rel=\"noopener\">Crescimento inicial de Bauhinia forficata Link. e Maytenus ilicifolia Mart. ex Reissek. produzidas com insumos ecol\u00f3gicos<\/a><\/p><p><strong>Aluna<\/strong>:\u00a0Aline Peccatti<\/p><p><strong>Professora Orientadora<\/strong>: Dr. Ana Paula Moreira Rovedder<\/p>\t\t\t\t\t\t<\/div>\n\t\t\t\t<\/div>\n\t\t\t\t\t<\/div>\n\t\t<\/div>\n\t\t\t\t\t<\/div>\n\t\t<\/section>\n\t\t\t\t<section class=\"elementor-section elementor-top-section elementor-element elementor-element-4666c9b elementor-section-boxed elementor-section-height-default elementor-section-height-default\" data-id=\"4666c9b\" data-element_type=\"section\">\n\t\t\t\t\t\t<div class=\"elementor-container elementor-column-gap-default\">\n\t\t\t\t\t<div class=\"elementor-column elementor-col-100 elementor-top-column elementor-element elementor-element-e213e96\" data-id=\"e213e96\" data-element_type=\"column\">\n\t\t\t<div class=\"elementor-widget-wrap elementor-element-populated\">\n\t\t\t\t\t\t<div class=\"elementor-element elementor-element-fb8b516 elementor-widget elementor-widget-text-editor\" data-id=\"fb8b516\" data-element_type=\"widget\" data-widget_type=\"text-editor.default\">\n\t\t\t\t<div class=\"elementor-widget-container\">\n\t\t\t\t\t\t\t<p><strong>T\u00edtulo<\/strong>: Aprimoramento de um sistema de controle digital em malha fechada para simula\u00e7\u00e3o de chuva \u00e0 campo ou laborat\u00f3rio (publica\u00e7\u00e3o n\u00e3o autorizada &#8211; patente requerida)<\/p><p><strong>Aluno<\/strong>: Alvaro Ricardo Augustin<\/p><p><strong>Professor Orientador<\/strong>: Dr. Leonardo Nabaes Romano<\/p>\t\t\t\t\t\t<\/div>\n\t\t\t\t<\/div>\n\t\t\t\t\t<\/div>\n\t\t<\/div>\n\t\t\t\t\t<\/div>\n\t\t<\/section>\n\t\t\t\t<section class=\"elementor-section elementor-top-section elementor-element elementor-element-8c3cc8c elementor-section-boxed elementor-section-height-default elementor-section-height-default\" data-id=\"8c3cc8c\" data-element_type=\"section\">\n\t\t\t\t\t\t<div class=\"elementor-container elementor-column-gap-default\">\n\t\t\t\t\t<div class=\"elementor-column elementor-col-100 elementor-top-column elementor-element elementor-element-aef2812\" data-id=\"aef2812\" data-element_type=\"column\">\n\t\t\t<div class=\"elementor-widget-wrap elementor-element-populated\">\n\t\t\t\t\t\t<div class=\"elementor-element elementor-element-43ff67f elementor-widget elementor-widget-text-editor\" data-id=\"43ff67f\" data-element_type=\"widget\" data-widget_type=\"text-editor.default\">\n\t\t\t\t<div class=\"elementor-widget-container\">\n\t\t\t\t\t\t\t<p><strong>T\u00edtulo<\/strong>:\u00a0<a href=\"https:\/\/repositorio.ufsm.br\/bitstream\/handle\/1\/11739\/Pimenta%2c%20Bruna%20Dalcin.pdf?sequence=1&amp;isAllowed=y\" target=\"_blank\" rel=\"noopener\">An\u00e1lise de formula\u00e7\u00f5es expl\u00edcitas do coeficiente de perda de carga em condutos pressurizados<\/a><\/p><p><strong style=\"line-height: 1.5\">Aluna<\/strong><span style=\"line-height: 1.5\">:\u00a0<\/span><span style=\"line-height: 1.5\">Bruna Dalcin Pimenta<\/span><\/p><p><strong>Professor Orientador<\/strong>: Dr. Adroaldo Dias Robaina<\/p>\t\t\t\t\t\t<\/div>\n\t\t\t\t<\/div>\n\t\t\t\t\t<\/div>\n\t\t<\/div>\n\t\t\t\t\t<\/div>\n\t\t<\/section>\n\t\t\t\t<section class=\"elementor-section elementor-top-section elementor-element elementor-element-f9b3c8b elementor-section-boxed elementor-section-height-default elementor-section-height-default\" data-id=\"f9b3c8b\" data-element_type=\"section\">\n\t\t\t\t\t\t<div class=\"elementor-container elementor-column-gap-default\">\n\t\t\t\t\t<div class=\"elementor-column elementor-col-100 elementor-top-column elementor-element elementor-element-84f2ce1\" data-id=\"84f2ce1\" data-element_type=\"column\">\n\t\t\t<div class=\"elementor-widget-wrap elementor-element-populated\">\n\t\t\t\t\t\t<div class=\"elementor-element elementor-element-20683a0 elementor-widget elementor-widget-text-editor\" data-id=\"20683a0\" data-element_type=\"widget\" data-widget_type=\"text-editor.default\">\n\t\t\t\t<div class=\"elementor-widget-container\">\n\t\t\t\t\t\t\t<p><strong>T\u00edtulo<\/strong>:\u00a0<a href=\"https:\/\/repositorio.ufsm.br\/bitstream\/handle\/1\/11354\/Becker%2c%20Camila%20Coelho.pdf?sequence=1&amp;isAllowed=y\" target=\"_blank\" rel=\"noopener\">Data de plantio de glad\u00edolo para comercializa\u00e7\u00e3o em dois picos de consumo no clima atual e em climas futuros no Rio Grande do Sul utilizando o Modelo PhenoGlad<\/a><\/p><p><strong>Aluna<\/strong>:\u00a0Camila Coelho Becker<\/p><p><strong>Professor Orientador<\/strong>: Dr. Nereu Augusto Streck<\/p>\t\t\t\t\t\t<\/div>\n\t\t\t\t<\/div>\n\t\t\t\t\t<\/div>\n\t\t<\/div>\n\t\t\t\t\t<\/div>\n\t\t<\/section>\n\t\t\t\t<section class=\"elementor-section elementor-top-section elementor-element elementor-element-3d80e04 elementor-section-boxed elementor-section-height-default elementor-section-height-default\" data-id=\"3d80e04\" data-element_type=\"section\">\n\t\t\t\t\t\t<div class=\"elementor-container elementor-column-gap-default\">\n\t\t\t\t\t<div class=\"elementor-column elementor-col-100 elementor-top-column elementor-element elementor-element-c5e80de\" data-id=\"c5e80de\" data-element_type=\"column\">\n\t\t\t<div class=\"elementor-widget-wrap elementor-element-populated\">\n\t\t\t\t\t\t<div class=\"elementor-element elementor-element-71bce98 elementor-widget elementor-widget-text-editor\" data-id=\"71bce98\" data-element_type=\"widget\" data-widget_type=\"text-editor.default\">\n\t\t\t\t<div class=\"elementor-widget-container\">\n\t\t\t\t\t\t\t<p><strong>T\u00edtulo<\/strong>: <a href=\"https:\/\/repositorio.ufsm.br\/bitstream\/handle\/1\/14054\/DIS_PPGEA_2017_TODERO_IZELMAR.pdf?sequence=1&amp;isAllowed=y\" target=\"_blank\" rel=\"noopener\">Desenvolvimento de um bioherbicida a partir de metab\u00f3litos de <em>Phoma sp<\/em>. para o manejo de plantas daninhas<\/a><\/p><p><strong>Aluno<\/strong>:\u00a0Izelmar Todero<\/p><p><strong>Professor Orientador<\/strong>: Dr. Marcio Antonio Mazutti<\/p>\t\t\t\t\t\t<\/div>\n\t\t\t\t<\/div>\n\t\t\t\t\t<\/div>\n\t\t<\/div>\n\t\t\t\t\t<\/div>\n\t\t<\/section>\n\t\t\t\t<section class=\"elementor-section elementor-top-section elementor-element elementor-element-1b37dc3 elementor-section-boxed elementor-section-height-default elementor-section-height-default\" data-id=\"1b37dc3\" data-element_type=\"section\">\n\t\t\t\t\t\t<div class=\"elementor-container elementor-column-gap-default\">\n\t\t\t\t\t<div class=\"elementor-column elementor-col-100 elementor-top-column elementor-element elementor-element-057725b\" data-id=\"057725b\" data-element_type=\"column\">\n\t\t\t<div class=\"elementor-widget-wrap elementor-element-populated\">\n\t\t\t\t\t\t<div class=\"elementor-element elementor-element-d100716 elementor-widget elementor-widget-text-editor\" data-id=\"d100716\" data-element_type=\"widget\" data-widget_type=\"text-editor.default\">\n\t\t\t\t<div class=\"elementor-widget-container\">\n\t\t\t\t\t\t\t<p><strong>T\u00edtulo<\/strong>:\u00a0<a href=\"https:\/\/repositorio.ufsm.br\/bitstream\/handle\/1\/11804\/Otonelli%2c%20Jaqueline.pdf?sequence=1&amp;isAllowed=y\" target=\"_blank\" rel=\"noopener\">Caracteriza\u00e7\u00e3o do uso e estado de conserva\u00e7\u00e3o de motosserras de Ciclo Otto 2 tempos<\/a><\/p><p><strong>Aluna<\/strong>:\u00a0Jaqueline Ottonelli<\/p><p><strong>Professora Orientadora<\/strong>: Dr.\u00aa Catize Brandelero<\/p>\t\t\t\t\t\t<\/div>\n\t\t\t\t<\/div>\n\t\t\t\t\t<\/div>\n\t\t<\/div>\n\t\t\t\t\t<\/div>\n\t\t<\/section>\n\t\t\t\t<section class=\"elementor-section elementor-top-section elementor-element elementor-element-511e8aa elementor-section-boxed elementor-section-height-default elementor-section-height-default\" data-id=\"511e8aa\" data-element_type=\"section\">\n\t\t\t\t\t\t<div class=\"elementor-container elementor-column-gap-default\">\n\t\t\t\t\t<div class=\"elementor-column elementor-col-100 elementor-top-column elementor-element elementor-element-897d25a\" data-id=\"897d25a\" data-element_type=\"column\">\n\t\t\t<div class=\"elementor-widget-wrap elementor-element-populated\">\n\t\t\t\t\t\t<div class=\"elementor-element elementor-element-0d51dcd elementor-widget elementor-widget-text-editor\" data-id=\"0d51dcd\" data-element_type=\"widget\" data-widget_type=\"text-editor.default\">\n\t\t\t\t<div class=\"elementor-widget-container\">\n\t\t\t\t\t\t\t<p><strong>T\u00edtulo<\/strong>:\u00a0<a href=\"https:\/\/repositorio.ufsm.br\/bitstream\/handle\/1\/11397\/Barbieri%2c%20Juan%20Paulo.pdf?sequence=1&amp;isAllowed=y\" target=\"_blank\" rel=\"noopener\">Atendimento a normas de seguran\u00e7a e ergonomia nos postos de opera\u00e7\u00e3o de tratores agr\u00edcolas<\/a><\/p><p><strong>Aluno<\/strong>:\u00a0Juan Paulo Barbieri<\/p><p><strong>Professor Orientador<\/strong>: Dr. Jos\u00e9 Fernando Schlosser<\/p>\t\t\t\t\t\t<\/div>\n\t\t\t\t<\/div>\n\t\t\t\t\t<\/div>\n\t\t<\/div>\n\t\t\t\t\t<\/div>\n\t\t<\/section>\n\t\t\t\t<section class=\"elementor-section elementor-top-section elementor-element elementor-element-04ca5cf elementor-section-boxed elementor-section-height-default elementor-section-height-default\" data-id=\"04ca5cf\" data-element_type=\"section\">\n\t\t\t\t\t\t<div class=\"elementor-container elementor-column-gap-default\">\n\t\t\t\t\t<div class=\"elementor-column elementor-col-100 elementor-top-column elementor-element elementor-element-6e26971\" data-id=\"6e26971\" data-element_type=\"column\">\n\t\t\t<div class=\"elementor-widget-wrap elementor-element-populated\">\n\t\t\t\t\t\t<div class=\"elementor-element elementor-element-e7ae4bf elementor-widget elementor-widget-text-editor\" data-id=\"e7ae4bf\" data-element_type=\"widget\" data-widget_type=\"text-editor.default\">\n\t\t\t\t<div class=\"elementor-widget-container\">\n\t\t\t\t\t\t\t<p><strong>T\u00edtulo<\/strong>:\u00a0<a href=\"https:\/\/repositorio.ufsm.br\/bitstream\/handle\/1\/11595\/Burtet%2c%20Leonardo%20Moreira.pdf?sequence=1&amp;isAllowed=y\" target=\"_blank\" rel=\"noopener\">Manejo de Spodoptera frugiperda (J. E. SMITH, 1797) com uso de milho Bt e inseticidas<\/a><\/p><p><strong>Aluno<\/strong>:\u00a0Leonardo Moreira Burtet<\/p><p><strong>Professor Orientador<\/strong>: Dr. Jerson V. Car\u00fas Gudes<\/p>\t\t\t\t\t\t<\/div>\n\t\t\t\t<\/div>\n\t\t\t\t\t<\/div>\n\t\t<\/div>\n\t\t\t\t\t<\/div>\n\t\t<\/section>\n\t\t\t\t<section class=\"elementor-section elementor-top-section elementor-element elementor-element-9493ff7 elementor-section-boxed elementor-section-height-default elementor-section-height-default\" data-id=\"9493ff7\" data-element_type=\"section\">\n\t\t\t\t\t\t<div class=\"elementor-container elementor-column-gap-default\">\n\t\t\t\t\t<div class=\"elementor-column elementor-col-100 elementor-top-column elementor-element elementor-element-89f9b2c\" data-id=\"89f9b2c\" data-element_type=\"column\">\n\t\t\t<div class=\"elementor-widget-wrap elementor-element-populated\">\n\t\t\t\t\t\t<div class=\"elementor-element elementor-element-3552798 elementor-widget elementor-widget-text-editor\" data-id=\"3552798\" data-element_type=\"widget\" data-widget_type=\"text-editor.default\">\n\t\t\t\t<div class=\"elementor-widget-container\">\n\t\t\t\t\t\t\t<p><strong>T\u00edtulo<\/strong>:\u00a0<a href=\"https:\/\/repositorio.ufsm.br\/bitstream\/handle\/1\/11798\/Silva%2c%20Marcela%20Peuckert%20Kamphorst%20Leal%20da.pdf?sequence=1&amp;isAllowed=y\" target=\"_blank\" rel=\"noopener\">Monitoramento de estrat\u00e9gias de nuclea\u00e7\u00e3o para restaura\u00e7\u00e3o ecol\u00f3gica no Bioma Mata Atl\u00e2ntica, Sul do Brasil<\/a><\/p><p><strong>Aluna<\/strong>:\u00a0Marcela Peuckert Kamphorst Leal da Silva<\/p><p><strong>Professora Orientadora<\/strong>: Dr.\u00aa Ana Paula Moreira Rovedder<\/p>\t\t\t\t\t\t<\/div>\n\t\t\t\t<\/div>\n\t\t\t\t\t<\/div>\n\t\t<\/div>\n\t\t\t\t\t<\/div>\n\t\t<\/section>\n\t\t\t\t<section class=\"elementor-section elementor-top-section elementor-element elementor-element-ea6df2a elementor-section-boxed elementor-section-height-default elementor-section-height-default\" data-id=\"ea6df2a\" data-element_type=\"section\">\n\t\t\t\t\t\t<div class=\"elementor-container elementor-column-gap-default\">\n\t\t\t\t\t<div class=\"elementor-column elementor-col-100 elementor-top-column elementor-element elementor-element-8128484\" data-id=\"8128484\" data-element_type=\"column\">\n\t\t\t<div class=\"elementor-widget-wrap elementor-element-populated\">\n\t\t\t\t\t\t<div class=\"elementor-element elementor-element-4b5e04f elementor-widget elementor-widget-text-editor\" data-id=\"4b5e04f\" data-element_type=\"widget\" data-widget_type=\"text-editor.default\">\n\t\t\t\t<div class=\"elementor-widget-container\">\n\t\t\t\t\t\t\t<p><strong>T\u00edtulo<\/strong>: <a href=\"https:\/\/repositorio.ufsm.br\/bitstream\/handle\/1\/13549\/DIS_PPGEA_2017_BAEZ_MARIA.pdf?sequence=1&amp;isAllowed=y\" target=\"_blank\" rel=\"noopener\">Parti\u00e7\u00e3o da evapotranspira\u00e7\u00e3o, rendimento de gr\u00e3os e retorno econ\u00f4mico da soja cultivada sob diferentes estrat\u00e9gias de irriga\u00e7\u00e3o<\/a><\/p><p><strong>Aluna<\/strong>:\u00a0Maria Soledad Armoa Baez<\/p><p><strong>Professora Orientadora<\/strong>: Dr.\u00aa Mirta Teresinha Petry<\/p>\t\t\t\t\t\t<\/div>\n\t\t\t\t<\/div>\n\t\t\t\t\t<\/div>\n\t\t<\/div>\n\t\t\t\t\t<\/div>\n\t\t<\/section>\n\t\t\t\t<section class=\"elementor-section elementor-top-section elementor-element elementor-element-9f5416b elementor-section-boxed elementor-section-height-default elementor-section-height-default\" data-id=\"9f5416b\" data-element_type=\"section\">\n\t\t\t\t\t\t<div class=\"elementor-container elementor-column-gap-default\">\n\t\t\t\t\t<div class=\"elementor-column elementor-col-100 elementor-top-column elementor-element elementor-element-a7a3087\" data-id=\"a7a3087\" data-element_type=\"column\">\n\t\t\t<div class=\"elementor-widget-wrap elementor-element-populated\">\n\t\t\t\t\t\t<div class=\"elementor-element elementor-element-a7faddd elementor-widget elementor-widget-text-editor\" data-id=\"a7faddd\" data-element_type=\"widget\" data-widget_type=\"text-editor.default\">\n\t\t\t\t<div class=\"elementor-widget-container\">\n\t\t\t\t\t\t\t<p><strong>T\u00edtulo<\/strong>:\u00a0<a href=\"https:\/\/repositorio.ufsm.br\/bitstream\/handle\/1\/11678\/Cadore%2c%20Pedro%20Ceretta.pdf?sequence=1&amp;isAllowed=y\" target=\"_blank\" rel=\"noopener\">Espectros de gotas e taxas de aplica\u00e7\u00e3o de fungicidas em diferentes hor\u00e1rios no controle da ferrugem asi\u00e1tica da soja<\/a><\/p><p><strong>Aluno<\/strong>:\u00a0Pedro Ceretta Cadore<\/p><p><strong>Professor Orientador<\/strong>: Dr. Ricardo Silveiro Balardin<\/p>\t\t\t\t\t\t<\/div>\n\t\t\t\t<\/div>\n\t\t\t\t\t<\/div>\n\t\t<\/div>\n\t\t\t\t\t<\/div>\n\t\t<\/section>\n\t\t\t\t<section class=\"elementor-section elementor-top-section elementor-element elementor-element-75a5ebb elementor-section-boxed elementor-section-height-default elementor-section-height-default\" data-id=\"75a5ebb\" data-element_type=\"section\">\n\t\t\t\t\t\t<div class=\"elementor-container elementor-column-gap-default\">\n\t\t\t\t\t<div class=\"elementor-column elementor-col-100 elementor-top-column elementor-element elementor-element-40e22e1\" data-id=\"40e22e1\" data-element_type=\"column\">\n\t\t\t<div class=\"elementor-widget-wrap elementor-element-populated\">\n\t\t\t\t\t\t<div class=\"elementor-element elementor-element-6f88ad3 elementor-widget elementor-widget-text-editor\" data-id=\"6f88ad3\" data-element_type=\"widget\" data-widget_type=\"text-editor.default\">\n\t\t\t\t<div class=\"elementor-widget-container\">\n\t\t\t\t\t\t\t<p><strong>T\u00edtulo<\/strong>:\u00a0<a href=\"https:\/\/repositorio.ufsm.br\/bitstream\/handle\/1\/14131\/DIS_PPGEA_2015_RODRIGUES_SILVANA.pdf?sequence=1&amp;isAllowed=y\" target=\"_blank\" rel=\"noopener\">Comportamento da pimenta biquinho (Capsicum chinense) submetida a diferentes l\u00e2minas de irriga\u00e7\u00e3o e substratos<\/a><\/p><p><strong>Aluna<\/strong>:\u00a0Silvana Antunes Rodrigues<\/p><p><strong>Professora orientadora<\/strong>: Dr.\u00aa Marcia Xavier Peiter<\/p>\t\t\t\t\t\t<\/div>\n\t\t\t\t<\/div>\n\t\t\t\t\t<\/div>\n\t\t<\/div>\n\t\t\t\t\t<\/div>\n\t\t<\/section>\n\t\t\t\t<section class=\"elementor-section elementor-top-section elementor-element elementor-element-2d1607e elementor-section-boxed elementor-section-height-default elementor-section-height-default\" data-id=\"2d1607e\" data-element_type=\"section\">\n\t\t\t\t\t\t<div class=\"elementor-container elementor-column-gap-default\">\n\t\t\t\t\t<div class=\"elementor-column elementor-col-100 elementor-top-column elementor-element elementor-element-de00113\" data-id=\"de00113\" data-element_type=\"column\">\n\t\t\t<div class=\"elementor-widget-wrap elementor-element-populated\">\n\t\t\t\t\t\t<div class=\"elementor-element elementor-element-a07834f elementor-widget elementor-widget-text-editor\" data-id=\"a07834f\" data-element_type=\"widget\" data-widget_type=\"text-editor.default\">\n\t\t\t\t<div class=\"elementor-widget-container\">\n\t\t\t\t\t\t\t<p><strong>T\u00edtulo<\/strong>:\u00a0<a href=\"https:\/\/repositorio.ufsm.br\/bitstream\/handle\/1\/11781\/Brand%2c%20Silvane%20Isabel.pdf?sequence=1&amp;isAllowed=y\" target=\"_blank\" rel=\"noopener\">Manchas foliares de altern\u00e1ria e sept\u00f3ria em girassol: modelagem da severidade e redu\u00e7\u00e3o da produtividade<\/a><\/p><p><strong>Aluno<\/strong>:\u00a0Silvane Isabel Brand<\/p><p><strong>Professor Orientador<\/strong>: Dr. Arno Bernardo Heldwein<\/p>\t\t\t\t\t\t<\/div>\n\t\t\t\t<\/div>\n\t\t\t\t\t<\/div>\n\t\t<\/div>\n\t\t\t\t\t<\/div>\n\t\t<\/section>\n\t\t\t\t<section class=\"elementor-section elementor-top-section elementor-element elementor-element-e2952dc elementor-section-boxed elementor-section-height-default elementor-section-height-default\" data-id=\"e2952dc\" data-element_type=\"section\">\n\t\t\t\t\t\t<div class=\"elementor-container elementor-column-gap-default\">\n\t\t\t\t\t<div class=\"elementor-column elementor-col-100 elementor-top-column elementor-element elementor-element-0e344d5\" data-id=\"0e344d5\" data-element_type=\"column\">\n\t\t\t<div class=\"elementor-widget-wrap elementor-element-populated\">\n\t\t\t\t\t\t<div class=\"elementor-element elementor-element-4e01795 elementor-widget elementor-widget-text-editor\" data-id=\"4e01795\" data-element_type=\"widget\" data-widget_type=\"text-editor.default\">\n\t\t\t\t<div class=\"elementor-widget-container\">\n\t\t\t\t\t\t\t<p><strong>T\u00edtulo<\/strong>:\u00a0<a href=\"https:\/\/repositorio.ufsm.br\/bitstream\/handle\/1\/11785\/Confortin%2c%20T%C3%A1ssia%20Carla.pdf?sequence=1&amp;isAllowed=y\" target=\"_blank\" rel=\"noopener\">A\u00e7\u00e3o fungicida de extratos de Lupinus albescens obtidos por diferentes tecnologias de extra\u00e7\u00e3o<\/a><\/p><p><strong>Aluno<\/strong>:\u00a0Tassia Carla Confortin<\/p><p><strong>Professor Orientador<\/strong>: Dr. Marcus Vinicius Tres<\/p>\t\t\t\t\t\t<\/div>\n\t\t\t\t<\/div>\n\t\t\t\t\t<\/div>\n\t\t<\/div>\n\t\t\t\t\t<\/div>\n\t\t<\/section>\n\t\t\t\t<section class=\"elementor-section elementor-top-section elementor-element elementor-element-005af6c elementor-section-boxed elementor-section-height-default elementor-section-height-default\" data-id=\"005af6c\" data-element_type=\"section\">\n\t\t\t\t\t\t<div class=\"elementor-container elementor-column-gap-default\">\n\t\t\t\t\t<div class=\"elementor-column elementor-col-100 elementor-top-column elementor-element elementor-element-62458e8\" data-id=\"62458e8\" data-element_type=\"column\">\n\t\t\t<div class=\"elementor-widget-wrap elementor-element-populated\">\n\t\t\t\t\t\t<div class=\"elementor-element elementor-element-c1c6cc3 elementor-widget elementor-widget-text-editor\" data-id=\"c1c6cc3\" data-element_type=\"widget\" data-widget_type=\"text-editor.default\">\n\t\t\t\t<div class=\"elementor-widget-container\">\n\t\t\t\t\t\t\t<p><strong>T\u00edtulo<\/strong>:\u00a0<a href=\"https:\/\/repositorio.ufsm.br\/bitstream\/handle\/1\/11598\/Morais%2c%20Tassiane%20Bolzan.pdf?sequence=1&amp;isAllowed=y\" target=\"_blank\" rel=\"noopener\">Efici\u00eancia do sombreamento e aduba\u00e7\u00e3o nitrogenada na cultura do tomateiro (<em>Lycopersicon esculentum<\/em>) em cultivo protegido<\/a><\/p><p><strong>Aluna<\/strong>:\u00a0Tassiane Bolzan Morais<\/p><p><strong style=\"line-height: 1.5\">Professor Orientador<\/strong><span style=\"line-height: 1.5\">: Dr. Alexandre Swarowsky<\/span><\/p>\t\t\t\t\t\t<\/div>\n\t\t\t\t<\/div>\n\t\t\t\t\t<\/div>\n\t\t<\/div>\n\t\t\t\t\t<\/div>\n\t\t<\/section>\n\t\t\t\t<section class=\"elementor-section elementor-top-section elementor-element elementor-element-b20c848 elementor-section-boxed elementor-section-height-default elementor-section-height-default\" data-id=\"b20c848\" data-element_type=\"section\">\n\t\t\t\t\t\t<div class=\"elementor-container elementor-column-gap-default\">\n\t\t\t\t\t<div class=\"elementor-column elementor-col-100 elementor-top-column elementor-element elementor-element-7bf5fb1\" data-id=\"7bf5fb1\" data-element_type=\"column\">\n\t\t\t<div class=\"elementor-widget-wrap elementor-element-populated\">\n\t\t\t\t\t\t<div class=\"elementor-element elementor-element-88b8d4b elementor-widget elementor-widget-text-editor\" data-id=\"88b8d4b\" data-element_type=\"widget\" data-widget_type=\"text-editor.default\">\n\t\t\t\t<div class=\"elementor-widget-container\">\n\t\t\t\t\t\t\t<p><strong>T\u00edtulo<\/strong>:\u00a0<a href=\"https:\/\/repositorio.ufsm.br\/bitstream\/handle\/1\/11548\/Mezzomo%2c%20Wellington.pdf?sequence=1&amp;isAllowed=y\" target=\"_blank\" rel=\"noopener\">Influ\u00eancia de diferentes manejos de \u00e1gua sob o crescimento do capim sud\u00e3o (<em>Sorghum sudanense<\/em> (Piper) Stapf)<\/a><\/p><p><strong>Aluno<\/strong>:\u00a0Wellington Mezzomo<\/p><p><strong>Professora Orientadora<\/strong>: Dr.\u00aa Marcia Xavier Peiter<\/p>\t\t\t\t\t\t<\/div>\n\t\t\t\t<\/div>\n\t\t\t\t\t<\/div>\n\t\t<\/div>\n\t\t\t\t\t<\/div>\n\t\t<\/section>\n\t\t\t\t<\/div>\n\t\t","protected":false},"excerpt":{"rendered":"<p>T\u00edtulo: Crescimento inicial de Bauhinia forficata Link. e Maytenus ilicifolia Mart. ex Reissek. produzidas com insumos ecol\u00f3gicos Aluna:\u00a0Aline Peccatti Professora Orientadora: Dr. Ana Paula Moreira Rovedder T\u00edtulo: Aprimoramento de um sistema de controle digital em malha fechada para simula\u00e7\u00e3o de chuva \u00e0 campo ou laborat\u00f3rio (publica\u00e7\u00e3o n\u00e3o autorizada &#8211; patente requerida) Aluno: Alvaro Ricardo Augustin [&hellip;]<\/p>\n","protected":false},"author":871,"featured_media":0,"parent":0,"menu_order":0,"comment_status":"closed","ping_status":"closed","template":"","meta":{"footnotes":""},"categories":[],"tags":[],"class_list":["post-543","page","type-page","status-publish","hentry"],"acf":[],"_links":{"self":[{"href":"https:\/\/www.ufsm.br\/cursos\/pos-graduacao\/santa-maria\/ppgea\/wp-json\/wp\/v2\/pages\/543","targetHints":{"allow":["GET"]}}],"collection":[{"href":"https:\/\/www.ufsm.br\/cursos\/pos-graduacao\/santa-maria\/ppgea\/wp-json\/wp\/v2\/pages"}],"about":[{"href":"https:\/\/www.ufsm.br\/cursos\/pos-graduacao\/santa-maria\/ppgea\/wp-json\/wp\/v2\/types\/page"}],"author":[{"embeddable":true,"href":"https:\/\/www.ufsm.br\/cursos\/pos-graduacao\/santa-maria\/ppgea\/wp-json\/wp\/v2\/users\/871"}],"replies":[{"embeddable":true,"href":"https:\/\/www.ufsm.br\/cursos\/pos-graduacao\/santa-maria\/ppgea\/wp-json\/wp\/v2\/comments?post=543"}],"version-history":[{"count":0,"href":"https:\/\/www.ufsm.br\/cursos\/pos-graduacao\/santa-maria\/ppgea\/wp-json\/wp\/v2\/pages\/543\/revisions"}],"wp:attachment":[{"href":"https:\/\/www.ufsm.br\/cursos\/pos-graduacao\/santa-maria\/ppgea\/wp-json\/wp\/v2\/media?parent=543"}],"wp:term":[{"taxonomy":"category","embeddable":true,"href":"https:\/\/www.ufsm.br\/cursos\/pos-graduacao\/santa-maria\/ppgea\/wp-json\/wp\/v2\/categories?post=543"},{"taxonomy":"post_tag","embeddable":true,"href":"https:\/\/www.ufsm.br\/cursos\/pos-graduacao\/santa-maria\/ppgea\/wp-json\/wp\/v2\/tags?post=543"}],"curies":[{"name":"wp","href":"https:\/\/api.w.org\/{rel}","templated":true}]}}