{"id":583,"date":"2019-11-14T15:20:53","date_gmt":"2019-11-14T18:20:53","guid":{"rendered":"https:\/\/www.ufsm.br\/cursos\/pos-graduacao\/santa-maria\/ppgea\/?page_id=583"},"modified":"2021-05-24T09:27:04","modified_gmt":"2021-05-24T12:27:04","slug":"teses-2017","status":"publish","type":"page","link":"https:\/\/www.ufsm.br\/cursos\/pos-graduacao\/santa-maria\/ppgea\/teses-2017","title":{"rendered":"Teses 2017"},"content":{"rendered":"\t\t<div data-elementor-type=\"wp-page\" data-elementor-id=\"583\" class=\"elementor elementor-583\">\n\t\t\t\t\t\t<section class=\"elementor-section elementor-top-section elementor-element elementor-element-e8fb50a elementor-section-boxed elementor-section-height-default elementor-section-height-default\" data-id=\"e8fb50a\" data-element_type=\"section\">\n\t\t\t\t\t\t<div class=\"elementor-container elementor-column-gap-default\">\n\t\t\t\t\t<div class=\"elementor-column elementor-col-100 elementor-top-column elementor-element elementor-element-af32829\" data-id=\"af32829\" data-element_type=\"column\">\n\t\t\t<div class=\"elementor-widget-wrap elementor-element-populated\">\n\t\t\t\t\t\t<div class=\"elementor-element elementor-element-902ee70 elementor-widget elementor-widget-text-editor\" data-id=\"902ee70\" data-element_type=\"widget\" data-widget_type=\"text-editor.default\">\n\t\t\t\t<div class=\"elementor-widget-container\">\n\t\t\t\t\t\t\t<p><strong>T\u00edtulo<\/strong>:\u00a0<a href=\"https:\/\/repositorio.ufsm.br\/bitstream\/handle\/1\/11349\/Martini%2c%20Alfran%20Tellechea.pdf?sequence=1&amp;isAllowed=y\" target=\"_blank\" rel=\"noopener\">Inspe\u00e7\u00e3o t\u00e9cnica de pulverizadores agr\u00edcolas conforme a norma ISO 16122<\/a><\/p><p><strong>Aluno<\/strong>: Alfran Tellechea Martini<\/p><p><strong>Professor Orientador<\/strong>: Dr. Jos\u00e9 Fernando Schlosser<\/p>\t\t\t\t\t\t<\/div>\n\t\t\t\t<\/div>\n\t\t\t\t\t<\/div>\n\t\t<\/div>\n\t\t\t\t\t<\/div>\n\t\t<\/section>\n\t\t\t\t<section class=\"elementor-section elementor-top-section elementor-element elementor-element-e909f24 elementor-section-boxed elementor-section-height-default elementor-section-height-default\" data-id=\"e909f24\" data-element_type=\"section\">\n\t\t\t\t\t\t<div class=\"elementor-container elementor-column-gap-default\">\n\t\t\t\t\t<div class=\"elementor-column elementor-col-100 elementor-top-column elementor-element elementor-element-37e03d6\" data-id=\"37e03d6\" data-element_type=\"column\">\n\t\t\t<div class=\"elementor-widget-wrap elementor-element-populated\">\n\t\t\t\t\t\t<div class=\"elementor-element elementor-element-af05284 elementor-widget elementor-widget-text-editor\" data-id=\"af05284\" data-element_type=\"widget\" data-widget_type=\"text-editor.default\">\n\t\t\t\t<div class=\"elementor-widget-container\">\n\t\t\t\t\t\t\t<p><strong>T\u00edtulo<\/strong>:\u00a0<a href=\"https:\/\/repositorio.ufsm.br\/bitstream\/handle\/1\/14084\/TES_PPGEA_2017_SANTOS_CESAR.pdf?sequence=1&amp;isAllowed=y\" target=\"_blank\" rel=\"noopener\">Sistematiza\u00e7\u00e3o de conhecimento para qualifica\u00e7\u00e3o de pontas aspersoras para simuladores de chuva<\/a><\/p><p><strong>Aluno<\/strong>: Cesar Gabriel dos Santos<\/p><p><strong>Professor Orientador<\/strong>: Dr. Leonardo Nabaes Romano<\/p>\t\t\t\t\t\t<\/div>\n\t\t\t\t<\/div>\n\t\t\t\t\t<\/div>\n\t\t<\/div>\n\t\t\t\t\t<\/div>\n\t\t<\/section>\n\t\t\t\t<section class=\"elementor-section elementor-top-section elementor-element elementor-element-c30bdd9 elementor-section-boxed elementor-section-height-default elementor-section-height-default\" data-id=\"c30bdd9\" data-element_type=\"section\">\n\t\t\t\t\t\t<div class=\"elementor-container elementor-column-gap-default\">\n\t\t\t\t\t<div class=\"elementor-column elementor-col-100 elementor-top-column elementor-element elementor-element-ac8bc03\" data-id=\"ac8bc03\" data-element_type=\"column\">\n\t\t\t<div class=\"elementor-widget-wrap elementor-element-populated\">\n\t\t\t\t\t\t<div class=\"elementor-element elementor-element-2517488 elementor-widget elementor-widget-text-editor\" data-id=\"2517488\" data-element_type=\"widget\" data-widget_type=\"text-editor.default\">\n\t\t\t\t<div class=\"elementor-widget-container\">\n\t\t\t\t\t\t\t<p><strong>T\u00edtulo<\/strong>:\u00a0<a href=\"https:\/\/repositorio.ufsm.br\/bitstream\/handle\/1\/18097\/TES_PPGEA_2017_NOGUEIRA_CICERO.pdf?sequence=1&amp;isAllowed=y\" target=\"_blank\" rel=\"noopener\">Batata-doce irrigada para a produ\u00e7\u00e3o de etanol<\/a><\/p><p><strong>Aluno<\/strong>: Cicero Urbanetto Nogueira<\/p><p><strong>Professor Orientador<\/strong>: Dr. Marcio Antonio Mazutti<\/p>\t\t\t\t\t\t<\/div>\n\t\t\t\t<\/div>\n\t\t\t\t\t<\/div>\n\t\t<\/div>\n\t\t\t\t\t<\/div>\n\t\t<\/section>\n\t\t\t\t<section class=\"elementor-section elementor-top-section elementor-element elementor-element-9bb37c4 elementor-section-boxed elementor-section-height-default elementor-section-height-default\" data-id=\"9bb37c4\" data-element_type=\"section\">\n\t\t\t\t\t\t<div class=\"elementor-container elementor-column-gap-default\">\n\t\t\t\t\t<div class=\"elementor-column elementor-col-100 elementor-top-column elementor-element elementor-element-f70ff1c\" data-id=\"f70ff1c\" data-element_type=\"column\">\n\t\t\t<div class=\"elementor-widget-wrap elementor-element-populated\">\n\t\t\t\t\t\t<div class=\"elementor-element elementor-element-3984ea7 elementor-widget elementor-widget-text-editor\" data-id=\"3984ea7\" data-element_type=\"widget\" data-widget_type=\"text-editor.default\">\n\t\t\t\t<div class=\"elementor-widget-container\">\n\t\t\t\t\t\t\t<p><strong>T\u00edtulo<\/strong>: <a href=\"https:\/\/repositorio.ufsm.br\/bitstream\/handle\/1\/14094\/TES_PPGEA_2017_RODRIGUES_GERALDO.pdf?sequence=1&amp;isAllowed=y\" target=\"_blank\" rel=\"noopener\">Influ\u00eancia da irriga\u00e7\u00e3o e do manejo da desfolha sobre o balan\u00e7o h\u00eddrico e produ\u00e7\u00e3o de forragem de TIFTON 85<\/a><\/p><p><strong>Aluno<\/strong>: Geraldo Jos\u00e9 Rodrigues<\/p><p><strong>Professor Orientador<\/strong>: Dr. Reimar Carlesso<\/p>\t\t\t\t\t\t<\/div>\n\t\t\t\t<\/div>\n\t\t\t\t\t<\/div>\n\t\t<\/div>\n\t\t\t\t\t<\/div>\n\t\t<\/section>\n\t\t\t\t<section class=\"elementor-section elementor-top-section elementor-element elementor-element-2bf1d00 elementor-section-boxed elementor-section-height-default elementor-section-height-default\" data-id=\"2bf1d00\" data-element_type=\"section\">\n\t\t\t\t\t\t<div class=\"elementor-container elementor-column-gap-default\">\n\t\t\t\t\t<div class=\"elementor-column elementor-col-100 elementor-top-column elementor-element elementor-element-5becaa6\" data-id=\"5becaa6\" data-element_type=\"column\">\n\t\t\t<div class=\"elementor-widget-wrap elementor-element-populated\">\n\t\t\t\t\t\t<div class=\"elementor-element elementor-element-28b4e90 elementor-widget elementor-widget-text-editor\" data-id=\"28b4e90\" data-element_type=\"widget\" data-widget_type=\"text-editor.default\">\n\t\t\t\t<div class=\"elementor-widget-container\">\n\t\t\t\t\t\t\t<p><strong>T\u00edtulo<\/strong>: Concep\u00e7\u00e3o de um simulador de chuva m\u00f3vel para utiliza\u00e7\u00e3o em pesquisas agr\u00edcolas no campo ou em laborat\u00f3rio (publica\u00e7\u00e3o n\u00e3o autorizada \u2013 patente requerida)<\/p><p><strong>Aluno<\/strong>:\u00a0Gilmar Fernando Vogel<\/p><p><strong>Professor Orientador<\/strong>: Dr. Leonardo Nabaes Romano<\/p>\t\t\t\t\t\t<\/div>\n\t\t\t\t<\/div>\n\t\t\t\t\t<\/div>\n\t\t<\/div>\n\t\t\t\t\t<\/div>\n\t\t<\/section>\n\t\t\t\t<section class=\"elementor-section elementor-top-section elementor-element elementor-element-db5c198 elementor-section-boxed elementor-section-height-default elementor-section-height-default\" data-id=\"db5c198\" data-element_type=\"section\">\n\t\t\t\t\t\t<div class=\"elementor-container elementor-column-gap-default\">\n\t\t\t\t\t<div class=\"elementor-column elementor-col-100 elementor-top-column elementor-element elementor-element-186c83d\" data-id=\"186c83d\" data-element_type=\"column\">\n\t\t\t<div class=\"elementor-widget-wrap elementor-element-populated\">\n\t\t\t\t\t\t<div class=\"elementor-element elementor-element-8610194 elementor-widget elementor-widget-text-editor\" data-id=\"8610194\" data-element_type=\"widget\" data-widget_type=\"text-editor.default\">\n\t\t\t\t<div class=\"elementor-widget-container\">\n\t\t\t\t\t\t\t<p><strong>T\u00edtulo<\/strong>: <a href=\"https:\/\/repositorio.ufsm.br\/bitstream\/handle\/1\/17879\/TES_PPGEA_2017_SANTOS_GUSTAVO_.pdf?sequence=1&amp;isAllowed=y\" target=\"_blank\" rel=\"noopener\">Vibra\u00e7\u00f5es em operador de trator agr\u00edcola na opera\u00e7\u00e3o de semeadura sob sistema plantio direto<\/a><\/p><p><strong>Aluno<\/strong>: Gustavo Oliveira dos Santos<\/p><p><strong>Professor Orientador<\/strong>: Dr. Jos\u00e9 Fernando Schlosser<\/p>\t\t\t\t\t\t<\/div>\n\t\t\t\t<\/div>\n\t\t\t\t\t<\/div>\n\t\t<\/div>\n\t\t\t\t\t<\/div>\n\t\t<\/section>\n\t\t\t\t<section class=\"elementor-section elementor-top-section elementor-element elementor-element-6ff14eb elementor-section-boxed elementor-section-height-default elementor-section-height-default\" data-id=\"6ff14eb\" data-element_type=\"section\">\n\t\t\t\t\t\t<div class=\"elementor-container elementor-column-gap-default\">\n\t\t\t\t\t<div class=\"elementor-column elementor-col-100 elementor-top-column elementor-element elementor-element-8199928\" data-id=\"8199928\" data-element_type=\"column\">\n\t\t\t<div class=\"elementor-widget-wrap elementor-element-populated\">\n\t\t\t\t\t\t<div class=\"elementor-element elementor-element-b53a507 elementor-widget elementor-widget-text-editor\" data-id=\"b53a507\" data-element_type=\"widget\" data-widget_type=\"text-editor.default\">\n\t\t\t\t<div class=\"elementor-widget-container\">\n\t\t\t\t\t\t\t<p><strong>T\u00edtulo<\/strong>:\u00a0Sele\u00e7\u00e3o de fungos visando a produ\u00e7\u00e3o de um bioherbicida para o controle de <em>Conyza sp<\/em><\/p><p><strong>Aluno<\/strong>:\u00a0Jair Joao Daniel Junior<\/p><p><strong>Professor Orientador<\/strong>: Dr. Marcio Antonio Mazutti<\/p>\t\t\t\t\t\t<\/div>\n\t\t\t\t<\/div>\n\t\t\t\t\t<\/div>\n\t\t<\/div>\n\t\t\t\t\t<\/div>\n\t\t<\/section>\n\t\t\t\t<section class=\"elementor-section elementor-top-section elementor-element elementor-element-2ed2dc9 elementor-section-boxed elementor-section-height-default elementor-section-height-default\" data-id=\"2ed2dc9\" data-element_type=\"section\">\n\t\t\t\t\t\t<div class=\"elementor-container elementor-column-gap-default\">\n\t\t\t\t\t<div class=\"elementor-column elementor-col-100 elementor-top-column elementor-element elementor-element-af9f475\" data-id=\"af9f475\" data-element_type=\"column\">\n\t\t\t<div class=\"elementor-widget-wrap elementor-element-populated\">\n\t\t\t\t\t\t<div class=\"elementor-element elementor-element-0b47b40 elementor-widget elementor-widget-text-editor\" data-id=\"0b47b40\" data-element_type=\"widget\" data-widget_type=\"text-editor.default\">\n\t\t\t\t<div class=\"elementor-widget-container\">\n\t\t\t\t\t\t\t<p><strong>T\u00edtulo<\/strong>: <a href=\"https:\/\/repositorio.ufsm.br\/bitstream\/handle\/1\/18657\/TES_PPGEA_2017_ROSSO_RICARDO.pdf?sequence=1&amp;isAllowed=y\" target=\"_blank\" rel=\"noopener\">Uso de camalh\u00f5es de base larga como alternativa para o cultivo de soja em terras baixas<\/a><\/p><p><strong>Aluno<\/strong>: Ricardo Benetti Rosso<\/p><p><strong>Professora Orientadora<\/strong>: Dr.\u00aa Marcia Xavier Peiter<\/p>\t\t\t\t\t\t<\/div>\n\t\t\t\t<\/div>\n\t\t\t\t\t<\/div>\n\t\t<\/div>\n\t\t\t\t\t<\/div>\n\t\t<\/section>\n\t\t\t\t<section class=\"elementor-section elementor-top-section elementor-element elementor-element-1932b9a elementor-section-boxed elementor-section-height-default elementor-section-height-default\" data-id=\"1932b9a\" data-element_type=\"section\">\n\t\t\t\t\t\t<div class=\"elementor-container elementor-column-gap-default\">\n\t\t\t\t\t<div class=\"elementor-column elementor-col-100 elementor-top-column elementor-element elementor-element-6f7ae23\" data-id=\"6f7ae23\" data-element_type=\"column\">\n\t\t\t<div class=\"elementor-widget-wrap elementor-element-populated\">\n\t\t\t\t\t\t<div class=\"elementor-element elementor-element-67367a1 elementor-widget elementor-widget-text-editor\" data-id=\"67367a1\" data-element_type=\"widget\" data-widget_type=\"text-editor.default\">\n\t\t\t\t<div class=\"elementor-widget-container\">\n\t\t\t\t\t\t\t<p><strong>T\u00edtulo<\/strong>: <a href=\"https:\/\/repositorio.ufsm.br\/bitstream\/handle\/1\/14093\/TES_PPGEA_2017_PINHEIRO_SUZY.pdf?sequence=1&amp;isAllowed=y\" target=\"_blank\" rel=\"noopener\">Apicultura na regi\u00e3o do Pampa Ga\u00facho: caracteriza\u00e7\u00e3o do mel e da cadeia produtiva<\/a><\/p><p><strong>Aluna<\/strong>: Suzy Elizabeth Bandeira Pinheiro<\/p><p><strong>Professor Orientador<\/strong>: Dr. Altemir Jos\u00e9 Mossi<\/p>\t\t\t\t\t\t<\/div>\n\t\t\t\t<\/div>\n\t\t\t\t\t<\/div>\n\t\t<\/div>\n\t\t\t\t\t<\/div>\n\t\t<\/section>\n\t\t\t\t<section class=\"elementor-section elementor-top-section elementor-element elementor-element-357ae9d elementor-section-boxed elementor-section-height-default elementor-section-height-default\" data-id=\"357ae9d\" data-element_type=\"section\">\n\t\t\t\t\t\t<div class=\"elementor-container elementor-column-gap-default\">\n\t\t\t\t\t<div class=\"elementor-column elementor-col-100 elementor-top-column elementor-element elementor-element-c2207f9\" data-id=\"c2207f9\" data-element_type=\"column\">\n\t\t\t<div class=\"elementor-widget-wrap elementor-element-populated\">\n\t\t\t\t\t\t<div class=\"elementor-element elementor-element-1f1ad66 elementor-widget elementor-widget-text-editor\" data-id=\"1f1ad66\" data-element_type=\"widget\" data-widget_type=\"text-editor.default\">\n\t\t\t\t<div class=\"elementor-widget-container\">\n\t\t\t\t\t\t\t<p><strong>T\u00edtulo<\/strong>: <a href=\"https:\/\/repositorio.ufsm.br\/bitstream\/handle\/1\/13528\/TES_PPGEA_2017_BUSKE_TAISE.pdf?sequence=1&amp;isAllowed=y\" target=\"_blank\" rel=\"noopener\">Modelagem da perda de produtividade da cultura do milho em fun\u00e7\u00e3o da defici\u00eancia h\u00eddrica<\/a><\/p><p><strong>Aluna<\/strong>: Taise Cristine Buske<\/p><p><strong>Professor Orientador<\/strong>: Dr. Adroaldo Dias Robaina<\/p>\t\t\t\t\t\t<\/div>\n\t\t\t\t<\/div>\n\t\t\t\t\t<\/div>\n\t\t<\/div>\n\t\t\t\t\t<\/div>\n\t\t<\/section>\n\t\t\t\t<section class=\"elementor-section elementor-top-section elementor-element elementor-element-7756927 elementor-section-boxed elementor-section-height-default elementor-section-height-default\" data-id=\"7756927\" data-element_type=\"section\">\n\t\t\t\t\t\t<div class=\"elementor-container elementor-column-gap-default\">\n\t\t\t\t\t<div class=\"elementor-column elementor-col-100 elementor-top-column elementor-element elementor-element-994c32a\" data-id=\"994c32a\" data-element_type=\"column\">\n\t\t\t<div class=\"elementor-widget-wrap elementor-element-populated\">\n\t\t\t\t\t\t<div class=\"elementor-element elementor-element-60e20eb elementor-widget elementor-widget-text-editor\" data-id=\"60e20eb\" data-element_type=\"widget\" data-widget_type=\"text-editor.default\">\n\t\t\t\t<div class=\"elementor-widget-container\">\n\t\t\t\t\t\t\t<p><strong>T\u00edtulo<\/strong>: <a href=\"https:\/\/repositorio.ufsm.br\/bitstream\/handle\/1\/11570\/Francetto%2c%20Tiago%20Rodrigo.pdf?sequence=1&amp;isAllowed=y\" target=\"_blank\" rel=\"noopener\">Comportamento operacional de elementos sulcadores de fertilizante em fun\u00e7\u00e3o da dist\u00e2ncia dos mesmos para o mecanismo de corte<\/a><\/p><p><strong>Aluno<\/strong>: Tiago Rodrigo Francetto<\/p><p><strong>Professor Orientador<\/strong>: Dr. Airton dos Santos Alon\u00e7o<\/p>\t\t\t\t\t\t<\/div>\n\t\t\t\t<\/div>\n\t\t\t\t\t<\/div>\n\t\t<\/div>\n\t\t\t\t\t<\/div>\n\t\t<\/section>\n\t\t\t\t<section class=\"elementor-section elementor-top-section elementor-element elementor-element-1128984 elementor-section-boxed elementor-section-height-default elementor-section-height-default\" data-id=\"1128984\" data-element_type=\"section\">\n\t\t\t\t\t\t<div class=\"elementor-container elementor-column-gap-default\">\n\t\t\t\t\t<div class=\"elementor-column elementor-col-100 elementor-top-column elementor-element elementor-element-e76f7cd\" data-id=\"e76f7cd\" data-element_type=\"column\">\n\t\t\t<div class=\"elementor-widget-wrap elementor-element-populated\">\n\t\t\t\t\t\t<div class=\"elementor-element elementor-element-bdb9ea0 elementor-widget elementor-widget-text-editor\" data-id=\"bdb9ea0\" data-element_type=\"widget\" data-widget_type=\"text-editor.default\">\n\t\t\t\t<div class=\"elementor-widget-container\">\n\t\t\t\t\t\t\t<p><strong>T\u00edtulo<\/strong>:\u00a0<a href=\"https:\/\/repositorio.ufsm.br\/bitstream\/handle\/1\/11390\/Pereira%2c%20Tonismar%20dos%20Santos.pdf?sequence=1&amp;isAllowed=y\" target=\"_blank\" rel=\"noopener\">Uso de intelig\u00eancia artificial para estimativa da capacidade de suporte de carga do solo<\/a><\/p><p><strong>Aluno<\/strong>:\u00a0Tonismar dos Santos Pereira<\/p><p><strong>Professor Orientador<\/strong>: Dr. Adroaldo Dias Robaina<\/p>\t\t\t\t\t\t<\/div>\n\t\t\t\t<\/div>\n\t\t\t\t\t<\/div>\n\t\t<\/div>\n\t\t\t\t\t<\/div>\n\t\t<\/section>\n\t\t\t\t<\/div>\n\t\t","protected":false},"excerpt":{"rendered":"<p>T\u00edtulo:\u00a0Inspe\u00e7\u00e3o t\u00e9cnica de pulverizadores agr\u00edcolas conforme a norma ISO 16122 Aluno: Alfran Tellechea Martini Professor Orientador: Dr. Jos\u00e9 Fernando Schlosser T\u00edtulo:\u00a0Sistematiza\u00e7\u00e3o de conhecimento para qualifica\u00e7\u00e3o de pontas aspersoras para simuladores de chuva Aluno: Cesar Gabriel dos Santos Professor Orientador: Dr. Leonardo Nabaes Romano T\u00edtulo:\u00a0Batata-doce irrigada para a produ\u00e7\u00e3o de etanol Aluno: Cicero Urbanetto Nogueira Professor [&hellip;]<\/p>\n","protected":false},"author":871,"featured_media":0,"parent":0,"menu_order":0,"comment_status":"closed","ping_status":"closed","template":"","meta":{"footnotes":""},"categories":[],"tags":[],"class_list":["post-583","page","type-page","status-publish","hentry"],"acf":[],"_links":{"self":[{"href":"https:\/\/www.ufsm.br\/cursos\/pos-graduacao\/santa-maria\/ppgea\/wp-json\/wp\/v2\/pages\/583","targetHints":{"allow":["GET"]}}],"collection":[{"href":"https:\/\/www.ufsm.br\/cursos\/pos-graduacao\/santa-maria\/ppgea\/wp-json\/wp\/v2\/pages"}],"about":[{"href":"https:\/\/www.ufsm.br\/cursos\/pos-graduacao\/santa-maria\/ppgea\/wp-json\/wp\/v2\/types\/page"}],"author":[{"embeddable":true,"href":"https:\/\/www.ufsm.br\/cursos\/pos-graduacao\/santa-maria\/ppgea\/wp-json\/wp\/v2\/users\/871"}],"replies":[{"embeddable":true,"href":"https:\/\/www.ufsm.br\/cursos\/pos-graduacao\/santa-maria\/ppgea\/wp-json\/wp\/v2\/comments?post=583"}],"version-history":[{"count":0,"href":"https:\/\/www.ufsm.br\/cursos\/pos-graduacao\/santa-maria\/ppgea\/wp-json\/wp\/v2\/pages\/583\/revisions"}],"wp:attachment":[{"href":"https:\/\/www.ufsm.br\/cursos\/pos-graduacao\/santa-maria\/ppgea\/wp-json\/wp\/v2\/media?parent=583"}],"wp:term":[{"taxonomy":"category","embeddable":true,"href":"https:\/\/www.ufsm.br\/cursos\/pos-graduacao\/santa-maria\/ppgea\/wp-json\/wp\/v2\/categories?post=583"},{"taxonomy":"post_tag","embeddable":true,"href":"https:\/\/www.ufsm.br\/cursos\/pos-graduacao\/santa-maria\/ppgea\/wp-json\/wp\/v2\/tags?post=583"}],"curies":[{"name":"wp","href":"https:\/\/api.w.org\/{rel}","templated":true}]}}