{"id":600,"date":"2019-11-28T09:43:30","date_gmt":"2019-11-28T12:43:30","guid":{"rendered":"https:\/\/www.ufsm.br\/cursos\/pos-graduacao\/santa-maria\/ppgea\/?page_id=600"},"modified":"2019-11-28T10:38:14","modified_gmt":"2019-11-28T13:38:14","slug":"teses-2015","status":"publish","type":"page","link":"https:\/\/www.ufsm.br\/cursos\/pos-graduacao\/santa-maria\/ppgea\/teses-2015","title":{"rendered":"Teses 2015"},"content":{"rendered":"\t\t<div data-elementor-type=\"wp-page\" data-elementor-id=\"600\" class=\"elementor elementor-600\">\n\t\t\t\t\t\t<section class=\"elementor-section elementor-top-section elementor-element elementor-element-24b5411 elementor-section-boxed elementor-section-height-default elementor-section-height-default\" data-id=\"24b5411\" data-element_type=\"section\">\n\t\t\t\t\t\t<div class=\"elementor-container elementor-column-gap-default\">\n\t\t\t\t\t<div class=\"elementor-column elementor-col-100 elementor-top-column elementor-element elementor-element-c0cc32b\" data-id=\"c0cc32b\" data-element_type=\"column\">\n\t\t\t<div class=\"elementor-widget-wrap elementor-element-populated\">\n\t\t\t\t\t\t<div class=\"elementor-element elementor-element-1619d8e elementor-widget elementor-widget-text-editor\" data-id=\"1619d8e\" data-element_type=\"widget\" data-widget_type=\"text-editor.default\">\n\t\t\t\t<div class=\"elementor-widget-container\">\n\t\t\t\t\t\t\t<p><strong>T\u00edtulo<\/strong>:\u00a0<a href=\"https:\/\/repositorio.ufsm.br\/bitstream\/handle\/1\/3630\/MELO%2c%20ADRIANO%20ARRUE.pdf?sequence=1&amp;isAllowed=y\" target=\"_blank\" rel=\"noopener\">Influ\u00eancia de adjuvantes nas propriedades f\u00edsico-qu\u00edmicas da calda de inseticidas, na forma\u00e7\u00e3o de dep\u00f3sitos, penetra\u00e7\u00e3o cuticular e remo\u00e7\u00e3o pela chuva<\/a><\/p><p><strong>Aluno<\/strong>: Adriano Arru\u00e9 Melo<\/p><p><strong>Professor Orientador<\/strong>: Dr. Jerson V. Car\u00fas Guedes<\/p>\t\t\t\t\t\t<\/div>\n\t\t\t\t<\/div>\n\t\t\t\t\t<\/div>\n\t\t<\/div>\n\t\t\t\t\t<\/div>\n\t\t<\/section>\n\t\t\t\t<section class=\"elementor-section elementor-top-section elementor-element elementor-element-4a4bdfc elementor-section-boxed elementor-section-height-default elementor-section-height-default\" data-id=\"4a4bdfc\" data-element_type=\"section\">\n\t\t\t\t\t\t<div class=\"elementor-container elementor-column-gap-default\">\n\t\t\t\t\t<div class=\"elementor-column elementor-col-100 elementor-top-column elementor-element elementor-element-fd50190\" data-id=\"fd50190\" data-element_type=\"column\">\n\t\t\t<div class=\"elementor-widget-wrap elementor-element-populated\">\n\t\t\t\t\t\t<div class=\"elementor-element elementor-element-d197165 elementor-widget elementor-widget-text-editor\" data-id=\"d197165\" data-element_type=\"widget\" data-widget_type=\"text-editor.default\">\n\t\t\t\t<div class=\"elementor-widget-container\">\n\t\t\t\t\t\t\t<p><strong>T\u00edtulo<\/strong>:\u00a0<a href=\"https:\/\/repositorio.ufsm.br\/bitstream\/handle\/1\/3623\/FRANCESCHI%2c%20ALESSANDRO%20DE.pdf?sequence=1&amp;isAllowed=y\" target=\"_blank\" rel=\"noopener\">Sistem\u00e1tica de an\u00e1lise de falhas de equipamento agr\u00edcola sob a \u00f3tica de projeto do produto<\/a><\/p><p><strong>Aluno<\/strong>:\u00a0Alessandro de Franceschi<\/p><p><strong>Professor Orientador<\/strong>: Dr. Leonardo Nabaes Romano<\/p>\t\t\t\t\t\t<\/div>\n\t\t\t\t<\/div>\n\t\t\t\t\t<\/div>\n\t\t<\/div>\n\t\t\t\t\t<\/div>\n\t\t<\/section>\n\t\t\t\t<section class=\"elementor-section elementor-top-section elementor-element elementor-element-3ce95a5 elementor-section-boxed elementor-section-height-default elementor-section-height-default\" data-id=\"3ce95a5\" data-element_type=\"section\">\n\t\t\t\t\t\t<div class=\"elementor-container elementor-column-gap-default\">\n\t\t\t\t\t<div class=\"elementor-column elementor-col-100 elementor-top-column elementor-element elementor-element-32a2ece\" data-id=\"32a2ece\" data-element_type=\"column\">\n\t\t\t<div class=\"elementor-widget-wrap elementor-element-populated\">\n\t\t\t\t\t\t<div class=\"elementor-element elementor-element-30ce53f elementor-widget elementor-widget-text-editor\" data-id=\"30ce53f\" data-element_type=\"widget\" data-widget_type=\"text-editor.default\">\n\t\t\t\t<div class=\"elementor-widget-container\">\n\t\t\t\t\t\t\t<p><strong>T\u00edtulo<\/strong>: <a href=\"https:\/\/repositorio.ufsm.br\/bitstream\/handle\/1\/3632\/CASALI%2c%20ANDRE%20LUIS.pdf?sequence=1&amp;isAllowed=y\" target=\"_blank\" rel=\"noopener\">Caracteriza\u00e7\u00e3o, avalia\u00e7\u00e3o e classifica\u00e7\u00e3o dos pulverizadores autopropelidos produzidos no Brasil<\/a><\/p><p><strong>Aluno<\/strong>:\u00a0Andr\u00e9 Luis Casali<\/p><p><strong>Professor Orientador<\/strong>: Dr. Arno Udo Dallmeyer<\/p>\t\t\t\t\t\t<\/div>\n\t\t\t\t<\/div>\n\t\t\t\t\t<\/div>\n\t\t<\/div>\n\t\t\t\t\t<\/div>\n\t\t<\/section>\n\t\t\t\t<section class=\"elementor-section elementor-top-section elementor-element elementor-element-118db04 elementor-section-boxed elementor-section-height-default elementor-section-height-default\" data-id=\"118db04\" data-element_type=\"section\">\n\t\t\t\t\t\t<div class=\"elementor-container elementor-column-gap-default\">\n\t\t\t\t\t<div class=\"elementor-column elementor-col-100 elementor-top-column elementor-element elementor-element-2797729\" data-id=\"2797729\" data-element_type=\"column\">\n\t\t\t<div class=\"elementor-widget-wrap elementor-element-populated\">\n\t\t\t\t\t\t<div class=\"elementor-element elementor-element-75bb52b elementor-widget elementor-widget-text-editor\" data-id=\"75bb52b\" data-element_type=\"widget\" data-widget_type=\"text-editor.default\">\n\t\t\t\t<div class=\"elementor-widget-container\">\n\t\t\t\t\t\t\t<p><strong>T\u00edtulo<\/strong>:\u00a0<a href=\"https:\/\/repositorio.ufsm.br\/bitstream\/handle\/1\/3628\/SOUZA%2c%20ANGELICA%20ROSSANA%20CASTRO%20DE.pdf?sequence=1&amp;isAllowed=y\" target=\"_blank\" rel=\"noopener\">Obten\u00e7\u00e3o de isolados a partir de recursos biol\u00f3gicos do bioma pampa com potencial no controle de plantas daninhas<\/a><\/p><p><strong>Aluna<\/strong>:\u00a0Ang\u00e9lica Rossana Castro de Souza<\/p><p><strong>Professor Orientador<\/strong>: Dr. Marcio Antonio Mazutti<\/p>\t\t\t\t\t\t<\/div>\n\t\t\t\t<\/div>\n\t\t\t\t\t<\/div>\n\t\t<\/div>\n\t\t\t\t\t<\/div>\n\t\t<\/section>\n\t\t\t\t<section class=\"elementor-section elementor-top-section elementor-element elementor-element-156ac44 elementor-section-boxed elementor-section-height-default elementor-section-height-default\" data-id=\"156ac44\" data-element_type=\"section\">\n\t\t\t\t\t\t<div class=\"elementor-container elementor-column-gap-default\">\n\t\t\t\t\t<div class=\"elementor-column elementor-col-100 elementor-top-column elementor-element elementor-element-217dace\" data-id=\"217dace\" data-element_type=\"column\">\n\t\t\t<div class=\"elementor-widget-wrap elementor-element-populated\">\n\t\t\t\t\t\t<div class=\"elementor-element elementor-element-2ccb8fb elementor-widget elementor-widget-text-editor\" data-id=\"2ccb8fb\" data-element_type=\"widget\" data-widget_type=\"text-editor.default\">\n\t\t\t\t<div class=\"elementor-widget-container\">\n\t\t\t\t\t\t\t<p><strong>T\u00edtulo<\/strong>:\u00a0<a href=\"https:\/\/repositorio.ufsm.br\/bitstream\/handle\/1\/3633\/MAZIERO%2c%20ELISANDRA.pdf?sequence=1&amp;isAllowed=y\" target=\"_blank\" rel=\"noopener\">Avalia\u00e7\u00e3o competitiva de usos dos recursos h\u00eddricos em trechos de gerenciamento de rio: estrat\u00e9gia para subsidiar o licenciamento ambiental<\/a><\/p><p><strong>Aluna<\/strong>: Elisandra Maziero<\/p><p><strong>Professor Orientador<\/strong>: Dr. Geraldo Lopes da Silveira<\/p>\t\t\t\t\t\t<\/div>\n\t\t\t\t<\/div>\n\t\t\t\t\t<\/div>\n\t\t<\/div>\n\t\t\t\t\t<\/div>\n\t\t<\/section>\n\t\t\t\t<section class=\"elementor-section elementor-top-section elementor-element elementor-element-0a1be1a elementor-section-boxed elementor-section-height-default elementor-section-height-default\" data-id=\"0a1be1a\" data-element_type=\"section\">\n\t\t\t\t\t\t<div class=\"elementor-container elementor-column-gap-default\">\n\t\t\t\t\t<div class=\"elementor-column elementor-col-100 elementor-top-column elementor-element elementor-element-02536d5\" data-id=\"02536d5\" data-element_type=\"column\">\n\t\t\t<div class=\"elementor-widget-wrap elementor-element-populated\">\n\t\t\t\t\t\t<div class=\"elementor-element elementor-element-202f1a1 elementor-widget elementor-widget-text-editor\" data-id=\"202f1a1\" data-element_type=\"widget\" data-widget_type=\"text-editor.default\">\n\t\t\t\t<div class=\"elementor-widget-container\">\n\t\t\t\t\t\t\t<p><strong>T\u00edtulo<\/strong>:\u00a0<a href=\"https:\/\/repositorio.ufsm.br\/bitstream\/handle\/1\/3624\/SILVA%2c%20FRANCINE%20DAMIAN%20DA.pdf?sequence=1&amp;isAllowed=y\" target=\"_blank\" rel=\"noopener\">Variabilidade espacial de atributos do solo e da produtividade da soja e qualidade do solo em sistema de integra\u00e7\u00e3o lavoura-pecu\u00e1ria<\/a><\/p><p><strong>Aluna<\/strong>: Francine Damian da Silva<\/p><p><strong>Professor Orientador<\/strong>: Dr. Telmo Jorge Carneiro Amado<\/p>\t\t\t\t\t\t<\/div>\n\t\t\t\t<\/div>\n\t\t\t\t\t<\/div>\n\t\t<\/div>\n\t\t\t\t\t<\/div>\n\t\t<\/section>\n\t\t\t\t<section class=\"elementor-section elementor-top-section elementor-element elementor-element-e637c1c elementor-section-boxed elementor-section-height-default elementor-section-height-default\" data-id=\"e637c1c\" data-element_type=\"section\">\n\t\t\t\t\t\t<div class=\"elementor-container elementor-column-gap-default\">\n\t\t\t\t\t<div class=\"elementor-column elementor-col-100 elementor-top-column elementor-element elementor-element-5478cc8\" data-id=\"5478cc8\" data-element_type=\"column\">\n\t\t\t<div class=\"elementor-widget-wrap elementor-element-populated\">\n\t\t\t\t\t\t<div class=\"elementor-element elementor-element-37c31d2 elementor-widget elementor-widget-text-editor\" data-id=\"37c31d2\" data-element_type=\"widget\" data-widget_type=\"text-editor.default\">\n\t\t\t\t<div class=\"elementor-widget-container\">\n\t\t\t\t\t\t\t<p><strong>T\u00edtulo<\/strong>: <a href=\"https:\/\/repositorio.ufsm.br\/bitstream\/handle\/1\/3629\/KOPP%2c%20LUCIANA%20MARINI.pdf?sequence=1&amp;isAllowed=y\" target=\"_blank\" rel=\"noopener\">\u00cdndices de desempenho para esta\u00e7\u00f5es de bombeamento em lavouras de arroz irrigado<\/a><\/p><p><strong>Aluna<\/strong>: Luciana Marini Kopp<\/p><p><strong>Professora Orientadora<\/strong>: Dr.\u00aa Marcia Xavier Peiter<\/p>\t\t\t\t\t\t<\/div>\n\t\t\t\t<\/div>\n\t\t\t\t\t<\/div>\n\t\t<\/div>\n\t\t\t\t\t<\/div>\n\t\t<\/section>\n\t\t\t\t<section class=\"elementor-section elementor-top-section elementor-element elementor-element-98cf819 elementor-section-boxed elementor-section-height-default elementor-section-height-default\" data-id=\"98cf819\" data-element_type=\"section\">\n\t\t\t\t\t\t<div class=\"elementor-container elementor-column-gap-default\">\n\t\t\t\t\t<div class=\"elementor-column elementor-col-100 elementor-top-column elementor-element elementor-element-2a606ac\" data-id=\"2a606ac\" data-element_type=\"column\">\n\t\t\t<div class=\"elementor-widget-wrap elementor-element-populated\">\n\t\t\t\t\t\t<div class=\"elementor-element elementor-element-5a17ddb elementor-widget elementor-widget-text-editor\" data-id=\"5a17ddb\" data-element_type=\"widget\" data-widget_type=\"text-editor.default\">\n\t\t\t\t<div class=\"elementor-widget-container\">\n\t\t\t\t\t\t\t<p><strong>T\u00edtulo<\/strong>:\u00a0<a href=\"https:\/\/repositorio.ufsm.br\/bitstream\/handle\/1\/3634\/TATSCH%2c%20MARCELO%20PASTORIZA.pdf?sequence=1&amp;isAllowed=y\" target=\"_blank\" rel=\"noopener\">Modelo de refer\u00eancia para o processo de gest\u00e3o da produ\u00e7\u00e3o agr\u00edcola: \u00eanfase na mecaniza\u00e7\u00e3o<\/a><\/p><p><strong>Aluno<\/strong>: Marcelo Pastoriza Tatsch<\/p><p><strong>Professor Orientador<\/strong>: Dr. Leonardo Nabaes Romano<\/p>\t\t\t\t\t\t<\/div>\n\t\t\t\t<\/div>\n\t\t\t\t\t<\/div>\n\t\t<\/div>\n\t\t\t\t\t<\/div>\n\t\t<\/section>\n\t\t\t\t<section class=\"elementor-section elementor-top-section elementor-element elementor-element-e58a4f9 elementor-section-boxed elementor-section-height-default elementor-section-height-default\" data-id=\"e58a4f9\" data-element_type=\"section\">\n\t\t\t\t\t\t<div class=\"elementor-container elementor-column-gap-default\">\n\t\t\t\t\t<div class=\"elementor-column elementor-col-100 elementor-top-column elementor-element elementor-element-17ec9e6\" data-id=\"17ec9e6\" data-element_type=\"column\">\n\t\t\t<div class=\"elementor-widget-wrap elementor-element-populated\">\n\t\t\t\t\t\t<div class=\"elementor-element elementor-element-869f599 elementor-widget elementor-widget-text-editor\" data-id=\"869f599\" data-element_type=\"widget\" data-widget_type=\"text-editor.default\">\n\t\t\t\t<div class=\"elementor-widget-container\">\n\t\t\t\t\t\t\t<p><strong>T\u00edtulo<\/strong>: <a href=\"https:\/\/repositorio.ufsm.br\/bitstream\/handle\/1\/3627\/CERVI%2c%20MAURO%20LUIZ.pdf?sequence=1&amp;isAllowed=y\" target=\"_blank\" rel=\"noopener\">Os acidentes do trabalho e as doen\u00e7as ocupacionais no meio ambiente rural e seus impactos judiciais trabalhistas<\/a><\/p><p><strong>Aluno<\/strong>:\u00a0Mauro Luiz Cervi<\/p><p><strong>Professor Orientador<\/strong>: Dr. Jos\u00e9 Fernando Schlosser<\/p>\t\t\t\t\t\t<\/div>\n\t\t\t\t<\/div>\n\t\t\t\t\t<\/div>\n\t\t<\/div>\n\t\t\t\t\t<\/div>\n\t\t<\/section>\n\t\t\t\t<section class=\"elementor-section elementor-top-section elementor-element elementor-element-17b0d0f elementor-section-boxed elementor-section-height-default elementor-section-height-default\" data-id=\"17b0d0f\" data-element_type=\"section\">\n\t\t\t\t\t\t<div class=\"elementor-container elementor-column-gap-default\">\n\t\t\t\t\t<div class=\"elementor-column elementor-col-100 elementor-top-column elementor-element elementor-element-3d32aea\" data-id=\"3d32aea\" data-element_type=\"column\">\n\t\t\t<div class=\"elementor-widget-wrap elementor-element-populated\">\n\t\t\t\t\t\t<div class=\"elementor-element elementor-element-a2d7cf5 elementor-widget elementor-widget-text-editor\" data-id=\"a2d7cf5\" data-element_type=\"widget\" data-widget_type=\"text-editor.default\">\n\t\t\t\t<div class=\"elementor-widget-container\">\n\t\t\t\t\t\t\t<p><strong>T\u00edtulo<\/strong>: <a href=\"https:\/\/repositorio.ufsm.br\/bitstream\/handle\/1\/3631\/OLIVEIRA%2c%20ZANANDRA%20BOFF%20DE.pdf?sequence=1&amp;isAllowed=y\" target=\"_blank\" rel=\"noopener\">Estimativa da evapotranspira\u00e7\u00e3o a partir de dados di\u00e1rios de previs\u00e3o meteorol\u00f3gica<\/a><\/p><p><strong>Aluna<\/strong>: Zanandra Boff de Oliveira<\/p><p><strong>Professor Orientador<\/strong>: Dr. Reimar Carlesso<\/p>\t\t\t\t\t\t<\/div>\n\t\t\t\t<\/div>\n\t\t\t\t\t<\/div>\n\t\t<\/div>\n\t\t\t\t\t<\/div>\n\t\t<\/section>\n\t\t\t\t<\/div>\n\t\t","protected":false},"excerpt":{"rendered":"<p>T\u00edtulo:\u00a0Influ\u00eancia de adjuvantes nas propriedades f\u00edsico-qu\u00edmicas da calda de inseticidas, na forma\u00e7\u00e3o de dep\u00f3sitos, penetra\u00e7\u00e3o cuticular e remo\u00e7\u00e3o pela chuva Aluno: Adriano Arru\u00e9 Melo Professor Orientador: Dr. Jerson V. Car\u00fas Guedes T\u00edtulo:\u00a0Sistem\u00e1tica de an\u00e1lise de falhas de equipamento agr\u00edcola sob a \u00f3tica de projeto do produto Aluno:\u00a0Alessandro de Franceschi Professor Orientador: Dr. Leonardo Nabaes Romano [&hellip;]<\/p>\n","protected":false},"author":871,"featured_media":0,"parent":0,"menu_order":0,"comment_status":"closed","ping_status":"closed","template":"","meta":{"footnotes":""},"categories":[],"tags":[],"class_list":["post-600","page","type-page","status-publish","hentry"],"acf":[],"_links":{"self":[{"href":"https:\/\/www.ufsm.br\/cursos\/pos-graduacao\/santa-maria\/ppgea\/wp-json\/wp\/v2\/pages\/600","targetHints":{"allow":["GET"]}}],"collection":[{"href":"https:\/\/www.ufsm.br\/cursos\/pos-graduacao\/santa-maria\/ppgea\/wp-json\/wp\/v2\/pages"}],"about":[{"href":"https:\/\/www.ufsm.br\/cursos\/pos-graduacao\/santa-maria\/ppgea\/wp-json\/wp\/v2\/types\/page"}],"author":[{"embeddable":true,"href":"https:\/\/www.ufsm.br\/cursos\/pos-graduacao\/santa-maria\/ppgea\/wp-json\/wp\/v2\/users\/871"}],"replies":[{"embeddable":true,"href":"https:\/\/www.ufsm.br\/cursos\/pos-graduacao\/santa-maria\/ppgea\/wp-json\/wp\/v2\/comments?post=600"}],"version-history":[{"count":0,"href":"https:\/\/www.ufsm.br\/cursos\/pos-graduacao\/santa-maria\/ppgea\/wp-json\/wp\/v2\/pages\/600\/revisions"}],"wp:attachment":[{"href":"https:\/\/www.ufsm.br\/cursos\/pos-graduacao\/santa-maria\/ppgea\/wp-json\/wp\/v2\/media?parent=600"}],"wp:term":[{"taxonomy":"category","embeddable":true,"href":"https:\/\/www.ufsm.br\/cursos\/pos-graduacao\/santa-maria\/ppgea\/wp-json\/wp\/v2\/categories?post=600"},{"taxonomy":"post_tag","embeddable":true,"href":"https:\/\/www.ufsm.br\/cursos\/pos-graduacao\/santa-maria\/ppgea\/wp-json\/wp\/v2\/tags?post=600"}],"curies":[{"name":"wp","href":"https:\/\/api.w.org\/{rel}","templated":true}]}}