{"id":601,"date":"2019-11-28T13:20:50","date_gmt":"2019-11-28T16:20:50","guid":{"rendered":"https:\/\/www.ufsm.br\/cursos\/pos-graduacao\/santa-maria\/ppgea\/?page_id=601"},"modified":"2020-01-24T12:10:28","modified_gmt":"2020-01-24T15:10:28","slug":"teses-2014","status":"publish","type":"page","link":"https:\/\/www.ufsm.br\/cursos\/pos-graduacao\/santa-maria\/ppgea\/teses-2014","title":{"rendered":"Teses 2014"},"content":{"rendered":"\t\t<div data-elementor-type=\"wp-page\" data-elementor-id=\"601\" class=\"elementor elementor-601\">\n\t\t\t\t\t\t<section class=\"elementor-section elementor-top-section elementor-element elementor-element-d0774fb elementor-section-boxed elementor-section-height-default elementor-section-height-default\" data-id=\"d0774fb\" data-element_type=\"section\">\n\t\t\t\t\t\t<div class=\"elementor-container elementor-column-gap-default\">\n\t\t\t\t\t<div class=\"elementor-column elementor-col-100 elementor-top-column elementor-element elementor-element-33e4e28\" data-id=\"33e4e28\" data-element_type=\"column\">\n\t\t\t<div class=\"elementor-widget-wrap elementor-element-populated\">\n\t\t\t\t\t\t<div class=\"elementor-element elementor-element-6c1027c elementor-widget elementor-widget-text-editor\" data-id=\"6c1027c\" data-element_type=\"widget\" data-widget_type=\"text-editor.default\">\n\t\t\t\t<div class=\"elementor-widget-container\">\n\t\t\t\t\t\t\t<p><strong>T\u00edtulo<\/strong>: <a href=\"https:\/\/repositorio.ufsm.br\/bitstream\/handle\/1\/3621\/WENDLING%2c%20ADEMIR.pdf?sequence=1&amp;isAllowed=y\" target=\"_blank\" rel=\"noopener\">Sensoriamento remoto para identifica\u00e7\u00e3o da variabilidade no \u00edndice de massa da soja e aux\u00edlio no diagn\u00f3stico de suas causas<\/a><\/p><p><strong>Aluno<\/strong>: Ademir Wendling<\/p><p><strong>Professor Orientador<\/strong>: Dr. Ricardo Silveiro Balardin<\/p>\t\t\t\t\t\t<\/div>\n\t\t\t\t<\/div>\n\t\t\t\t\t<\/div>\n\t\t<\/div>\n\t\t\t\t\t<\/div>\n\t\t<\/section>\n\t\t\t\t<section class=\"elementor-section elementor-top-section elementor-element elementor-element-823e0d5 elementor-section-boxed elementor-section-height-default elementor-section-height-default\" data-id=\"823e0d5\" data-element_type=\"section\">\n\t\t\t\t\t\t<div class=\"elementor-container elementor-column-gap-default\">\n\t\t\t\t\t<div class=\"elementor-column elementor-col-100 elementor-top-column elementor-element elementor-element-5c2ab61\" data-id=\"5c2ab61\" data-element_type=\"column\">\n\t\t\t<div class=\"elementor-widget-wrap elementor-element-populated\">\n\t\t\t\t\t\t<div class=\"elementor-element elementor-element-8623f4f elementor-widget elementor-widget-text-editor\" data-id=\"8623f4f\" data-element_type=\"widget\" data-widget_type=\"text-editor.default\">\n\t\t\t\t<div class=\"elementor-widget-container\">\n\t\t\t\t\t\t\t<p><strong>T\u00edtulo<\/strong>:\u00a0<a href=\"https:\/\/repositorio.ufsm.br\/bitstream\/handle\/1\/3612\/KNIES%2c%20ALBERTO%20EDUARDO.pdf?sequence=1&amp;isAllowed=y\" target=\"_blank\" rel=\"noopener\">Estimativa do escoamento superficial em diferentes n\u00edveis de dossel vegetativo e cobertura do solo<\/a><\/p><p><strong>Aluno<\/strong>: Alberto Eduardo Knies<\/p><p><strong>Professor Orientador<\/strong>: Dr. Reimar Carlesso<\/p>\t\t\t\t\t\t<\/div>\n\t\t\t\t<\/div>\n\t\t\t\t\t<\/div>\n\t\t<\/div>\n\t\t\t\t\t<\/div>\n\t\t<\/section>\n\t\t\t\t<section class=\"elementor-section elementor-top-section elementor-element elementor-element-bc24ca8 elementor-section-boxed elementor-section-height-default elementor-section-height-default\" data-id=\"bc24ca8\" data-element_type=\"section\">\n\t\t\t\t\t\t<div class=\"elementor-container elementor-column-gap-default\">\n\t\t\t\t\t<div class=\"elementor-column elementor-col-100 elementor-top-column elementor-element elementor-element-71f1784\" data-id=\"71f1784\" data-element_type=\"column\">\n\t\t\t<div class=\"elementor-widget-wrap elementor-element-populated\">\n\t\t\t\t\t\t<div class=\"elementor-element elementor-element-f157780 elementor-widget elementor-widget-text-editor\" data-id=\"f157780\" data-element_type=\"widget\" data-widget_type=\"text-editor.default\">\n\t\t\t\t<div class=\"elementor-widget-container\">\n\t\t\t\t\t\t\t<p><strong>T\u00edtulo<\/strong>: <a href=\"https:\/\/repositorio.ufsm.br\/bitstream\/handle\/1\/3618\/BRAGA%2c%20FABIANO%20DE%20VARGAS%20ARIGONY.pdf?sequence=1&amp;isAllowed=y\" target=\"_blank\" rel=\"noopener\">Estimativa dos par\u00e2metros da resist\u00eancia do solo ao cisalhamento atrav\u00e9s de pedotransfer\u00eancia<\/a><\/p><p><strong>Aluno<\/strong>: Fabiano de Vargas Arigony Braga<\/p><p><strong>Professor Orientador<\/strong>: Dr. Adroaldo Dias Robaina<\/p>\t\t\t\t\t\t<\/div>\n\t\t\t\t<\/div>\n\t\t\t\t\t<\/div>\n\t\t<\/div>\n\t\t\t\t\t<\/div>\n\t\t<\/section>\n\t\t\t\t<section class=\"elementor-section elementor-top-section elementor-element elementor-element-cf33cf4 elementor-section-boxed elementor-section-height-default elementor-section-height-default\" data-id=\"cf33cf4\" data-element_type=\"section\">\n\t\t\t\t\t\t<div class=\"elementor-container elementor-column-gap-default\">\n\t\t\t\t\t<div class=\"elementor-column elementor-col-100 elementor-top-column elementor-element elementor-element-aea1973\" data-id=\"aea1973\" data-element_type=\"column\">\n\t\t\t<div class=\"elementor-widget-wrap elementor-element-populated\">\n\t\t\t\t\t\t<div class=\"elementor-element elementor-element-12f31b7 elementor-widget elementor-widget-text-editor\" data-id=\"12f31b7\" data-element_type=\"widget\" data-widget_type=\"text-editor.default\">\n\t\t\t\t<div class=\"elementor-widget-container\">\n\t\t\t\t\t\t\t<p><strong>T\u00edtulo<\/strong>: <a href=\"https:\/\/repositorio.ufsm.br\/bitstream\/handle\/1\/3625\/VIVAN%2c%20GISELE%20APARECIDA.pdf?sequence=1&amp;isAllowed=y\" target=\"_blank\" rel=\"noopener\">Simula\u00e7\u00e3o din\u00e2mica da soja, milho e feij\u00e3o, cultivados sob diferentes regimes h\u00eddricos<\/a><\/p><p><strong>Aluna<\/strong>: Gisele Aparecida Vivan<\/p><p><strong>Professora Orientadora<\/strong>: Dr.\u00aa Marcia Xavier Peiter<\/p>\t\t\t\t\t\t<\/div>\n\t\t\t\t<\/div>\n\t\t\t\t\t<\/div>\n\t\t<\/div>\n\t\t\t\t\t<\/div>\n\t\t<\/section>\n\t\t\t\t<section class=\"elementor-section elementor-top-section elementor-element elementor-element-b2ba2de elementor-section-boxed elementor-section-height-default elementor-section-height-default\" data-id=\"b2ba2de\" data-element_type=\"section\">\n\t\t\t\t\t\t<div class=\"elementor-container elementor-column-gap-default\">\n\t\t\t\t\t<div class=\"elementor-column elementor-col-100 elementor-top-column elementor-element elementor-element-452da7a\" data-id=\"452da7a\" data-element_type=\"column\">\n\t\t\t<div class=\"elementor-widget-wrap elementor-element-populated\">\n\t\t\t\t\t\t<div class=\"elementor-element elementor-element-a0f279a elementor-widget elementor-widget-text-editor\" data-id=\"a0f279a\" data-element_type=\"widget\" data-widget_type=\"text-editor.default\">\n\t\t\t\t<div class=\"elementor-widget-container\">\n\t\t\t\t\t\t\t<p><strong>T\u00edtulo<\/strong>: <a href=\"https:\/\/repositorio.ufsm.br\/bitstream\/handle\/1\/3617\/PERIN%2c%20GISMAEL%20FRANCISCO.pdf?sequence=1&amp;isAllowed=y\" target=\"_blank\" rel=\"noopener\">Desempenho e emiss\u00f5es de motor agr\u00edcola ciclo diesel utilizando diferentes combust\u00edveis<\/a><\/p><p><strong>Aluno<\/strong>: Gismael Francisco Perin<\/p><p><strong>Professor Orientador<\/strong>: Dr. Jos\u00e9 Fernando Schlosser<\/p>\t\t\t\t\t\t<\/div>\n\t\t\t\t<\/div>\n\t\t\t\t\t<\/div>\n\t\t<\/div>\n\t\t\t\t\t<\/div>\n\t\t<\/section>\n\t\t\t\t<\/div>\n\t\t","protected":false},"excerpt":{"rendered":"<p>T\u00edtulo: Sensoriamento remoto para identifica\u00e7\u00e3o da variabilidade no \u00edndice de massa da soja e aux\u00edlio no diagn\u00f3stico de suas causas Aluno: Ademir Wendling Professor Orientador: Dr. Ricardo Silveiro Balardin T\u00edtulo:\u00a0Estimativa do escoamento superficial em diferentes n\u00edveis de dossel vegetativo e cobertura do solo Aluno: Alberto Eduardo Knies Professor Orientador: Dr. Reimar Carlesso T\u00edtulo: Estimativa dos [&hellip;]<\/p>\n","protected":false},"author":871,"featured_media":0,"parent":0,"menu_order":0,"comment_status":"closed","ping_status":"closed","template":"","meta":{"footnotes":""},"categories":[],"tags":[],"class_list":["post-601","page","type-page","status-publish","hentry"],"acf":[],"_links":{"self":[{"href":"https:\/\/www.ufsm.br\/cursos\/pos-graduacao\/santa-maria\/ppgea\/wp-json\/wp\/v2\/pages\/601","targetHints":{"allow":["GET"]}}],"collection":[{"href":"https:\/\/www.ufsm.br\/cursos\/pos-graduacao\/santa-maria\/ppgea\/wp-json\/wp\/v2\/pages"}],"about":[{"href":"https:\/\/www.ufsm.br\/cursos\/pos-graduacao\/santa-maria\/ppgea\/wp-json\/wp\/v2\/types\/page"}],"author":[{"embeddable":true,"href":"https:\/\/www.ufsm.br\/cursos\/pos-graduacao\/santa-maria\/ppgea\/wp-json\/wp\/v2\/users\/871"}],"replies":[{"embeddable":true,"href":"https:\/\/www.ufsm.br\/cursos\/pos-graduacao\/santa-maria\/ppgea\/wp-json\/wp\/v2\/comments?post=601"}],"version-history":[{"count":0,"href":"https:\/\/www.ufsm.br\/cursos\/pos-graduacao\/santa-maria\/ppgea\/wp-json\/wp\/v2\/pages\/601\/revisions"}],"wp:attachment":[{"href":"https:\/\/www.ufsm.br\/cursos\/pos-graduacao\/santa-maria\/ppgea\/wp-json\/wp\/v2\/media?parent=601"}],"wp:term":[{"taxonomy":"category","embeddable":true,"href":"https:\/\/www.ufsm.br\/cursos\/pos-graduacao\/santa-maria\/ppgea\/wp-json\/wp\/v2\/categories?post=601"},{"taxonomy":"post_tag","embeddable":true,"href":"https:\/\/www.ufsm.br\/cursos\/pos-graduacao\/santa-maria\/ppgea\/wp-json\/wp\/v2\/tags?post=601"}],"curies":[{"name":"wp","href":"https:\/\/api.w.org\/{rel}","templated":true}]}}