{"id":602,"date":"2019-11-28T13:22:46","date_gmt":"2019-11-28T16:22:46","guid":{"rendered":"https:\/\/www.ufsm.br\/cursos\/pos-graduacao\/santa-maria\/ppgea\/?page_id=602"},"modified":"2020-11-18T15:46:55","modified_gmt":"2020-11-18T18:46:55","slug":"teses-2013","status":"publish","type":"page","link":"https:\/\/www.ufsm.br\/cursos\/pos-graduacao\/santa-maria\/ppgea\/teses-2013","title":{"rendered":"Teses 2013"},"content":{"rendered":"\t\t<div data-elementor-type=\"wp-page\" data-elementor-id=\"602\" class=\"elementor elementor-602\">\n\t\t\t\t\t\t<section class=\"elementor-section elementor-top-section elementor-element elementor-element-8755759 elementor-section-boxed elementor-section-height-default elementor-section-height-default\" data-id=\"8755759\" data-element_type=\"section\">\n\t\t\t\t\t\t<div class=\"elementor-container elementor-column-gap-default\">\n\t\t\t\t\t<div class=\"elementor-column elementor-col-100 elementor-top-column elementor-element elementor-element-677a682\" data-id=\"677a682\" data-element_type=\"column\">\n\t\t\t<div class=\"elementor-widget-wrap elementor-element-populated\">\n\t\t\t\t\t\t<div class=\"elementor-element elementor-element-9e29f8f elementor-widget elementor-widget-text-editor\" data-id=\"9e29f8f\" data-element_type=\"widget\" data-widget_type=\"text-editor.default\">\n\t\t\t\t<div class=\"elementor-widget-container\">\n\t\t\t\t\t\t\t<p><strong>T\u00edtulo<\/strong>: <a href=\"https:\/\/repositorio.ufsm.br\/bitstream\/handle\/1\/3607\/MIOLA%2c%20ALESSANDRO%20CARVALHO.pdf?sequence=1&amp;isAllowed=y\" target=\"_blank\" rel=\"noopener\"><span style=\"color: #000000;font-family: georgia, palatino, serif;font-size: 12pt\">Planejamento para comunidades rurais em situa\u00e7\u00f5es de enchentes<\/span><\/a><\/p><p><span style=\"font-family: georgia, palatino, serif;font-size: 12pt\"><strong>Aluno<\/strong>: <span style=\"color: #000000\">Alessandro Carvalho Miola<\/span><\/span><\/p><p><span style=\"font-family: georgia, palatino, serif;font-size: 12pt\"><strong>Professor Orientador<\/strong>: Dr. <\/span><span style=\"font-family: georgia, palatino, serif;font-size: 12pt\"><span style=\"color: #000000\">Geraldo Lopes <\/span><span style=\"color: #000000\">d<\/span><span style=\"color: #000000\">a Silveira<\/span><\/span><\/p>\t\t\t\t\t\t<\/div>\n\t\t\t\t<\/div>\n\t\t\t\t\t<\/div>\n\t\t<\/div>\n\t\t\t\t\t<\/div>\n\t\t<\/section>\n\t\t\t\t<section class=\"elementor-section elementor-top-section elementor-element elementor-element-2aba28a elementor-section-boxed elementor-section-height-default elementor-section-height-default\" data-id=\"2aba28a\" data-element_type=\"section\">\n\t\t\t\t\t\t<div class=\"elementor-container elementor-column-gap-default\">\n\t\t\t\t\t<div class=\"elementor-column elementor-col-100 elementor-top-column elementor-element elementor-element-5f439dd\" data-id=\"5f439dd\" data-element_type=\"column\">\n\t\t\t<div class=\"elementor-widget-wrap elementor-element-populated\">\n\t\t\t\t\t\t<div class=\"elementor-element elementor-element-c656816 elementor-widget elementor-widget-text-editor\" data-id=\"c656816\" data-element_type=\"widget\" data-widget_type=\"text-editor.default\">\n\t\t\t\t<div class=\"elementor-widget-container\">\n\t\t\t\t\t\t\t<p><span style=\"font-family: georgia, palatino, serif;font-size: 12pt\"><strong>T\u00edtulo<\/strong>: <a href=\"https:\/\/repositorio.ufsm.br\/bitstream\/handle\/1\/3611\/UHRY%2c%20DANIEL.pdf?sequence=1&amp;isAllowed=y\" target=\"_blank\" rel=\"noopener\"><span style=\"color: #000000\">Avalia\u00e7\u00e3o e crit\u00e9rio para a utiliza\u00e7\u00e3o de semeadora com sistema de taxa vari\u00e1vel de sementes na cultura da soja<\/span><\/a><\/span><\/p><p><span style=\"font-family: georgia, palatino, serif;font-size: 12pt\"><strong>Aluno<\/strong>: <span style=\"color: #000000\">Daniel Uhry<\/span><\/span><\/p><p><span style=\"font-family: georgia, palatino, serif;font-size: 12pt\"><strong>Professor Orientador<\/strong>: Dr. <span style=\"color: #000000\">Jos\u00e9 Fernando Schlosser<\/span><\/span><\/p>\t\t\t\t\t\t<\/div>\n\t\t\t\t<\/div>\n\t\t\t\t\t<\/div>\n\t\t<\/div>\n\t\t\t\t\t<\/div>\n\t\t<\/section>\n\t\t\t\t<section class=\"elementor-section elementor-top-section elementor-element elementor-element-31a58a4 elementor-section-boxed elementor-section-height-default elementor-section-height-default\" data-id=\"31a58a4\" data-element_type=\"section\">\n\t\t\t\t\t\t<div class=\"elementor-container elementor-column-gap-default\">\n\t\t\t\t\t<div class=\"elementor-column elementor-col-100 elementor-top-column elementor-element elementor-element-3c3de3e\" data-id=\"3c3de3e\" data-element_type=\"column\">\n\t\t\t<div class=\"elementor-widget-wrap elementor-element-populated\">\n\t\t\t\t\t\t<div class=\"elementor-element elementor-element-17983c3 elementor-widget elementor-widget-text-editor\" data-id=\"17983c3\" data-element_type=\"widget\" data-widget_type=\"text-editor.default\">\n\t\t\t\t<div class=\"elementor-widget-container\">\n\t\t\t\t\t\t\t<p><span style=\"font-family: georgia, palatino, serif;font-size: 12pt\"><strong>T\u00edtulo<\/strong>: <a href=\"https:\/\/repositorio.ufsm.br\/bitstream\/handle\/1\/3615\/DAL%20PRA%2c%20ELDER.pdf?sequence=1&amp;isAllowed=y\" target=\"_blank\" rel=\"noopener\"><span style=\"color: #000000\">Tamanho da amostra, distribui\u00e7\u00e3o espacial de cor\u00f3s de cereais de inverno e danos de curculion\u00eddeos das ra\u00edzes da soja<\/span><\/a><\/span><\/p><p><span style=\"font-family: georgia, palatino, serif;font-size: 12pt\"><strong>Aluno<\/strong>: <span style=\"color: #000000\">Elder Dal Pra<\/span><\/span><\/p><p><span style=\"font-family: georgia, palatino, serif;font-size: 12pt\"><strong>Professor Orientador<\/strong>: Dr. <span style=\"color: #000000\">Jerson Vanderlei Car\u00fas Guedes<\/span><\/span><\/p>\t\t\t\t\t\t<\/div>\n\t\t\t\t<\/div>\n\t\t\t\t\t<\/div>\n\t\t<\/div>\n\t\t\t\t\t<\/div>\n\t\t<\/section>\n\t\t\t\t<section class=\"elementor-section elementor-top-section elementor-element elementor-element-eab7b57 elementor-section-boxed elementor-section-height-default elementor-section-height-default\" data-id=\"eab7b57\" data-element_type=\"section\">\n\t\t\t\t\t\t<div class=\"elementor-container elementor-column-gap-default\">\n\t\t\t\t\t<div class=\"elementor-column elementor-col-100 elementor-top-column elementor-element elementor-element-026dd0e\" data-id=\"026dd0e\" data-element_type=\"column\">\n\t\t\t<div class=\"elementor-widget-wrap elementor-element-populated\">\n\t\t\t\t\t\t<div class=\"elementor-element elementor-element-8716dcd elementor-widget elementor-widget-text-editor\" data-id=\"8716dcd\" data-element_type=\"widget\" data-widget_type=\"text-editor.default\">\n\t\t\t\t<div class=\"elementor-widget-container\">\n\t\t\t\t\t\t\t<p><span style=\"font-family: georgia, palatino, serif;font-size: 12pt\"><strong>T\u00edtulo<\/strong>: <a href=\"https:\/\/repositorio.ufsm.br\/bitstream\/handle\/1\/3601\/SOARES%2c%20FATIMA%20CIBELE.pdf?sequence=1&amp;isAllowed=y\" target=\"_blank\" rel=\"noopener\"><span style=\"color: #000000\">Uso de diferentes metodologias na gera\u00e7\u00e3o de fun\u00e7\u00f5es de pedotransferencia para a reten\u00e7\u00e3o de \u00e1gua em solos do Rio Grande do Sul<\/span><\/a><\/span><\/p><p><span style=\"font-family: georgia, palatino, serif;font-size: 12pt\"><strong>Aluna<\/strong>: <span style=\"color: #000000\">Fatima Cibele Soares<\/span><\/span><\/p><p><span style=\"font-family: georgia, palatino, serif;font-size: 12pt\"><strong>Professor Orientador<\/strong>: Dr. <span style=\"color: #000000\">Adroaldo Dias Robaina<\/span><\/span><\/p>\t\t\t\t\t\t<\/div>\n\t\t\t\t<\/div>\n\t\t\t\t\t<\/div>\n\t\t<\/div>\n\t\t\t\t\t<\/div>\n\t\t<\/section>\n\t\t\t\t<section class=\"elementor-section elementor-top-section elementor-element elementor-element-b46c149 elementor-section-boxed elementor-section-height-default elementor-section-height-default\" data-id=\"b46c149\" data-element_type=\"section\">\n\t\t\t\t\t\t<div class=\"elementor-container elementor-column-gap-default\">\n\t\t\t\t\t<div class=\"elementor-column elementor-col-100 elementor-top-column elementor-element elementor-element-f1fa18d\" data-id=\"f1fa18d\" data-element_type=\"column\">\n\t\t\t<div class=\"elementor-widget-wrap elementor-element-populated\">\n\t\t\t\t\t\t<div class=\"elementor-element elementor-element-8235758 elementor-widget elementor-widget-text-editor\" data-id=\"8235758\" data-element_type=\"widget\" data-widget_type=\"text-editor.default\">\n\t\t\t\t<div class=\"elementor-widget-container\">\n\t\t\t\t\t\t\t<p><span style=\"font-family: georgia, palatino, serif;font-size: 12pt\"><strong>T\u00edtulo<\/strong>: <span style=\"color: #000000\">Manualiza\u00e7\u00e3o virtual interativa de m\u00e1quinas agricolas<\/span><\/span><\/p><p><span style=\"font-family: georgia, palatino, serif;font-size: 12pt\"><strong>Aluna<\/strong>: <span style=\"color: #000000\">Iria Brucker Roggia<\/span><\/span><\/p><p><span style=\"font-family: georgia, palatino, serif;font-size: 12pt\"><strong>Professor Orientador<\/strong>: Dr. <\/span><span style=\"font-family: georgia, palatino, serif;font-size: 12pt\"><span style=\"color: #000000\">Airton <\/span><span style=\"color: #000000\">d<\/span><span style=\"color: #000000\">os Santos Alon\u00e7o<\/span><\/span><\/p>\t\t\t\t\t\t<\/div>\n\t\t\t\t<\/div>\n\t\t\t\t\t<\/div>\n\t\t<\/div>\n\t\t\t\t\t<\/div>\n\t\t<\/section>\n\t\t\t\t<section class=\"elementor-section elementor-top-section elementor-element elementor-element-6741e15 elementor-section-boxed elementor-section-height-default elementor-section-height-default\" data-id=\"6741e15\" data-element_type=\"section\">\n\t\t\t\t\t\t<div class=\"elementor-container elementor-column-gap-default\">\n\t\t\t\t\t<div class=\"elementor-column elementor-col-100 elementor-top-column elementor-element elementor-element-8e2bc9a\" data-id=\"8e2bc9a\" data-element_type=\"column\">\n\t\t\t<div class=\"elementor-widget-wrap elementor-element-populated\">\n\t\t\t\t\t\t<div class=\"elementor-element elementor-element-72c7173 elementor-widget elementor-widget-text-editor\" data-id=\"72c7173\" data-element_type=\"widget\" data-widget_type=\"text-editor.default\">\n\t\t\t\t<div class=\"elementor-widget-container\">\n\t\t\t\t\t\t\t<p><span style=\"font-family: georgia, palatino, serif;font-size: 12pt\"><strong>T\u00edtulo<\/strong>: <a href=\"https:\/\/repositorio.ufsm.br\/bitstream\/handle\/1\/3609\/MARTINS%2c%20JULIANO%20DALCIN.pdf?sequence=1&amp;isAllowed=y\" target=\"_blank\" rel=\"noopener\"><span style=\"color: #000000\">Modelagem t\u00e9cnica e econ\u00f4mica da irriga\u00e7\u00e3o deficit\u00e1ria para diferentes m\u00e9todos de aplica\u00e7\u00e3o de \u00e1gua na cultura do milho<\/span><\/a><\/span><\/p><p><span style=\"font-family: georgia, palatino, serif;font-size: 12pt\"><strong>Aluno<\/strong>: <span style=\"color: #000000\">Juliano Dalcin Martins<\/span><\/span><\/p><p><span style=\"font-family: georgia, palatino, serif;font-size: 12pt\"><strong>Professor Orientador<\/strong>: Dr. <span style=\"color: #000000\">Reimar Carlesso<\/span><\/span><\/p>\t\t\t\t\t\t<\/div>\n\t\t\t\t<\/div>\n\t\t\t\t\t<\/div>\n\t\t<\/div>\n\t\t\t\t\t<\/div>\n\t\t<\/section>\n\t\t\t\t<section class=\"elementor-section elementor-top-section elementor-element elementor-element-a6c76e4 elementor-section-boxed elementor-section-height-default elementor-section-height-default\" data-id=\"a6c76e4\" data-element_type=\"section\">\n\t\t\t\t\t\t<div class=\"elementor-container elementor-column-gap-default\">\n\t\t\t\t\t<div class=\"elementor-column elementor-col-100 elementor-top-column elementor-element elementor-element-0273381\" data-id=\"0273381\" data-element_type=\"column\">\n\t\t\t<div class=\"elementor-widget-wrap elementor-element-populated\">\n\t\t\t\t\t\t<div class=\"elementor-element elementor-element-8e99e65 elementor-widget elementor-widget-text-editor\" data-id=\"8e99e65\" data-element_type=\"widget\" data-widget_type=\"text-editor.default\">\n\t\t\t\t<div class=\"elementor-widget-container\">\n\t\t\t\t\t\t\t<p><span style=\"font-family: georgia, palatino, serif;font-size: 12pt\"><strong>T\u00edtulo<\/strong>: <a href=\"https:\/\/repositorio.ufsm.br\/bitstream\/handle\/1\/3610\/FERRAZ%2c%20RAFAEL%20CAMARGO.pdf?sequence=1&amp;isAllowed=y\" target=\"_blank\" rel=\"noopener\"><span style=\"color: #000000\">Sistema web e mobile para estimativa de evapotranspira\u00e7\u00e3o de refer\u00eancia utilizando redes neurais artificiais<\/span><\/a><\/span><\/p><p><span style=\"font-family: georgia, palatino, serif;font-size: 12pt\"><strong>Aluno<\/strong>: <span style=\"color: #000000\">Rafael Camargo Ferraz<\/span><\/span><\/p><p><span style=\"font-family: georgia, palatino, serif;font-size: 12pt\"><strong>Professor Orientador<\/strong>: Dr. <span style=\"color: #000000\">Adroaldo Dias Robaina<\/span><\/span><\/p>\t\t\t\t\t\t<\/div>\n\t\t\t\t<\/div>\n\t\t\t\t\t<\/div>\n\t\t<\/div>\n\t\t\t\t\t<\/div>\n\t\t<\/section>\n\t\t\t\t<section class=\"elementor-section elementor-top-section elementor-element elementor-element-3638ac4 elementor-section-boxed elementor-section-height-default elementor-section-height-default\" data-id=\"3638ac4\" data-element_type=\"section\">\n\t\t\t\t\t\t<div class=\"elementor-container elementor-column-gap-default\">\n\t\t\t\t\t<div class=\"elementor-column elementor-col-100 elementor-top-column elementor-element elementor-element-8689f7d\" data-id=\"8689f7d\" data-element_type=\"column\">\n\t\t\t<div class=\"elementor-widget-wrap elementor-element-populated\">\n\t\t\t\t\t\t<div class=\"elementor-element elementor-element-ea6040b elementor-widget elementor-widget-text-editor\" data-id=\"ea6040b\" data-element_type=\"widget\" data-widget_type=\"text-editor.default\">\n\t\t\t\t<div class=\"elementor-widget-container\">\n\t\t\t\t\t\t\t<p><span style=\"font-family: georgia, palatino, serif;font-size: 12pt\"><strong>T\u00edtulo<\/strong>: <a href=\"https:\/\/repositorio.ufsm.br\/bitstream\/handle\/1\/3613\/FELTRIN%2c%20RAFAEL%20MATIAS.pdf?sequence=1&amp;isAllowed=y\" target=\"_blank\" rel=\"noopener\"><span style=\"color: #000000\">Processos hidrol\u00f3gicos e balan\u00e7o h\u00eddrico em lis\u00edmetros de drenagem em campo e mata nativa<\/span><\/a><\/span><\/p><p><span style=\"font-family: georgia, palatino, serif;font-size: 12pt\"><strong>Aluno<\/strong>: <span style=\"color: #000000\">Rafael Matias Feltrin<\/span><\/span><\/p><p><span style=\"font-family: georgia, palatino, serif;font-size: 12pt\"><strong>Professor Orientador<\/strong>: Dr. <span style=\"color: #000000\">Jo\u00e3o Batista Dias <\/span><span style=\"color: #000000\">d<\/span><span style=\"color: #000000\">e Paiva<\/span><\/span><\/p>\t\t\t\t\t\t<\/div>\n\t\t\t\t<\/div>\n\t\t\t\t\t<\/div>\n\t\t<\/div>\n\t\t\t\t\t<\/div>\n\t\t<\/section>\n\t\t\t\t<section class=\"elementor-section elementor-top-section elementor-element elementor-element-b490788 elementor-section-boxed elementor-section-height-default elementor-section-height-default\" data-id=\"b490788\" data-element_type=\"section\">\n\t\t\t\t\t\t<div class=\"elementor-container elementor-column-gap-default\">\n\t\t\t\t\t<div class=\"elementor-column elementor-col-100 elementor-top-column elementor-element elementor-element-72abbe2\" data-id=\"72abbe2\" data-element_type=\"column\">\n\t\t\t<div class=\"elementor-widget-wrap elementor-element-populated\">\n\t\t\t\t\t\t<div class=\"elementor-element elementor-element-c309fe0 elementor-widget elementor-widget-text-editor\" data-id=\"c309fe0\" data-element_type=\"widget\" data-widget_type=\"text-editor.default\">\n\t\t\t\t<div class=\"elementor-widget-container\">\n\t\t\t\t\t\t\t<p><span style=\"font-family: georgia, palatino, serif;font-size: 12pt\"><strong>T\u00edtulo<\/strong>: <a href=\"https:\/\/repositorio.ufsm.br\/bitstream\/handle\/1\/3608\/TRENTIN%2c%20ROBERTO.pdf?sequence=1&amp;isAllowed=y\" target=\"_blank\" rel=\"noopener\"><span style=\"color: #000000\">Par\u00e2metros e probabilidades de irriga\u00e7\u00e3o para a cultura da soja na Regi\u00e3o Central <\/span><span style=\"color: #000000\">d<\/span><span style=\"color: #000000\">o Rio Grande <\/span><span style=\"color: #000000\">d<\/span><span style=\"color: #000000\">o Sul por an\u00e1lise num\u00e9rica<\/span><\/a><\/span><\/p><p><span style=\"font-family: georgia, palatino, serif;font-size: 12pt\"><strong>Aluno<\/strong>: <span style=\"color: #000000\">Roberto Trentin<\/span><\/span><\/p><p><span style=\"font-family: georgia, palatino, serif;font-size: 12pt\"><strong>Professor Orientador<\/strong>: Dr. <span style=\"color: #000000\">Arno Bernardo Heldwein<\/span><\/span><\/p>\t\t\t\t\t\t<\/div>\n\t\t\t\t<\/div>\n\t\t\t\t\t<\/div>\n\t\t<\/div>\n\t\t\t\t\t<\/div>\n\t\t<\/section>\n\t\t\t\t<section class=\"elementor-section elementor-top-section elementor-element elementor-element-2b3fa88 elementor-section-boxed elementor-section-height-default elementor-section-height-default\" data-id=\"2b3fa88\" data-element_type=\"section\">\n\t\t\t\t\t\t<div class=\"elementor-container elementor-column-gap-default\">\n\t\t\t\t\t<div class=\"elementor-column elementor-col-100 elementor-top-column elementor-element elementor-element-cdafe03\" data-id=\"cdafe03\" data-element_type=\"column\">\n\t\t\t<div class=\"elementor-widget-wrap elementor-element-populated\">\n\t\t\t\t\t\t<div class=\"elementor-element elementor-element-268f398 elementor-widget elementor-widget-text-editor\" data-id=\"268f398\" data-element_type=\"widget\" data-widget_type=\"text-editor.default\">\n\t\t\t\t<div class=\"elementor-widget-container\">\n\t\t\t\t\t\t\t<p><span style=\"font-family: georgia, palatino, serif;font-size: 12pt\"><strong>T\u00edtulo<\/strong>: <a href=\"https:\/\/repositorio.ufsm.br\/bitstream\/handle\/1\/3605\/AITA%2c%20VALMIR.pdf?sequence=1&amp;isAllowed=y\" target=\"_blank\" rel=\"noopener\"><span style=\"color: #000000\">Manejo de lagartas e percevejos da soja com controle localizado<\/span><\/a><\/span><\/p><p><span style=\"font-family: georgia, palatino, serif;font-size: 12pt\"><strong>Aluno<\/strong>: <span style=\"color: #000000\">Valmir Aita<\/span><\/span><\/p><p><span style=\"font-family: georgia, palatino, serif;font-size: 12pt\"><strong>Professor Orientador<\/strong>: Dr. <span style=\"color: #000000\">Jerson Vanderlei Car\u00fas Guedes<\/span><\/span><\/p>\t\t\t\t\t\t<\/div>\n\t\t\t\t<\/div>\n\t\t\t\t\t<\/div>\n\t\t<\/div>\n\t\t\t\t\t<\/div>\n\t\t<\/section>\n\t\t\t\t<\/div>\n\t\t","protected":false},"excerpt":{"rendered":"<p>T\u00edtulo: Planejamento para comunidades rurais em situa\u00e7\u00f5es de enchentes Aluno: Alessandro Carvalho Miola Professor Orientador: Dr. Geraldo Lopes da Silveira T\u00edtulo: Avalia\u00e7\u00e3o e crit\u00e9rio para a utiliza\u00e7\u00e3o de semeadora com sistema de taxa vari\u00e1vel de sementes na cultura da soja Aluno: Daniel Uhry Professor Orientador: Dr. Jos\u00e9 Fernando Schlosser T\u00edtulo: Tamanho da amostra, distribui\u00e7\u00e3o espacial [&hellip;]<\/p>\n","protected":false},"author":871,"featured_media":0,"parent":0,"menu_order":0,"comment_status":"closed","ping_status":"closed","template":"","meta":{"footnotes":""},"categories":[],"tags":[],"class_list":["post-602","page","type-page","status-publish","hentry"],"acf":[],"_links":{"self":[{"href":"https:\/\/www.ufsm.br\/cursos\/pos-graduacao\/santa-maria\/ppgea\/wp-json\/wp\/v2\/pages\/602","targetHints":{"allow":["GET"]}}],"collection":[{"href":"https:\/\/www.ufsm.br\/cursos\/pos-graduacao\/santa-maria\/ppgea\/wp-json\/wp\/v2\/pages"}],"about":[{"href":"https:\/\/www.ufsm.br\/cursos\/pos-graduacao\/santa-maria\/ppgea\/wp-json\/wp\/v2\/types\/page"}],"author":[{"embeddable":true,"href":"https:\/\/www.ufsm.br\/cursos\/pos-graduacao\/santa-maria\/ppgea\/wp-json\/wp\/v2\/users\/871"}],"replies":[{"embeddable":true,"href":"https:\/\/www.ufsm.br\/cursos\/pos-graduacao\/santa-maria\/ppgea\/wp-json\/wp\/v2\/comments?post=602"}],"version-history":[{"count":0,"href":"https:\/\/www.ufsm.br\/cursos\/pos-graduacao\/santa-maria\/ppgea\/wp-json\/wp\/v2\/pages\/602\/revisions"}],"wp:attachment":[{"href":"https:\/\/www.ufsm.br\/cursos\/pos-graduacao\/santa-maria\/ppgea\/wp-json\/wp\/v2\/media?parent=602"}],"wp:term":[{"taxonomy":"category","embeddable":true,"href":"https:\/\/www.ufsm.br\/cursos\/pos-graduacao\/santa-maria\/ppgea\/wp-json\/wp\/v2\/categories?post=602"},{"taxonomy":"post_tag","embeddable":true,"href":"https:\/\/www.ufsm.br\/cursos\/pos-graduacao\/santa-maria\/ppgea\/wp-json\/wp\/v2\/tags?post=602"}],"curies":[{"name":"wp","href":"https:\/\/api.w.org\/{rel}","templated":true}]}}