{"id":603,"date":"2019-11-28T13:24:39","date_gmt":"2019-11-28T16:24:39","guid":{"rendered":"https:\/\/www.ufsm.br\/cursos\/pos-graduacao\/santa-maria\/ppgea\/?page_id=603"},"modified":"2020-11-18T15:59:49","modified_gmt":"2020-11-18T18:59:49","slug":"teses-2012","status":"publish","type":"page","link":"https:\/\/www.ufsm.br\/cursos\/pos-graduacao\/santa-maria\/ppgea\/teses-2012","title":{"rendered":"Teses 2012"},"content":{"rendered":"\t\t<div data-elementor-type=\"wp-page\" data-elementor-id=\"603\" class=\"elementor elementor-603\">\n\t\t\t\t\t\t<section class=\"elementor-section elementor-top-section elementor-element elementor-element-a32f01f elementor-section-boxed elementor-section-height-default elementor-section-height-default\" data-id=\"a32f01f\" data-element_type=\"section\">\n\t\t\t\t\t\t<div class=\"elementor-container elementor-column-gap-default\">\n\t\t\t\t\t<div class=\"elementor-column elementor-col-100 elementor-top-column elementor-element elementor-element-6ce55e4\" data-id=\"6ce55e4\" data-element_type=\"column\">\n\t\t\t<div class=\"elementor-widget-wrap elementor-element-populated\">\n\t\t\t\t\t\t<div class=\"elementor-element elementor-element-e503165 elementor-widget elementor-widget-text-editor\" data-id=\"e503165\" data-element_type=\"widget\" data-widget_type=\"text-editor.default\">\n\t\t\t\t<div class=\"elementor-widget-container\">\n\t\t\t\t\t\t\t<p><strong>T\u00edtulo<\/strong>: <a href=\"https:\/\/repositorio.ufsm.br\/bitstream\/handle\/1\/3599\/RUSSINI%2c%20ALEXANDRE.pdf?sequence=1&amp;isAllowed=y\" target=\"_blank\" rel=\"noopener\">Estimativa do desempenho de tratores agr\u00edcolas em campo e pista a partir do ensaio dinamom\u00e9trico<\/a><\/p><p><strong>Aluno<\/strong>: Alexandre Russini<\/p><p><strong>Professor Orientador<\/strong>: Dr. Jos\u00e9 Fernando Schlosser<\/p>\t\t\t\t\t\t<\/div>\n\t\t\t\t<\/div>\n\t\t\t\t\t<\/div>\n\t\t<\/div>\n\t\t\t\t\t<\/div>\n\t\t<\/section>\n\t\t\t\t<section class=\"elementor-section elementor-top-section elementor-element elementor-element-226c7ab elementor-section-boxed elementor-section-height-default elementor-section-height-default\" data-id=\"226c7ab\" data-element_type=\"section\">\n\t\t\t\t\t\t<div class=\"elementor-container elementor-column-gap-default\">\n\t\t\t\t\t<div class=\"elementor-column elementor-col-100 elementor-top-column elementor-element elementor-element-4d03253\" data-id=\"4d03253\" data-element_type=\"column\">\n\t\t\t<div class=\"elementor-widget-wrap elementor-element-populated\">\n\t\t\t\t\t\t<div class=\"elementor-element elementor-element-ad2f758 elementor-widget elementor-widget-text-editor\" data-id=\"ad2f758\" data-element_type=\"widget\" data-widget_type=\"text-editor.default\">\n\t\t\t\t<div class=\"elementor-widget-container\">\n\t\t\t\t\t\t\t<p><strong>T\u00edtulo<\/strong>: <a href=\"https:\/\/repositorio.ufsm.br\/bitstream\/handle\/1\/3603\/GULART%2c%20CAROLINE%20ALMEIDA.pdf?sequence=1&amp;isAllowed=y\" target=\"_blank\" rel=\"noopener\">Influ\u00eancia do espectro de gotas no desempenho de fungicidas na cultura do trigo<\/a><\/p><p><strong>Aluna<\/strong>: Caroline Almeida Gulart<\/p><p><strong>Professor Orientador<\/strong>: Dr. Ricardo Silveiro Balardin<\/p>\t\t\t\t\t\t<\/div>\n\t\t\t\t<\/div>\n\t\t\t\t\t<\/div>\n\t\t<\/div>\n\t\t\t\t\t<\/div>\n\t\t<\/section>\n\t\t\t\t<section class=\"elementor-section elementor-top-section elementor-element elementor-element-3e1df25 elementor-section-boxed elementor-section-height-default elementor-section-height-default\" data-id=\"3e1df25\" data-element_type=\"section\">\n\t\t\t\t\t\t<div class=\"elementor-container elementor-column-gap-default\">\n\t\t\t\t\t<div class=\"elementor-column elementor-col-100 elementor-top-column elementor-element elementor-element-de0ea6b\" data-id=\"de0ea6b\" data-element_type=\"column\">\n\t\t\t<div class=\"elementor-widget-wrap elementor-element-populated\">\n\t\t\t\t\t\t<div class=\"elementor-element elementor-element-cb64de5 elementor-widget elementor-widget-text-editor\" data-id=\"cb64de5\" data-element_type=\"widget\" data-widget_type=\"text-editor.default\">\n\t\t\t\t<div class=\"elementor-widget-container\">\n\t\t\t\t\t\t\t<p><strong>T\u00edtulo<\/strong>: Estado nutricional do milho avaliado por espectroscopia \u00f3ptica no Paraguai<\/p><p><strong>Aluno<\/strong>: Enrique Oswin Hahn Villalba<\/p><p><strong>Professor Orientador<\/strong>: Dr. Telmo Jorge Carneiro Amado<\/p>\t\t\t\t\t\t<\/div>\n\t\t\t\t<\/div>\n\t\t\t\t\t<\/div>\n\t\t<\/div>\n\t\t\t\t\t<\/div>\n\t\t<\/section>\n\t\t\t\t<section class=\"elementor-section elementor-top-section elementor-element elementor-element-6107844 elementor-section-boxed elementor-section-height-default elementor-section-height-default\" data-id=\"6107844\" data-element_type=\"section\">\n\t\t\t\t\t\t<div class=\"elementor-container elementor-column-gap-default\">\n\t\t\t\t\t<div class=\"elementor-column elementor-col-100 elementor-top-column elementor-element elementor-element-1ab0576\" data-id=\"1ab0576\" data-element_type=\"column\">\n\t\t\t<div class=\"elementor-widget-wrap elementor-element-populated\">\n\t\t\t\t\t\t<div class=\"elementor-element elementor-element-490d506 elementor-widget elementor-widget-text-editor\" data-id=\"490d506\" data-element_type=\"widget\" data-widget_type=\"text-editor.default\">\n\t\t\t\t<div class=\"elementor-widget-container\">\n\t\t\t\t\t\t\t<p><strong>T\u00edtulo<\/strong>: <a href=\"https:\/\/repositorio.ufsm.br\/bitstream\/handle\/1\/3598\/PAULA%2c%20GIZELLI%20MOIANO%20DE.pdf?sequence=1&amp;isAllowed=y\" target=\"_blank\" rel=\"noopener\">Tend\u00eancia hist\u00f3rica e variabilidade do brilho solar e modelagem da radia\u00e7\u00e3o solar em Santa Maria, RS<\/a><\/p><p><strong>Aluna<\/strong>: Gizelli Moiano de Paula<\/p><p><strong>Professor Orientador<\/strong>: Dr. Nereu Augusto Streck<\/p>\t\t\t\t\t\t<\/div>\n\t\t\t\t<\/div>\n\t\t\t\t\t<\/div>\n\t\t<\/div>\n\t\t\t\t\t<\/div>\n\t\t<\/section>\n\t\t\t\t<section class=\"elementor-section elementor-top-section elementor-element elementor-element-31694db elementor-section-boxed elementor-section-height-default elementor-section-height-default\" data-id=\"31694db\" data-element_type=\"section\">\n\t\t\t\t\t\t<div class=\"elementor-container elementor-column-gap-default\">\n\t\t\t\t\t<div class=\"elementor-column elementor-col-100 elementor-top-column elementor-element elementor-element-2bab282\" data-id=\"2bab282\" data-element_type=\"column\">\n\t\t\t<div class=\"elementor-widget-wrap elementor-element-populated\">\n\t\t\t\t\t\t<div class=\"elementor-element elementor-element-7e09a6c elementor-widget elementor-widget-text-editor\" data-id=\"7e09a6c\" data-element_type=\"widget\" data-widget_type=\"text-editor.default\">\n\t\t\t\t<div class=\"elementor-widget-container\">\n\t\t\t\t\t\t\t<p><strong>T\u00edtulo<\/strong>: <a href=\"https:\/\/repositorio.ufsm.br\/bitstream\/handle\/1\/3606\/PINHO%2c%20MARIVAN%20DA%20SILVA.pdf?sequence=1&amp;isAllowed=y\" target=\"_blank\" rel=\"noopener\">Vibra\u00e7\u00f5es em um trator agr\u00edcola cabinado: magnitude das acelera\u00e7\u00f5es no assento e transmissibilidade atrav\u00e9s do coxim<\/a><\/p><p><strong>Aluno<\/strong>: Marivan da Silva Pinho<\/p><p><strong>Professor Orientador<\/strong>: Dr. Jos\u00e9 Fernando Schlosser<\/p>\t\t\t\t\t\t<\/div>\n\t\t\t\t<\/div>\n\t\t\t\t\t<\/div>\n\t\t<\/div>\n\t\t\t\t\t<\/div>\n\t\t<\/section>\n\t\t\t\t<section class=\"elementor-section elementor-top-section elementor-element elementor-element-01dbfb9 elementor-section-boxed elementor-section-height-default elementor-section-height-default\" data-id=\"01dbfb9\" data-element_type=\"section\">\n\t\t\t\t\t\t<div class=\"elementor-container elementor-column-gap-default\">\n\t\t\t\t\t<div class=\"elementor-column elementor-col-100 elementor-top-column elementor-element elementor-element-bd3a278\" data-id=\"bd3a278\" data-element_type=\"column\">\n\t\t\t<div class=\"elementor-widget-wrap elementor-element-populated\">\n\t\t\t\t\t\t<div class=\"elementor-element elementor-element-8d88866 elementor-widget elementor-widget-text-editor\" data-id=\"8d88866\" data-element_type=\"widget\" data-widget_type=\"text-editor.default\">\n\t\t\t\t<div class=\"elementor-widget-container\">\n\t\t\t\t\t\t\t<p><strong>T\u00edtulo<\/strong>:\u00a0<a href=\"https:\/\/repositorio.ufsm.br\/bitstream\/handle\/1\/3602\/BAUMHARDT%2c%20ULISSES%20BENEDETTI.pdf?sequence=1&amp;isAllowed=y\" target=\"_blank\" rel=\"noopener\">Metodologia para concep\u00e7\u00e3o de cabines de m\u00e1quinas agr\u00edcolas com enfoque na seguran\u00e7a e ergonomia<\/a><\/p><p><strong>Aluno<\/strong>:\u00a0Ulisses Benedetti Baumhardt<\/p><p><strong>Professor Orientador<\/strong>: Dr.\u00a0Airton dos Santos Alon\u00e7o<\/p>\t\t\t\t\t\t<\/div>\n\t\t\t\t<\/div>\n\t\t\t\t\t<\/div>\n\t\t<\/div>\n\t\t\t\t\t<\/div>\n\t\t<\/section>\n\t\t\t\t<section class=\"elementor-section elementor-top-section elementor-element elementor-element-e12af1c elementor-section-boxed elementor-section-height-default elementor-section-height-default\" data-id=\"e12af1c\" data-element_type=\"section\">\n\t\t\t\t\t\t<div class=\"elementor-container elementor-column-gap-default\">\n\t\t\t\t\t<div class=\"elementor-column elementor-col-100 elementor-top-column elementor-element elementor-element-ba32d71\" data-id=\"ba32d71\" data-element_type=\"column\">\n\t\t\t<div class=\"elementor-widget-wrap elementor-element-populated\">\n\t\t\t\t\t\t<div class=\"elementor-element elementor-element-107ba89 elementor-widget elementor-widget-text-editor\" data-id=\"107ba89\" data-element_type=\"widget\" data-widget_type=\"text-editor.default\">\n\t\t\t\t<div class=\"elementor-widget-container\">\n\t\t\t\t\t\t\t<p><strong>T\u00edtulo<\/strong>: <a href=\"https:\/\/repositorio.ufsm.br\/bitstream\/handle\/1\/3604\/DIAS%2c%20VILNEI%20DE%20OLIVEIRA.pdf?sequence=1&amp;isAllowed=y\" target=\"_blank\" rel=\"noopener\">Tamanho amostral para ensaios em esteira de distribui\u00e7\u00e3o longitudinal de sementes de milho e soja<\/a><\/p><p><strong>Aluno<\/strong>: Vilnei de Oliveira Dias<\/p><p><strong>Professor Orientador<\/strong>: Dr. Airton dos Santos Alon\u00e7o<\/p>\t\t\t\t\t\t<\/div>\n\t\t\t\t<\/div>\n\t\t\t\t\t<\/div>\n\t\t<\/div>\n\t\t\t\t\t<\/div>\n\t\t<\/section>\n\t\t\t\t<\/div>\n\t\t","protected":false},"excerpt":{"rendered":"<p>T\u00edtulo: Estimativa do desempenho de tratores agr\u00edcolas em campo e pista a partir do ensaio dinamom\u00e9trico Aluno: Alexandre Russini Professor Orientador: Dr. Jos\u00e9 Fernando Schlosser T\u00edtulo: Influ\u00eancia do espectro de gotas no desempenho de fungicidas na cultura do trigo Aluna: Caroline Almeida Gulart Professor Orientador: Dr. Ricardo Silveiro Balardin T\u00edtulo: Estado nutricional do milho avaliado [&hellip;]<\/p>\n","protected":false},"author":871,"featured_media":0,"parent":0,"menu_order":0,"comment_status":"closed","ping_status":"closed","template":"","meta":{"footnotes":""},"categories":[],"tags":[],"class_list":["post-603","page","type-page","status-publish","hentry"],"acf":[],"_links":{"self":[{"href":"https:\/\/www.ufsm.br\/cursos\/pos-graduacao\/santa-maria\/ppgea\/wp-json\/wp\/v2\/pages\/603","targetHints":{"allow":["GET"]}}],"collection":[{"href":"https:\/\/www.ufsm.br\/cursos\/pos-graduacao\/santa-maria\/ppgea\/wp-json\/wp\/v2\/pages"}],"about":[{"href":"https:\/\/www.ufsm.br\/cursos\/pos-graduacao\/santa-maria\/ppgea\/wp-json\/wp\/v2\/types\/page"}],"author":[{"embeddable":true,"href":"https:\/\/www.ufsm.br\/cursos\/pos-graduacao\/santa-maria\/ppgea\/wp-json\/wp\/v2\/users\/871"}],"replies":[{"embeddable":true,"href":"https:\/\/www.ufsm.br\/cursos\/pos-graduacao\/santa-maria\/ppgea\/wp-json\/wp\/v2\/comments?post=603"}],"version-history":[{"count":0,"href":"https:\/\/www.ufsm.br\/cursos\/pos-graduacao\/santa-maria\/ppgea\/wp-json\/wp\/v2\/pages\/603\/revisions"}],"wp:attachment":[{"href":"https:\/\/www.ufsm.br\/cursos\/pos-graduacao\/santa-maria\/ppgea\/wp-json\/wp\/v2\/media?parent=603"}],"wp:term":[{"taxonomy":"category","embeddable":true,"href":"https:\/\/www.ufsm.br\/cursos\/pos-graduacao\/santa-maria\/ppgea\/wp-json\/wp\/v2\/categories?post=603"},{"taxonomy":"post_tag","embeddable":true,"href":"https:\/\/www.ufsm.br\/cursos\/pos-graduacao\/santa-maria\/ppgea\/wp-json\/wp\/v2\/tags?post=603"}],"curies":[{"name":"wp","href":"https:\/\/api.w.org\/{rel}","templated":true}]}}