{"id":604,"date":"2019-11-28T13:25:29","date_gmt":"2019-11-28T16:25:29","guid":{"rendered":"https:\/\/www.ufsm.br\/cursos\/pos-graduacao\/santa-maria\/ppgea\/?page_id=604"},"modified":"2020-11-19T13:08:47","modified_gmt":"2020-11-19T16:08:47","slug":"teses-2011","status":"publish","type":"page","link":"https:\/\/www.ufsm.br\/cursos\/pos-graduacao\/santa-maria\/ppgea\/teses-2011","title":{"rendered":"Teses 2011"},"content":{"rendered":"\t\t<div data-elementor-type=\"wp-page\" data-elementor-id=\"604\" class=\"elementor elementor-604\">\n\t\t\t\t\t\t<section class=\"elementor-section elementor-top-section elementor-element elementor-element-386e2e4 elementor-section-boxed elementor-section-height-default elementor-section-height-default\" data-id=\"386e2e4\" data-element_type=\"section\">\n\t\t\t\t\t\t<div class=\"elementor-container elementor-column-gap-default\">\n\t\t\t\t\t<div class=\"elementor-column elementor-col-100 elementor-top-column elementor-element elementor-element-72bc410\" data-id=\"72bc410\" data-element_type=\"column\">\n\t\t\t<div class=\"elementor-widget-wrap elementor-element-populated\">\n\t\t\t\t\t\t\t<\/div>\n\t\t<\/div>\n\t\t\t\t\t<\/div>\n\t\t<\/section>\n\t\t\t\t<section class=\"elementor-section elementor-top-section elementor-element elementor-element-211310a elementor-section-boxed elementor-section-height-default elementor-section-height-default\" data-id=\"211310a\" data-element_type=\"section\">\n\t\t\t\t\t\t<div class=\"elementor-container elementor-column-gap-default\">\n\t\t\t\t\t<div class=\"elementor-column elementor-col-100 elementor-top-column elementor-element elementor-element-2d7a57a\" data-id=\"2d7a57a\" data-element_type=\"column\">\n\t\t\t<div class=\"elementor-widget-wrap elementor-element-populated\">\n\t\t\t\t\t\t<div class=\"elementor-element elementor-element-67f920d elementor-widget elementor-widget-text-editor\" data-id=\"67f920d\" data-element_type=\"widget\" data-widget_type=\"text-editor.default\">\n\t\t\t\t<div class=\"elementor-widget-container\">\n\t\t\t\t\t\t\t<p><strong>T\u00edtulo<\/strong>: <a href=\"https:\/\/repositorio.ufsm.br\/bitstream\/handle\/1\/3589\/GOMES%2c%20ANA%20CARLA%20DOS%20SANTOS.pdf?sequence=1&amp;isAllowed=y\" target=\"_blank\" rel=\"noopener\">Estudo experimental e simulado da cultura da soja em fun\u00e7\u00e3o de diferentes n\u00edveis de irriga\u00e7\u00e3o<\/a><\/p><p><strong>Aluna<\/strong>: Ana Carla dos Santos Gomes<\/p><p><strong>Professor Orientador<\/strong>: Dr. Adroaldo Dias Robaina<\/p>\t\t\t\t\t\t<\/div>\n\t\t\t\t<\/div>\n\t\t\t\t\t<\/div>\n\t\t<\/div>\n\t\t\t\t\t<\/div>\n\t\t<\/section>\n\t\t\t\t<section class=\"elementor-section elementor-top-section elementor-element elementor-element-76451d5 elementor-section-boxed elementor-section-height-default elementor-section-height-default\" data-id=\"76451d5\" data-element_type=\"section\">\n\t\t\t\t\t\t<div class=\"elementor-container elementor-column-gap-default\">\n\t\t\t\t\t<div class=\"elementor-column elementor-col-100 elementor-top-column elementor-element elementor-element-c16bda3\" data-id=\"c16bda3\" data-element_type=\"column\">\n\t\t\t<div class=\"elementor-widget-wrap elementor-element-populated\">\n\t\t\t\t\t\t<div class=\"elementor-element elementor-element-de9f0ed elementor-widget elementor-widget-text-editor\" data-id=\"de9f0ed\" data-element_type=\"widget\" data-widget_type=\"text-editor.default\">\n\t\t\t\t<div class=\"elementor-widget-container\">\n\t\t\t\t\t\t\t<p><strong>T\u00edtulo<\/strong>: <a href=\"https:\/\/repositorio.ufsm.br\/bitstream\/handle\/1\/3591\/BOEMO%2c%20DANIEL.pdf?sequence=1&amp;isAllowed=y\" target=\"_blank\" rel=\"noopener\">Desenvolvimento de sistemas de geoprocessamento e tecnologia m\u00f3vel aplicados \u00e0 agricultura de precis\u00e3o<\/a><\/p><p><strong>Aluno<\/strong>: Daniel Boemo<\/p><p><strong>Professor Orientador<\/strong>: Dr. Telmo Jorge Carneiro Amado<\/p>\t\t\t\t\t\t<\/div>\n\t\t\t\t<\/div>\n\t\t\t\t\t<\/div>\n\t\t<\/div>\n\t\t\t\t\t<\/div>\n\t\t<\/section>\n\t\t\t\t<section class=\"elementor-section elementor-top-section elementor-element elementor-element-8588fa2 elementor-section-boxed elementor-section-height-default elementor-section-height-default\" data-id=\"8588fa2\" data-element_type=\"section\">\n\t\t\t\t\t\t<div class=\"elementor-container elementor-column-gap-default\">\n\t\t\t\t\t<div class=\"elementor-column elementor-col-100 elementor-top-column elementor-element elementor-element-4dae9dc\" data-id=\"4dae9dc\" data-element_type=\"column\">\n\t\t\t<div class=\"elementor-widget-wrap elementor-element-populated\">\n\t\t\t\t\t\t<div class=\"elementor-element elementor-element-eced824 elementor-widget elementor-widget-text-editor\" data-id=\"eced824\" data-element_type=\"widget\" data-widget_type=\"text-editor.default\">\n\t\t\t\t<div class=\"elementor-widget-container\">\n\t\t\t\t\t\t\t<p><strong>T\u00edtulo<\/strong>: <a href=\"https:\/\/repositorio.ufsm.br\/bitstream\/handle\/1\/3586\/LAGO%2c%20ISABEL.pdf?sequence=1&amp;isAllowed=y\" target=\"_blank\" rel=\"noopener\">Transpira\u00e7\u00e3o e crescimento foliar de clones de batata e de mandioca em resposta \u00e0 fra\u00e7\u00e3o de \u00e1gua transpir\u00e1vel no solo<\/a><\/p><p><strong>Aluna<\/strong>: Isabel Lago<\/p><p><strong>Professor Orientador<\/strong>: Dr. Nereu Augusto Streck<\/p>\t\t\t\t\t\t<\/div>\n\t\t\t\t<\/div>\n\t\t\t\t\t<\/div>\n\t\t<\/div>\n\t\t\t\t\t<\/div>\n\t\t<\/section>\n\t\t\t\t<section class=\"elementor-section elementor-top-section elementor-element elementor-element-91b4250 elementor-section-boxed elementor-section-height-default elementor-section-height-default\" data-id=\"91b4250\" data-element_type=\"section\">\n\t\t\t\t\t\t<div class=\"elementor-container elementor-column-gap-default\">\n\t\t\t\t\t<div class=\"elementor-column elementor-col-100 elementor-top-column elementor-element elementor-element-427bf4a\" data-id=\"427bf4a\" data-element_type=\"column\">\n\t\t\t<div class=\"elementor-widget-wrap elementor-element-populated\">\n\t\t\t\t\t\t<div class=\"elementor-element elementor-element-0c18b3b elementor-widget elementor-widget-text-editor\" data-id=\"0c18b3b\" data-element_type=\"widget\" data-widget_type=\"text-editor.default\">\n\t\t\t\t<div class=\"elementor-widget-container\">\n\t\t\t\t\t\t\t<p><strong>T\u00edtulo<\/strong>: <a href=\"https:\/\/repositorio.ufsm.br\/bitstream\/handle\/1\/3590\/ZAMBERLAN%2c%20JOAO%20FERNANDO.pdf?sequence=1&amp;isAllowed=y\" target=\"_blank\" rel=\"noopener\">\u00cdndice de qualidade e custos em fun\u00e7\u00e3o da variabilidade temporal da \u00e1gua de irriga\u00e7\u00e3o<\/a><\/p><p><strong>Aluno<\/strong>: Jo\u00e3o Fernando Zamberlan<\/p><p><strong>Professor Orientador<\/strong>: Dr. Adroaldo Dias Robaina<\/p>\t\t\t\t\t\t<\/div>\n\t\t\t\t<\/div>\n\t\t\t\t\t<\/div>\n\t\t<\/div>\n\t\t\t\t\t<\/div>\n\t\t<\/section>\n\t\t\t\t<section class=\"elementor-section elementor-top-section elementor-element elementor-element-41d11ed elementor-section-boxed elementor-section-height-default elementor-section-height-default\" data-id=\"41d11ed\" data-element_type=\"section\">\n\t\t\t\t\t\t<div class=\"elementor-container elementor-column-gap-default\">\n\t\t\t\t\t<div class=\"elementor-column elementor-col-100 elementor-top-column elementor-element elementor-element-c941415\" data-id=\"c941415\" data-element_type=\"column\">\n\t\t\t<div class=\"elementor-widget-wrap elementor-element-populated\">\n\t\t\t\t\t\t<div class=\"elementor-element elementor-element-6be009c elementor-widget elementor-widget-text-editor\" data-id=\"6be009c\" data-element_type=\"widget\" data-widget_type=\"text-editor.default\">\n\t\t\t\t<div class=\"elementor-widget-container\">\n\t\t\t\t\t\t\t<p><strong>T\u00edtulo<\/strong>: <a href=\"https:\/\/repositorio.ufsm.br\/bitstream\/handle\/1\/3600\/GASSEN%2c%20JOSE%20RENE%20FREITAS.pdf?sequence=1&amp;isAllowed=y\" target=\"_blank\" rel=\"noopener\">Avalia\u00e7\u00e3o de ferramenta para escarifica\u00e7\u00e3o do solo em camadas de forma simult\u00e2nea<\/a><\/p><p><strong>Aluno<\/strong>: Jos\u00e9 Ren\u00ea Freitas Gassen\u00a0<\/p><p><strong>Professor Orientador<\/strong>: Dr. Airton dos Santos Alon\u00e7o<\/p>\t\t\t\t\t\t<\/div>\n\t\t\t\t<\/div>\n\t\t\t\t\t<\/div>\n\t\t<\/div>\n\t\t\t\t\t<\/div>\n\t\t<\/section>\n\t\t\t\t<section class=\"elementor-section elementor-top-section elementor-element elementor-element-7699f4d elementor-section-boxed elementor-section-height-default elementor-section-height-default\" data-id=\"7699f4d\" data-element_type=\"section\">\n\t\t\t\t\t\t<div class=\"elementor-container elementor-column-gap-default\">\n\t\t\t\t\t<div class=\"elementor-column elementor-col-100 elementor-top-column elementor-element elementor-element-14f29bb\" data-id=\"14f29bb\" data-element_type=\"column\">\n\t\t\t<div class=\"elementor-widget-wrap elementor-element-populated\">\n\t\t\t\t\t\t<div class=\"elementor-element elementor-element-5f52227 elementor-widget elementor-widget-text-editor\" data-id=\"5f52227\" data-element_type=\"widget\" data-widget_type=\"text-editor.default\">\n\t\t\t\t<div class=\"elementor-widget-container\">\n\t\t\t\t\t\t\t<p><strong>T\u00edtulo<\/strong>: <a href=\"https:\/\/repositorio.ufsm.br\/bitstream\/handle\/1\/3593\/SAMPAIO%2c%20MARCELA%20VILAR.pdf?sequence=1&amp;isAllowed=y\" target=\"_blank\" rel=\"noopener\">Espacializa\u00e7\u00e3o dos coeficientes das equa\u00e7\u00f5es de chuvas intensas em bacias hidrogr\u00e1ficas do Rio Grande do Sul<\/a><\/p><p><strong>Aluna<\/strong>: Marcela Vilar Sampaio<\/p><p><strong>Professor Orientador<\/strong>: Dr. Adroaldo Dias Robaina<\/p>\t\t\t\t\t\t<\/div>\n\t\t\t\t<\/div>\n\t\t\t\t\t<\/div>\n\t\t<\/div>\n\t\t\t\t\t<\/div>\n\t\t<\/section>\n\t\t\t\t<section class=\"elementor-section elementor-top-section elementor-element elementor-element-0b67b83 elementor-section-boxed elementor-section-height-default elementor-section-height-default\" data-id=\"0b67b83\" data-element_type=\"section\">\n\t\t\t\t\t\t<div class=\"elementor-container elementor-column-gap-default\">\n\t\t\t\t\t<div class=\"elementor-column elementor-col-100 elementor-top-column elementor-element elementor-element-cc59bd1\" data-id=\"cc59bd1\" data-element_type=\"column\">\n\t\t\t<div class=\"elementor-widget-wrap elementor-element-populated\">\n\t\t\t\t\t\t<div class=\"elementor-element elementor-element-eca9305 elementor-widget elementor-widget-text-editor\" data-id=\"eca9305\" data-element_type=\"widget\" data-widget_type=\"text-editor.default\">\n\t\t\t\t<div class=\"elementor-widget-container\">\n\t\t\t\t\t\t\t<p><strong>T\u00edtulo<\/strong>: <a href=\"https:\/\/repositorio.ufsm.br\/bitstream\/handle\/1\/3596\/DEBORTOLI%2c%20MONICA%20PAULA.pdf?sequence=1&amp;isAllowed=y\" target=\"_blank\" rel=\"noopener\">Efeito dos espectros de gota associados a diferentes arquiteturas de cultivares de soja no controle da ferrugem<\/a><\/p><p><strong>Aluna<\/strong>: M\u00f4nica Paula Debortoli<\/p><p><strong>Professor Orientador<\/strong>: Dr. Ricardo Silveiro Balardin<\/p>\t\t\t\t\t\t<\/div>\n\t\t\t\t<\/div>\n\t\t\t\t\t<\/div>\n\t\t<\/div>\n\t\t\t\t\t<\/div>\n\t\t<\/section>\n\t\t\t\t<section class=\"elementor-section elementor-top-section elementor-element elementor-element-170ef2d elementor-section-boxed elementor-section-height-default elementor-section-height-default\" data-id=\"170ef2d\" data-element_type=\"section\">\n\t\t\t\t\t\t<div class=\"elementor-container elementor-column-gap-default\">\n\t\t\t\t\t<div class=\"elementor-column elementor-col-100 elementor-top-column elementor-element elementor-element-5243c20\" data-id=\"5243c20\" data-element_type=\"column\">\n\t\t\t<div class=\"elementor-widget-wrap elementor-element-populated\">\n\t\t\t\t\t\t<div class=\"elementor-element elementor-element-a8c1c3d elementor-widget elementor-widget-text-editor\" data-id=\"a8c1c3d\" data-element_type=\"widget\" data-widget_type=\"text-editor.default\">\n\t\t\t\t<div class=\"elementor-widget-container\">\n\t\t\t\t\t\t\t<p><strong>T\u00edtulo<\/strong>: <a href=\"https:\/\/repositorio.ufsm.br\/bitstream\/handle\/1\/3588\/SICHONANY%2c%20ONI%20REASILVIA%20DE%20ALMEIDA%20OLIVEIRA.pdf?sequence=1&amp;isAllowed=y\" target=\"_blank\" rel=\"noopener\">Sistema de apoio \u00e0 decis\u00e3o para utiliza\u00e7\u00e3o no agroneg\u00f3cio (SADA): telemetria e tratamento de dados de desempenho de m\u00e1quina de colheita<\/a><\/p><p><strong>Aluna<\/strong>: Oni Reasilvia de Almeida Oliveira Sichonany<\/p><p><strong>Professor Orientador<\/strong>: Dr. Jos\u00e9 Fernando Schlosser<\/p>\t\t\t\t\t\t<\/div>\n\t\t\t\t<\/div>\n\t\t\t\t\t<\/div>\n\t\t<\/div>\n\t\t\t\t\t<\/div>\n\t\t<\/section>\n\t\t\t\t<section class=\"elementor-section elementor-top-section elementor-element elementor-element-8126778 elementor-section-boxed elementor-section-height-default elementor-section-height-default\" data-id=\"8126778\" data-element_type=\"section\">\n\t\t\t\t\t\t<div class=\"elementor-container elementor-column-gap-default\">\n\t\t\t\t\t<div class=\"elementor-column elementor-col-100 elementor-top-column elementor-element elementor-element-4781a15\" data-id=\"4781a15\" data-element_type=\"column\">\n\t\t\t<div class=\"elementor-widget-wrap elementor-element-populated\">\n\t\t\t\t\t\t<div class=\"elementor-element elementor-element-8be2e69 elementor-widget elementor-widget-text-editor\" data-id=\"8be2e69\" data-element_type=\"widget\" data-widget_type=\"text-editor.default\">\n\t\t\t\t<div class=\"elementor-widget-container\">\n\t\t\t\t\t\t\t<p><strong>T\u00edtulo<\/strong>: <a href=\"https:\/\/repositorio.ufsm.br\/bitstream\/handle\/1\/3597\/SOUZA%20FILHO%2c%20PAULO%20DA%20SILVA%20E.pdf?sequence=1&amp;isAllowed=y\" target=\"_blank\" rel=\"noopener\">Par\u00e2metros f\u00edsicos e h\u00eddricos relacionados com o avan\u00e7o da frente de molhamento<\/a><\/p><p><strong>Aluno<\/strong>: Paulo da Silva e Souza Filho<\/p><p><strong>Professor Orientador<\/strong>: Dr. Arno Bernardo Heldwein<\/p>\t\t\t\t\t\t<\/div>\n\t\t\t\t<\/div>\n\t\t\t\t\t<\/div>\n\t\t<\/div>\n\t\t\t\t\t<\/div>\n\t\t<\/section>\n\t\t\t\t<section class=\"elementor-section elementor-top-section elementor-element elementor-element-b259e6d elementor-section-boxed elementor-section-height-default elementor-section-height-default\" data-id=\"b259e6d\" data-element_type=\"section\">\n\t\t\t\t\t\t<div class=\"elementor-container elementor-column-gap-default\">\n\t\t\t\t\t<div class=\"elementor-column elementor-col-100 elementor-top-column elementor-element elementor-element-aceb1fa\" data-id=\"aceb1fa\" data-element_type=\"column\">\n\t\t\t<div class=\"elementor-widget-wrap elementor-element-populated\">\n\t\t\t\t\t\t<div class=\"elementor-element elementor-element-0361743 elementor-widget elementor-widget-text-editor\" data-id=\"0361743\" data-element_type=\"widget\" data-widget_type=\"text-editor.default\">\n\t\t\t\t<div class=\"elementor-widget-container\">\n\t\t\t\t\t\t\t<p><strong>T\u00edtulo<\/strong>: <a href=\"https:\/\/repositorio.ufsm.br\/bitstream\/handle\/1\/3594\/LORENSI%2c%20RAQUEL%20PAULA.pdf?sequence=1&amp;isAllowed=y\" target=\"_blank\" rel=\"noopener\">Rela\u00e7\u00f5es entre atributos do solo e uso de \u00e1gua em arroz irrigado<\/a><\/p><p><strong>Aluna<\/strong>: Raquel Paula Lorensi<\/p><p><strong>Professor Orientador<\/strong>:<\/p>\t\t\t\t\t\t<\/div>\n\t\t\t\t<\/div>\n\t\t\t\t\t<\/div>\n\t\t<\/div>\n\t\t\t\t\t<\/div>\n\t\t<\/section>\n\t\t\t\t<section class=\"elementor-section elementor-top-section elementor-element elementor-element-3454dc9 elementor-section-boxed elementor-section-height-default elementor-section-height-default\" data-id=\"3454dc9\" data-element_type=\"section\">\n\t\t\t\t\t\t<div class=\"elementor-container elementor-column-gap-default\">\n\t\t\t\t\t<div class=\"elementor-column elementor-col-100 elementor-top-column elementor-element elementor-element-8cadeca\" data-id=\"8cadeca\" data-element_type=\"column\">\n\t\t\t<div class=\"elementor-widget-wrap elementor-element-populated\">\n\t\t\t\t\t\t<div class=\"elementor-element elementor-element-4b7d41e elementor-widget elementor-widget-text-editor\" data-id=\"4b7d41e\" data-element_type=\"widget\" data-widget_type=\"text-editor.default\">\n\t\t\t\t<div class=\"elementor-widget-container\">\n\t\t\t\t\t\t\t<p><strong>T\u00edtulo<\/strong>: <a href=\"https:\/\/repositorio.ufsm.br\/bitstream\/handle\/1\/3595\/ALMEIDA%2c%20RODRIGO%20ELESBAO.pdf?sequence=1&amp;isAllowed=y\" target=\"_blank\" rel=\"noopener\">Evapora\u00e7\u00e3o e temperatura em solos mantidos com diferentes quantidades de res\u00edduos em superf\u00edcie<\/a><\/p><p><strong>Aluno<\/strong>: Rodrigo Elesb\u00e3o de Almeida<\/p><p><strong>Professor Orientador<\/strong>: Dr. Reimar Carlesso<\/p>\t\t\t\t\t\t<\/div>\n\t\t\t\t<\/div>\n\t\t\t\t\t<\/div>\n\t\t<\/div>\n\t\t\t\t\t<\/div>\n\t\t<\/section>\n\t\t\t\t<section class=\"elementor-section elementor-top-section elementor-element elementor-element-3845025 elementor-section-boxed elementor-section-height-default elementor-section-height-default\" data-id=\"3845025\" data-element_type=\"section\">\n\t\t\t\t\t\t<div class=\"elementor-container elementor-column-gap-default\">\n\t\t\t\t\t<div class=\"elementor-column elementor-col-100 elementor-top-column elementor-element elementor-element-a17fe70\" data-id=\"a17fe70\" data-element_type=\"column\">\n\t\t\t<div class=\"elementor-widget-wrap elementor-element-populated\">\n\t\t\t\t\t\t<div class=\"elementor-element elementor-element-394a5d4 elementor-widget elementor-widget-text-editor\" data-id=\"394a5d4\" data-element_type=\"widget\" data-widget_type=\"text-editor.default\">\n\t\t\t\t<div class=\"elementor-widget-container\">\n\t\t\t\t\t\t\t<p><strong>T\u00edtulo<\/strong>: <a href=\"https:\/\/repositorio.ufsm.br\/bitstream\/handle\/1\/3592\/POSSEBON%2c%20SANDRO%20BORBA.pdf?sequence=1&amp;isAllowed=y\" target=\"_blank\" rel=\"noopener\">Desempenho de uma semeadora-adubadora e m\u00e9todos de aplica\u00e7\u00e3o de inseticidas no sulco em plantio direto<\/a><\/p><p><strong>Aluno<\/strong>: Sandro Borba Possebon<\/p><p><strong>Professor Orientador<\/strong>: Dr. Jerson Vanderlei Car\u00fas Guedes<\/p>\t\t\t\t\t\t<\/div>\n\t\t\t\t<\/div>\n\t\t\t\t\t<\/div>\n\t\t<\/div>\n\t\t\t\t\t<\/div>\n\t\t<\/section>\n\t\t\t\t<\/div>\n\t\t","protected":false},"excerpt":{"rendered":"<p>T\u00edtulo: Estudo experimental e simulado da cultura da soja em fun\u00e7\u00e3o de diferentes n\u00edveis de irriga\u00e7\u00e3o Aluna: Ana Carla dos Santos Gomes Professor Orientador: Dr. Adroaldo Dias Robaina T\u00edtulo: Desenvolvimento de sistemas de geoprocessamento e tecnologia m\u00f3vel aplicados \u00e0 agricultura de precis\u00e3o Aluno: Daniel Boemo Professor Orientador: Dr. Telmo Jorge Carneiro Amado T\u00edtulo: Transpira\u00e7\u00e3o e [&hellip;]<\/p>\n","protected":false},"author":871,"featured_media":0,"parent":0,"menu_order":0,"comment_status":"closed","ping_status":"closed","template":"","meta":{"footnotes":""},"categories":[],"tags":[],"class_list":["post-604","page","type-page","status-publish","hentry"],"acf":[],"_links":{"self":[{"href":"https:\/\/www.ufsm.br\/cursos\/pos-graduacao\/santa-maria\/ppgea\/wp-json\/wp\/v2\/pages\/604","targetHints":{"allow":["GET"]}}],"collection":[{"href":"https:\/\/www.ufsm.br\/cursos\/pos-graduacao\/santa-maria\/ppgea\/wp-json\/wp\/v2\/pages"}],"about":[{"href":"https:\/\/www.ufsm.br\/cursos\/pos-graduacao\/santa-maria\/ppgea\/wp-json\/wp\/v2\/types\/page"}],"author":[{"embeddable":true,"href":"https:\/\/www.ufsm.br\/cursos\/pos-graduacao\/santa-maria\/ppgea\/wp-json\/wp\/v2\/users\/871"}],"replies":[{"embeddable":true,"href":"https:\/\/www.ufsm.br\/cursos\/pos-graduacao\/santa-maria\/ppgea\/wp-json\/wp\/v2\/comments?post=604"}],"version-history":[{"count":0,"href":"https:\/\/www.ufsm.br\/cursos\/pos-graduacao\/santa-maria\/ppgea\/wp-json\/wp\/v2\/pages\/604\/revisions"}],"wp:attachment":[{"href":"https:\/\/www.ufsm.br\/cursos\/pos-graduacao\/santa-maria\/ppgea\/wp-json\/wp\/v2\/media?parent=604"}],"wp:term":[{"taxonomy":"category","embeddable":true,"href":"https:\/\/www.ufsm.br\/cursos\/pos-graduacao\/santa-maria\/ppgea\/wp-json\/wp\/v2\/categories?post=604"},{"taxonomy":"post_tag","embeddable":true,"href":"https:\/\/www.ufsm.br\/cursos\/pos-graduacao\/santa-maria\/ppgea\/wp-json\/wp\/v2\/tags?post=604"}],"curies":[{"name":"wp","href":"https:\/\/api.w.org\/{rel}","templated":true}]}}