{"id":605,"date":"2019-11-28T13:26:12","date_gmt":"2019-11-28T16:26:12","guid":{"rendered":"https:\/\/www.ufsm.br\/cursos\/pos-graduacao\/santa-maria\/ppgea\/?page_id=605"},"modified":"2020-11-19T13:44:13","modified_gmt":"2020-11-19T16:44:13","slug":"teses-2010","status":"publish","type":"page","link":"https:\/\/www.ufsm.br\/cursos\/pos-graduacao\/santa-maria\/ppgea\/teses-2010","title":{"rendered":"Teses 2010"},"content":{"rendered":"\t\t<div data-elementor-type=\"wp-page\" data-elementor-id=\"605\" class=\"elementor elementor-605\">\n\t\t\t\t\t\t<section class=\"elementor-section elementor-top-section elementor-element elementor-element-3c30b64 elementor-section-boxed elementor-section-height-default elementor-section-height-default\" data-id=\"3c30b64\" data-element_type=\"section\">\n\t\t\t\t\t\t<div class=\"elementor-container elementor-column-gap-default\">\n\t\t\t\t\t<div class=\"elementor-column elementor-col-100 elementor-top-column elementor-element elementor-element-3302fa2\" data-id=\"3302fa2\" data-element_type=\"column\">\n\t\t\t<div class=\"elementor-widget-wrap elementor-element-populated\">\n\t\t\t\t\t\t<div class=\"elementor-element elementor-element-91b4733 elementor-widget elementor-widget-text-editor\" data-id=\"91b4733\" data-element_type=\"widget\" data-widget_type=\"text-editor.default\">\n\t\t\t\t<div class=\"elementor-widget-container\">\n\t\t\t\t\t\t\t<p><strong>T\u00edtulo<\/strong>: <a href=\"https:\/\/repositorio.ufsm.br\/bitstream\/handle\/1\/3585\/SALBEGO%2c%20ADRIANA%20GINDRI.pdf?sequence=1&amp;isAllowed=y\" target=\"_blank\" rel=\"noopener\">Simula\u00e7\u00e3o de cen\u00e1rios de sustentabilidade h\u00eddrica da orizicultura na sub-bacia hidrogr\u00e1fica do Arroio Grande atrav\u00e9s da implanta\u00e7\u00e3o de barragens tempor\u00e1rias<\/a><\/p><p><strong>Aluna<\/strong>: Adriana Gindri Salbego<\/p><p><strong>Professor Orientador<\/strong>: Dr. Adroaldo Dias Robaina<\/p>\t\t\t\t\t\t<\/div>\n\t\t\t\t<\/div>\n\t\t\t\t\t<\/div>\n\t\t<\/div>\n\t\t\t\t\t<\/div>\n\t\t<\/section>\n\t\t\t\t<section class=\"elementor-section elementor-top-section elementor-element elementor-element-34ff8b7 elementor-section-boxed elementor-section-height-default elementor-section-height-default\" data-id=\"34ff8b7\" data-element_type=\"section\">\n\t\t\t\t\t\t<div class=\"elementor-container elementor-column-gap-default\">\n\t\t\t\t\t<div class=\"elementor-column elementor-col-100 elementor-top-column elementor-element elementor-element-30933f2\" data-id=\"30933f2\" data-element_type=\"column\">\n\t\t\t<div class=\"elementor-widget-wrap elementor-element-populated\">\n\t\t\t\t\t\t<div class=\"elementor-element elementor-element-20a14c4 elementor-widget elementor-widget-text-editor\" data-id=\"20a14c4\" data-element_type=\"widget\" data-widget_type=\"text-editor.default\">\n\t\t\t\t<div class=\"elementor-widget-container\">\n\t\t\t\t\t\t\t<p><strong>T\u00edtulo<\/strong>: <a href=\"https:\/\/repositorio.ufsm.br\/bitstream\/handle\/1\/3578\/PARIZI%2c%20ANA%20RITA%20COSTENARO.pdf?sequence=1&amp;isAllowed=y\" target=\"_blank\" rel=\"noopener\">Fun\u00e7\u00f5es de produ\u00e7\u00e3o das culturas de milho e feij\u00e3o atrav\u00e9s de estudo experimental e simulado<\/a><\/p><p><strong>Aluna<\/strong>: Ana Rita Costenaro Parizi<\/p><p><strong>Professor Orientador<\/strong>: Dr. Adroaldo Dias Robaina<\/p>\t\t\t\t\t\t<\/div>\n\t\t\t\t<\/div>\n\t\t\t\t\t<\/div>\n\t\t<\/div>\n\t\t\t\t\t<\/div>\n\t\t<\/section>\n\t\t\t\t<section class=\"elementor-section elementor-top-section elementor-element elementor-element-91b4c68 elementor-section-boxed elementor-section-height-default elementor-section-height-default\" data-id=\"91b4c68\" data-element_type=\"section\">\n\t\t\t\t\t\t<div class=\"elementor-container elementor-column-gap-default\">\n\t\t\t\t\t<div class=\"elementor-column elementor-col-100 elementor-top-column elementor-element elementor-element-50500c3\" data-id=\"50500c3\" data-element_type=\"column\">\n\t\t\t<div class=\"elementor-widget-wrap elementor-element-populated\">\n\t\t\t\t\t\t<div class=\"elementor-element elementor-element-05bbaf8 elementor-widget elementor-widget-text-editor\" data-id=\"05bbaf8\" data-element_type=\"widget\" data-widget_type=\"text-editor.default\">\n\t\t\t\t<div class=\"elementor-widget-container\">\n\t\t\t\t\t\t\t<p><strong>T\u00edtulo<\/strong>: <a href=\"https:\/\/repositorio.ufsm.br\/bitstream\/handle\/1\/3587\/ROTH%2c%20CLAUDIO%20WEISSHEIMER.pdf?sequence=1&amp;isAllowed=y\" target=\"_blank\" rel=\"noopener\">Transmissibilidade da vibra\u00e7\u00e3o e distribui\u00e7\u00e3o da press\u00e3o na interface assento-operador de tratores agr\u00edcolas em condi\u00e7\u00f5es din\u00e2micas<\/a><\/p><p><strong>Aluno<\/strong>: Claudio Weissheimer Roth<\/p><p><strong>Professor Orientador<\/strong>: Dr. Jos\u00e9 Fernando Schlosser<\/p>\t\t\t\t\t\t<\/div>\n\t\t\t\t<\/div>\n\t\t\t\t\t<\/div>\n\t\t<\/div>\n\t\t\t\t\t<\/div>\n\t\t<\/section>\n\t\t\t\t<section class=\"elementor-section elementor-top-section elementor-element elementor-element-8802c81 elementor-section-boxed elementor-section-height-default elementor-section-height-default\" data-id=\"8802c81\" data-element_type=\"section\">\n\t\t\t\t\t\t<div class=\"elementor-container elementor-column-gap-default\">\n\t\t\t\t\t<div class=\"elementor-column elementor-col-100 elementor-top-column elementor-element elementor-element-ad76687\" data-id=\"ad76687\" data-element_type=\"column\">\n\t\t\t<div class=\"elementor-widget-wrap elementor-element-populated\">\n\t\t\t\t\t\t<div class=\"elementor-element elementor-element-6572248 elementor-widget elementor-widget-text-editor\" data-id=\"6572248\" data-element_type=\"widget\" data-widget_type=\"text-editor.default\">\n\t\t\t\t<div class=\"elementor-widget-container\">\n\t\t\t\t\t\t\t<p><strong>T\u00edtulo<\/strong>: <a href=\"https:\/\/repositorio.ufsm.br\/bitstream\/handle\/1\/3580\/GRIMM%2c%20EDENIR%20LUIS.pdf?sequence=1&amp;isAllowed=y\" target=\"_blank\" rel=\"noopener\">Previs\u00e3o da ocorr\u00eancia de requeima e alternaria em tomateiro industrial irrigado sob duas condi\u00e7\u00f5es clim\u00e1ticas e seu custo<\/a><\/p><p><strong>Aluno<\/strong>: Edenir Luis Grimm<\/p><p><strong>Professor Orientador<\/strong>: Dr. Arno Bernardo Heldwein<\/p>\t\t\t\t\t\t<\/div>\n\t\t\t\t<\/div>\n\t\t\t\t\t<\/div>\n\t\t<\/div>\n\t\t\t\t\t<\/div>\n\t\t<\/section>\n\t\t\t\t<section class=\"elementor-section elementor-top-section elementor-element elementor-element-ff90bba elementor-section-boxed elementor-section-height-default elementor-section-height-default\" data-id=\"ff90bba\" data-element_type=\"section\">\n\t\t\t\t\t\t<div class=\"elementor-container elementor-column-gap-default\">\n\t\t\t\t\t<div class=\"elementor-column elementor-col-100 elementor-top-column elementor-element elementor-element-6b42dd6\" data-id=\"6b42dd6\" data-element_type=\"column\">\n\t\t\t<div class=\"elementor-widget-wrap elementor-element-populated\">\n\t\t\t\t\t\t<div class=\"elementor-element elementor-element-71aa11c elementor-widget elementor-widget-text-editor\" data-id=\"71aa11c\" data-element_type=\"widget\" data-widget_type=\"text-editor.default\">\n\t\t\t\t<div class=\"elementor-widget-container\">\n\t\t\t\t\t\t\t<p><strong>T\u00edtulo<\/strong>: <a href=\"https:\/\/repositorio.ufsm.br\/bitstream\/handle\/1\/3583\/KNOB%2c%20MARCELINO%20JOAO.pdf?sequence=1&amp;isAllowed=y\" target=\"_blank\" rel=\"noopener\">Estudo de trafegabilidade aplicado a ve\u00edculos de roda em transporte e tra\u00e7\u00e3o<\/a><\/p><p><strong>Aluno<\/strong>: Marcelino Jo\u00e3o Knob<\/p><p><strong>Professor Orientador<\/strong>: Dr. Jos\u00e9 Fernando Schlosser<\/p>\t\t\t\t\t\t<\/div>\n\t\t\t\t<\/div>\n\t\t\t\t\t<\/div>\n\t\t<\/div>\n\t\t\t\t\t<\/div>\n\t\t<\/section>\n\t\t\t\t<section class=\"elementor-section elementor-top-section elementor-element elementor-element-fefb349 elementor-section-boxed elementor-section-height-default elementor-section-height-default\" data-id=\"fefb349\" data-element_type=\"section\">\n\t\t\t\t\t\t<div class=\"elementor-container elementor-column-gap-default\">\n\t\t\t\t\t<div class=\"elementor-column elementor-col-100 elementor-top-column elementor-element elementor-element-957dd31\" data-id=\"957dd31\" data-element_type=\"column\">\n\t\t\t<div class=\"elementor-widget-wrap elementor-element-populated\">\n\t\t\t\t\t\t<div class=\"elementor-element elementor-element-b63d73b elementor-widget elementor-widget-text-editor\" data-id=\"b63d73b\" data-element_type=\"widget\" data-widget_type=\"text-editor.default\">\n\t\t\t\t<div class=\"elementor-widget-container\">\n\t\t\t\t\t\t\t<p><strong>T\u00edtulo<\/strong>: <a href=\"https:\/\/repositorio.ufsm.br\/bitstream\/handle\/1\/3584\/HERNANDEZ%2c%20MARCOS%20GREGORIO%20RAMOS.pdf?sequence=1&amp;isAllowed=y\" target=\"_blank\" rel=\"noopener\">Prote\u00e7\u00e3o de gotejadores \u00e0 obstru\u00e7\u00e3o por intrus\u00e3o radicular em irriga\u00e7\u00e3o subsuperficial de figueiras<\/a><\/p><p><strong>Aluno<\/strong>: Marcos Greg\u00f3rio Ramos Hernandez<\/p><p><strong>Professor Orientador<\/strong>: Dr. Arno Bernardo Heldwein<\/p>\t\t\t\t\t\t<\/div>\n\t\t\t\t<\/div>\n\t\t\t\t\t<\/div>\n\t\t<\/div>\n\t\t\t\t\t<\/div>\n\t\t<\/section>\n\t\t\t\t<section class=\"elementor-section elementor-top-section elementor-element elementor-element-3cb2e6f elementor-section-boxed elementor-section-height-default elementor-section-height-default\" data-id=\"3cb2e6f\" data-element_type=\"section\">\n\t\t\t\t\t\t<div class=\"elementor-container elementor-column-gap-default\">\n\t\t\t\t\t<div class=\"elementor-column elementor-col-100 elementor-top-column elementor-element elementor-element-0c88854\" data-id=\"0c88854\" data-element_type=\"column\">\n\t\t\t<div class=\"elementor-widget-wrap elementor-element-populated\">\n\t\t\t\t\t\t<div class=\"elementor-element elementor-element-a33b732 elementor-widget elementor-widget-text-editor\" data-id=\"a33b732\" data-element_type=\"widget\" data-widget_type=\"text-editor.default\">\n\t\t\t\t<div class=\"elementor-widget-container\">\n\t\t\t\t\t\t\t<p><strong>T\u00edtulo<\/strong>: <a href=\"https:\/\/repositorio.ufsm.br\/bitstream\/handle\/1\/3581\/SANTOS%2c%20PAULA%20MACHADO%20DOS.pdf?sequence=1&amp;isAllowed=y\" target=\"_blank\" rel=\"noopener\">Modelagem do desempenho em tra\u00e7\u00e3o de conjuntos mecanizados visando ao dimensionamento do trator<\/a><\/p><p><strong>Aluno<\/strong>: Paula Machado dos Santos<\/p><p><strong>Professor Orientador<\/strong>: Dr. Jos\u00e9 Fernando Schlosser<\/p>\t\t\t\t\t\t<\/div>\n\t\t\t\t<\/div>\n\t\t\t\t\t<\/div>\n\t\t<\/div>\n\t\t\t\t\t<\/div>\n\t\t<\/section>\n\t\t\t\t<section class=\"elementor-section elementor-top-section elementor-element elementor-element-15ec580 elementor-section-boxed elementor-section-height-default elementor-section-height-default\" data-id=\"15ec580\" data-element_type=\"section\">\n\t\t\t\t\t\t<div class=\"elementor-container elementor-column-gap-default\">\n\t\t\t\t\t<div class=\"elementor-column elementor-col-100 elementor-top-column elementor-element elementor-element-e22adab\" data-id=\"e22adab\" data-element_type=\"column\">\n\t\t\t<div class=\"elementor-widget-wrap elementor-element-populated\">\n\t\t\t\t\t\t<div class=\"elementor-element elementor-element-0039f9e elementor-widget elementor-widget-text-editor\" data-id=\"0039f9e\" data-element_type=\"widget\" data-widget_type=\"text-editor.default\">\n\t\t\t\t<div class=\"elementor-widget-container\">\n\t\t\t\t\t\t\t<p><strong>T\u00edtulo<\/strong>: <a href=\"https:\/\/repositorio.ufsm.br\/bitstream\/handle\/1\/3582\/SCHONS%2c%20RICARDO%20LUIS.pdf?sequence=1&amp;isAllowed=y\" target=\"_blank\" rel=\"noopener\">Crit\u00e9rios para o aumento do \u00edndice de efici\u00eancia nos sistemas de irriga\u00e7\u00e3o tipo piv\u00f4 central<\/a><\/p><p><strong>Aluno<\/strong>: Ricardo Luis Schons<\/p><p><strong>Professor Orientador<\/strong>: Dr. Adroaldo Dias Robaina<\/p>\t\t\t\t\t\t<\/div>\n\t\t\t\t<\/div>\n\t\t\t\t\t<\/div>\n\t\t<\/div>\n\t\t\t\t\t<\/div>\n\t\t<\/section>\n\t\t\t\t<\/div>\n\t\t","protected":false},"excerpt":{"rendered":"<p>T\u00edtulo: Simula\u00e7\u00e3o de cen\u00e1rios de sustentabilidade h\u00eddrica da orizicultura na sub-bacia hidrogr\u00e1fica do Arroio Grande atrav\u00e9s da implanta\u00e7\u00e3o de barragens tempor\u00e1rias Aluna: Adriana Gindri Salbego Professor Orientador: Dr. Adroaldo Dias Robaina T\u00edtulo: Fun\u00e7\u00f5es de produ\u00e7\u00e3o das culturas de milho e feij\u00e3o atrav\u00e9s de estudo experimental e simulado Aluna: Ana Rita Costenaro Parizi Professor Orientador: Dr. [&hellip;]<\/p>\n","protected":false},"author":871,"featured_media":0,"parent":0,"menu_order":0,"comment_status":"closed","ping_status":"closed","template":"","meta":{"footnotes":""},"categories":[],"tags":[],"class_list":["post-605","page","type-page","status-publish","hentry"],"acf":[],"_links":{"self":[{"href":"https:\/\/www.ufsm.br\/cursos\/pos-graduacao\/santa-maria\/ppgea\/wp-json\/wp\/v2\/pages\/605","targetHints":{"allow":["GET"]}}],"collection":[{"href":"https:\/\/www.ufsm.br\/cursos\/pos-graduacao\/santa-maria\/ppgea\/wp-json\/wp\/v2\/pages"}],"about":[{"href":"https:\/\/www.ufsm.br\/cursos\/pos-graduacao\/santa-maria\/ppgea\/wp-json\/wp\/v2\/types\/page"}],"author":[{"embeddable":true,"href":"https:\/\/www.ufsm.br\/cursos\/pos-graduacao\/santa-maria\/ppgea\/wp-json\/wp\/v2\/users\/871"}],"replies":[{"embeddable":true,"href":"https:\/\/www.ufsm.br\/cursos\/pos-graduacao\/santa-maria\/ppgea\/wp-json\/wp\/v2\/comments?post=605"}],"version-history":[{"count":0,"href":"https:\/\/www.ufsm.br\/cursos\/pos-graduacao\/santa-maria\/ppgea\/wp-json\/wp\/v2\/pages\/605\/revisions"}],"wp:attachment":[{"href":"https:\/\/www.ufsm.br\/cursos\/pos-graduacao\/santa-maria\/ppgea\/wp-json\/wp\/v2\/media?parent=605"}],"wp:term":[{"taxonomy":"category","embeddable":true,"href":"https:\/\/www.ufsm.br\/cursos\/pos-graduacao\/santa-maria\/ppgea\/wp-json\/wp\/v2\/categories?post=605"},{"taxonomy":"post_tag","embeddable":true,"href":"https:\/\/www.ufsm.br\/cursos\/pos-graduacao\/santa-maria\/ppgea\/wp-json\/wp\/v2\/tags?post=605"}],"curies":[{"name":"wp","href":"https:\/\/api.w.org\/{rel}","templated":true}]}}