{"id":608,"date":"2019-11-28T13:30:21","date_gmt":"2019-11-28T16:30:21","guid":{"rendered":"https:\/\/www.ufsm.br\/cursos\/pos-graduacao\/santa-maria\/ppgea\/?page_id=608"},"modified":"2020-11-20T09:49:33","modified_gmt":"2020-11-20T12:49:33","slug":"teses-2007","status":"publish","type":"page","link":"https:\/\/www.ufsm.br\/cursos\/pos-graduacao\/santa-maria\/ppgea\/teses-2007","title":{"rendered":"Teses 2007"},"content":{"rendered":"\t\t<div data-elementor-type=\"wp-page\" data-elementor-id=\"608\" class=\"elementor elementor-608\">\n\t\t\t\t\t\t<section class=\"elementor-section elementor-top-section elementor-element elementor-element-d86fa1d elementor-section-boxed elementor-section-height-default elementor-section-height-default\" data-id=\"d86fa1d\" data-element_type=\"section\">\n\t\t\t\t\t\t<div class=\"elementor-container elementor-column-gap-default\">\n\t\t\t\t\t<div class=\"elementor-column elementor-col-100 elementor-top-column elementor-element elementor-element-e9eb054\" data-id=\"e9eb054\" data-element_type=\"column\">\n\t\t\t<div class=\"elementor-widget-wrap elementor-element-populated\">\n\t\t\t\t\t\t<div class=\"elementor-element elementor-element-3be5c61 elementor-widget elementor-widget-text-editor\" data-id=\"3be5c61\" data-element_type=\"widget\" data-widget_type=\"text-editor.default\">\n\t\t\t\t<div class=\"elementor-widget-container\">\n\t\t\t\t\t\t\t<p><strong>T\u00edtulo<\/strong>: <a href=\"https:\/\/repositorio.ufsm.br\/bitstream\/handle\/1\/3564\/ALEXANDRE%20CORTEZ.pdf?sequence=1&amp;isAllowed=y\" target=\"_blank\" rel=\"noopener\">M\u00e9todos de cen\u00e1rios prospectivos como ferramenta de apoio ao planejamento relativoa substitui\u00e7\u00e3o do atual uso do solo por florestamento: estudo de caso: a Bacia do Rio Ibicu\u00ed &#8211; RS<\/a><\/p><p><strong>Aluno<\/strong>: Alexandre Schmidt Cortez<\/p><p><strong>Professor Orientador<\/strong>: Dr. Jo\u00e3o Batista Dias de Paiva<\/p>\t\t\t\t\t\t<\/div>\n\t\t\t\t<\/div>\n\t\t\t\t\t<\/div>\n\t\t<\/div>\n\t\t\t\t\t<\/div>\n\t\t<\/section>\n\t\t\t\t<section class=\"elementor-section elementor-top-section elementor-element elementor-element-2f5924d elementor-section-boxed elementor-section-height-default elementor-section-height-default\" data-id=\"2f5924d\" data-element_type=\"section\">\n\t\t\t\t\t\t<div class=\"elementor-container elementor-column-gap-default\">\n\t\t\t\t\t<div class=\"elementor-column elementor-col-100 elementor-top-column elementor-element elementor-element-7d1db99\" data-id=\"7d1db99\" data-element_type=\"column\">\n\t\t\t<div class=\"elementor-widget-wrap elementor-element-populated\">\n\t\t\t\t\t\t<div class=\"elementor-element elementor-element-c6240b2 elementor-widget elementor-widget-text-editor\" data-id=\"c6240b2\" data-element_type=\"widget\" data-widget_type=\"text-editor.default\">\n\t\t\t\t<div class=\"elementor-widget-container\">\n\t\t\t\t\t\t\t<p><strong>T\u00edtulo<\/strong>: <a href=\"https:\/\/repositorio.ufsm.br\/bitstream\/handle\/1\/3638\/dill.pdf?sequence=1&amp;isAllowed=y\" target=\"_blank\" rel=\"noopener\">Gest\u00e3o Ambiental em Bacias hidrogr\u00e1ficas<\/a><\/p><p><strong>Aluno<\/strong>: Paulo Roberto Jaques Dill<\/p><p><strong>Professor Orientador<\/strong>: Dr. Osvaldo K\u00f6nig<\/p>\t\t\t\t\t\t<\/div>\n\t\t\t\t<\/div>\n\t\t\t\t\t<\/div>\n\t\t<\/div>\n\t\t\t\t\t<\/div>\n\t\t<\/section>\n\t\t\t\t<section class=\"elementor-section elementor-top-section elementor-element elementor-element-e0c7200 elementor-section-boxed elementor-section-height-default elementor-section-height-default\" data-id=\"e0c7200\" data-element_type=\"section\">\n\t\t\t\t\t\t<div class=\"elementor-container elementor-column-gap-default\">\n\t\t\t\t\t<div class=\"elementor-column elementor-col-100 elementor-top-column elementor-element elementor-element-e5121f3\" data-id=\"e5121f3\" data-element_type=\"column\">\n\t\t\t<div class=\"elementor-widget-wrap elementor-element-populated\">\n\t\t\t\t\t\t<div class=\"elementor-element elementor-element-24110a4 elementor-widget elementor-widget-text-editor\" data-id=\"24110a4\" data-element_type=\"widget\" data-widget_type=\"text-editor.default\">\n\t\t\t\t<div class=\"elementor-widget-container\">\n\t\t\t\t\t\t\t<p><strong>T\u00edtulo<\/strong>: <a href=\"https:\/\/repositorio.ufsm.br\/bitstream\/handle\/1\/3570\/REGESDURIGON.pdf?sequence=1&amp;isAllowed=y\" target=\"_blank\" rel=\"noopener\">Aplica\u00e7\u00e3o de t\u00e9cnicas de manejo localizado na cultura do arroz irrigado (Oryza sativa L.)\u00a0<\/a><\/p><p><strong>Aluno<\/strong>: Reges Durigon<\/p><p><strong>Professor Orientador<\/strong>: Dr. Jos\u00e9 Fernando Schlosser<\/p>\t\t\t\t\t\t<\/div>\n\t\t\t\t<\/div>\n\t\t\t\t\t<\/div>\n\t\t<\/div>\n\t\t\t\t\t<\/div>\n\t\t<\/section>\n\t\t\t\t<section class=\"elementor-section elementor-top-section elementor-element elementor-element-6c519a9 elementor-section-boxed elementor-section-height-default elementor-section-height-default\" data-id=\"6c519a9\" data-element_type=\"section\">\n\t\t\t\t\t\t<div class=\"elementor-container elementor-column-gap-default\">\n\t\t\t\t\t<div class=\"elementor-column elementor-col-100 elementor-top-column elementor-element elementor-element-bf75156\" data-id=\"bf75156\" data-element_type=\"column\">\n\t\t\t<div class=\"elementor-widget-wrap elementor-element-populated\">\n\t\t\t\t\t\t<div class=\"elementor-element elementor-element-050a05a elementor-widget elementor-widget-text-editor\" data-id=\"050a05a\" data-element_type=\"widget\" data-widget_type=\"text-editor.default\">\n\t\t\t\t<div class=\"elementor-widget-container\">\n\t\t\t\t\t\t\t<p><strong>T\u00edtulo<\/strong>: <a href=\"https:\/\/repositorio.ufsm.br\/bitstream\/handle\/1\/3562\/RENATOSPOHR.pdf?sequence=1&amp;isAllowed=y\" target=\"_blank\" rel=\"noopener\">Influ\u00eancia das caracter\u00edsticas f\u00edsicas do solo nas perdas de \u00e1gua por escoamento superficial no Sul do Brasil e Uruguai<\/a><\/p><p><strong>Aluno<\/strong>: Renato Beppler Spohr<\/p><p><strong>Professor Orientador<\/strong>: Dr. Reimar Carlesso<\/p>\t\t\t\t\t\t<\/div>\n\t\t\t\t<\/div>\n\t\t\t\t\t<\/div>\n\t\t<\/div>\n\t\t\t\t\t<\/div>\n\t\t<\/section>\n\t\t\t\t<section class=\"elementor-section elementor-top-section elementor-element elementor-element-d7b2b53 elementor-section-boxed elementor-section-height-default elementor-section-height-default\" data-id=\"d7b2b53\" data-element_type=\"section\">\n\t\t\t\t\t\t<div class=\"elementor-container elementor-column-gap-default\">\n\t\t\t\t\t<div class=\"elementor-column elementor-col-100 elementor-top-column elementor-element elementor-element-c397f05\" data-id=\"c397f05\" data-element_type=\"column\">\n\t\t\t<div class=\"elementor-widget-wrap elementor-element-populated\">\n\t\t\t\t\t\t<div class=\"elementor-element elementor-element-08f30e3 elementor-widget elementor-widget-text-editor\" data-id=\"08f30e3\" data-element_type=\"widget\" data-widget_type=\"text-editor.default\">\n\t\t\t\t<div class=\"elementor-widget-container\">\n\t\t\t\t\t\t\t<p><strong>T\u00edtulo<\/strong>: <a href=\"https:\/\/repositorio.ufsm.br\/bitstream\/handle\/1\/3565\/VALMIR%20WERNER.pdf?sequence=1&amp;isAllowed=y\" target=\"_blank\" rel=\"noopener\">An\u00e1lise econ\u00f4mica e experi\u00eancia comparativa entre a agricultura de precis\u00e3o e tradicional<\/a><\/p><p><strong>Aluno<\/strong>: Valmir Werner<\/p><p><strong>Professor Orientador<\/strong>: Dr. Jos\u00e9 Fernando Schlosser<\/p>\t\t\t\t\t\t<\/div>\n\t\t\t\t<\/div>\n\t\t\t\t\t<\/div>\n\t\t<\/div>\n\t\t\t\t\t<\/div>\n\t\t<\/section>\n\t\t\t\t<section class=\"elementor-section elementor-top-section elementor-element elementor-element-59397f5 elementor-section-boxed elementor-section-height-default elementor-section-height-default\" data-id=\"59397f5\" data-element_type=\"section\">\n\t\t\t\t\t\t<div class=\"elementor-container elementor-column-gap-default\">\n\t\t\t\t\t<div class=\"elementor-column elementor-col-100 elementor-top-column elementor-element elementor-element-12da582\" data-id=\"12da582\" data-element_type=\"column\">\n\t\t\t<div class=\"elementor-widget-wrap elementor-element-populated\">\n\t\t\t\t\t\t<div class=\"elementor-element elementor-element-0386bc9 elementor-widget elementor-widget-text-editor\" data-id=\"0386bc9\" data-element_type=\"widget\" data-widget_type=\"text-editor.default\">\n\t\t\t\t<div class=\"elementor-widget-container\">\n\t\t\t\t\t\t\t<p><strong>T\u00edtulo<\/strong>: <a href=\"https:\/\/repositorio.ufsm.br\/bitstream\/handle\/1\/3563\/VANESSAFONTANA.pdf?sequence=1&amp;isAllowed=y\" target=\"_blank\" rel=\"noopener\">Reten\u00e7\u00e3o de \u00e1gua da chuva na palha, solo e dossel vegetativo de milho e feij\u00e3o<\/a><\/p><p><strong>Aluna<\/strong>: Vanessa Schwanke Fontana<\/p><p><strong>Professor Orientador<\/strong>: Dr. Fl\u00e1vio Luiz Foletto Eltz<\/p>\t\t\t\t\t\t<\/div>\n\t\t\t\t<\/div>\n\t\t\t\t\t<\/div>\n\t\t<\/div>\n\t\t\t\t\t<\/div>\n\t\t<\/section>\n\t\t\t\t<\/div>\n\t\t","protected":false},"excerpt":{"rendered":"<p>T\u00edtulo: M\u00e9todos de cen\u00e1rios prospectivos como ferramenta de apoio ao planejamento relativoa substitui\u00e7\u00e3o do atual uso do solo por florestamento: estudo de caso: a Bacia do Rio Ibicu\u00ed &#8211; RS Aluno: Alexandre Schmidt Cortez Professor Orientador: Dr. Jo\u00e3o Batista Dias de Paiva T\u00edtulo: Gest\u00e3o Ambiental em Bacias hidrogr\u00e1ficas Aluno: Paulo Roberto Jaques Dill Professor Orientador: [&hellip;]<\/p>\n","protected":false},"author":871,"featured_media":0,"parent":0,"menu_order":0,"comment_status":"closed","ping_status":"closed","template":"","meta":{"footnotes":""},"categories":[],"tags":[],"class_list":["post-608","page","type-page","status-publish","hentry"],"acf":[],"_links":{"self":[{"href":"https:\/\/www.ufsm.br\/cursos\/pos-graduacao\/santa-maria\/ppgea\/wp-json\/wp\/v2\/pages\/608","targetHints":{"allow":["GET"]}}],"collection":[{"href":"https:\/\/www.ufsm.br\/cursos\/pos-graduacao\/santa-maria\/ppgea\/wp-json\/wp\/v2\/pages"}],"about":[{"href":"https:\/\/www.ufsm.br\/cursos\/pos-graduacao\/santa-maria\/ppgea\/wp-json\/wp\/v2\/types\/page"}],"author":[{"embeddable":true,"href":"https:\/\/www.ufsm.br\/cursos\/pos-graduacao\/santa-maria\/ppgea\/wp-json\/wp\/v2\/users\/871"}],"replies":[{"embeddable":true,"href":"https:\/\/www.ufsm.br\/cursos\/pos-graduacao\/santa-maria\/ppgea\/wp-json\/wp\/v2\/comments?post=608"}],"version-history":[{"count":0,"href":"https:\/\/www.ufsm.br\/cursos\/pos-graduacao\/santa-maria\/ppgea\/wp-json\/wp\/v2\/pages\/608\/revisions"}],"wp:attachment":[{"href":"https:\/\/www.ufsm.br\/cursos\/pos-graduacao\/santa-maria\/ppgea\/wp-json\/wp\/v2\/media?parent=608"}],"wp:term":[{"taxonomy":"category","embeddable":true,"href":"https:\/\/www.ufsm.br\/cursos\/pos-graduacao\/santa-maria\/ppgea\/wp-json\/wp\/v2\/categories?post=608"},{"taxonomy":"post_tag","embeddable":true,"href":"https:\/\/www.ufsm.br\/cursos\/pos-graduacao\/santa-maria\/ppgea\/wp-json\/wp\/v2\/tags?post=608"}],"curies":[{"name":"wp","href":"https:\/\/api.w.org\/{rel}","templated":true}]}}