{"id":668,"date":"2020-03-16T11:18:37","date_gmt":"2020-03-16T14:18:37","guid":{"rendered":"https:\/\/www.ufsm.br\/cursos\/pos-graduacao\/santa-maria\/ppgea\/?page_id=668"},"modified":"2021-12-02T09:08:53","modified_gmt":"2021-12-02T12:08:53","slug":"dissertacoes-2020","status":"publish","type":"page","link":"https:\/\/www.ufsm.br\/cursos\/pos-graduacao\/santa-maria\/ppgea\/dissertacoes-2020","title":{"rendered":"Disserta\u00e7\u00f5es 2020"},"content":{"rendered":"\t\t<div data-elementor-type=\"wp-page\" data-elementor-id=\"668\" class=\"elementor elementor-668\">\n\t\t\t\t\t\t<section class=\"elementor-section elementor-top-section elementor-element elementor-element-dd3c4ba elementor-section-boxed elementor-section-height-default elementor-section-height-default\" data-id=\"dd3c4ba\" data-element_type=\"section\">\n\t\t\t\t\t\t<div class=\"elementor-container elementor-column-gap-default\">\n\t\t\t\t\t<div class=\"elementor-column elementor-col-100 elementor-top-column elementor-element elementor-element-dd5bbb6\" data-id=\"dd5bbb6\" data-element_type=\"column\">\n\t\t\t<div class=\"elementor-widget-wrap elementor-element-populated\">\n\t\t\t\t\t\t<div class=\"elementor-element elementor-element-54508ea elementor-widget elementor-widget-text-editor\" data-id=\"54508ea\" data-element_type=\"widget\" data-widget_type=\"text-editor.default\">\n\t\t\t\t<div class=\"elementor-widget-container\">\n\t\t\t\t\t\t\t<p><strong>T\u00edtulo<\/strong>: <a href=\"https:\/\/repositorio.ufsm.br\/handle\/1\/22929\" target=\"_blank\" rel=\"noopener\">Excesso h\u00eddrico e seu efeito no crescimento e na produtividade da mandioca<\/a><\/p><p><strong>Aluno<\/strong>: Alexandre Ferigolo Alves<\/p><p><strong>Professor Orientar<\/strong>: Dr. Nereu Augusto Streck<\/p>\t\t\t\t\t\t<\/div>\n\t\t\t\t<\/div>\n\t\t\t\t\t<\/div>\n\t\t<\/div>\n\t\t\t\t\t<\/div>\n\t\t<\/section>\n\t\t\t\t<section class=\"elementor-section elementor-top-section elementor-element elementor-element-c56ece3 elementor-section-boxed elementor-section-height-default elementor-section-height-default\" data-id=\"c56ece3\" data-element_type=\"section\">\n\t\t\t\t\t\t<div class=\"elementor-container elementor-column-gap-default\">\n\t\t\t\t\t<div class=\"elementor-column elementor-col-100 elementor-top-column elementor-element elementor-element-c32fe7c\" data-id=\"c32fe7c\" data-element_type=\"column\">\n\t\t\t<div class=\"elementor-widget-wrap elementor-element-populated\">\n\t\t\t\t\t\t<div class=\"elementor-element elementor-element-553e8ab elementor-widget elementor-widget-text-editor\" data-id=\"553e8ab\" data-element_type=\"widget\" data-widget_type=\"text-editor.default\">\n\t\t\t\t<div class=\"elementor-widget-container\">\n\t\t\t\t\t\t\t<p><strong>T\u00edtulo<\/strong>: <a href=\"https:\/\/repositorio.ufsm.br\/handle\/1\/22994\" target=\"_blank\" rel=\"noopener\">Variabilidade da precipita\u00e7\u00e3o pluviom\u00e9trica na Bacia Hidrogr\u00e1fica dos Rios Vacaca\u00ed e Vacaca\u00ed-Mirim<\/a><\/p><p><strong>Aluna<\/strong>: Andressa Bammesberger<\/p><p><strong>Professor Orientador<\/strong>: Doutor Alexandre Swarowsky<\/p>\t\t\t\t\t\t<\/div>\n\t\t\t\t<\/div>\n\t\t\t\t\t<\/div>\n\t\t<\/div>\n\t\t\t\t\t<\/div>\n\t\t<\/section>\n\t\t\t\t<section class=\"elementor-section elementor-top-section elementor-element elementor-element-d072523 elementor-section-boxed elementor-section-height-default elementor-section-height-default\" data-id=\"d072523\" data-element_type=\"section\">\n\t\t\t\t\t\t<div class=\"elementor-container elementor-column-gap-default\">\n\t\t\t\t\t<div class=\"elementor-column elementor-col-100 elementor-top-column elementor-element elementor-element-cf9765f\" data-id=\"cf9765f\" data-element_type=\"column\">\n\t\t\t<div class=\"elementor-widget-wrap elementor-element-populated\">\n\t\t\t\t\t\t<div class=\"elementor-element elementor-element-30dfd65 elementor-widget elementor-widget-text-editor\" data-id=\"30dfd65\" data-element_type=\"widget\" data-widget_type=\"text-editor.default\">\n\t\t\t\t<div class=\"elementor-widget-container\">\n\t\t\t\t\t\t\t<p><strong>T\u00edtulo<\/strong>: <a href=\"https:\/\/repositorio.ufsm.br\/handle\/1\/22995\" target=\"_blank\" rel=\"noopener\">Controle de Bambusa tuldoides (Munro) e seus efeitos na chuva de sementes em Floresta Estacional, no sul do Brasil<\/a><\/p><p><strong>Aluna<\/strong>: Betina Camargo<\/p><p><strong>Professora Orientadora<\/strong>: Dr.\u00aa Ana Paula Moreira Rovedder<\/p>\t\t\t\t\t\t<\/div>\n\t\t\t\t<\/div>\n\t\t\t\t\t<\/div>\n\t\t<\/div>\n\t\t\t\t\t<\/div>\n\t\t<\/section>\n\t\t\t\t<section class=\"elementor-section elementor-top-section elementor-element elementor-element-ad9cfe0 elementor-section-boxed elementor-section-height-default elementor-section-height-default\" data-id=\"ad9cfe0\" data-element_type=\"section\">\n\t\t\t\t\t\t<div class=\"elementor-container elementor-column-gap-default\">\n\t\t\t\t\t<div class=\"elementor-column elementor-col-100 elementor-top-column elementor-element elementor-element-2fbb3f1\" data-id=\"2fbb3f1\" data-element_type=\"column\">\n\t\t\t<div class=\"elementor-widget-wrap elementor-element-populated\">\n\t\t\t\t\t\t<div class=\"elementor-element elementor-element-fc1846f elementor-widget elementor-widget-text-editor\" data-id=\"fc1846f\" data-element_type=\"widget\" data-widget_type=\"text-editor.default\">\n\t\t\t\t<div class=\"elementor-widget-container\">\n\t\t\t\t\t\t\t<p><strong>T\u00edtulo<\/strong>: Avalia\u00e7\u00e3o do processo de desenvolvimento e gerenciamento de projetos de m\u00e1quinas agr\u00edcolas de uma empresa de grande porte<\/p><p><strong>Aluna<\/strong>: Bruna Karine dos Santos<\/p><p><strong>Professor Orientador<\/strong>: Dr. Leonardo Nabaes Romano<\/p>\t\t\t\t\t\t<\/div>\n\t\t\t\t<\/div>\n\t\t\t\t\t<\/div>\n\t\t<\/div>\n\t\t\t\t\t<\/div>\n\t\t<\/section>\n\t\t\t\t<section class=\"elementor-section elementor-top-section elementor-element elementor-element-0287e23 elementor-section-boxed elementor-section-height-default elementor-section-height-default\" data-id=\"0287e23\" data-element_type=\"section\">\n\t\t\t\t\t\t<div class=\"elementor-container elementor-column-gap-default\">\n\t\t\t\t\t<div class=\"elementor-column elementor-col-100 elementor-top-column elementor-element elementor-element-9b449f9\" data-id=\"9b449f9\" data-element_type=\"column\">\n\t\t\t<div class=\"elementor-widget-wrap elementor-element-populated\">\n\t\t\t\t\t\t<div class=\"elementor-element elementor-element-12ad5d1 elementor-widget elementor-widget-text-editor\" data-id=\"12ad5d1\" data-element_type=\"widget\" data-widget_type=\"text-editor.default\">\n\t\t\t\t<div class=\"elementor-widget-container\">\n\t\t\t\t\t\t\t<p><strong>T\u00edtulo<\/strong>: <a href=\"https:\/\/repositorio.ufsm.br\/handle\/1\/21326\" target=\"_blank\" rel=\"noopener\">Armazenamento de sementes de soja em diferentes embalagens e atmosferas<\/a><\/p><p><strong>Aluno<\/strong>: Claudir Lari Padia<\/p><p><strong>Professor Orientador<\/strong>: Dr. Paulo Carteri Coradi<\/p>\t\t\t\t\t\t<\/div>\n\t\t\t\t<\/div>\n\t\t\t\t\t<\/div>\n\t\t<\/div>\n\t\t\t\t\t<\/div>\n\t\t<\/section>\n\t\t\t\t<section class=\"elementor-section elementor-top-section elementor-element elementor-element-2aa3cde elementor-section-boxed elementor-section-height-default elementor-section-height-default\" data-id=\"2aa3cde\" data-element_type=\"section\">\n\t\t\t\t\t\t<div class=\"elementor-container elementor-column-gap-default\">\n\t\t\t\t\t<div class=\"elementor-column elementor-col-100 elementor-top-column elementor-element elementor-element-dd23883\" data-id=\"dd23883\" data-element_type=\"column\">\n\t\t\t<div class=\"elementor-widget-wrap elementor-element-populated\">\n\t\t\t\t\t\t<div class=\"elementor-element elementor-element-3a5f459 elementor-widget elementor-widget-text-editor\" data-id=\"3a5f459\" data-element_type=\"widget\" data-widget_type=\"text-editor.default\">\n\t\t\t\t<div class=\"elementor-widget-container\">\n\t\t\t\t\t\t\t<p><strong>T\u00edtulo<\/strong>: <a href=\"https:\/\/repositorio.ufsm.br\/handle\/1\/22933\" target=\"_blank\" rel=\"noopener\">Par\u00e2metros de projeto e desempenho de tratores agr\u00edcolas a partir do banco mundial de ensaios<\/a><\/p><p><strong>Aluno<\/strong>: Daniela Herzog<\/p><p><strong>Professor Orientador<\/strong>: Dr. Jos\u00e9 Fernando Schlosser<\/p>\t\t\t\t\t\t<\/div>\n\t\t\t\t<\/div>\n\t\t\t\t\t<\/div>\n\t\t<\/div>\n\t\t\t\t\t<\/div>\n\t\t<\/section>\n\t\t\t\t<section class=\"elementor-section elementor-top-section elementor-element elementor-element-81e566d elementor-section-boxed elementor-section-height-default elementor-section-height-default\" data-id=\"81e566d\" data-element_type=\"section\">\n\t\t\t\t\t\t<div class=\"elementor-container elementor-column-gap-default\">\n\t\t\t\t\t<div class=\"elementor-column elementor-col-100 elementor-top-column elementor-element elementor-element-3c7649c\" data-id=\"3c7649c\" data-element_type=\"column\">\n\t\t\t<div class=\"elementor-widget-wrap elementor-element-populated\">\n\t\t\t\t\t\t<div class=\"elementor-element elementor-element-0031ef7 elementor-widget elementor-widget-text-editor\" data-id=\"0031ef7\" data-element_type=\"widget\" data-widget_type=\"text-editor.default\">\n\t\t\t\t<div class=\"elementor-widget-container\">\n\t\t\t\t\t\t\t<p><strong>T\u00edtulo<\/strong>: <a href=\"https:\/\/repositorio.ufsm.br\/handle\/1\/23060\" target=\"_blank\" rel=\"noopener\">Potencial e lacunas de produtividade na cultura da soja no Rio Grande do Sul<\/a><\/p><p><strong>Aluno<\/strong>: Eduardo Lago Tagliapietra<\/p><p><strong>Professor Orientador<\/strong>: Dr. Nereu Augusto Streck<\/p>\t\t\t\t\t\t<\/div>\n\t\t\t\t<\/div>\n\t\t\t\t\t<\/div>\n\t\t<\/div>\n\t\t\t\t\t<\/div>\n\t\t<\/section>\n\t\t\t\t<section class=\"elementor-section elementor-top-section elementor-element elementor-element-d520eac elementor-section-boxed elementor-section-height-default elementor-section-height-default\" data-id=\"d520eac\" data-element_type=\"section\">\n\t\t\t\t\t\t<div class=\"elementor-container elementor-column-gap-default\">\n\t\t\t\t\t<div class=\"elementor-column elementor-col-100 elementor-top-column elementor-element elementor-element-2ba6e86\" data-id=\"2ba6e86\" data-element_type=\"column\">\n\t\t\t<div class=\"elementor-widget-wrap elementor-element-populated\">\n\t\t\t\t\t\t<div class=\"elementor-element elementor-element-4815836 elementor-widget elementor-widget-text-editor\" data-id=\"4815836\" data-element_type=\"widget\" data-widget_type=\"text-editor.default\">\n\t\t\t\t<div class=\"elementor-widget-container\">\n\t\t\t\t\t\t\t<p><strong>T\u00edtulo<\/strong>: <a href=\"https:\/\/repositorio.ufsm.br\/handle\/1\/23058\" target=\"_blank\" rel=\"noopener\">Avalia\u00e7\u00e3o dos n\u00edveis de vibra\u00e7\u00e3o e ru\u00eddo em motosserra, com motor dois tempos<\/a><\/p><p><strong>Aluno<\/strong>: Juliano dos Santos Depoi<\/p><p><strong>Professora Orientadora<\/strong>: Dr.\u00aa Catize Brandelero<\/p>\t\t\t\t\t\t<\/div>\n\t\t\t\t<\/div>\n\t\t\t\t\t<\/div>\n\t\t<\/div>\n\t\t\t\t\t<\/div>\n\t\t<\/section>\n\t\t\t\t<section class=\"elementor-section elementor-top-section elementor-element elementor-element-65b5b44 elementor-section-boxed elementor-section-height-default elementor-section-height-default\" data-id=\"65b5b44\" data-element_type=\"section\">\n\t\t\t\t\t\t<div class=\"elementor-container elementor-column-gap-default\">\n\t\t\t\t\t<div class=\"elementor-column elementor-col-100 elementor-top-column elementor-element elementor-element-9f601f9\" data-id=\"9f601f9\" data-element_type=\"column\">\n\t\t\t<div class=\"elementor-widget-wrap elementor-element-populated\">\n\t\t\t\t\t\t<div class=\"elementor-element elementor-element-c881286 elementor-widget elementor-widget-text-editor\" data-id=\"c881286\" data-element_type=\"widget\" data-widget_type=\"text-editor.default\">\n\t\t\t\t<div class=\"elementor-widget-container\">\n\t\t\t\t\t\t\t<p><strong>T\u00edtulo<\/strong>: <a href=\"https:\/\/repositorio.ufsm.br\/handle\/1\/22996\" target=\"_blank\" rel=\"noopener\">An\u00e1lise comparativa de metodologias para a determina\u00e7\u00e3o da vaz\u00e3o em sistemas de bombeamento de \u00e1gua<\/a><\/p><p><strong>Aluna<\/strong>: Laura Dias Ferreira<\/p><p><strong>Professor Orientador<\/strong>: Dr. Adroaldo Dias Robaina<\/p>\t\t\t\t\t\t<\/div>\n\t\t\t\t<\/div>\n\t\t\t\t\t<\/div>\n\t\t<\/div>\n\t\t\t\t\t<\/div>\n\t\t<\/section>\n\t\t\t\t<section class=\"elementor-section elementor-top-section elementor-element elementor-element-caeee72 elementor-section-boxed elementor-section-height-default elementor-section-height-default\" data-id=\"caeee72\" data-element_type=\"section\">\n\t\t\t\t\t\t<div class=\"elementor-container elementor-column-gap-default\">\n\t\t\t\t\t<div class=\"elementor-column elementor-col-100 elementor-top-column elementor-element elementor-element-78c8f08\" data-id=\"78c8f08\" data-element_type=\"column\">\n\t\t\t<div class=\"elementor-widget-wrap elementor-element-populated\">\n\t\t\t\t\t\t<div class=\"elementor-element elementor-element-1858815 elementor-widget elementor-widget-text-editor\" data-id=\"1858815\" data-element_type=\"widget\" data-widget_type=\"text-editor.default\">\n\t\t\t\t<div class=\"elementor-widget-container\">\n\t\t\t\t\t\t\t<p><strong>T\u00edtulo<\/strong>: Efic\u00e1cia e vias de transfer\u00eancia de inseticidas no controle de Euschistus heros (FABRICIUS, 1798) (HEMIPTERA: PENTATOMIDAE)<\/p><p><strong>Aluno<\/strong>: Lucas de Arruda Cavallin<\/p><p><strong>Professor Orientador<\/strong>: Dr. Jerson Vanderlei Car\u00fas Guedes<\/p>\t\t\t\t\t\t<\/div>\n\t\t\t\t<\/div>\n\t\t\t\t\t<\/div>\n\t\t<\/div>\n\t\t\t\t\t<\/div>\n\t\t<\/section>\n\t\t\t\t<section class=\"elementor-section elementor-top-section elementor-element elementor-element-3ccaf02 elementor-section-boxed elementor-section-height-default elementor-section-height-default\" data-id=\"3ccaf02\" data-element_type=\"section\">\n\t\t\t\t\t\t<div class=\"elementor-container elementor-column-gap-default\">\n\t\t\t\t\t<div class=\"elementor-column elementor-col-100 elementor-top-column elementor-element elementor-element-4a04f99\" data-id=\"4a04f99\" data-element_type=\"column\">\n\t\t\t<div class=\"elementor-widget-wrap elementor-element-populated\">\n\t\t\t\t\t\t<div class=\"elementor-element elementor-element-7f0eda1 elementor-widget elementor-widget-text-editor\" data-id=\"7f0eda1\" data-element_type=\"widget\" data-widget_type=\"text-editor.default\">\n\t\t\t\t<div class=\"elementor-widget-container\">\n\t\t\t\t\t\t\t<p><strong>T\u00edtulo<\/strong>: <a href=\"https:\/\/repositorio.ufsm.br\/handle\/1\/22927\" target=\"_blank\" rel=\"noopener\">Hidr\u00f3lise subcr\u00edtica de biomassas residuais de nogueira-pec\u00e3: caracteriza\u00e7\u00f5es f\u00edsico-qu\u00edmica, morfol\u00f3gica e obten\u00e7\u00e3o de a\u00e7\u00facares redutores<\/a><\/p><p><strong>Aluno<\/strong>: Maicon Sergio Nascimento dos Santos<\/p><p><strong>Professor Orientador<\/strong>: Dr. Marcus Vinicius Tres<\/p>\t\t\t\t\t\t<\/div>\n\t\t\t\t<\/div>\n\t\t\t\t\t<\/div>\n\t\t<\/div>\n\t\t\t\t\t<\/div>\n\t\t<\/section>\n\t\t\t\t<section class=\"elementor-section elementor-top-section elementor-element elementor-element-b7da2c6 elementor-section-boxed elementor-section-height-default elementor-section-height-default\" data-id=\"b7da2c6\" data-element_type=\"section\">\n\t\t\t\t\t\t<div class=\"elementor-container elementor-column-gap-default\">\n\t\t\t\t\t<div class=\"elementor-column elementor-col-100 elementor-top-column elementor-element elementor-element-93c4af8\" data-id=\"93c4af8\" data-element_type=\"column\">\n\t\t\t<div class=\"elementor-widget-wrap elementor-element-populated\">\n\t\t\t\t\t\t<div class=\"elementor-element elementor-element-6111ba8 elementor-widget elementor-widget-text-editor\" data-id=\"6111ba8\" data-element_type=\"widget\" data-widget_type=\"text-editor.default\">\n\t\t\t\t<div class=\"elementor-widget-container\">\n\t\t\t\t\t\t\t<p><strong>T\u00edtulo<\/strong>: <a href=\"https:\/\/repositorio.ufsm.br\/handle\/1\/22998\" target=\"_blank\" rel=\"noopener\">Potencial de produtividade em soja limitada por nitrog\u00eanio em ambiente subtropical<\/a><\/p><p><strong>Aluno<\/strong>: Patric Scolari Weber<\/p><p><strong>Professor Orientador<\/strong>: Dr. Nereu Augusto Streck<\/p>\t\t\t\t\t\t<\/div>\n\t\t\t\t<\/div>\n\t\t\t\t\t<\/div>\n\t\t<\/div>\n\t\t\t\t\t<\/div>\n\t\t<\/section>\n\t\t\t\t<section class=\"elementor-section elementor-top-section elementor-element elementor-element-99c6d8d elementor-section-boxed elementor-section-height-default elementor-section-height-default\" data-id=\"99c6d8d\" data-element_type=\"section\">\n\t\t\t\t\t\t<div class=\"elementor-container elementor-column-gap-default\">\n\t\t\t\t\t<div class=\"elementor-column elementor-col-100 elementor-top-column elementor-element elementor-element-9b5ce88\" data-id=\"9b5ce88\" data-element_type=\"column\">\n\t\t\t<div class=\"elementor-widget-wrap elementor-element-populated\">\n\t\t\t\t\t\t<div class=\"elementor-element elementor-element-5c88acb elementor-widget elementor-widget-text-editor\" data-id=\"5c88acb\" data-element_type=\"widget\" data-widget_type=\"text-editor.default\">\n\t\t\t\t<div class=\"elementor-widget-container\">\n\t\t\t\t\t\t\t<p><strong>T\u00edtulo<\/strong>: <a href=\"https:\/\/repositorio.ufsm.br\/handle\/1\/21325\" target=\"_blank\" rel=\"noopener\">Desenvolvimento de sensor para quantifica\u00e7\u00e3o do fluxo de massa de fertilizantes s\u00f3lidos<\/a><\/p><p><strong>Aluno<\/strong>: Rafael Sobroza Becker<\/p><p><strong>Professor Orientador<\/strong>: Dr. Airton dos Santos Alon\u00e7o<\/p>\t\t\t\t\t\t<\/div>\n\t\t\t\t<\/div>\n\t\t\t\t\t<\/div>\n\t\t<\/div>\n\t\t\t\t\t<\/div>\n\t\t<\/section>\n\t\t\t\t<section class=\"elementor-section elementor-top-section elementor-element elementor-element-dda511c elementor-section-boxed elementor-section-height-default elementor-section-height-default\" data-id=\"dda511c\" data-element_type=\"section\">\n\t\t\t\t\t\t<div class=\"elementor-container elementor-column-gap-default\">\n\t\t\t\t\t<div class=\"elementor-column elementor-col-100 elementor-top-column elementor-element elementor-element-c2a2b33\" data-id=\"c2a2b33\" data-element_type=\"column\">\n\t\t\t<div class=\"elementor-widget-wrap elementor-element-populated\">\n\t\t\t\t\t\t<div class=\"elementor-element elementor-element-54a8269 elementor-widget elementor-widget-text-editor\" data-id=\"54a8269\" data-element_type=\"widget\" data-widget_type=\"text-editor.default\">\n\t\t\t\t<div class=\"elementor-widget-container\">\n\t\t\t\t\t\t\t<p><strong>T\u00edtulo<\/strong>: <a href=\"https:\/\/repositorio.ufsm.br\/handle\/1\/23000\" target=\"_blank\" rel=\"noopener\">Produ\u00e7\u00e3o, vernaliza\u00e7\u00e3o e fase de brota\u00e7\u00e3o de cormos de glad\u00edolo<\/a><\/p><p><strong>Aluna<\/strong>: Regina Tomiozzo<\/p><p><strong>Professor Orientador<\/strong>: Dr. Nereu Augusto Streck<\/p>\t\t\t\t\t\t<\/div>\n\t\t\t\t<\/div>\n\t\t\t\t\t<\/div>\n\t\t<\/div>\n\t\t\t\t\t<\/div>\n\t\t<\/section>\n\t\t\t\t<\/div>\n\t\t","protected":false},"excerpt":{"rendered":"<p>T\u00edtulo: Excesso h\u00eddrico e seu efeito no crescimento e na produtividade da mandioca Aluno: Alexandre Ferigolo Alves Professor Orientar: Dr. Nereu Augusto Streck T\u00edtulo: Variabilidade da precipita\u00e7\u00e3o pluviom\u00e9trica na Bacia Hidrogr\u00e1fica dos Rios Vacaca\u00ed e Vacaca\u00ed-Mirim Aluna: Andressa Bammesberger Professor Orientador: Doutor Alexandre Swarowsky T\u00edtulo: Controle de Bambusa tuldoides (Munro) e seus efeitos na chuva [&hellip;]<\/p>\n","protected":false},"author":871,"featured_media":0,"parent":0,"menu_order":0,"comment_status":"closed","ping_status":"closed","template":"","meta":{"footnotes":""},"categories":[],"tags":[],"class_list":["post-668","page","type-page","status-publish","hentry"],"acf":[],"_links":{"self":[{"href":"https:\/\/www.ufsm.br\/cursos\/pos-graduacao\/santa-maria\/ppgea\/wp-json\/wp\/v2\/pages\/668","targetHints":{"allow":["GET"]}}],"collection":[{"href":"https:\/\/www.ufsm.br\/cursos\/pos-graduacao\/santa-maria\/ppgea\/wp-json\/wp\/v2\/pages"}],"about":[{"href":"https:\/\/www.ufsm.br\/cursos\/pos-graduacao\/santa-maria\/ppgea\/wp-json\/wp\/v2\/types\/page"}],"author":[{"embeddable":true,"href":"https:\/\/www.ufsm.br\/cursos\/pos-graduacao\/santa-maria\/ppgea\/wp-json\/wp\/v2\/users\/871"}],"replies":[{"embeddable":true,"href":"https:\/\/www.ufsm.br\/cursos\/pos-graduacao\/santa-maria\/ppgea\/wp-json\/wp\/v2\/comments?post=668"}],"version-history":[{"count":0,"href":"https:\/\/www.ufsm.br\/cursos\/pos-graduacao\/santa-maria\/ppgea\/wp-json\/wp\/v2\/pages\/668\/revisions"}],"wp:attachment":[{"href":"https:\/\/www.ufsm.br\/cursos\/pos-graduacao\/santa-maria\/ppgea\/wp-json\/wp\/v2\/media?parent=668"}],"wp:term":[{"taxonomy":"category","embeddable":true,"href":"https:\/\/www.ufsm.br\/cursos\/pos-graduacao\/santa-maria\/ppgea\/wp-json\/wp\/v2\/categories?post=668"},{"taxonomy":"post_tag","embeddable":true,"href":"https:\/\/www.ufsm.br\/cursos\/pos-graduacao\/santa-maria\/ppgea\/wp-json\/wp\/v2\/tags?post=668"}],"curies":[{"name":"wp","href":"https:\/\/api.w.org\/{rel}","templated":true}]}}