{"id":669,"date":"2020-03-16T11:25:45","date_gmt":"2020-03-16T14:25:45","guid":{"rendered":"https:\/\/www.ufsm.br\/cursos\/pos-graduacao\/santa-maria\/ppgea\/?page_id=669"},"modified":"2022-01-11T07:21:08","modified_gmt":"2022-01-11T10:21:08","slug":"teses-2020","status":"publish","type":"page","link":"https:\/\/www.ufsm.br\/cursos\/pos-graduacao\/santa-maria\/ppgea\/teses-2020","title":{"rendered":"Teses 2020"},"content":{"rendered":"\t\t<div data-elementor-type=\"wp-page\" data-elementor-id=\"669\" class=\"elementor elementor-669\">\n\t\t\t\t\t\t<section class=\"elementor-section elementor-top-section elementor-element elementor-element-b178900 elementor-section-boxed elementor-section-height-default elementor-section-height-default\" data-id=\"b178900\" data-element_type=\"section\">\n\t\t\t\t\t\t<div class=\"elementor-container elementor-column-gap-default\">\n\t\t\t\t\t<div class=\"elementor-column elementor-col-100 elementor-top-column elementor-element elementor-element-d9e5d1d\" data-id=\"d9e5d1d\" data-element_type=\"column\">\n\t\t\t<div class=\"elementor-widget-wrap elementor-element-populated\">\n\t\t\t\t\t\t<div class=\"elementor-element elementor-element-2d0eb28 elementor-widget elementor-widget-text-editor\" data-id=\"2d0eb28\" data-element_type=\"widget\" data-widget_type=\"text-editor.default\">\n\t\t\t\t<div class=\"elementor-widget-container\">\n\t\t\t\t\t\t\t<p><strong>T\u00edtulo<\/strong>: <a href=\"https:\/\/repositorio.ufsm.br\/handle\/1\/23173\" target=\"_blank\" rel=\"noopener\">Desenvolvimento e avalia\u00e7\u00e3o de nova configura\u00e7\u00e3o geom\u00e9trica de rotor para aerador de solo sob pastagens degradadas<\/a><\/p><p><strong>Aluno<\/strong>: Andr\u00e9 Rog\u00e9rio Kinalski Bender<\/p><p><strong>Professor Orientador<\/strong>: Doutor Leonardo Nabaes Romano<\/p>\t\t\t\t\t\t<\/div>\n\t\t\t\t<\/div>\n\t\t\t\t\t<\/div>\n\t\t<\/div>\n\t\t\t\t\t<\/div>\n\t\t<\/section>\n\t\t\t\t<section class=\"elementor-section elementor-top-section elementor-element elementor-element-6bdc630 elementor-section-boxed elementor-section-height-default elementor-section-height-default\" data-id=\"6bdc630\" data-element_type=\"section\">\n\t\t\t\t\t\t<div class=\"elementor-container elementor-column-gap-default\">\n\t\t\t\t\t<div class=\"elementor-column elementor-col-100 elementor-top-column elementor-element elementor-element-fac8f75\" data-id=\"fac8f75\" data-element_type=\"column\">\n\t\t\t<div class=\"elementor-widget-wrap elementor-element-populated\">\n\t\t\t\t\t\t<div class=\"elementor-element elementor-element-27517d6 elementor-widget elementor-widget-text-editor\" data-id=\"27517d6\" data-element_type=\"widget\" data-widget_type=\"text-editor.default\">\n\t\t\t\t<div class=\"elementor-widget-container\">\n\t\t\t\t\t\t\t<p><strong>T\u00edtulo<\/strong>: An\u00e1lise da combust\u00e3o de misturas diesel\/biodiesel em um motor de uso agr\u00edcola turboalimentado e com gerenciamento eletr\u00f4nico<\/p><p><strong>Aluno<\/strong>: Joelson Almeida Bilh\u00e3o<\/p><p><strong>Professor Orientador<\/strong>: Dr. Jos\u00e9 Fernando Schlosser<\/p>\t\t\t\t\t\t<\/div>\n\t\t\t\t<\/div>\n\t\t\t\t\t<\/div>\n\t\t<\/div>\n\t\t\t\t\t<\/div>\n\t\t<\/section>\n\t\t\t\t<section class=\"elementor-section elementor-top-section elementor-element elementor-element-cc91cc7 elementor-section-boxed elementor-section-height-default elementor-section-height-default\" data-id=\"cc91cc7\" data-element_type=\"section\">\n\t\t\t\t\t\t<div class=\"elementor-container elementor-column-gap-default\">\n\t\t\t\t\t<div class=\"elementor-column elementor-col-100 elementor-top-column elementor-element elementor-element-09a0710\" data-id=\"09a0710\" data-element_type=\"column\">\n\t\t\t<div class=\"elementor-widget-wrap elementor-element-populated\">\n\t\t\t\t\t\t<div class=\"elementor-element elementor-element-0d9fa79 elementor-widget elementor-widget-text-editor\" data-id=\"0d9fa79\" data-element_type=\"widget\" data-widget_type=\"text-editor.default\">\n\t\t\t\t<div class=\"elementor-widget-container\">\n\t\t\t\t\t\t\t<p><strong>T\u00edtulo<\/strong>: <a href=\"https:\/\/repositorio.ufsm.br\/handle\/1\/23445\" target=\"_blank\" rel=\"noopener\">Comportamento de um motor de ciclo diesel com diferentes configura\u00e7\u00f5es de inje\u00e7\u00e3o e misturas de biodiesel<\/a><\/p><p><strong>Aluno<\/strong>: Jos\u00e9 Antonio Sala<\/p><p><strong>Professor Orientador<\/strong>: Dr. Jos\u00e9 Fernando Schlosser<\/p>\t\t\t\t\t\t<\/div>\n\t\t\t\t<\/div>\n\t\t\t\t\t<\/div>\n\t\t<\/div>\n\t\t\t\t\t<\/div>\n\t\t<\/section>\n\t\t\t\t<section class=\"elementor-section elementor-top-section elementor-element elementor-element-0fc93b2 elementor-section-boxed elementor-section-height-default elementor-section-height-default\" data-id=\"0fc93b2\" data-element_type=\"section\">\n\t\t\t\t\t\t<div class=\"elementor-container elementor-column-gap-default\">\n\t\t\t\t\t<div class=\"elementor-column elementor-col-100 elementor-top-column elementor-element elementor-element-d34efd9\" data-id=\"d34efd9\" data-element_type=\"column\">\n\t\t\t<div class=\"elementor-widget-wrap elementor-element-populated\">\n\t\t\t\t\t\t<div class=\"elementor-element elementor-element-95ecb09 elementor-widget elementor-widget-text-editor\" data-id=\"95ecb09\" data-element_type=\"widget\" data-widget_type=\"text-editor.default\">\n\t\t\t\t<div class=\"elementor-widget-container\">\n\t\t\t\t\t\t\t<p><strong>T\u00edtulo<\/strong>: <a href=\"https:\/\/repositorio.ufsm.br\/handle\/1\/23168\" target=\"_blank\" rel=\"noopener\">A pecu\u00e1ria bovina em remanescente de Floresta Estacional no bioma Pampa: impactos na estrutura e diversidade<\/a><\/p><p><strong>Aluna<\/strong>: Maureen de Moraes Stefanello<\/p><p><strong>Professora Orientadora<\/strong>: Dr.\u00aa Ana Paula Moreira Rovedder<\/p>\t\t\t\t\t\t<\/div>\n\t\t\t\t<\/div>\n\t\t\t\t\t<\/div>\n\t\t<\/div>\n\t\t\t\t\t<\/div>\n\t\t<\/section>\n\t\t\t\t<section class=\"elementor-section elementor-top-section elementor-element elementor-element-14e6dd1 elementor-section-boxed elementor-section-height-default elementor-section-height-default\" data-id=\"14e6dd1\" data-element_type=\"section\">\n\t\t\t\t\t\t<div class=\"elementor-container elementor-column-gap-default\">\n\t\t\t\t\t<div class=\"elementor-column elementor-col-100 elementor-top-column elementor-element elementor-element-0ddb791\" data-id=\"0ddb791\" data-element_type=\"column\">\n\t\t\t<div class=\"elementor-widget-wrap elementor-element-populated\">\n\t\t\t\t\t\t<div class=\"elementor-element elementor-element-f3d55dd elementor-widget elementor-widget-text-editor\" data-id=\"f3d55dd\" data-element_type=\"widget\" data-widget_type=\"text-editor.default\">\n\t\t\t\t<div class=\"elementor-widget-container\">\n\t\t\t\t\t\t\t<p><strong>T\u00edtulo<\/strong>: <a href=\"https:\/\/repositorio.ufsm.br\/handle\/1\/23357\" target=\"_blank\" rel=\"noopener\">Respostas morfo-fisiol\u00f3gicas da soja submetida \u00e0 estresse h\u00eddrico e aplica\u00e7\u00e3o de bioestimulante<\/a><\/p><p><strong>Aluna<\/strong>: Tassiane Bolzan Morais<\/p><p><strong>Professor Orientador<\/strong>: Dr. Alexandre Swarowsky<\/p>\t\t\t\t\t\t<\/div>\n\t\t\t\t<\/div>\n\t\t\t\t\t<\/div>\n\t\t<\/div>\n\t\t\t\t\t<\/div>\n\t\t<\/section>\n\t\t\t\t<section class=\"elementor-section elementor-top-section elementor-element elementor-element-63cfa46 elementor-section-boxed elementor-section-height-default elementor-section-height-default\" data-id=\"63cfa46\" data-element_type=\"section\">\n\t\t\t\t\t\t<div class=\"elementor-container elementor-column-gap-default\">\n\t\t\t\t\t<div class=\"elementor-column elementor-col-100 elementor-top-column elementor-element elementor-element-96ec4c1\" data-id=\"96ec4c1\" data-element_type=\"column\">\n\t\t\t<div class=\"elementor-widget-wrap elementor-element-populated\">\n\t\t\t\t\t\t<div class=\"elementor-element elementor-element-e99fb23 elementor-widget elementor-widget-text-editor\" data-id=\"e99fb23\" data-element_type=\"widget\" data-widget_type=\"text-editor.default\">\n\t\t\t\t<div class=\"elementor-widget-container\">\n\t\t\t\t\t\t\t<p><strong>T\u00edtulo<\/strong>: Potencial e lacunas de produtividade na cultura da soja em rota\u00e7\u00e3o com arroz irrigado<\/p><p><strong>Aluno<\/strong>: Thiago Schmitz Marques da Rocha<\/p><p><strong>Professor Orientador<\/strong>: Dr. Nereu Augusto Streck<\/p>\t\t\t\t\t\t<\/div>\n\t\t\t\t<\/div>\n\t\t\t\t\t<\/div>\n\t\t<\/div>\n\t\t\t\t\t<\/div>\n\t\t<\/section>\n\t\t\t\t<section class=\"elementor-section elementor-top-section elementor-element elementor-element-fb5d4e0 elementor-section-boxed elementor-section-height-default elementor-section-height-default\" data-id=\"fb5d4e0\" data-element_type=\"section\">\n\t\t\t\t\t\t<div class=\"elementor-container elementor-column-gap-default\">\n\t\t\t\t\t<div class=\"elementor-column elementor-col-100 elementor-top-column elementor-element elementor-element-d1f4709\" data-id=\"d1f4709\" data-element_type=\"column\">\n\t\t\t<div class=\"elementor-widget-wrap elementor-element-populated\">\n\t\t\t\t\t\t<div class=\"elementor-element elementor-element-d2aba1f elementor-widget elementor-widget-text-editor\" data-id=\"d2aba1f\" data-element_type=\"widget\" data-widget_type=\"text-editor.default\">\n\t\t\t\t<div class=\"elementor-widget-container\">\n\t\t\t\t\t\t\t<p><strong>T\u00edtulo<\/strong>: <a href=\"https:\/\/repositorio.ufsm.br\/handle\/1\/23164\" target=\"_blank\" rel=\"noopener\">Controle de plantas daninhas com bioherbicida produzido por fermenta\u00e7\u00e3o de Diaporthe schini<\/a><\/p><p><strong>Aluno<\/strong>: Thiarles Brun<\/p><p><strong>Professor Orientador<\/strong>: Dr. Marcio Antonio Mazutti<\/p>\t\t\t\t\t\t<\/div>\n\t\t\t\t<\/div>\n\t\t\t\t\t<\/div>\n\t\t<\/div>\n\t\t\t\t\t<\/div>\n\t\t<\/section>\n\t\t\t\t<\/div>\n\t\t","protected":false},"excerpt":{"rendered":"<p>T\u00edtulo: Desenvolvimento e avalia\u00e7\u00e3o de nova configura\u00e7\u00e3o geom\u00e9trica de rotor para aerador de solo sob pastagens degradadas Aluno: Andr\u00e9 Rog\u00e9rio Kinalski Bender Professor Orientador: Doutor Leonardo Nabaes Romano T\u00edtulo: An\u00e1lise da combust\u00e3o de misturas diesel\/biodiesel em um motor de uso agr\u00edcola turboalimentado e com gerenciamento eletr\u00f4nico Aluno: Joelson Almeida Bilh\u00e3o Professor Orientador: Dr. Jos\u00e9 Fernando [&hellip;]<\/p>\n","protected":false},"author":871,"featured_media":0,"parent":0,"menu_order":0,"comment_status":"closed","ping_status":"closed","template":"","meta":{"footnotes":""},"categories":[],"tags":[],"class_list":["post-669","page","type-page","status-publish","hentry"],"acf":[],"_links":{"self":[{"href":"https:\/\/www.ufsm.br\/cursos\/pos-graduacao\/santa-maria\/ppgea\/wp-json\/wp\/v2\/pages\/669","targetHints":{"allow":["GET"]}}],"collection":[{"href":"https:\/\/www.ufsm.br\/cursos\/pos-graduacao\/santa-maria\/ppgea\/wp-json\/wp\/v2\/pages"}],"about":[{"href":"https:\/\/www.ufsm.br\/cursos\/pos-graduacao\/santa-maria\/ppgea\/wp-json\/wp\/v2\/types\/page"}],"author":[{"embeddable":true,"href":"https:\/\/www.ufsm.br\/cursos\/pos-graduacao\/santa-maria\/ppgea\/wp-json\/wp\/v2\/users\/871"}],"replies":[{"embeddable":true,"href":"https:\/\/www.ufsm.br\/cursos\/pos-graduacao\/santa-maria\/ppgea\/wp-json\/wp\/v2\/comments?post=669"}],"version-history":[{"count":0,"href":"https:\/\/www.ufsm.br\/cursos\/pos-graduacao\/santa-maria\/ppgea\/wp-json\/wp\/v2\/pages\/669\/revisions"}],"wp:attachment":[{"href":"https:\/\/www.ufsm.br\/cursos\/pos-graduacao\/santa-maria\/ppgea\/wp-json\/wp\/v2\/media?parent=669"}],"wp:term":[{"taxonomy":"category","embeddable":true,"href":"https:\/\/www.ufsm.br\/cursos\/pos-graduacao\/santa-maria\/ppgea\/wp-json\/wp\/v2\/categories?post=669"},{"taxonomy":"post_tag","embeddable":true,"href":"https:\/\/www.ufsm.br\/cursos\/pos-graduacao\/santa-maria\/ppgea\/wp-json\/wp\/v2\/tags?post=669"}],"curies":[{"name":"wp","href":"https:\/\/api.w.org\/{rel}","templated":true}]}}