{"id":739,"date":"2020-11-20T13:54:53","date_gmt":"2020-11-20T16:54:53","guid":{"rendered":"https:\/\/www.ufsm.br\/cursos\/pos-graduacao\/santa-maria\/ppgea\/?page_id=739"},"modified":"2020-12-02T10:19:40","modified_gmt":"2020-12-02T13:19:40","slug":"dissertacoes-2010","status":"publish","type":"page","link":"https:\/\/www.ufsm.br\/cursos\/pos-graduacao\/santa-maria\/ppgea\/dissertacoes-2010","title":{"rendered":"Disserta\u00e7\u00f5es 2010"},"content":{"rendered":"\t\t<div data-elementor-type=\"wp-page\" data-elementor-id=\"739\" class=\"elementor elementor-739\">\n\t\t\t\t\t\t<section class=\"elementor-section elementor-top-section elementor-element elementor-element-960b04e elementor-section-boxed elementor-section-height-default elementor-section-height-default\" data-id=\"960b04e\" data-element_type=\"section\">\n\t\t\t\t\t\t<div class=\"elementor-container elementor-column-gap-default\">\n\t\t\t\t\t<div class=\"elementor-column elementor-col-100 elementor-top-column elementor-element elementor-element-fe24020\" data-id=\"fe24020\" data-element_type=\"column\">\n\t\t\t<div class=\"elementor-widget-wrap elementor-element-populated\">\n\t\t\t\t\t\t<div class=\"elementor-element elementor-element-f63b5b3 elementor-widget elementor-widget-text-editor\" data-id=\"f63b5b3\" data-element_type=\"widget\" data-widget_type=\"text-editor.default\">\n\t\t\t\t<div class=\"elementor-widget-container\">\n\t\t\t\t\t\t\t<p><span style=\"font-family: Georgia, serif\"><span style=\"font-size: medium\"><b>T\u00edtulo<\/b>: <a href=\"https:\/\/repositorio.ufsm.br\/bitstream\/handle\/1\/7526\/DALLA%20SANTA%2c%20CLEITON.pdf?sequence=1&amp;isAllowed=y\" target=\"_blank\" rel=\"noopener\">Perdas de \u00e1gua por escoamento superficial de um solo com diferentes n\u00edveis de res\u00edduos vegetais e declividades do terreno<\/a><\/span><\/span><\/p><p><span style=\"font-family: Georgia, serif\"><span style=\"font-size: medium\"><b>Aluno<\/b>: Cleiton Dalla Santa<\/span><\/span><\/p><p><span style=\"font-family: Georgia, serif\"><span style=\"font-size: medium\"><b>Professor Orientador<\/b>: Dr. Reimar Carlesso<\/span><\/span><\/p>\t\t\t\t\t\t<\/div>\n\t\t\t\t<\/div>\n\t\t\t\t\t<\/div>\n\t\t<\/div>\n\t\t\t\t\t<\/div>\n\t\t<\/section>\n\t\t\t\t<section class=\"elementor-section elementor-top-section elementor-element elementor-element-3f18f2d elementor-section-boxed elementor-section-height-default elementor-section-height-default\" data-id=\"3f18f2d\" data-element_type=\"section\">\n\t\t\t\t\t\t<div class=\"elementor-container elementor-column-gap-default\">\n\t\t\t\t\t<div class=\"elementor-column elementor-col-100 elementor-top-column elementor-element elementor-element-5db2ddf\" data-id=\"5db2ddf\" data-element_type=\"column\">\n\t\t\t<div class=\"elementor-widget-wrap elementor-element-populated\">\n\t\t\t\t\t\t<div class=\"elementor-element elementor-element-241a928 elementor-widget elementor-widget-text-editor\" data-id=\"241a928\" data-element_type=\"widget\" data-widget_type=\"text-editor.default\">\n\t\t\t\t<div class=\"elementor-widget-container\">\n\t\t\t\t\t\t\t<p><span style=\"font-family: Georgia, serif\"><span style=\"font-size: medium\"><b>T\u00edtulo<\/b>: <a href=\"https:\/\/repositorio.ufsm.br\/bitstream\/handle\/1\/7527\/MATTAR%2c%20DANIELLE%20MACHADO%20PACHECO.pdf?sequence=1&amp;isAllowed=y\" target=\"_blank\" rel=\"noopener\">Influ\u00eancia do deslizamento da roda motriz de uma semeadora\/adubadora de plantio direto no espa\u00e7amento longitudinal de sementes de milho<\/a><\/span><\/span><\/p><p><span style=\"font-family: Georgia, serif\"><span style=\"font-size: medium\"><b>Alun<\/b><b>a<\/b>: Danielle Machado Pacheco Mattar<\/span><\/span><\/p><p><span style=\"font-family: Georgia, serif\"><span style=\"font-size: medium\"><b>Professor Orientador<\/b>: Dr. Arno Udo Dallmeyer<\/span><\/span><\/p>\t\t\t\t\t\t<\/div>\n\t\t\t\t<\/div>\n\t\t\t\t\t<\/div>\n\t\t<\/div>\n\t\t\t\t\t<\/div>\n\t\t<\/section>\n\t\t\t\t<section class=\"elementor-section elementor-top-section elementor-element elementor-element-2da35c5 elementor-section-boxed elementor-section-height-default elementor-section-height-default\" data-id=\"2da35c5\" data-element_type=\"section\">\n\t\t\t\t\t\t<div class=\"elementor-container elementor-column-gap-default\">\n\t\t\t\t\t<div class=\"elementor-column elementor-col-100 elementor-top-column elementor-element elementor-element-494ac79\" data-id=\"494ac79\" data-element_type=\"column\">\n\t\t\t<div class=\"elementor-widget-wrap elementor-element-populated\">\n\t\t\t\t\t\t<div class=\"elementor-element elementor-element-747dc62 elementor-widget elementor-widget-text-editor\" data-id=\"747dc62\" data-element_type=\"widget\" data-widget_type=\"text-editor.default\">\n\t\t\t\t<div class=\"elementor-widget-container\">\n\t\t\t\t\t\t\t<p><span style=\"font-family: Georgia, serif\"><span style=\"font-size: medium\"><b>T\u00edtulo<\/b>: <a href=\"https:\/\/repositorio.ufsm.br\/bitstream\/handle\/1\/7525\/DAL%20PRA%2c%20ELDER.pdf?sequence=1&amp;isAllowed=y\" target=\"_blank\" rel=\"noopener\">Geoestat\u00edstica e imagens orbitais para caracterizar a distribui\u00e7\u00e3o espacial e danos de larvas de melolont\u00eddeos em cereais de inverno<\/a><\/span><\/span><\/p><p><span style=\"font-family: Georgia, serif\"><span style=\"font-size: medium\"><b>Aluno<\/b>: Elder Dal Pr\u00e1<\/span><\/span><\/p><p><span style=\"font-family: Georgia, serif\"><span style=\"font-size: medium\"><b>Professor Orientador<\/b>: Dr. Jerson V. Car\u00fas Guedes<\/span><\/span><\/p>\t\t\t\t\t\t<\/div>\n\t\t\t\t<\/div>\n\t\t\t\t\t<\/div>\n\t\t<\/div>\n\t\t\t\t\t<\/div>\n\t\t<\/section>\n\t\t\t\t<section class=\"elementor-section elementor-top-section elementor-element elementor-element-933cb89 elementor-section-boxed elementor-section-height-default elementor-section-height-default\" data-id=\"933cb89\" data-element_type=\"section\">\n\t\t\t\t\t\t<div class=\"elementor-container elementor-column-gap-default\">\n\t\t\t\t\t<div class=\"elementor-column elementor-col-100 elementor-top-column elementor-element elementor-element-96def3f\" data-id=\"96def3f\" data-element_type=\"column\">\n\t\t\t<div class=\"elementor-widget-wrap elementor-element-populated\">\n\t\t\t\t\t\t<div class=\"elementor-element elementor-element-8b38591 elementor-widget elementor-widget-text-editor\" data-id=\"8b38591\" data-element_type=\"widget\" data-widget_type=\"text-editor.default\">\n\t\t\t\t<div class=\"elementor-widget-container\">\n\t\t\t\t\t\t\t<p><span style=\"font-family: Georgia, serif\"><span style=\"font-size: medium\"><b>T\u00edtulo<\/b>: <a href=\"https:\/\/repositorio.ufsm.br\/bitstream\/handle\/1\/7523\/SOARES%2c%20FATIMA%20CIBELE.pdf?sequence=1&amp;isAllowed=y\" target=\"_blank\" rel=\"noopener\">An\u00e1lise de viabilidade da irriga\u00e7\u00e3o de precis\u00e3o na cultura do milho (Zea mays L.)<\/a><\/span><\/span><\/p><p><span style=\"font-family: Georgia, serif\"><span style=\"font-size: medium\"><b>Alun<\/b><b>a<\/b>: F\u00e1tima Cibele Soares<\/span><\/span><\/p><p><span style=\"font-family: Georgia, serif\"><span style=\"font-size: medium\"><b>Professor<\/b><b>a<\/b><b> Orientador<\/b><b>a<\/b>: Dr. \u00aa Marcia Xavier Peiter<\/span><\/span><\/p>\t\t\t\t\t\t<\/div>\n\t\t\t\t<\/div>\n\t\t\t\t\t<\/div>\n\t\t<\/div>\n\t\t\t\t\t<\/div>\n\t\t<\/section>\n\t\t\t\t<section class=\"elementor-section elementor-top-section elementor-element elementor-element-ac2d306 elementor-section-boxed elementor-section-height-default elementor-section-height-default\" data-id=\"ac2d306\" data-element_type=\"section\">\n\t\t\t\t\t\t<div class=\"elementor-container elementor-column-gap-default\">\n\t\t\t\t\t<div class=\"elementor-column elementor-col-100 elementor-top-column elementor-element elementor-element-c773cb1\" data-id=\"c773cb1\" data-element_type=\"column\">\n\t\t\t<div class=\"elementor-widget-wrap elementor-element-populated\">\n\t\t\t\t\t\t<div class=\"elementor-element elementor-element-23f37fc elementor-widget elementor-widget-text-editor\" data-id=\"23f37fc\" data-element_type=\"widget\" data-widget_type=\"text-editor.default\">\n\t\t\t\t<div class=\"elementor-widget-container\">\n\t\t\t\t\t\t\t<p><span style=\"font-family: Georgia, serif\"><span style=\"font-size: medium\"><b>T\u00edtulo<\/b>: <a href=\"https:\/\/repositorio.ufsm.br\/bitstream\/handle\/1\/7536\/LENZ%2c%20GIUVAN.pdf?sequence=1&amp;isAllowed=y\" target=\"_blank\" rel=\"noopener\">Efeito do espectro de gotas e idade de trif\u00f3lios sobre a taxa de absor\u00e7\u00e3o de fungicidas em soja<\/a><\/span><\/span><\/p><p><span style=\"font-family: Georgia, serif\"><span style=\"font-size: medium\"><b>Aluno<\/b>: Giuvan Lenz<\/span><\/span><\/p><p><span style=\"font-family: Georgia, serif\"><span style=\"font-size: medium\"><b>Professor Orientador<\/b>: Dr. Ricardo Silveiro Balardin<\/span><\/span><\/p>\t\t\t\t\t\t<\/div>\n\t\t\t\t<\/div>\n\t\t\t\t\t<\/div>\n\t\t<\/div>\n\t\t\t\t\t<\/div>\n\t\t<\/section>\n\t\t\t\t<section class=\"elementor-section elementor-top-section elementor-element elementor-element-b7fcd66 elementor-section-boxed elementor-section-height-default elementor-section-height-default\" data-id=\"b7fcd66\" data-element_type=\"section\">\n\t\t\t\t\t\t<div class=\"elementor-container elementor-column-gap-default\">\n\t\t\t\t\t<div class=\"elementor-column elementor-col-100 elementor-top-column elementor-element elementor-element-8580f4d\" data-id=\"8580f4d\" data-element_type=\"column\">\n\t\t\t<div class=\"elementor-widget-wrap elementor-element-populated\">\n\t\t\t\t\t\t<div class=\"elementor-element elementor-element-de9ee1d elementor-widget elementor-widget-text-editor\" data-id=\"de9ee1d\" data-element_type=\"widget\" data-widget_type=\"text-editor.default\">\n\t\t\t\t<div class=\"elementor-widget-container\">\n\t\t\t\t\t\t\t<p><span style=\"font-family: Georgia, serif\"><span style=\"font-size: medium\"><b>T\u00edtulo<\/b>: <a href=\"https:\/\/repositorio.ufsm.br\/bitstream\/handle\/1\/7535\/VIVAN%2c%20GISELE%20APARECIDA.pdf?sequence=1&amp;isAllowed=y\" target=\"_blank\" rel=\"noopener\">Resposta da irriga\u00e7\u00e3o suplementar em diferentes cen\u00e1rios para a cultura da soja na microrregi\u00e3o de Passo Fundo, RS<\/a><\/span><\/span><\/p><p><span style=\"font-family: Georgia, serif\"><span style=\"font-size: medium\"><b>Alun<\/b><b>a<\/b>: Gisele Aparecida Vivan<\/span><\/span><\/p><p><span style=\"font-family: Georgia, serif\"><span style=\"font-size: medium\"><b>Professor<\/b><b>a<\/b><b> Orientador<\/b><b>a<\/b>: Dr. \u00aa Marcia Xavier Peiter<\/span><\/span><\/p>\t\t\t\t\t\t<\/div>\n\t\t\t\t<\/div>\n\t\t\t\t\t<\/div>\n\t\t<\/div>\n\t\t\t\t\t<\/div>\n\t\t<\/section>\n\t\t\t\t<section class=\"elementor-section elementor-top-section elementor-element elementor-element-79d0167 elementor-section-boxed elementor-section-height-default elementor-section-height-default\" data-id=\"79d0167\" data-element_type=\"section\">\n\t\t\t\t\t\t<div class=\"elementor-container elementor-column-gap-default\">\n\t\t\t\t\t<div class=\"elementor-column elementor-col-100 elementor-top-column elementor-element elementor-element-1f79231\" data-id=\"1f79231\" data-element_type=\"column\">\n\t\t\t<div class=\"elementor-widget-wrap elementor-element-populated\">\n\t\t\t\t\t\t<div class=\"elementor-element elementor-element-c7c4994 elementor-widget elementor-widget-text-editor\" data-id=\"c7c4994\" data-element_type=\"widget\" data-widget_type=\"text-editor.default\">\n\t\t\t\t<div class=\"elementor-widget-container\">\n\t\t\t\t\t\t\t<p><span style=\"font-family: Georgia, serif\"><span style=\"font-size: medium\"><b>T\u00edtulo<\/b>: <a href=\"https:\/\/repositorio.ufsm.br\/bitstream\/handle\/1\/7532\/NIETIEDT%2c%20GUSTAVO%20HELLER.pdf?sequence=1&amp;isAllowed=y\" target=\"_blank\" rel=\"noopener\">Misturas de biodiesel de soja, com aditiva\u00e7\u00e3o e varia\u00e7\u00e3o do ponto de avan\u00e7o, em um motor de inje\u00e7\u00e3o direta<\/a><\/span><\/span><\/p><p><span style=\"font-family: Georgia, serif\"><span style=\"font-size: medium\"><b>Aluno<\/b>: Gustavo Heller Nietiedt<\/span><\/span><\/p><p><span style=\"font-family: Georgia, serif\"><span style=\"font-size: medium\"><b>Professor Orientador<\/b>: Dr. Jos\u00e9 Fernando Schlosser<\/span><\/span><\/p>\t\t\t\t\t\t<\/div>\n\t\t\t\t<\/div>\n\t\t\t\t\t<\/div>\n\t\t<\/div>\n\t\t\t\t\t<\/div>\n\t\t<\/section>\n\t\t\t\t<section class=\"elementor-section elementor-top-section elementor-element elementor-element-de95488 elementor-section-boxed elementor-section-height-default elementor-section-height-default\" data-id=\"de95488\" data-element_type=\"section\">\n\t\t\t\t\t\t<div class=\"elementor-container elementor-column-gap-default\">\n\t\t\t\t\t<div class=\"elementor-column elementor-col-100 elementor-top-column elementor-element elementor-element-d8afc86\" data-id=\"d8afc86\" data-element_type=\"column\">\n\t\t\t<div class=\"elementor-widget-wrap elementor-element-populated\">\n\t\t\t\t\t\t<div class=\"elementor-element elementor-element-92313f2 elementor-widget elementor-widget-text-editor\" data-id=\"92313f2\" data-element_type=\"widget\" data-widget_type=\"text-editor.default\">\n\t\t\t\t<div class=\"elementor-widget-container\">\n\t\t\t\t\t\t\t<p><span style=\"font-family: Georgia, serif\"><span style=\"font-size: medium\"><b>T\u00edtulo<\/b>: <a href=\"https:\/\/repositorio.ufsm.br\/bitstream\/handle\/1\/7530\/GUIMARAES%2c%20JOSE%20CARLOS%20RIBEIRO.pdf?sequence=1&amp;isAllowed=y\" target=\"_blank\" rel=\"noopener\">Medidas de concentra\u00e7\u00e3o de sedimentos e turbidez na Bacia Hidrogr\u00e1fica do Lajeado Grande, S\u00e3o Martinho da Serra (RS)<\/a><\/span><\/span><\/p><p><span style=\"font-family: Georgia, serif\"><span style=\"font-size: medium\"><b>Aluno<\/b>: Jos\u00e9 Carlos Ribeiro Guimar\u00e3es<\/span><\/span><\/p><p><span style=\"font-family: Georgia, serif\"><span style=\"font-size: medium\"><b>Professor Orientador<\/b>: Dr. Jo\u00e3o Batista Dias de Paiva<\/span><\/span><\/p>\t\t\t\t\t\t<\/div>\n\t\t\t\t<\/div>\n\t\t\t\t\t<\/div>\n\t\t<\/div>\n\t\t\t\t\t<\/div>\n\t\t<\/section>\n\t\t\t\t<section class=\"elementor-section elementor-top-section elementor-element elementor-element-4e3f3c2 elementor-section-boxed elementor-section-height-default elementor-section-height-default\" data-id=\"4e3f3c2\" data-element_type=\"section\">\n\t\t\t\t\t\t<div class=\"elementor-container elementor-column-gap-default\">\n\t\t\t\t\t<div class=\"elementor-column elementor-col-100 elementor-top-column elementor-element elementor-element-044fd4d\" data-id=\"044fd4d\" data-element_type=\"column\">\n\t\t\t<div class=\"elementor-widget-wrap elementor-element-populated\">\n\t\t\t\t\t\t<div class=\"elementor-element elementor-element-752b487 elementor-widget elementor-widget-text-editor\" data-id=\"752b487\" data-element_type=\"widget\" data-widget_type=\"text-editor.default\">\n\t\t\t\t<div class=\"elementor-widget-container\">\n\t\t\t\t\t\t\t<p><span style=\"font-family: Georgia, serif\"><span style=\"font-size: medium\"><b>T\u00edtulo<\/b>: <a href=\"https:\/\/repositorio.ufsm.br\/bitstream\/handle\/1\/7529\/MARTINS%2c%20JULIANO%20DALCIN.pdf?sequence=1&amp;isAllowed=y\" target=\"_blank\" rel=\"noopener\">Modifica\u00e7\u00f5es morfofisiol\u00f3gicas em plantas de milho submetidas a d\u00e9ficit h\u00eddrico<\/a><\/span><\/span><\/p><p><span style=\"font-family: Georgia, serif\"><span style=\"font-size: medium\"><b>Aluno<\/b>: Juliano Dalcin Martins<\/span><\/span><\/p><p><span style=\"font-family: Georgia, serif\"><span style=\"font-size: medium\"><b>Professor Orientador<\/b>: Dr. Reimar Carlesso<\/span><\/span><\/p>\t\t\t\t\t\t<\/div>\n\t\t\t\t<\/div>\n\t\t\t\t\t<\/div>\n\t\t<\/div>\n\t\t\t\t\t<\/div>\n\t\t<\/section>\n\t\t\t\t<section class=\"elementor-section elementor-top-section elementor-element elementor-element-35d3e11 elementor-section-boxed elementor-section-height-default elementor-section-height-default\" data-id=\"35d3e11\" data-element_type=\"section\">\n\t\t\t\t\t\t<div class=\"elementor-container elementor-column-gap-default\">\n\t\t\t\t\t<div class=\"elementor-column elementor-col-100 elementor-top-column elementor-element elementor-element-2939506\" data-id=\"2939506\" data-element_type=\"column\">\n\t\t\t<div class=\"elementor-widget-wrap elementor-element-populated\">\n\t\t\t\t\t\t<div class=\"elementor-element elementor-element-a97c3f6 elementor-widget elementor-widget-text-editor\" data-id=\"a97c3f6\" data-element_type=\"widget\" data-widget_type=\"text-editor.default\">\n\t\t\t\t<div class=\"elementor-widget-container\">\n\t\t\t\t\t\t\t<p><span style=\"font-family: Georgia, serif\"><span style=\"font-size: medium\"><b>T\u00edtulo<\/b>: <a href=\"https:\/\/repositorio.ufsm.br\/bitstream\/handle\/1\/7524\/WALTER%2c%20LIDIANE%20CRISTINE.pdf?sequence=1&amp;isAllowed=y\" target=\"_blank\" rel=\"noopener\">Simula\u00e7\u00e3o do rendimento de gr\u00e3os de arroz irrigado em cen\u00e1rios de mudan\u00e7a clim\u00e1tica<\/a><\/span><\/span><\/p><p><span style=\"font-family: Georgia, serif\"><span style=\"font-size: medium\"><b>Alun<\/b><b>a<\/b>: Lidiane Cristine Walter<\/span><\/span><\/p><p><span style=\"font-family: Georgia, serif\"><span style=\"font-size: medium\"><b>Professor Orientador<\/b>: Dr. Nereu Augusto Streck<\/span><\/span><\/p>\t\t\t\t\t\t<\/div>\n\t\t\t\t<\/div>\n\t\t\t\t\t<\/div>\n\t\t<\/div>\n\t\t\t\t\t<\/div>\n\t\t<\/section>\n\t\t\t\t<section class=\"elementor-section elementor-top-section elementor-element elementor-element-3604737 elementor-section-boxed elementor-section-height-default elementor-section-height-default\" data-id=\"3604737\" data-element_type=\"section\">\n\t\t\t\t\t\t<div class=\"elementor-container elementor-column-gap-default\">\n\t\t\t\t\t<div class=\"elementor-column elementor-col-100 elementor-top-column elementor-element elementor-element-b9919a8\" data-id=\"b9919a8\" data-element_type=\"column\">\n\t\t\t<div class=\"elementor-widget-wrap elementor-element-populated\">\n\t\t\t\t\t\t<div class=\"elementor-element elementor-element-b4ed267 elementor-widget elementor-widget-text-editor\" data-id=\"b4ed267\" data-element_type=\"widget\" data-widget_type=\"text-editor.default\">\n\t\t\t\t<div class=\"elementor-widget-container\">\n\t\t\t\t\t\t\t<p><span style=\"font-family: Georgia, serif\"><span style=\"font-size: medium\"><b>T\u00edtulo<\/b>: <a href=\"https:\/\/repositorio.ufsm.br\/bitstream\/handle\/1\/7534\/MOREIRA%2c%20MARCELO%20TEMP.pdf?sequence=1&amp;isAllowed=y\" target=\"_blank\" rel=\"noopener\">Rela\u00e7\u00e3o entre pontas de aplica\u00e7\u00e3o, hor\u00e1rio de aplica\u00e7\u00e3o e cultivares no controle de Phakopsora pachyrhizi em soja<\/a><\/span><\/span><\/p><p><span style=\"font-family: Georgia, serif\"><span style=\"font-size: medium\"><b>Aluno<\/b>: Marcelo Temp Moreira<\/span><\/span><\/p><p><span style=\"font-family: Georgia, serif\"><span style=\"font-size: medium\"><b>Professor Orientador<\/b>: Dr. Ricardo Silveiro Balardin<\/span><\/span><\/p>\t\t\t\t\t\t<\/div>\n\t\t\t\t<\/div>\n\t\t\t\t\t<\/div>\n\t\t<\/div>\n\t\t\t\t\t<\/div>\n\t\t<\/section>\n\t\t\t\t<section class=\"elementor-section elementor-top-section elementor-element elementor-element-b5ebf0c elementor-section-boxed elementor-section-height-default elementor-section-height-default\" data-id=\"b5ebf0c\" data-element_type=\"section\">\n\t\t\t\t\t\t<div class=\"elementor-container elementor-column-gap-default\">\n\t\t\t\t\t<div class=\"elementor-column elementor-col-100 elementor-top-column elementor-element elementor-element-d9dc858\" data-id=\"d9dc858\" data-element_type=\"column\">\n\t\t\t<div class=\"elementor-widget-wrap elementor-element-populated\">\n\t\t\t\t\t\t<div class=\"elementor-element elementor-element-71a19e3 elementor-widget elementor-widget-text-editor\" data-id=\"71a19e3\" data-element_type=\"widget\" data-widget_type=\"text-editor.default\">\n\t\t\t\t<div class=\"elementor-widget-container\">\n\t\t\t\t\t\t\t<p><span style=\"font-family: Georgia, serif\"><span style=\"font-size: medium\"><b>T\u00edtulo<\/b>: <a href=\"https:\/\/repositorio.ufsm.br\/bitstream\/handle\/1\/7528\/SANTOS%2c%20MICHELE%20DA%20SILVA.pdf?sequence=1&amp;isAllowed=y\" target=\"_blank\" rel=\"noopener\">Par\u00e2metros mec\u00e2nicos de tra\u00e7\u00e3o em sistemas de cultivo de melancia<\/a><\/span><\/span><\/p><p><span style=\"font-family: Georgia, serif\"><span style=\"font-size: medium\"><b>Alun<\/b><b>a:<\/b> Michele da Silva Santos<\/span><\/span><\/p><p><span style=\"font-family: Georgia, serif\"><span style=\"font-size: medium\"><b>Professor Orientador<\/b>: Dr. Flavio Luiz Foletto Eltz<\/span><\/span><\/p>\t\t\t\t\t\t<\/div>\n\t\t\t\t<\/div>\n\t\t\t\t\t<\/div>\n\t\t<\/div>\n\t\t\t\t\t<\/div>\n\t\t<\/section>\n\t\t\t\t<\/div>\n\t\t","protected":false},"excerpt":{"rendered":"<p>T\u00edtulo: Perdas de \u00e1gua por escoamento superficial de um solo com diferentes n\u00edveis de res\u00edduos vegetais e declividades do terreno Aluno: Cleiton Dalla Santa Professor Orientador: Dr. Reimar Carlesso T\u00edtulo: Influ\u00eancia do deslizamento da roda motriz de uma semeadora\/adubadora de plantio direto no espa\u00e7amento longitudinal de sementes de milho Aluna: Danielle Machado Pacheco Mattar Professor [&hellip;]<\/p>\n","protected":false},"author":871,"featured_media":0,"parent":0,"menu_order":0,"comment_status":"closed","ping_status":"closed","template":"","meta":{"footnotes":""},"categories":[],"tags":[],"class_list":["post-739","page","type-page","status-publish","hentry"],"acf":[],"_links":{"self":[{"href":"https:\/\/www.ufsm.br\/cursos\/pos-graduacao\/santa-maria\/ppgea\/wp-json\/wp\/v2\/pages\/739","targetHints":{"allow":["GET"]}}],"collection":[{"href":"https:\/\/www.ufsm.br\/cursos\/pos-graduacao\/santa-maria\/ppgea\/wp-json\/wp\/v2\/pages"}],"about":[{"href":"https:\/\/www.ufsm.br\/cursos\/pos-graduacao\/santa-maria\/ppgea\/wp-json\/wp\/v2\/types\/page"}],"author":[{"embeddable":true,"href":"https:\/\/www.ufsm.br\/cursos\/pos-graduacao\/santa-maria\/ppgea\/wp-json\/wp\/v2\/users\/871"}],"replies":[{"embeddable":true,"href":"https:\/\/www.ufsm.br\/cursos\/pos-graduacao\/santa-maria\/ppgea\/wp-json\/wp\/v2\/comments?post=739"}],"version-history":[{"count":0,"href":"https:\/\/www.ufsm.br\/cursos\/pos-graduacao\/santa-maria\/ppgea\/wp-json\/wp\/v2\/pages\/739\/revisions"}],"wp:attachment":[{"href":"https:\/\/www.ufsm.br\/cursos\/pos-graduacao\/santa-maria\/ppgea\/wp-json\/wp\/v2\/media?parent=739"}],"wp:term":[{"taxonomy":"category","embeddable":true,"href":"https:\/\/www.ufsm.br\/cursos\/pos-graduacao\/santa-maria\/ppgea\/wp-json\/wp\/v2\/categories?post=739"},{"taxonomy":"post_tag","embeddable":true,"href":"https:\/\/www.ufsm.br\/cursos\/pos-graduacao\/santa-maria\/ppgea\/wp-json\/wp\/v2\/tags?post=739"}],"curies":[{"name":"wp","href":"https:\/\/api.w.org\/{rel}","templated":true}]}}