{"id":776,"date":"2021-03-29T11:17:18","date_gmt":"2021-03-29T14:17:18","guid":{"rendered":"https:\/\/www.ufsm.br\/cursos\/pos-graduacao\/santa-maria\/ppgea\/?page_id=776"},"modified":"2022-04-20T07:18:31","modified_gmt":"2022-04-20T10:18:31","slug":"teses-2021","status":"publish","type":"page","link":"https:\/\/www.ufsm.br\/cursos\/pos-graduacao\/santa-maria\/ppgea\/teses-2021","title":{"rendered":"Teses 2021"},"content":{"rendered":"\t\t<div data-elementor-type=\"wp-page\" data-elementor-id=\"776\" class=\"elementor elementor-776\">\n\t\t\t\t\t\t<section class=\"elementor-section elementor-top-section elementor-element elementor-element-784cfc6 elementor-section-boxed elementor-section-height-default elementor-section-height-default\" data-id=\"784cfc6\" data-element_type=\"section\">\n\t\t\t\t\t\t<div class=\"elementor-container elementor-column-gap-default\">\n\t\t\t\t\t<div class=\"elementor-column elementor-col-100 elementor-top-column elementor-element elementor-element-9fba677\" data-id=\"9fba677\" data-element_type=\"column\">\n\t\t\t<div class=\"elementor-widget-wrap elementor-element-populated\">\n\t\t\t\t\t\t<div class=\"elementor-element elementor-element-a467368 elementor-widget elementor-widget-text-editor\" data-id=\"a467368\" data-element_type=\"widget\" data-widget_type=\"text-editor.default\">\n\t\t\t\t<div class=\"elementor-widget-container\">\n\t\t\t\t\t\t\t<p><strong>T\u00edtulo<\/strong>: <a href=\"https:\/\/repositorio.ufsm.br\/handle\/1\/23729\" target=\"_blank\" rel=\"noopener\">Aspectos ecossilviculturais em plantios de <em>Monteverdia ilicifolia<\/em> (Mart. ex Reissek) Biral e\u00a0 <em>Bauhinia forficata Link<\/em><\/a><\/p><p><strong>Aluna<\/strong>: Aline Peccatti<\/p><p><strong>Professora Orientadora<\/strong>: Dr. \u00aa Ana Paula Moreira Rovedder<\/p>\t\t\t\t\t\t<\/div>\n\t\t\t\t<\/div>\n\t\t\t\t\t<\/div>\n\t\t<\/div>\n\t\t\t\t\t<\/div>\n\t\t<\/section>\n\t\t\t\t<section class=\"elementor-section elementor-top-section elementor-element elementor-element-e469a6f elementor-section-boxed elementor-section-height-default elementor-section-height-default\" data-id=\"e469a6f\" data-element_type=\"section\">\n\t\t\t\t\t\t<div class=\"elementor-container elementor-column-gap-default\">\n\t\t\t\t\t<div class=\"elementor-column elementor-col-100 elementor-top-column elementor-element elementor-element-54a03d6\" data-id=\"54a03d6\" data-element_type=\"column\">\n\t\t\t<div class=\"elementor-widget-wrap elementor-element-populated\">\n\t\t\t\t\t\t<div class=\"elementor-element elementor-element-2fd4c33 elementor-widget elementor-widget-text-editor\" data-id=\"2fd4c33\" data-element_type=\"widget\" data-widget_type=\"text-editor.default\">\n\t\t\t\t<div class=\"elementor-widget-container\">\n\t\t\t\t\t\t\t<p><strong>T\u00edtulo<\/strong>: <a href=\"https:\/\/repositorio.ufsm.br\/handle\/1\/23341\" target=\"_blank\" rel=\"noopener\">Rugosidade absoluta em tubula\u00e7\u00f5es utilizadas para distribui\u00e7\u00e3o de \u00e1gua<\/a><\/p><p><strong>Aluna<\/strong>: Bruna Dalcin Pimenta<\/p><p><strong>Professor Orientador<\/strong>: Dr. Adroaldo Dias Robaina<\/p>\t\t\t\t\t\t<\/div>\n\t\t\t\t<\/div>\n\t\t\t\t\t<\/div>\n\t\t<\/div>\n\t\t\t\t\t<\/div>\n\t\t<\/section>\n\t\t\t\t<section class=\"elementor-section elementor-top-section elementor-element elementor-element-72983ea elementor-section-boxed elementor-section-height-default elementor-section-height-default\" data-id=\"72983ea\" data-element_type=\"section\">\n\t\t\t\t\t\t<div class=\"elementor-container elementor-column-gap-default\">\n\t\t\t\t\t<div class=\"elementor-column elementor-col-100 elementor-top-column elementor-element elementor-element-4ed1e0f\" data-id=\"4ed1e0f\" data-element_type=\"column\">\n\t\t\t<div class=\"elementor-widget-wrap elementor-element-populated\">\n\t\t\t\t\t\t<div class=\"elementor-element elementor-element-9ebd954 elementor-widget elementor-widget-text-editor\" data-id=\"9ebd954\" data-element_type=\"widget\" data-widget_type=\"text-editor.default\">\n\t\t\t\t<div class=\"elementor-widget-container\">\n\t\t\t\t\t\t\t<p><strong>T\u00edtulo<\/strong>: <a href=\"https:\/\/repositorio.ufsm.br\/handle\/1\/23169\" target=\"_blank\" rel=\"noopener\">Estimativa da produ\u00e7\u00e3o da cultura do milho irrigado atrav\u00e9s de simula\u00e7\u00e3o com o modelo Aquacrop e determina\u00e7\u00e3o da l\u00e2mina \u00f3tima econ\u00f4mica<\/a><\/p><p><strong>Aluna<\/strong>: Chaiane Guerra da Concei\u00e7\u00e3o<\/p><p><strong>Professor Orientador<\/strong>: Dr. Adroaldo Dias Robaina<\/p>\t\t\t\t\t\t<\/div>\n\t\t\t\t<\/div>\n\t\t\t\t\t<\/div>\n\t\t<\/div>\n\t\t\t\t\t<\/div>\n\t\t<\/section>\n\t\t\t\t<section class=\"elementor-section elementor-top-section elementor-element elementor-element-50dc1db elementor-section-boxed elementor-section-height-default elementor-section-height-default\" data-id=\"50dc1db\" data-element_type=\"section\">\n\t\t\t\t\t\t<div class=\"elementor-container elementor-column-gap-default\">\n\t\t\t\t\t<div class=\"elementor-column elementor-col-100 elementor-top-column elementor-element elementor-element-59f6456\" data-id=\"59f6456\" data-element_type=\"column\">\n\t\t\t<div class=\"elementor-widget-wrap elementor-element-populated\">\n\t\t\t\t\t\t<div class=\"elementor-element elementor-element-7daaa8e elementor-widget elementor-widget-text-editor\" data-id=\"7daaa8e\" data-element_type=\"widget\" data-widget_type=\"text-editor.default\">\n\t\t\t\t<div class=\"elementor-widget-container\">\n\t\t\t\t\t\t\t<p><strong>T\u00edtulo<\/strong>: <a href=\"https:\/\/repositorio.ufsm.br\/handle\/1\/23342\" target=\"_blank\" rel=\"noopener\">Produ\u00e7\u00e3o de etanol 2G e biog\u00e1s utilizando res\u00edduos da cultura da soja<\/a><\/p><p><strong>Aluno<\/strong>: Felipe Vedovatto<\/p><p><strong>Professor Orientador<\/strong>: Dr. Marcus Vin\u00edcius Tres<\/p>\t\t\t\t\t\t<\/div>\n\t\t\t\t<\/div>\n\t\t\t\t\t<\/div>\n\t\t<\/div>\n\t\t\t\t\t<\/div>\n\t\t<\/section>\n\t\t\t\t<section class=\"elementor-section elementor-top-section elementor-element elementor-element-630e334 elementor-section-boxed elementor-section-height-default elementor-section-height-default\" data-id=\"630e334\" data-element_type=\"section\">\n\t\t\t\t\t\t<div class=\"elementor-container elementor-column-gap-default\">\n\t\t\t\t\t<div class=\"elementor-column elementor-col-100 elementor-top-column elementor-element elementor-element-31d3d72\" data-id=\"31d3d72\" data-element_type=\"column\">\n\t\t\t<div class=\"elementor-widget-wrap elementor-element-populated\">\n\t\t\t\t\t\t<div class=\"elementor-element elementor-element-7de85e5 elementor-widget elementor-widget-text-editor\" data-id=\"7de85e5\" data-element_type=\"widget\" data-widget_type=\"text-editor.default\">\n\t\t\t\t<div class=\"elementor-widget-container\">\n\t\t\t\t\t\t\t<p><strong>T\u00edtulo<\/strong>: <a href=\"https:\/\/repositorio.ufsm.br\/handle\/1\/23760\" target=\"_blank\" rel=\"noopener\">Influ\u00eancia de impurezas no monitoramento de vari\u00e1veis indiretas para detec\u00e7\u00e3o precoce da qualidade de soja armazenada em silos prot\u00f3tipos verticais<\/a><\/p><p><strong>Aluna<\/strong>: \u00cdtala Tha\u00edsa Padilha Dubal<\/p><p><strong>Professor Orientador<\/strong>: Dr. Paulo Carteri Coradi<\/p>\t\t\t\t\t\t<\/div>\n\t\t\t\t<\/div>\n\t\t\t\t\t<\/div>\n\t\t<\/div>\n\t\t\t\t\t<\/div>\n\t\t<\/section>\n\t\t\t\t<section class=\"elementor-section elementor-top-section elementor-element elementor-element-5707d7c elementor-section-boxed elementor-section-height-default elementor-section-height-default\" data-id=\"5707d7c\" data-element_type=\"section\">\n\t\t\t\t\t\t<div class=\"elementor-container elementor-column-gap-default\">\n\t\t\t\t\t<div class=\"elementor-column elementor-col-100 elementor-top-column elementor-element elementor-element-2a37623\" data-id=\"2a37623\" data-element_type=\"column\">\n\t\t\t<div class=\"elementor-widget-wrap elementor-element-populated\">\n\t\t\t\t\t\t<div class=\"elementor-element elementor-element-79c8400 elementor-widget elementor-widget-text-editor\" data-id=\"79c8400\" data-element_type=\"widget\" data-widget_type=\"text-editor.default\">\n\t\t\t\t<div class=\"elementor-widget-container\">\n\t\t\t\t\t\t\t<p><strong>T\u00edtulo<\/strong>: <a href=\"https:\/\/repositorio.ufsm.br\/handle\/1\/23739\" target=\"_blank\" rel=\"noopener\">Formula\u00e7\u00e3o e aplica\u00e7\u00e3o de metab\u00f3litos a partir de <em>Fusarium fujikuroi\u00a0<\/em>com poder bioherbicida para o controle de plantas daninhas<\/a><\/p><p><strong>Aluno<\/strong>: Izelmar Todero<\/p><p><strong>Professor Orientador<\/strong>: Dr. Marcio Antonio Mazutti<\/p>\t\t\t\t\t\t<\/div>\n\t\t\t\t<\/div>\n\t\t\t\t\t<\/div>\n\t\t<\/div>\n\t\t\t\t\t<\/div>\n\t\t<\/section>\n\t\t\t\t<section class=\"elementor-section elementor-top-section elementor-element elementor-element-52c94d5 elementor-section-boxed elementor-section-height-default elementor-section-height-default\" data-id=\"52c94d5\" data-element_type=\"section\">\n\t\t\t\t\t\t<div class=\"elementor-container elementor-column-gap-default\">\n\t\t\t\t\t<div class=\"elementor-column elementor-col-100 elementor-top-column elementor-element elementor-element-6478f9a\" data-id=\"6478f9a\" data-element_type=\"column\">\n\t\t\t<div class=\"elementor-widget-wrap elementor-element-populated\">\n\t\t\t\t\t\t<div class=\"elementor-element elementor-element-7d6b449 elementor-widget elementor-widget-text-editor\" data-id=\"7d6b449\" data-element_type=\"widget\" data-widget_type=\"text-editor.default\">\n\t\t\t\t<div class=\"elementor-widget-container\">\n\t\t\t\t\t\t\t<p><strong>T\u00edtulo<\/strong>: <a href=\"https:\/\/repositorio.ufsm.br\/handle\/1\/24096\" target=\"_blank\" rel=\"noopener\">Concep\u00e7\u00e3o de um equipamento para o desponte e recolhimento das flores da planta de tabaco: contribui\u00e7\u00f5es para a mecaniza\u00e7\u00e3o da cultura<\/a><\/p><p><strong>Aluno<\/strong>: Jorge Luiz Rodrigues Marques<\/p><p><strong>Professor Orientador<\/strong>: Dr. Leonardo Nabaes Romano<\/p>\t\t\t\t\t\t<\/div>\n\t\t\t\t<\/div>\n\t\t\t\t\t<\/div>\n\t\t<\/div>\n\t\t\t\t\t<\/div>\n\t\t<\/section>\n\t\t\t\t<section class=\"elementor-section elementor-top-section elementor-element elementor-element-dde16e7 elementor-section-boxed elementor-section-height-default elementor-section-height-default\" data-id=\"dde16e7\" data-element_type=\"section\">\n\t\t\t\t\t\t<div class=\"elementor-container elementor-column-gap-default\">\n\t\t\t\t\t<div class=\"elementor-column elementor-col-100 elementor-top-column elementor-element elementor-element-e120d7b\" data-id=\"e120d7b\" data-element_type=\"column\">\n\t\t\t<div class=\"elementor-widget-wrap elementor-element-populated\">\n\t\t\t\t\t\t<div class=\"elementor-element elementor-element-5bc8a6c elementor-widget elementor-widget-text-editor\" data-id=\"5bc8a6c\" data-element_type=\"widget\" data-widget_type=\"text-editor.default\">\n\t\t\t\t<div class=\"elementor-widget-container\">\n\t\t\t\t\t\t\t<p><strong>T\u00edtulo<\/strong>: <a href=\"https:\/\/repositorio.ufsm.br\/handle\/1\/23719\" target=\"_blank\" rel=\"noopener\">Desenvolvimento e valida\u00e7\u00e3o de um dispositivo para monitoramento da qualidade da massa de gr\u00e3os de soja no transporte rodovi\u00e1rio<\/a><\/p><p><strong>Aluna<\/strong>: Lanes Beatriz Acosta Jaques<\/p><p><strong>Professor Orientador<\/strong>: Dr. Paulo Carteri Coradi<\/p>\t\t\t\t\t\t<\/div>\n\t\t\t\t<\/div>\n\t\t\t\t\t<\/div>\n\t\t<\/div>\n\t\t\t\t\t<\/div>\n\t\t<\/section>\n\t\t\t\t<section class=\"elementor-section elementor-top-section elementor-element elementor-element-80b0b92 elementor-section-boxed elementor-section-height-default elementor-section-height-default\" data-id=\"80b0b92\" data-element_type=\"section\">\n\t\t\t\t\t\t<div class=\"elementor-container elementor-column-gap-default\">\n\t\t\t\t\t<div class=\"elementor-column elementor-col-100 elementor-top-column elementor-element elementor-element-2698072\" data-id=\"2698072\" data-element_type=\"column\">\n\t\t\t<div class=\"elementor-widget-wrap elementor-element-populated\">\n\t\t\t\t\t\t<div class=\"elementor-element elementor-element-6109b38 elementor-widget elementor-widget-text-editor\" data-id=\"6109b38\" data-element_type=\"widget\" data-widget_type=\"text-editor.default\">\n\t\t\t\t<div class=\"elementor-widget-container\">\n\t\t\t\t\t\t\t<p><strong>T\u00edtulo<\/strong>: <a href=\"https:\/\/repositorio.ufsm.br\/handle\/1\/23759\" target=\"_blank\" rel=\"noopener\">Tend\u00eancias, agrupamentos e \u00edndices padronizado e de anomalia: uma an\u00e1lise da precipita\u00e7\u00e3o pluviom\u00e9trica no Rio Grande do Sul<\/a><\/p><p><strong>Aluna<\/strong>: Lueni Gon\u00e7alves Terra<\/p><p><strong>Professora Orientadora<\/strong>: Dr.\u00aa Mirta Teresinha Petry<\/p>\t\t\t\t\t\t<\/div>\n\t\t\t\t<\/div>\n\t\t\t\t\t<\/div>\n\t\t<\/div>\n\t\t\t\t\t<\/div>\n\t\t<\/section>\n\t\t\t\t<section class=\"elementor-section elementor-top-section elementor-element elementor-element-ececf2a elementor-section-boxed elementor-section-height-default elementor-section-height-default\" data-id=\"ececf2a\" data-element_type=\"section\">\n\t\t\t\t\t\t<div class=\"elementor-container elementor-column-gap-default\">\n\t\t\t\t\t<div class=\"elementor-column elementor-col-100 elementor-top-column elementor-element elementor-element-e5c4007\" data-id=\"e5c4007\" data-element_type=\"column\">\n\t\t\t<div class=\"elementor-widget-wrap elementor-element-populated\">\n\t\t\t\t\t\t<div class=\"elementor-element elementor-element-8d61df0 elementor-widget elementor-widget-text-editor\" data-id=\"8d61df0\" data-element_type=\"widget\" data-widget_type=\"text-editor.default\">\n\t\t\t\t<div class=\"elementor-widget-container\">\n\t\t\t\t\t\t\t<p><strong>T\u00edtulo<\/strong>: <a href=\"https:\/\/repositorio.ufsm.br\/handle\/1\/24094\" target=\"_blank\" rel=\"noopener\">Integra\u00e7\u00e3o de inseticidas biol\u00f3gicos e qu\u00edmicos e tecnologia de aplica\u00e7\u00e3o no controle de lagartas da soja<\/a><\/p><p><strong>Aluno<\/strong>: Luis Eduardo Curioletti<\/p><p><strong>Professor Orientador<\/strong>: Dr. Jerson V. Car\u00fas Guedes<\/p>\t\t\t\t\t\t<\/div>\n\t\t\t\t<\/div>\n\t\t\t\t\t<\/div>\n\t\t<\/div>\n\t\t\t\t\t<\/div>\n\t\t<\/section>\n\t\t\t\t<section class=\"elementor-section elementor-top-section elementor-element elementor-element-77e3715 elementor-section-boxed elementor-section-height-default elementor-section-height-default\" data-id=\"77e3715\" data-element_type=\"section\">\n\t\t\t\t\t\t<div class=\"elementor-container elementor-column-gap-default\">\n\t\t\t\t\t<div class=\"elementor-column elementor-col-100 elementor-top-column elementor-element elementor-element-fcb6ed2\" data-id=\"fcb6ed2\" data-element_type=\"column\">\n\t\t\t<div class=\"elementor-widget-wrap elementor-element-populated\">\n\t\t\t\t\t\t<div class=\"elementor-element elementor-element-a3135c5 elementor-widget elementor-widget-text-editor\" data-id=\"a3135c5\" data-element_type=\"widget\" data-widget_type=\"text-editor.default\">\n\t\t\t\t<div class=\"elementor-widget-container\">\n\t\t\t\t\t\t\t<p><strong>T\u00edtulo<\/strong>: <a href=\"https:\/\/repositorio.ufsm.br\/handle\/1\/23512\" target=\"_blank\" rel=\"noopener\">Desempenho e emiss\u00f5es de um motor agr\u00edcola ciclo Diesel utilizando misturas de \u00f3leo Diesel, biodiesel e etanol<\/a><\/p><p><strong>Aluno<\/strong>: Rovian Bertinatto<\/p><p><strong>Professor Orientador<\/strong>: Dr. Jos\u00e9 Fernando Schlosser<\/p>\t\t\t\t\t\t<\/div>\n\t\t\t\t<\/div>\n\t\t\t\t\t<\/div>\n\t\t<\/div>\n\t\t\t\t\t<\/div>\n\t\t<\/section>\n\t\t\t\t<section class=\"elementor-section elementor-top-section elementor-element elementor-element-af87baf elementor-section-boxed elementor-section-height-default elementor-section-height-default\" data-id=\"af87baf\" data-element_type=\"section\">\n\t\t\t\t\t\t<div class=\"elementor-container elementor-column-gap-default\">\n\t\t\t\t\t<div class=\"elementor-column elementor-col-100 elementor-top-column elementor-element elementor-element-45439cb\" data-id=\"45439cb\" data-element_type=\"column\">\n\t\t\t<div class=\"elementor-widget-wrap elementor-element-populated\">\n\t\t\t\t\t\t<div class=\"elementor-element elementor-element-18ae45e elementor-widget elementor-widget-text-editor\" data-id=\"18ae45e\" data-element_type=\"widget\" data-widget_type=\"text-editor.default\">\n\t\t\t\t<div class=\"elementor-widget-container\">\n\t\t\t\t\t\t\t<p><strong>T\u00edtulo<\/strong>: <a href=\"https:\/\/repositorio.ufsm.br\/handle\/1\/23534\" target=\"_blank\" rel=\"noopener\">Desenvolvimento de algoritmo para gest\u00e3o e an\u00e1lise da conformidade da seguran\u00e7a ocupacional em unidades armazenadoras de gr\u00e3os<\/a><\/p><p><strong>Aluna<\/strong>: Sabrina Dalla Corte Bellochio<\/p><p><strong>Professor Orientador<\/strong>: Dr. Paulo Carteri Coradi<\/p>\t\t\t\t\t\t<\/div>\n\t\t\t\t<\/div>\n\t\t\t\t\t<\/div>\n\t\t<\/div>\n\t\t\t\t\t<\/div>\n\t\t<\/section>\n\t\t\t\t<section class=\"elementor-section elementor-top-section elementor-element elementor-element-b7aaf8c elementor-section-boxed elementor-section-height-default elementor-section-height-default\" data-id=\"b7aaf8c\" data-element_type=\"section\">\n\t\t\t\t\t\t<div class=\"elementor-container elementor-column-gap-default\">\n\t\t\t\t\t<div class=\"elementor-column elementor-col-100 elementor-top-column elementor-element elementor-element-ff8723a\" data-id=\"ff8723a\" data-element_type=\"column\">\n\t\t\t<div class=\"elementor-widget-wrap elementor-element-populated\">\n\t\t\t\t\t\t<div class=\"elementor-element elementor-element-54ebcc3 elementor-widget elementor-widget-text-editor\" data-id=\"54ebcc3\" data-element_type=\"widget\" data-widget_type=\"text-editor.default\">\n\t\t\t\t<div class=\"elementor-widget-container\">\n\t\t\t\t\t\t\t<p><strong>T\u00edtulo<\/strong>: <a href=\"https:\/\/repositorio.ufsm.br\/handle\/1\/23571\" target=\"_blank\" rel=\"noopener\">Caracteriza\u00e7\u00e3o de extratos de Senecio brasiliensis e Solanum viarum obtidos por diferentes m\u00e9todos extrativos com aplicabilidade na agricultura<\/a><\/p><p><strong>Aluna<\/strong>: T\u00e1ssia Carla Confortin<\/p><p><strong>Professor Orientador<\/strong>: Dr. Marcus Vinicius Tres<\/p>\t\t\t\t\t\t<\/div>\n\t\t\t\t<\/div>\n\t\t\t\t\t<\/div>\n\t\t<\/div>\n\t\t\t\t\t<\/div>\n\t\t<\/section>\n\t\t\t\t<section class=\"elementor-section elementor-top-section elementor-element elementor-element-058bde8 elementor-section-boxed elementor-section-height-default elementor-section-height-default\" data-id=\"058bde8\" data-element_type=\"section\">\n\t\t\t\t\t\t<div class=\"elementor-container elementor-column-gap-default\">\n\t\t\t\t\t<div class=\"elementor-column elementor-col-100 elementor-top-column elementor-element elementor-element-5cd4324\" data-id=\"5cd4324\" data-element_type=\"column\">\n\t\t\t<div class=\"elementor-widget-wrap elementor-element-populated\">\n\t\t\t\t\t\t<div class=\"elementor-element elementor-element-b6d19fd elementor-widget elementor-widget-text-editor\" data-id=\"b6d19fd\" data-element_type=\"widget\" data-widget_type=\"text-editor.default\">\n\t\t\t\t<div class=\"elementor-widget-container\">\n\t\t\t\t\t\t\t<p><strong>T\u00edtulo<\/strong>: <a href=\"https:\/\/repositorio.ufsm.br\/handle\/1\/23343\" target=\"_blank\" rel=\"noopener\">Viabilidade t\u00e9cnica e econ\u00f4mica da produ\u00e7\u00e3o de forragem do capim sud\u00e3o irrigado por aspers\u00e3o convencional<\/a><\/p><p><strong>Aluno<\/strong>: Wellington Mezzomo<\/p><p><strong>Professora Orientadora<\/strong>: Dr.\u00aa Marcia Xavier Peiter<\/p>\t\t\t\t\t\t<\/div>\n\t\t\t\t<\/div>\n\t\t\t\t\t<\/div>\n\t\t<\/div>\n\t\t\t\t\t<\/div>\n\t\t<\/section>\n\t\t\t\t<\/div>\n\t\t","protected":false},"excerpt":{"rendered":"<p>T\u00edtulo: Aspectos ecossilviculturais em plantios de Monteverdia ilicifolia (Mart. ex Reissek) Biral e\u00a0 Bauhinia forficata Link Aluna: Aline Peccatti Professora Orientadora: Dr. \u00aa Ana Paula Moreira Rovedder T\u00edtulo: Rugosidade absoluta em tubula\u00e7\u00f5es utilizadas para distribui\u00e7\u00e3o de \u00e1gua Aluna: Bruna Dalcin Pimenta Professor Orientador: Dr. Adroaldo Dias Robaina T\u00edtulo: Estimativa da produ\u00e7\u00e3o da cultura do milho [&hellip;]<\/p>\n","protected":false},"author":871,"featured_media":0,"parent":0,"menu_order":0,"comment_status":"closed","ping_status":"closed","template":"","meta":{"footnotes":""},"categories":[],"tags":[],"class_list":["post-776","page","type-page","status-publish","hentry"],"acf":[],"_links":{"self":[{"href":"https:\/\/www.ufsm.br\/cursos\/pos-graduacao\/santa-maria\/ppgea\/wp-json\/wp\/v2\/pages\/776","targetHints":{"allow":["GET"]}}],"collection":[{"href":"https:\/\/www.ufsm.br\/cursos\/pos-graduacao\/santa-maria\/ppgea\/wp-json\/wp\/v2\/pages"}],"about":[{"href":"https:\/\/www.ufsm.br\/cursos\/pos-graduacao\/santa-maria\/ppgea\/wp-json\/wp\/v2\/types\/page"}],"author":[{"embeddable":true,"href":"https:\/\/www.ufsm.br\/cursos\/pos-graduacao\/santa-maria\/ppgea\/wp-json\/wp\/v2\/users\/871"}],"replies":[{"embeddable":true,"href":"https:\/\/www.ufsm.br\/cursos\/pos-graduacao\/santa-maria\/ppgea\/wp-json\/wp\/v2\/comments?post=776"}],"version-history":[{"count":0,"href":"https:\/\/www.ufsm.br\/cursos\/pos-graduacao\/santa-maria\/ppgea\/wp-json\/wp\/v2\/pages\/776\/revisions"}],"wp:attachment":[{"href":"https:\/\/www.ufsm.br\/cursos\/pos-graduacao\/santa-maria\/ppgea\/wp-json\/wp\/v2\/media?parent=776"}],"wp:term":[{"taxonomy":"category","embeddable":true,"href":"https:\/\/www.ufsm.br\/cursos\/pos-graduacao\/santa-maria\/ppgea\/wp-json\/wp\/v2\/categories?post=776"},{"taxonomy":"post_tag","embeddable":true,"href":"https:\/\/www.ufsm.br\/cursos\/pos-graduacao\/santa-maria\/ppgea\/wp-json\/wp\/v2\/tags?post=776"}],"curies":[{"name":"wp","href":"https:\/\/api.w.org\/{rel}","templated":true}]}}