{"id":825,"date":"2021-08-06T11:00:27","date_gmt":"2021-08-06T14:00:27","guid":{"rendered":"https:\/\/www.ufsm.br\/cursos\/pos-graduacao\/santa-maria\/ppgea\/?page_id=825"},"modified":"2021-08-06T11:17:51","modified_gmt":"2021-08-06T14:17:51","slug":"alteracao-de-plano-de-estudos","status":"publish","type":"page","link":"https:\/\/www.ufsm.br\/cursos\/pos-graduacao\/santa-maria\/ppgea\/alteracao-de-plano-de-estudos","title":{"rendered":"Altera\u00e7\u00e3o de Plano de Estudos"},"content":{"rendered":"\t\t<div data-elementor-type=\"wp-page\" data-elementor-id=\"825\" class=\"elementor elementor-825\">\n\t\t\t\t\t\t<section class=\"elementor-section elementor-top-section elementor-element elementor-element-2235eab elementor-section-boxed elementor-section-height-default elementor-section-height-default\" data-id=\"2235eab\" data-element_type=\"section\">\n\t\t\t\t\t\t<div class=\"elementor-container elementor-column-gap-default\">\n\t\t\t\t\t<div class=\"elementor-column elementor-col-100 elementor-top-column elementor-element elementor-element-b82c29f\" data-id=\"b82c29f\" data-element_type=\"column\">\n\t\t\t<div class=\"elementor-widget-wrap elementor-element-populated\">\n\t\t\t\t\t\t<div class=\"elementor-element elementor-element-4644a1b elementor-widget elementor-widget-text-editor\" data-id=\"4644a1b\" data-element_type=\"widget\" data-widget_type=\"text-editor.default\">\n\t\t\t\t<div class=\"elementor-widget-container\">\n\t\t\t\t\t\t\t<p>O (a) discente que desejar alterar o seu Plano de Estudos dever\u00e1 seguir o procedimento abaixo:<\/p><p>1) Preencher o &#8220;documento para altera\u00e7\u00e3o de Plano de Estudos&#8221; (dispon\u00edvel clicando <a href=\"https:\/\/www.ufsm.br\/cursos\/pos-graduacao\/santa-maria\/ppgea\/wp-content\/uploads\/sites\/548\/2020\/01\/AlteracaoPlanoEstudos.doc\" target=\"_blank\" rel=\"noopener\">aqui<\/a>). Salvar em formato pdf e enviar para a Secretaria do PPGEA por e-mail (ppgea@ufsm.br). N\u00e3o \u00e9 necess\u00e1rio assinar;<\/p><p>2) Realizar a altera\u00e7\u00e3o solicitada no Plano de Estudos (via Portal do Aluno) &#8211; para acesso ao Tutorial Elaborado pela Pr\u00f3-Reitoria de P\u00f3s-Gradua\u00e7\u00e3o e Pesquisa, clicar <a href=\"http:\/\/prpgp.ufsm.br\/images\/fomularios-diversos\/2013\/TUTORIAL%20-%20PLANO%20DE%20ESTUDOS.pdf\" target=\"_blank\" rel=\"noopener\">aqui<\/a>; e<\/p><p>3) Tramitar a altera\u00e7\u00e3o para o (a) orientador (a), que estando de acordo, tramitar\u00e1 para a Coordena\u00e7\u00e3o do PPGEA.<\/p><p>IMPORTANTE:<\/p><p>a) O Plano de Estudos s\u00f3 ser\u00e1 homologado pela Coordena\u00e7\u00e3o se o documento citado no passo 01 for enviado por e-mail. Enquanto o documento n\u00e3o \u00e9 enviado, o Plano de Estudos ficar\u00e1 na Caixa Postal; e<\/p><p>b) Para altera\u00e7\u00e3o de idioma de teste de sufici\u00eancia, utilizar o mesmo campo das disciplinas.<\/p>\t\t\t\t\t\t<\/div>\n\t\t\t\t<\/div>\n\t\t\t\t\t<\/div>\n\t\t<\/div>\n\t\t\t\t\t<\/div>\n\t\t<\/section>\n\t\t\t\t<\/div>\n\t\t","protected":false},"excerpt":{"rendered":"<p>O (a) discente que desejar alterar o seu Plano de Estudos dever\u00e1 seguir o procedimento abaixo: 1) Preencher o &#8220;documento para altera\u00e7\u00e3o de Plano de Estudos&#8221; (dispon\u00edvel clicando aqui). Salvar em formato pdf e enviar para a Secretaria do PPGEA por e-mail (ppgea@ufsm.br). N\u00e3o \u00e9 necess\u00e1rio assinar; 2) Realizar a altera\u00e7\u00e3o solicitada no Plano de [&hellip;]<\/p>\n","protected":false},"author":871,"featured_media":0,"parent":0,"menu_order":0,"comment_status":"closed","ping_status":"closed","template":"","meta":{"footnotes":""},"categories":[],"tags":[],"class_list":["post-825","page","type-page","status-publish","hentry"],"acf":[],"_links":{"self":[{"href":"https:\/\/www.ufsm.br\/cursos\/pos-graduacao\/santa-maria\/ppgea\/wp-json\/wp\/v2\/pages\/825","targetHints":{"allow":["GET"]}}],"collection":[{"href":"https:\/\/www.ufsm.br\/cursos\/pos-graduacao\/santa-maria\/ppgea\/wp-json\/wp\/v2\/pages"}],"about":[{"href":"https:\/\/www.ufsm.br\/cursos\/pos-graduacao\/santa-maria\/ppgea\/wp-json\/wp\/v2\/types\/page"}],"author":[{"embeddable":true,"href":"https:\/\/www.ufsm.br\/cursos\/pos-graduacao\/santa-maria\/ppgea\/wp-json\/wp\/v2\/users\/871"}],"replies":[{"embeddable":true,"href":"https:\/\/www.ufsm.br\/cursos\/pos-graduacao\/santa-maria\/ppgea\/wp-json\/wp\/v2\/comments?post=825"}],"version-history":[{"count":0,"href":"https:\/\/www.ufsm.br\/cursos\/pos-graduacao\/santa-maria\/ppgea\/wp-json\/wp\/v2\/pages\/825\/revisions"}],"wp:attachment":[{"href":"https:\/\/www.ufsm.br\/cursos\/pos-graduacao\/santa-maria\/ppgea\/wp-json\/wp\/v2\/media?parent=825"}],"wp:term":[{"taxonomy":"category","embeddable":true,"href":"https:\/\/www.ufsm.br\/cursos\/pos-graduacao\/santa-maria\/ppgea\/wp-json\/wp\/v2\/categories?post=825"},{"taxonomy":"post_tag","embeddable":true,"href":"https:\/\/www.ufsm.br\/cursos\/pos-graduacao\/santa-maria\/ppgea\/wp-json\/wp\/v2\/tags?post=825"}],"curies":[{"name":"wp","href":"https:\/\/api.w.org\/{rel}","templated":true}]}}