{"id":897,"date":"2021-09-15T10:30:37","date_gmt":"2021-09-15T13:30:37","guid":{"rendered":"https:\/\/www.ufsm.br\/cursos\/pos-graduacao\/santa-maria\/ppgea\/?page_id=897"},"modified":"2022-09-12T10:07:07","modified_gmt":"2022-09-12T13:07:07","slug":"documentacao-necessaria-para-emissao-do-diploma-de-mestrado","status":"publish","type":"page","link":"https:\/\/www.ufsm.br\/cursos\/pos-graduacao\/santa-maria\/ppgea\/documentacao-necessaria-para-emissao-do-diploma-de-mestrado","title":{"rendered":"Documenta\u00e7\u00e3o necess\u00e1ria para emiss\u00e3o do diploma de mestrado"},"content":{"rendered":"\t\t<div data-elementor-type=\"wp-page\" data-elementor-id=\"897\" class=\"elementor elementor-897\">\n\t\t\t\t\t\t<section class=\"elementor-section elementor-top-section elementor-element elementor-element-f1c5062 elementor-section-boxed elementor-section-height-default elementor-section-height-default\" data-id=\"f1c5062\" data-element_type=\"section\">\n\t\t\t\t\t\t<div class=\"elementor-container elementor-column-gap-default\">\n\t\t\t\t\t<div class=\"elementor-column elementor-col-100 elementor-top-column elementor-element elementor-element-8826170\" data-id=\"8826170\" data-element_type=\"column\">\n\t\t\t<div class=\"elementor-widget-wrap elementor-element-populated\">\n\t\t\t\t\t\t<div class=\"elementor-element elementor-element-b4b14b9 elementor-widget elementor-widget-text-editor\" data-id=\"b4b14b9\" data-element_type=\"widget\" data-widget_type=\"text-editor.default\">\n\t\t\t\t<div class=\"elementor-widget-container\">\n\t\t\t\t\t\t\t<p>Ap\u00f3s a realiza\u00e7\u00e3o da defesa e aprova\u00e7\u00e3o por parte da Comiss\u00e3o Examinadora, o (a) discente dever\u00e1 cumprir os seguintes requisitos p\u00f3s-defesa para que seja solicitada a emiss\u00e3o do diploma. Parte da documenta\u00e7\u00e3o dever\u00e1 ser enviada por e-mail (ppgea@ufsm.br) e o documento final (disserta\u00e7\u00e3o) dever\u00e1 ser enviado via Processo Eletr\u00f4nico Nacional (PEN) \u2013 juntamente com a \u201cAutoriza\u00e7\u00e3o de publica\u00e7\u00e3o da disserta\u00e7\u00e3o na Biblioteca Central\u201d.<\/p><p>A solicita\u00e7\u00e3o de emiss\u00e3o de diploma s\u00f3 ser\u00e1 enviada a Pr\u00f3-Reitoria de P\u00f3s-Gradua\u00e7\u00e3o e Pesquisa (PRPGP) quando toda a documenta\u00e7\u00e3o for entregue corretamente. A falta de qualquer documento ser\u00e1 impeditiva para a emiss\u00e3o do diploma.<\/p>\t\t\t\t\t\t<\/div>\n\t\t\t\t<\/div>\n\t\t\t\t\t<\/div>\n\t\t<\/div>\n\t\t\t\t\t<\/div>\n\t\t<\/section>\n\t\t\t\t<section class=\"elementor-section elementor-top-section elementor-element elementor-element-92d3cbc elementor-section-boxed elementor-section-height-default elementor-section-height-default\" data-id=\"92d3cbc\" data-element_type=\"section\">\n\t\t\t\t\t\t<div class=\"elementor-container elementor-column-gap-default\">\n\t\t\t\t\t<div class=\"elementor-column elementor-col-100 elementor-top-column elementor-element elementor-element-1d6b43c\" data-id=\"1d6b43c\" data-element_type=\"column\">\n\t\t\t<div class=\"elementor-widget-wrap elementor-element-populated\">\n\t\t\t\t\t\t<div class=\"elementor-element elementor-element-3c9bdd6 elementor-widget elementor-widget-text-editor\" data-id=\"3c9bdd6\" data-element_type=\"widget\" data-widget_type=\"text-editor.default\">\n\t\t\t\t<div class=\"elementor-widget-container\">\n\t\t\t\t\t\t\t<div class=\"elementor-text-editor elementor-clearfix\"><p><strong>1)<\/strong> Trabalho final (disserta\u00e7\u00e3o) em formato pdf.<\/p><p>Dever\u00e1 ser enviado ao PPGEA via PEN. O tutorial est\u00e1 dispon\u00edvel clicando\u00a0<a href=\"https:\/\/www.ufsm.br\/orgaos-suplementares\/dag\/pen\/apoio-ao-usuario\/tutorial-ato-de-entrega-de-mdt\/\" target=\"_blank\" rel=\"noopener\">aqui<\/a>.\u00a0<\/p><p>N\u00e3o \u00e9 obrigat\u00f3rio ter as assinaturas na folha de aprova\u00e7\u00e3o.<\/p><\/div><p>A ficha catalogr\u00e1fica da disserta\u00e7\u00e3o \u00e9 emitida diretamente no <a href=\"http:\/\/w3.ufsm.br\/biblioteca\/ficha-catalografica\/\" target=\"_blank\" rel=\"noopener\" data-saferedirecturl=\"https:\/\/www.google.com\/url?q=http:\/\/w3.ufsm.br\/biblioteca\/ficha-catalografica\/&amp;source=gmail&amp;ust=1631647547577000&amp;usg=AFQjCNGQJd2p0xsr9SfKMyVCvJfiXaCnFA\">site da Biblioteca Central da UFSM<\/a>.\u00a0<\/p>\t\t\t\t\t\t<\/div>\n\t\t\t\t<\/div>\n\t\t\t\t\t<\/div>\n\t\t<\/div>\n\t\t\t\t\t<\/div>\n\t\t<\/section>\n\t\t\t\t<section class=\"elementor-section elementor-top-section elementor-element elementor-element-c75a57d elementor-section-boxed elementor-section-height-default elementor-section-height-default\" data-id=\"c75a57d\" data-element_type=\"section\">\n\t\t\t\t\t\t<div class=\"elementor-container elementor-column-gap-default\">\n\t\t\t\t\t<div class=\"elementor-column elementor-col-100 elementor-top-column elementor-element elementor-element-447463f\" data-id=\"447463f\" data-element_type=\"column\">\n\t\t\t<div class=\"elementor-widget-wrap elementor-element-populated\">\n\t\t\t\t\t\t<div class=\"elementor-element elementor-element-f1e412e elementor-widget elementor-widget-text-editor\" data-id=\"f1e412e\" data-element_type=\"widget\" data-widget_type=\"text-editor.default\">\n\t\t\t\t<div class=\"elementor-widget-container\">\n\t\t\t\t\t\t\t<p><strong>2)<\/strong> Autoriza\u00e7\u00e3o de publica\u00e7\u00e3o da disserta\u00e7\u00e3o na Biblioteca Central \u2013 encaminhada via e-mail pela Secretaria do Programa ap\u00f3s o envio das informa\u00e7\u00f5es referentes a defesa pelo (a) professor (a) orientador (a).\u00a0<\/p><p>Esta autoriza\u00e7\u00e3o dever\u00e1 ser\u00e1 ser anexada no mesmo PEN no qual o trabalho final \u00e9 encaminhado.<\/p><p>Caso a Comiss\u00e3o Examinadora tenha sugerido a altera\u00e7\u00e3o do t\u00edtulo, no documento enviado pela Secretaria por e-mail, o (a) discente dever\u00e1 fazer a atualiza\u00e7\u00e3o do t\u00edtulo.<\/p><p>A autoriza\u00e7\u00e3o \u00e9 gerada pelo portal e emitida com o t\u00edtulo utilizado na abertura do processo de defesa e, por isso, \u00e9 necess\u00e1rio que o (a) discente fa\u00e7a a atualiza\u00e7\u00e3o do t\u00edtulo caso tenha sido sugerido pela Comiss\u00e3o Examinadora.<\/p>\t\t\t\t\t\t<\/div>\n\t\t\t\t<\/div>\n\t\t\t\t\t<\/div>\n\t\t<\/div>\n\t\t\t\t\t<\/div>\n\t\t<\/section>\n\t\t\t\t<section class=\"elementor-section elementor-top-section elementor-element elementor-element-ad01c38 elementor-section-boxed elementor-section-height-default elementor-section-height-default\" data-id=\"ad01c38\" data-element_type=\"section\">\n\t\t\t\t\t\t<div class=\"elementor-container elementor-column-gap-default\">\n\t\t\t\t\t<div class=\"elementor-column elementor-col-100 elementor-top-column elementor-element elementor-element-fd1b6b8\" data-id=\"fd1b6b8\" data-element_type=\"column\">\n\t\t\t<div class=\"elementor-widget-wrap elementor-element-populated\">\n\t\t\t\t\t\t<div class=\"elementor-element elementor-element-5810ec1 elementor-widget elementor-widget-image\" data-id=\"5810ec1\" data-element_type=\"widget\" data-widget_type=\"image.default\">\n\t\t\t\t<div class=\"elementor-widget-container\">\n\t\t\t\t\t\t\t\t\t\t\t\t\t<img fetchpriority=\"high\" decoding=\"async\" width=\"797\" height=\"471\" src=\"https:\/\/www.ufsm.br\/app\/uploads\/sites\/548\/2021\/09\/AutorizacaoPublicacao.jpg\" class=\"attachment-large size-large wp-image-900\" alt=\"\" srcset=\"https:\/\/www.ufsm.br\/app\/uploads\/sites\/548\/2021\/09\/AutorizacaoPublicacao.jpg 797w, https:\/\/www.ufsm.br\/app\/uploads\/sites\/548\/2021\/09\/AutorizacaoPublicacao-300x177.jpg 300w, https:\/\/www.ufsm.br\/app\/uploads\/sites\/548\/2021\/09\/AutorizacaoPublicacao-768x454.jpg 768w\" sizes=\"(max-width: 797px) 100vw, 797px\" \/>\t\t\t\t\t\t\t\t\t\t\t\t\t<\/div>\n\t\t\t\t<\/div>\n\t\t\t\t\t<\/div>\n\t\t<\/div>\n\t\t\t\t\t<\/div>\n\t\t<\/section>\n\t\t\t\t<section class=\"elementor-section elementor-top-section elementor-element elementor-element-a1fa2e9 elementor-section-boxed elementor-section-height-default elementor-section-height-default\" data-id=\"a1fa2e9\" data-element_type=\"section\">\n\t\t\t\t\t\t<div class=\"elementor-container elementor-column-gap-default\">\n\t\t\t\t\t<div class=\"elementor-column elementor-col-100 elementor-top-column elementor-element elementor-element-fbb7f67\" data-id=\"fbb7f67\" data-element_type=\"column\">\n\t\t\t<div class=\"elementor-widget-wrap elementor-element-populated\">\n\t\t\t\t\t\t<div class=\"elementor-element elementor-element-cd054d2 elementor-widget elementor-widget-text-editor\" data-id=\"cd054d2\" data-element_type=\"widget\" data-widget_type=\"text-editor.default\">\n\t\t\t\t<div class=\"elementor-widget-container\">\n\t\t\t\t\t\t\t<p>Ainda no documento &#8220;Autoriza\u00e7\u00e3o para libera\u00e7\u00e3o online&#8221;, no campo &#8220;Especifica\u00e7\u00f5es para libera\u00e7\u00e3o do documento online&#8221;, dever\u00e1 ser assinalada a op\u00e7\u00e3o &#8220;libera\u00e7\u00e3o imediata&#8221;, exceto nos casos em que a defesa foi fechada (conforme indica\u00e7\u00e3o na solicita\u00e7\u00e3o de abertura do processo de defesa).<\/p><p>Caso a solicita\u00e7\u00e3o de patente for requerida ap\u00f3s a defesa, o (a) orientador (a) dever\u00e1 entrar em contato com o PPGEA (ppgea@ufsm.br) com esta informa\u00e7\u00e3o.<\/p>\t\t\t\t\t\t<\/div>\n\t\t\t\t<\/div>\n\t\t\t\t\t<\/div>\n\t\t<\/div>\n\t\t\t\t\t<\/div>\n\t\t<\/section>\n\t\t\t\t<section class=\"elementor-section elementor-top-section elementor-element elementor-element-9e1f995 elementor-section-boxed elementor-section-height-default elementor-section-height-default\" data-id=\"9e1f995\" data-element_type=\"section\">\n\t\t\t\t\t\t<div class=\"elementor-container elementor-column-gap-default\">\n\t\t\t\t\t<div class=\"elementor-column elementor-col-100 elementor-top-column elementor-element elementor-element-cea1331\" data-id=\"cea1331\" data-element_type=\"column\">\n\t\t\t<div class=\"elementor-widget-wrap elementor-element-populated\">\n\t\t\t\t\t\t<div class=\"elementor-element elementor-element-365e7ac elementor-widget elementor-widget-image\" data-id=\"365e7ac\" data-element_type=\"widget\" data-widget_type=\"image.default\">\n\t\t\t\t<div class=\"elementor-widget-container\">\n\t\t\t\t\t\t\t\t\t\t\t\t\t<img decoding=\"async\" width=\"760\" height=\"170\" src=\"https:\/\/www.ufsm.br\/app\/uploads\/sites\/548\/2021\/09\/AutorizacaoPublicacao2.jpg\" class=\"attachment-large size-large wp-image-901\" alt=\"\" srcset=\"https:\/\/www.ufsm.br\/app\/uploads\/sites\/548\/2021\/09\/AutorizacaoPublicacao2.jpg 760w, https:\/\/www.ufsm.br\/app\/uploads\/sites\/548\/2021\/09\/AutorizacaoPublicacao2-300x67.jpg 300w\" sizes=\"(max-width: 760px) 100vw, 760px\" \/>\t\t\t\t\t\t\t\t\t\t\t\t\t<\/div>\n\t\t\t\t<\/div>\n\t\t\t\t\t<\/div>\n\t\t<\/div>\n\t\t\t\t\t<\/div>\n\t\t<\/section>\n\t\t\t\t<section class=\"elementor-section elementor-top-section elementor-element elementor-element-5b0437a elementor-section-boxed elementor-section-height-default elementor-section-height-default\" data-id=\"5b0437a\" data-element_type=\"section\">\n\t\t\t\t\t\t<div class=\"elementor-container elementor-column-gap-default\">\n\t\t\t\t\t<div class=\"elementor-column elementor-col-100 elementor-top-column elementor-element elementor-element-3b3d3ff\" data-id=\"3b3d3ff\" data-element_type=\"column\">\n\t\t\t<div class=\"elementor-widget-wrap elementor-element-populated\">\n\t\t\t\t\t\t<div class=\"elementor-element elementor-element-2413d28 elementor-widget elementor-widget-text-editor\" data-id=\"2413d28\" data-element_type=\"widget\" data-widget_type=\"text-editor.default\">\n\t\t\t\t<div class=\"elementor-widget-container\">\n\t\t\t\t\t\t\t<p>Os documentos seguintes dever\u00e3o ser encaminhados por e-mail para o (a) professor (a) orientador (a); que, estando de acordo, dever\u00e1 encaminhar o e-mail para a Secretaria (ppgea@ufsm.br).\u00a0<\/p><p><strong>3)<\/strong> C\u00f3pia do comprovante de submiss\u00e3o de um artigo cient\u00edfico em peri\u00f3dico listado no <a href=\"https:\/\/sucupira.capes.gov.br\/sucupira\/public\/consultas\/coleta\/veiculoPublicacaoQualis\/listaConsultaGeralPeriodicos.jsf\" target=\"_blank\" rel=\"noopener\">Qualis Capes<\/a> (Ci\u00eancia Agr\u00e1ria I) em vigor. Pode ser carta emitida pelo peri\u00f3dico, <em>print<\/em> da tela do sistema de submiss\u00e3o ou e-mail recebido. Caso o (a) discente j\u00e1 tenha o artigo publicado, este documento \u00e9 dispens\u00e1vel;<\/p><p><strong>4)<\/strong> C\u00f3pia do artigo submetido ou publicado;<\/p><p><strong>5)<\/strong>\u00a0Declara\u00e7\u00e3o do (a) orientador (a) \u2013 dispon\u00edvel clicando\u00a0<a href=\"https:\/\/www.ufsm.br\/cursos\/pos-graduacao\/santa-maria\/ppgea\/wp-content\/uploads\/sites\/548\/2019\/01\/10.doc\" target=\"_blank\" rel=\"noopener\">aqui<\/a>.\u00a0<\/p><p>Como o documento ser\u00e1 encaminhado por e-mail pelo (a) professor (a) orientador (a), a assinatura \u00e9 dispens\u00e1vel.<\/p><p><strong>6)<\/strong>\u00a0Documento \u201cInforma\u00e7\u00f5es de titula\u00e7\u00e3o \u2013 Plataforma Sucupira\u201d em formato pdf \u2013 dispon\u00edvel clicando\u00a0<a href=\"https:\/\/www.ufsm.br\/cursos\/pos-graduacao\/santa-maria\/ppgea\/wp-content\/uploads\/sites\/548\/2019\/01\/TitulaoColetaCapes_setembro2018.doc\" target=\"_blank\" rel=\"noopener\">aqui<\/a>.<\/p><p><strong>7)\u00a0Apenas para casos que o (a) discente tenha urg\u00eancia na emiss\u00e3o do diploma<\/strong>.<\/p><p>Documento \u201cSolicita\u00e7\u00e3o de urg\u00eancia para emiss\u00e3o do diploma \u00e0 Coordena\u00e7\u00e3o do PPG\u201d em formato pdf \u2013 dispon\u00edvel clicando\u00a0<a href=\"https:\/\/www.ufsm.br\/cursos\/pos-graduacao\/santa-maria\/ppgea\/wp-content\/uploads\/sites\/548\/2019\/01\/FormulariourgenciadiplomaNOVO2016.doc\" target=\"_blank\" rel=\"noopener\">aqui<\/a>.<\/p><p>A urg\u00eancia na emiss\u00e3o do diploma deve ser comprovada mediante a entrega de documentos. Ingresso em Programas de P\u00f3s-Gradua\u00e7\u00e3o na pr\u00f3pria UFSM n\u00e3o \u00e9 considerado urg\u00eancia.\u00a0<\/p><p>Ap\u00f3s o envio de todos os documentos supracitados, o processo seguir\u00e1 para a PRPGP\u00a0 e em aproximadamente trinta dias o diploma estar\u00e1 dispon\u00edvel para retirada no Pr\u00e9dio 48D. D\u00favidas referentes \u00e0 emiss\u00e3o do diploma devem ser sanadas por meio do e-mail academico.prpgp@ufsm.br .<\/p>\t\t\t\t\t\t<\/div>\n\t\t\t\t<\/div>\n\t\t\t\t\t<\/div>\n\t\t<\/div>\n\t\t\t\t\t<\/div>\n\t\t<\/section>\n\t\t\t\t<\/div>\n\t\t","protected":false},"excerpt":{"rendered":"<p>Ap\u00f3s a realiza\u00e7\u00e3o da defesa e aprova\u00e7\u00e3o por parte da Comiss\u00e3o Examinadora, o (a) discente dever\u00e1 cumprir os seguintes requisitos p\u00f3s-defesa para que seja solicitada a emiss\u00e3o do diploma. Parte da documenta\u00e7\u00e3o dever\u00e1 ser enviada por e-mail (ppgea@ufsm.br) e o documento final (disserta\u00e7\u00e3o) dever\u00e1 ser enviado via Processo Eletr\u00f4nico Nacional (PEN) \u2013 juntamente com a [&hellip;]<\/p>\n","protected":false},"author":871,"featured_media":0,"parent":0,"menu_order":0,"comment_status":"closed","ping_status":"closed","template":"","meta":{"footnotes":""},"categories":[],"tags":[],"class_list":["post-897","page","type-page","status-publish","hentry"],"acf":[],"_links":{"self":[{"href":"https:\/\/www.ufsm.br\/cursos\/pos-graduacao\/santa-maria\/ppgea\/wp-json\/wp\/v2\/pages\/897","targetHints":{"allow":["GET"]}}],"collection":[{"href":"https:\/\/www.ufsm.br\/cursos\/pos-graduacao\/santa-maria\/ppgea\/wp-json\/wp\/v2\/pages"}],"about":[{"href":"https:\/\/www.ufsm.br\/cursos\/pos-graduacao\/santa-maria\/ppgea\/wp-json\/wp\/v2\/types\/page"}],"author":[{"embeddable":true,"href":"https:\/\/www.ufsm.br\/cursos\/pos-graduacao\/santa-maria\/ppgea\/wp-json\/wp\/v2\/users\/871"}],"replies":[{"embeddable":true,"href":"https:\/\/www.ufsm.br\/cursos\/pos-graduacao\/santa-maria\/ppgea\/wp-json\/wp\/v2\/comments?post=897"}],"version-history":[{"count":0,"href":"https:\/\/www.ufsm.br\/cursos\/pos-graduacao\/santa-maria\/ppgea\/wp-json\/wp\/v2\/pages\/897\/revisions"}],"wp:attachment":[{"href":"https:\/\/www.ufsm.br\/cursos\/pos-graduacao\/santa-maria\/ppgea\/wp-json\/wp\/v2\/media?parent=897"}],"wp:term":[{"taxonomy":"category","embeddable":true,"href":"https:\/\/www.ufsm.br\/cursos\/pos-graduacao\/santa-maria\/ppgea\/wp-json\/wp\/v2\/categories?post=897"},{"taxonomy":"post_tag","embeddable":true,"href":"https:\/\/www.ufsm.br\/cursos\/pos-graduacao\/santa-maria\/ppgea\/wp-json\/wp\/v2\/tags?post=897"}],"curies":[{"name":"wp","href":"https:\/\/api.w.org\/{rel}","templated":true}]}}