{"id":898,"date":"2021-09-15T10:31:30","date_gmt":"2021-09-15T13:31:30","guid":{"rendered":"https:\/\/www.ufsm.br\/cursos\/pos-graduacao\/santa-maria\/ppgea\/?page_id=898"},"modified":"2022-09-12T09:57:58","modified_gmt":"2022-09-12T12:57:58","slug":"documentacao-necessaria-para-emissao-do-diploma-de-doutorado","status":"publish","type":"page","link":"https:\/\/www.ufsm.br\/cursos\/pos-graduacao\/santa-maria\/ppgea\/documentacao-necessaria-para-emissao-do-diploma-de-doutorado","title":{"rendered":"Documenta\u00e7\u00e3o necess\u00e1ria para emiss\u00e3o do diploma de doutorado"},"content":{"rendered":"\t\t<div data-elementor-type=\"wp-page\" data-elementor-id=\"898\" class=\"elementor elementor-898\">\n\t\t\t\t\t\t<section class=\"elementor-section elementor-top-section elementor-element elementor-element-91b3120 elementor-section-boxed elementor-section-height-default elementor-section-height-default\" data-id=\"91b3120\" data-element_type=\"section\">\n\t\t\t\t\t\t<div class=\"elementor-container elementor-column-gap-default\">\n\t\t\t\t\t<div class=\"elementor-column elementor-col-100 elementor-top-column elementor-element elementor-element-f7ffd53\" data-id=\"f7ffd53\" data-element_type=\"column\">\n\t\t\t<div class=\"elementor-widget-wrap elementor-element-populated\">\n\t\t\t\t\t\t<div class=\"elementor-element elementor-element-ea84851 elementor-widget elementor-widget-text-editor\" data-id=\"ea84851\" data-element_type=\"widget\" data-widget_type=\"text-editor.default\">\n\t\t\t\t<div class=\"elementor-widget-container\">\n\t\t\t\t\t\t\t<p>Ap\u00f3s a realiza\u00e7\u00e3o da defesa e aprova\u00e7\u00e3o por parte da Comiss\u00e3o Examinadora, o (a) discente dever\u00e1 cumprir os seguintes requisitos p\u00f3s-defesa para que seja solicitada a emiss\u00e3o do diploma. Parte da documenta\u00e7\u00e3o dever\u00e1 ser enviada por e-mail (ppgea@ufsm.br) e o documento final (tese) dever\u00e1 ser enviado via Processo Eletr\u00f4nico Nacional (PEN) &#8211; juntamente com a &#8220;Autoriza\u00e7\u00e3o de publica\u00e7\u00e3o da tese na Biblioteca Central&#8221;.<\/p><p>A solicita\u00e7\u00e3o de emiss\u00e3o de diploma s\u00f3 ser\u00e1 enviada a Pr\u00f3-Reitoria de P\u00f3s-Gradua\u00e7\u00e3o e Pesquisa (PRPGP) quando toda a documenta\u00e7\u00e3o for entregue corretamente. A falta de qualquer documento ser\u00e1 impeditiva para a emiss\u00e3o do diploma.<\/p>\t\t\t\t\t\t<\/div>\n\t\t\t\t<\/div>\n\t\t\t\t\t<\/div>\n\t\t<\/div>\n\t\t\t\t\t<\/div>\n\t\t<\/section>\n\t\t\t\t<section class=\"elementor-section elementor-top-section elementor-element elementor-element-82c2d94 elementor-section-boxed elementor-section-height-default elementor-section-height-default\" data-id=\"82c2d94\" data-element_type=\"section\">\n\t\t\t\t\t\t<div class=\"elementor-container elementor-column-gap-default\">\n\t\t\t\t\t<div class=\"elementor-column elementor-col-100 elementor-top-column elementor-element elementor-element-8cd7ea4\" data-id=\"8cd7ea4\" data-element_type=\"column\">\n\t\t\t<div class=\"elementor-widget-wrap elementor-element-populated\">\n\t\t\t\t\t\t<div class=\"elementor-element elementor-element-c424d79 elementor-widget elementor-widget-text-editor\" data-id=\"c424d79\" data-element_type=\"widget\" data-widget_type=\"text-editor.default\">\n\t\t\t\t<div class=\"elementor-widget-container\">\n\t\t\t\t\t\t\t<section class=\"elementor-section elementor-top-section elementor-element elementor-element-92d3cbc elementor-section-boxed elementor-section-height-default elementor-section-height-default\" data-id=\"92d3cbc\" data-element_type=\"section\"><div class=\"elementor-container elementor-column-gap-default\"><div class=\"elementor-row\"><div class=\"elementor-column elementor-col-100 elementor-top-column elementor-element elementor-element-1d6b43c\" data-id=\"1d6b43c\" data-element_type=\"column\"><div class=\"elementor-column-wrap elementor-element-populated\"><div class=\"elementor-widget-wrap\"><div class=\"elementor-element elementor-element-3c9bdd6 elementor-widget elementor-widget-text-editor\" data-id=\"3c9bdd6\" data-element_type=\"widget\" data-widget_type=\"text-editor.default\"><div class=\"elementor-widget-container\"><div class=\"elementor-text-editor elementor-clearfix\"><p><strong>1)<\/strong> Trabalho final (tese) em formato pdf.<\/p><p>Dever\u00e1 ser enviado ao PPGEA via PEN. O tutorial est\u00e1 dispon\u00edvel clicando <a href=\"https:\/\/www.ufsm.br\/orgaos-suplementares\/dag\/pen\/apoio-ao-usuario\/tutorial-ato-de-entrega-de-mdt\/\" target=\"_blank\" rel=\"noopener\">aqui<\/a>.\u00a0<\/p><p>N\u00e3o \u00e9 obrigat\u00f3rio ter as assinaturas na folha de aprova\u00e7\u00e3o.<\/p><\/div><p>A ficha catalogr\u00e1fica da tese \u00e9 emitida diretamente no <a href=\"http:\/\/w3.ufsm.br\/biblioteca\/ficha-catalografica\/\" target=\"_blank\" rel=\"noopener\" data-saferedirecturl=\"https:\/\/www.google.com\/url?q=http:\/\/w3.ufsm.br\/biblioteca\/ficha-catalografica\/&amp;source=gmail&amp;ust=1631647547577000&amp;usg=AFQjCNGQJd2p0xsr9SfKMyVCvJfiXaCnFA\">site da Biblioteca Central da UFSM<\/a>.\u00a0<\/p><\/div><\/div><\/div><\/div><\/div><\/div><\/div><\/section>\t\t\t\t\t\t<\/div>\n\t\t\t\t<\/div>\n\t\t\t\t\t<\/div>\n\t\t<\/div>\n\t\t\t\t\t<\/div>\n\t\t<\/section>\n\t\t\t\t<section class=\"elementor-section elementor-top-section elementor-element elementor-element-f0d320c elementor-section-boxed elementor-section-height-default elementor-section-height-default\" data-id=\"f0d320c\" data-element_type=\"section\">\n\t\t\t\t\t\t<div class=\"elementor-container elementor-column-gap-default\">\n\t\t\t\t\t<div class=\"elementor-column elementor-col-100 elementor-top-column elementor-element elementor-element-c2c8252\" data-id=\"c2c8252\" data-element_type=\"column\">\n\t\t\t<div class=\"elementor-widget-wrap elementor-element-populated\">\n\t\t\t\t\t\t<div class=\"elementor-element elementor-element-f4bc078 elementor-widget elementor-widget-text-editor\" data-id=\"f4bc078\" data-element_type=\"widget\" data-widget_type=\"text-editor.default\">\n\t\t\t\t<div class=\"elementor-widget-container\">\n\t\t\t\t\t\t\t<p><strong>2)<\/strong> Autoriza\u00e7\u00e3o de publica\u00e7\u00e3o da tese na Biblioteca Central \u2013 encaminhada via e-mail pela Secretaria do Programa ap\u00f3s o envio das informa\u00e7\u00f5es referentes a defesa pelo (a) professor (a) orientador (a).\u00a0<\/p><p>Esta autoriza\u00e7\u00e3o dever\u00e1 ser\u00e1 ser anexada no mesmo PEN no qual o trabalho final \u00e9 encaminhado.<\/p><p>Caso a Comiss\u00e3o Examinadora tenha sugerido a altera\u00e7\u00e3o do t\u00edtulo, no documento enviado pela Secretaria por e-mail, o (a) discente dever\u00e1 fazer a atualiza\u00e7\u00e3o do t\u00edtulo.<\/p><p>A autoriza\u00e7\u00e3o \u00e9 gerada pelo portal e emitida com o t\u00edtulo utilizado na abertura do processo de defesa e, por isso, \u00e9 necess\u00e1rio que o (a) discente fa\u00e7a a atualiza\u00e7\u00e3o do t\u00edtulo caso tenha sido sugerido pela Comiss\u00e3o Examinadora.<\/p>\t\t\t\t\t\t<\/div>\n\t\t\t\t<\/div>\n\t\t\t\t\t<\/div>\n\t\t<\/div>\n\t\t\t\t\t<\/div>\n\t\t<\/section>\n\t\t\t\t<section class=\"elementor-section elementor-top-section elementor-element elementor-element-97c3c3f elementor-section-boxed elementor-section-height-default elementor-section-height-default\" data-id=\"97c3c3f\" data-element_type=\"section\">\n\t\t\t\t\t\t<div class=\"elementor-container elementor-column-gap-default\">\n\t\t\t\t\t<div class=\"elementor-column elementor-col-100 elementor-top-column elementor-element elementor-element-dd2e151\" data-id=\"dd2e151\" data-element_type=\"column\">\n\t\t\t<div class=\"elementor-widget-wrap elementor-element-populated\">\n\t\t\t\t\t\t<div class=\"elementor-element elementor-element-34644cf elementor-widget elementor-widget-image\" data-id=\"34644cf\" data-element_type=\"widget\" data-widget_type=\"image.default\">\n\t\t\t\t<div class=\"elementor-widget-container\">\n\t\t\t\t\t\t\t\t\t\t\t\t\t<img fetchpriority=\"high\" decoding=\"async\" width=\"797\" height=\"471\" src=\"https:\/\/www.ufsm.br\/app\/uploads\/sites\/548\/2021\/09\/AutorizacaoPublicacao.jpg\" class=\"attachment-large size-large wp-image-900\" alt=\"\" srcset=\"https:\/\/www.ufsm.br\/app\/uploads\/sites\/548\/2021\/09\/AutorizacaoPublicacao.jpg 797w, https:\/\/www.ufsm.br\/app\/uploads\/sites\/548\/2021\/09\/AutorizacaoPublicacao-300x177.jpg 300w, https:\/\/www.ufsm.br\/app\/uploads\/sites\/548\/2021\/09\/AutorizacaoPublicacao-768x454.jpg 768w\" sizes=\"(max-width: 797px) 100vw, 797px\" \/>\t\t\t\t\t\t\t\t\t\t\t\t\t<\/div>\n\t\t\t\t<\/div>\n\t\t\t\t\t<\/div>\n\t\t<\/div>\n\t\t\t\t\t<\/div>\n\t\t<\/section>\n\t\t\t\t<section class=\"elementor-section elementor-top-section elementor-element elementor-element-a844b42 elementor-section-boxed elementor-section-height-default elementor-section-height-default\" data-id=\"a844b42\" data-element_type=\"section\">\n\t\t\t\t\t\t<div class=\"elementor-container elementor-column-gap-default\">\n\t\t\t\t\t<div class=\"elementor-column elementor-col-100 elementor-top-column elementor-element elementor-element-c34e679\" data-id=\"c34e679\" data-element_type=\"column\">\n\t\t\t<div class=\"elementor-widget-wrap elementor-element-populated\">\n\t\t\t\t\t\t<div class=\"elementor-element elementor-element-a969a18 elementor-widget elementor-widget-text-editor\" data-id=\"a969a18\" data-element_type=\"widget\" data-widget_type=\"text-editor.default\">\n\t\t\t\t<div class=\"elementor-widget-container\">\n\t\t\t\t\t\t\t<p>Ainda no documento \u201cAutoriza\u00e7\u00e3o para libera\u00e7\u00e3o online\u201d, no campo \u201cEspecifica\u00e7\u00f5es para libera\u00e7\u00e3o do documento online\u201d, dever\u00e1 ser assinalada a op\u00e7\u00e3o \u201clibera\u00e7\u00e3o imediata\u201d, exceto nos casos em que a defesa foi fechada (conforme indica\u00e7\u00e3o na solicita\u00e7\u00e3o de abertura do processo de defesa).<\/p>\t\t\t\t\t\t<\/div>\n\t\t\t\t<\/div>\n\t\t\t\t\t<\/div>\n\t\t<\/div>\n\t\t\t\t\t<\/div>\n\t\t<\/section>\n\t\t\t\t<section class=\"elementor-section elementor-top-section elementor-element elementor-element-b3c1fa2 elementor-section-boxed elementor-section-height-default elementor-section-height-default\" data-id=\"b3c1fa2\" data-element_type=\"section\">\n\t\t\t\t\t\t<div class=\"elementor-container elementor-column-gap-default\">\n\t\t\t\t\t<div class=\"elementor-column elementor-col-100 elementor-top-column elementor-element elementor-element-3da4fb4\" data-id=\"3da4fb4\" data-element_type=\"column\">\n\t\t\t<div class=\"elementor-widget-wrap elementor-element-populated\">\n\t\t\t\t\t\t<div class=\"elementor-element elementor-element-6da04dc elementor-widget elementor-widget-image\" data-id=\"6da04dc\" data-element_type=\"widget\" data-widget_type=\"image.default\">\n\t\t\t\t<div class=\"elementor-widget-container\">\n\t\t\t\t\t\t\t\t\t\t\t\t\t<img decoding=\"async\" src=\"https:\/\/www.ufsm.br\/app\/uploads\/sites\/548\/2021\/09\/AutorizacaoPublicacao2.jpg\" title=\"\" alt=\"\" loading=\"lazy\" \/>\t\t\t\t\t\t\t\t\t\t\t\t\t<\/div>\n\t\t\t\t<\/div>\n\t\t\t\t\t<\/div>\n\t\t<\/div>\n\t\t\t\t\t<\/div>\n\t\t<\/section>\n\t\t\t\t<section class=\"elementor-section elementor-top-section elementor-element elementor-element-edfb15c elementor-section-boxed elementor-section-height-default elementor-section-height-default\" data-id=\"edfb15c\" data-element_type=\"section\">\n\t\t\t\t\t\t<div class=\"elementor-container elementor-column-gap-default\">\n\t\t\t\t\t<div class=\"elementor-column elementor-col-100 elementor-top-column elementor-element elementor-element-572db6f\" data-id=\"572db6f\" data-element_type=\"column\">\n\t\t\t<div class=\"elementor-widget-wrap elementor-element-populated\">\n\t\t\t\t\t\t<div class=\"elementor-element elementor-element-7da1078 elementor-widget elementor-widget-text-editor\" data-id=\"7da1078\" data-element_type=\"widget\" data-widget_type=\"text-editor.default\">\n\t\t\t\t<div class=\"elementor-widget-container\">\n\t\t\t\t\t\t\t<p>Caso a solicita\u00e7\u00e3o de patente for requerida ap\u00f3s a defesa, o (a) orientador (a) dever\u00e1 entrar em contato com o PPGEA (ppgea@ufsm.br) com esta informa\u00e7\u00e3o.<\/p>\t\t\t\t\t\t<\/div>\n\t\t\t\t<\/div>\n\t\t\t\t\t<\/div>\n\t\t<\/div>\n\t\t\t\t\t<\/div>\n\t\t<\/section>\n\t\t\t\t<section class=\"elementor-section elementor-top-section elementor-element elementor-element-02e166d elementor-section-boxed elementor-section-height-default elementor-section-height-default\" data-id=\"02e166d\" data-element_type=\"section\">\n\t\t\t\t\t\t<div class=\"elementor-container elementor-column-gap-default\">\n\t\t\t\t\t<div class=\"elementor-column elementor-col-100 elementor-top-column elementor-element elementor-element-165e49b\" data-id=\"165e49b\" data-element_type=\"column\">\n\t\t\t<div class=\"elementor-widget-wrap elementor-element-populated\">\n\t\t\t\t\t\t<div class=\"elementor-element elementor-element-0f42ca3 elementor-widget elementor-widget-text-editor\" data-id=\"0f42ca3\" data-element_type=\"widget\" data-widget_type=\"text-editor.default\">\n\t\t\t\t<div class=\"elementor-widget-container\">\n\t\t\t\t\t\t\t<p>Os documentos seguintes dever\u00e3o ser encaminhados por e-mail para o (a) professor (a) orientador (a); que, estando de acordo, dever\u00e1 encaminhar o e-mail para a Secretaria (ppgea@ufsm.br).\u00a0<\/p><p><strong>3)<\/strong> C\u00f3pia dos comprovantes de submiss\u00e3o de dois artigos cient\u00edficos em peri\u00f3dico (s) listado (s) no <a href=\"https:\/\/sucupira.capes.gov.br\/sucupira\/public\/consultas\/coleta\/veiculoPublicacaoQualis\/listaConsultaGeralPeriodicos.jsf\" target=\"_blank\" rel=\"noopener\">Qualis Capes<\/a> (Ci\u00eancia Agr\u00e1ria I) em vigor (em pdf). Pode ser carta emitida pelo peri\u00f3dico, <em>print<\/em>\u00a0da tela do sistema de submiss\u00e3o ou e-mail recebido. Caso o (a) discente j\u00e1 tenha o artigo publicado, este documento \u00e9 dispens\u00e1vel;<\/p><p><strong>4)<\/strong> C\u00f3pia dos artigos submetidos ou publicados;<\/p><p><strong>5)<\/strong> Declara\u00e7\u00e3o do (a) orientador (a) \u2013 dispon\u00edvel clicando <a href=\"https:\/\/www.ufsm.br\/cursos\/pos-graduacao\/santa-maria\/ppgea\/wp-content\/uploads\/sites\/548\/2019\/01\/10.doc\" target=\"_blank\" rel=\"noopener\">aqui<\/a>.\u00a0<\/p><p>Como o documento ser\u00e1 encaminhado por e-mail pelo (a) professor (a) orientador (a), a assinatura \u00e9 dispens\u00e1vel.<\/p><p><strong>6)<\/strong> Documento \u201cInforma\u00e7\u00f5es de titula\u00e7\u00e3o \u2013 Plataforma Sucupira\u201d em formato pdf \u2013 dispon\u00edvel clicando <a href=\"https:\/\/www.ufsm.br\/cursos\/pos-graduacao\/santa-maria\/ppgea\/wp-content\/uploads\/sites\/548\/2019\/01\/TitulaoColetaCapes_setembro2018.doc\" target=\"_blank\" rel=\"noopener\">aqui<\/a>.<\/p><p><strong>7) <span style=\"color: #ff0000\">Apenas para casos que o (a) discente tenha urg\u00eancia na emiss\u00e3o do diploma<\/span><\/strong>.<\/p><p>Documento \u201cSolicita\u00e7\u00e3o de urg\u00eancia para emiss\u00e3o do diploma \u00e0 Coordena\u00e7\u00e3o do PPG\u201d em formato pdf \u2013 dispon\u00edvel clicando <a href=\"https:\/\/www.ufsm.br\/cursos\/pos-graduacao\/santa-maria\/ppgea\/wp-content\/uploads\/sites\/548\/2019\/01\/FormulariourgenciadiplomaNOVO2016.doc\" target=\"_blank\" rel=\"noopener\">aqui<\/a>.<\/p><p>A urg\u00eancia na emiss\u00e3o do diploma deve ser comprovada mediante a entrega de documentos. Ingresso em Programas de P\u00f3s-Gradua\u00e7\u00e3o na pr\u00f3pria UFSM n\u00e3o \u00e9 considerado urg\u00eancia.\u00a0<\/p><p>Ap\u00f3s o envio de todos os documentos supracitados, o processo seguir\u00e1 para a PRPGP\u00a0 e em aproximadamente trinta dias o diploma estar\u00e1 dispon\u00edvel para retirada no Pr\u00e9dio 48D. D\u00favidas referentes \u00e0 emiss\u00e3o do diploma devem ser sanadas por meio do e-mail academico.prpgp@ufsm.br .<\/p>\t\t\t\t\t\t<\/div>\n\t\t\t\t<\/div>\n\t\t\t\t\t<\/div>\n\t\t<\/div>\n\t\t\t\t\t<\/div>\n\t\t<\/section>\n\t\t\t\t<\/div>\n\t\t","protected":false},"excerpt":{"rendered":"<p>Ap\u00f3s a realiza\u00e7\u00e3o da defesa e aprova\u00e7\u00e3o por parte da Comiss\u00e3o Examinadora, o (a) discente dever\u00e1 cumprir os seguintes requisitos p\u00f3s-defesa para que seja solicitada a emiss\u00e3o do diploma. Parte da documenta\u00e7\u00e3o dever\u00e1 ser enviada por e-mail (ppgea@ufsm.br) e o documento final (tese) dever\u00e1 ser enviado via Processo Eletr\u00f4nico Nacional (PEN) &#8211; juntamente com a [&hellip;]<\/p>\n","protected":false},"author":871,"featured_media":0,"parent":0,"menu_order":0,"comment_status":"closed","ping_status":"closed","template":"","meta":{"footnotes":""},"categories":[],"tags":[],"class_list":["post-898","page","type-page","status-publish","hentry"],"acf":[],"_links":{"self":[{"href":"https:\/\/www.ufsm.br\/cursos\/pos-graduacao\/santa-maria\/ppgea\/wp-json\/wp\/v2\/pages\/898","targetHints":{"allow":["GET"]}}],"collection":[{"href":"https:\/\/www.ufsm.br\/cursos\/pos-graduacao\/santa-maria\/ppgea\/wp-json\/wp\/v2\/pages"}],"about":[{"href":"https:\/\/www.ufsm.br\/cursos\/pos-graduacao\/santa-maria\/ppgea\/wp-json\/wp\/v2\/types\/page"}],"author":[{"embeddable":true,"href":"https:\/\/www.ufsm.br\/cursos\/pos-graduacao\/santa-maria\/ppgea\/wp-json\/wp\/v2\/users\/871"}],"replies":[{"embeddable":true,"href":"https:\/\/www.ufsm.br\/cursos\/pos-graduacao\/santa-maria\/ppgea\/wp-json\/wp\/v2\/comments?post=898"}],"version-history":[{"count":0,"href":"https:\/\/www.ufsm.br\/cursos\/pos-graduacao\/santa-maria\/ppgea\/wp-json\/wp\/v2\/pages\/898\/revisions"}],"wp:attachment":[{"href":"https:\/\/www.ufsm.br\/cursos\/pos-graduacao\/santa-maria\/ppgea\/wp-json\/wp\/v2\/media?parent=898"}],"wp:term":[{"taxonomy":"category","embeddable":true,"href":"https:\/\/www.ufsm.br\/cursos\/pos-graduacao\/santa-maria\/ppgea\/wp-json\/wp\/v2\/categories?post=898"},{"taxonomy":"post_tag","embeddable":true,"href":"https:\/\/www.ufsm.br\/cursos\/pos-graduacao\/santa-maria\/ppgea\/wp-json\/wp\/v2\/tags?post=898"}],"curies":[{"name":"wp","href":"https:\/\/api.w.org\/{rel}","templated":true}]}}