{"id":903,"date":"2021-09-16T10:45:13","date_gmt":"2021-09-16T13:45:13","guid":{"rendered":"https:\/\/www.ufsm.br\/cursos\/pos-graduacao\/santa-maria\/ppgea\/?page_id=903"},"modified":"2021-09-16T11:08:22","modified_gmt":"2021-09-16T14:08:22","slug":"solicitacao-de-oferta-da-disciplina-de-topico-especial-em-engenharia-agricola","status":"publish","type":"page","link":"https:\/\/www.ufsm.br\/cursos\/pos-graduacao\/santa-maria\/ppgea\/solicitacao-de-oferta-da-disciplina-de-topico-especial-em-engenharia-agricola","title":{"rendered":"Solicita\u00e7\u00e3o de oferta da disciplina de T\u00f3pico Especial em Engenharia Agr\u00edcola"},"content":{"rendered":"\t\t<div data-elementor-type=\"wp-page\" data-elementor-id=\"903\" class=\"elementor elementor-903\">\n\t\t\t\t\t\t<section class=\"elementor-section elementor-top-section elementor-element elementor-element-9e04056 elementor-section-boxed elementor-section-height-default elementor-section-height-default\" data-id=\"9e04056\" data-element_type=\"section\">\n\t\t\t\t\t\t<div class=\"elementor-container elementor-column-gap-default\">\n\t\t\t\t\t<div class=\"elementor-column elementor-col-100 elementor-top-column elementor-element elementor-element-a7bdd1f\" data-id=\"a7bdd1f\" data-element_type=\"column\">\n\t\t\t<div class=\"elementor-widget-wrap elementor-element-populated\">\n\t\t\t\t\t\t<div class=\"elementor-element elementor-element-3b28620 elementor-widget elementor-widget-text-editor\" data-id=\"3b28620\" data-element_type=\"widget\" data-widget_type=\"text-editor.default\">\n\t\t\t\t<div class=\"elementor-widget-container\">\n\t\t\t\t\t\t\t<p>De acordo com o Projeto Pol\u00edtico Pedag\u00f3gico do PPGEA, esta disciplina tem como objetivo proporcionar ao (a) discente a oportunidade de pesquisar e desenvolver de forma metodol\u00f3gica, did\u00e1tica e cient\u00edfica, um t\u00f3pico espec\u00edfico referente a sua \u00e1rea de concentra\u00e7\u00e3o, n\u00e3o integrante do conte\u00fado program\u00e1tico das demais disciplinas da \u00e1rea. O requerimento para a solicita\u00e7\u00e3o da oferta desta disciplina est\u00e1 est\u00e1 dispon\u00edvel clicando <a href=\"https:\/\/www.ufsm.br\/cursos\/pos-graduacao\/santa-maria\/ppgea\/wp-content\/uploads\/sites\/548\/2019\/11\/Modelo_Topico_especial_novembro2019.doc\" target=\"_blank\" rel=\"noopener\">aqui<\/a>.<\/p><p>A solicita\u00e7\u00e3o dever\u00e1 ocorrer em prazo estipulado pela Coordena\u00e7\u00e3o e comunicado por e-mail pela Secretaria do PPGEA.<\/p><p>Informa\u00e7\u00f5es sobre a disciplina e os diferentes c\u00f3digos:<\/p><p><strong>EGR 928 \u2013 T\u00f3pico Especial em Engenharia Agr\u00edcola I<\/strong><br \/>Disciplina exclusiva para o mestrado. O (a) docente respons\u00e1vel pela disciplina dever\u00e1 apresentar, no prazo m\u00e1ximo estipulado pela Coordena\u00e7\u00e3o, a solicita\u00e7\u00e3o de oferta da disciplina de T\u00f3pico Especial em Engenharia Agr\u00edcola I (para o semestre seguinte) contendo: o t\u00edtulo, o conte\u00fado program\u00e1tico do T\u00f3pico, o seu desenvolvimento sob forma de aulas, palestras ou semin\u00e1rios na carga hor\u00e1ria definida (45 horas\/aula) e nome dos alunos que ir\u00e3o curs\u00e1-lo.<\/p><p><strong>EGR 929 \u2013 T\u00f3pico Especial em Engenharia Agr\u00edcola II<\/strong><br \/>Disciplina exclusiva para o mestrado. O (a) orientador (a) do (a) discente dever\u00e1 apresentar, no prazo m\u00e1ximo estipulado pela Coordena\u00e7\u00e3o, a solicita\u00e7\u00e3o de oferta da disciplina de T\u00f3pico Especial em Engenharia Agr\u00edcola II (para o semestre seguinte) contendo: o t\u00edtulo, o conte\u00fado program\u00e1tico do T\u00f3pico, o seu desenvolvimento sob forma de aulas, palestras ou semin\u00e1rios na carga hor\u00e1ria definida (45 horas\/aula) e nome do aluno que ir\u00e1 curs\u00e1-lo.<\/p><p><strong>EGR 930 \u2013 T\u00f3pico Especial em Engenharia Agr\u00edcola III<\/strong><br \/>Disciplina exclusiva para o doutorado. O (a) docente respons\u00e1vel pela disciplina dever\u00e1 apresentar, no prazo m\u00e1ximo estipulado pela Coordena\u00e7\u00e3o, a solicita\u00e7\u00e3o de oferta da disciplina de T\u00f3pico Especial em Engenharia Agr\u00edcola III (para o semestre seguinte) contendo: o t\u00edtulo, o conte\u00fado program\u00e1tico do T\u00f3pico, o seu desenvolvimento sob forma de aulas, palestras ou semin\u00e1rios na carga hor\u00e1ria definida (45 horas\/aula) e nome dos alunos que ir\u00e3o curs\u00e1-lo.<\/p><p><strong>EGR 931 \u2013 T\u00f3pico Especial em Engenharia Agr\u00edcola IV<\/strong><br \/>Disciplina exclusiva para o doutorado. O (a) orientador (a) do (a) discente dever\u00e1 apresentar, no prazo m\u00e1ximo estipulado pela Coordena\u00e7\u00e3o, a solicita\u00e7\u00e3o de oferta da disciplina de T\u00f3pico Especial em Engenharia Agr\u00edcola II (para o semestre seguinte) contendo: o t\u00edtulo, o conte\u00fado program\u00e1tico do T\u00f3pico, o seu desenvolvimento sob forma de aulas, palestras ou semin\u00e1rios na carga hor\u00e1ria definida (45 horas\/aula) e nome do aluno que ir\u00e1 curs\u00e1-lo.<\/p>\t\t\t\t\t\t<\/div>\n\t\t\t\t<\/div>\n\t\t\t\t\t<\/div>\n\t\t<\/div>\n\t\t\t\t\t<\/div>\n\t\t<\/section>\n\t\t\t\t<\/div>\n\t\t","protected":false},"excerpt":{"rendered":"<p>De acordo com o Projeto Pol\u00edtico Pedag\u00f3gico do PPGEA, esta disciplina tem como objetivo proporcionar ao (a) discente a oportunidade de pesquisar e desenvolver de forma metodol\u00f3gica, did\u00e1tica e cient\u00edfica, um t\u00f3pico espec\u00edfico referente a sua \u00e1rea de concentra\u00e7\u00e3o, n\u00e3o integrante do conte\u00fado program\u00e1tico das demais disciplinas da \u00e1rea. O requerimento para a solicita\u00e7\u00e3o da [&hellip;]<\/p>\n","protected":false},"author":871,"featured_media":0,"parent":0,"menu_order":0,"comment_status":"closed","ping_status":"closed","template":"","meta":{"footnotes":""},"categories":[],"tags":[],"class_list":["post-903","page","type-page","status-publish","hentry"],"acf":[],"_links":{"self":[{"href":"https:\/\/www.ufsm.br\/cursos\/pos-graduacao\/santa-maria\/ppgea\/wp-json\/wp\/v2\/pages\/903","targetHints":{"allow":["GET"]}}],"collection":[{"href":"https:\/\/www.ufsm.br\/cursos\/pos-graduacao\/santa-maria\/ppgea\/wp-json\/wp\/v2\/pages"}],"about":[{"href":"https:\/\/www.ufsm.br\/cursos\/pos-graduacao\/santa-maria\/ppgea\/wp-json\/wp\/v2\/types\/page"}],"author":[{"embeddable":true,"href":"https:\/\/www.ufsm.br\/cursos\/pos-graduacao\/santa-maria\/ppgea\/wp-json\/wp\/v2\/users\/871"}],"replies":[{"embeddable":true,"href":"https:\/\/www.ufsm.br\/cursos\/pos-graduacao\/santa-maria\/ppgea\/wp-json\/wp\/v2\/comments?post=903"}],"version-history":[{"count":0,"href":"https:\/\/www.ufsm.br\/cursos\/pos-graduacao\/santa-maria\/ppgea\/wp-json\/wp\/v2\/pages\/903\/revisions"}],"wp:attachment":[{"href":"https:\/\/www.ufsm.br\/cursos\/pos-graduacao\/santa-maria\/ppgea\/wp-json\/wp\/v2\/media?parent=903"}],"wp:term":[{"taxonomy":"category","embeddable":true,"href":"https:\/\/www.ufsm.br\/cursos\/pos-graduacao\/santa-maria\/ppgea\/wp-json\/wp\/v2\/categories?post=903"},{"taxonomy":"post_tag","embeddable":true,"href":"https:\/\/www.ufsm.br\/cursos\/pos-graduacao\/santa-maria\/ppgea\/wp-json\/wp\/v2\/tags?post=903"}],"curies":[{"name":"wp","href":"https:\/\/api.w.org\/{rel}","templated":true}]}}