{"id":906,"date":"2021-09-17T10:20:49","date_gmt":"2021-09-17T13:20:49","guid":{"rendered":"https:\/\/www.ufsm.br\/cursos\/pos-graduacao\/santa-maria\/ppgea\/?page_id=906"},"modified":"2021-11-30T14:19:31","modified_gmt":"2021-11-30T17:19:31","slug":"solicitacao-de-prorrogacao-de-prazo-para-defesa-de-qualificacao-de-tese","status":"publish","type":"page","link":"https:\/\/www.ufsm.br\/cursos\/pos-graduacao\/santa-maria\/ppgea\/solicitacao-de-prorrogacao-de-prazo-para-defesa-de-qualificacao-de-tese","title":{"rendered":"Solicita\u00e7\u00e3o de prorroga\u00e7\u00e3o de prazo para defesa de qualifica\u00e7\u00e3o de tese"},"content":{"rendered":"\t\t<div data-elementor-type=\"wp-page\" data-elementor-id=\"906\" class=\"elementor elementor-906\">\n\t\t\t\t\t\t<section class=\"elementor-section elementor-top-section elementor-element elementor-element-33e4eb1 elementor-section-boxed elementor-section-height-default elementor-section-height-default\" data-id=\"33e4eb1\" data-element_type=\"section\">\n\t\t\t\t\t\t<div class=\"elementor-container elementor-column-gap-default\">\n\t\t\t\t\t<div class=\"elementor-column elementor-col-100 elementor-top-column elementor-element elementor-element-f53eab7\" data-id=\"f53eab7\" data-element_type=\"column\">\n\t\t\t<div class=\"elementor-widget-wrap elementor-element-populated\">\n\t\t\t\t\t\t<div class=\"elementor-element elementor-element-21136fc elementor-widget elementor-widget-text-editor\" data-id=\"21136fc\" data-element_type=\"widget\" data-widget_type=\"text-editor.default\">\n\t\t\t\t<div class=\"elementor-widget-container\">\n\t\t\t\t\t\t\t<p>O (a) discente que deseja solicitar prorroga\u00e7\u00e3o de prazo de defesa de qualifica\u00e7\u00e3o de tese dever\u00e1 enviar a documenta\u00e7\u00e3o abaixo <strong>em formato pdf<\/strong> para o e-mail ppgea@ufsm.br. A data limite para envio da solicita\u00e7\u00e3o ser\u00e1 comunicada pela Secretaria do PPGEA.<\/p><p>1) Requerimento de prorroga\u00e7\u00e3o de prazo de defesa de qualifica\u00e7\u00e3o de tese, dispon\u00edvel clicando <a href=\"https:\/\/www.ufsm.br\/cursos\/pos-graduacao\/santa-maria\/ppgea\/wp-content\/uploads\/sites\/548\/2019\/10\/RequerimentoProrrogacaoPrazoDefesaStrictoSensu_qualificacao.doc\" target=\"_blank\" rel=\"noopener\">aqui<\/a>.<\/p><p>2) Plano de trabalho, dispon\u00edvel clicando\u00a0<a href=\"https:\/\/www.ufsm.br\/cursos\/pos-graduacao\/santa-maria\/ppgea\/wp-content\/uploads\/sites\/548\/2019\/10\/PRORROGACAO_2019.doc\" target=\"_blank\" rel=\"noopener\">aqui<\/a>.<\/p><p>3) Hist\u00f3rico escolar de doutorado (emitido pelo Portal do Aluno).<\/p><p>A solicita\u00e7\u00e3o ser\u00e1 analisada pelo Colegiado do PPGEA.<\/p><p><strong>IMPORTANTE<\/strong>: o (a) bolsista CAPES\/CNPq que solicitar a prorroga\u00e7\u00e3o do prazo ter\u00e1 a sua cota de bolsa repassada a outro (a) discente.<\/p>\t\t\t\t\t\t<\/div>\n\t\t\t\t<\/div>\n\t\t\t\t\t<\/div>\n\t\t<\/div>\n\t\t\t\t\t<\/div>\n\t\t<\/section>\n\t\t\t\t<\/div>\n\t\t","protected":false},"excerpt":{"rendered":"<p>O (a) discente que deseja solicitar prorroga\u00e7\u00e3o de prazo de defesa de qualifica\u00e7\u00e3o de tese dever\u00e1 enviar a documenta\u00e7\u00e3o abaixo em formato pdf para o e-mail ppgea@ufsm.br. A data limite para envio da solicita\u00e7\u00e3o ser\u00e1 comunicada pela Secretaria do PPGEA. 1) Requerimento de prorroga\u00e7\u00e3o de prazo de defesa de qualifica\u00e7\u00e3o de tese, dispon\u00edvel clicando aqui. [&hellip;]<\/p>\n","protected":false},"author":871,"featured_media":0,"parent":0,"menu_order":0,"comment_status":"closed","ping_status":"closed","template":"","meta":{"footnotes":""},"categories":[],"tags":[],"class_list":["post-906","page","type-page","status-publish","hentry"],"acf":[],"_links":{"self":[{"href":"https:\/\/www.ufsm.br\/cursos\/pos-graduacao\/santa-maria\/ppgea\/wp-json\/wp\/v2\/pages\/906","targetHints":{"allow":["GET"]}}],"collection":[{"href":"https:\/\/www.ufsm.br\/cursos\/pos-graduacao\/santa-maria\/ppgea\/wp-json\/wp\/v2\/pages"}],"about":[{"href":"https:\/\/www.ufsm.br\/cursos\/pos-graduacao\/santa-maria\/ppgea\/wp-json\/wp\/v2\/types\/page"}],"author":[{"embeddable":true,"href":"https:\/\/www.ufsm.br\/cursos\/pos-graduacao\/santa-maria\/ppgea\/wp-json\/wp\/v2\/users\/871"}],"replies":[{"embeddable":true,"href":"https:\/\/www.ufsm.br\/cursos\/pos-graduacao\/santa-maria\/ppgea\/wp-json\/wp\/v2\/comments?post=906"}],"version-history":[{"count":0,"href":"https:\/\/www.ufsm.br\/cursos\/pos-graduacao\/santa-maria\/ppgea\/wp-json\/wp\/v2\/pages\/906\/revisions"}],"wp:attachment":[{"href":"https:\/\/www.ufsm.br\/cursos\/pos-graduacao\/santa-maria\/ppgea\/wp-json\/wp\/v2\/media?parent=906"}],"wp:term":[{"taxonomy":"category","embeddable":true,"href":"https:\/\/www.ufsm.br\/cursos\/pos-graduacao\/santa-maria\/ppgea\/wp-json\/wp\/v2\/categories?post=906"},{"taxonomy":"post_tag","embeddable":true,"href":"https:\/\/www.ufsm.br\/cursos\/pos-graduacao\/santa-maria\/ppgea\/wp-json\/wp\/v2\/tags?post=906"}],"curies":[{"name":"wp","href":"https:\/\/api.w.org\/{rel}","templated":true}]}}