{"id":926,"date":"2021-09-30T10:32:44","date_gmt":"2021-09-30T13:32:44","guid":{"rendered":"https:\/\/www.ufsm.br\/cursos\/pos-graduacao\/santa-maria\/ppgea\/?page_id=926"},"modified":"2022-08-02T07:59:29","modified_gmt":"2022-08-02T10:59:29","slug":"solicitacao-de-diarias-para-eventos","status":"publish","type":"page","link":"https:\/\/www.ufsm.br\/cursos\/pos-graduacao\/santa-maria\/ppgea\/solicitacao-de-diarias-para-eventos","title":{"rendered":"Solicita\u00e7\u00e3o de di\u00e1rias e\/ou passagens para eventos"},"content":{"rendered":"\t\t<div data-elementor-type=\"wp-page\" data-elementor-id=\"926\" class=\"elementor elementor-926\">\n\t\t\t\t\t\t<section class=\"elementor-section elementor-top-section elementor-element elementor-element-092ea6a elementor-section-boxed elementor-section-height-default elementor-section-height-default\" data-id=\"092ea6a\" data-element_type=\"section\">\n\t\t\t\t\t\t<div class=\"elementor-container elementor-column-gap-default\">\n\t\t\t\t\t<div class=\"elementor-column elementor-col-100 elementor-top-column elementor-element elementor-element-5e8f20b\" data-id=\"5e8f20b\" data-element_type=\"column\">\n\t\t\t<div class=\"elementor-widget-wrap elementor-element-populated\">\n\t\t\t\t\t\t<div class=\"elementor-element elementor-element-8c2091b elementor-widget elementor-widget-text-editor\" data-id=\"8c2091b\" data-element_type=\"widget\" data-widget_type=\"text-editor.default\">\n\t\t\t\t<div class=\"elementor-widget-container\">\n\t\t\t\t\t\t\t<p>O (a) docente\/discente que desejar solicitar di\u00e1rias e\/ou passagens (a\u00e9reas e\/ou rodovi\u00e1rias) para participa\u00e7\u00e3o em evento (<strong>com apresenta\u00e7\u00e3o de trabalho<\/strong>) dever\u00e1 enviar <strong>por e-mail<\/strong> em formato pdf com no m\u00ednimo vinte e um dias de anteced\u00eancia do 1\u00ba dia da viagem a documenta\u00e7\u00e3o abaixo. Caso sejam requeridas passagens a\u00e9reas, a documenta\u00e7\u00e3o dever\u00e1 ser enviada com no m\u00ednimo 30 dias de anteced\u00eancia do in\u00edcio do evento. Caso sejam requeridas apenas passagens rodovi\u00e1rias, a documenta\u00e7\u00e3o dever\u00e1 ser enviada com no m\u00ednimo 21 dias de anteced\u00eancia do in\u00edcio do evento.<\/p><p><strong>1)<\/strong> Requerimento solicitando di\u00e1rias e\/ou passagens. O modelo pode ser acessado clicando <a href=\"https:\/\/www.ufsm.br\/app\/uploads\/sites\/548\/2022\/07\/RecursosEventos-3.doc\" target=\"_blank\" rel=\"noopener\">aqui<\/a>.<\/p><p><strong>2) <\/strong>Requerimento de emiss\u00e3o de passagens a\u00e9reas e\/ou rodovi\u00e1rias. O modelo pode ser acessado clicando <a href=\"https:\/\/www.ufsm.br\/app\/uploads\/sites\/548\/2021\/09\/formulario-prprp-passagens.doc\" target=\"_blank\" rel=\"noopener\">aqui<\/a>. A partir do campo &#8220;parecer do Coordenador do Programa&#8221; deixar em branco.<\/p><p><strong>3)<\/strong> Autoriza\u00e7\u00e3o para desconto em folha de di\u00e1rias, devidamente assinada pelo (a) Professor (a) Orientador (a) \u2013 o prazo para presta\u00e7\u00e3o de contas que deve constar nesta autoriza\u00e7\u00e3o \u00e9 de cinco dias \u00fateis ap\u00f3s o retorno \u2013 os docentes n\u00e3o precisam entregar este documento.\u00a0 O modelo pode ser acessado clicando <a href=\"https:\/\/www.ufsm.br\/cursos\/pos-graduacao\/santa-maria\/ppgea\/wp-content\/uploads\/sites\/548\/2019\/01\/autorizacaodiarias.doc\" target=\"_blank\" rel=\"noopener\">aqui<\/a>;<\/p><p><strong>4)<\/strong> Caso sejam requeridas <strong>apenas passagens a\u00e9reas<\/strong>, o (a) discente dever\u00e1 enviar a Autoriza\u00e7\u00e3o para desconto em folha para emiss\u00e3o de passagens a\u00e9reas, devidamente assinada pelo (a) Professor (a) Orientador (a) \u2013 o prazo para presta\u00e7\u00e3o de contas que deve constar nesta autoriza\u00e7\u00e3o \u00e9 de cinco dias \u00fateis ap\u00f3s o retorno \u2013 os docentes n\u00e3o precisam entregar este documento. O modelo pode ser acessado clicando <a href=\"https:\/\/www.ufsm.br\/app\/uploads\/sites\/548\/2022\/07\/autorizacaodiariasPassagensAereas.doc\" target=\"_blank\" rel=\"noopener\">aqui<\/a>.<\/p><p>O valor pode ser o valor da cota\u00e7\u00e3o de voo informado no requerimento de passagens a\u00e9reas.<\/p><p>Caso sejam solicitadas apenas passagens rodovi\u00e1rias, a autoriza\u00e7\u00e3o n\u00e3o \u00e9 necess\u00e1ria.<\/p><p><strong>5)<\/strong> Caso seja docente, portaria de afastamento (emitida por meio do <a href=\"https:\/\/portal.ufsm.br\/rh\/index.html\" target=\"_blank\" rel=\"noopener\">Portal do RH<\/a>, no menu afastamento).<\/p><p>Informa\u00e7\u00f5es sobre afastamento docente podem ser encontradas no Memorando Circular 16\/2020 do Departamento de Contabilidade e Finan\u00e7as clicando\u00a0<a href=\"https:\/\/www.ufsm.br\/app\/uploads\/sites\/345\/2021\/04\/memocircular016-20-1.pdf\" target=\"_blank\" rel=\"noopener\">aqui<\/a>.\u00a0<\/p><p>O documento \u00e9 emitido clicando no bot\u00e3o &#8220;comprovante&#8221; na solicita\u00e7\u00e3o de afastamento no Portal do RH.<\/p>\t\t\t\t\t\t<\/div>\n\t\t\t\t<\/div>\n\t\t\t\t\t<\/div>\n\t\t<\/div>\n\t\t\t\t\t<\/div>\n\t\t<\/section>\n\t\t\t\t<section class=\"elementor-section elementor-top-section elementor-element elementor-element-8150adc elementor-section-boxed elementor-section-height-default elementor-section-height-default\" data-id=\"8150adc\" data-element_type=\"section\">\n\t\t\t\t\t\t<div class=\"elementor-container elementor-column-gap-default\">\n\t\t\t\t\t<div class=\"elementor-column elementor-col-100 elementor-top-column elementor-element elementor-element-562e76f\" data-id=\"562e76f\" data-element_type=\"column\">\n\t\t\t<div class=\"elementor-widget-wrap elementor-element-populated\">\n\t\t\t\t\t\t<div class=\"elementor-element elementor-element-3ddf57d elementor-widget elementor-widget-image\" data-id=\"3ddf57d\" data-element_type=\"widget\" data-widget_type=\"image.default\">\n\t\t\t\t<div class=\"elementor-widget-container\">\n\t\t\t\t\t\t\t\t\t\t\t\t\t<img fetchpriority=\"high\" decoding=\"async\" width=\"1024\" height=\"395\" src=\"https:\/\/www.ufsm.br\/app\/uploads\/sites\/548\/2022\/08\/AFASTAMENTO-1024x395.jpg\" class=\"attachment-large size-large wp-image-1129\" alt=\"\" srcset=\"https:\/\/www.ufsm.br\/app\/uploads\/sites\/548\/2022\/08\/AFASTAMENTO-1024x395.jpg 1024w, https:\/\/www.ufsm.br\/app\/uploads\/sites\/548\/2022\/08\/AFASTAMENTO-300x116.jpg 300w, https:\/\/www.ufsm.br\/app\/uploads\/sites\/548\/2022\/08\/AFASTAMENTO-768x296.jpg 768w, https:\/\/www.ufsm.br\/app\/uploads\/sites\/548\/2022\/08\/AFASTAMENTO.jpg 1281w\" sizes=\"(max-width: 1024px) 100vw, 1024px\" \/>\t\t\t\t\t\t\t\t\t\t\t\t\t<\/div>\n\t\t\t\t<\/div>\n\t\t\t\t\t<\/div>\n\t\t<\/div>\n\t\t\t\t\t<\/div>\n\t\t<\/section>\n\t\t\t\t<section class=\"elementor-section elementor-top-section elementor-element elementor-element-11e3bba elementor-section-boxed elementor-section-height-default elementor-section-height-default\" data-id=\"11e3bba\" data-element_type=\"section\">\n\t\t\t\t\t\t<div class=\"elementor-container elementor-column-gap-default\">\n\t\t\t\t\t<div class=\"elementor-column elementor-col-100 elementor-top-column elementor-element elementor-element-a5f2f3f\" data-id=\"a5f2f3f\" data-element_type=\"column\">\n\t\t\t<div class=\"elementor-widget-wrap elementor-element-populated\">\n\t\t\t\t\t\t<div class=\"elementor-element elementor-element-c4ed24e elementor-widget elementor-widget-text-editor\" data-id=\"c4ed24e\" data-element_type=\"widget\" data-widget_type=\"text-editor.default\">\n\t\t\t\t<div class=\"elementor-widget-container\">\n\t\t\t\t\t\t\t<p><strong>6)<\/strong> Caso seja docente e sejam requeridas di\u00e1rias e\/ou passagens <strong>internacionais<\/strong>, dever\u00e1 ser enviada a Portaria publicada no DOU.<\/p><p><strong>7)<\/strong> Aceite de trabalho.\u00a0<\/p>\t\t\t\t\t\t<\/div>\n\t\t\t\t<\/div>\n\t\t\t\t\t<\/div>\n\t\t<\/div>\n\t\t\t\t\t<\/div>\n\t\t<\/section>\n\t\t\t\t<section class=\"elementor-section elementor-top-section elementor-element elementor-element-a4bbea6 elementor-section-boxed elementor-section-height-default elementor-section-height-default\" data-id=\"a4bbea6\" data-element_type=\"section\">\n\t\t\t\t\t\t<div class=\"elementor-container elementor-column-gap-default\">\n\t\t\t\t\t<div class=\"elementor-column elementor-col-100 elementor-top-column elementor-element elementor-element-39d3e35\" data-id=\"39d3e35\" data-element_type=\"column\">\n\t\t\t<div class=\"elementor-widget-wrap elementor-element-populated\">\n\t\t\t\t\t\t<div class=\"elementor-element elementor-element-3fabbf4 elementor-widget elementor-widget-text-editor\" data-id=\"3fabbf4\" data-element_type=\"widget\" data-widget_type=\"text-editor.default\">\n\t\t\t\t<div class=\"elementor-widget-container\">\n\t\t\t\t\t\t\t<p><strong>IMPORTANTE:<\/strong><\/p><p>a) Caso a solicita\u00e7\u00e3o seja para discente e o documento 01 n\u00e3o esteja assinado, a documenta\u00e7\u00e3o dever\u00e1 ser enviada pelo (a) docente, que \u00e9 o (a) detentor (a) da verba PROAP;<\/p><p>b) Por ser tratar de um documento externo, os documentos 3 e 4 obrigatoriamente dever\u00e3o estar assinado pelo (a) docente;\u00a0<\/p><p>c) Quando o (a) docente\/discente tem a data de ida e a data de retorno no mesmo dia, ele receber\u00e1 meia di\u00e1ria. Quando o (a) docente\/discente tem a data de ida em um dia e a data de retorno no outro dia, ele (a) receber\u00e1 uma di\u00e1ria e meia e assim sucessivamente (este c\u00e1lculo \u00e9 realizado pelo SCDP); e<\/p><p>e) O valor da di\u00e1ria nacional est\u00e1 no quadro abaixo. Para cidades do interior o valor \u00e9 de R$ 300,90. O valor da di\u00e1ria internacional est\u00e1 dispon\u00edvel clicando <a href=\"https:\/\/www.ufsm.br\/app\/uploads\/sites\/548\/2021\/09\/Diariasinternacionais.pdf\" target=\"_blank\" rel=\"noopener\">aqui<\/a>.<\/p><table width=\"843\" cellspacing=\"0\" cellpadding=\"4\"><tbody><tr valign=\"top\"><td width=\"315\"><p align=\"center\"><span style=\"color: #000000\"><span style=\"font-family: Liberation Serif, serif\"><span style=\"font-size: medium\">Deslocamentos para Bras\u00edlia\/Manaus\/ Rio de Janeiro\/S\u00e3o Paulo <\/span><\/span><\/span><\/p><\/td><td width=\"316\"><p align=\"center\"><span style=\"color: #000000\"><span style=\"font-family: Liberation Serif, serif\"><span style=\"font-size: medium\">Deslocamentos para outras capitais de Estados <\/span><\/span><\/span><\/p><\/td><td width=\"186\"><p align=\"center\"><span style=\"color: #000000\"><span style=\"font-family: Liberation Serif, serif\"><span style=\"font-size: medium\">Demais deslocamentos <\/span><\/span><\/span><\/p><\/td><\/tr><tr valign=\"top\"><td width=\"315\"><p align=\"center\"><span style=\"color: #000000\"><span style=\"font-family: Liberation Serif, serif\"><span style=\"font-size: medium\">R$ 381,14<\/span><\/span><\/span><\/p><\/td><td width=\"316\"><p align=\"center\"><span style=\"color: #000000\"><span style=\"font-family: Liberation Serif, serif\"><span style=\"font-size: medium\">R$ 341,02<\/span><\/span><\/span><\/p><\/td><td width=\"186\"><p align=\"center\"><span style=\"color: #000000\"><span style=\"font-family: Liberation Serif, serif\"><span style=\"font-size: medium\">R$ 300,90<\/span><\/span><\/span><\/p><\/td><\/tr><\/tbody><\/table>\t\t\t\t\t\t<\/div>\n\t\t\t\t<\/div>\n\t\t\t\t\t<\/div>\n\t\t<\/div>\n\t\t\t\t\t<\/div>\n\t\t<\/section>\n\t\t\t\t<\/div>\n\t\t","protected":false},"excerpt":{"rendered":"<p>O (a) docente\/discente que desejar solicitar di\u00e1rias e\/ou passagens (a\u00e9reas e\/ou rodovi\u00e1rias) para participa\u00e7\u00e3o em evento (com apresenta\u00e7\u00e3o de trabalho) dever\u00e1 enviar por e-mail em formato pdf com no m\u00ednimo vinte e um dias de anteced\u00eancia do 1\u00ba dia da viagem a documenta\u00e7\u00e3o abaixo. Caso sejam requeridas passagens a\u00e9reas, a documenta\u00e7\u00e3o dever\u00e1 ser enviada com [&hellip;]<\/p>\n","protected":false},"author":871,"featured_media":0,"parent":0,"menu_order":0,"comment_status":"closed","ping_status":"closed","template":"","meta":{"footnotes":""},"categories":[],"tags":[],"class_list":["post-926","page","type-page","status-publish","hentry"],"acf":[],"_links":{"self":[{"href":"https:\/\/www.ufsm.br\/cursos\/pos-graduacao\/santa-maria\/ppgea\/wp-json\/wp\/v2\/pages\/926","targetHints":{"allow":["GET"]}}],"collection":[{"href":"https:\/\/www.ufsm.br\/cursos\/pos-graduacao\/santa-maria\/ppgea\/wp-json\/wp\/v2\/pages"}],"about":[{"href":"https:\/\/www.ufsm.br\/cursos\/pos-graduacao\/santa-maria\/ppgea\/wp-json\/wp\/v2\/types\/page"}],"author":[{"embeddable":true,"href":"https:\/\/www.ufsm.br\/cursos\/pos-graduacao\/santa-maria\/ppgea\/wp-json\/wp\/v2\/users\/871"}],"replies":[{"embeddable":true,"href":"https:\/\/www.ufsm.br\/cursos\/pos-graduacao\/santa-maria\/ppgea\/wp-json\/wp\/v2\/comments?post=926"}],"version-history":[{"count":0,"href":"https:\/\/www.ufsm.br\/cursos\/pos-graduacao\/santa-maria\/ppgea\/wp-json\/wp\/v2\/pages\/926\/revisions"}],"wp:attachment":[{"href":"https:\/\/www.ufsm.br\/cursos\/pos-graduacao\/santa-maria\/ppgea\/wp-json\/wp\/v2\/media?parent=926"}],"wp:term":[{"taxonomy":"category","embeddable":true,"href":"https:\/\/www.ufsm.br\/cursos\/pos-graduacao\/santa-maria\/ppgea\/wp-json\/wp\/v2\/categories?post=926"},{"taxonomy":"post_tag","embeddable":true,"href":"https:\/\/www.ufsm.br\/cursos\/pos-graduacao\/santa-maria\/ppgea\/wp-json\/wp\/v2\/tags?post=926"}],"curies":[{"name":"wp","href":"https:\/\/api.w.org\/{rel}","templated":true}]}}