{"id":1000,"date":"2023-04-19T22:19:02","date_gmt":"2023-04-20T01:19:02","guid":{"rendered":"https:\/\/www.ufsm.br\/cursos\/pos-graduacao\/santa-maria\/ppgeamb\/?page_id=1000"},"modified":"2025-06-12T10:53:42","modified_gmt":"2025-06-12T13:53:42","slug":"recursos-de-proap-capes","status":"publish","type":"page","link":"https:\/\/www.ufsm.br\/cursos\/pos-graduacao\/santa-maria\/ppgeamb\/recursos-de-proap-capes","title":{"rendered":"Recursos de PROAP\/CAPES"},"content":{"rendered":"\n<p>O PROAP, Programa de Apoio \u00e0 P\u00f3s-Gradua\u00e7\u00e3o, mantido pela CAPES \u2013 Coordena\u00e7\u00e3o de Aperfei\u00e7oamento de Pessoal de N\u00edvel Superior, destina-se a proporcionar melhores condi\u00e7\u00f5es para a forma\u00e7\u00e3o de recursos humanos e para a produ\u00e7\u00e3o e o aprofundamento do conhecimento nos cursos de p\u00f3s-gradua\u00e7\u00e3o stricto sensu mantidos por institui\u00e7\u00f5es p\u00fablicas.<\/p>\n\n\n\n<p>Logo mais, estaremos publicando aqui na p\u00e1gina um menu Transpar\u00eancia com informa\u00e7\u00f5es sobre o uso de recursos dos anos.<\/p>\n\n\n\n<p><strong>\u21d2<\/strong>&nbsp;Como funciona:<br>Os Programas inseridos no PROAP recebem uma dota\u00e7\u00e3o or\u00e7ament\u00e1ria que pode ser utilizada de acordo com prioridades estabelecidas pelos pr\u00f3prios programas, em qualquer das modalidades de apoio concedidas pela CAPES: como recursos de custeio, materiais para laborat\u00f3rios,&nbsp; passagens, di\u00e1rias, taxas de publica\u00e7\u00e3o, inscri\u00e7\u00e3o em eventos e outros.<\/p>\n\n\n\n<p><strong>\u21d2<\/strong>&nbsp;Recursos disponibilizados:<br>O programa disponibiliza recursos para participa\u00e7\u00e3o em eventos (taxa de inscri\u00e7\u00e3o, passagens rodovi\u00e1rias e\/ou a\u00e9reas, di\u00e1rias), publica\u00e7\u00e3o de artigos (taxa de publica\u00e7\u00e3o), participa\u00e7\u00e3o de membro externo em banca de defesa (passagens rodovi\u00e1rias e\/ou a\u00e9reas, di\u00e1rias), materiais de laborat\u00f3rio essenciais \u00e0s atividades de pesquisa, tradu\u00e7\u00f5es de textos.<br>Os valores para cada programa de P\u00f3s-Gradua\u00e7\u00e3o s\u00e3o concedidos anualmente pela CAPES de acordo com crit\u00e9rios pr\u00e9-estabelecidos.<\/p>\n\n\n\n<p>A&nbsp;<strong><a href=\"https:\/\/www.ufsm.br\/cursos\/pos-graduacao\/santa-maria\/ppgec\/wp-content\/uploads\/sites\/550\/2020\/05\/PROAP-PORTARIA-CAPES-156-de-28-novembro-2014.pdf\" target=\"_blank\" rel=\"noreferrer noopener\">PORTARIA&nbsp;<\/a><a href=\"https:\/\/www.ufsm.br\/cursos\/pos-graduacao\/santa-maria\/ppgec\/wp-content\/uploads\/sites\/550\/2020\/05\/PROAP-PORTARIA-CAPES-156-de-28-novembro-2014.pdf\" target=\"_blank\" rel=\"noreferrer noopener\">N\u00ba 156\/2014<\/a><a href=\"https:\/\/www.ufsm.br\/cursos\/pos-graduacao\/santa-maria\/ppgec\/wp-content\/uploads\/sites\/550\/2020\/05\/PROAP-PORTARIA-CAPES-156-de-28-novembro-2014.pdf\" target=\"_blank\" rel=\"noreferrer noopener\">&nbsp;da CAPES\/PROAP<\/a><\/strong>&nbsp;regulamenta a utiliza\u00e7\u00e3o do recursos repassados pelo PROAP-CAPES.<\/p>\n\n\n\n<p><strong>\u21d2<\/strong>&nbsp;Divis\u00e3o de Recursos:<br>Os recursos alocados no PPGEAmb s\u00e3o distribu\u00eddos na propor\u00e7\u00e3o de 20% para a Coordena\u00e7\u00e3o\/Secretaria e 80% para o corpo docente permanente.&nbsp;Dos recursos destinados ao corpo docente, 50% s\u00e3o divididos igualmente entre os docentes e os outro 50% de acordo com o \u00edndice de produtividade, avaliada segundo crit\u00e9rios definidos periodicamente pelo Colegiado do Programa, em conson\u00e2ncia com os crit\u00e9rios de avalia\u00e7\u00e3o adotados pela CAPES.&nbsp;<\/p>\n\n\n\n<p>O docente \u00e9 quem autoriza a utiliza\u00e7\u00e3o dos recursos sob sua administra\u00e7\u00e3o para uso nas atividades de seus orientados.<\/p>\n\n\n\n<p><a href=\"https:\/\/www.in.gov.br\/en\/web\/dou\/-\/portaria-n-2.227-de-31-de-dezembro-de-2019-236265796\" target=\"_blank\" rel=\"noreferrer noopener\">PORTARIA 2.227\/2019-MEC<\/a><br>Art. 43. Para a presta\u00e7\u00e3o de contas de miss\u00f5es em territ\u00f3rio nacional, o proposto, seja servidor ou colaborador eventual, dever\u00e1 apresentar, no prazo m\u00e1ximo de cinco dias corridos, no SCDP, contados da conclus\u00e3o da miss\u00e3o, os seguintes documentos:<br>I \u2013 relat\u00f3rio de viagem (Anexo III), constando, al\u00e9m da agenda realizada, relato detalhado de atividades desenvolvidas, bem como proposi\u00e7\u00e3o de a\u00e7\u00f5es, programas ou plano de trabalho como consequ\u00eancia da miss\u00e3o realizada;<br>II \u2013 apresenta\u00e7\u00e3o dos bilhetes ou canhotos dos cart\u00f5es de embarque, em original ou segunda via, ou recibo do passageiro obtido quando da realiza\u00e7\u00e3o do check-in via internet, ou a declara\u00e7\u00e3o fornecida pela companhia a\u00e9rea, bem como por meio do registro eletr\u00f4nico da situa\u00e7\u00e3o da passagem no SCDP; e<br>III \u2013 apresenta\u00e7\u00e3o de documentos relacionados com o objetivo das viagens realizadas a servi\u00e7o, a exemplo de atas de reuni\u00e3o, certificados de participa\u00e7\u00e3o ou presen\u00e7a, entre outros.<\/p>\n\n\n\n<p>Art. 44. Para a presta\u00e7\u00e3o de contas de miss\u00f5es em territ\u00f3rio internacional, o proposto, seja servidor ou colaborador eventual autorizado pelo Presidente da Rep\u00fablica, dever\u00e1 apresentar, no prazo m\u00e1ximo de trinta dias, no SCDP, contados da conclus\u00e3o da miss\u00e3o, os seguintes documentos:<br>I \u2013 relat\u00f3rio de viagem substanciado (Anexo IV), informando relato detalhado de atividades desenvolvidas no per\u00edodo, os objetivos esperados e alcan\u00e7ados, os benef\u00edcios auferidos para a prote\u00e7\u00e3o da Educa\u00e7\u00e3o a partir da miss\u00e3o, bem como sugest\u00f5es de encaminhamentos internos e relativos a desenvolvimento de coopera\u00e7\u00e3o t\u00e9cnica internacional;<br>II \u2013 original ou segunda via dos canhotos dos cart\u00f5es de embarque, ou bilhete eletr\u00f4nico, ou o recibo do passageiro obtido quando da realiza\u00e7\u00e3o do check-in via internet, ou a declara\u00e7\u00e3o fornecida pela empresa de transporte;<br>III \u2013 documentos relacionados com o objetivo das viagens realizadas a servi\u00e7o, a exemplo de atas de reuni\u00e3o, certificados de participa\u00e7\u00e3o ou presen\u00e7a, entre outros; e<br>IV \u2013 documenta\u00e7\u00e3o que comprove a impossibilidade de participa\u00e7\u00e3o quando se tratar de solicita\u00e7\u00e3o de cancelamento de bilhetes.<\/p>\n\n\n\n<p><strong><span style=\"color: #ff0000\">AVISO:\u00a0<\/strong>Pelo motivo da fus\u00e3o do Programa de P\u00f3s-Gradua\u00e7\u00e3o em Engenharia Civil \u2013\u00a0<a href=\"https:\/\/www.ufsm.br\/cursos\/pos-graduacao\/santa-maria\/ppgec\" target=\"_blank\" rel=\"noreferrer noopener\">PPGEC<\/a>\u00a0e do P\u00f3s-Gradua\u00e7\u00e3o em Engenharia Ambiental \u2013\u00a0<a href=\"https:\/\/www.ufsm.br\/cursos\/pos-graduacao\/santa-maria\/ppgeamb\" target=\"_blank\" rel=\"noreferrer noopener\">PPGEAmb<\/a>, consulte no\u00a0<a href=\"https:\/\/www.ufsm.br\/cursos\/pos-graduacao\/santa-maria\/ppgecam\" target=\"_blank\" rel=\"noreferrer noopener\">site do PPGECAM<\/a>\u00a0em \u201c<a href=\"https:\/\/www.ufsm.br\/cursos\/pos-graduacao\/santa-maria\/ppgecam\/solicitacao-de-recurso-financeiro\" target=\"_blank\" rel=\"noreferrer noopener\">Solicita\u00e7\u00e3o de Recurso Financeiro<\/a>\u201d\u00a0para informa\u00e7\u00f5es sobre recursos financeiros.<\/p>\n","protected":false},"excerpt":{"rendered":"<p>O PROAP, Programa de Apoio \u00e0 P\u00f3s-Gradua\u00e7\u00e3o, mantido pela CAPES \u2013 Coordena\u00e7\u00e3o de Aperfei\u00e7oamento de Pessoal de N\u00edvel Superior, destina-se a proporcionar melhores condi\u00e7\u00f5es para a forma\u00e7\u00e3o de recursos humanos e para a produ\u00e7\u00e3o e o aprofundamento do conhecimento nos cursos de p\u00f3s-gradua\u00e7\u00e3o stricto sensu mantidos por institui\u00e7\u00f5es p\u00fablicas. Logo mais, estaremos publicando aqui na [&hellip;]<\/p>\n","protected":false},"author":883,"featured_media":0,"parent":0,"menu_order":0,"comment_status":"closed","ping_status":"closed","template":"","meta":{"footnotes":""},"categories":[],"tags":[],"class_list":["post-1000","page","type-page","status-publish","hentry"],"acf":[],"_links":{"self":[{"href":"https:\/\/www.ufsm.br\/cursos\/pos-graduacao\/santa-maria\/ppgeamb\/wp-json\/wp\/v2\/pages\/1000","targetHints":{"allow":["GET"]}}],"collection":[{"href":"https:\/\/www.ufsm.br\/cursos\/pos-graduacao\/santa-maria\/ppgeamb\/wp-json\/wp\/v2\/pages"}],"about":[{"href":"https:\/\/www.ufsm.br\/cursos\/pos-graduacao\/santa-maria\/ppgeamb\/wp-json\/wp\/v2\/types\/page"}],"author":[{"embeddable":true,"href":"https:\/\/www.ufsm.br\/cursos\/pos-graduacao\/santa-maria\/ppgeamb\/wp-json\/wp\/v2\/users\/883"}],"replies":[{"embeddable":true,"href":"https:\/\/www.ufsm.br\/cursos\/pos-graduacao\/santa-maria\/ppgeamb\/wp-json\/wp\/v2\/comments?post=1000"}],"version-history":[{"count":0,"href":"https:\/\/www.ufsm.br\/cursos\/pos-graduacao\/santa-maria\/ppgeamb\/wp-json\/wp\/v2\/pages\/1000\/revisions"}],"wp:attachment":[{"href":"https:\/\/www.ufsm.br\/cursos\/pos-graduacao\/santa-maria\/ppgeamb\/wp-json\/wp\/v2\/media?parent=1000"}],"wp:term":[{"taxonomy":"category","embeddable":true,"href":"https:\/\/www.ufsm.br\/cursos\/pos-graduacao\/santa-maria\/ppgeamb\/wp-json\/wp\/v2\/categories?post=1000"},{"taxonomy":"post_tag","embeddable":true,"href":"https:\/\/www.ufsm.br\/cursos\/pos-graduacao\/santa-maria\/ppgeamb\/wp-json\/wp\/v2\/tags?post=1000"}],"curies":[{"name":"wp","href":"https:\/\/api.w.org\/{rel}","templated":true}]}}