{"id":1035,"date":"2023-06-09T20:57:28","date_gmt":"2023-06-09T23:57:28","guid":{"rendered":"https:\/\/www.ufsm.br\/cursos\/pos-graduacao\/santa-maria\/ppgeamb\/?page_id=1035"},"modified":"2023-10-25T10:16:56","modified_gmt":"2023-10-25T13:16:56","slug":"aluno-especial","status":"publish","type":"page","link":"https:\/\/www.ufsm.br\/cursos\/pos-graduacao\/santa-maria\/ppgeamb\/aluno-especial","title":{"rendered":"Aluno Especial"},"content":{"rendered":"\n<p>&nbsp;categoria de Aluno Especial I em disciplinas de P\u00f3s-Gradua\u00e7\u00e3o na UFSM ocorre atrav\u00e9s de edital p\u00fablico. Os editais s\u00e3o publicados na p\u00e1gina do&nbsp;<a href=\"https:\/\/www.ufsm.br\/pro-reitorias\/prpgp\/busca\/?q=&amp;sites%5B%5D=345&amp;area=editais&amp;orderby=modified&amp;order=DESC\" target=\"_blank\" rel=\"noreferrer noopener\"><strong>PRPGP em EDITAIS<\/strong><\/a><strong>.<\/strong><\/p>\n\n\n\n<p>A publica\u00e7\u00e3o do edital \u00e9 semestral e acompanha o cronograma do&nbsp;<strong><a href=\"https:\/\/www.ufsm.br\/calendario\/\" target=\"_blank\" rel=\"noreferrer noopener\">Calend\u00e1rio Acad\u00eamico<\/a><\/strong>&nbsp;da UFSM, geralmente as publica\u00e7\u00f5es ocorrem nos meses de janeiro a fevereiro para as disciplinas do 1\u00ba semestre letivo e em junho a agosto para as disciplinas do 2\u00ba semestre letivo.<\/p>\n\n\n\n<p>Conforme o\u00a0<strong><a href=\"https:\/\/portal.ufsm.br\/documentos\/download.html?action=arquivosIndexados&amp;id=14820644&amp;download=false\" target=\"_blank\" rel=\"noreferrer noopener\">Regimento Geral de P\u00f3s-Gradua\u00e7\u00e3o da UFSM<\/a><\/strong>, poder\u00e3o se inscrever \u00e0 categoria de Aluno Especial I de P\u00f3s-Gradua\u00e7\u00e3o:<\/p>\n\n\n\n<p>ALUNOS DE GRADUA\u00c7\u00c3O: Discentes de gradua\u00e7\u00e3o de qualquer Institui\u00e7\u00e3o de Ensino Superior \u2013 IES com, no m\u00ednimo, 50% dos cr\u00e9ditos necess\u00e1rios \u00e0 conclus\u00e3o do seu curso e participantes de projeto de pesquisa aprovados no \u00e2mbito da Institui\u00e7\u00e3o.<\/p>\n\n\n\n<p>ALUNOS DE P\u00d3S-GRADUA\u00c7\u00c3O EXTERNOS: Discentes vinculados a programas de p\u00f3s-gradua\u00e7\u00e3o de outras IES nacionais ou estrangeiras.<\/p>\n\n\n\n<p>PORTADORES DE DIPLOMA DE GRADUA\u00c7\u00c3O: Portadores de diploma de curso superior, participantes de projeto de pesquisa aprovados no \u00e2mbito da Institui\u00e7\u00e3o.<\/p>\n\n\n\n<p>SERVIDORES: Servidores portadores de diploma de curso superior da Institui\u00e7\u00e3o e de outras Institui\u00e7\u00f5es de Ensino Superior \u2013 IES.<\/p>\n\n\n\n<p>At\u00e9 a matr\u00edcula como Aluno Especial I, ocorrem as etapas:<br>&nbsp; &nbsp;1 \u2013 Requerente efetua a inscri\u00e7\u00e3o, juntamente, ao envio da documenta\u00e7\u00e3o pelo sistema de inscri\u00e7\u00f5es da UFSM;<br>&nbsp; &nbsp;2 \u2013 O programa de p\u00f3s-gradua\u00e7\u00e3o confere a documenta\u00e7\u00e3o, defere ou indefere a inscri\u00e7\u00e3o;<br>&nbsp; &nbsp;3 \u2013 No per\u00edodo para a matr\u00edcula, o programa de p\u00f3s-gradua\u00e7\u00e3o efetua a matr\u00edcula do requerente.&nbsp; &nbsp;<\/p>\n\n\n\n<div class=\"wp-block-buttons is-layout-flex wp-block-buttons-is-layout-flex\">\n<div class=\"wp-block-button is-style-outline is-style-outline--1\"><a class=\"wp-block-button__link wp-element-button\" href=\"https:\/\/www.ufsm.br\/pro-reitorias\/prpgp\/busca\/?q=ALUNO+ESPECIAL&amp;sites%5B%5D=345&amp;tags=&amp;orderby=modified&amp;order=DESC&amp;perpage=15&amp;area=editais&amp;tipo_edital=&amp;licitacao_edital=&amp;concurso_edital_mod=&amp;concurso_edital_cat=&amp;outro_edital=\" target=\"_blank\" rel=\"noreferrer noopener\">Acompanhe AQUI os editais para aluno especial de p\u00f3s-gradua\u00e7\u00e3o<\/a><\/div>\n<\/div>\n","protected":false},"excerpt":{"rendered":"<p>&nbsp;categoria de Aluno Especial I em disciplinas de P\u00f3s-Gradua\u00e7\u00e3o na UFSM ocorre atrav\u00e9s de edital p\u00fablico. Os editais s\u00e3o publicados na p\u00e1gina do&nbsp;PRPGP em EDITAIS. A publica\u00e7\u00e3o do edital \u00e9 semestral e acompanha o cronograma do&nbsp;Calend\u00e1rio Acad\u00eamico&nbsp;da UFSM, geralmente as publica\u00e7\u00f5es ocorrem nos meses de janeiro a fevereiro para as disciplinas do 1\u00ba semestre letivo [&hellip;]<\/p>\n","protected":false},"author":883,"featured_media":0,"parent":0,"menu_order":0,"comment_status":"closed","ping_status":"closed","template":"","meta":{"footnotes":""},"categories":[],"tags":[],"class_list":["post-1035","page","type-page","status-publish","hentry"],"acf":[],"_links":{"self":[{"href":"https:\/\/www.ufsm.br\/cursos\/pos-graduacao\/santa-maria\/ppgeamb\/wp-json\/wp\/v2\/pages\/1035","targetHints":{"allow":["GET"]}}],"collection":[{"href":"https:\/\/www.ufsm.br\/cursos\/pos-graduacao\/santa-maria\/ppgeamb\/wp-json\/wp\/v2\/pages"}],"about":[{"href":"https:\/\/www.ufsm.br\/cursos\/pos-graduacao\/santa-maria\/ppgeamb\/wp-json\/wp\/v2\/types\/page"}],"author":[{"embeddable":true,"href":"https:\/\/www.ufsm.br\/cursos\/pos-graduacao\/santa-maria\/ppgeamb\/wp-json\/wp\/v2\/users\/883"}],"replies":[{"embeddable":true,"href":"https:\/\/www.ufsm.br\/cursos\/pos-graduacao\/santa-maria\/ppgeamb\/wp-json\/wp\/v2\/comments?post=1035"}],"version-history":[{"count":0,"href":"https:\/\/www.ufsm.br\/cursos\/pos-graduacao\/santa-maria\/ppgeamb\/wp-json\/wp\/v2\/pages\/1035\/revisions"}],"wp:attachment":[{"href":"https:\/\/www.ufsm.br\/cursos\/pos-graduacao\/santa-maria\/ppgeamb\/wp-json\/wp\/v2\/media?parent=1035"}],"wp:term":[{"taxonomy":"category","embeddable":true,"href":"https:\/\/www.ufsm.br\/cursos\/pos-graduacao\/santa-maria\/ppgeamb\/wp-json\/wp\/v2\/categories?post=1035"},{"taxonomy":"post_tag","embeddable":true,"href":"https:\/\/www.ufsm.br\/cursos\/pos-graduacao\/santa-maria\/ppgeamb\/wp-json\/wp\/v2\/tags?post=1035"}],"curies":[{"name":"wp","href":"https:\/\/api.w.org\/{rel}","templated":true}]}}