{"id":1036,"date":"2023-06-09T21:04:35","date_gmt":"2023-06-10T00:04:35","guid":{"rendered":"https:\/\/www.ufsm.br\/cursos\/pos-graduacao\/santa-maria\/ppgeamb\/?page_id=1036"},"modified":"2024-07-29T11:09:45","modified_gmt":"2024-07-29T14:09:45","slug":"aluno-estrangeiro","status":"publish","type":"page","link":"https:\/\/www.ufsm.br\/cursos\/pos-graduacao\/santa-maria\/ppgeamb\/aluno-estrangeiro","title":{"rendered":"Aluno Estrangeiro"},"content":{"rendered":"\n<p>Alunos estrangeiros podem ingressar no PPGEAMB nos cursos de mestrado e doutorado ou simplesmente cursar disciplinas, ou realizar parte de suas pesquisas junto a professores do PPGEAMB (denominado no Brasil como per\u00edodo sandu\u00edche).<\/p>\n\n\n\n<p>A concess\u00e3o de matr\u00edcula do aluno-estrangeiro no \u00e2mbito da UFSM est\u00e1 regulamentada pela <a href=\"https:\/\/www.ufsm.br\/pro-reitorias\/proplan\/resolucao-n-010-2008#:~:text=RESOLVE%3A,gradua%C3%A7%C3%A3o%20para%20o%20aluno-estrangeiro.&amp;text=II%20-%20profissionais%20graduados%20e%2Fou,institui%C3%A7%C3%B5es%20de%20ensino%20superior%20estrangeiras.\" target=\"_blank\" rel=\"noreferrer noopener\"><strong>RESOLU\u00c7\u00c3O N. 010\/2008<\/strong><\/a>.<\/p>\n\n\n\n<p>O PPGEAmb oferece acesso a estudantes estrangeiros de duas maneiras:<\/p>\n\n\n\n<ol class=\"wp-block-list\">\n<li><strong>a via normal<\/strong>, em que o estudante concorrer\u00e1 igualmente com candidatos brasileiros. Para isto, dever\u00e1 atender os requisitos dos respectivos \u201cEditais de Processo Seletivo\u201d. A sele\u00e7\u00e3o \u00e9 realizada em dois momentos no ano. Mais informa\u00e7\u00f5es em:&nbsp;<a href=\"https:\/\/www.ufsm.br\/cursos\/pos-graduacao\/santa-maria\/ppgeamb\/ingresso\" target=\"_blank\" rel=\"noreferrer noopener\">Aluno Regular.<\/a><\/li>\n\n\n\n<li>para candidatos estrangeiros&nbsp;<a href=\"https:\/\/www.ufsm.br\/cursos\/pos-graduacao\/santa-maria\/ppgec\/ingresso-simplificado-de-aluno-estrangeiro\/\"><strong>que possuam bolsa de estudos PRE-APROVADA<\/strong><\/a>. Se enquadram nessa categoria os candidatos estrangeiros que j\u00e1 possuam bolsa no seu momento de ingresso no PPGEC :\n<ol class=\"wp-block-list\">\n<li>do seu pa\u00eds de origem;<\/li>\n\n\n\n<li>de institui\u00e7\u00f5es internacionais (Ex,&nbsp;<a href=\"http:\/\/www.oas.org\/es\/becas\/\"><strong>OEA<\/strong><\/a>&nbsp;)<\/li>\n\n\n\n<li>atrav\u00e9s de um conv\u00eanio com o governo brasileiro como o&nbsp;<a href=\"https:\/\/www.gov.br\/capes\/pt-br\/acesso-a-informacao\/acoes-e-programas\/bolsas\/bolsas-e-auxilios-internacionais\/encontre-aqui\/paises\/multinacional\/programa-de-estudantes-convenio-de-pos-graduacao-pec-pg\"><strong>PECPG\/CAPES<\/strong><\/a><\/li>\n\n\n\n<li>conv\u00eanio internacional com a UFSM, existindo duas possibilidades:\n<ol class=\"wp-block-list\">\n<li>um&nbsp;<strong><a href=\"https:\/\/www.ufsm.br\/orgaos-de-apoio\/sai\/mobilities-through-bilateral-agreements\/\">convenio bilateral<\/a><\/strong>&nbsp;com uma&nbsp;<a href=\"https:\/\/www.ufsm.br\/orgaos-de-apoio\/sai\/convenios-bilaterais-ativos\/\"><strong>universidade parceira<\/strong><\/a>.<\/li>\n\n\n\n<li>Programa de interc\u00e2mbios internacionais, como, por exemplo, o&nbsp;<strong><a href=\"https:\/\/www.gcub.org.br\/programas\/prolac\/\">PROLAC<\/a><\/strong>&nbsp;ou da&nbsp;&nbsp;<strong><a href=\"https:\/\/www.ufsm.br\/orgaos-de-apoio\/sai\/candidatos-estrangeiros\/\">Associaci\u00f3n de Universidades Grupo Montevid\u00e9o (AUGM)<\/a><\/strong><\/li>\n\n\n\n<li>Outras modalidades ou informa\u00e7\u00f5es no site da&nbsp;<a href=\"https:\/\/www.ufsm.br\/orgaos-de-apoio\/sai\/\"><strong>SAI\/UFSM<\/strong><\/a><strong>.<\/strong><\/li>\n<\/ol>\n<\/li>\n<\/ol>\n<\/li>\n<\/ol>\n\n\n\n<p>Para ingressar pela alternativa (b), a sele\u00e7\u00e3o \u00e9 simplificada e os estudantes estrangeiros devem seguir as instru\u00e7\u00f5es descritas em&nbsp;<a href=\"https:\/\/www.ufsm.br\/cursos\/pos-graduacao\/santa-maria\/ppgec\/ingresso-simplificado-de-aluno-estrangeiro\/\">https:\/\/www.ufsm.br\/cursos\/pos-graduacao\/santa-maria\/ppgec\/ingresso-simplificado-de-aluno-estrangeiro\/<\/a><\/p>\n\n\n\n<p><strong>Cursar disciplinas no PPGEAmb<\/strong><\/p>\n\n\n\n<p>O aluno nacional ou estrangeiro matriculado em outro Programa de P\u00f3s-gradua\u00e7\u00e3o poder\u00e1 cursar disciplinas avulsas no PPGEAmb. Essa modalidade na UFSM se denomina aluno especial. Mais informa\u00e7\u00f5es em<a rel=\"noreferrer noopener\" href=\"https:\/\/www.ufsm.br\/cursos\/pos-graduacao\/santa-maria\/ppgeamb\/aluno-especial\" target=\"_blank\"> Aluno Especial.<\/a><\/p>\n\n\n\n<p>Tamb\u00e9m s\u00e3o ofertadas disciplinas do PPGEAmb atrav\u00e9s do&nbsp;<strong><a href=\"http:\/\/grupomontevideo.org\/sitio\/piloto-de-movilidad-virtual-de-estudiantes-de-posgrado\/piloto-posgrado-universidades-de-destino\/\">Programa Piloto de Mobilidade Virtual da Associa\u00e7\u00e3o de Universidades Grupo Montevid\u00e9u (AUGM)<\/a><\/strong>&nbsp;para Estudantes de P\u00f3s-gradua\u00e7\u00e3o externos (nacionais e estrangeiros). O processo ocorre conforme os crit\u00e9rios estabelecidos em editais espec\u00edficos. Pode conferir a lista completa de universidades participantes e as disciplinas que est\u00e3o sendo ofertadas em&nbsp;<a href=\"http:\/\/grupomontevideo.org\/sitio\/piloto-de-movilidad-virtual-de-estudiantes-de-posgrado\/piloto-posgrado-universidades-de-destino\/\">http:\/\/grupomontevideo.org\/sitio\/piloto-de-movilidad-virtual-de-estudiantes-de-posgrado\/piloto-posgrado-universidades-de-destino\/<\/a><\/p>\n\n\n\n<p><strong>Realizar parte de suas pesquisas junto a professores e laborat\u00f3rios do PPGEAmb<\/strong><\/p>\n\n\n\n<p>Atrav\u00e9s do&nbsp;<strong>Programa de Mestrado e Doutorado Sandu\u00edche<\/strong>&nbsp;<strong>no PPGEAmb<\/strong>&nbsp;se oferece a alunos estrangeiros a oportunidade de ampliar seus conhecimentos e participar de uma viv\u00eancia de especializa\u00e7\u00e3o no exterior. O mestrado sandu\u00edche possibilita que o estudante realize uma parte do curso em outra institui\u00e7\u00e3o do exterior, no caso o PPGEAmb. Importante mencionar que a oportunidade existe tamb\u00e9m para alunos de Programas de P\u00f3s-gradua\u00e7\u00e3o de outras IES nacionais.<\/p>\n\n\n\n<p>Realizar o mestrado ou doutorado nessa modalidade \u00e9 uma experi\u00eancia que agrega na vida pessoal e profissional do estudante. Ainda, permite que mestrando ou doutorando possa utilizar os laborat\u00f3rios do PPGEAmb, conversar com professores e conhecer profissionais experientes em sua \u00e1rea.<\/p>\n\n\n\n<p>Al\u00e9m disso, o estudante vivenciar\u00e1 uma experi\u00eancia internacional onde poder\u00e1 conhecer outras culturas, treinar um novo idioma e expandir a sua rede de&nbsp;<a href=\"https:\/\/educamaisbrasil.com.br\/educacao\/noticias\/networking-a-importancia-para-a-profissao\">networking<\/a>. Para isso, o estudante deve estar focado nessa nova viv\u00eancia e se dedique a conhecer&nbsp;<a href=\"https:\/\/www.ufsm.br\/orgaos-de-apoio\/sai\/what-the-university-offers\/\">tudo o que a universidade e o local t\u00eam a oferecer<\/a>.&nbsp;<\/p>\n\n\n\n<p>Esteja ciente que:<\/p>\n\n\n\n<ol class=\"wp-block-list\">\n<li>Como a atividade envolve recursos e uso de laborat\u00f3rios, os candidatos a mestrado e doutorado sandu\u00edches devem conversar sobre a possibilidade diretamente com os&nbsp;<a href=\"https:\/\/www.ufsm.br\/cursos\/pos-graduacao\/santa-maria\/ppgeamb\/docentes\" target=\"_blank\" rel=\"noreferrer noopener\">professores orientadores<\/a>&nbsp;do PPGEAmb, que, pela sua vez, iniciar\u00e3o os contatos com a Secretaria do PPGEAmb.<\/li>\n\n\n\n<li>Para essas atividades, o aluno estrangeiro dever\u00e1 buscar bolsa de estudos para custear-se durante o per\u00edodo no Brasil, em programas de seu pa\u00eds de origem, institui\u00e7\u00f5es internacionais, ou conv\u00eanios do Brasil (por exemplo, o programa&nbsp;<a href=\"https:\/\/www.gov.br\/capes\/pt-br\/acesso-a-informacao\/acoes-e-programas\/bolsas\/bolsas-e-auxilios-internacionais\/encontre-aqui\/paises\/multinacional\/programa-de-estudantes-convenio-de-pos-graduacao-pec-pg\">PECPG\/CAPES<\/a>,). Lamentavelmente, o PPGEAmb n\u00e3o disp\u00f5e de informa\u00e7\u00f5es completas e atualizadas sobre estas op\u00e7\u00f5es.<\/li>\n<\/ol>\n","protected":false},"excerpt":{"rendered":"<p>Alunos estrangeiros podem ingressar no PPGEAMB nos cursos de mestrado e doutorado ou simplesmente cursar disciplinas, ou realizar parte de suas pesquisas junto a professores do PPGEAMB (denominado no Brasil como per\u00edodo sandu\u00edche). A concess\u00e3o de matr\u00edcula do aluno-estrangeiro no \u00e2mbito da UFSM est\u00e1 regulamentada pela RESOLU\u00c7\u00c3O N. 010\/2008. O PPGEAmb oferece acesso a estudantes [&hellip;]<\/p>\n","protected":false},"author":883,"featured_media":0,"parent":0,"menu_order":0,"comment_status":"closed","ping_status":"closed","template":"","meta":{"footnotes":""},"categories":[],"tags":[],"class_list":["post-1036","page","type-page","status-publish","hentry"],"acf":[],"_links":{"self":[{"href":"https:\/\/www.ufsm.br\/cursos\/pos-graduacao\/santa-maria\/ppgeamb\/wp-json\/wp\/v2\/pages\/1036","targetHints":{"allow":["GET"]}}],"collection":[{"href":"https:\/\/www.ufsm.br\/cursos\/pos-graduacao\/santa-maria\/ppgeamb\/wp-json\/wp\/v2\/pages"}],"about":[{"href":"https:\/\/www.ufsm.br\/cursos\/pos-graduacao\/santa-maria\/ppgeamb\/wp-json\/wp\/v2\/types\/page"}],"author":[{"embeddable":true,"href":"https:\/\/www.ufsm.br\/cursos\/pos-graduacao\/santa-maria\/ppgeamb\/wp-json\/wp\/v2\/users\/883"}],"replies":[{"embeddable":true,"href":"https:\/\/www.ufsm.br\/cursos\/pos-graduacao\/santa-maria\/ppgeamb\/wp-json\/wp\/v2\/comments?post=1036"}],"version-history":[{"count":0,"href":"https:\/\/www.ufsm.br\/cursos\/pos-graduacao\/santa-maria\/ppgeamb\/wp-json\/wp\/v2\/pages\/1036\/revisions"}],"wp:attachment":[{"href":"https:\/\/www.ufsm.br\/cursos\/pos-graduacao\/santa-maria\/ppgeamb\/wp-json\/wp\/v2\/media?parent=1036"}],"wp:term":[{"taxonomy":"category","embeddable":true,"href":"https:\/\/www.ufsm.br\/cursos\/pos-graduacao\/santa-maria\/ppgeamb\/wp-json\/wp\/v2\/categories?post=1036"},{"taxonomy":"post_tag","embeddable":true,"href":"https:\/\/www.ufsm.br\/cursos\/pos-graduacao\/santa-maria\/ppgeamb\/wp-json\/wp\/v2\/tags?post=1036"}],"curies":[{"name":"wp","href":"https:\/\/api.w.org\/{rel}","templated":true}]}}